{"id":30115,"date":"2026-02-22T05:48:37","date_gmt":"2026-02-22T05:48:37","guid":{"rendered":"https:\/\/comprasyconsejos.store\/product\/xiaomi-poco-m7-6128gb-smartphone-50mp-dual-camera-with-ai-6-9-fhd-immersive-screen-snapdragon-685-33w-quick-charge-and-18w-reversible-charger-not-included-blue-es-version\/"},"modified":"2026-02-22T05:48:38","modified_gmt":"2026-02-22T05:48:38","slug":"xiaomi-poco-m7-6128gb-smartphone-50mp-dual-camera-with-ai-6-9-fhd-immersive-screen-snapdragon-685-33w-quick-charge-and-18w-reversible-charger-not-included-blue-es-version","status":"publish","type":"product","link":"https:\/\/comprasyconsejos.store\/en\/product\/xiaomi-poco-m7-6128gb-smartphone-50mp-dual-camera-with-ai-6-9-fhd-immersive-screen-snapdragon-685-33w-quick-charge-and-18w-reversible-charger-not-included-blue-es-version\/","title":{"rendered":"XIAOMI POCO M7 6+128GB Smartphone, 50MP Dual Camera with AI, 6.9&#8243; FHD+ Immersive Screen, Snapdragon 685, 33W Quick Charge and 18W Reversible, Charger Not Included, Blue (ES Version)"},"content":{"rendered":"<p>Price: <span style=\"color:#b12704\"><del>\u20ac129.99<\/del> - \u20ac119.99<\/span><br \/><i><small>(as of Feb 22, 2026 05:48:37 UTC &#8211; <span class=\"wp_automatic_amazon_disclaimer\" title=\"Product prices and availability are accurate as of the date\/time indicated and are subject to change. Any price and availability information displayed on [relevant Amazon Site(s), as applicable] at the time of purchase will apply to the purchase of this product.\">Details<\/span>)<\/small><\/i><\/p>\n<p><a href=\"https:\/\/amazon.es\/dp\/B0FFH1MF4B?tag=man008-21\"><img decoding=\"async\" src=\"https:\/\/valvepress.s3.amazonaws.com\/imgs\/buy_now.png\"><\/a><br \/>\n<\/p>\n<p>                                             From the brand   <\/p>\n<p>                                              <img decoding=\"async\" alt=\"El texto dice \u00abImagen 3\u00bb, \u00abSerie REDMI Note 16\u00bb. Varias vistas de un smartphone de color oscuro, que muestran diferentes \u00e1ngulos del dispositivo.\" src=\"https:\/\/images-na.ssl-images-amazon.com\/images\/G\/01\/x-locale\/common\/grey-pixel.gif\" class=\"a-lazy-loaded\" data-src=\"https:\/\/m.media-amazon.com\/images\/S\/aplus-media-library-service-media\/0c545ed7-5132-44f3-be57-1ba5c4478a37.__CR0,0,1464,625_PT0_SX1464_V1___.jpg\"><img decoding=\"async\" alt=\"El texto dice \u00abImagen 3\u00bb, \u00abSerie REDMI Note 16\u00bb. Varias vistas de un smartphone de color oscuro, que muestran diferentes \u00e1ngulos del dispositivo.\" src=\"https:\/\/m.media-amazon.com\/images\/S\/aplus-media-library-service-media\/0c545ed7-5132-44f3-be57-1ba5c4478a37.__CR0,0,1464,625_PT0_SX1464_V1___.jpg\">  <\/p>\n<h3> REDMI Note 15 Series <\/h3>\n<p class=\"apm-brand-story-stores-link\">\n<p>                                              <img decoding=\"async\" alt=\"El texto dice \u00abSi\u00e9ntete como un tit\u00e1n\u00bb. Persona acostada boca abajo mirando un dispositivo m\u00f3vil en una habitaci\u00f3n con poca luz y una iluminaci\u00f3n ambiental c\u00e1lida.\" src=\"https:\/\/images-na.ssl-images-amazon.com\/images\/G\/01\/x-locale\/common\/grey-pixel.gif\" class=\"a-lazy-loaded\" data-src=\"https:\/\/m.media-amazon.com\/images\/S\/aplus-media-library-service-media\/3e5f0249-a7d0-4f88-9760-9edd1765e2e6.__CR0,0,362,453_PT0_SX362_V1___.jpg\"><img decoding=\"async\" alt=\"El texto dice \u00abSi\u00e9ntete como un tit\u00e1n\u00bb. Persona acostada boca abajo mirando un dispositivo m\u00f3vil en una habitaci\u00f3n con poca luz y una iluminaci\u00f3n ambiental c\u00e1lida.\" src=\"https:\/\/m.media-amazon.com\/images\/S\/aplus-media-library-service-media\/3e5f0249-a7d0-4f88-9760-9edd1765e2e6.__CR0,0,362,453_PT0_SX362_V1___.jpg\">  <\/p>\n<h3> POCO M8 Series <\/h3>\n<p class=\"apm-brand-story-stores-link\">\n<p>                                              <img decoding=\"async\" alt=\"El texto dice \u00abPOCO M3 Pro\u00bb y \u00abAll power\u00bb. Todos juegan. Se muestra el smartphone con un cable de carga amarillo sobre un fondo oscuro.\" src=\"https:\/\/images-na.ssl-images-amazon.com\/images\/G\/01\/x-locale\/common\/grey-pixel.gif\" class=\"a-lazy-loaded\" data-src=\"https:\/\/m.media-amazon.com\/images\/S\/aplus-media-library-service-media\/a1fbf0a3-e2bb-4cf3-9ca3-387ed456bb3b.__CR0,0,362,453_PT0_SX362_V1___.jpg\"><img decoding=\"async\" alt=\"El texto dice \u00abPOCO M3 Pro\u00bb y \u00abAll power\u00bb. Todos juegan. Se muestra el smartphone con un cable de carga amarillo sobre un fondo oscuro.\" src=\"https:\/\/m.media-amazon.com\/images\/S\/aplus-media-library-service-media\/a1fbf0a3-e2bb-4cf3-9ca3-387ed456bb3b.__CR0,0,362,453_PT0_SX362_V1___.jpg\">  <\/p>\n<p>                                              <img decoding=\"async\" alt=\"\" src=\"https:\/\/images-na.ssl-images-amazon.com\/images\/G\/01\/x-locale\/common\/grey-pixel.gif\" class=\"a-lazy-loaded\" data-src=\"https:\/\/m.media-amazon.com\/images\/S\/aplus-media-library-service-media\/e15e46bd-7821-4bcc-9d4a-f899b86cc79f.__CR0,0,362,453_PT0_SX362_V1___.png\"><img decoding=\"async\" alt=\"\" src=\"https:\/\/m.media-amazon.com\/images\/S\/aplus-media-library-service-media\/e15e46bd-7821-4bcc-9d4a-f899b86cc79f.__CR0,0,362,453_PT0_SX362_V1___.png\">  <\/p>\n<h3> REDMI Pad <\/h3>\n<h3> REDMI PAD <\/h3>\n<p class=\"apm-brand-story-stores-link\">\n<p> Batteries                                            \u200f                                            :                                            \u200e                                            1 AAA batteries required. (included)   <br \/> Language                                            \u200f                                            :                                            \u200e                                            English, French, German, Italian, Mandarin Chinese   <br \/> Package Dimensions                                            \u200f                                            :                                            \u200e                                            18.4 x 9.9 x 4.7 cm; 450 g   <br \/> Date First Available                                            \u200f                                            :                                            \u200e                                            19 Aug. 2025   <br \/> Manufacturer                                            \u200f                                            :                                            \u200e                                            Xiaomi   <br \/> ASIN                                            \u200f                                            :                                            \u200e                                            B0FFH1MF4B   <br \/> Item model number                                            \u200f                                            :                                            \u200e                                            MZB0M9DEU   <br \/> Country of origin                                            \u200f                                            :                                            \u200e                                            Spain   <br \/>       Best Sellers Rank:  81 in Electronics (See Top 100 in Electronics)    10 in SIM-Free &#038; Unlocked Mobile Phones      <br \/>  Customer reviews:                                                                                            4.1               4.1 out of 5 stars                                  (387)                                              var dpAcrHasRegisteredArcLinkClickAction;                    P.when(&#8216;A&#8217;, &#8216;ready&#8217;).execute(function(A) {                        if (dpAcrHasRegisteredArcLinkClickAction !== true) {                            dpAcrHasRegisteredArcLinkClickAction = true;                            A.declarative(                                &#8216;acrLink-click-metrics&#8217;, &#8216;click&#8217;,                                { \u00aballowLinkDefault\u00bb: true },                                function (event) {                                    if (window.ue) {                                        ue.count(\u00abacrLinkClickCount\u00bb, (ue.count(\u00abacrLinkClickCount\u00bb) || 0) + 1);                                    }                                }                            );                        }                    });                                             P.when(&#8216;A&#8217;, &#8216;cf&#8217;).execute(function(A) {                A.declarative(&#8216;acrStarsLink-click-metrics&#8217;, &#8216;click&#8217;, { \u00aballowLinkDefault\u00bb : true },  function(event){                    if(window.ue) {                        ue.count(\u00abacrStarsLinkWithPopoverClickCount\u00bb, (ue.count(\u00abacrStarsLinkWithPopoverClickCount\u00bb) || 0) + 1);                    }                });            });                          <\/p>\n<p>\u3010Huge 7000mAh Battery\u3011POCO&#8217;s largest capacity battery to date offers exceptionally long and unprecedented battery life<br \/>\u30106.9 Inch Large Screen\u3011Equipped with a large screen and FHD+ clarity, the device offers vivid colors and a wide viewing angle, which ensures an immersive gaming and video experience<br \/>\u30109-Level 144Hz Adaptive Refresh Rate\u3011Screen intelligently adapts to different scenarios, providing a fluid and responsive visual experience that improves viewing comfort<br \/>\u3010Powerful Snapdragon 685 Processor\u3011The POCO M7 is based on an efficient 6nm process and delivers stable performance with improved efficiency and lower power consumption<br \/>\u301050MP AI Dual Camera System\u3011With the 50MP main camera, you can effortlessly capture photos with vivid colors, amazing clarity and high dynamic range<\/p>\n\n","protected":false},"excerpt":{"rendered":"<p> From the brand REDMI Note 15 Series POCO M8 Series REDMI Pad REDMI PAD Batteries<\/p>","protected":false},"featured_media":30116,"comment_status":"open","ping_status":"closed","template":"","meta":[],"product_brand":[],"product_cat":[100],"product_tag":[6116,5987,2470,1890,5983,1891,1896,367,1893,681,335,152,298,639,8755,415,1892,1889,1888,5556,301,2699,842,1897,1894,1895,1588,1697,724,5338],"class_list":{"0":"post-30115","1":"product","2":"type-product","3":"status-publish","4":"has-post-thumbnail","6":"product_cat-smartphones","7":"product_tag-18w","8":"product_tag-33w","9":"product_tag-50mp","10":"product_tag-5g-smartphones","11":"product_tag-6128gb","12":"product_tag-android-phones","13":"product_tag-best-smartphones","14":"product_tag-blue","15":"product_tag-budget-smartphones","16":"product_tag-camera","17":"product_tag-charge","18":"product_tag-charger","19":"product_tag-dual","20":"product_tag-fhd","21":"product_tag-immersive","22":"product_tag-included","23":"product_tag-iphone-smartphones","24":"product_tag-latest-smartphones","25":"product_tag-mobile-phones","26":"product_tag-poco","27":"product_tag-quick","28":"product_tag-reversible","29":"product_tag-screen","30":"product_tag-smartphone","31":"product_tag-smartphone-deals","32":"product_tag-smartphone-price","33":"product_tag-smartphones","34":"product_tag-snapdragon","35":"product_tag-version","36":"product_tag-xiaomi","38":"first","39":"instock","40":"sale","41":"shipping-taxable","42":"product-type-external"},"_links":{"self":[{"href":"https:\/\/comprasyconsejos.store\/en\/wp-json\/wp\/v2\/product\/30115","targetHints":{"allow":["GET"]}}],"collection":[{"href":"https:\/\/comprasyconsejos.store\/en\/wp-json\/wp\/v2\/product"}],"about":[{"href":"https:\/\/comprasyconsejos.store\/en\/wp-json\/wp\/v2\/types\/product"}],"replies":[{"embeddable":true,"href":"https:\/\/comprasyconsejos.store\/en\/wp-json\/wp\/v2\/comments?post=30115"}],"version-history":[{"count":0,"href":"https:\/\/comprasyconsejos.store\/en\/wp-json\/wp\/v2\/product\/30115\/revisions"}],"wp:featuredmedia":[{"embeddable":true,"href":"https:\/\/comprasyconsejos.store\/en\/wp-json\/wp\/v2\/media\/30116"}],"wp:attachment":[{"href":"https:\/\/comprasyconsejos.store\/en\/wp-json\/wp\/v2\/media?parent=30115"}],"wp:term":[{"taxonomy":"product_brand","embeddable":true,"href":"https:\/\/comprasyconsejos.store\/en\/wp-json\/wp\/v2\/product_brand?post=30115"},{"taxonomy":"product_cat","embeddable":true,"href":"https:\/\/comprasyconsejos.store\/en\/wp-json\/wp\/v2\/product_cat?post=30115"},{"taxonomy":"product_tag","embeddable":true,"href":"https:\/\/comprasyconsejos.store\/en\/wp-json\/wp\/v2\/product_tag?post=30115"}],"curies":[{"name":"wp","href":"https:\/\/api.w.org\/{rel}","templated":true}]}}