{"id":30121,"date":"2026-02-22T05:56:31","date_gmt":"2026-02-22T05:56:31","guid":{"rendered":"https:\/\/comprasyconsejos.store\/product\/kingspec-ssd-2tb-m-2-sata-2280-ssd-3d-nand-flash-internal-solid-state-drive-for-laptop-and-desktop\/"},"modified":"2026-02-22T05:56:33","modified_gmt":"2026-02-22T05:56:33","slug":"kingspec-ssd-2tb-m-2-sata-2280-ssd-3d-nand-flash-internal-solid-state-drive-for-laptop-and-desktop","status":"publish","type":"product","link":"https:\/\/comprasyconsejos.store\/en\/product\/kingspec-ssd-2tb-m-2-sata-2280-ssd-3d-nand-flash-internal-solid-state-drive-for-laptop-and-desktop\/","title":{"rendered":"Kingspec SSD 2TB, M.2 SATA 2280 SSD &#8211; 3D NAND Flash, Internal Solid State Drive for Laptop and Desktop"},"content":{"rendered":"<p>Price: <span style=\"color:#b12704\">\u20ac196.49<\/span><br \/><i><small>(as of Feb 22, 2026 05:56:31 UTC &#8211; <span class=\"wp_automatic_amazon_disclaimer\" title=\"Product prices and availability are accurate as of the date\/time indicated and are subject to change. Any price and availability information displayed on [relevant Amazon Site(s), as applicable] at the time of purchase will apply to the purchase of this product.\">Details<\/span>)<\/small><\/i><\/p>\n<p><a href=\"https:\/\/amazon.es\/dp\/B0BRSJCYJ5?tag=man008-21\"><img decoding=\"async\" src=\"https:\/\/valvepress.s3.amazonaws.com\/imgs\/buy_now.png\"><\/a><br \/>\n<\/p>\n<p>                                             From the brand   <\/p>\n<p>                                              <img decoding=\"async\" alt=\"kingspec ssd\" src=\"https:\/\/images-na.ssl-images-amazon.com\/images\/G\/01\/x-locale\/common\/grey-pixel.gif\" class=\"a-lazy-loaded\" data-src=\"https:\/\/m.media-amazon.com\/images\/S\/aplus-media-library-service-media\/d3ffbf7e-c570-4f4b-8ad2-1208ae60b271.__CR0,0,1464,625_PT0_SX1464_V1___.jpg\"><img decoding=\"async\" alt=\"kingspec ssd\" src=\"https:\/\/m.media-amazon.com\/images\/S\/aplus-media-library-service-media\/d3ffbf7e-c570-4f4b-8ad2-1208ae60b271.__CR0,0,1464,625_PT0_SX1464_V1___.jpg\">  <\/p>\n<p>                                              <img decoding=\"async\" alt=\"\" src=\"https:\/\/images-na.ssl-images-amazon.com\/images\/G\/01\/x-locale\/common\/grey-pixel.gif\" class=\"a-lazy-loaded\" data-src=\"https:\/\/m.media-amazon.com\/images\/S\/aplus-media-library-service-media\/1db2ae91-aabc-4b11-8956-edcda08aed64.__CR0,0,315,145_PT0_SX315_V1___.png\"><img decoding=\"async\" alt=\"\" src=\"https:\/\/m.media-amazon.com\/images\/S\/aplus-media-library-service-media\/1db2ae91-aabc-4b11-8956-edcda08aed64.__CR0,0,315,145_PT0_SX315_V1___.png\">  <\/p>\n<p> KingSpec, establecida en 2007, es un actor l\u00edder dedicado al ciclo de vida integral de las soluciones de almacenamiento inform\u00e1tico. Con un fuerte enfoque en el dise\u00f1o, la investigaci\u00f3n, el desarrollo, la fabricaci\u00f3n y las ventas, KingSpec se destaca como un fabricante de primer nivel en la industria. <\/p>\n<p> L\u00edneas de producto: <\/p>\n<p> SATA SSDNVMe SSDDDR RAM <\/p>\n<p> La calidad del producto es una prioridad para KingSpec, evidente en sus certificaciones, incluidas CE, FCC, RoHS, REACH y KC. <\/p>\n<h3> KingSpec SATA iii SSD de 6 Gbps <\/h3>\n<h3> KingSpec NVMe SSD <\/h3>\n<p>                                              <img decoding=\"async\" alt=\"ssd nvme\" src=\"https:\/\/images-na.ssl-images-amazon.com\/images\/G\/01\/x-locale\/common\/grey-pixel.gif\" class=\"a-lazy-loaded\" data-src=\"https:\/\/m.media-amazon.com\/images\/S\/aplus-media-library-service-media\/0364ab9d-aa12-40b0-81bf-0a3b7b23578f.__CR0,0,362,453_PT0_SX362_V1___.jpg\"><img decoding=\"async\" alt=\"ssd nvme\" src=\"https:\/\/m.media-amazon.com\/images\/S\/aplus-media-library-service-media\/0364ab9d-aa12-40b0-81bf-0a3b7b23578f.__CR0,0,362,453_PT0_SX362_V1___.jpg\">  <\/p>\n<p> Package Dimensions                                            \u200f                                            :                                            \u200e                                            10 x 6.1 x 1.7 cm; 19 g   <br \/> Manufacturer                                            \u200f                                            :                                            \u200e                                            KingSpec   <br \/> ASIN                                            \u200f                                            :                                            \u200e                                            B0BRSJCYJ5   <br \/> Item model number                                            \u200f                                            :                                            \u200e                                            KSSD2T2280   <br \/> Country of origin                                            \u200f                                            :                                            \u200e                                            China   <br \/> Guaranteed software updates until                                            \u200f                                            :                                            \u200e                                            unknown   <br \/>  Customer reviews:                                                                                            4.4               4.4 out of 5 stars                                  (1,293)                                              var dpAcrHasRegisteredArcLinkClickAction;                    P.when(&#8216;A&#8217;, &#8216;ready&#8217;).execute(function(A) {                        if (dpAcrHasRegisteredArcLinkClickAction !== true) {                            dpAcrHasRegisteredArcLinkClickAction = true;                            A.declarative(                                &#8216;acrLink-click-metrics&#8217;, &#8216;click&#8217;,                                { \u00aballowLinkDefault\u00bb: true },                                function (event) {                                    if (window.ue) {                                        ue.count(\u00abacrLinkClickCount\u00bb, (ue.count(\u00abacrLinkClickCount\u00bb) || 0) + 1);                                    }                                }                            );                        }                    });                                             P.when(&#8216;A&#8217;, &#8216;cf&#8217;).execute(function(A) {                A.declarative(&#8216;acrStarsLink-click-metrics&#8217;, &#8216;click&#8217;, { \u00aballowLinkDefault\u00bb : true },  function(event){                    if(window.ue) {                        ue.count(\u00abacrStarsLinkWithPopoverClickCount\u00bb, (ue.count(\u00abacrStarsLinkWithPopoverClickCount\u00bb) || 0) + 1);                    }                });            });                          <\/p>\n<p>Fast and Extraordinary &#8211; The M.2 NGFF (SATA III 6Gb\/s) interface delivers impressive performance for your daily computing tasks, with a sequential read speed of up to 560MB\/s and a sequential write speed of up to 540MB\/s, making it 5x faster than hard drives.<br \/>Outstanding Performance &#8211; Kingspec m.2 2280 sata SSD supports advanced garbage collection, S.M.A.R.T, wear leveling, TRIM, overprovisioning, faulty block management and ECC technologies, giving it longer life and superior performance.<br \/>Wide Compatibility: Compatible with various desktop or laptop computers that have m.2 SATA interface, such as Lenovo models B5400, B4400, M5400, K2450, K4450A, G410, E431, E531, HP 820G1, 430G2, 650G1, Sony VAI-series O PRO 13, etc. Note: Not compatible with Macbook\/iMac. If you are not sure whether it is compatible with our product, please contact us before purchasing.<br \/>Multiple capacities to choose: 128GB\/256GB\/512GB\/1TB\/2TB\/4TB Store large amounts of files, photos and videos securely, and you won&#8217;t have to worry about storage space.<br \/>After-Sales Service: Buy 2280 ngff SSD and enjoy our 3-year free warranty service. We also offer free lifetime technical support. If you have any questions while using our KingSpec SSD, please feel free to contact our professional customer support team.<br \/>Note: This item is M.2 SATA3 interface, not compatible with M.2 NVMe interface. Please check that your device is compatible with M.2 SATA3 before purchasing. Refer to your computer&#8217;s user manual, motherboard specifications, or software tools such as CrystalDiskInfo to confirm compatibility. If you are not sure, please contact us with your device model for help.<\/p>\n\n","protected":false},"excerpt":{"rendered":"<p> From the brand KingSpec, establecida en 2007, es un actor l\u00edder dedicado al ciclo de<\/p>","protected":false},"featured_media":30122,"comment_status":"open","ping_status":"closed","template":"","meta":[],"product_brand":[],"product_cat":[81],"product_tag":[1455,909,1457,1468,787,795,2598,1461,1120,4676,159,1119,1459,1644,1452,1465,1646,1463,812,513,1466,813],"class_list":{"0":"post-30121","1":"product","2":"type-product","3":"status-publish","4":"has-post-thumbnail","6":"product_cat-ssd-drive","7":"product_tag-1tb-ssd","8":"product_tag-2tb","9":"product_tag-512gb-ssd","10":"product_tag-best-ssd","11":"product_tag-desktop","12":"product_tag-drive","13":"product_tag-flash","14":"product_tag-gaming-ssd","15":"product_tag-internal","16":"product_tag-kingspec","17":"product_tag-laptop","18":"product_tag-m-2","19":"product_tag-m-2-ssd","20":"product_tag-nand","21":"product_tag-nvme-ssd","22":"product_tag-portable-ssd","23":"product_tag-sata","24":"product_tag-sata-ssd","25":"product_tag-solid","26":"product_tag-ssd","27":"product_tag-ssd-price","28":"product_tag-state","30":"first","31":"instock","32":"shipping-taxable","33":"product-type-external"},"_links":{"self":[{"href":"https:\/\/comprasyconsejos.store\/en\/wp-json\/wp\/v2\/product\/30121","targetHints":{"allow":["GET"]}}],"collection":[{"href":"https:\/\/comprasyconsejos.store\/en\/wp-json\/wp\/v2\/product"}],"about":[{"href":"https:\/\/comprasyconsejos.store\/en\/wp-json\/wp\/v2\/types\/product"}],"replies":[{"embeddable":true,"href":"https:\/\/comprasyconsejos.store\/en\/wp-json\/wp\/v2\/comments?post=30121"}],"version-history":[{"count":0,"href":"https:\/\/comprasyconsejos.store\/en\/wp-json\/wp\/v2\/product\/30121\/revisions"}],"wp:featuredmedia":[{"embeddable":true,"href":"https:\/\/comprasyconsejos.store\/en\/wp-json\/wp\/v2\/media\/30122"}],"wp:attachment":[{"href":"https:\/\/comprasyconsejos.store\/en\/wp-json\/wp\/v2\/media?parent=30121"}],"wp:term":[{"taxonomy":"product_brand","embeddable":true,"href":"https:\/\/comprasyconsejos.store\/en\/wp-json\/wp\/v2\/product_brand?post=30121"},{"taxonomy":"product_cat","embeddable":true,"href":"https:\/\/comprasyconsejos.store\/en\/wp-json\/wp\/v2\/product_cat?post=30121"},{"taxonomy":"product_tag","embeddable":true,"href":"https:\/\/comprasyconsejos.store\/en\/wp-json\/wp\/v2\/product_tag?post=30121"}],"curies":[{"name":"wp","href":"https:\/\/api.w.org\/{rel}","templated":true}]}}