{"id":30139,"date":"2026-02-22T06:05:08","date_gmt":"2026-02-22T06:05:08","guid":{"rendered":"https:\/\/comprasyconsejos.store\/product\/msi-geforce-rtx-5080-16g-gaming-trio-oc-white\/"},"modified":"2026-02-22T06:05:17","modified_gmt":"2026-02-22T06:05:17","slug":"msi-geforce-rtx-5080-16g-gaming-trio-oc-white","status":"publish","type":"product","link":"https:\/\/comprasyconsejos.store\/en\/product\/msi-geforce-rtx-5080-16g-gaming-trio-oc-white\/","title":{"rendered":"MSI GeForce RTX 5080 16G GAMING TRIO OC WHITE"},"content":{"rendered":"<p>Price: <span style=\"color:#b12704\">\u20ac1,687.15<\/span><br \/><i><small>(as of Feb 22, 2026 06:05:09 UTC &#8211; <span class=\"wp_automatic_amazon_disclaimer\" title=\"Product prices and availability are accurate as of the date\/time indicated and are subject to change. Any price and availability information displayed on [relevant Amazon Site(s), as applicable] at the time of purchase will apply to the purchase of this product.\">Details<\/span>)<\/small><\/i><\/p>\n<p><a href=\"https:\/\/amazon.es\/dp\/B0DQGB8FTQ?tag=man008-21\"><img decoding=\"async\" src=\"https:\/\/valvepress.s3.amazonaws.com\/imgs\/buy_now.png\"><\/a><br \/>\n<\/p>\n<p>                                             From the manufacturer   <\/p>\n<p>                                                  <img decoding=\"async\" alt=\"GeForce RTX 50 Series Graphics Cards\" src=\"https:\/\/images-na.ssl-images-amazon.com\/images\/G\/01\/x-locale\/common\/grey-pixel.gif\" class=\"a-lazy-loaded\" data-src=\"https:\/\/m.media-amazon.com\/images\/S\/aplus-media\/vc\/8d6202f4-0daf-40d3-91ae-9b364c949f11.__CR0,0,1940,600_PT0_SX970_V1___.jpg\"><img decoding=\"async\" alt=\"GeForce RTX 50 Series Graphics Cards\" src=\"https:\/\/m.media-amazon.com\/images\/S\/aplus-media\/vc\/8d6202f4-0daf-40d3-91ae-9b364c949f11.__CR0,0,1940,600_PT0_SX970_V1___.jpg\">  <\/p>\n<p>                                                      <img decoding=\"async\" alt=\"GeForce RTX 5080 16G GAMING TRIO OC WHITE\" src=\"https:\/\/images-na.ssl-images-amazon.com\/images\/G\/01\/x-locale\/common\/grey-pixel.gif\" class=\"a-spacing-mini a-lazy-loaded\" data-src=\"https:\/\/m.media-amazon.com\/images\/S\/aplus-media\/vc\/1ab8f260-9761-4f92-9bfd-d89726d3b4bf.__CR0,0,600,800_PT0_SX300_V1___.jpg\"><img decoding=\"async\" alt=\"GeForce RTX 5080 16G GAMING TRIO OC WHITE\" src=\"https:\/\/m.media-amazon.com\/images\/S\/aplus-media\/vc\/1ab8f260-9761-4f92-9bfd-d89726d3b4bf.__CR0,0,600,800_PT0_SX300_V1___.jpg\">  <\/p>\n<p>                                                              <img decoding=\"async\" alt=\"MSI: For Gamers &amp;amp; Creators\" src=\"https:\/\/images-na.ssl-images-amazon.com\/images\/G\/01\/x-locale\/common\/grey-pixel.gif\" class=\"a-spacing-mini a-lazy-loaded\" data-src=\"https:\/\/m.media-amazon.com\/images\/S\/aplus-media\/vc\/114fa35d-9063-4a70-a19b-1a84ab6eba49.__CR0,0,350,175_PT0_SX350_V1___.png\"><img decoding=\"async\" alt=\"MSI: For Gamers &amp;amp; Creators\" src=\"https:\/\/m.media-amazon.com\/images\/S\/aplus-media\/vc\/114fa35d-9063-4a70-a19b-1a84ab6eba49.__CR0,0,350,175_PT0_SX350_V1___.png\">                                          MSI: For Gamers &amp; Creators                                 <\/p>\n<p class=\"a-spacing-small a-size-small a-color-secondary\"> MSI is one of the most trusted names in gaming and esports with countless hours and significant resources invested into premier esports leagues and tier-1 gaming teams. By supporting and working with the best of the best, MSI is able to integrate competitive gaming knowledge and aspirations with technological innovation to create new products that shatter today&#8217;s performance limits. <\/p>\n<h3 class=\"a-spacing-mini\"> GeForce RTX 5080 16G GAMING TRIO OC WHITE <\/h3>\n<p>                                          GeForce RTX 50 Series Graphics Cards                                     <\/p>\n<p class=\"a-spacing-base\"> Las GPU GeForce RTX Serie 50, impulsadas por NVIDIA Blackwell, brindan capacidades revolucionarias a jugadores y creadores. Equipadas con un nivel masivo de potencia de IA, las RTX Serie 50 permiten nuevas experiencias y una fidelidad gr\u00e1fica de nivel superior. Multiplica el rendimiento con NVIDIA DLSS 4, genera im\u00e1genes a una velocidad sin precedentes y da rienda suelta a tu creatividad con NVIDIA Studio. <\/p>\n<p>                                                          Powered by the NVIDIA Blackwell architecture and DLSS 4      <\/p>\n<p class=\"apm-text-center\">\n                                                      <img decoding=\"async\" alt=\"Lo \u00daltimo en Ray Tracing e IA\" src=\"https:\/\/images-na.ssl-images-amazon.com\/images\/G\/01\/x-locale\/common\/grey-pixel.gif\" class=\"a-lazy-loaded\" data-src=\"https:\/\/m.media-amazon.com\/images\/S\/aplus-media\/vc\/6fb20d4f-de42-4316-90d4-73cf39dce95c.__CR0,0,600,600_PT0_SX220_V1___.jpg\"><img decoding=\"async\" alt=\"Lo \u00daltimo en Ray Tracing e IA\" src=\"https:\/\/m.media-amazon.com\/images\/S\/aplus-media\/vc\/6fb20d4f-de42-4316-90d4-73cf39dce95c.__CR0,0,600,600_PT0_SX220_V1___.jpg\">  <\/p>\n<p>                                                    Lo \u00daltimo en Ray Tracing e IA                                     <\/p>\n<p class=\"a-size-small\">\n<p>NVIDIA RTX es la plataforma m\u00e1s avanzada de tecnolog\u00edas de trazado completo de rayos y renderizado neuronal. M\u00e1s de 700 juegos y aplicaciones utilizan RTX para ofrecer gr\u00e1ficos realistas y un rendimiento incre\u00edblemente r\u00e1pido con funciones de IA de \u00faltima generaci\u00f3n.<\/p>\n<p class=\"apm-text-center\">\n                                                      <img decoding=\"async\" alt=\"Velocidad Superior. Im\u00e1genes Superiores. Potenciado por IA\" src=\"https:\/\/images-na.ssl-images-amazon.com\/images\/G\/01\/x-locale\/common\/grey-pixel.gif\" class=\"a-lazy-loaded\" data-src=\"https:\/\/m.media-amazon.com\/images\/S\/aplus-media\/vc\/50954bc3-6ac3-437a-966f-d5e3d2b5b4b9.__CR0,0,600,600_PT0_SX220_V1___.jpg\"><img decoding=\"async\" alt=\"Velocidad Superior. Im\u00e1genes Superiores. Potenciado por IA\" src=\"https:\/\/m.media-amazon.com\/images\/S\/aplus-media\/vc\/50954bc3-6ac3-437a-966f-d5e3d2b5b4b9.__CR0,0,600,600_PT0_SX220_V1___.jpg\">  <\/p>\n<p>                                                    Velocidad Superior. Im\u00e1genes Superiores. Potenciado por IA                                     <\/p>\n<p class=\"a-size-small\">\n<p>NVIDIA DLSS es un revolucionario conjunto de tecnolog\u00edas de renderizado neuronal que utiliza la IA para aumentar los FPS, reducir la latencia y mejorar la calidad de imagen. DLSS 4 incorpora una nueva generaci\u00f3n de fotogramas m\u00faltiples y mejoras en la reconstrucci\u00f3n de rayos y la superresoluci\u00f3n.<\/p>\n<p class=\"apm-text-center\">\n                                                      <img decoding=\"async\" alt=\"Realismo que Cambia las Reglas del Juego\" src=\"https:\/\/images-na.ssl-images-amazon.com\/images\/G\/01\/x-locale\/common\/grey-pixel.gif\" class=\"a-lazy-loaded\" data-src=\"https:\/\/m.media-amazon.com\/images\/S\/aplus-media\/vc\/c6d823db-1903-4f20-9f24-2c5e70a39f3c.__CR0,0,600,600_PT0_SX220_V1___.jpg\"><img decoding=\"async\" alt=\"Realismo que Cambia las Reglas del Juego\" src=\"https:\/\/m.media-amazon.com\/images\/S\/aplus-media\/vc\/c6d823db-1903-4f20-9f24-2c5e70a39f3c.__CR0,0,600,600_PT0_SX220_V1___.jpg\">  <\/p>\n<p>                                                    Realismo que Cambia las Reglas del Juego                                     <\/p>\n<p class=\"a-size-small\">\n<p>Basadas en la arquitectura NVIDIA Blackwell, las GPU GeForce RTX Serie 50 proporcionan un realismo sin precedentes gracias al trazado completo de rayos. Disfruta de im\u00e1genes de calidad cinematogr\u00e1fica a una velocidad sin precedentes con los n\u00facleos RT de cuarta generaci\u00f3n y las tecnolog\u00edas de renderizado neuronal aceleradas con los n\u00facleos tensores de quinta generaci\u00f3n.<\/p>\n<p class=\"apm-text-center\">\n                                                      <img decoding=\"async\" alt=\"NVIDIA Potencia la IA Mundial. Y la Tuya\" src=\"https:\/\/images-na.ssl-images-amazon.com\/images\/G\/01\/x-locale\/common\/grey-pixel.gif\" class=\"a-lazy-loaded\" data-src=\"https:\/\/m.media-amazon.com\/images\/S\/aplus-media\/vc\/a2cb7df9-953b-4598-90ea-c5eade719cbd.__CR0,0,600,600_PT0_SX220_V1___.jpg\"><img decoding=\"async\" alt=\"NVIDIA Potencia la IA Mundial. Y la Tuya\" src=\"https:\/\/m.media-amazon.com\/images\/S\/aplus-media\/vc\/a2cb7df9-953b-4598-90ea-c5eade719cbd.__CR0,0,600,600_PT0_SX220_V1___.jpg\">  <\/p>\n<p>                                                    NVIDIA Potencia la IA Mundial. Y la Tuya                                     <\/p>\n<p class=\"a-size-small\"> P\u00e1sate a la IA avanzada con las GPU NVIDIA GeForce RTX y acelera tus juegos, la creaci\u00f3n, la productividad y el desarrollo. Gracias a los procesadores de IA integrados, dispondr\u00e1s de la tecnolog\u00eda de IA m\u00e1s avanzada en tu PC Windows. <\/p>\n<p class=\"apm-text-center\">\n                                                      <img decoding=\"async\" alt=\"TRI FROZR 4 Thermal Design\" src=\"https:\/\/images-na.ssl-images-amazon.com\/images\/G\/01\/x-locale\/common\/grey-pixel.gif\" class=\"a-lazy-loaded\" data-src=\"https:\/\/m.media-amazon.com\/images\/S\/aplus-media\/vc\/86d06931-10ff-4efa-8964-4754f5b29a89.__CR0,0,2000,2000_PT0_SX220_V1___.jpg\"><img decoding=\"async\" alt=\"TRI FROZR 4 Thermal Design\" src=\"https:\/\/m.media-amazon.com\/images\/S\/aplus-media\/vc\/86d06931-10ff-4efa-8964-4754f5b29a89.__CR0,0,2000,2000_PT0_SX220_V1___.jpg\">  <\/p>\n<p>                                                    TRI FROZR 4 Thermal Design                                     <\/p>\n<p class=\"a-size-small\">\n<p>Ventiladores mejorados, control de flujo de aire mejorado e innovaciones t\u00e9rmicas avanzadas que brindan un enfriamiento superior y un funcionamiento m\u00e1s silencioso que elevan el rendimiento general de la tarjeta gr\u00e1fica.<\/p>\n<p class=\"apm-text-center\">\n                                                      <img decoding=\"async\" alt=\"STORMFORCE FAN\" src=\"https:\/\/images-na.ssl-images-amazon.com\/images\/G\/01\/x-locale\/common\/grey-pixel.gif\" class=\"a-lazy-loaded\" data-src=\"https:\/\/m.media-amazon.com\/images\/S\/aplus-media\/vc\/6e77ac04-ef18-4112-b951-1f8ffa39394f.__CR0,0,2000,2000_PT0_SX220_V1___.jpg\"><img decoding=\"async\" alt=\"STORMFORCE FAN\" src=\"https:\/\/m.media-amazon.com\/images\/S\/aplus-media\/vc\/6e77ac04-ef18-4112-b951-1f8ffa39394f.__CR0,0,2000,2000_PT0_SX220_V1___.jpg\">  <\/p>\n<p>                                                    STORMFORCE FAN                                     <\/p>\n<p class=\"a-size-small\">\n<p>Vers\u00e1til y de alto rendimiento, el ventilador STORMFORCE cuenta con siete aspas con una textura en forma de garra que mejora la presi\u00f3n del aire. Un arco circular concentra el flujo de aire y ofrece una eficiencia de enfriamiento excepcional, un ruido m\u00ednimo y un rendimiento general notable.<\/p>\n<p class=\"apm-text-center\">\n                                                      <img decoding=\"async\" alt=\"Base de Cobre Niquelado\" src=\"https:\/\/images-na.ssl-images-amazon.com\/images\/G\/01\/x-locale\/common\/grey-pixel.gif\" class=\"a-lazy-loaded\" data-src=\"https:\/\/m.media-amazon.com\/images\/S\/aplus-media\/vc\/109698e6-3e1b-4803-bfa9-85f3ad0245aa.__CR0,0,2000,2000_PT0_SX220_V1___.jpg\"><img decoding=\"async\" alt=\"Base de Cobre Niquelado\" src=\"https:\/\/m.media-amazon.com\/images\/S\/aplus-media\/vc\/109698e6-3e1b-4803-bfa9-85f3ad0245aa.__CR0,0,2000,2000_PT0_SX220_V1___.jpg\">  <\/p>\n<p>                                                    Base de Cobre Niquelado                                     <\/p>\n<p class=\"a-size-small\">\n<p>El calor de la GPU y los m\u00f3dulos de memoria es captado r\u00e1pidamente por una s\u00f3lida placa base de cobre niquelado y transferido con rapidez a los core pipes.<\/p>\n<p class=\"apm-text-center\">\n                                                      <img decoding=\"async\" alt=\"CORE PIPES\" src=\"https:\/\/images-na.ssl-images-amazon.com\/images\/G\/01\/x-locale\/common\/grey-pixel.gif\" class=\"a-lazy-loaded\" data-src=\"https:\/\/m.media-amazon.com\/images\/S\/aplus-media\/vc\/6b16f981-6129-4a6f-bd3e-980cf78fe6eb.__CR0,0,2000,2000_PT0_SX220_V1___.jpg\"><img decoding=\"async\" alt=\"CORE PIPES\" src=\"https:\/\/m.media-amazon.com\/images\/S\/aplus-media\/vc\/6b16f981-6129-4a6f-bd3e-980cf78fe6eb.__CR0,0,2000,2000_PT0_SX220_V1___.jpg\">  <\/p>\n<p>                                                    CORE PIPES                                     <\/p>\n<p class=\"a-size-small\">\n<p>Los Core Pipes est\u00e1n dise\u00f1ados con un \u00e1rea de contacto de forma cuadrada para capturar el m\u00e1ximo calor en el punto en el que se acopla a la placa base de la GPU y dispersarlo por el disipador para lograr una gesti\u00f3n t\u00e9rmica \u00f3ptima.<\/p>\n<p class=\"apm-text-center\">\n                                                      <img decoding=\"async\" alt=\"WAVE CURVED 4.0\" src=\"https:\/\/images-na.ssl-images-amazon.com\/images\/G\/01\/x-locale\/common\/grey-pixel.gif\" class=\"a-lazy-loaded\" data-src=\"https:\/\/m.media-amazon.com\/images\/S\/aplus-media\/vc\/aee85a66-076b-497e-8dda-fa21c7b5e310.__CR0,0,2000,2000_PT0_SX220_V1___.jpg\"><img decoding=\"async\" alt=\"WAVE CURVED 4.0\" src=\"https:\/\/m.media-amazon.com\/images\/S\/aplus-media\/vc\/aee85a66-076b-497e-8dda-fa21c7b5e310.__CR0,0,2000,2000_PT0_SX220_V1___.jpg\">  <\/p>\n<p>                                                    WAVE CURVED 4.0                                     <\/p>\n<p class=\"a-size-small\">\n<p>Los refinados bordes ondulados tienen un dise\u00f1o de aletas altas y bajas con \u00e1ngulos de precisi\u00f3n. El flujo de aire del ventilador se mejora reduciendo significativamente las turbulencias y maximizando la disipaci\u00f3n de calor para una eficiencia de refrigeraci\u00f3n superior.<\/p>\n<p class=\"apm-text-center\">\n                                                      <img decoding=\"async\" alt=\"AIR ANTEGRADE FIN 2.0\" src=\"https:\/\/images-na.ssl-images-amazon.com\/images\/G\/01\/x-locale\/common\/grey-pixel.gif\" class=\"a-lazy-loaded\" data-src=\"https:\/\/m.media-amazon.com\/images\/S\/aplus-media\/vc\/efe7dafd-e075-415e-924e-ca3f40a301e6.__CR0,0,2000,2000_PT0_SX220_V1___.jpg\"><img decoding=\"async\" alt=\"AIR ANTEGRADE FIN 2.0\" src=\"https:\/\/m.media-amazon.com\/images\/S\/aplus-media\/vc\/efe7dafd-e075-415e-924e-ca3f40a301e6.__CR0,0,2000,2000_PT0_SX220_V1___.jpg\">  <\/p>\n<p>                                                    AIR ANTEGRADE FIN 2.0                                     <\/p>\n<p class=\"a-size-small\">\n<p>Dise\u00f1adas por expertos con \u00e1ngulos calculados con precisi\u00f3n, las aletas del disipador t\u00e9rmico con un recorte en forma de V y un dise\u00f1o alto-bajo est\u00e1n colocadas exactamente en el paso del flujo de aire para optimizar la eficiencia del flujo, reducir la resistencia y maximizar el rendimiento de refrigeraci\u00f3n.<\/p>\n<p class=\"apm-text-center\">\n                                                      <img decoding=\"async\" alt=\"METAL BACKPLATE\" src=\"https:\/\/images-na.ssl-images-amazon.com\/images\/G\/01\/x-locale\/common\/grey-pixel.gif\" class=\"a-lazy-loaded\" data-src=\"https:\/\/m.media-amazon.com\/images\/S\/aplus-media\/vc\/7039e4d9-a0be-4367-958e-a25d0226a096.__CR0,0,2000,2000_PT0_SX220_V1___.jpg\"><img decoding=\"async\" alt=\"METAL BACKPLATE\" src=\"https:\/\/m.media-amazon.com\/images\/S\/aplus-media\/vc\/7039e4d9-a0be-4367-958e-a25d0226a096.__CR0,0,2000,2000_PT0_SX220_V1___.jpg\">  <\/p>\n<p>                                                    METAL BACKPLATE                                     <\/p>\n<p class=\"a-size-small\">\n<p>Una backplate de metal de refuerzo est\u00e1 equipada con almohadillas t\u00e9rmicas para mejorar la capacidad de refrigeraci\u00f3n, mientras que los orificios de ventilaci\u00f3n permiten que el aire de escape pase a trav\u00e9s de la placa posterior, reduciendo eficazmente el exceso de calor.<\/p>\n<p class=\"apm-text-center\">\n                                                      <img decoding=\"async\" alt=\"ZERO FROZR\" src=\"https:\/\/images-na.ssl-images-amazon.com\/images\/G\/01\/x-locale\/common\/grey-pixel.gif\" class=\"a-lazy-loaded\" data-src=\"https:\/\/m.media-amazon.com\/images\/S\/aplus-media\/vc\/e907f0b8-c3fb-4758-b9b9-f6f9bc45d633.__CR0,0,2000,2000_PT0_SX220_V1___.jpg\"><img decoding=\"async\" alt=\"ZERO FROZR\" src=\"https:\/\/m.media-amazon.com\/images\/S\/aplus-media\/vc\/e907f0b8-c3fb-4758-b9b9-f6f9bc45d633.__CR0,0,2000,2000_PT0_SX220_V1___.jpg\">  <\/p>\n<p>                                                    ZERO FROZR                                     <\/p>\n<p class=\"a-size-small\">\n<p>Los ventiladores se detienen por completo cuando las temperaturas son relativamente bajas, eliminando todo el ruido cuando no se necesita refrigeraci\u00f3n activa. Los ventiladores volver\u00e1n a girar autom\u00e1ticamente cuando la calefacci\u00f3n est\u00e9 encendida durante los juegos.<\/p>\n<p> Product Dimensions                                            \u200f                                            :                                            \u200e                                            21 x 12 x 4 cm; 150 g   <br \/> Manufacturer                                            \u200f                                            :                                            \u200e                                            MSI Computer   <br \/> ASIN                                            \u200f                                            :                                            \u200e                                            B0DQGB8FTQ   <br \/> Item model number                                            \u200f                                            :                                            \u200e                                            V531-045R   <br \/> Guaranteed software updates until                                            \u200f                                            :                                            \u200e                                            unknown   <br \/>  Customer reviews:                                                                                            4.6               4.6 out of 5 stars                                  (635)                                              var dpAcrHasRegisteredArcLinkClickAction;                    P.when(&#8216;A&#8217;, &#8216;ready&#8217;).execute(function(A) {                        if (dpAcrHasRegisteredArcLinkClickAction !== true) {                            dpAcrHasRegisteredArcLinkClickAction = true;                            A.declarative(                                &#8216;acrLink-click-metrics&#8217;, &#8216;click&#8217;,                                { \u00aballowLinkDefault\u00bb: true },                                function (event) {                                    if (window.ue) {                                        ue.count(\u00abacrLinkClickCount\u00bb, (ue.count(\u00abacrLinkClickCount\u00bb) || 0) + 1);                                    }                                }                            );                        }                    });                                             P.when(&#8216;A&#8217;, &#8216;cf&#8217;).execute(function(A) {                A.declarative(&#8216;acrStarsLink-click-metrics&#8217;, &#8216;click&#8217;, { \u00aballowLinkDefault\u00bb : true },  function(event){                    if(window.ue) {                        ue.count(\u00abacrStarsLinkWithPopoverClickCount\u00bb, (ue.count(\u00abacrStarsLinkWithPopoverClickCount\u00bb) || 0) + 1);                    }                });            });                          <\/p>\n<p>TRI FROZR 4 Enhanced fans, airflow control, and thermal design provide superior cooling and quieter operation.<br \/>STORMFORCE FAN Seven fan blades, claw texture and a circular arc are designed for optimal airflow with minimal noise.<br \/>Nickel-plated copper motherboard Nickel-plated copper motherboard quickly picks up and transfers heat from the GPU and memory.<br \/>Core Pipes Core Pipes feature a square design to maximize contact with the GPU motherboard for optimal thermal management.<br \/>Wave Curved 4.0 Precision wavy edges with a high-low fin design improve airflow and reduce turbulence.<\/p>\n\n","protected":false},"excerpt":{"rendered":"<p> From the manufacturer MSI: For Gamers &amp; Creators MSI is one of the most trusted<\/p>","protected":false},"featured_media":30140,"comment_status":"open","ping_status":"closed","template":"","meta":[],"product_brand":[],"product_cat":[75],"product_tag":[1285,1432,1427,1433,617,1428,620,599,1425,1262,1426,621,1429,1430,1431,8601,205],"class_list":{"0":"post-30139","1":"product","2":"type-product","3":"status-publish","4":"has-post-thumbnail","6":"product_cat-graphics-cards","7":"product_tag-16g","8":"product_tag-8gb-graphics-card","9":"product_tag-amd-radeon-gpu","10":"product_tag-best-gpu","11":"product_tag-gaming","12":"product_tag-gaming-graphics-card","13":"product_tag-geforce","14":"product_tag-gpu","15":"product_tag-graphics-card","16":"product_tag-msi","17":"product_tag-nvidia-rtx-graphics-card","18":"product_tag-rtx","19":"product_tag-rtx-4060","20":"product_tag-rtx-4070","21":"product_tag-rtx-4080","22":"product_tag-trio","23":"product_tag-white","25":"first","26":"instock","27":"shipping-taxable","28":"product-type-external"},"_links":{"self":[{"href":"https:\/\/comprasyconsejos.store\/en\/wp-json\/wp\/v2\/product\/30139","targetHints":{"allow":["GET"]}}],"collection":[{"href":"https:\/\/comprasyconsejos.store\/en\/wp-json\/wp\/v2\/product"}],"about":[{"href":"https:\/\/comprasyconsejos.store\/en\/wp-json\/wp\/v2\/types\/product"}],"replies":[{"embeddable":true,"href":"https:\/\/comprasyconsejos.store\/en\/wp-json\/wp\/v2\/comments?post=30139"}],"version-history":[{"count":0,"href":"https:\/\/comprasyconsejos.store\/en\/wp-json\/wp\/v2\/product\/30139\/revisions"}],"wp:featuredmedia":[{"embeddable":true,"href":"https:\/\/comprasyconsejos.store\/en\/wp-json\/wp\/v2\/media\/30140"}],"wp:attachment":[{"href":"https:\/\/comprasyconsejos.store\/en\/wp-json\/wp\/v2\/media?parent=30139"}],"wp:term":[{"taxonomy":"product_brand","embeddable":true,"href":"https:\/\/comprasyconsejos.store\/en\/wp-json\/wp\/v2\/product_brand?post=30139"},{"taxonomy":"product_cat","embeddable":true,"href":"https:\/\/comprasyconsejos.store\/en\/wp-json\/wp\/v2\/product_cat?post=30139"},{"taxonomy":"product_tag","embeddable":true,"href":"https:\/\/comprasyconsejos.store\/en\/wp-json\/wp\/v2\/product_tag?post=30139"}],"curies":[{"name":"wp","href":"https:\/\/api.w.org\/{rel}","templated":true}]}}