{"id":30165,"date":"2026-02-22T06:15:59","date_gmt":"2026-02-22T06:15:59","guid":{"rendered":"https:\/\/comprasyconsejos.store\/product\/new-bee-v5-2-hands-free-headphones-business-wireless-bluetooth-headset-with-microphone-with-double-enc-noise-cancelling-ergonomic-headset-ultralight-weight\/"},"modified":"2026-02-22T06:16:03","modified_gmt":"2026-02-22T06:16:03","slug":"new-bee-v5-2-hands-free-headphones-business-wireless-bluetooth-headset-with-microphone-with-double-enc-noise-cancelling-ergonomic-headset-ultralight-weight","status":"publish","type":"product","link":"https:\/\/comprasyconsejos.store\/en\/product\/new-bee-v5-2-hands-free-headphones-business-wireless-bluetooth-headset-with-microphone-with-double-enc-noise-cancelling-ergonomic-headset-ultralight-weight\/","title":{"rendered":"New Bee V5.2 Hands-Free Headphones Business Wireless Bluetooth Headset with Microphone with Double ENC Noise Cancelling Ergonomic Headset Ultralight Weight"},"content":{"rendered":"<p>Price: <span style=\"color:#b12704\">\u20ac29.99<\/span><br \/><i><small>(as of Feb 22, 2026 06:15:59 UTC &#8211; <span class=\"wp_automatic_amazon_disclaimer\" title=\"Product prices and availability are accurate as of the date\/time indicated and are subject to change. Any price and availability information displayed on [relevant Amazon Site(s), as applicable] at the time of purchase will apply to the purchase of this product.\">Details<\/span>)<\/small><\/i><\/p>\n<p><a href=\"https:\/\/amazon.es\/dp\/B0CQ7Z79XB?tag=man008-21\"><img decoding=\"async\" src=\"https:\/\/valvepress.s3.amazonaws.com\/imgs\/buy_now.png\"><\/a><br \/>\n<\/p>\n<p>                                             From the brand   <\/p>\n<p>                                              <img decoding=\"async\" alt=\"aplus content image\" src=\"https:\/\/images-na.ssl-images-amazon.com\/images\/G\/01\/x-locale\/common\/grey-pixel.gif\" class=\"a-lazy-loaded\" data-src=\"https:\/\/m.media-amazon.com\/images\/S\/aplus-media-library-service-media\/20888267-7bc8-4667-8f19-880a72175071.__CR0,0,1464,625_PT0_SX1464_V1___.jpg\"><img decoding=\"async\" alt=\"aplus content image\" src=\"https:\/\/m.media-amazon.com\/images\/S\/aplus-media-library-service-media\/20888267-7bc8-4667-8f19-880a72175071.__CR0,0,1464,625_PT0_SX1464_V1___.jpg\">  <\/p>\n<p>                                              <img decoding=\"async\" alt=\"para los auriculares monoaurales New Bee, que hace hincapi\u00e9 en las herramientas de comunicaci\u00f3n de nivel profesional dise\u00f1adas para ofrecer comodidad y fiabilidad. Fondo de cielo azul\" src=\"https:\/\/images-na.ssl-images-amazon.com\/images\/G\/01\/x-locale\/common\/grey-pixel.gif\" class=\"a-lazy-loaded\" data-src=\"https:\/\/m.media-amazon.com\/images\/S\/aplus-media-library-service-media\/f666e80b-be5a-4e9c-a584-efb795f03831.__CR0,0,362,453_PT0_SX362_V1___.jpg\"><img decoding=\"async\" alt=\"para los auriculares monoaurales New Bee, que hace hincapi\u00e9 en las herramientas de comunicaci\u00f3n de nivel profesional dise\u00f1adas para ofrecer comodidad y fiabilidad. Fondo de cielo azul\" src=\"https:\/\/m.media-amazon.com\/images\/S\/aplus-media-library-service-media\/f666e80b-be5a-4e9c-a584-efb795f03831.__CR0,0,362,453_PT0_SX362_V1___.jpg\">  <\/p>\n<p>                                              <img decoding=\"async\" alt=\"\" src=\"https:\/\/images-na.ssl-images-amazon.com\/images\/G\/01\/x-locale\/common\/grey-pixel.gif\" class=\"a-lazy-loaded\" data-src=\"https:\/\/m.media-amazon.com\/images\/S\/aplus-media-library-service-media\/71f183cc-7550-43da-a29d-69ddeab03473.__CR0,0,362,453_PT0_SX362_V1___.jpg\"><img decoding=\"async\" alt=\"\" src=\"https:\/\/m.media-amazon.com\/images\/S\/aplus-media-library-service-media\/71f183cc-7550-43da-a29d-69ddeab03473.__CR0,0,362,453_PT0_SX362_V1___.jpg\">  <\/p>\n<h3> M54 <\/h3>\n<p>                                              <img decoding=\"async\" alt=\"\" src=\"https:\/\/images-na.ssl-images-amazon.com\/images\/G\/01\/x-locale\/common\/grey-pixel.gif\" class=\"a-lazy-loaded\" data-src=\"https:\/\/m.media-amazon.com\/images\/S\/aplus-media-library-service-media\/7ccc5f01-341d-492e-a3e3-d47045cf6038.__CR0,0,362,453_PT0_SX362_V1___.jpg\"><img decoding=\"async\" alt=\"\" src=\"https:\/\/m.media-amazon.com\/images\/S\/aplus-media-library-service-media\/7ccc5f01-341d-492e-a3e3-d47045cf6038.__CR0,0,362,453_PT0_SX362_V1___.jpg\">  <\/p>\n<h3> M53 <\/h3>\n<p>                                              <img decoding=\"async\" alt=\"\" src=\"https:\/\/images-na.ssl-images-amazon.com\/images\/G\/01\/x-locale\/common\/grey-pixel.gif\" class=\"a-lazy-loaded\" data-src=\"https:\/\/m.media-amazon.com\/images\/S\/aplus-media-library-service-media\/42305790-5875-423e-8bf4-de1d448ab05d.__CR0,0,362,453_PT0_SX362_V1___.jpg\"><img decoding=\"async\" alt=\"\" src=\"https:\/\/m.media-amazon.com\/images\/S\/aplus-media-library-service-media\/42305790-5875-423e-8bf4-de1d448ab05d.__CR0,0,362,453_PT0_SX362_V1___.jpg\">  <\/p>\n<h3> M52 <\/h3>\n<p>                                              <img decoding=\"async\" alt=\"\" src=\"https:\/\/images-na.ssl-images-amazon.com\/images\/G\/01\/x-locale\/common\/grey-pixel.gif\" class=\"a-lazy-loaded\" data-src=\"https:\/\/m.media-amazon.com\/images\/S\/aplus-media-library-service-media\/d07ce545-813d-4e46-8b23-c6bd3c2c9ecf.__CR0,0,362,453_PT0_SX362_V1___.jpg\"><img decoding=\"async\" alt=\"\" src=\"https:\/\/m.media-amazon.com\/images\/S\/aplus-media-library-service-media\/d07ce545-813d-4e46-8b23-c6bd3c2c9ecf.__CR0,0,362,453_PT0_SX362_V1___.jpg\">  <\/p>\n<h3> B45 <\/h3>\n<p>                                              <img decoding=\"async\" alt=\"\" src=\"https:\/\/images-na.ssl-images-amazon.com\/images\/G\/01\/x-locale\/common\/grey-pixel.gif\" class=\"a-lazy-loaded\" data-src=\"https:\/\/m.media-amazon.com\/images\/S\/aplus-media-library-service-media\/4c7c3625-3b13-472b-97d8-ba8006348e84.__CR0,0,362,453_PT0_SX362_V1___.jpg\"><img decoding=\"async\" alt=\"\" src=\"https:\/\/m.media-amazon.com\/images\/S\/aplus-media-library-service-media\/4c7c3625-3b13-472b-97d8-ba8006348e84.__CR0,0,362,453_PT0_SX362_V1___.jpg\">  <\/p>\n<h3> B41 <\/h3>\n<h3> Auriculares Bluetooth <\/h3>\n<h3> Auriculares Bluetooth <\/h3>\n<p> Batteries                                            \u200f                                            :                                            \u200e                                            2 Lithium Ion batteries required. (included)   <br \/> Package Dimensions                                            \u200f                                            :                                            \u200e                                            13.9 x 9.1 x 3.6 cm; 16.5 g   <br \/> Manufacturer                                            \u200f                                            :                                            \u200e                                            New Bee   <br \/> ASIN                                            \u200f                                            :                                            \u200e                                            B0CQ7Z79XB   <br \/> Item model number                                            \u200f                                            :                                            \u200e                                            M51   <br \/> Country\/Region of Origin                                            \u200f                                            :                                            \u200e                                            China   <br \/> Guaranteed software updates until                                            \u200f                                            :                                            \u200e                                            unknown   <br \/>  Customer reviews:                                                                                            4.0               4.0 out of 5 stars                                  (1,897)                                              var dpAcrHasRegisteredArcLinkClickAction;                    P.when(&#8216;A&#8217;, &#8216;ready&#8217;).execute(function(A) {                        if (dpAcrHasRegisteredArcLinkClickAction !== true) {                            dpAcrHasRegisteredArcLinkClickAction = true;                            A.declarative(                                &#8216;acrLink-click-metrics&#8217;, &#8216;click&#8217;,                                { \u00aballowLinkDefault\u00bb: true },                                function (event) {                                    if (window.ue) {                                        ue.count(\u00abacrLinkClickCount\u00bb, (ue.count(\u00abacrLinkClickCount\u00bb) || 0) + 1);                                    }                                }                            );                        }                    });                                             P.when(&#8216;A&#8217;, &#8216;cf&#8217;).execute(function(A) {                A.declarative(&#8216;acrStarsLink-click-metrics&#8217;, &#8216;click&#8217;, { \u00aballowLinkDefault\u00bb : true },  function(event){                    if(window.ue) {                        ue.count(\u00abacrStarsLinkWithPopoverClickCount\u00bb, (ue.count(\u00abacrStarsLinkWithPopoverClickCount\u00bb) || 0) + 1);                    }                });            });                          <\/p>\n<p>ULTRA-POWERFUL BLUETOOTH TECHNOLOGY- The wireless headset incorporates the updated Bluetooth 5.2 technology to connect devices quickly and stably in a range of 15 meters. Provides fast and stable pairing with any iOS and Android smartphones, tablets, laptops<br \/>HIGH CAPACITY AND LONG LASTING &#8211; Equipped with the 500mAh charging case to squeeze the bluetooth headset for almost 80 hours of built-in standby. The charging compartment can recharge the headphones up to 3 times,This Bluetooth headset allows you to make reliable wireless calls throughout the day with a single quick charge of 1.5 hours<br \/>COMFORTABLE AND PRACTICAL &#8211; Based on ergonomics, designed to fit any ear, the retractable hook and Flip-boom arm rotate and rotate for a comfortable fit. It is light and comfortable enough to wear for hours. Maximum comfort pads are available in 3 different sizes to provide a snug and custom fit<br \/>NOISE CANCELLING HEADPHONES AND MICROPHONE- Wireless earbuds incorporate Qualcomm QCC3040 chip and AI ambient noise cancelling microphones, which can eliminate up to 96% of ambient noise, whether you are in a central area with high traffic or in a truck, our Bluetooth headphones are equipped with independent mute buttons, so that your calls are more private<br \/>3 YEARS GUARANTEE &#8211; A 24-hour customer service and a professional technology team are at your disposal<\/p>\n\n","protected":false},"excerpt":{"rendered":"<p> From the brand M54 M53 M52 B45 B41 Auriculares Bluetooth Auriculares Bluetooth Batteries \u200f :<\/p>","protected":false},"featured_media":30166,"comment_status":"open","ping_status":"closed","template":"","meta":[],"product_brand":[],"product_cat":[48],"product_tag":[2604,720,726,714,595,934,3984,995,1148,712,997,928,711,717,1071,933,715,719,716,718,2520,8768,4687,226,713],"class_list":{"0":"post-30165","1":"product","2":"type-product","3":"status-publish","4":"has-post-thumbnail","6":"product_cat-headsets","7":"product_tag-bee","8":"product_tag-best-headset","9":"product_tag-bluetooth","10":"product_tag-bluetooth-headset","11":"product_tag-business","12":"product_tag-cancelling","13":"product_tag-double","14":"product_tag-enc","15":"product_tag-ergonomic","16":"product_tag-gaming-headset","17":"product_tag-handsfree","18":"product_tag-headphones","19":"product_tag-headset","20":"product_tag-headset-with-mic","21":"product_tag-microphone","22":"product_tag-noise","23":"product_tag-noise-cancelling-headset","24":"product_tag-over-ear-headset","25":"product_tag-pc-headset","26":"product_tag-rgb-gaming-headset","27":"product_tag-ultralight","28":"product_tag-v5-2","29":"product_tag-weight","30":"product_tag-wireless","31":"product_tag-wireless-headset","33":"first","34":"instock","35":"shipping-taxable","36":"product-type-external"},"_links":{"self":[{"href":"https:\/\/comprasyconsejos.store\/en\/wp-json\/wp\/v2\/product\/30165","targetHints":{"allow":["GET"]}}],"collection":[{"href":"https:\/\/comprasyconsejos.store\/en\/wp-json\/wp\/v2\/product"}],"about":[{"href":"https:\/\/comprasyconsejos.store\/en\/wp-json\/wp\/v2\/types\/product"}],"replies":[{"embeddable":true,"href":"https:\/\/comprasyconsejos.store\/en\/wp-json\/wp\/v2\/comments?post=30165"}],"version-history":[{"count":0,"href":"https:\/\/comprasyconsejos.store\/en\/wp-json\/wp\/v2\/product\/30165\/revisions"}],"wp:featuredmedia":[{"embeddable":true,"href":"https:\/\/comprasyconsejos.store\/en\/wp-json\/wp\/v2\/media\/30166"}],"wp:attachment":[{"href":"https:\/\/comprasyconsejos.store\/en\/wp-json\/wp\/v2\/media?parent=30165"}],"wp:term":[{"taxonomy":"product_brand","embeddable":true,"href":"https:\/\/comprasyconsejos.store\/en\/wp-json\/wp\/v2\/product_brand?post=30165"},{"taxonomy":"product_cat","embeddable":true,"href":"https:\/\/comprasyconsejos.store\/en\/wp-json\/wp\/v2\/product_cat?post=30165"},{"taxonomy":"product_tag","embeddable":true,"href":"https:\/\/comprasyconsejos.store\/en\/wp-json\/wp\/v2\/product_tag?post=30165"}],"curies":[{"name":"wp","href":"https:\/\/api.w.org\/{rel}","templated":true}]}}