{"id":30176,"date":"2026-02-22T06:26:45","date_gmt":"2026-02-22T06:26:45","guid":{"rendered":"https:\/\/comprasyconsejos.store\/product\/usb-silent-wireless-mouse-for-laptop-rechargeable-10m-remote-range-1600-dpi-3-levels-adjustment-silent-mini-mouse-home-and-office-for-windows\/"},"modified":"2026-02-22T06:26:48","modified_gmt":"2026-02-22T06:26:48","slug":"usb-silent-wireless-mouse-for-laptop-rechargeable-10m-remote-range-1600-dpi-3-levels-adjustment-silent-mini-mouse-home-and-office-for-windows","status":"publish","type":"product","link":"https:\/\/comprasyconsejos.store\/en\/product\/usb-silent-wireless-mouse-for-laptop-rechargeable-10m-remote-range-1600-dpi-3-levels-adjustment-silent-mini-mouse-home-and-office-for-windows\/","title":{"rendered":"USB Silent Wireless Mouse for Laptop, Rechargeable, 10M Remote Range, 1600 Dpi, 3 Levels Adjustment, Silent Mini Mouse, Home and Office for Windows"},"content":{"rendered":"<p>Price: <span style=\"color:#b12704\">\u20ac11.99<\/span><br \/><i><small>(as of Feb 22, 2026 06:26:45 UTC &#8211; <span class=\"wp_automatic_amazon_disclaimer\" title=\"Product prices and availability are accurate as of the date\/time indicated and are subject to change. Any price and availability information displayed on [relevant Amazon Site(s), as applicable] at the time of purchase will apply to the purchase of this product.\">Details<\/span>)<\/small><\/i><\/p>\n<p><a href=\"https:\/\/amazon.es\/dp\/B07GR6BLZ2?tag=man008-21\"><img decoding=\"async\" src=\"https:\/\/valvepress.s3.amazonaws.com\/imgs\/buy_now.png\"><\/a><br \/>\n<\/p>\n<p>                                             From the brand   <\/p>\n<p>                                              <img decoding=\"async\" alt=\"raton inalambrico\" src=\"https:\/\/images-na.ssl-images-amazon.com\/images\/G\/01\/x-locale\/common\/grey-pixel.gif\" class=\"a-lazy-loaded\" data-src=\"https:\/\/m.media-amazon.com\/images\/S\/aplus-media-library-service-media\/344023c8-61dc-49fb-bfe4-b28488d01c79.__CR0,0,1464,625_PT0_SX1464_V1___.jpg\"><img decoding=\"async\" alt=\"raton inalambrico\" src=\"https:\/\/m.media-amazon.com\/images\/S\/aplus-media-library-service-media\/344023c8-61dc-49fb-bfe4-b28488d01c79.__CR0,0,1464,625_PT0_SX1464_V1___.jpg\">  <\/p>\n<p>                                              <img decoding=\"async\" alt=\"\" src=\"https:\/\/images-na.ssl-images-amazon.com\/images\/G\/01\/x-locale\/common\/grey-pixel.gif\" class=\"a-lazy-loaded\" data-src=\"https:\/\/m.media-amazon.com\/images\/S\/aplus-media-library-service-media\/7eaf2b59-f262-4de0-949d-1676a54c674b.__CR0,0,315,145_PT0_SX315_V1___.jpg\"><img decoding=\"async\" alt=\"\" src=\"https:\/\/m.media-amazon.com\/images\/S\/aplus-media-library-service-media\/7eaf2b59-f262-4de0-949d-1676a54c674b.__CR0,0,315,145_PT0_SX315_V1___.jpg\">  <\/p>\n<p> Anmck, fundada en 2014, es l\u00edder en soluciones de teclado y rat\u00f3n. Ofrecemos dispositivos de alta calidad que mejoran la productividad y satisfacci\u00f3n del usuario. Nuestra gama incluye teclados ergon\u00f3micos, ratones inal\u00e1mbricos, perif\u00e9ricos de juego, y m\u00e1s. Priorizamos durabilidad, funcionalidad y soporte al cliente. Elige Anmck para rendimiento, confiabilidad y estilo en tus soluciones de teclado y rat\u00f3n. <\/p>\n<p>                                              <img decoding=\"async\" alt=\"rat\u00f3n inalambrico para portatil\" src=\"https:\/\/images-na.ssl-images-amazon.com\/images\/G\/01\/x-locale\/common\/grey-pixel.gif\" class=\"a-lazy-loaded\" data-src=\"https:\/\/m.media-amazon.com\/images\/S\/aplus-media-library-service-media\/36e90aef-fe0d-4913-bf35-b67dc8d8d711.__CR129,0,1023,1280_PT0_SX362_V1___.jpg\"><img decoding=\"async\" alt=\"rat\u00f3n inalambrico para portatil\" src=\"https:\/\/m.media-amazon.com\/images\/S\/aplus-media-library-service-media\/36e90aef-fe0d-4913-bf35-b67dc8d8d711.__CR129,0,1023,1280_PT0_SX362_V1___.jpg\">  <\/p>\n<p>                                              <img decoding=\"async\" alt=\"Tres ratones de ordenador inal\u00e1mbricos en diferentes colores: negro, rojo y azul\/blanco. Cada rat\u00f3n tiene un dise\u00f1o ergon\u00f3mico con varios botones\" src=\"https:\/\/images-na.ssl-images-amazon.com\/images\/G\/01\/x-locale\/common\/grey-pixel.gif\" class=\"a-lazy-loaded\" data-src=\"https:\/\/m.media-amazon.com\/images\/S\/aplus-media-library-service-media\/cdd2dd10-f672-4927-9c8a-5bfbd4556774.__CR1,0,362,453_PT0_SX362_V1___.jpg\"><img decoding=\"async\" alt=\"Tres ratones de ordenador inal\u00e1mbricos en diferentes colores: negro, rojo y azul\/blanco. Cada rat\u00f3n tiene un dise\u00f1o ergon\u00f3mico con varios botones\" src=\"https:\/\/m.media-amazon.com\/images\/S\/aplus-media-library-service-media\/cdd2dd10-f672-4927-9c8a-5bfbd4556774.__CR1,0,362,453_PT0_SX362_V1___.jpg\">  <\/p>\n<p> Batteries                                            \u200f                                            :                                            \u200e                                            1 AA batteries required. (included)   <br \/> Is discontinued by manufacturer                                            \u200f                                            :                                            \u200e                                            No   <br \/> Product Dimensions                                            \u200f                                            :                                            \u200e                                            10.1 x 10.1 x 0.1 cm; 100 g   <br \/> Manufacturer                                            \u200f                                            :                                            \u200e                                            Anmck   <br \/> ASIN                                            \u200f                                            :                                            \u200e                                            B07GR6BLZ2   <br \/> Item model number                                            \u200f                                            :                                            \u200e                                            FG-0010X   <br \/> Country of origin                                            \u200f                                            :                                            \u200e                                            China   <br \/> Guaranteed software updates until                                            \u200f                                            :                                            \u200e                                            unknown   <br \/>  Customer reviews:                                                                                            4.4               4.4 out of 5 stars                                  (12,043)                                              var dpAcrHasRegisteredArcLinkClickAction;                    P.when(&#8216;A&#8217;, &#8216;ready&#8217;).execute(function(A) {                        if (dpAcrHasRegisteredArcLinkClickAction !== true) {                            dpAcrHasRegisteredArcLinkClickAction = true;                            A.declarative(                                &#8216;acrLink-click-metrics&#8217;, &#8216;click&#8217;,                                { \u00aballowLinkDefault\u00bb: true },                                function (event) {                                    if (window.ue) {                                        ue.count(\u00abacrLinkClickCount\u00bb, (ue.count(\u00abacrLinkClickCount\u00bb) || 0) + 1);                                    }                                }                            );                        }                    });                                             P.when(&#8216;A&#8217;, &#8216;cf&#8217;).execute(function(A) {                A.declarative(&#8216;acrStarsLink-click-metrics&#8217;, &#8216;click&#8217;, { \u00aballowLinkDefault\u00bb : true },  function(event){                    if(window.ue) {                        ue.count(\u00abacrStarsLinkWithPopoverClickCount\u00bb, (ue.count(\u00abacrStarsLinkWithPopoverClickCount\u00bb) || 0) + 1);                    }                });            });                          <\/p>\n<p>Rechargeable Wireless Mouse &#8211; Built-in lithium polymer batteries, high service life, easy to charge with micro USB cable (charge 1 hour to use 30 days), no more need for extra AAA batteries, never worry about the mouse running out of power.<br \/>QUIET CLICK &#038; CLASSIC DESIGN &#8211; Less noisy <30db, with quiet clicks perfect for public places like offices, libraries, bedrooms, internet cafes where you don't want to disturb others or disrupt your concentration. Suitable for handling with both hands based on symmetry design, streamlined and ergonomic design offers your hand maximum support for long-lasting comfort.<br \/>SLIM &#038; PORTABLE DESIGN Compared with similar parts on the market, Anmck USB wireless mouse is dramatically lighter and thinner. Perfect for traveling and the wireless mouse can be easily put into your laptop bag and save space.<br \/>\u30102.4G Wireless Transmission\u3011Plug and play! The 2.4G wireless connection allows a working distance of up to 10 meters, without interference with other devices. Adjustable 800\/1200\/1600 DPI perfect for you and virtually no lags or drops. \u25b2\u25b2\u25b2\u25b2The USB receiver is stored at the bottom of the mouse. \u25b2\u25b2\u25b2\u25b2<br \/>Wide Compatibility The laptop mouse can work with Windows, Mac OS and Linux, etc. You can use the computer mouse for PC, laptop, tablet, computer, MacBook and all devices with a USB port. The wireless computer mouse is ideal for work or entertainment at home and office.<\/p>\n\n","protected":false},"excerpt":{"rendered":"<p> From the brand Anmck, fundada en 2014, es l\u00edder en soluciones de teclado y rat\u00f3n.<\/p>","protected":false},"featured_media":30177,"comment_status":"open","ping_status":"closed","template":"","meta":[],"product_brand":[],"product_cat":[50],"product_tag":[7449,1815,765,759,756,775,761,758,626,159,2627,215,767,585,1279,1149,763,2515,760,1010,764,133,762,537,226,757],"class_list":{"0":"post-30176","1":"product","2":"type-product","3":"status-publish","4":"has-post-thumbnail","6":"product_cat-mouse","7":"product_tag-10m","8":"product_tag-adjustment","9":"product_tag-best-gaming-mouse","10":"product_tag-bluetooth-mouse","11":"product_tag-computer-mouse","12":"product_tag-dpi","13":"product_tag-ergonomic-mouse","14":"product_tag-gaming-mouse","15":"product_tag-home","16":"product_tag-laptop","17":"product_tag-levels","18":"product_tag-mini","19":"product_tag-mouse","20":"product_tag-office","21":"product_tag-range","22":"product_tag-rechargeable","23":"product_tag-rechargeable-mouse","24":"product_tag-remote","25":"product_tag-rgb-mouse","26":"product_tag-silent","27":"product_tag-silent-mouse","28":"product_tag-usb","29":"product_tag-usb-mouse","30":"product_tag-windows","31":"product_tag-wireless","32":"product_tag-wireless-mouse","34":"first","35":"instock","36":"shipping-taxable","37":"product-type-external"},"_links":{"self":[{"href":"https:\/\/comprasyconsejos.store\/en\/wp-json\/wp\/v2\/product\/30176","targetHints":{"allow":["GET"]}}],"collection":[{"href":"https:\/\/comprasyconsejos.store\/en\/wp-json\/wp\/v2\/product"}],"about":[{"href":"https:\/\/comprasyconsejos.store\/en\/wp-json\/wp\/v2\/types\/product"}],"replies":[{"embeddable":true,"href":"https:\/\/comprasyconsejos.store\/en\/wp-json\/wp\/v2\/comments?post=30176"}],"version-history":[{"count":0,"href":"https:\/\/comprasyconsejos.store\/en\/wp-json\/wp\/v2\/product\/30176\/revisions"}],"wp:featuredmedia":[{"embeddable":true,"href":"https:\/\/comprasyconsejos.store\/en\/wp-json\/wp\/v2\/media\/30177"}],"wp:attachment":[{"href":"https:\/\/comprasyconsejos.store\/en\/wp-json\/wp\/v2\/media?parent=30176"}],"wp:term":[{"taxonomy":"product_brand","embeddable":true,"href":"https:\/\/comprasyconsejos.store\/en\/wp-json\/wp\/v2\/product_brand?post=30176"},{"taxonomy":"product_cat","embeddable":true,"href":"https:\/\/comprasyconsejos.store\/en\/wp-json\/wp\/v2\/product_cat?post=30176"},{"taxonomy":"product_tag","embeddable":true,"href":"https:\/\/comprasyconsejos.store\/en\/wp-json\/wp\/v2\/product_tag?post=30176"}],"curies":[{"name":"wp","href":"https:\/\/api.w.org\/{rel}","templated":true}]}}