{"id":30195,"date":"2026-02-22T06:41:04","date_gmt":"2026-02-22T06:41:04","guid":{"rendered":"https:\/\/comprasyconsejos.store\/product\/t20-android-16-tablet-with-keyboard-24-gb-ram-256-gb-rom2-tb-tf-octa-core-gemini-ai-widevine-l1-tablet-10-inches-5000mah-8mp5mp-face-id-gps-4-year-warranty\/"},"modified":"2026-02-22T06:41:15","modified_gmt":"2026-02-22T06:41:15","slug":"t20-android-16-tablet-with-keyboard-24-gb-ram-256-gb-rom2-tb-tf-octa-core-gemini-ai-widevine-l1-tablet-10-inches-5000mah-8mp5mp-face-id-gps-4-year-warranty","status":"publish","type":"product","link":"https:\/\/comprasyconsejos.store\/en\/product\/t20-android-16-tablet-with-keyboard-24-gb-ram-256-gb-rom2-tb-tf-octa-core-gemini-ai-widevine-l1-tablet-10-inches-5000mah-8mp5mp-face-id-gps-4-year-warranty\/","title":{"rendered":"T20 Android 16 Tablet with Keyboard &#8211; 24 GB RAM+ 256 GB ROM(2 TB TF), Octa-Core, Gemini AI, Widevine L1, Tablet 10 Inches, 5000mAh, 8MP+5MP, Face ID, GPS (4 year warranty)"},"content":{"rendered":"<p>Price: <span style=\"color:#b12704\"><del>\u20ac199.99<\/del> - \u20ac129.98<\/span><br \/><i><small>(as of Feb 22, 2026 06:41:05 UTC &#8211; <span class=\"wp_automatic_amazon_disclaimer\" title=\"Product prices and availability are accurate as of the date\/time indicated and are subject to change. Any price and availability information displayed on [relevant Amazon Site(s), as applicable] at the time of purchase will apply to the purchase of this product.\">Details<\/span>)<\/small><\/i><\/p>\n<p><a href=\"https:\/\/amazon.es\/dp\/B0FJ5QM31X?tag=man008-21\"><img decoding=\"async\" src=\"https:\/\/valvepress.s3.amazonaws.com\/imgs\/buy_now.png\"><\/a><br \/>\n<\/p>\n<p>                                             From the brand   <\/p>\n<p>                                              <img decoding=\"async\" alt=\"aplus content image\" src=\"https:\/\/images-na.ssl-images-amazon.com\/images\/G\/01\/x-locale\/common\/grey-pixel.gif\" class=\"a-lazy-loaded\" data-src=\"https:\/\/m.media-amazon.com\/images\/S\/aplus-media-library-service-media\/fcceb895-ee4e-49e4-a7d2-e74ffb17de65.__CR0,0,1464,625_PT0_SX1464_V1___.jpg\"><img decoding=\"async\" alt=\"aplus content image\" src=\"https:\/\/m.media-amazon.com\/images\/S\/aplus-media-library-service-media\/fcceb895-ee4e-49e4-a7d2-e74ffb17de65.__CR0,0,1464,625_PT0_SX1464_V1___.jpg\">  <\/p>\n<h3> TABWEE Tablet <\/h3>\n<p class=\"apm-brand-story-stores-link\">\n<p>                                              <img decoding=\"async\" alt=\"aplus content image\" src=\"https:\/\/images-na.ssl-images-amazon.com\/images\/G\/01\/x-locale\/common\/grey-pixel.gif\" class=\"a-lazy-loaded\" data-src=\"https:\/\/m.media-amazon.com\/images\/S\/aplus-media-library-service-media\/7ddec952-14cb-430a-9d2b-decc4cdd4640.__CR0,0,362,453_PT0_SX362_V1___.jpg\"><img decoding=\"async\" alt=\"aplus content image\" src=\"https:\/\/m.media-amazon.com\/images\/S\/aplus-media-library-service-media\/7ddec952-14cb-430a-9d2b-decc4cdd4640.__CR0,0,362,453_PT0_SX362_V1___.jpg\">  <\/p>\n<p>                                              <img decoding=\"async\" alt=\"aplus content image\" src=\"https:\/\/images-na.ssl-images-amazon.com\/images\/G\/01\/x-locale\/common\/grey-pixel.gif\" class=\"a-lazy-loaded\" data-src=\"https:\/\/m.media-amazon.com\/images\/S\/aplus-media-library-service-media\/360ed610-9b33-4511-b009-dce57b9e9591.__CR0,0,362,453_PT0_SX362_V1___.jpg\"><img decoding=\"async\" alt=\"aplus content image\" src=\"https:\/\/m.media-amazon.com\/images\/S\/aplus-media-library-service-media\/360ed610-9b33-4511-b009-dce57b9e9591.__CR0,0,362,453_PT0_SX362_V1___.jpg\">  <\/p>\n<p>                                              <img decoding=\"async\" alt=\"aplus content image\" src=\"https:\/\/images-na.ssl-images-amazon.com\/images\/G\/01\/x-locale\/common\/grey-pixel.gif\" class=\"a-lazy-loaded\" data-src=\"https:\/\/m.media-amazon.com\/images\/S\/aplus-media-library-service-media\/e0d9f7b2-f7b4-446e-aaf0-488db1cf10c8.__CR0,0,362,453_PT0_SX362_V1___.jpg\"><img decoding=\"async\" alt=\"aplus content image\" src=\"https:\/\/m.media-amazon.com\/images\/S\/aplus-media-library-service-media\/e0d9f7b2-f7b4-446e-aaf0-488db1cf10c8.__CR0,0,362,453_PT0_SX362_V1___.jpg\">  <\/p>\n<p>                                              <img decoding=\"async\" alt=\"Presentaci\u00f3n de productos de accesorios para tabletas, como el teclado, la funda protectora y los cables de carga. Varias vistas que muestran la configuraci\u00f3n del dispositivo y las opciones de configuraci\u00f3n.\" src=\"https:\/\/images-na.ssl-images-amazon.com\/images\/G\/01\/x-locale\/common\/grey-pixel.gif\" class=\"a-lazy-loaded\" data-src=\"https:\/\/m.media-amazon.com\/images\/S\/aplus-media-library-service-media\/1eba300d-6573-4c08-8d15-2938a14f869e.__CR0,0,362,453_PT0_SX362_V1___.jpg\"><img decoding=\"async\" alt=\"Presentaci\u00f3n de productos de accesorios para tabletas, como el teclado, la funda protectora y los cables de carga. Varias vistas que muestran la configuraci\u00f3n del dispositivo y las opciones de configuraci\u00f3n.\" src=\"https:\/\/m.media-amazon.com\/images\/S\/aplus-media-library-service-media\/1eba300d-6573-4c08-8d15-2938a14f869e.__CR0,0,362,453_PT0_SX362_V1___.jpg\">  <\/p>\n<p>                                              <img decoding=\"async\" alt=\"aplus content image\" src=\"https:\/\/images-na.ssl-images-amazon.com\/images\/G\/01\/x-locale\/common\/grey-pixel.gif\" class=\"a-lazy-loaded\" data-src=\"https:\/\/m.media-amazon.com\/images\/S\/aplus-media-library-service-media\/865e810a-26ab-4094-a575-dc55b56d0bde.__CR0,0,362,453_PT0_SX362_V1___.jpg\"><img decoding=\"async\" alt=\"aplus content image\" src=\"https:\/\/m.media-amazon.com\/images\/S\/aplus-media-library-service-media\/865e810a-26ab-4094-a575-dc55b56d0bde.__CR0,0,362,453_PT0_SX362_V1___.jpg\">  <\/p>\n<p>                                              <img decoding=\"async\" alt=\"aplus content image\" src=\"https:\/\/images-na.ssl-images-amazon.com\/images\/G\/01\/x-locale\/common\/grey-pixel.gif\" class=\"a-lazy-loaded\" data-src=\"https:\/\/m.media-amazon.com\/images\/S\/aplus-media-library-service-media\/6dc529c5-f72c-422d-9198-b357d56b3667.__CR0,0,362,453_PT0_SX362_V1___.jpg\"><img decoding=\"async\" alt=\"aplus content image\" src=\"https:\/\/m.media-amazon.com\/images\/S\/aplus-media-library-service-media\/6dc529c5-f72c-422d-9198-b357d56b3667.__CR0,0,362,453_PT0_SX362_V1___.jpg\">  <\/p>\n<p>                                              <img decoding=\"async\" alt=\"Persona que ve e interact\u00faa con pantallas digitales que muestran datos o documentos en un entorno de oficina en casa.\" src=\"https:\/\/images-na.ssl-images-amazon.com\/images\/G\/01\/x-locale\/common\/grey-pixel.gif\" class=\"a-lazy-loaded\" data-src=\"https:\/\/m.media-amazon.com\/images\/S\/aplus-media-library-service-media\/4f38cb19-f48a-4413-aeb0-14463bddd2f9.__CR0,0,362,453_PT0_SX362_V1___.jpg\"><img decoding=\"async\" alt=\"Persona que ve e interact\u00faa con pantallas digitales que muestran datos o documentos en un entorno de oficina en casa.\" src=\"https:\/\/m.media-amazon.com\/images\/S\/aplus-media-library-service-media\/4f38cb19-f48a-4413-aeb0-14463bddd2f9.__CR0,0,362,453_PT0_SX362_V1___.jpg\">  <\/p>\n<p>                                              <img decoding=\"async\" alt=\"aplus content image\" src=\"https:\/\/images-na.ssl-images-amazon.com\/images\/G\/01\/x-locale\/common\/grey-pixel.gif\" class=\"a-lazy-loaded\" data-src=\"https:\/\/m.media-amazon.com\/images\/S\/aplus-media-library-service-media\/78eaefb3-3bb3-4fe0-9961-2ea366b88aa8.__CR0,0,362,453_PT0_SX362_V1___.jpg\"><img decoding=\"async\" alt=\"aplus content image\" src=\"https:\/\/m.media-amazon.com\/images\/S\/aplus-media-library-service-media\/78eaefb3-3bb3-4fe0-9961-2ea366b88aa8.__CR0,0,362,453_PT0_SX362_V1___.jpg\">  <\/p>\n<p>                                              <img decoding=\"async\" alt=\"aplus content image\" src=\"https:\/\/images-na.ssl-images-amazon.com\/images\/G\/01\/x-locale\/common\/grey-pixel.gif\" class=\"a-lazy-loaded\" data-src=\"https:\/\/m.media-amazon.com\/images\/S\/aplus-media-library-service-media\/16a63067-0258-486f-88f6-002f84cb786b.__CR0,0,362,453_PT0_SX362_V1___.jpg\"><img decoding=\"async\" alt=\"aplus content image\" src=\"https:\/\/m.media-amazon.com\/images\/S\/aplus-media-library-service-media\/16a63067-0258-486f-88f6-002f84cb786b.__CR0,0,362,453_PT0_SX362_V1___.jpg\">  <\/p>\n<p>                                              <img decoding=\"async\" alt=\"Serie de fotos sinceras que muestran a un gato peque\u00f1o abrazado mientras lleva un su\u00e9ter de color melocot\u00f3n\/salm\u00f3n en diferentes poses.\" src=\"https:\/\/images-na.ssl-images-amazon.com\/images\/G\/01\/x-locale\/common\/grey-pixel.gif\" class=\"a-lazy-loaded\" data-src=\"https:\/\/m.media-amazon.com\/images\/S\/aplus-media-library-service-media\/5288b5f0-6e09-49e7-8ffa-92314093dc0e.__CR0,0,362,453_PT0_SX362_V1___.jpg\"><img decoding=\"async\" alt=\"Serie de fotos sinceras que muestran a un gato peque\u00f1o abrazado mientras lleva un su\u00e9ter de color melocot\u00f3n\/salm\u00f3n en diferentes poses.\" src=\"https:\/\/m.media-amazon.com\/images\/S\/aplus-media-library-service-media\/5288b5f0-6e09-49e7-8ffa-92314093dc0e.__CR0,0,362,453_PT0_SX362_V1___.jpg\">  <\/p>\n<p> Batteries                                            \u200f                                            :                                            \u200e                                            1 9V batteries required. (included)   <br \/> Product Dimensions                                            \u200f                                            :                                            \u200e                                            24.12 x 16.01 x 0.83 cm; 420 g   <br \/> Manufacturer                                            \u200f                                            :                                            \u200e                                            TABWEE   <br \/> ASIN                                            \u200f                                            :                                            \u200e                                            B0FJ5QM31X   <br \/> Item model number                                            \u200f                                            :                                            \u200e                                            B0FJ5QM31X   <br \/> Country of origin                                            \u200f                                            :                                            \u200e                                            Hong Kong   <br \/> Guaranteed software updates until                                            \u200f                                            :                                            \u200e                                            unknown   <br \/>  Customer reviews:                                                                                            4.5               4.5 out of 5 stars                                  (54)                                              var dpAcrHasRegisteredArcLinkClickAction;                    P.when(&#8216;A&#8217;, &#8216;ready&#8217;).execute(function(A) {                        if (dpAcrHasRegisteredArcLinkClickAction !== true) {                            dpAcrHasRegisteredArcLinkClickAction = true;                            A.declarative(                                &#8216;acrLink-click-metrics&#8217;, &#8216;click&#8217;,                                { \u00aballowLinkDefault\u00bb: true },                                function (event) {                                    if (window.ue) {                                        ue.count(\u00abacrLinkClickCount\u00bb, (ue.count(\u00abacrLinkClickCount\u00bb) || 0) + 1);                                    }                                }                            );                        }                    });                                             P.when(&#8216;A&#8217;, &#8216;cf&#8217;).execute(function(A) {                A.declarative(&#8216;acrStarsLink-click-metrics&#8217;, &#8216;click&#8217;, { \u00aballowLinkDefault\u00bb : true },  function(event){                    if(window.ue) {                        ue.count(\u00abacrStarsLinkWithPopoverClickCount\u00bb, (ue.count(\u00abacrStarsLinkWithPopoverClickCount\u00bb) || 0) + 1);                    }                });            });                          <\/p>\n<p>Complete Accessories | Four Year Warranty | Official Certification: Ideal for both work and gift giving, the TABWEE T20 Tablet Android 16 includes keyboard, mouse, stylus, case, stand and tempered glass, a powerful two-in-one package. This product has passed EU certifications, such as CE, ERP, WEEE and RoHS, which guarantees its quality. We also offer a four-year manufacturer&#8217;s warranty and lifetime technical support, for your peace of mind after purchase. It is an excellent choice for personal use or as a gift for friends and family.<br \/>Leading Android 16 + Gemini Artificial Intelligence 2.0: The T20 tablet incorporates the world&#8217;s first Android 16, offering comprehensive performance improvements. An enhanced privacy dashboard and app permission management protect your data comprehensively. An improved interactive engine ensures smoother animations and faster application startup, ensuring smooth, long-lasting use. Combined with the new generation of Google Gemini AI 2.0, it enables intelligent conversations, voice recognition and real-time translation. From interactive fluency to a smart experience, it outperforms previous Android 15\/14 systems.<br \/>24GB+256GB, expandable up to 2TB: The TABWEE T20 tablet features 24GB of memory (8GB physical + 16GB virtual), allowing you to smoothly run Adobe applications, large games and more than 20 browser tabs simultaneously, switching between them without interruption. Built-in 256GB storage can hold more than 100,000 photos or 500 HD videos, meeting the storage needs of large design files. It also supports MicroSD cards to expand up to 2TB. Whether you&#8217;re creating content, multitasking at once, or enjoying audio and video, you can forget about the \u00abunderstorage\u00bb message.<br \/>Widevine L1 HD + Immersive Stereo Sound: Create a Mobile Private Cinema. The TABWEE T20 10-inch tablet is Widevine L1 certified, ensuring you enjoy true Full HD 1080p content from major platforms like YouTube, Disney+ and Amazon Prime Video. With its Smart-K dual speakers, it delivers high-quality stereo sound and deep bass for an immersive visual experience. The IPS display offers lifelike colors and an anti-glare coating, ensuring comfortable viewing, whether you&#8217;re watching a night show on the couch, watching videos while cooking or enjoying a family movie.<br \/>LONG BATTERY LIFE &#038; ENERGY SAVING WITH AI: The TABWEE T20 Tablet with Keyboard features a large built-in 5000mAh battery. Thanks to the AI Power Saving Mode, it automatically learns your usage habits and optimizes power consumption in the background, extending battery life by up to 25% compared to similar tablets. Whether you enjoy 8 hours of continuous TV, 6 hours of moderate games, or 32 hours of continuous music while camping, it&#8217;s your ideal companion for everything from reading on the way to work to working in a coffee shop or enjoying audio-visual entertainment anywhere.<br \/>Dual AI Camera + Google Lens Smart Object Recognition: The TABWEE T20 tablet 256gb features an 8MP smart rear camera that allows you to easily capture detailed and authentic color landscapes and portraits. Scene optimization with AI lets you enhance photos of everything from food to sunsets to pets with a single touch. Its main feature, Google Lens, recognizes objects, text and landmarks in real time, making it incredibly convenient to translate, buy and search for information. Advanced facial recognition technology also allows instant and secure password free unlock.<br \/>Take it anywhere with ease: The TABWEE T20 tablet easily connects to Bluetooth 5.0 and high-speed 5G Wi-Fi for smooth streaming and fast downloads! The quad navigation system (GPS, GLONASS, Beidou, Galileo) ensures accurate location tracking for maps and applications. 3.5mm headphone jack allows you to enjoy wired audio privately. Plus, this slim and lightweight tablet is your perfect travel companion.<\/p>\n\n","protected":false},"excerpt":{"rendered":"<p> From the brand TABWEE Tablet Batteries \u200f : \u200e 1 9V batteries required. (included) Product<\/p>","protected":false},"featured_media":30196,"comment_status":"open","ping_status":"closed","template":"","meta":[],"product_brand":[],"product_cat":[95],"product_tag":[631,1624,6210,391,632,841,912,1113,1611,518,629,659,637,587,6209,1623,157,636,635,725,916,628,634,633,630,1128],"class_list":{"0":"post-30195","1":"product","2":"type-product","3":"status-publish","4":"has-post-thumbnail","6":"product_cat-windows-tablets","7":"product_tag-2-in-1-tablet","8":"product_tag-5000mah","9":"product_tag-8mp5mp","10":"product_tag-android","11":"product_tag-business-tablet-windows","12":"product_tag-face","13":"product_tag-gemini","14":"product_tag-gps","15":"product_tag-inches","16":"product_tag-keyboard","17":"product_tag-microsoft-surface-tablet","18":"product_tag-octacore","19":"product_tag-portable-windows-tablet","20":"product_tag-ram","21":"product_tag-rom2","22":"product_tag-t20","23":"product_tag-tablet","24":"product_tag-tablet-laptop-combo","25":"product_tag-touchscreen-windows-tablet","26":"product_tag-warranty","27":"product_tag-widevine","28":"product_tag-windows-tablet","29":"product_tag-windows-tablet-for-work","30":"product_tag-windows-tablet-price","31":"product_tag-windows-tablet-with-keyboard","32":"product_tag-year","34":"first","35":"instock","36":"sale","37":"shipping-taxable","38":"product-type-external"},"_links":{"self":[{"href":"https:\/\/comprasyconsejos.store\/en\/wp-json\/wp\/v2\/product\/30195","targetHints":{"allow":["GET"]}}],"collection":[{"href":"https:\/\/comprasyconsejos.store\/en\/wp-json\/wp\/v2\/product"}],"about":[{"href":"https:\/\/comprasyconsejos.store\/en\/wp-json\/wp\/v2\/types\/product"}],"replies":[{"embeddable":true,"href":"https:\/\/comprasyconsejos.store\/en\/wp-json\/wp\/v2\/comments?post=30195"}],"version-history":[{"count":0,"href":"https:\/\/comprasyconsejos.store\/en\/wp-json\/wp\/v2\/product\/30195\/revisions"}],"wp:featuredmedia":[{"embeddable":true,"href":"https:\/\/comprasyconsejos.store\/en\/wp-json\/wp\/v2\/media\/30196"}],"wp:attachment":[{"href":"https:\/\/comprasyconsejos.store\/en\/wp-json\/wp\/v2\/media?parent=30195"}],"wp:term":[{"taxonomy":"product_brand","embeddable":true,"href":"https:\/\/comprasyconsejos.store\/en\/wp-json\/wp\/v2\/product_brand?post=30195"},{"taxonomy":"product_cat","embeddable":true,"href":"https:\/\/comprasyconsejos.store\/en\/wp-json\/wp\/v2\/product_cat?post=30195"},{"taxonomy":"product_tag","embeddable":true,"href":"https:\/\/comprasyconsejos.store\/en\/wp-json\/wp\/v2\/product_tag?post=30195"}],"curies":[{"name":"wp","href":"https:\/\/api.w.org\/{rel}","templated":true}]}}