{"id":30216,"date":"2026-02-22T06:50:09","date_gmt":"2026-02-22T06:50:09","guid":{"rendered":"https:\/\/comprasyconsejos.store\/product\/lenovo-ideapad-slim-3i-laptop-con-pantalla-tactil-fhd-de-15-6-pulgadas-intel-10-core-i7-1355u-de-13a-generacion-16-gb-lpddr5-ram-ssd-de-1-tb-graficos-intel-iris-xe-teclado-retroiluminado-wi-fi\/"},"modified":"2026-02-22T06:50:12","modified_gmt":"2026-02-22T06:50:12","slug":"lenovo-ideapad-slim-3i-laptop-con-pantalla-tactil-fhd-de-15-6-pulgadas-intel-10-core-i7-1355u-de-13a-generacion-16-gb-lpddr5-ram-ssd-de-1-tb-graficos-intel-iris-xe-teclado-retroiluminado-wi-fi","status":"publish","type":"product","link":"https:\/\/comprasyconsejos.store\/en\/product\/lenovo-ideapad-slim-3i-laptop-con-pantalla-tactil-fhd-de-15-6-pulgadas-intel-10-core-i7-1355u-de-13a-generacion-16-gb-lpddr5-ram-ssd-de-1-tb-graficos-intel-iris-xe-teclado-retroiluminado-wi-fi\/","title":{"rendered":"Lenovo IdeaPad Slim 3i &#8211; Laptop con pantalla t\u00e1ctil FHD de 15.6 pulgadas, Intel 10-Core i7-1355U de 13\u00aa generaci\u00f3n, 16 GB LPDDR5 RAM, SSD de 1 TB, gr\u00e1ficos Intel Iris Xe, teclado retroiluminado, Wi-Fi"},"content":{"rendered":"<p>Price: <span style=\"color:#b12704\">\u20ac1,176.61<\/span><br \/><i><small>(as of Feb 22, 2026 06:50:09 UTC &#8211; <span class=\"wp_automatic_amazon_disclaimer\" title=\"Product prices and availability are accurate as of the date\/time indicated and are subject to change. Any price and availability information displayed on [relevant Amazon Site(s), as applicable] at the time of purchase will apply to the purchase of this product.\">Details<\/span>)<\/small><\/i><\/p>\n<p><a href=\"https:\/\/amazon.es\/dp\/B0G64H2ZR6?tag=man008-21\"><img decoding=\"async\" src=\"https:\/\/valvepress.s3.amazonaws.com\/imgs\/buy_now.png\"><\/a><br \/>\n<br \/>\n    <span><\/p>\n<p>Descripci\u00f3n del producto: <\/p>\n<p>El Lenovo IdeaPad Slim 3i en gris \u00e1rtico est\u00e1 dise\u00f1ado para usuarios en movimiento. Es un 10% m\u00e1s delgado que antes, ofreciendo una construcci\u00f3n duradera de grado militar. Potencia a trav\u00e9s de tareas con un Intel Core i7 y 16 GB de RAM, mientras disfrutas de la pantalla IPS FHD. El Smart Power se ajusta para una mayor duraci\u00f3n de la bater\u00eda, y la conectividad se mejora con un puerto tipo C de funci\u00f3n completa. <\/p>\n<p>Especificaciones t\u00e9cnicas: <\/p>\n<p><\/span><\/p>\n<ul class=\"a-unordered-list a-vertical\">\n<li><span class=\"a-list-item\"><span><br \/>Procesador: Intel Core i7-1335U de 13\u00aa generaci\u00f3n. <\/span><\/span><\/li>\n<li><span class=\"a-list-item\"><span><br \/>Gr\u00e1ficos: gr\u00e1ficos Intel Iris Xe. <\/span><\/span><\/li>\n<li><span class=\"a-list-item\"><span><br \/>Pantalla: pantalla t\u00e1ctil IPS LCD de 15.6 pulgadas FHD (1920 x 1080), 88% AAR, certificado TUV. <\/span><\/span><\/li>\n<li><span class=\"a-list-item\"><span><br \/>N\u00famero de n\u00facleos de CPU: 10 n\u00facleos. <\/span><\/span><\/li>\n<li><span class=\"a-list-item\"><span><br \/>Memoria: 16 GB LPDDR5 RAM. <\/span><\/span><\/li>\n<li><span class=\"a-list-item\"><span><br \/>Almacenamiento interno: SSD de 1 TB. <\/span><\/span><\/li>\n<li><span class=\"a-list-item\"><span><br \/>Chip de audio: audio de alta definici\u00f3n (HD). <\/span><\/span><\/li>\n<li><span class=\"a-list-item\"><span><br \/>Adaptador de corriente: punta redonda de 65 W (3 pines). <\/span><\/span><\/li>\n<li><span class=\"a-list-item\"><span><br \/>Caracter\u00edsticas: c\u00e1mara web 720P con obturador de privacidad, pantalla t\u00e1ctil, teclado retroiluminado, ranura para tarjeta de memoria, teclado num\u00e9rico. <\/span><\/span><\/li>\n<li><span class=\"a-list-item\"><span><br \/>Inal\u00e1mbrico: Wi-Fi 6, 802.11ax 2&#215;2 + BT5.2. <\/span><\/span><\/li>\n<li><span class=\"a-list-item\"><span><br \/>Puertos est\u00e1ndar: 1 HDMI, 2 USB-A, 1 USB-C, 1 lector de tarjetas SD, 1 combo de auriculares\/micr\u00f3fono. <\/span><\/span><\/li>\n<li><span class=\"a-list-item\"><span><br \/>Duraci\u00f3n de la bater\u00eda: hasta 8 horas. <\/span><\/span><\/li>\n<li><span class=\"a-list-item\"><span><br \/>Color de la caja: gris \u00e1rtico. <\/span><\/span><\/li>\n<li><span class=\"a-list-item\"><span><br \/>Dimensiones (ancho x profundidad x alto): 9.29 x 14.18 x 0.70 pulgadas. <\/span><\/span><\/li>\n<li><span class=\"a-list-item\"><span><br \/>Peso: 1,6 kg. <\/span><\/span><\/li>\n<li><span class=\"a-list-item\"><span><br \/>Sistema operativo: Windows 11 Home, ingl\u00e9s. <\/span><\/span><\/li>\n<li><span class=\"a-list-item\"><span><br \/>Accesorios: bol\u00edgrafo USB de 16 GB. <\/span><\/span><\/li>\n<li><span class=\"a-list-item\"><\/span><\/li>\n<\/ul>\n<p> Product Dimensions                                            \u200f                                            :                                            \u200e                                            36.02 x 23.6 x 1.78 cm; 2.72 kg   <br \/> Manufacturer                                            \u200f                                            :                                            \u200e                                            Lenovo   <br \/> ASIN                                            \u200f                                            :                                            \u200e                                            B0G64H2ZR6   <br \/> Item model number                                            \u200f                                            :                                            \u200e                                            Intel   <br \/> Guaranteed software updates until                                            \u200f                                            :                                            \u200e                                            unknown   <br \/>  Customer reviews:                                                                                            5.0               5.0 out of 5 stars                                  (2)                                              var dpAcrHasRegisteredArcLinkClickAction;                    P.when(&#8216;A&#8217;, &#8216;ready&#8217;).execute(function(A) {                        if (dpAcrHasRegisteredArcLinkClickAction !== true) {                            dpAcrHasRegisteredArcLinkClickAction = true;                            A.declarative(                                &#8216;acrLink-click-metrics&#8217;, &#8216;click&#8217;,                                { \u00aballowLinkDefault\u00bb: true },                                function (event) {                                    if (window.ue) {                                        ue.count(\u00abacrLinkClickCount\u00bb, (ue.count(\u00abacrLinkClickCount\u00bb) || 0) + 1);                                    }                                }                            );                        }                    });                                             P.when(&#8216;A&#8217;, &#8216;cf&#8217;).execute(function(A) {                A.declarative(&#8216;acrStarsLink-click-metrics&#8217;, &#8216;click&#8217;, { \u00aballowLinkDefault\u00bb : true },  function(event){                    if(window.ue) {                        ue.count(\u00abacrStarsLinkWithPopoverClickCount\u00bb, (ue.count(\u00abacrStarsLinkWithPopoverClickCount\u00bb) || 0) + 1);                    }                });            });                          <\/p>\n<p>Pantalla t\u00e1ctil de 15.6 pulgadas: pantalla IPS FHD lista para negocios con 88% AAR y biseles ultrafinos de 4 lados para una productividad enfocada; la luz azul baja certificada por TUV reduce la fatiga ocular durante sesiones de trabajo prolongadas; los altavoces frontales Dolby Audio garantizan un sonido claro y de grado profesional para llamadas y presentaciones.<br \/>Potente rendimiento empresarial: procesador Intel Core i7-1355U de 13\u00aa generaci\u00f3n con 10 n\u00facleos y gr\u00e1ficos Intel Iris Xe para una multitarea perfecta, renderizado r\u00e1pido y im\u00e1genes de grado profesional, ideal para cargas de trabajo exigentes, presentaciones y tareas pesadas de datos.<br \/>RAM LPDDR5 ultra eficiente de 16 GB + almacenamiento SSD de 1 TB: multitarea ultrarr\u00e1pida con acceso a datos sin problemas, asegurando un rendimiento suave para an\u00e1lisis empresariales, manejo de archivos grandes y multitarea en aplicaciones exigentes.<br \/>Conectividad vers\u00e1til y productividad mejorada: cuenta con m\u00faltiples puertos USB, HDMI y lector de tarjetas SD para una integraci\u00f3n perfecta de perif\u00e9ricos; teclado retroiluminado para escribir en entornos con poca luz, lector de huellas dactilares para un acceso seguro y bater\u00eda de 8 horas de larga duraci\u00f3n para alimentar viajes de negocios y d\u00edas laborables prolongados.<br \/>Windows 11 Home: Windows 11 Home para mayor seguridad, colaboraci\u00f3n perfecta y herramientas de productividad intuitivas adaptadas a flujos de trabajo profesionales modernos. Bol\u00edgrafo USB EAT de 16 GB<\/p>\n\n","protected":false},"excerpt":{"rendered":"<p> Descripci\u00f3n del producto: El Lenovo IdeaPad Slim 3i en gris \u00e1rtico est\u00e1 dise\u00f1ado para usuarios<\/p>","protected":false},"featured_media":30217,"comment_status":"open","ping_status":"closed","template":"","meta":[],"product_brand":[],"product_cat":[87],"product_tag":[597,8778,557,555,3994,639,3997,8779,3561,5930,562,3557,159,1054,550,556,793,4109,554,4035,587,7068,288,549,513,4110,4021,548,552,553,551,543],"class_list":{"0":"post-30216","1":"product","2":"type-product","3":"status-publish","4":"has-post-thumbnail","6":"product_cat-ultrabook","7":"product_tag-10core","8":"product_tag-13a","9":"product_tag-best-ultrabook","10":"product_tag-business-ultrabook","11":"product_tag-con","12":"product_tag-fhd","13":"product_tag-generacion","14":"product_tag-graficos","15":"product_tag-i71355u","16":"product_tag-ideapad","17":"product_tag-intel","18":"product_tag-iris","19":"product_tag-laptop","20":"product_tag-lenovo","21":"product_tag-lightweight-ultrabook","22":"product_tag-long-battery-ultrabook","23":"product_tag-lpddr5","24":"product_tag-pantalla","25":"product_tag-premium-ultrabook","26":"product_tag-pulgadas","27":"product_tag-ram","28":"product_tag-retroiluminado","29":"product_tag-slim","30":"product_tag-slim-ultrabook","31":"product_tag-ssd","32":"product_tag-tactil","33":"product_tag-teclado","34":"product_tag-ultrabook","35":"product_tag-ultrabook-14-inch","36":"product_tag-ultrabook-i7","37":"product_tag-ultrabook-with-ssd","38":"product_tag-wifi","40":"first","41":"instock","42":"shipping-taxable","43":"product-type-external"},"_links":{"self":[{"href":"https:\/\/comprasyconsejos.store\/en\/wp-json\/wp\/v2\/product\/30216","targetHints":{"allow":["GET"]}}],"collection":[{"href":"https:\/\/comprasyconsejos.store\/en\/wp-json\/wp\/v2\/product"}],"about":[{"href":"https:\/\/comprasyconsejos.store\/en\/wp-json\/wp\/v2\/types\/product"}],"replies":[{"embeddable":true,"href":"https:\/\/comprasyconsejos.store\/en\/wp-json\/wp\/v2\/comments?post=30216"}],"version-history":[{"count":0,"href":"https:\/\/comprasyconsejos.store\/en\/wp-json\/wp\/v2\/product\/30216\/revisions"}],"wp:featuredmedia":[{"embeddable":true,"href":"https:\/\/comprasyconsejos.store\/en\/wp-json\/wp\/v2\/media\/30217"}],"wp:attachment":[{"href":"https:\/\/comprasyconsejos.store\/en\/wp-json\/wp\/v2\/media?parent=30216"}],"wp:term":[{"taxonomy":"product_brand","embeddable":true,"href":"https:\/\/comprasyconsejos.store\/en\/wp-json\/wp\/v2\/product_brand?post=30216"},{"taxonomy":"product_cat","embeddable":true,"href":"https:\/\/comprasyconsejos.store\/en\/wp-json\/wp\/v2\/product_cat?post=30216"},{"taxonomy":"product_tag","embeddable":true,"href":"https:\/\/comprasyconsejos.store\/en\/wp-json\/wp\/v2\/product_tag?post=30216"}],"curies":[{"name":"wp","href":"https:\/\/api.w.org\/{rel}","templated":true}]}}