{"id":30222,"date":"2026-02-22T06:58:11","date_gmt":"2026-02-22T06:58:11","guid":{"rendered":"https:\/\/comprasyconsejos.store\/product\/gigabyte-gaming-a16-cwh-notebook-16-0-165hz-wuxga-intel-core-i7-13620h-nvidia-rtx-5070-32gb-ddr5-5200mhz-1tb-gen4-ssd-win-11-home-2-year-warranty-dolby-atmos-gaming-a16-cwhi3es8-64shh\/"},"modified":"2026-02-22T06:58:12","modified_gmt":"2026-02-22T06:58:12","slug":"gigabyte-gaming-a16-cwh-notebook-16-0-165hz-wuxga-intel-core-i7-13620h-nvidia-rtx-5070-32gb-ddr5-5200mhz-1tb-gen4-ssd-win-11-home-2-year-warranty-dolby-atmos-gaming-a16-cwhi3es8-64shh","status":"publish","type":"product","link":"https:\/\/comprasyconsejos.store\/en\/product\/gigabyte-gaming-a16-cwh-notebook-16-0-165hz-wuxga-intel-core-i7-13620h-nvidia-rtx-5070-32gb-ddr5-5200mhz-1tb-gen4-ssd-win-11-home-2-year-warranty-dolby-atmos-gaming-a16-cwhi3es8-64shh\/","title":{"rendered":"GIGABYTE Gaming A16 CWH Notebook &#8211; 16.0&#8243;, 165Hz WUXGA, Intel Core i7-13620H, NVIDIA RTX 5070, 32GB DDR5 5200MHz, 1TB Gen4 SSD, Win 11 Home, 2 Year Warranty, Dolby Atmos, Gaming A16 CWHI3ES8 64shh"},"content":{"rendered":"<p>Price: <span style=\"color:#b12704\">\u20ac1,726.38<\/span><br \/><i><small>(as of Feb 22, 2026 06:58:11 UTC &#8211; <span class=\"wp_automatic_amazon_disclaimer\" title=\"Product prices and availability are accurate as of the date\/time indicated and are subject to change. Any price and availability information displayed on [relevant Amazon Site(s), as applicable] at the time of purchase will apply to the purchase of this product.\">Details<\/span>)<\/small><\/i><\/p>\n<p><a href=\"https:\/\/amazon.es\/dp\/B0F4KXBPQ1?tag=man008-21\"><img decoding=\"async\" src=\"https:\/\/valvepress.s3.amazonaws.com\/imgs\/buy_now.png\"><\/a><br \/>\n<\/p>\n<p>                                             From the manufacturer   <\/p>\n<p>                                                  <img decoding=\"async\" alt=\"Entorno de configuraci\u00f3n de juego oscuro con texto iluminado que dice \u00abGAME IT ALL\u00bb contra un resplandor azul.\" src=\"https:\/\/images-na.ssl-images-amazon.com\/images\/G\/01\/x-locale\/common\/grey-pixel.gif\" class=\"a-lazy-loaded\" data-src=\"https:\/\/m.media-amazon.com\/images\/S\/aplus-media-library-service-media\/81ff3a5e-7fd4-4c6a-b70e-1e3df48690a9.__CR2,0,1196,370_PT0_SX970_V1___.jpeg\"><img decoding=\"async\" alt=\"Entorno de configuraci\u00f3n de juego oscuro con texto iluminado que dice \u00abGAME IT ALL\u00bb contra un resplandor azul.\" src=\"https:\/\/m.media-amazon.com\/images\/S\/aplus-media-library-service-media\/81ff3a5e-7fd4-4c6a-b70e-1e3df48690a9.__CR2,0,1196,370_PT0_SX970_V1___.jpeg\">  <\/p>\n<p>                                                  <img decoding=\"async\" alt=\"El texto dice: \u00ab165 Hz\u00bb \u00abHDolby\u00bb. La pantalla del port\u00e1til para videojuegos muestra las especificaciones, con un teclado iluminado en color verde azulado y un dise\u00f1o de bisel delgado.\" src=\"https:\/\/images-na.ssl-images-amazon.com\/images\/G\/01\/x-locale\/common\/grey-pixel.gif\" class=\"a-lazy-loaded\" data-src=\"https:\/\/m.media-amazon.com\/images\/S\/aplus-media-library-service-media\/53722eff-a2c0-4b2e-aeba-6bed509607d3.__CR0,0,1200,1200_PT0_SX300_V1___.png\"><img decoding=\"async\" alt=\"El texto dice: \u00ab165 Hz\u00bb \u00abHDolby\u00bb. La pantalla del port\u00e1til para videojuegos muestra las especificaciones, con un teclado iluminado en color verde azulado y un dise\u00f1o de bisel delgado.\" src=\"https:\/\/m.media-amazon.com\/images\/S\/aplus-media-library-service-media\/53722eff-a2c0-4b2e-aeba-6bed509607d3.__CR0,0,1200,1200_PT0_SX300_V1___.png\">  <\/p>\n<h3 class=\"a-spacing-mini\"> GAMING A16 CWHI3ES864SH <\/h3>\n<p> El port\u00e1til GIGABYTE GAMING A16 est\u00e1 impulsado por un procesador Intel H Series, GPUs para port\u00e1tiles NVIDIA GeForce RTX 50 Series y una pantalla de alta frecuencia de actualizaci\u00f3n de 165Hz. Con su relaci\u00f3n de aspecto amplia de 16:10 y una bisagra que se abre hasta 180\u00b0, este port\u00e1til apoya todas tus batallas e incluso tu vida cotidiana. <\/p>\n<p class=\"apm-text-center\">\n                                                      <img decoding=\"async\" alt=\"GPU avanzada de la serie RTX 50\" src=\"https:\/\/images-na.ssl-images-amazon.com\/images\/G\/01\/x-locale\/common\/grey-pixel.gif\" class=\"a-spacing-mini a-lazy-loaded\" data-src=\"https:\/\/m.media-amazon.com\/images\/S\/aplus-media-library-service-media\/24eef299-b4c1-4377-9875-b72d08c62c28.__CR0,0,1200,1200_PT0_SX300_V1___.jpeg\"><img decoding=\"async\" alt=\"GPU avanzada de la serie RTX 50\" src=\"https:\/\/m.media-amazon.com\/images\/S\/aplus-media-library-service-media\/24eef299-b4c1-4377-9875-b72d08c62c28.__CR0,0,1200,1200_PT0_SX300_V1___.jpeg\">  <\/p>\n<p>                                                    GPU avanzada de la serie RTX 50                                       <\/p>\n<p> Impulsadas por NVIDIA Blackwell, las GPU para port\u00e1tiles de la serie GeForce RTX 50 ofrecen un rendimiento innovador para jugadores y creadores. Con un poder de IA avanzado, la serie RTX 50 desbloquea nuevas experiencias y una fidelidad gr\u00e1fica de siguiente nivel. NVIDIA DLSS 4 mejora el rendimiento y los visuales, mientras que NVIDIA Studio eleva los flujos de trabajo creativos, permitiendo a los usuarios lograr resultados excepcionales en juegos y creaci\u00f3n de contenido. <\/p>\n<p class=\"apm-text-center\">\n                                                      <img decoding=\"async\" alt=\"Procesador Intel Core de 13\u00aa Generaci\u00f3n\" src=\"https:\/\/images-na.ssl-images-amazon.com\/images\/G\/01\/x-locale\/common\/grey-pixel.gif\" class=\"a-spacing-mini a-lazy-loaded\" data-src=\"https:\/\/m.media-amazon.com\/images\/S\/aplus-media-library-service-media\/509c9722-c9c8-446c-a845-53bb9f1e2854.__CR0,0,1200,1200_PT0_SX300_V1___.jpeg\"><img decoding=\"async\" alt=\"Procesador Intel Core de 13\u00aa Generaci\u00f3n\" src=\"https:\/\/m.media-amazon.com\/images\/S\/aplus-media-library-service-media\/509c9722-c9c8-446c-a845-53bb9f1e2854.__CR0,0,1200,1200_PT0_SX300_V1___.jpeg\">  <\/p>\n<p>                                                    Procesador Intel Core de 13\u00aa Generaci\u00f3n                                       <\/p>\n<p> Impulsado por los Procesadores Intel Core de 13\u00aa Generaci\u00f3n, el GAMING A16 aumenta la eficiencia general para un rendimiento r\u00e1pido y sensible. Los usuarios pueden transmitir, grabar y ejecutar m\u00faltiples programas inform\u00e1ticos sin compromisos. Disfruta de la jugabilidad m\u00e1s fluida y un procesamiento multimedia sin esfuerzo. <\/p>\n<p class=\"apm-text-center\">\n                                                      <img decoding=\"async\" alt=\"16:10 Relaci\u00f3n de aspecto amplia\" src=\"https:\/\/images-na.ssl-images-amazon.com\/images\/G\/01\/x-locale\/common\/grey-pixel.gif\" class=\"a-spacing-mini a-lazy-loaded\" data-src=\"https:\/\/m.media-amazon.com\/images\/S\/aplus-media-library-service-media\/ef0151d7-0197-4437-9d6c-6e4abb0b9f5c.__CR0,0,1200,1200_PT0_SX300_V1___.jpeg\"><img decoding=\"async\" alt=\"16:10 Relaci\u00f3n de aspecto amplia\" src=\"https:\/\/m.media-amazon.com\/images\/S\/aplus-media-library-service-media\/ef0151d7-0197-4437-9d6c-6e4abb0b9f5c.__CR0,0,1200,1200_PT0_SX300_V1___.jpeg\">  <\/p>\n<p>                                                    16:10 Relaci\u00f3n de aspecto amplia                                       <\/p>\n<p> Sum\u00e9rgete en un movimiento fluido con una pantalla WUXGA (1920&#215;1200) de 165Hz. La alta tasa de refresco reduce el parpadeo y asegura visuales sin retrasos para una ventaja competitiva. Con una relaci\u00f3n de aspecto de 16:10, podr\u00edas gestionar c\u00f3modamente diferentes aplicaciones y ventanas simult\u00e1neamente. Su relaci\u00f3n pantalla-cuerpo del 90% y sus biseles delgados de 4 lados tambi\u00e9n contribuyen a una vista m\u00e1s amplia mientras mantienen un aspecto moderno y elegante. <\/p>\n<p class=\"apm-text-center\">\n                                                      <img decoding=\"async\" alt=\"El texto dice \u00abDolby\u00bb. Teclado para videojuegos con retroiluminaci\u00f3n azul que se muestra en un entorno oscuro con efectos de visualizaci\u00f3n de ondas sonoras circulares.\" src=\"https:\/\/images-na.ssl-images-amazon.com\/images\/G\/01\/x-locale\/common\/grey-pixel.gif\" class=\"a-spacing-mini a-lazy-loaded\" data-src=\"https:\/\/m.media-amazon.com\/images\/S\/aplus-media-library-service-media\/9224e277-dded-4d15-a9f1-4c7e430f38c0.__CR0,0,1200,1200_PT0_SX300_V1___.jpeg\"><img decoding=\"async\" alt=\"El texto dice \u00abDolby\u00bb. Teclado para videojuegos con retroiluminaci\u00f3n azul que se muestra en un entorno oscuro con efectos de visualizaci\u00f3n de ondas sonoras circulares.\" src=\"https:\/\/m.media-amazon.com\/images\/S\/aplus-media-library-service-media\/9224e277-dded-4d15-a9f1-4c7e430f38c0.__CR0,0,1200,1200_PT0_SX300_V1___.jpeg\">  <\/p>\n<p>                                                    Dolby Atmos                                       <\/p>\n<p> Ad\u00e9ntrate en tu cine personal con Dolby Atmos, donde el sonido se mueve a tu alrededor con una claridad y profundidad impresionantes. Ya sea que est\u00e9s jugando, viendo pel\u00edculas o escuchando m\u00fasica, Dolby Atmos crea una experiencia de audio espacial que te atrapa, haciendo que cada detalle se sienta m\u00e1s realista. Con capas ricas de sonido que se adaptan sin problemas a tu entorno, escuchar\u00e1s cada nota, efecto y susurro exactamente como se pretend\u00eda. <\/p>\n<p class=\"apm-text-center\">\n                                                      <img decoding=\"async\" alt=\"aplus content image\" src=\"https:\/\/images-na.ssl-images-amazon.com\/images\/G\/01\/x-locale\/common\/grey-pixel.gif\" class=\"a-spacing-mini a-lazy-loaded\" data-src=\"https:\/\/m.media-amazon.com\/images\/S\/aplus-media-library-service-media\/e0b4a93c-df9c-423f-8fb1-e0a5c66d9689.__CR0,0,1200,1200_PT0_SX300_V1___.jpeg\"><img decoding=\"async\" alt=\"aplus content image\" src=\"https:\/\/m.media-amazon.com\/images\/S\/aplus-media-library-service-media\/e0b4a93c-df9c-423f-8fb1-e0a5c66d9689.__CR0,0,1200,1200_PT0_SX300_V1___.jpeg\">  <\/p>\n<p>                                                    Construido para Gamers                                       <\/p>\n<p> Dise\u00f1ado con una bisagra, teclado y chasis innovadores, el GAMING A16 mejora con estilo tu vida diaria. La vers\u00e1til bisagra de 180\u00b0 que se despliega permite que el port\u00e1til se adapte sin esfuerzo a diferentes escenarios de uso. Con un 106% m\u00e1s de superficie en las teclas y su tecnolog\u00eda Super Silent, la Tecnolog\u00eda de Teclado Golden Curve te permite teclear con precisi\u00f3n sin ruido. Su chasis de acero negro encarna fuerza y resistencia. Equilibrando funcionalidad y est\u00e9tica a la perfecci\u00f3n, esta laptop es la elecci\u00f3n ideal para los gamers. <\/p>\n<p class=\"apm-text-center\">\n                                                      <img decoding=\"async\" alt=\"GiMATE: Tu Agente de IA Personal\" src=\"https:\/\/images-na.ssl-images-amazon.com\/images\/G\/01\/x-locale\/common\/grey-pixel.gif\" class=\"a-spacing-mini a-lazy-loaded\" data-src=\"https:\/\/m.media-amazon.com\/images\/S\/aplus-media-library-service-media\/6334031c-7fa6-49af-b287-d91ef3918166.__CR0,0,1200,1200_PT0_SX300_V1___.jpeg\"><img decoding=\"async\" alt=\"GiMATE: Tu Agente de IA Personal\" src=\"https:\/\/m.media-amazon.com\/images\/S\/aplus-media-library-service-media\/6334031c-7fa6-49af-b287-d91ef3918166.__CR0,0,1200,1200_PT0_SX300_V1___.jpeg\">  <\/p>\n<p>                                                    GiMATE: Tu Agente de IA Personal                                       <\/p>\n<p> Conoce a GiMATE, el asistente impulsado por IA definitivo dise\u00f1ado para elevar el juego, la creatividad y la productividad. M\u00e1s que un centro de control, GiMATE integra sin problemas la gesti\u00f3n de hardware y software, ofreciendo optimizaciones en tiempo real, incluyendo cancelaci\u00f3n de ruido avanzada, ajuste adaptativo de ventiladores y overclocking inteligente. Ya sea que est\u00e9s profundamente inmerso en un juego, editando contenido o en multitarea, GiMATE garantiza un rendimiento sensible y totalmente personalizado. <\/p>\n<p class=\"apm-text-center\">\n                                                      <img decoding=\"async\" alt=\"Refrigeraci\u00f3n Inteligente\" src=\"https:\/\/images-na.ssl-images-amazon.com\/images\/G\/01\/x-locale\/common\/grey-pixel.gif\" class=\"a-spacing-mini a-lazy-loaded\" data-src=\"https:\/\/m.media-amazon.com\/images\/S\/aplus-media-library-service-media\/e2d80f02-a859-498f-b0c1-d6de18d213d3.__CR0,0,1200,1200_PT0_SX300_V1___.jpeg\"><img decoding=\"async\" alt=\"Refrigeraci\u00f3n Inteligente\" src=\"https:\/\/m.media-amazon.com\/images\/S\/aplus-media-library-service-media\/e2d80f02-a859-498f-b0c1-d6de18d213d3.__CR0,0,1200,1200_PT0_SX300_V1___.jpeg\">  <\/p>\n<p>                                                    Refrigeraci\u00f3n Inteligente                                       <\/p>\n<p> La ic\u00f3nica Tecnolog\u00eda de Refrigeraci\u00f3n WINDFORCE del GAMING A16 presenta un dise\u00f1o de doble ventilador acompa\u00f1ado de canalizaci\u00f3n de aire 3D VortX para maximizar los flujos de aire. El Toque Helado permite a los jugadores disfrutar con comodidad a bajas temperaturas. Un dise\u00f1o de ventilaci\u00f3n envolvente ayuda a\u00fan m\u00e1s a mantener el procesador a temperaturas \u00f3ptimas para un funcionamiento consistente, incluso bajo una gran carga. <\/p>\n<p class=\"apm-text-center\">\n                                                      <img decoding=\"async\" alt=\"MUX Switch Technology\" src=\"https:\/\/images-na.ssl-images-amazon.com\/images\/G\/01\/x-locale\/common\/grey-pixel.gif\" class=\"a-spacing-mini a-lazy-loaded\" data-src=\"https:\/\/m.media-amazon.com\/images\/S\/aplus-media-library-service-media\/1ff1b212-c9ba-46b5-9b00-8a7cc1f8155b.__CR0,0,1200,1200_PT0_SX300_V1___.jpeg\"><img decoding=\"async\" alt=\"MUX Switch Technology\" src=\"https:\/\/m.media-amazon.com\/images\/S\/aplus-media-library-service-media\/1ff1b212-c9ba-46b5-9b00-8a7cc1f8155b.__CR0,0,1200,1200_PT0_SX300_V1___.jpeg\">  <\/p>\n<p>                                                    MUX Switch Technology                                       <\/p>\n<p> Optimiza la potencia de tu port\u00e1til con la tecnolog\u00eda MUX Switch. Utiliza la GPU integrada para una mayor duraci\u00f3n de la bater\u00eda durante tareas cotidianas como navegar por la web y editar documentos. Cuando llegue el momento de jugar, cambia sin problemas a la GPU discreta con un solo clic para desbloquear tasas de frames m\u00e1s altas y maximizar las capacidades. <\/p>\n<p class=\"apm-text-center\">\n                                                      <img decoding=\"async\" alt=\"Con\u00e9ctalo Todo\" src=\"https:\/\/images-na.ssl-images-amazon.com\/images\/G\/01\/x-locale\/common\/grey-pixel.gif\" class=\"a-spacing-mini a-lazy-loaded\" data-src=\"https:\/\/m.media-amazon.com\/images\/S\/aplus-media-library-service-media\/ac0fb3a5-e693-49cf-bf51-f3ab812974bc.__CR0,0,1200,1200_PT0_SX300_V1___.jpeg\"><img decoding=\"async\" alt=\"Con\u00e9ctalo Todo\" src=\"https:\/\/m.media-amazon.com\/images\/S\/aplus-media-library-service-media\/ac0fb3a5-e693-49cf-bf51-f3ab812974bc.__CR0,0,1200,1200_PT0_SX300_V1___.jpeg\">  <\/p>\n<p>                                                    Con\u00e9ctalo Todo                                       <\/p>\n<p> El GIGABYTE GAMING A16 ofrece m\u00e1s de 12 horas de bater\u00eda y admite una variedad de puertos que van desde dispositivos de entrada amigables hasta conexiones inal\u00e1mbricas, dise\u00f1ados para realizar flujos de trabajo integrales con productividad y pueden integrarse de manera eficiente con tus perif\u00e9ricos. <\/p>\n<p> Batteries                                            \u200f                                            :                                            \u200e                                            1 Lithium Polymer batteries required. (included)   <br \/> Package Dimensions                                            \u200f                                            :                                            \u200e                                            41.9 x 32 x 9.3 cm; 2.2 kg   <br \/> Manufacturer                                            \u200f                                            :                                            \u200e                                            Gigabyte   <br \/> ASIN                                            \u200f                                            :                                            \u200e                                            B0F4KXBPQ1   <br \/> Item model number                                            \u200f                                            :                                            \u200e                                            GAMING A16 CWHI3ES864SH   <br \/> Guaranteed software updates until                                            \u200f                                            :                                            \u200e                                            unknown   <br \/>  Customer reviews:                                                                                            5.0               5.0 out of 5 stars                                  (1)                                              var dpAcrHasRegisteredArcLinkClickAction;                    P.when(&#8216;A&#8217;, &#8216;ready&#8217;).execute(function(A) {                        if (dpAcrHasRegisteredArcLinkClickAction !== true) {                            dpAcrHasRegisteredArcLinkClickAction = true;                            A.declarative(                                &#8216;acrLink-click-metrics&#8217;, &#8216;click&#8217;,                                { \u00aballowLinkDefault\u00bb: true },                                function (event) {                                    if (window.ue) {                                        ue.count(\u00abacrLinkClickCount\u00bb, (ue.count(\u00abacrLinkClickCount\u00bb) || 0) + 1);                                    }                                }                            );                        }                    });                                             P.when(&#8216;A&#8217;, &#8216;cf&#8217;).execute(function(A) {                A.declarative(&#8216;acrStarsLink-click-metrics&#8217;, &#8216;click&#8217;, { \u00aballowLinkDefault\u00bb : true },  function(event){                    if(window.ue) {                        ue.count(\u00abacrStarsLinkWithPopoverClickCount\u00bb, (ue.count(\u00abacrStarsLinkWithPopoverClickCount\u00bb) || 0) + 1);                    }                });            });                          <\/p>\n<p>Windows 11 Home<br \/>NVIDIA GeForce RTX 5070 Laptop GPUs<br \/>13th Gen Intel Core i7-13620H<br \/>16.0&#8243; 16:10 165Hz WUXGA (1920&#215;1200) IPS Display<br \/>WINDFORCE Cooling System<br \/>Supports MUX Switch, Dolby Atmos, DDR5 memory and Wi-Fi 6E<\/p>\n\n","protected":false},"excerpt":{"rendered":"<p> From the manufacturer GAMING A16 CWHI3ES864SH El port\u00e1til GIGABYTE GAMING A16 est\u00e1 impulsado por un<\/p>","protected":false},"featured_media":30223,"comment_status":"open","ping_status":"closed","template":"","meta":[],"product_brand":[],"product_cat":[86],"product_tag":[526,3745,602,902,2575,8782,675,4409,520,698,8780,8781,623,4408,617,519,524,521,525,522,1118,1581,523,626,1776,562,1067,821,528,527,621,513,725,586,1312,1128],"class_list":{"0":"post-30222","1":"product","2":"type-product","3":"status-publish","4":"has-post-thumbnail","6":"product_cat-gaming-laptop","7":"product_tag-144hz-gaming-laptop","8":"product_tag-165hz","9":"product_tag-1tb","10":"product_tag-32gb","11":"product_tag-5200mhz","12":"product_tag-64shh","13":"product_tag-a16","14":"product_tag-atmos","15":"product_tag-best-gaming-laptop","16":"product_tag-core","17":"product_tag-cwh","18":"product_tag-cwhi3es8","19":"product_tag-ddr5","20":"product_tag-dolby","21":"product_tag-gaming","22":"product_tag-gaming-laptop","23":"product_tag-gaming-laptop-16gb-ram","24":"product_tag-gaming-laptop-rtx","25":"product_tag-gaming-laptop-ssd","26":"product_tag-gaming-laptop-under-budget","27":"product_tag-gen4","28":"product_tag-gigabyte","29":"product_tag-high-performance-laptop","30":"product_tag-home","31":"product_tag-i713620h","32":"product_tag-intel","33":"product_tag-notebook","34":"product_tag-nvidia","35":"product_tag-portable-gaming-laptop","36":"product_tag-rgb-gaming-laptop","37":"product_tag-rtx","38":"product_tag-ssd","39":"product_tag-warranty","40":"product_tag-win","41":"product_tag-wuxga","42":"product_tag-year","44":"first","45":"instock","46":"shipping-taxable","47":"product-type-external"},"_links":{"self":[{"href":"https:\/\/comprasyconsejos.store\/en\/wp-json\/wp\/v2\/product\/30222","targetHints":{"allow":["GET"]}}],"collection":[{"href":"https:\/\/comprasyconsejos.store\/en\/wp-json\/wp\/v2\/product"}],"about":[{"href":"https:\/\/comprasyconsejos.store\/en\/wp-json\/wp\/v2\/types\/product"}],"replies":[{"embeddable":true,"href":"https:\/\/comprasyconsejos.store\/en\/wp-json\/wp\/v2\/comments?post=30222"}],"version-history":[{"count":0,"href":"https:\/\/comprasyconsejos.store\/en\/wp-json\/wp\/v2\/product\/30222\/revisions"}],"wp:featuredmedia":[{"embeddable":true,"href":"https:\/\/comprasyconsejos.store\/en\/wp-json\/wp\/v2\/media\/30223"}],"wp:attachment":[{"href":"https:\/\/comprasyconsejos.store\/en\/wp-json\/wp\/v2\/media?parent=30222"}],"wp:term":[{"taxonomy":"product_brand","embeddable":true,"href":"https:\/\/comprasyconsejos.store\/en\/wp-json\/wp\/v2\/product_brand?post=30222"},{"taxonomy":"product_cat","embeddable":true,"href":"https:\/\/comprasyconsejos.store\/en\/wp-json\/wp\/v2\/product_cat?post=30222"},{"taxonomy":"product_tag","embeddable":true,"href":"https:\/\/comprasyconsejos.store\/en\/wp-json\/wp\/v2\/product_tag?post=30222"}],"curies":[{"name":"wp","href":"https:\/\/api.w.org\/{rel}","templated":true}]}}