{"id":30234,"date":"2026-02-22T07:07:01","date_gmt":"2026-02-22T07:07:01","guid":{"rendered":"https:\/\/comprasyconsejos.store\/product\/case-compatible-with-2025-2024-2022-macbook-air-13-6-inch-m4-a3240-m3-a3113-m2-a2681-slim-plastic-hard-shell-case-keyboard-cover-for-macbook-air-13-6-clear-glass\/"},"modified":"2026-02-22T07:07:11","modified_gmt":"2026-02-22T07:07:11","slug":"case-compatible-with-2025-2024-2022-macbook-air-13-6-inch-m4-a3240-m3-a3113-m2-a2681-slim-plastic-hard-shell-case-keyboard-cover-for-macbook-air-13-6-clear-glass","status":"publish","type":"product","link":"https:\/\/comprasyconsejos.store\/en\/product\/case-compatible-with-2025-2024-2022-macbook-air-13-6-inch-m4-a3240-m3-a3113-m2-a2681-slim-plastic-hard-shell-case-keyboard-cover-for-macbook-air-13-6-clear-glass\/","title":{"rendered":"Case Compatible with 2025 2024 2022 MacBook Air 13.6 inch M4 A3240 \/ M3 A3113 \/ M2 A2681, Slim Plastic Hard Shell Case + Keyboard Cover for Macbook Air 13.6, Clear Glass"},"content":{"rendered":"<p>Price: <span style=\"color:#b12704\"><del>\u20ac10.99<\/del> - \u20ac9.99<\/span><br \/><i><small>(as of Feb 22, 2026 07:07:01 UTC &#8211; <span class=\"wp_automatic_amazon_disclaimer\" title=\"Product prices and availability are accurate as of the date\/time indicated and are subject to change. Any price and availability information displayed on [relevant Amazon Site(s), as applicable] at the time of purchase will apply to the purchase of this product.\">Details<\/span>)<\/small><\/i><\/p>\n<p><a href=\"https:\/\/amazon.es\/dp\/B0B8BYM5CT?tag=man008-21\"><img decoding=\"async\" src=\"https:\/\/valvepress.s3.amazonaws.com\/imgs\/buy_now.png\"><\/a><br \/>\n<\/p>\n<p>                                             Product Description   <\/p>\n<p>                                                                             <img decoding=\"async\" alt=\"de fundas para port\u00e1tiles de INESEON muestra m\u00faltiples opciones de color, incluidos acabados en negro, plateado y oro rosa con un dise\u00f1o de perfil delgado\" src=\"https:\/\/images-na.ssl-images-amazon.com\/images\/G\/01\/x-locale\/common\/grey-pixel.gif\" class=\"a-spacing-base a-lazy-loaded\" data-src=\"https:\/\/m.media-amazon.com\/images\/S\/aplus-media-library-service-media\/efb7b962-ae97-4e7f-ba92-d45a0fda4d25.__CR0,0,2000,1237_PT0_SX970_V1___.jpg\"><img decoding=\"async\" alt=\"de fundas para port\u00e1tiles de INESEON muestra m\u00faltiples opciones de color, incluidos acabados en negro, plateado y oro rosa con un dise\u00f1o de perfil delgado\" src=\"https:\/\/m.media-amazon.com\/images\/S\/aplus-media-library-service-media\/efb7b962-ae97-4e7f-ba92-d45a0fda4d25.__CR0,0,2000,1237_PT0_SX970_V1___.jpg\">                                         <\/p>\n<h3 class=\"a-spacing-mini\"> iNeseon Carcasa R\u00edgida y Cubierta Teclado para 2022 2024 2025 MacBook Air 13,6 Pulgadas M4 M3 M2, Modelo: A3240 \/ A3113 \/ A2681 <\/h3>\n<p>                                                  <img decoding=\"async\" alt=\"en venta: port\u00e1til apple macbook air en venta, macbook air, macbook air, macbook air, macbook air, macbook air, macbook air\" src=\"https:\/\/images-na.ssl-images-amazon.com\/images\/G\/01\/x-locale\/common\/grey-pixel.gif\" class=\"a-lazy-loaded\" data-src=\"https:\/\/m.media-amazon.com\/images\/S\/aplus-media-library-service-media\/072b7c6a-1659-4e70-be9c-32daf20cabde.__CR0,0,300,300_PT0_SX300_V1___.jpg\"><img decoding=\"async\" alt=\"en venta: port\u00e1til apple macbook air en venta, macbook air, macbook air, macbook air, macbook air, macbook air, macbook air\" src=\"https:\/\/m.media-amazon.com\/images\/S\/aplus-media-library-service-media\/072b7c6a-1659-4e70-be9c-32daf20cabde.__CR0,0,300,300_PT0_SX300_V1___.jpg\">  <\/p>\n<h3 class=\"a-spacing-mini\"> Contenido del Paquete: <\/h3>\n<\/p>\n<p>1 * Carcasa R\u00edgida de Pl\u00e1stico para 2022 2024 2025 MacBook Air 13,6 Pulgadas M4 M3 M21 * Cubierta de Teclado Transparente Versi\u00f3n EU     <\/p>\n<p>                                                                             <img decoding=\"async\" alt=\"se muestra desde varios \u00e1ngulos, con un perfil delgado, detalles de teclado y puertos. Muestra el logotipo de Apple en la tapa.\" src=\"https:\/\/images-na.ssl-images-amazon.com\/images\/G\/01\/x-locale\/common\/grey-pixel.gif\" class=\"a-spacing-base a-lazy-loaded\" data-src=\"https:\/\/m.media-amazon.com\/images\/S\/aplus-media-library-service-media\/fdb94dd4-f216-4595-a152-32e5c2a5fd73.__CR0,0,2000,1237_PT0_SX970_V1___.jpg\"><img decoding=\"async\" alt=\"se muestra desde varios \u00e1ngulos, con un perfil delgado, detalles de teclado y puertos. Muestra el logotipo de Apple en la tapa.\" src=\"https:\/\/m.media-amazon.com\/images\/S\/aplus-media-library-service-media\/fdb94dd4-f216-4595-a152-32e5c2a5fd73.__CR0,0,2000,1237_PT0_SX970_V1___.jpg\">                                                                    <\/p>\n<p>                                                                             <img decoding=\"async\" alt=\"se muestra en tres escenas de estilo de vida: en el escritorio con accesorios, en uso en el espacio de trabajo y cuando lo transportan al caminar\" src=\"https:\/\/images-na.ssl-images-amazon.com\/images\/G\/01\/x-locale\/common\/grey-pixel.gif\" class=\"a-spacing-base a-lazy-loaded\" data-src=\"https:\/\/m.media-amazon.com\/images\/S\/aplus-media-library-service-media\/6ec3840c-0d04-4d3f-b290-152db3323884.__CR0,0,1500,928_PT0_SX970_V1___.jpg\"><img decoding=\"async\" alt=\"se muestra en tres escenas de estilo de vida: en el escritorio con accesorios, en uso en el espacio de trabajo y cuando lo transportan al caminar\" src=\"https:\/\/m.media-amazon.com\/images\/S\/aplus-media-library-service-media\/6ec3840c-0d04-4d3f-b290-152db3323884.__CR0,0,1500,928_PT0_SX970_V1___.jpg\">                                                                    <\/p>\n<p>                                                                             <img decoding=\"async\" alt=\"1\" src=\"https:\/\/images-na.ssl-images-amazon.com\/images\/G\/01\/x-locale\/common\/grey-pixel.gif\" class=\"a-spacing-base a-lazy-loaded\" data-src=\"https:\/\/m.media-amazon.com\/images\/S\/aplus-media-library-service-media\/0b41bb1d-fc50-4e18-a1bc-58e85fe0e16a.__CR0,0,970,600_PT0_SX970_V1___.jpg\"><img decoding=\"async\" alt=\"1\" src=\"https:\/\/m.media-amazon.com\/images\/S\/aplus-media-library-service-media\/0b41bb1d-fc50-4e18-a1bc-58e85fe0e16a.__CR0,0,970,600_PT0_SX970_V1___.jpg\">                                         <\/p>\n<h3 class=\"a-spacing-mini\"> ATENCI\u00d3N !!! <\/h3>\n<p class=\"a-spacing-base\"> SOLO Compatible con: <\/p>\n<p class=\"a-spacing-base\">\n<p>2022 MacBook Air 13,6 pulgadas M2, Modelo A26812024 MacBook Air 13,6 pulgadas M3, Modelo A31132025 MacBook Air 13,6 pulgadas M4, Modelo A3240      <\/p>\n<p class=\"a-spacing-base\"> NO Compatible con: <\/p>\n<p class=\"a-spacing-base\">\n<p>\u00d7 2018-2021 MacBook Air 13 Modelo A1932 \/ A2179 \/ A2337 (M1)\u00d7 2010-2017 MacBook Air 13 modelo A1466 \/ A1369\u00d7 MacBook Air 15\u00d7 MacBook Pro 13\/14\/15\/16      <\/p>\n<p class=\"a-spacing-base\"> Aseg\u00farese de que su modelo sea A2681\u3001A3113 o A3240 antes de comprar nuestra funda protectora y que el n\u00famero de modelo \u00abAxxxx\u00bb est\u00e9 impreso en la parte inferior de la MacBook. <\/p>\n<h3 class=\"a-spacing-small\"> Pasos de instalaci\u00f3n: <\/h3>\n<p class=\"apm-text-center\">\n                                                      <img decoding=\"async\" alt=\"1\" src=\"https:\/\/images-na.ssl-images-amazon.com\/images\/G\/01\/x-locale\/common\/grey-pixel.gif\" class=\"a-lazy-loaded\" data-src=\"https:\/\/m.media-amazon.com\/images\/S\/aplus-media-library-service-media\/e1c34dcd-ea97-479b-99b2-9ac16f6dbf5b.__CR0,0,1000,1000_PT0_SX220_V1___.jpg\"><img decoding=\"async\" alt=\"1\" src=\"https:\/\/m.media-amazon.com\/images\/S\/aplus-media-library-service-media\/e1c34dcd-ea97-479b-99b2-9ac16f6dbf5b.__CR0,0,1000,1000_PT0_SX220_V1___.jpg\">  <\/p>\n<p>                                                    Paso 1                                     <\/p>\n<p class=\"a-size-small\"> Encuentra cuatro clips en la cubierta superior (a1, a2, a3, a4); y cuatro clips en la carcasa inferior (b1, b2, b3, b4) <\/p>\n<p class=\"apm-text-center\">\n                                                      <img decoding=\"async\" alt=\"2\" src=\"https:\/\/images-na.ssl-images-amazon.com\/images\/G\/01\/x-locale\/common\/grey-pixel.gif\" class=\"a-lazy-loaded\" data-src=\"https:\/\/m.media-amazon.com\/images\/S\/aplus-media-library-service-media\/11f31e8b-474a-4a76-a67f-25fb823e38c6.__CR0,0,1000,1000_PT0_SX220_V1___.jpg\"><img decoding=\"async\" alt=\"2\" src=\"https:\/\/m.media-amazon.com\/images\/S\/aplus-media-library-service-media\/11f31e8b-474a-4a76-a67f-25fb823e38c6.__CR0,0,1000,1000_PT0_SX220_V1___.jpg\">  <\/p>\n<p>                                                    Paso 2                                     <\/p>\n<p class=\"a-size-small\"> Fije el clip a1 y el clip a2 en la esquina inferior de la parte superior del MacBook <\/p>\n<p class=\"a-size-small\"> Luego presione el clip a3 y el clip a4 para encajarlos en la parte superior de la parte superior <\/p>\n<p class=\"apm-text-center\">\n                                                      <img decoding=\"async\" alt=\"3\" src=\"https:\/\/images-na.ssl-images-amazon.com\/images\/G\/01\/x-locale\/common\/grey-pixel.gif\" class=\"a-lazy-loaded\" data-src=\"https:\/\/m.media-amazon.com\/images\/S\/aplus-media-library-service-media\/13a0a1b2-615a-4168-b5ba-3b8903c6eb2f.__CR0,0,1000,1000_PT0_SX220_V1___.jpg\"><img decoding=\"async\" alt=\"3\" src=\"https:\/\/m.media-amazon.com\/images\/S\/aplus-media-library-service-media\/13a0a1b2-615a-4168-b5ba-3b8903c6eb2f.__CR0,0,1000,1000_PT0_SX220_V1___.jpg\">  <\/p>\n<p>                                                    Paso 3                                     <\/p>\n<p class=\"a-size-small\"> Presione los clips b3 y el clip b4 <\/p>\n<p class=\"apm-text-center\">\n                                                      <img decoding=\"async\" alt=\"4\" src=\"https:\/\/images-na.ssl-images-amazon.com\/images\/G\/01\/x-locale\/common\/grey-pixel.gif\" class=\"a-lazy-loaded\" data-src=\"https:\/\/m.media-amazon.com\/images\/S\/aplus-media-library-service-media\/b0439af5-e12f-4641-a69e-e1f21a550a54.__CR0,0,1000,1000_PT0_SX220_V1___.jpg\"><img decoding=\"async\" alt=\"4\" src=\"https:\/\/m.media-amazon.com\/images\/S\/aplus-media-library-service-media\/b0439af5-e12f-4641-a69e-e1f21a550a54.__CR0,0,1000,1000_PT0_SX220_V1___.jpg\">  <\/p>\n<p>                                                    Paso 4                                     <\/p>\n<p class=\"a-size-small\"> Presione los clips b1 y b2 para encajarlos en el costado de la parte inferior de la MacBook <\/p>\n<p class=\"a-size-small\"> Una vez que los clips b1 y b2 se colocan, la instalaci\u00f3n de la carcasa inferior est\u00e1 terminada y no se puede caer <\/p>\n<p> Package Dimensions                                            \u200f                                            :                                            \u200e                                            30.6 x 22 x 1.4 cm; 260 g   <br \/> Manufacturer                                            \u200f                                            :                                            \u200e                                            iNeseon   <br \/> ASIN                                            \u200f                                            :                                            \u200e                                            B0B8BYM5CT   <br \/> Item model number                                            \u200f                                            :                                            \u200e                                            Voor A2681   <br \/> Country of origin                                            \u200f                                            :                                            \u200e                                            China   <br \/> Guaranteed software updates until                                            \u200f                                            :                                            \u200e                                            unknown   <br \/>  Customer reviews:                                                                                            4.2               4.2 out of 5 stars                                  (7,462)                                              var dpAcrHasRegisteredArcLinkClickAction;                    P.when(&#8216;A&#8217;, &#8216;ready&#8217;).execute(function(A) {                        if (dpAcrHasRegisteredArcLinkClickAction !== true) {                            dpAcrHasRegisteredArcLinkClickAction = true;                            A.declarative(                                &#8216;acrLink-click-metrics&#8217;, &#8216;click&#8217;,                                { \u00aballowLinkDefault\u00bb: true },                                function (event) {                                    if (window.ue) {                                        ue.count(\u00abacrLinkClickCount\u00bb, (ue.count(\u00abacrLinkClickCount\u00bb) || 0) + 1);                                    }                                }                            );                        }                    });                                             P.when(&#8216;A&#8217;, &#8216;cf&#8217;).execute(function(A) {                A.declarative(&#8216;acrStarsLink-click-metrics&#8217;, &#8216;click&#8217;, { \u00aballowLinkDefault\u00bb : true },  function(event){                    if(window.ue) {                        ue.count(\u00abacrStarsLinkWithPopoverClickCount\u00bb, (ue.count(\u00abacrStarsLinkWithPopoverClickCount\u00bb) || 0) + 1);                    }                });            });                          <\/p>\n<p>The 13.6 inch case ONLY compatible with 2025 2024 2022 MacBook Air 13.6 inch M4 M3 M2, Model A3240 \/ A3113 \/ A2681.<br \/>Please carefully check the model number of your laptop before protective case for MacBook Air 13.6 inch M4 M3 M2 (2025 2024 2022 release). The model number (A3240 A3113 A2681) is printed on the bottom of the MacBook Air.<br \/>The hard shell is NOT compatible with 2010-2021 MacBook Air 13 (Model A1369 A1466 A1932 A2179 A2337) and other models not mentioned.<br \/>Access to all ports and fully vented for safe heat dissipation. Attention: the laptop logo is not on the cover.<br \/>Package: 1 * Plastic Hard Case for 2022 2024 2025 MacBook Air 13.6 M2 M3 M4, 1 * EU version keyboard cover, provides basic protection and protects your laptop against scratches, dirt and other damage.<\/p>\n\n","protected":false},"excerpt":{"rendered":"<p> Product Description iNeseon Carcasa R\u00edgida y Cubierta Teclado para 2022 2024 2025 MacBook Air 13,6<\/p>","protected":false},"featured_media":30235,"comment_status":"open","ping_status":"closed","template":"","meta":[],"product_brand":[],"product_cat":[84],"product_tag":[4208,3215,3214,216,496,498,497,994,1023,201,1016,1677,794,584,518,160,502,503,504,499,500,501,505,1145,4209,288],"class_list":{"0":"post-30234","1":"product","2":"type-product","3":"status-publish","4":"has-post-thumbnail","6":"product_cat-apple-macbook","7":"product_tag-a2681","8":"product_tag-a3113","9":"product_tag-a3240","10":"product_tag-air","11":"product_tag-apple-macbook","12":"product_tag-apple-macbook-air","13":"product_tag-apple-macbook-pro","14":"product_tag-case","15":"product_tag-clear","16":"product_tag-compatible","17":"product_tag-cover","18":"product_tag-glass","19":"product_tag-hard","20":"product_tag-inch","21":"product_tag-keyboard","22":"product_tag-macbook","23":"product_tag-macbook-13-inch","24":"product_tag-macbook-15-inch","25":"product_tag-macbook-16-inch","26":"product_tag-macbook-m1","27":"product_tag-macbook-m2","28":"product_tag-macbook-m3","29":"product_tag-macbook-price","30":"product_tag-plastic","31":"product_tag-shell","32":"product_tag-slim","34":"first","35":"instock","36":"sale","37":"shipping-taxable","38":"product-type-external"},"_links":{"self":[{"href":"https:\/\/comprasyconsejos.store\/en\/wp-json\/wp\/v2\/product\/30234","targetHints":{"allow":["GET"]}}],"collection":[{"href":"https:\/\/comprasyconsejos.store\/en\/wp-json\/wp\/v2\/product"}],"about":[{"href":"https:\/\/comprasyconsejos.store\/en\/wp-json\/wp\/v2\/types\/product"}],"replies":[{"embeddable":true,"href":"https:\/\/comprasyconsejos.store\/en\/wp-json\/wp\/v2\/comments?post=30234"}],"version-history":[{"count":0,"href":"https:\/\/comprasyconsejos.store\/en\/wp-json\/wp\/v2\/product\/30234\/revisions"}],"wp:featuredmedia":[{"embeddable":true,"href":"https:\/\/comprasyconsejos.store\/en\/wp-json\/wp\/v2\/media\/30235"}],"wp:attachment":[{"href":"https:\/\/comprasyconsejos.store\/en\/wp-json\/wp\/v2\/media?parent=30234"}],"wp:term":[{"taxonomy":"product_brand","embeddable":true,"href":"https:\/\/comprasyconsejos.store\/en\/wp-json\/wp\/v2\/product_brand?post=30234"},{"taxonomy":"product_cat","embeddable":true,"href":"https:\/\/comprasyconsejos.store\/en\/wp-json\/wp\/v2\/product_cat?post=30234"},{"taxonomy":"product_tag","embeddable":true,"href":"https:\/\/comprasyconsejos.store\/en\/wp-json\/wp\/v2\/product_tag?post=30234"}],"curies":[{"name":"wp","href":"https:\/\/api.w.org\/{rel}","templated":true}]}}