{"id":30252,"date":"2026-02-22T07:22:15","date_gmt":"2026-02-22T07:22:15","guid":{"rendered":"https:\/\/comprasyconsejos.store\/product\/foldable-drone-with-1080p-camera-and-2-8-lcd-screen-obstacle-evasion-brushless-motor-wifi-fpv-quadcopter-trajectory-flight-16-min-flight-time-for-adults-beginners\/"},"modified":"2026-02-22T07:22:20","modified_gmt":"2026-02-22T07:22:20","slug":"foldable-drone-with-1080p-camera-and-2-8-lcd-screen-obstacle-evasion-brushless-motor-wifi-fpv-quadcopter-trajectory-flight-16-min-flight-time-for-adults-beginners","status":"publish","type":"product","link":"https:\/\/comprasyconsejos.store\/en\/product\/foldable-drone-with-1080p-camera-and-2-8-lcd-screen-obstacle-evasion-brushless-motor-wifi-fpv-quadcopter-trajectory-flight-16-min-flight-time-for-adults-beginners\/","title":{"rendered":"Foldable Drone with 1080P Camera and 2.8&#8243; LCD Screen, Obstacle Evasion Brushless Motor, WiFi FPV Quadcopter, Trajectory Flight, 16 Min Flight Time, For Adults\/Beginners"},"content":{"rendered":"<p>Price: <span style=\"color:#b12704\"><del>\u20ac139.99<\/del> - \u20ac72.19<\/span><br \/><i><small>(as of Feb 22, 2026 07:22:15 UTC &#8211; <span class=\"wp_automatic_amazon_disclaimer\" title=\"Product prices and availability are accurate as of the date\/time indicated and are subject to change. Any price and availability information displayed on [relevant Amazon Site(s), as applicable] at the time of purchase will apply to the purchase of this product.\">Details<\/span>)<\/small><\/i><\/p>\n<p><a href=\"https:\/\/amazon.es\/dp\/B0FNR95QD2?tag=man008-21\"><img decoding=\"async\" src=\"https:\/\/valvepress.s3.amazonaws.com\/imgs\/buy_now.png\"><\/a><br \/>\n<\/p>\n<p>                                             Product Description   <\/p>\n<p>                                                                                                       <img decoding=\"async\" alt=\"El texto dice \u00abC\u00e1mara 1080P &amp;amp; Evitaci\u00f3n de Obst\u00e1culo\u00bb que muestra un dron azul volando contra un paisaje monta\u00f1oso como tel\u00f3n de fondo.\" src=\"https:\/\/images-na.ssl-images-amazon.com\/images\/G\/01\/x-locale\/common\/grey-pixel.gif\" class=\"a-lazy-loaded\" data-src=\"https:\/\/m.media-amazon.com\/images\/S\/aplus-media-library-service-media\/bdf66b5d-36d6-4aaa-a536-aed1961c635b.__CR0,0,1464,600_PT0_SX1464_V1___.jpg\"><img decoding=\"async\" alt=\"El texto dice \u00abC\u00e1mara 1080P &amp;amp; Evitaci\u00f3n de Obst\u00e1culo\u00bb que muestra un dron azul volando contra un paisaje monta\u00f1oso como tel\u00f3n de fondo.\" src=\"https:\/\/m.media-amazon.com\/images\/S\/aplus-media-library-service-media\/bdf66b5d-36d6-4aaa-a536-aed1961c635b.__CR0,0,1464,600_PT0_SX1464_V1___.jpg\">                                               <\/p>\n<p>                                                                                                       <img decoding=\"async\" alt=\"aplus content image\" src=\"https:\/\/images-na.ssl-images-amazon.com\/images\/G\/01\/x-locale\/common\/grey-pixel.gif\" class=\"a-lazy-loaded\" data-src=\"https:\/\/m.media-amazon.com\/images\/S\/aplus-media-library-service-media\/732d42b7-7361-4be6-b1e3-dfd4bd6632b6.__CR0,0,1464,600_PT0_SX1464_V1___.jpg\"><img decoding=\"async\" alt=\"aplus content image\" src=\"https:\/\/m.media-amazon.com\/images\/S\/aplus-media-library-service-media\/732d42b7-7361-4be6-b1e3-dfd4bd6632b6.__CR0,0,1464,600_PT0_SX1464_V1___.jpg\">                                               <\/p>\n<p>                                                                                                       <img decoding=\"async\" alt=\"aplus content image\" src=\"https:\/\/images-na.ssl-images-amazon.com\/images\/G\/01\/x-locale\/common\/grey-pixel.gif\" class=\"a-lazy-loaded\" data-src=\"https:\/\/m.media-amazon.com\/images\/S\/aplus-media-library-service-media\/4c2fbde7-3821-46cc-87aa-31f75dd189a4.__CR0,0,1464,600_PT0_SX1464_V1___.jpg\"><img decoding=\"async\" alt=\"aplus content image\" src=\"https:\/\/m.media-amazon.com\/images\/S\/aplus-media-library-service-media\/4c2fbde7-3821-46cc-87aa-31f75dd189a4.__CR0,0,1464,600_PT0_SX1464_V1___.jpg\">                                               <\/p>\n<p>                                                                                                                    <img decoding=\"async\" alt=\"aplus content image\" src=\"https:\/\/m.media-amazon.com\/images\/S\/aplus-media-library-service-media\/e98258f8-2d0e-4f06-abe3-2a23f3076839.__CR0,0,1464,600_PT0_SX1464_V1___.jpg\">                                                    <img decoding=\"async\" alt=\"El texto dice \u00abgiro de 360\u00bb. Fotograf\u00eda a\u00e9rea de un dron azul volando contra un paisaje monta\u00f1oso con un indicador de trayectoria circular superpuesto.\" src=\"https:\/\/m.media-amazon.com\/images\/S\/aplus-media-library-service-media\/1f564cb3-2576-4a03-90e2-49c11f35fdd1.__CR0,0,1464,600_PT0_SX1464_V1___.jpg\">                                                    <img decoding=\"async\" alt=\"aplus content image\" src=\"https:\/\/m.media-amazon.com\/images\/S\/aplus-media-library-service-media\/7fa6952b-170e-4fba-a008-b3a16d008ec4.__CR0,0,1464,600_PT0_SX1464_V1___.jpg\">                                                    <img decoding=\"async\" alt=\"aplus content image\" src=\"https:\/\/m.media-amazon.com\/images\/S\/aplus-media-library-service-media\/b82f2932-4734-4f38-8719-aadbd04daeea.__CR0,0,1464,600_PT0_SX1464_V1___.jpg\">                                                    <img decoding=\"async\" alt=\"aplus content image\" src=\"https:\/\/m.media-amazon.com\/images\/S\/aplus-media-library-service-media\/a2ab8dcc-cf2b-4cef-b702-3da40e268251.__CR0,0,1464,600_PT0_SX1464_V1___.jpg\"><br \/>\n                            1 Tap Fly <\/p>\n<p>                            2 Giro de 360\u00b0 <\/p>\n<p>                            3 Vuelo Estable <\/p>\n<p>                            4 Motor sin Escobillas <\/p>\n<p>                            5 Bater\u00eda de Larga Duraci\u00f3n <\/p>\n<p>                                                                                                       <img decoding=\"async\" alt=\"aplus content image\" src=\"https:\/\/images-na.ssl-images-amazon.com\/images\/G\/01\/x-locale\/common\/grey-pixel.gif\" class=\"a-lazy-loaded\" data-src=\"https:\/\/m.media-amazon.com\/images\/S\/aplus-media-library-service-media\/611ccf55-b6fc-495e-a40e-95985a2c019e.__CR0,0,1464,600_PT0_SX1464_V1___.jpg\"><img decoding=\"async\" alt=\"aplus content image\" src=\"https:\/\/m.media-amazon.com\/images\/S\/aplus-media-library-service-media\/611ccf55-b6fc-495e-a40e-95985a2c019e.__CR0,0,1464,600_PT0_SX1464_V1___.jpg\">                                               <\/p>\n<p>                                                                                                       <img decoding=\"async\" alt=\"aplus content image\" src=\"https:\/\/images-na.ssl-images-amazon.com\/images\/G\/01\/x-locale\/common\/grey-pixel.gif\" class=\"a-lazy-loaded\" data-src=\"https:\/\/m.media-amazon.com\/images\/S\/aplus-media-library-service-media\/ca6d91b3-97b7-4ce8-bcb2-9f29a1dbe9d6.__CR0,0,1464,600_PT0_SX1464_V1___.jpg\"><img decoding=\"async\" alt=\"aplus content image\" src=\"https:\/\/m.media-amazon.com\/images\/S\/aplus-media-library-service-media\/ca6d91b3-97b7-4ce8-bcb2-9f29a1dbe9d6.__CR0,0,1464,600_PT0_SX1464_V1___.jpg\">                                               <\/p>\n<p> Batteries                                            \u200f                                            :                                            \u200e                                            1 Nonstandard Battery batteries required. (included)   <br \/> Product Dimensions                                            \u200f                                            :                                            \u200e                                            20.5 x 16 x 7.5 cm; 153 g   <br \/> Date First Available                                            \u200f                                            :                                            \u200e                                            5 Sept. 2025   <br \/> Manufacturer                                            \u200f                                            :                                            \u200e                                            govogorc   <br \/> ASIN                                            \u200f                                            :                                            \u200e                                            B0FNR95QD2   <br \/> Manufacturer reference                                            \u200f                                            :                                            \u200e                                            GWGKJ25091503   <br \/> Country of origin                                            \u200f                                            :                                            \u200e                                            China   <br \/>       Best Sellers Rank:  15,984 in Toys &#038; Games (See Top 100 in Toys &#038; Games)    67 in Remote &#038; App-Controlled Drones      <br \/>  Customer reviews:                                                                                            4.0               4.0 out of 5 stars                                  (146)                                              var dpAcrHasRegisteredArcLinkClickAction;                    P.when(&#8216;A&#8217;, &#8216;ready&#8217;).execute(function(A) {                        if (dpAcrHasRegisteredArcLinkClickAction !== true) {                            dpAcrHasRegisteredArcLinkClickAction = true;                            A.declarative(                                &#8216;acrLink-click-metrics&#8217;, &#8216;click&#8217;,                                { \u00aballowLinkDefault\u00bb: true },                                function (event) {                                    if (window.ue) {                                        ue.count(\u00abacrLinkClickCount\u00bb, (ue.count(\u00abacrLinkClickCount\u00bb) || 0) + 1);                                    }                                }                            );                        }                    });                                             P.when(&#8216;A&#8217;, &#8216;cf&#8217;).execute(function(A) {                A.declarative(&#8216;acrStarsLink-click-metrics&#8217;, &#8216;click&#8217;, { \u00aballowLinkDefault\u00bb : true },  function(event){                    if(window.ue) {                        ue.count(\u00abacrStarsLinkWithPopoverClickCount\u00bb, (ue.count(\u00abacrStarsLinkWithPopoverClickCount\u00bb) || 0) + 1);                    }                });            });                          <\/p>\n<p>2.8&#8243; LCD Screen &#038; 1080P Camera: Enjoy real-time panoramic views with this drone and its 90\u00b0 adjustable camera. The 2.8&#8243; LCD controller makes this drone no phone required. Includes WiFi and 4GB SD card for easy recording with your drone.<br \/>Obstacle Avoidance &#038; Foldable Design: With detachable sensor, this drone detects and avoids frontal obstacles. This foldable drone has compact arms that make it portable. Fly this drone safely anywhere.<br \/>Brushless Motors and Stable Flight: This drone uses brushless motors for longer life and endurance. Its positioning system ensures a super stable flight like a professional drone.<br \/>Intelligent Flight Modes: Control this drone with Trajectory Flight, Gestures or Waypoints. Perform 360\u00b0 flipping and 3D flipping with this drone with just one button.<br \/>Easy to Fly for Beginners: This drone has one key takeoff\/landing and headless mode. 1600mAh battery offers 16 minutes of flight time with this drone, ideal for adults to learn.<\/p>\n\n","protected":false},"excerpt":{"rendered":"<p> Product Description 1 Tap Fly 2 Giro de 360\u00b0 3 Vuelo Estable 4 Motor sin<\/p>","protected":false},"featured_media":30253,"comment_status":"open","ping_status":"closed","template":"","meta":[],"product_brand":[],"product_cat":[98],"product_tag":[705,8791,2845,3041,681,2854,2852,2855,2853,2842,2844,2848,2846,2850,2838,2849,8789,3044,239,2839,3065,2840,2843,1186,3937,2851,1613,4878,2841,2847,842,3101,8790,543],"class_list":{"0":"post-30252","1":"product","2":"type-product","3":"status-publish","4":"has-post-thumbnail","6":"product_cat-drones","7":"product_tag-1080p","8":"product_tag-adultsbeginners","9":"product_tag-beginner-drone","10":"product_tag-brushless","11":"product_tag-camera","12":"product_tag-dji-drone","13":"product_tag-dji-mavic","14":"product_tag-dji-mini-2","15":"product_tag-drone","16":"product_tag-drone-accessories","17":"product_tag-drone-battery","18":"product_tag-drone-gimbal","19":"product_tag-drone-propellers","20":"product_tag-drone-spare-parts","21":"product_tag-drone-with-camera","22":"product_tag-drones-under-200","23":"product_tag-evasion","24":"product_tag-flight","25":"product_tag-foldable","26":"product_tag-foldable-drone","27":"product_tag-fpv","28":"product_tag-fpv-drone","29":"product_tag-hd-drone","30":"product_tag-lcd","31":"product_tag-min","32":"product_tag-mini-drone","33":"product_tag-motor","34":"product_tag-obstacle","35":"product_tag-quadcopter","36":"product_tag-remote-control-drone","37":"product_tag-screen","38":"product_tag-time","39":"product_tag-trajectory","40":"product_tag-wifi","42":"first","43":"instock","44":"sale","45":"shipping-taxable","46":"product-type-external"},"_links":{"self":[{"href":"https:\/\/comprasyconsejos.store\/en\/wp-json\/wp\/v2\/product\/30252","targetHints":{"allow":["GET"]}}],"collection":[{"href":"https:\/\/comprasyconsejos.store\/en\/wp-json\/wp\/v2\/product"}],"about":[{"href":"https:\/\/comprasyconsejos.store\/en\/wp-json\/wp\/v2\/types\/product"}],"replies":[{"embeddable":true,"href":"https:\/\/comprasyconsejos.store\/en\/wp-json\/wp\/v2\/comments?post=30252"}],"version-history":[{"count":0,"href":"https:\/\/comprasyconsejos.store\/en\/wp-json\/wp\/v2\/product\/30252\/revisions"}],"wp:featuredmedia":[{"embeddable":true,"href":"https:\/\/comprasyconsejos.store\/en\/wp-json\/wp\/v2\/media\/30253"}],"wp:attachment":[{"href":"https:\/\/comprasyconsejos.store\/en\/wp-json\/wp\/v2\/media?parent=30252"}],"wp:term":[{"taxonomy":"product_brand","embeddable":true,"href":"https:\/\/comprasyconsejos.store\/en\/wp-json\/wp\/v2\/product_brand?post=30252"},{"taxonomy":"product_cat","embeddable":true,"href":"https:\/\/comprasyconsejos.store\/en\/wp-json\/wp\/v2\/product_cat?post=30252"},{"taxonomy":"product_tag","embeddable":true,"href":"https:\/\/comprasyconsejos.store\/en\/wp-json\/wp\/v2\/product_tag?post=30252"}],"curies":[{"name":"wp","href":"https:\/\/api.w.org\/{rel}","templated":true}]}}