{"id":30273,"date":"2026-02-22T07:35:23","date_gmt":"2026-02-22T07:35:23","guid":{"rendered":"https:\/\/comprasyconsejos.store\/product\/new-2024-mercusys-mb130-4g-4g-sim-router-lte-cat4-wi-fi-ac1200-support-all-carriers-fdd-and-tdd-plugplay-app-setup-and-management\/"},"modified":"2026-02-22T07:35:25","modified_gmt":"2026-02-22T07:35:25","slug":"new-2024-mercusys-mb130-4g-4g-sim-router-lte-cat4-wi-fi-ac1200-support-all-carriers-fdd-and-tdd-plugplay-app-setup-and-management","status":"publish","type":"product","link":"https:\/\/comprasyconsejos.store\/en\/product\/new-2024-mercusys-mb130-4g-4g-sim-router-lte-cat4-wi-fi-ac1200-support-all-carriers-fdd-and-tdd-plugplay-app-setup-and-management\/","title":{"rendered":"[New 2024] Mercusys MB130-4G &#8211; 4G SIM Router, LTE CAT4, Wi-Fi AC1200, Support All Carriers, FDD and TDD, Plug&#038;Play, App Setup and Management"},"content":{"rendered":"<p>Price: <span style=\"color:#b12704\">\u20ac39.99<\/span><br \/><i><small>(as of Feb 22, 2026 07:35:23 UTC &#8211; <span class=\"wp_automatic_amazon_disclaimer\" title=\"Product prices and availability are accurate as of the date\/time indicated and are subject to change. Any price and availability information displayed on [relevant Amazon Site(s), as applicable] at the time of purchase will apply to the purchase of this product.\">Details<\/span>)<\/small><\/i><\/p>\n<p><a href=\"https:\/\/amazon.es\/dp\/B0CTR3KJNX?tag=man008-21\"><img decoding=\"async\" src=\"https:\/\/valvepress.s3.amazonaws.com\/imgs\/buy_now.png\"><\/a><br \/>\n<\/p>\n<p>                                             From the brand   <\/p>\n<p>                                              <img decoding=\"async\" alt=\"\" src=\"https:\/\/images-na.ssl-images-amazon.com\/images\/G\/01\/x-locale\/common\/grey-pixel.gif\" class=\"a-lazy-loaded\" data-src=\"https:\/\/m.media-amazon.com\/images\/S\/aplus-media-library-service-media\/f1b694c3-3d45-4919-8882-346222c8147e.__CR0,0,1464,625_PT0_SX1464_V1___.jpg\"><img decoding=\"async\" alt=\"\" src=\"https:\/\/m.media-amazon.com\/images\/S\/aplus-media-library-service-media\/f1b694c3-3d45-4919-8882-346222c8147e.__CR0,0,1464,625_PT0_SX1464_V1___.jpg\">  <\/p>\n<h3> Routers 4G Mercusys <\/h3>\n<p>                                              <img decoding=\"async\" alt=\"\" src=\"https:\/\/images-na.ssl-images-amazon.com\/images\/G\/01\/x-locale\/common\/grey-pixel.gif\" class=\"a-lazy-loaded\" data-src=\"https:\/\/m.media-amazon.com\/images\/S\/aplus-media-library-service-media\/ba2aafc0-0f9a-4dc4-842f-4cc7e110daae.__CR0,0,315,145_PT0_SX315_V1___.jpg\"><img decoding=\"async\" alt=\"\" src=\"https:\/\/m.media-amazon.com\/images\/S\/aplus-media-library-service-media\/ba2aafc0-0f9a-4dc4-842f-4cc7e110daae.__CR0,0,315,145_PT0_SX315_V1___.jpg\">  <\/p>\n<p> Disfruta de conexi\u00f3n 4G para tus dispositivos en cualquier lugar <\/p>\n<p> Un Router 4G port\u00e1til es una excelente opci\u00f3n si necesitas conectarte a internet de forma r\u00e1pida y f\u00e1cil en cualquier lugar con tan solo una tarjeta SIM. Son especialmente \u00fatiles si necesitas conexi\u00f3n a internet mientras est\u00e1s de vacaciones o trabajas fuera de la oficina. <\/p>\n<p>                                              <img decoding=\"async\" alt=\"\" src=\"https:\/\/images-na.ssl-images-amazon.com\/images\/G\/01\/x-locale\/common\/grey-pixel.gif\" class=\"a-lazy-loaded\" data-src=\"https:\/\/m.media-amazon.com\/images\/S\/aplus-media-library-service-media\/20ed0a78-3320-4089-9b31-33c438e2186d.__CR0,0,362,453_PT0_SX362_V1___.jpg\"><img decoding=\"async\" alt=\"\" src=\"https:\/\/m.media-amazon.com\/images\/S\/aplus-media-library-service-media\/20ed0a78-3320-4089-9b31-33c438e2186d.__CR0,0,362,453_PT0_SX362_V1___.jpg\">  <\/p>\n<p>                                              <img decoding=\"async\" alt=\"\" src=\"https:\/\/images-na.ssl-images-amazon.com\/images\/G\/01\/x-locale\/common\/grey-pixel.gif\" class=\"a-lazy-loaded\" data-src=\"https:\/\/m.media-amazon.com\/images\/S\/aplus-media-library-service-media\/7138cda6-b939-4ab8-a64f-a6f45119354b.__CR0,0,362,453_PT0_SX362_V1___.jpg\"><img decoding=\"async\" alt=\"\" src=\"https:\/\/m.media-amazon.com\/images\/S\/aplus-media-library-service-media\/7138cda6-b939-4ab8-a64f-a6f45119354b.__CR0,0,362,453_PT0_SX362_V1___.jpg\">  <\/p>\n<h3> F\u00e1cil Configuraci\u00f3n <\/h3>\n<p> Introduce tu tarjeta SIM de cualquier operador en la ranura del router y enci\u00e9ndelo para crear tu nueva red Wi-Fi. <\/p>\n<p>                                              <img decoding=\"async\" alt=\"\" src=\"https:\/\/images-na.ssl-images-amazon.com\/images\/G\/01\/x-locale\/common\/grey-pixel.gif\" class=\"a-lazy-loaded\" data-src=\"https:\/\/m.media-amazon.com\/images\/S\/aplus-media-library-service-media\/6c9f2ff1-4f84-471b-8c38-20954ea716b1.__CR0,0,362,453_PT0_SX362_V1___.jpg\"><img decoding=\"async\" alt=\"\" src=\"https:\/\/m.media-amazon.com\/images\/S\/aplus-media-library-service-media\/6c9f2ff1-4f84-471b-8c38-20954ea716b1.__CR0,0,362,453_PT0_SX362_V1___.jpg\">  <\/p>\n<h3> Velocidad 4G LTE Ultrarr\u00e1pida <\/h3>\n<p> Velocidades de hasta 150 Mbps de descarga y 50 Mbps de subida. Tambi\u00e9n podr\u00e1s compartir una red Wi-Fi (velocidad var\u00eda seg\u00fan modelo). <\/p>\n<h3> Routers 4G Mercusys <\/h3>\n<p class=\"apm-brand-story-stores-link\">\n<h3> Otros Dispositivos <\/h3>\n<p class=\"apm-brand-story-stores-link\">\n<p> Is discontinued by manufacturer                                            \u200f                                            :                                            \u200e                                            No   <br \/> Product Dimensions                                            \u200f                                            :                                            \u200e                                            9.5 x 6.1 x 16.6 cm; 220 g   <br \/> Manufacturer                                            \u200f                                            :                                            \u200e                                            Mercusys   <br \/> ASIN                                            \u200f                                            :                                            \u200e                                            B0CTR3KJNX   <br \/> Item model number                                            \u200f                                            :                                            \u200e                                            MB130-4G   <br \/> Country of origin                                            \u200f                                            :                                            \u200e                                            China   <br \/> Guaranteed software updates until                                            \u200f                                            :                                            \u200e                                            unknown   <br \/>  Customer reviews:                                                                                            4.4               4.4 out of 5 stars                                  (1,356)                                              var dpAcrHasRegisteredArcLinkClickAction;                    P.when(&#8216;A&#8217;, &#8216;ready&#8217;).execute(function(A) {                        if (dpAcrHasRegisteredArcLinkClickAction !== true) {                            dpAcrHasRegisteredArcLinkClickAction = true;                            A.declarative(                                &#8216;acrLink-click-metrics&#8217;, &#8216;click&#8217;,                                { \u00aballowLinkDefault\u00bb: true },                                function (event) {                                    if (window.ue) {                                        ue.count(\u00abacrLinkClickCount\u00bb, (ue.count(\u00abacrLinkClickCount\u00bb) || 0) + 1);                                    }                                }                            );                        }                    });                                             P.when(&#8216;A&#8217;, &#8216;cf&#8217;).execute(function(A) {                A.declarative(&#8216;acrStarsLink-click-metrics&#8217;, &#8216;click&#8217;, { \u00aballowLinkDefault\u00bb : true },  function(event){                    if(window.ue) {                        ue.count(\u00abacrStarsLinkWithPopoverClickCount\u00bb, (ue.count(\u00abacrStarsLinkWithPopoverClickCount\u00bb) || 0) + 1);                    }                });            });                          <\/p>\n<p>4G Network &#8211; Enjoy 4G LTE download speeds up to 150Mbps anywhere<br \/>Insert a SIM Card and Ready &#8211; no configurations needed, SIM card compatibility is guaranteed by years of lab testing<br \/>AC1200 Dual-Band Wi-Fi &#8211; Fast and stable Wi-Fi speed up to 300Mbps on the 2.4GHz band and 867Mbps on the 5GHz band<br \/>Connect 32 Devices &#8211; Share Internet access with up to 32 Wi-Fi devices simultaneously<br \/>Stable and Strong Signal &#8211; Internal high-gain antennas strengthen the Wi-Fi signal, extend the connection range and increase the sensitivity of the router.<br \/>Wi-Fi Router Mode &#8211; Connect an Ethernet cable to the LAN\/WAN port to get flexible access if you can&#8217;t get a 4G connection.<\/p>\n\n","protected":false},"excerpt":{"rendered":"<p> From the brand Routers 4G Mercusys Disfruta de conexi\u00f3n 4G para tus dispositivos en cualquier<\/p>","protected":false},"featured_media":30274,"comment_status":"open","ping_status":"closed","template":"","meta":[],"product_brand":[],"product_cat":[71],"product_tag":[2080,2435,2224,2084,8798,8797,2078,6059,2079,2081,2083,1043,2962,8796,2086,2082,2652,2088,2085,4221,2827,1098,6060,543,2076,2077],"class_list":{"0":"post-30273","1":"product","2":"type-product","3":"status-publish","4":"has-post-thumbnail","6":"product_cat-wifi-routers","7":"product_tag-5ghz-router","8":"product_tag-ac1200","9":"product_tag-app","10":"product_tag-best-wifi-router","11":"product_tag-carriers","12":"product_tag-cat4","13":"product_tag-dual-band-router","14":"product_tag-fdd","15":"product_tag-gaming-wifi-router","16":"product_tag-high-speed-router","17":"product_tag-home-wifi-router","18":"product_tag-lte","19":"product_tag-management","20":"product_tag-mb1304g","21":"product_tag-mercusys","22":"product_tag-mesh-wifi-router","23":"product_tag-plugplay","24":"product_tag-router","25":"product_tag-router-price","26":"product_tag-setup","27":"product_tag-sim","28":"product_tag-support","29":"product_tag-tdd","30":"product_tag-wifi","31":"product_tag-wifi-router","32":"product_tag-wireless-router","34":"first","35":"instock","36":"shipping-taxable","37":"product-type-external"},"_links":{"self":[{"href":"https:\/\/comprasyconsejos.store\/en\/wp-json\/wp\/v2\/product\/30273","targetHints":{"allow":["GET"]}}],"collection":[{"href":"https:\/\/comprasyconsejos.store\/en\/wp-json\/wp\/v2\/product"}],"about":[{"href":"https:\/\/comprasyconsejos.store\/en\/wp-json\/wp\/v2\/types\/product"}],"replies":[{"embeddable":true,"href":"https:\/\/comprasyconsejos.store\/en\/wp-json\/wp\/v2\/comments?post=30273"}],"version-history":[{"count":0,"href":"https:\/\/comprasyconsejos.store\/en\/wp-json\/wp\/v2\/product\/30273\/revisions"}],"wp:featuredmedia":[{"embeddable":true,"href":"https:\/\/comprasyconsejos.store\/en\/wp-json\/wp\/v2\/media\/30274"}],"wp:attachment":[{"href":"https:\/\/comprasyconsejos.store\/en\/wp-json\/wp\/v2\/media?parent=30273"}],"wp:term":[{"taxonomy":"product_brand","embeddable":true,"href":"https:\/\/comprasyconsejos.store\/en\/wp-json\/wp\/v2\/product_brand?post=30273"},{"taxonomy":"product_cat","embeddable":true,"href":"https:\/\/comprasyconsejos.store\/en\/wp-json\/wp\/v2\/product_cat?post=30273"},{"taxonomy":"product_tag","embeddable":true,"href":"https:\/\/comprasyconsejos.store\/en\/wp-json\/wp\/v2\/product_tag?post=30273"}],"curies":[{"name":"wp","href":"https:\/\/api.w.org\/{rel}","templated":true}]}}