{"id":30285,"date":"2026-02-22T07:45:41","date_gmt":"2026-02-22T07:45:41","guid":{"rendered":"https:\/\/comprasyconsejos.store\/product\/noctua-nt-h1-3-5g-am5-edition-professional-level-thermal-compound-with-thermal-paste-cover-for-amd-am5-cpu-3-5g\/"},"modified":"2026-02-22T07:45:43","modified_gmt":"2026-02-22T07:45:43","slug":"noctua-nt-h1-3-5g-am5-edition-professional-level-thermal-compound-with-thermal-paste-cover-for-amd-am5-cpu-3-5g","status":"publish","type":"product","link":"https:\/\/comprasyconsejos.store\/en\/product\/noctua-nt-h1-3-5g-am5-edition-professional-level-thermal-compound-with-thermal-paste-cover-for-amd-am5-cpu-3-5g\/","title":{"rendered":"Noctua NT-H1 3.5g AM5 Edition, Professional Level Thermal Compound with Thermal Paste Cover for AMD AM5 CPU (3.5g)"},"content":{"rendered":"<p>Price: <span style=\"color:#b12704\">\u20ac10.90<\/span><br \/><i><small>(as of Feb 22, 2026 07:45:42 UTC &#8211; <span class=\"wp_automatic_amazon_disclaimer\" title=\"Product prices and availability are accurate as of the date\/time indicated and are subject to change. Any price and availability information displayed on [relevant Amazon Site(s), as applicable] at the time of purchase will apply to the purchase of this product.\">Details<\/span>)<\/small><\/i><\/p>\n<p><a href=\"https:\/\/amazon.es\/dp\/B0BGS81TMG?tag=man008-21\"><img decoding=\"async\" src=\"https:\/\/valvepress.s3.amazonaws.com\/imgs\/buy_now.png\"><\/a><br \/>\n<\/p>\n<p>                                             Product Description   <\/p>\n<p>                                                         <img decoding=\"async\" alt=\"un cartel con un libro y un libro\" src=\"https:\/\/images-na.ssl-images-amazon.com\/images\/G\/01\/x-locale\/common\/grey-pixel.gif\" class=\"a-lazy-loaded\" data-src=\"https:\/\/m.media-amazon.com\/images\/S\/aplus-media-library-service-media\/e54a002f-4f15-492f-9620-73e2e1a8e7a3.__CR0,0,600,180_PT0_SX600_V1___.jpg\"><img decoding=\"async\" alt=\"un cartel con un libro y un libro\" src=\"https:\/\/m.media-amazon.com\/images\/S\/aplus-media-library-service-media\/e54a002f-4f15-492f-9620-73e2e1a8e7a3.__CR0,0,600,180_PT0_SX600_V1___.jpg\">      <\/p>\n<p>                                                                             <img decoding=\"async\" alt=\", la nueva jeringa hipoalerg\u00e9nica es un compuesto t\u00e9rmico de alta calidad para la AMD y el TDAH\" src=\"https:\/\/images-na.ssl-images-amazon.com\/images\/G\/01\/x-locale\/common\/grey-pixel.gif\" class=\"a-spacing-base a-lazy-loaded\" data-src=\"https:\/\/m.media-amazon.com\/images\/S\/aplus-media-library-service-media\/8f80830c-a8ed-4be2-9cdc-a740389392d7.__CR0,0,970,600_PT0_SX970_V1___.jpg\"><img decoding=\"async\" alt=\", la nueva jeringa hipoalerg\u00e9nica es un compuesto t\u00e9rmico de alta calidad para la AMD y el TDAH\" src=\"https:\/\/m.media-amazon.com\/images\/S\/aplus-media-library-service-media\/8f80830c-a8ed-4be2-9cdc-a740389392d7.__CR0,0,970,600_PT0_SX970_V1___.jpg\">                                                                     <\/p>\n<p class=\"a-spacing-base\"> El NT-H1 de Noctua es un famoso compuesto t\u00e9rmico h\u00edbrido que ha recibido m\u00e1s de 150 galardones y recomendaciones de sitios web y revistas internacionales especializadas. Gracias a su excelente rendimiento, su facilidad de uso y magn\u00edfica estabilidad prolongada, se ha consolidado como uno de los favoritos para los overclockers y aficionados del todo el mundo. Ya sea refrigeraci\u00f3n mediante agua o aire, aplicaciones de CPU o GPU, sistemas de overcloking o silenciosos: El NT-H1 es una pasta excepcional con la que se garantizan unos resultados \u00f3ptimos. La edici\u00f3n AM5 incluye la  cubierta para pasta t\u00e9rmica NA-TPG1 que evita que la pasta t\u00e9rmica se acumule en los laterales irregulares del dispersor t\u00e9rmico de las CPU AM5 de AMD. Un m\u00e9todo simple pero muy efectivo de mantener limpio el procesador AM5. <\/p>\n<p>                                                  <img decoding=\"async\" alt=\"el enchufe de pared blanco cuadrado\" src=\"https:\/\/images-na.ssl-images-amazon.com\/images\/G\/01\/x-locale\/common\/grey-pixel.gif\" class=\"a-lazy-loaded\" data-src=\"https:\/\/m.media-amazon.com\/images\/S\/aplus-media-library-service-media\/84cff66c-423d-4400-a1c9-125f05278d9f.__CR0,0,300,300_PT0_SX300_V1___.jpg\"><img decoding=\"async\" alt=\"el enchufe de pared blanco cuadrado\" src=\"https:\/\/m.media-amazon.com\/images\/S\/aplus-media-library-service-media\/84cff66c-423d-4400-a1c9-125f05278d9f.__CR0,0,300,300_PT0_SX300_V1___.jpg\">  <\/p>\n<h3 class=\"a-spacing-mini\"> Edici\u00f3n AM5 con cubierta para pasta t\u00e9rmica <\/h3>\n<p> Cuando se aplica presi\u00f3n al montar la soluci\u00f3n de refrigeraci\u00f3n, el exceso de pasta t\u00e9rmica saldr\u00e1 hacia el exterior. En el caso de la CPU AM5, este exceso de pasta tiende a acumularse en los laterales irregulares del dispersor t\u00e9rmico y puede ser dif\u00edcil de eliminar. De aplicaci\u00f3n f\u00e1cil y sin riesgos, el NA-TPG1 evita este fen\u00f3meno no deseado. <\/p>\n<p class=\"apm-text-center\">\n                                                      <img decoding=\"async\" alt=\"una persona que limpia un ordenador con un pa\u00f1o.\" src=\"https:\/\/images-na.ssl-images-amazon.com\/images\/G\/01\/x-locale\/common\/grey-pixel.gif\" class=\"a-lazy-loaded\" data-src=\"https:\/\/m.media-amazon.com\/images\/S\/aplus-media-library-service-media\/7e885a99-11e8-411f-a968-f03917e3d216.__CR0,0,220,220_PT0_SX220_V1___.jpg\"><img decoding=\"async\" alt=\"una persona que limpia un ordenador con un pa\u00f1o.\" src=\"https:\/\/m.media-amazon.com\/images\/S\/aplus-media-library-service-media\/7e885a99-11e8-411f-a968-f03917e3d216.__CR0,0,220,220_PT0_SX220_V1___.jpg\">  <\/p>\n<p>                                                    F\u00e1cil de limpiar                                     <\/p>\n<p class=\"a-size-small\"> El NT-H1 es uno de los compuestos t\u00e9rmicos m\u00e1s f\u00e1ciles de limpiar: simplemente pase una servilleta o papel de cocina seco sobre la CPU y el disipador y despu\u00e9s l\u00edmpielos con una servilleta o pa\u00f1o h\u00famedo. No es necesario utilizar alcohol ni productos disolventes. <\/p>\n<p class=\"apm-text-center\">\n                                                      <img decoding=\"async\" alt=\"Pas de conductivit\u00e9 \u00e9lectrique ni de risque corrosif\" src=\"https:\/\/images-na.ssl-images-amazon.com\/images\/G\/01\/x-locale\/common\/grey-pixel.gif\" class=\"a-lazy-loaded\" data-src=\"https:\/\/m.media-amazon.com\/images\/S\/aplus-media-library-service-media\/bce002d3-3a8e-4a32-a8d0-c5079a194cec.__CR0,0,220,220_PT0_SX220_V1___.jpg\"><img decoding=\"async\" alt=\"Pas de conductivit\u00e9 \u00e9lectrique ni de risque corrosif\" src=\"https:\/\/m.media-amazon.com\/images\/S\/aplus-media-library-service-media\/bce002d3-3a8e-4a32-a8d0-c5079a194cec.__CR0,0,220,220_PT0_SX220_V1___.jpg\">  <\/p>\n<p>                                                    No conduce la electricidad, resistente a la corrosi\u00f3n                                     <\/p>\n<p class=\"a-size-small\"> Mientras que algunas almohadillas y compuestos t\u00e9rmicos de alta calidad tienen riesgo de uso debido a su conductividad el\u00e9ctrica o propiedades corrosivas, no existe ning\u00fan riesgo de cortocircuito con el NT-H1 y su uso con cualquier tipo de CPU es totalmente seguro, independientemente de si est\u00e1 fabricado en cobre o aluminio y de si est\u00e1 chapado en n\u00edquel o no. <\/p>\n<p class=\"apm-text-center\">\n                                                      <img decoding=\"async\" alt=\"un diagrama que muestra la relaci\u00f3n entre una l\u00ednea recta y una l\u00ednea recta.\" src=\"https:\/\/images-na.ssl-images-amazon.com\/images\/G\/01\/x-locale\/common\/grey-pixel.gif\" class=\"a-lazy-loaded\" data-src=\"https:\/\/m.media-amazon.com\/images\/S\/aplus-media-library-service-media\/c59278e2-4b3a-41a7-ae29-4e94508ee29c.__CR0,0,220,220_PT0_SX220_V1___.jpg\"><img decoding=\"async\" alt=\"un diagrama que muestra la relaci\u00f3n entre una l\u00ednea recta y una l\u00ednea recta.\" src=\"https:\/\/m.media-amazon.com\/images\/S\/aplus-media-library-service-media\/c59278e2-4b3a-41a7-ae29-4e94508ee29c.__CR0,0,220,220_PT0_SX220_V1___.jpg\">  <\/p>\n<p>                                                    Magn\u00edfica estabilidad prolongada                                     <\/p>\n<p class=\"a-size-small\"> La f\u00f3rmula \u00fanica del NT-H1 es muy estable a lo largo del tiempo, incluso tras largos periodos de uso. Puede conservarse a temperatura ambiente durante, al menos, 3 a\u00f1os y, debido a las caracter\u00edsticas excepcionales del compuesto (de secado, de ciclo t\u00e9rmico, etc.), puede utilizarse sobre la CPU durante 5 a\u00f1os o m\u00e1s. <\/p>\n<p class=\"apm-text-center\">\n                                                      <img decoding=\"async\" alt=\"the unit - hh - 015 - 005 pasta t\u00e9rmica\" src=\"https:\/\/images-na.ssl-images-amazon.com\/images\/G\/01\/x-locale\/common\/grey-pixel.gif\" class=\"a-lazy-loaded\" data-src=\"https:\/\/m.media-amazon.com\/images\/S\/aplus-media-library-service-media\/cd331045-d364-4521-a8b0-bae44257baf8.__CR0,0,220,220_PT0_SX220_V1___.jpg\"><img decoding=\"async\" alt=\"the unit - hh - 015 - 005 pasta t\u00e9rmica\" src=\"https:\/\/m.media-amazon.com\/images\/S\/aplus-media-library-service-media\/cd331045-d364-4521-a8b0-bae44257baf8.__CR0,0,220,220_PT0_SX220_V1___.jpg\">  <\/p>\n<p>                                                    Pack de 3.5 g para 3-20 aplicaciones                                     <\/p>\n<p class=\"a-size-small\"> Suficiente para 3-20 aplicaciones aproximadamente (dependiendo del tama\u00f1o de la CPU o GPU, es decir, unas 3 aplicaciones para CPU de gran tama\u00f1o, como la TR4, y unas 20 para peque\u00f1as CPU como la LGA1151), el pack cl\u00e1sico de 3.5 g es id\u00f3neo para la mayor\u00eda de los usuarios que \u00fanicamente instalan disipadores de vez en cuando. <\/p>\n<p>                                                  <img decoding=\"async\" alt=\"un primer plano de una botella de l\u00edquido sobre una superficie met\u00e1lica.\" src=\"https:\/\/images-na.ssl-images-amazon.com\/images\/G\/01\/x-locale\/common\/grey-pixel.gif\" class=\"a-lazy-loaded\" data-src=\"https:\/\/m.media-amazon.com\/images\/S\/aplus-media-library-service-media\/05303bba-6213-466f-bbed-10c94ae35c99.__CR0,0,970,300_PT0_SX970_V1___.jpg\"><img decoding=\"async\" alt=\"un primer plano de una botella de l\u00edquido sobre una superficie met\u00e1lica.\" src=\"https:\/\/m.media-amazon.com\/images\/S\/aplus-media-library-service-media\/05303bba-6213-466f-bbed-10c94ae35c99.__CR0,0,970,300_PT0_SX970_V1___.jpg\">  <\/p>\n<h3> F\u00e1cil de aplicar <\/h3>\n<p> Gracias a sus excelentes propiedades de difusi\u00f3n, no hay necesidad de extender manualmente el NT-H1 antes de instalar el disipador: simplemente hay que aplicar un poco de pasta sobre la CPU (para m\u00e1s informaci\u00f3n, consulte las instrucciones), colocar el disipador y \u00a1listo! <\/p>\n<p>                         Add To Basket  <\/p>\n<p>                         Add To Basket  <\/p>\n<p>                         Add To Basket  <\/p>\n<p>                         Add To Basket  <\/p>\n<p>                         Add To Basket  <\/p>\n<p>                         Add To Basket  <\/p>\n<p>                             Customer Reviews  <\/p>\n<p>                    4.7 out of 5 stars  30,974  <\/p>\n<p>                    4.7 out of 5 stars  2,831  <\/p>\n<p>                    4.7 out of 5 stars  375  <\/p>\n<p>                    4.8 out of 5 stars  3,984  <\/p>\n<p>                    4.7 out of 5 stars  10,594  <\/p>\n<p>                    4.7 out of 5 stars  850  <\/p>\n<p>                             Price  <\/p>\n<p>                                    \u20ac9.90\u20ac9.90                  \u20ac10.90\u20ac10.90                  \u20ac10.90\u20ac10.90                  \u20ac16.90\u20ac16.90                  \u20ac13.90\u20ac13.90                  \u20ac14.90\u20ac14.90        <\/p>\n<p>                             Descripci\u00f3n del producto<br \/>\n                                Famoso compuesto t\u00e9rmico de calidad superior               Famoso compuesto t\u00e9rmico de calidad superior               Famoso compuesto t\u00e9rmico de calidad superior               Famoso compuesto t\u00e9rmico de calidad superior               Compuesto t\u00e9rmico optimizado de segunda generaci\u00f3n               Compuesto t\u00e9rmico optimizado de segunda generaci\u00f3n        <\/p>\n<p>                             Peso\/tama\u00f1o<br \/>\n                                3.5g                3.5g                3.5g                10g                3.5g                3.5g         <\/p>\n<p>                             Volumen<br \/>\n                                1,4 ml                1,4 ml                1,4 ml                4,0 ml                1,2 ml                1,2 ml         <\/p>\n<p>                             Densidad<br \/>\n                                2,49 g\/cm\u00b3                2,49 g\/cm\u00b3                2,49 g\/cm\u00b3                2,49 g\/cm\u00b3                2.81 g\/cm\u00b3                2.81 g\/cm\u00b3         <\/p>\n<p>                             Toallitas NA-CW1<br \/>\n                                &#8211;  no data<br \/>\n                                                            Se incluyen 3 unidades               &#8211;  no data<br \/>\n                                                            &#8211;  no data<br \/>\n                                                            Se incluyen 3 unidades               Se incluyen 3 unidades        <\/p>\n<p>                             Esp\u00e1tula incluida<br \/>\n                                X<br \/>\n                                              \u2713<br \/>\n                                                        X               X               X               X        <\/p>\n<p>                             Cubierta para pasta t\u00e9rmica para procesadores AM5 de AMD<br \/>\n                                X               X<br \/>\n                                              \u2713<br \/>\n                                                        X               X<br \/>\n                                              \u2713<\/p>\n<p> Product Dimensions                                            \u200f                                            :                                            \u200e                                            13.8 x 8.4 x 1.6 cm; 4 g   <br \/> Date First Available                                            \u200f                                            :                                            \u200e                                            4 Oct. 2022   <br \/> Manufacturer                                            \u200f                                            :                                            \u200e                                            Noctua   <br \/> ASIN                                            \u200f                                            :                                            \u200e                                            B0BGS81TMG   <br \/> Item model number                                            \u200f                                            :                                            \u200e                                            NT-H1 3.5g AM5 Edition   <br \/> Country of origin                                            \u200f                                            :                                            \u200e                                            Taiwan   <br \/>       Best Sellers Rank:  13,334 in Computers (See Top 100 in Computers)    80 in Thermal Paste      <br \/>  Customer reviews:                                                                                            4.7               4.7 out of 5 stars                                  (375)                                              var dpAcrHasRegisteredArcLinkClickAction;                    P.when(&#8216;A&#8217;, &#8216;ready&#8217;).execute(function(A) {                        if (dpAcrHasRegisteredArcLinkClickAction !== true) {                            dpAcrHasRegisteredArcLinkClickAction = true;                            A.declarative(                                &#8216;acrLink-click-metrics&#8217;, &#8216;click&#8217;,                                { \u00aballowLinkDefault\u00bb: true },                                function (event) {                                    if (window.ue) {                                        ue.count(\u00abacrLinkClickCount\u00bb, (ue.count(\u00abacrLinkClickCount\u00bb) || 0) + 1);                                    }                                }                            );                        }                    });                                             P.when(&#8216;A&#8217;, &#8216;cf&#8217;).execute(function(A) {                A.declarative(&#8216;acrStarsLink-click-metrics&#8217;, &#8216;click&#8217;, { \u00aballowLinkDefault\u00bb : true },  function(event){                    if(window.ue) {                        ue.count(\u00abacrStarsLinkWithPopoverClickCount\u00bb, (ue.count(\u00abacrStarsLinkWithPopoverClickCount\u00bb) || 0) + 1);                    }                });            });                          <\/p>\n<p>Famous premium thermal compound for optimal heat transfer between CPU or GPU and heatsink; over 150 awards and recommendations<br \/>The AM5 Edition with NA-TPG1 Thermal Paste Cover keeps the AMD Ryzen AM5 CPU clean by preventing thermal paste from accumulating on the uneven sides of the thermal disperser.<br \/>Easy to apply (no need to extend before sink installation) and easy to clean with napkins or dry absorbent paper (no need to wipe it with alcohol)<br \/>Superb Noctua quality combined with excellent long-term stability: up to 3 years recommended shelf life, up to 5 years recommended CPU usage time<br \/>3.5g pack for approximately 3-20 applications (depending on CPU size, e.g. 3 applications for TR4, 15 applications for AM4\/AM5 or LGA1700, 20 for LGA1200)<\/p>\n\n","protected":false},"excerpt":{"rendered":"<p> Product Description El NT-H1 de Noctua es un famoso compuesto t\u00e9rmico h\u00edbrido que ha recibido<\/p>","protected":false},"featured_media":30286,"comment_status":"open","ping_status":"closed","template":"","meta":[],"product_brand":[],"product_cat":[67],"product_tag":[3466,1554,530,2039,2059,1016,598,2045,2034,964,2043,2038,3320,4080,8061,2056,814,2053,2035,2036,2033,2041,2048],"class_list":{"0":"post-30285","1":"product","2":"type-product","3":"status-publish","4":"has-post-thumbnail","6":"product_cat-thermal-paste","7":"product_tag-3-5g","8":"product_tag-am5","9":"product_tag-amd","10":"product_tag-best-thermal-paste","11":"product_tag-compound","12":"product_tag-cover","13":"product_tag-cpu","14":"product_tag-cpu-cooling-paste","15":"product_tag-cpu-thermal-paste","16":"product_tag-edition","17":"product_tag-heat-sink-paste","18":"product_tag-high-performance-thermal-paste","19":"product_tag-level","20":"product_tag-noctua","21":"product_tag-nth1","22":"product_tag-paste","23":"product_tag-professional","24":"product_tag-thermal","25":"product_tag-thermal-compound","26":"product_tag-thermal-grease","27":"product_tag-thermal-paste","28":"product_tag-thermal-paste-for-gaming-pc","29":"product_tag-thermal-paste-price","31":"first","32":"instock","33":"shipping-taxable","34":"product-type-external"},"_links":{"self":[{"href":"https:\/\/comprasyconsejos.store\/en\/wp-json\/wp\/v2\/product\/30285","targetHints":{"allow":["GET"]}}],"collection":[{"href":"https:\/\/comprasyconsejos.store\/en\/wp-json\/wp\/v2\/product"}],"about":[{"href":"https:\/\/comprasyconsejos.store\/en\/wp-json\/wp\/v2\/types\/product"}],"replies":[{"embeddable":true,"href":"https:\/\/comprasyconsejos.store\/en\/wp-json\/wp\/v2\/comments?post=30285"}],"version-history":[{"count":0,"href":"https:\/\/comprasyconsejos.store\/en\/wp-json\/wp\/v2\/product\/30285\/revisions"}],"wp:featuredmedia":[{"embeddable":true,"href":"https:\/\/comprasyconsejos.store\/en\/wp-json\/wp\/v2\/media\/30286"}],"wp:attachment":[{"href":"https:\/\/comprasyconsejos.store\/en\/wp-json\/wp\/v2\/media?parent=30285"}],"wp:term":[{"taxonomy":"product_brand","embeddable":true,"href":"https:\/\/comprasyconsejos.store\/en\/wp-json\/wp\/v2\/product_brand?post=30285"},{"taxonomy":"product_cat","embeddable":true,"href":"https:\/\/comprasyconsejos.store\/en\/wp-json\/wp\/v2\/product_cat?post=30285"},{"taxonomy":"product_tag","embeddable":true,"href":"https:\/\/comprasyconsejos.store\/en\/wp-json\/wp\/v2\/product_tag?post=30285"}],"curies":[{"name":"wp","href":"https:\/\/api.w.org\/{rel}","templated":true}]}}