{"id":30297,"date":"2026-02-22T07:50:11","date_gmt":"2026-02-22T07:50:11","guid":{"rendered":"https:\/\/comprasyconsejos.store\/product\/arctic-alpine-23-co-disipador-de-cpu-enfriador-de-cpu-para-amd-am5-y-am4-funcionamiento-continuo-con-compuesto-termico-mx-2-pre-aplicado-negro\/"},"modified":"2026-02-22T07:50:15","modified_gmt":"2026-02-22T07:50:15","slug":"arctic-alpine-23-co-disipador-de-cpu-enfriador-de-cpu-para-amd-am5-y-am4-funcionamiento-continuo-con-compuesto-termico-mx-2-pre-aplicado-negro","status":"publish","type":"product","link":"https:\/\/comprasyconsejos.store\/en\/product\/arctic-alpine-23-co-disipador-de-cpu-enfriador-de-cpu-para-amd-am5-y-am4-funcionamiento-continuo-con-compuesto-termico-mx-2-pre-aplicado-negro\/","title":{"rendered":"ARCTIC Alpine 23 CO &#8211; Disipador de CPU, Enfriador de CPU para AMD AM5 y AM4, Funcionamiento Continuo, con Compuesto T\u00e9rmico MX-2 Pre-aplicado &#8211; Negro"},"content":{"rendered":"<p>Price: <span style=\"color:#b12704\"><del>\u20ac14.99<\/del> - \u20ac13.99<\/span><br \/><i><small>(as of Feb 22, 2026 07:50:12 UTC &#8211; <span class=\"wp_automatic_amazon_disclaimer\" title=\"Product prices and availability are accurate as of the date\/time indicated and are subject to change. Any price and availability information displayed on [relevant Amazon Site(s), as applicable] at the time of purchase will apply to the purchase of this product.\">Details<\/span>)<\/small><\/i><\/p>\n<p><a href=\"https:\/\/amazon.es\/dp\/B08QNBBVH5?tag=man008-21\"><img decoding=\"async\" src=\"https:\/\/valvepress.s3.amazonaws.com\/imgs\/buy_now.png\"><\/a><br \/>\n<\/p>\n<p>                                             From the brand   <\/p>\n<p>                                              <img decoding=\"async\" alt=\"\" src=\"https:\/\/images-na.ssl-images-amazon.com\/images\/G\/01\/x-locale\/common\/grey-pixel.gif\" class=\"a-lazy-loaded\" data-src=\"https:\/\/m.media-amazon.com\/images\/S\/aplus-media-library-service-media\/161503c2-c0d7-4b94-bb11-d22d9b74231f.__CR91,0,1464,625_PT0_SX1464_V1___.jpg\"><img decoding=\"async\" alt=\"\" src=\"https:\/\/m.media-amazon.com\/images\/S\/aplus-media-library-service-media\/161503c2-c0d7-4b94-bb11-d22d9b74231f.__CR91,0,1464,625_PT0_SX1464_V1___.jpg\">  <\/p>\n<p> Un fabricante de componentes y disipadores para PC que ha iniciado e influido en la evoluci\u00f3n de los sistemas de refrigeraci\u00f3n. <\/p>\n<p>                                              <img decoding=\"async\" alt=\"Tres sistemas de refrigeraci\u00f3n para ordenadores con ventiladores RGB. La unidad izquierda tiene tres ventiladores negros, las unidades central y derecha cuentan con ventiladores iluminados de colores. Todas conectadas a radiadores o tubos de refrigeraci\u00f3n l\u00edquida\" src=\"https:\/\/images-na.ssl-images-amazon.com\/images\/G\/01\/x-locale\/common\/grey-pixel.gif\" class=\"a-lazy-loaded\" data-src=\"https:\/\/m.media-amazon.com\/images\/S\/aplus-media-library-service-media\/a5d65cf9-a3ee-49fc-990a-27b1f35749e7.__CR0,0,362,453_PT0_SX362_V1___.jpg\"><img decoding=\"async\" alt=\"Tres sistemas de refrigeraci\u00f3n para ordenadores con ventiladores RGB. La unidad izquierda tiene tres ventiladores negros, las unidades central y derecha cuentan con ventiladores iluminados de colores. Todas conectadas a radiadores o tubos de refrigeraci\u00f3n l\u00edquida\" src=\"https:\/\/m.media-amazon.com\/images\/S\/aplus-media-library-service-media\/a5d65cf9-a3ee-49fc-990a-27b1f35749e7.__CR0,0,362,453_PT0_SX362_V1___.jpg\">  <\/p>\n<h3> Update for your setup <\/h3>\n<p class=\"apm-brand-story-stores-link\">\n<p>                                              <img decoding=\"async\" alt=\"aplus content image\" src=\"https:\/\/images-na.ssl-images-amazon.com\/images\/G\/01\/x-locale\/common\/grey-pixel.gif\" class=\"a-lazy-loaded\" data-src=\"https:\/\/m.media-amazon.com\/images\/S\/aplus-media-library-service-media\/4848d4d1-09a1-48dc-bcab-2734b49eb70c.__CR0,0,362,453_PT0_SX362_V1___.jpg\"><img decoding=\"async\" alt=\"aplus content image\" src=\"https:\/\/m.media-amazon.com\/images\/S\/aplus-media-library-service-media\/4848d4d1-09a1-48dc-bcab-2734b49eb70c.__CR0,0,362,453_PT0_SX362_V1___.jpg\">  <\/p>\n<h3> Carcasa para PC E-ATX premium <\/h3>\n<p class=\"apm-brand-story-stores-link\">\n<p>                                              <img decoding=\"async\" alt=\"ARCTIC\" src=\"https:\/\/images-na.ssl-images-amazon.com\/images\/G\/01\/x-locale\/common\/grey-pixel.gif\" class=\"a-lazy-loaded\" data-src=\"https:\/\/m.media-amazon.com\/images\/S\/aplus-media-library-service-media\/03279faa-35be-44c5-ba34-810a4246c01e.__CR0,0,362,453_PT0_SX362_V1___.jpg\"><img decoding=\"async\" alt=\"ARCTIC\" src=\"https:\/\/m.media-amazon.com\/images\/S\/aplus-media-library-service-media\/03279faa-35be-44c5-ba34-810a4246c01e.__CR0,0,362,453_PT0_SX362_V1___.jpg\">  <\/p>\n<h3> The Cooler Way <\/h3>\n<p class=\"apm-brand-story-stores-link\">\n<p>                                              <img decoding=\"async\" alt=\"negro para ordenador con aspas curvas y logotipo de Arctic. Marco cuadrado con esquinas redondeadas. Texto \u00abVENTILADORES\u00bb sobre la imagen.\" src=\"https:\/\/images-na.ssl-images-amazon.com\/images\/G\/01\/x-locale\/common\/grey-pixel.gif\" class=\"a-lazy-loaded\" data-src=\"https:\/\/m.media-amazon.com\/images\/S\/aplus-media-library-service-media\/e46d7ce2-0df6-42bf-93b6-2a78c70b6a8b.__CR0,0,362,453_PT0_SX362_V1___.jpg\"><img decoding=\"async\" alt=\"negro para ordenador con aspas curvas y logotipo de Arctic. Marco cuadrado con esquinas redondeadas. Texto \u00abVENTILADORES\u00bb sobre la imagen.\" src=\"https:\/\/m.media-amazon.com\/images\/S\/aplus-media-library-service-media\/e46d7ce2-0df6-42bf-93b6-2a78c70b6a8b.__CR0,0,362,453_PT0_SX362_V1___.jpg\">  <\/p>\n<h3> Silencioso y potente <\/h3>\n<p class=\"apm-brand-story-stores-link\">\n<p>                                              <img decoding=\"async\" alt=\"con tubos de calor de cobre y ventilador negro. Cuenta con un gran disipador de calor y un dise\u00f1o de ventilador circular. El texto de arriba dice \u00abREFRIGERACI\u00d3N DE SERVIDORES\u00bb en espa\u00f1ol.\" src=\"https:\/\/images-na.ssl-images-amazon.com\/images\/G\/01\/x-locale\/common\/grey-pixel.gif\" class=\"a-lazy-loaded\" data-src=\"https:\/\/m.media-amazon.com\/images\/S\/aplus-media-library-service-media\/4c0beb57-c35e-43fd-afdf-7af40a53c126.__CR0,0,362,453_PT0_SX362_V1___.jpg\"><img decoding=\"async\" alt=\"con tubos de calor de cobre y ventilador negro. Cuenta con un gran disipador de calor y un dise\u00f1o de ventilador circular. El texto de arriba dice \u00abREFRIGERACI\u00d3N DE SERVIDORES\u00bb en espa\u00f1ol.\" src=\"https:\/\/m.media-amazon.com\/images\/S\/aplus-media-library-service-media\/4c0beb57-c35e-43fd-afdf-7af40a53c126.__CR0,0,362,453_PT0_SX362_V1___.jpg\">  <\/p>\n<h3> Refrigeraci\u00f3n de servidores <\/h3>\n<p class=\"apm-brand-story-stores-link\">\n<p>                                              <img decoding=\"async\" alt=\"El texto dice \u00abINTERFACES T\u00c9RMICAS\u00bb. Diagrama t\u00e9cnico que muestra el material de interfaz t\u00e9rmica MX-7 con el logotipo de Arctic. M\u00faltiples vistas de escenarios de aplicaci\u00f3n de pasta o almohadilla t\u00e9rmica delgada.\" src=\"https:\/\/images-na.ssl-images-amazon.com\/images\/G\/01\/x-locale\/common\/grey-pixel.gif\" class=\"a-lazy-loaded\" data-src=\"https:\/\/m.media-amazon.com\/images\/S\/aplus-media-library-service-media\/68f851be-d58f-4a38-a196-1d2c76cd91f2.__CR0,0,362,453_PT0_SX362_V1___.jpg\"><img decoding=\"async\" alt=\"El texto dice \u00abINTERFACES T\u00c9RMICAS\u00bb. Diagrama t\u00e9cnico que muestra el material de interfaz t\u00e9rmica MX-7 con el logotipo de Arctic. M\u00faltiples vistas de escenarios de aplicaci\u00f3n de pasta o almohadilla t\u00e9rmica delgada.\" src=\"https:\/\/m.media-amazon.com\/images\/S\/aplus-media-library-service-media\/68f851be-d58f-4a38-a196-1d2c76cd91f2.__CR0,0,362,453_PT0_SX362_V1___.jpg\">  <\/p>\n<h3> Interfaz t\u00e9rmica <\/h3>\n<p class=\"apm-brand-story-stores-link\">\n<p>                                              <img decoding=\"async\" alt=\"ARCTIC\" src=\"https:\/\/images-na.ssl-images-amazon.com\/images\/G\/01\/x-locale\/common\/grey-pixel.gif\" class=\"a-lazy-loaded\" data-src=\"https:\/\/m.media-amazon.com\/images\/S\/aplus-media-library-service-media\/4ddc947f-8abb-4794-ae8e-4519beaf86aa.__CR0,0,362,453_PT0_SX362_V1___.jpg\"><img decoding=\"async\" alt=\"ARCTIC\" src=\"https:\/\/m.media-amazon.com\/images\/S\/aplus-media-library-service-media\/4ddc947f-8abb-4794-ae8e-4519beaf86aa.__CR0,0,362,453_PT0_SX362_V1___.jpg\">  <\/p>\n<h3> Flexibilidad y ergonom\u00eda <\/h3>\n<p class=\"apm-brand-story-stores-link\">\n<p>                                              <img decoding=\"async\" alt=\"ARCTIC\" src=\"https:\/\/images-na.ssl-images-amazon.com\/images\/G\/01\/x-locale\/common\/grey-pixel.gif\" class=\"a-lazy-loaded\" data-src=\"https:\/\/m.media-amazon.com\/images\/S\/aplus-media-library-service-media\/018d8de7-947f-46d3-ae23-c223dd7cc2ef.__CR0,0,362,453_PT0_SX362_V1___.jpg\"><img decoding=\"async\" alt=\"ARCTIC\" src=\"https:\/\/m.media-amazon.com\/images\/S\/aplus-media-library-service-media\/018d8de7-947f-46d3-ae23-c223dd7cc2ef.__CR0,0,362,453_PT0_SX362_V1___.jpg\">  <\/p>\n<h3> Los accesorios adecuados <\/h3>\n<p class=\"apm-brand-story-stores-link\">\n<p> Product Dimensions                                            \u200f                                            :                                            \u200e                                            9.86 x 12.1 x 6.5 cm; 275.5 g   <br \/> Manufacturer                                            \u200f                                            :                                            \u200e                                            ARCTIC   <br \/> ASIN                                            \u200f                                            :                                            \u200e                                            B08QNBBVH5   <br \/> Item model number                                            \u200f                                            :                                            \u200e                                            ACALP00036A   <br \/> Country of origin                                            \u200f                                            :                                            \u200e                                            China   <br \/> Guaranteed software updates until                                            \u200f                                            :                                            \u200e                                            unknown   <br \/>  Customer reviews:                                                                                            4.3               4.3 out of 5 stars                                  (494)                                              var dpAcrHasRegisteredArcLinkClickAction;                    P.when(&#8216;A&#8217;, &#8216;ready&#8217;).execute(function(A) {                        if (dpAcrHasRegisteredArcLinkClickAction !== true) {                            dpAcrHasRegisteredArcLinkClickAction = true;                            A.declarative(                                &#8216;acrLink-click-metrics&#8217;, &#8216;click&#8217;,                                { \u00aballowLinkDefault\u00bb: true },                                function (event) {                                    if (window.ue) {                                        ue.count(\u00abacrLinkClickCount\u00bb, (ue.count(\u00abacrLinkClickCount\u00bb) || 0) + 1);                                    }                                }                            );                        }                    });                                             P.when(&#8216;A&#8217;, &#8216;cf&#8217;).execute(function(A) {                A.declarative(&#8216;acrStarsLink-click-metrics&#8217;, &#8216;click&#8217;, { \u00aballowLinkDefault\u00bb : true },  function(event){                    if(window.ue) {                        ue.count(\u00abacrStarsLinkWithPopoverClickCount\u00bb, (ue.count(\u00abacrStarsLinkWithPopoverClickCount\u00bb) || 0) + 1);                    }                });            });                          <\/p>\n<p>BETTER COOLING CAPACITY THANKS TO A NEW PRODUCTION PROCESS.The new production process makes it possible to manufacture a powerful and at the same time a very compact radial heat sink<br \/>LOW POWER CONSUMPTION AND LOW VIBRATION. The new Alpine 23 CO is driven by a modified engine and therefore runs much quieter and cheaper<br \/>PRE-APPLIED THERMAL PASTE: ARCTIC MX-2 thermal paste is pre-applied, it is efficient and resistant. The Alpine 23 CO can thus be directly out-of-the-box mounted and operated<br \/>DOUBLE BALL BEARING: Thanks to its double ball bearing, the ARCTIC Alpine 23 CO is optimized for continuous operation<br \/>SIMPLE AND SAFE INSTALLATION: A very easy installation, thanks to the new mounting clips. The Alpine 23 CO simply connects to existing AMD retention modules and screws on<\/p>\n\n","protected":false},"excerpt":{"rendered":"<p> From the brand Un fabricante de componentes y disipadores para PC que ha iniciado e<\/p>","protected":false},"featured_media":30298,"comment_status":"open","ping_status":"closed","template":"","meta":[],"product_brand":[],"product_cat":[66],"product_tag":[6669,1662,1554,530,2008,2880,2010,7707,3994,4627,598,2002,2014,1997,2016,6671,7255,4626,2006,8801,3998,3954,8802,1999,2012,2004,8572],"class_list":{"0":"post-30297","1":"product","2":"type-product","3":"status-publish","4":"has-post-thumbnail","6":"product_cat-cpu-fan","7":"product_tag-alpine","8":"product_tag-am4","9":"product_tag-am5","10":"product_tag-amd","11":"product_tag-amd-cpu-cooler","12":"product_tag-arctic","13":"product_tag-best-cpu-fan","14":"product_tag-compuesto","15":"product_tag-con","16":"product_tag-continuo","17":"product_tag-cpu","18":"product_tag-cpu-air-cooler","19":"product_tag-cpu-cooling-fan","20":"product_tag-cpu-fan","21":"product_tag-cpu-fan-price","22":"product_tag-disipador","23":"product_tag-enfriador","24":"product_tag-funcionamiento","25":"product_tag-intel-cpu-fan","26":"product_tag-mx2","27":"product_tag-negro","28":"product_tag-para","29":"product_tag-preaplicado","30":"product_tag-processor-fan","31":"product_tag-quiet-cpu-cooler","32":"product_tag-rgb-cpu-cooler","33":"product_tag-termico","35":"first","36":"instock","37":"sale","38":"shipping-taxable","39":"product-type-external"},"_links":{"self":[{"href":"https:\/\/comprasyconsejos.store\/en\/wp-json\/wp\/v2\/product\/30297","targetHints":{"allow":["GET"]}}],"collection":[{"href":"https:\/\/comprasyconsejos.store\/en\/wp-json\/wp\/v2\/product"}],"about":[{"href":"https:\/\/comprasyconsejos.store\/en\/wp-json\/wp\/v2\/types\/product"}],"replies":[{"embeddable":true,"href":"https:\/\/comprasyconsejos.store\/en\/wp-json\/wp\/v2\/comments?post=30297"}],"version-history":[{"count":0,"href":"https:\/\/comprasyconsejos.store\/en\/wp-json\/wp\/v2\/product\/30297\/revisions"}],"wp:featuredmedia":[{"embeddable":true,"href":"https:\/\/comprasyconsejos.store\/en\/wp-json\/wp\/v2\/media\/30298"}],"wp:attachment":[{"href":"https:\/\/comprasyconsejos.store\/en\/wp-json\/wp\/v2\/media?parent=30297"}],"wp:term":[{"taxonomy":"product_brand","embeddable":true,"href":"https:\/\/comprasyconsejos.store\/en\/wp-json\/wp\/v2\/product_brand?post=30297"},{"taxonomy":"product_cat","embeddable":true,"href":"https:\/\/comprasyconsejos.store\/en\/wp-json\/wp\/v2\/product_cat?post=30297"},{"taxonomy":"product_tag","embeddable":true,"href":"https:\/\/comprasyconsejos.store\/en\/wp-json\/wp\/v2\/product_tag?post=30297"}],"curies":[{"name":"wp","href":"https:\/\/api.w.org\/{rel}","templated":true}]}}