{"id":30334,"date":"2026-02-22T08:17:05","date_gmt":"2026-02-22T08:17:05","guid":{"rendered":"https:\/\/comprasyconsejos.store\/product\/minifire-mfg27c1-27-inch-curved-gaming-monitor-180hz-1ms-130-srgb-with-speaker-1920-x-1080-va-panel-mfg27c1-with-hdmi-cable\/"},"modified":"2026-02-22T08:17:05","modified_gmt":"2026-02-22T08:17:05","slug":"minifire-mfg27c1-27-inch-curved-gaming-monitor-180hz-1ms-130-srgb-with-speaker-1920-x-1080-va-panel-mfg27c1-with-hdmi-cable","status":"publish","type":"product","link":"https:\/\/comprasyconsejos.store\/en\/product\/minifire-mfg27c1-27-inch-curved-gaming-monitor-180hz-1ms-130-srgb-with-speaker-1920-x-1080-va-panel-mfg27c1-with-hdmi-cable\/","title":{"rendered":"Minifire MFG27C1 27-Inch Curved Gaming Monitor, 180Hz, 1ms, 130% sRGB, with Speaker, 1920 x 1080 VA Panel (MFG27C1 with HDMI Cable)"},"content":{"rendered":"<p>Price: <span style=\"color:#b12704\">\u20ac125.99<\/span><br \/><i><small>(as of Feb 22, 2026 08:17:05 UTC &#8211; <span class=\"wp_automatic_amazon_disclaimer\" title=\"Product prices and availability are accurate as of the date\/time indicated and are subject to change. Any price and availability information displayed on [relevant Amazon Site(s), as applicable] at the time of purchase will apply to the purchase of this product.\">Details<\/span>)<\/small><\/i><\/p>\n<p><a href=\"https:\/\/amazon.es\/dp\/B0D9YJ9ZW1?tag=man008-21\"><img decoding=\"async\" src=\"https:\/\/valvepress.s3.amazonaws.com\/imgs\/buy_now.png\"><\/a><br \/>\n<br \/>\n    <span>Minifire Monitor curvado para juegos MFG27C1 200Hz 1Ms 130% sRGB Monitor con altavoz 1920 x 1080 VA Panel (MFG27C1 con cable HDMI) DCI-P3 95%, VESA 100&#215;100,<\/span>    <br \/> Language                                            \u200f                                            :                                            \u200e                                            English   <br \/> Product Dimensions                                            \u200f                                            :                                            \u200e                                            68.49 x 43.49 x 12.59 cm; 3.5 kg   <br \/> Manufacturer                                            \u200f                                            :                                            \u200e                                            Minifire   <br \/> ASIN                                            \u200f                                            :                                            \u200e                                            B0D9YJ9ZW1   <br \/> Item model number                                            \u200f                                            :                                            \u200e                                            MFG27C1   <br \/> Country\/Region of Origin                                            \u200f                                            :                                            \u200e                                            China   <br \/> Guaranteed software updates until                                            \u200f                                            :                                            \u200e                                            unknown   <br \/>  Customer reviews:                                                                                            4.5               4.5 out of 5 stars                                  (525)                                              var dpAcrHasRegisteredArcLinkClickAction;                    P.when(&#8216;A&#8217;, &#8216;ready&#8217;).execute(function(A) {                        if (dpAcrHasRegisteredArcLinkClickAction !== true) {                            dpAcrHasRegisteredArcLinkClickAction = true;                            A.declarative(                                &#8216;acrLink-click-metrics&#8217;, &#8216;click&#8217;,                                { \u00aballowLinkDefault\u00bb: true },                                function (event) {                                    if (window.ue) {                                        ue.count(\u00abacrLinkClickCount\u00bb, (ue.count(\u00abacrLinkClickCount\u00bb) || 0) + 1);                                    }                                }                            );                        }                    });                                             P.when(&#8216;A&#8217;, &#8216;cf&#8217;).execute(function(A) {                A.declarative(&#8216;acrStarsLink-click-metrics&#8217;, &#8216;click&#8217;, { \u00aballowLinkDefault\u00bb : true },  function(event){                    if(window.ue) {                        ue.count(\u00abacrStarsLinkWithPopoverClickCount\u00bb, (ue.count(\u00abacrStarsLinkWithPopoverClickCount\u00bb) || 0) + 1);                    }                });            });                          <\/p>\n<p>Pantalla VA curvada de 27 pulgadas: sum\u00e9rgete en la claridad FHD 1080P con una frecuencia de actualizaci\u00f3n de 200 Hz, ofreciendo un juego suave y im\u00e1genes cinematogr\u00e1ficas. Perfecto para juegos competitivos y multitarea.<br \/>Respuesta de 1 ms + FreeSync Premium: cero im\u00e1genes fantasma o desgarros de pantalla en juegos de ritmo r\u00e1pido como Apex Legends o Forza. La sincronizaci\u00f3n adaptativa garantiza velocidades de fotogramas fluidas en las configuraciones de PC\/consola.<br \/>Colores vivos y HDR: 130% de compatibilidad con sRGB + HDR que aporta detalles realistas a juegos, pel\u00edculas y trabajo creativo. El brillo de 300 cd\/m\u00b2 garantiza un contraste n\u00edtido en escenas oscuras.<br \/>Altavoces integrados + dise\u00f1o sin marco: ahorra espacio con audio integrado, mientras que el elegante dise\u00f1o de borde a borde a\u00f1ade un estilo moderno a tu escritorio. La ergonom\u00eda curvada reduce la fatiga ocular durante largas sesiones.<br \/>Puertos flexibles + cable HDMI gratis: los puertos HDMI 1.4\/DP 1.2 se conectan a PS5\/Xbox\/PC. Incluye un cable HDMI MFG27C1 gratuito para conectar y usar instant\u00e1neamente.<br \/>Actualiza tu configuraci\u00f3n hoy: los juegos, la transmisi\u00f3n y el trabajo ahora mejoran. 100%<\/p>\n\n","protected":false},"excerpt":{"rendered":"<p> Minifire Monitor curvado para juegos MFG27C1 200Hz 1Ms 130% sRGB Monitor con altavoz 1920 x<\/p>","protected":false},"featured_media":30335,"comment_status":"open","ping_status":"closed","template":"","meta":[],"product_brand":[],"product_cat":[54],"product_tag":[1791,1778,1918,1768,1789,182,754,1787,1788,1792,1784,1786,1783,1790,617,544,8811,8810,844,1033,1930,1313,1785],"class_list":{"0":"post-30334","1":"product","2":"type-product","3":"status-publish","4":"has-post-thumbnail","6":"product_cat-curved-monitors","7":"product_tag-144hz-curved-monitor","8":"product_tag-180hz","9":"product_tag-1ms","10":"product_tag-27inch","11":"product_tag-best-curved-monitor","12":"product_tag-cable","13":"product_tag-curved","14":"product_tag-curved-27-inch-monitor","15":"product_tag-curved-32-inch-monitor","16":"product_tag-curved-computer-monitor","17":"product_tag-curved-gaming-monitor","18":"product_tag-curved-led-monitor","19":"product_tag-curved-monitor","20":"product_tag-curved-monitor-price","21":"product_tag-gaming","22":"product_tag-hdmi","23":"product_tag-mfg27c1","24":"product_tag-minifire","25":"product_tag-monitor","26":"product_tag-panel","27":"product_tag-speaker","28":"product_tag-srgb","29":"product_tag-ultrawide-curved-monitor","31":"first","32":"instock","33":"shipping-taxable","34":"product-type-external"},"_links":{"self":[{"href":"https:\/\/comprasyconsejos.store\/en\/wp-json\/wp\/v2\/product\/30334","targetHints":{"allow":["GET"]}}],"collection":[{"href":"https:\/\/comprasyconsejos.store\/en\/wp-json\/wp\/v2\/product"}],"about":[{"href":"https:\/\/comprasyconsejos.store\/en\/wp-json\/wp\/v2\/types\/product"}],"replies":[{"embeddable":true,"href":"https:\/\/comprasyconsejos.store\/en\/wp-json\/wp\/v2\/comments?post=30334"}],"version-history":[{"count":0,"href":"https:\/\/comprasyconsejos.store\/en\/wp-json\/wp\/v2\/product\/30334\/revisions"}],"wp:featuredmedia":[{"embeddable":true,"href":"https:\/\/comprasyconsejos.store\/en\/wp-json\/wp\/v2\/media\/30335"}],"wp:attachment":[{"href":"https:\/\/comprasyconsejos.store\/en\/wp-json\/wp\/v2\/media?parent=30334"}],"wp:term":[{"taxonomy":"product_brand","embeddable":true,"href":"https:\/\/comprasyconsejos.store\/en\/wp-json\/wp\/v2\/product_brand?post=30334"},{"taxonomy":"product_cat","embeddable":true,"href":"https:\/\/comprasyconsejos.store\/en\/wp-json\/wp\/v2\/product_cat?post=30334"},{"taxonomy":"product_tag","embeddable":true,"href":"https:\/\/comprasyconsejos.store\/en\/wp-json\/wp\/v2\/product_tag?post=30334"}],"curies":[{"name":"wp","href":"https:\/\/api.w.org\/{rel}","templated":true}]}}