{"id":30336,"date":"2026-02-22T08:19:00","date_gmt":"2026-02-22T08:19:00","guid":{"rendered":"https:\/\/comprasyconsejos.store\/product\/z-edge-gaming-monitor-27-inch-curved-monitor-280-hz-dp-curved-pc-display-1ms-mprt-fhd1920x1080-freesync-led-169-with-hdmi-cable-1500r-va-2-hdmi2-0-2-dp-1-2\/"},"modified":"2026-02-22T08:19:08","modified_gmt":"2026-02-22T08:19:08","slug":"z-edge-gaming-monitor-27-inch-curved-monitor-280-hz-dp-curved-pc-display-1ms-mprt-fhd1920x1080-freesync-led-169-with-hdmi-cable-1500r-va-2-hdmi2-0-2-dp-1-2","status":"publish","type":"product","link":"https:\/\/comprasyconsejos.store\/en\/product\/z-edge-gaming-monitor-27-inch-curved-monitor-280-hz-dp-curved-pc-display-1ms-mprt-fhd1920x1080-freesync-led-169-with-hdmi-cable-1500r-va-2-hdmi2-0-2-dp-1-2\/","title":{"rendered":"Z-Edge Gaming Monitor 27 Inch, Curved Monitor 280 Hz (DP), Curved PC Display, 1ms MPRT, FHD(1920&#215;1080), FreeSync, LED 16:9 with HDMI Cable, 1500R VA, 2* HDMI2.0 &#038; 2* DP 1.2"},"content":{"rendered":"<p>Price: <span style=\"color:#b12704\"><del>\u20ac179.99<\/del> - \u20ac144.39<\/span><br \/><i><small>(as of Feb 22, 2026 08:19:00 UTC &#8211; <span class=\"wp_automatic_amazon_disclaimer\" title=\"Product prices and availability are accurate as of the date\/time indicated and are subject to change. Any price and availability information displayed on [relevant Amazon Site(s), as applicable] at the time of purchase will apply to the purchase of this product.\">Details<\/span>)<\/small><\/i><\/p>\n<p><a href=\"https:\/\/amazon.es\/dp\/B0BTM62WTB?tag=man008-21\"><img decoding=\"async\" src=\"https:\/\/valvepress.s3.amazonaws.com\/imgs\/buy_now.png\"><\/a><br \/>\n<\/p>\n<p>                                             Product Description   <\/p>\n<h3 class=\"a-text-center aplus-container-3 aplus-h1 a-text-bold\"> Z-Edge Monitor Gaming Curvo 27\u00bb 280 Hz, 1ms MPRT, FHD(1920&#215;1080), FreeSync <\/h3>\n<p>The video showcases the product in use.The video guides you through product setup.The video compares multiple products.The video shows the product being unpacked.<\/p>\n<h3 class=\"aplus-h1 a-text-bold\"> Z-Edge 2025 El \u00faltimo Monitor 27 Pulgadas 280 Hz <\/h3>\n<p><\/p>\n<p class=\"aplus-p2\">\n<p>Nacido para Juegos: 280 Hz &amp; 1ms &amp; Adpitive Sync, que te permite tomar la delantera en juegos competitivos.Mejor Asistente de Trabajo: Tecnolog\u00eda Free-Flicker &amp; Low Blue Light, que puede reducir eficazmente la fatiga ocular.FHD &amp; Pantalla Curva 1500R &amp; 178\u00b0 \u00e1ngulo de visi\u00f3n &amp; Inclinaci\u00f3n Ajustables , que brindan \u00e1reas de visualizaci\u00f3n m\u00e1s claras y c\u00f3modas.Viene con un Organizador de Cables &amp; Bot\u00f3n Basculante, lo que hace que su escritorio est\u00e9 m\u00e1s limpio y ordenado.                                                    <\/p>\n<p>The video showcases the product in use.The video guides you through product setup.The video compares multiple products.The video shows the product being unpacked.<\/p>\n<p>                                                                                                                  <img decoding=\"async\" alt=\"1MS\" src=\"https:\/\/m.media-amazon.com\/images\/S\/aplus-media-library-service-media\/57222fb3-630f-4160-a3e6-d43da9fdc3ab.__CR0,0,1464,600_PT0_SX1464_V1___.jpg\">                                                                                                                        <\/p>\n<p class=\"description aplus-p1\"> El tiempo de respuesta r\u00e1pido de 1 ms le brinda una ventaja competitiva en los juegos <\/p>\n<p>                                                      <img decoding=\"async\" alt=\"280HZ\" src=\"https:\/\/m.media-amazon.com\/images\/S\/aplus-media-library-service-media\/1e0f4089-adcd-4f8b-91c7-5e00fb8680f9.__CR0,0,1464,600_PT0_SX1464_V1___.jpg\">                                                                                                                        <\/p>\n<p class=\"description aplus-p1\"> 280 Hz Frecuencia de actualizaci\u00f3n ultrarr\u00e1pida para una experiencia s\u00faper fluida <\/p>\n<p>                                                      <img decoding=\"async\" alt=\"Adaptativa-Sync\" src=\"https:\/\/m.media-amazon.com\/images\/S\/aplus-media-library-service-media\/239d026c-16e2-4e12-9849-095eaa4da271.__CR0,0,1464,600_PT0_SX1464_V1___.jpg\">                                                                                                                        <\/p>\n<p class=\"description aplus-p1\"> FreeSync pr\u00e1cticamente elimina el desgarro de la pantalla, el tartamudeo y la latencia de entrada <\/p>\n<p>                                                      <img decoding=\"async\" alt=\"Brillo\" src=\"https:\/\/m.media-amazon.com\/images\/S\/aplus-media-library-service-media\/5a844b73-be81-45a4-b334-f18c2947c4e2.__CR0,0,1464,600_PT0_SX1464_V1___.jpg\"><br \/>\n                            1 1 ms Tiempo de Respuesta <\/p>\n<p>                            2 280Hz Refresh Rate <\/p>\n<p>                            3 Adaptativa-Sync <\/p>\n<p>                            4 Brillo <\/p>\n<p>                                                                              <img decoding=\"async\" alt=\"VESA Compatibilidad de Montaje\" src=\"https:\/\/m.media-amazon.com\/images\/S\/aplus-media-library-service-media\/2df50d47-fd32-42a3-b185-4911ae6cae87.__CR0,0,1464,600_PT0_SX1464_V1___.jpg\">                                                                                                                        <\/p>\n<p class=\"description aplus-p2\"> Compatible con soporte VESA (100*100 mm), superando las limitaciones de espacio. <\/p>\n<p>                                                      <img decoding=\"async\" alt=\"1500R Curvatura\" src=\"https:\/\/m.media-amazon.com\/images\/S\/aplus-media-library-service-media\/f5bd1e6b-1ad5-4810-8018-fc0288d8fb73.__CR0,0,1464,600_PT0_SX1464_V1___.jpg\">                                                                                                                        <\/p>\n<p class=\"description aplus-p2\"> La curvatura 1500R mejora la profundidad de la percepci\u00f3n, sumergi\u00e9ndote a\u00fan m\u00e1s en los juegos. <\/p>\n<p>                                                      <img decoding=\"async\" alt=\"3 Caras sin Marco\" src=\"https:\/\/m.media-amazon.com\/images\/S\/aplus-media-library-service-media\/2d5b2efb-0e32-430f-a010-563cf8227498.__CR0,0,1464,600_PT0_SX1464_V1___.jpg\">                                                                                                                        <\/p>\n<p class=\"description aplus-p2\"> Biseles delgados est\u00e1n dise\u00f1ados en 3 lados para ampliar su campo de visi\u00f3n con m\u00faltiples pantallas <\/p>\n<p>                       1 VESA Compatibilidad          2 1500R Curvatura           3 3 Caras sin Marco                       <\/p>\n<p>                                                                                              <img decoding=\"async\" alt=\"1920*1080 Resoluci\u00f3n\" src=\"https:\/\/images-na.ssl-images-amazon.com\/images\/G\/01\/x-locale\/common\/grey-pixel.gif\" class=\"a-lazy-loaded\" data-src=\"https:\/\/m.media-amazon.com\/images\/S\/aplus-media-library-service-media\/3ffce5b8-864f-44fb-aa99-4634153bc902.__CR0,0,300,225_PT0_SX300_V1___.jpg\"><img decoding=\"async\" alt=\"1920*1080 Resoluci\u00f3n\" src=\"https:\/\/m.media-amazon.com\/images\/S\/aplus-media-library-service-media\/3ffce5b8-864f-44fb-aa99-4634153bc902.__CR0,0,300,225_PT0_SX300_V1___.jpg\">                                            1920*1080 Resoluci\u00f3n                                         <\/p>\n<p class=\"aplus-p3\"> Con una resoluci\u00f3n de 1920*1080P, este monitor curvo le brinda im\u00e1genes v\u00edvidas e impresionantes, presentando videos\/im\u00e1genes con m\u00e1s detalles. <\/p>\n<p>                                           <img decoding=\"async\" alt=\"Monitor curvo 1500R\" src=\"https:\/\/images-na.ssl-images-amazon.com\/images\/G\/01\/x-locale\/common\/grey-pixel.gif\" class=\"a-lazy-loaded\" data-src=\"https:\/\/m.media-amazon.com\/images\/S\/aplus-media-library-service-media\/b23bab20-564c-480b-94b9-a02bfcb399d4.__CR0,0,300,225_PT0_SX300_V1___.jpg\"><img decoding=\"async\" alt=\"Monitor curvo 1500R\" src=\"https:\/\/m.media-amazon.com\/images\/S\/aplus-media-library-service-media\/b23bab20-564c-480b-94b9-a02bfcb399d4.__CR0,0,300,225_PT0_SX300_V1___.jpg\">                                            Monitor curvo 1500R                                         <\/p>\n<p class=\"aplus-p3\"> La curvatura 1500R coincide con el campo visual del ojo humano, lo que mejora la percepci\u00f3n de profundidad y te permite sumergirte m\u00e1s en los juegos. <\/p>\n<p>                                           <img decoding=\"async\" alt=\"Inclinaci\u00f3n Ajustable\" src=\"https:\/\/images-na.ssl-images-amazon.com\/images\/G\/01\/x-locale\/common\/grey-pixel.gif\" class=\"a-lazy-loaded\" data-src=\"https:\/\/m.media-amazon.com\/images\/S\/aplus-media-library-service-media\/b30ebc98-6e14-469e-93f6-e1a671edd5ab.__CR0,0,300,225_PT0_SX300_V1___.jpg\"><img decoding=\"async\" alt=\"Inclinaci\u00f3n Ajustable\" src=\"https:\/\/m.media-amazon.com\/images\/S\/aplus-media-library-service-media\/b30ebc98-6e14-469e-93f6-e1a671edd5ab.__CR0,0,300,225_PT0_SX300_V1___.jpg\">                                            Inclinaci\u00f3n Ajustable                                         <\/p>\n<p class=\"aplus-p3\"> La inclinaci\u00f3n ajustable puede aliviar eficazmente la fatiga en el trabajo o los juegos. <\/p>\n<p>                                           <img decoding=\"async\" alt=\"178\u00b0 \u00c1ngulo de Visi\u00f3n Amplio\" src=\"https:\/\/images-na.ssl-images-amazon.com\/images\/G\/01\/x-locale\/common\/grey-pixel.gif\" class=\"a-lazy-loaded\" data-src=\"https:\/\/m.media-amazon.com\/images\/S\/aplus-media-library-service-media\/e41e18e0-2daa-44ec-9528-d756b152c300.__CR0,0,300,225_PT0_SX300_V1___.jpg\"><img decoding=\"async\" alt=\"178\u00b0 \u00c1ngulo de Visi\u00f3n Amplio\" src=\"https:\/\/m.media-amazon.com\/images\/S\/aplus-media-library-service-media\/e41e18e0-2daa-44ec-9528-d756b152c300.__CR0,0,300,225_PT0_SX300_V1___.jpg\">                                            178\u00b0 \u00c1ngulo de Visi\u00f3n Amplio                                         <\/p>\n<p class=\"aplus-p3\"> El amplio \u00e1ngulo de visi\u00f3n le permite ver claramente todo el contenido que se muestra en la pantalla en diferentes direcciones <\/p>\n<p>                                                                                                       <img decoding=\"async\" alt=\"Conexiones poderosas\" src=\"https:\/\/images-na.ssl-images-amazon.com\/images\/G\/01\/x-locale\/common\/grey-pixel.gif\" class=\"a-lazy-loaded\" data-src=\"https:\/\/m.media-amazon.com\/images\/S\/aplus-media-library-service-media\/8abc24ae-e3c1-46ef-ba67-f18f38559761.__CR0,0,1464,600_PT0_SX1464_V1___.jpg\"><img decoding=\"async\" alt=\"Conexiones poderosas\" src=\"https:\/\/m.media-amazon.com\/images\/S\/aplus-media-library-service-media\/8abc24ae-e3c1-46ef-ba67-f18f38559761.__CR0,0,1464,600_PT0_SX1464_V1___.jpg\">                                                                                    Conexiones Poderosas                                        <\/p>\n<p class=\"aplus-p2 aplus-module-2-description\"> Hay disponibles un total de 4 interfaces HDMI y DisplayPort multifuncionales, lo que le permite conectar sin problemas trabajo y entretenimiento, logrando m\u00faltiples usos en una sola pantalla. <\/p>\n<p> Product Dimensions                                            \u200f                                            :                                            \u200e                                            18 x 61 x 43.5 cm; 4 kg   <br \/> Manufacturer                                            \u200f                                            :                                            \u200e                                            Z-Edge   <br \/> ASIN                                            \u200f                                            :                                            \u200e                                            B0BTM62WTB   <br \/> Item model number                                            \u200f                                            :                                            \u200e                                            UG27P   <br \/> Country\/Region of Origin                                            \u200f                                            :                                            \u200e                                            China   <br \/> Guaranteed software updates until                                            \u200f                                            :                                            \u200e                                            unknown   <br \/>  Customer reviews:                                                                                            4.4               4.4 out of 5 stars                                  (653)                                              var dpAcrHasRegisteredArcLinkClickAction;                    P.when(&#8216;A&#8217;, &#8216;ready&#8217;).execute(function(A) {                        if (dpAcrHasRegisteredArcLinkClickAction !== true) {                            dpAcrHasRegisteredArcLinkClickAction = true;                            A.declarative(                                &#8216;acrLink-click-metrics&#8217;, &#8216;click&#8217;,                                { \u00aballowLinkDefault\u00bb: true },                                function (event) {                                    if (window.ue) {                                        ue.count(\u00abacrLinkClickCount\u00bb, (ue.count(\u00abacrLinkClickCount\u00bb) || 0) + 1);                                    }                                }                            );                        }                    });                                             P.when(&#8216;A&#8217;, &#8216;cf&#8217;).execute(function(A) {                A.declarative(&#8216;acrStarsLink-click-metrics&#8217;, &#8216;click&#8217;, { \u00aballowLinkDefault\u00bb : true },  function(event){                    if(window.ue) {                        ue.count(\u00abacrStarsLinkWithPopoverClickCount\u00bb, (ue.count(\u00abacrStarsLinkWithPopoverClickCount\u00bb) || 0) + 1);                    }                });            });                          <\/p>\n<p>280Hz &#038; 1ms MPRT: This monitor was born to play. Deliver a smooth gaming experience with a 1ms response time and a 280Hz refresh rate. Built-in Adpitive Sync technology virtually eliminates screen tearing, stuttering, and input latency. FPS, RTS and crosshairs modes bring you excellent gaming experience<br \/>Powerful Connections &#038; Audio Port: Z-Edge Monitor PC Gaming Curved features 2 HDMI 2.0 input ports (240Hz) and 2 DisplayPort 1.2 input ports (280Hz), providing flexible and versatile connectivity with your devices. In addition, an audio port is available for optimal sound experience. Attention, make sure your computer&#8217;s graphics card supports a refresh rate of 280 Hz<br \/>Superb Visual Effects: Z-Edge 27\u00bb curved PC gaming monitor features a new generation of VA displays with 8-bit color depth, 16.7 million color gamut and 99% SRGB (NTSC) 72%). Rich colors and capture more details of the picture. Flicker-free and low blue light functions keep your eyes fresh after long time use<br \/>Full HD &#038; 1500R Curved Display: With FHD (1920 x 1080) resolution and 350cd\/m\u00b2 brightness, Z-Edge display can bring you crystal clear picture quality and stable gaming or video experience. 1500R curved screen can further expand your field of view and bring you an immersive gaming experience<br \/>Ultra-thin Bezel Design: Makes the monitor have a near-full screen and gives you a greater degree of immersion, brings a modern and stylish look to this sleek monitor, and it&#8217;s easy to expand your views in a dual monitor setup. Angle adjustable from -5\u00b0 to 15\u00b0. It also supports VESA (100x100mm) for wall mounting<\/p>\n\n","protected":false},"excerpt":{"rendered":"<p> Product Description Z-Edge Monitor Gaming Curvo 27\u00bb 280 Hz, 1ms MPRT, FHD(1920&#215;1080), FreeSync The video<\/p>","protected":false},"featured_media":30337,"comment_status":"open","ping_status":"closed","template":"","meta":[],"product_brand":[],"product_cat":[53],"product_tag":[2337,1918,1804,1801,1802,1805,1803,1799,1807,1806,182,754,561,4132,1922,617,544,7648,584,428,844,2267,1808,1800,8662],"class_list":{"0":"post-30336","1":"product","2":"type-product","3":"status-publish","4":"has-post-thumbnail","6":"product_cat-4k-monitors","7":"product_tag-1500r","8":"product_tag-1ms","9":"product_tag-32-inch-4k-monitor","10":"product_tag-3840x2160-monitor","11":"product_tag-4k-gaming-monitor","12":"product_tag-4k-hdr-monitor","13":"product_tag-4k-ips-monitor","14":"product_tag-4k-monitor","15":"product_tag-4k-monitor-price","16":"product_tag-best-4k-monitor","17":"product_tag-cable","18":"product_tag-curved","19":"product_tag-display","20":"product_tag-fhd1920x1080","21":"product_tag-freesync","22":"product_tag-gaming","23":"product_tag-hdmi","24":"product_tag-hdmi2-0","25":"product_tag-inch","26":"product_tag-led","27":"product_tag-monitor","28":"product_tag-mprt","29":"product_tag-professional-4k-monitor","30":"product_tag-uhd-monitor","31":"product_tag-zedge","33":"first","34":"instock","35":"sale","36":"shipping-taxable","37":"product-type-external"},"_links":{"self":[{"href":"https:\/\/comprasyconsejos.store\/en\/wp-json\/wp\/v2\/product\/30336","targetHints":{"allow":["GET"]}}],"collection":[{"href":"https:\/\/comprasyconsejos.store\/en\/wp-json\/wp\/v2\/product"}],"about":[{"href":"https:\/\/comprasyconsejos.store\/en\/wp-json\/wp\/v2\/types\/product"}],"replies":[{"embeddable":true,"href":"https:\/\/comprasyconsejos.store\/en\/wp-json\/wp\/v2\/comments?post=30336"}],"version-history":[{"count":0,"href":"https:\/\/comprasyconsejos.store\/en\/wp-json\/wp\/v2\/product\/30336\/revisions"}],"wp:featuredmedia":[{"embeddable":true,"href":"https:\/\/comprasyconsejos.store\/en\/wp-json\/wp\/v2\/media\/30337"}],"wp:attachment":[{"href":"https:\/\/comprasyconsejos.store\/en\/wp-json\/wp\/v2\/media?parent=30336"}],"wp:term":[{"taxonomy":"product_brand","embeddable":true,"href":"https:\/\/comprasyconsejos.store\/en\/wp-json\/wp\/v2\/product_brand?post=30336"},{"taxonomy":"product_cat","embeddable":true,"href":"https:\/\/comprasyconsejos.store\/en\/wp-json\/wp\/v2\/product_cat?post=30336"},{"taxonomy":"product_tag","embeddable":true,"href":"https:\/\/comprasyconsejos.store\/en\/wp-json\/wp\/v2\/product_tag?post=30336"}],"curies":[{"name":"wp","href":"https:\/\/api.w.org\/{rel}","templated":true}]}}