{"id":30362,"date":"2026-02-22T08:39:22","date_gmt":"2026-02-22T08:39:22","guid":{"rendered":"https:\/\/comprasyconsejos.store\/product\/tatybo-gaming-headset-for-ps4-ps5-pc-switch-gaming-headset-with-dual-adaptable-headband-3d-stereo-sound-lightweight-wired-headset-with-rgb-light\/"},"modified":"2026-02-22T08:39:26","modified_gmt":"2026-02-22T08:39:26","slug":"tatybo-gaming-headset-for-ps4-ps5-pc-switch-gaming-headset-with-dual-adaptable-headband-3d-stereo-sound-lightweight-wired-headset-with-rgb-light","status":"publish","type":"product","link":"https:\/\/comprasyconsejos.store\/en\/product\/tatybo-gaming-headset-for-ps4-ps5-pc-switch-gaming-headset-with-dual-adaptable-headband-3d-stereo-sound-lightweight-wired-headset-with-rgb-light\/","title":{"rendered":"Tatybo Gaming Headset for Ps4\/Ps5\/PC\/Switch, Gaming Headset with Dual Adaptable Headband, 3D Stereo Sound, Lightweight Wired Headset with RGB Light"},"content":{"rendered":"<p>Price: <span style=\"color:#b12704\"><del>\u20ac17.99<\/del> - \u20ac17.09<\/span><br \/><i><small>(as of Feb 22, 2026 08:39:22 UTC &#8211; <span class=\"wp_automatic_amazon_disclaimer\" title=\"Product prices and availability are accurate as of the date\/time indicated and are subject to change. Any price and availability information displayed on [relevant Amazon Site(s), as applicable] at the time of purchase will apply to the purchase of this product.\">Details<\/span>)<\/small><\/i><\/p>\n<p><a href=\"https:\/\/amazon.es\/dp\/B0DBV9YTBY?tag=man008-21\"><img decoding=\"async\" src=\"https:\/\/valvepress.s3.amazonaws.com\/imgs\/buy_now.png\"><\/a><br \/>\n<\/p>\n<p>                                             From the brand   <\/p>\n<p>                                              <img decoding=\"async\" alt=\"\" src=\"https:\/\/images-na.ssl-images-amazon.com\/images\/G\/01\/x-locale\/common\/grey-pixel.gif\" class=\"a-lazy-loaded\" data-src=\"https:\/\/m.media-amazon.com\/images\/S\/aplus-media-library-service-media\/7f55110b-82e6-4ba5-a0e6-0366a3e8e587.__CR0,0,1464,625_PT0_SX1464_V1___.jpg\"><img decoding=\"async\" alt=\"\" src=\"https:\/\/m.media-amazon.com\/images\/S\/aplus-media-library-service-media\/7f55110b-82e6-4ba5-a0e6-0366a3e8e587.__CR0,0,1464,625_PT0_SX1464_V1___.jpg\">  <\/p>\n<h3> Tatybo <\/h3>\n<p> Marca Profesional De Fabricaci\u00f3n De Cascos Gaming <\/p>\n<p>                                              <img decoding=\"async\" alt=\"\" src=\"https:\/\/images-na.ssl-images-amazon.com\/images\/G\/01\/x-locale\/common\/grey-pixel.gif\" class=\"a-lazy-loaded\" data-src=\"https:\/\/m.media-amazon.com\/images\/S\/aplus-media-library-service-media\/86bff227-3c5d-4fa9-9d3f-e78a0aa392c8.__CR0,0,315,145_PT0_SX315_V1___.jpg\"><img decoding=\"async\" alt=\"\" src=\"https:\/\/m.media-amazon.com\/images\/S\/aplus-media-library-service-media\/86bff227-3c5d-4fa9-9d3f-e78a0aa392c8.__CR0,0,315,145_PT0_SX315_V1___.jpg\">  <\/p>\n<p> Tatybo <\/p>\n<\/p>\n<p>Transmite el concepto de \u00abEmpower With Sound\u00bb, manteniendo siempre la tecnolog\u00eda m\u00e1s puntera en cada auricular de juego, y se compromete a dar a cada jugador y aficionado de todo el mundo la experiencia de juego definitiva, crear auriculares de juego profesionales de alta calidad que todo el mundo pueda tener.Sus productos se corresponden con todas las plataformas de equipos de juegos, como PS4, PS5, Xbox, PC y MAC, etc.     <\/p>\n<h3> Cascos Gaming Profesionales <\/h3>\n<p>                                                         \u00bfNuestros productos son de alta calidad?                                       <\/p>\n<p> La marca Tatybo adopta un dise\u00f1o de circuito de alta tecnolog\u00eda y mano de obra fina.Cada auricular no solo se ha sometido a pruebas t\u00e9cnicas profesionales, sino que tambi\u00e9n ha invitado a muchos jugadores a probar el producto para maximizar el rendimiento del producto y la mejor experiencia. <\/p>\n<p>                                                         \u00bfC\u00f3mo empezamos?                                       <\/p>\n<p> El Sr. Tang y sus socios establecieron una marca de perif\u00e9ricos de juegos profesionales y la llamaron en honor a su primer ID de juego \u00abTatybo\u00bb. La misi\u00f3n de la marca es simple: Crea auriculares gaming c\u00f3modos y de alta calidad para todas las edades. <\/p>\n<p> Batteries                                            \u200f                                            :                                            \u200e                                            A batteries required.   <br \/> Package Dimensions                                            \u200f                                            :                                            \u200e                                            21.8 x 19.2 x 9.2 cm; 270 g   <br \/> Manufacturer                                            \u200f                                            :                                            \u200e                                            Tatybo   <br \/> ASIN                                            \u200f                                            :                                            \u200e                                            B0DBV9YTBY   <br \/> Item model number                                            \u200f                                            :                                            \u200e                                            9059   <br \/> Guaranteed software updates until                                            \u200f                                            :                                            \u200e                                            unknown   <br \/>  Customer reviews:                                                                                            4.4               4.4 out of 5 stars                                  (677)                                              var dpAcrHasRegisteredArcLinkClickAction;                    P.when(&#8216;A&#8217;, &#8216;ready&#8217;).execute(function(A) {                        if (dpAcrHasRegisteredArcLinkClickAction !== true) {                            dpAcrHasRegisteredArcLinkClickAction = true;                            A.declarative(                                &#8216;acrLink-click-metrics&#8217;, &#8216;click&#8217;,                                { \u00aballowLinkDefault\u00bb: true },                                function (event) {                                    if (window.ue) {                                        ue.count(\u00abacrLinkClickCount\u00bb, (ue.count(\u00abacrLinkClickCount\u00bb) || 0) + 1);                                    }                                }                            );                        }                    });                                             P.when(&#8216;A&#8217;, &#8216;cf&#8217;).execute(function(A) {                A.declarative(&#8216;acrStarsLink-click-metrics&#8217;, &#8216;click&#8217;, { \u00aballowLinkDefault\u00bb : true },  function(event){                    if(window.ue) {                        ue.count(\u00abacrStarsLinkWithPopoverClickCount\u00bb, (ue.count(\u00abacrStarsLinkWithPopoverClickCount\u00bb) || 0) + 1);                    }                });            });                          <\/p>\n<p>Double-layer headband, great adaptability: the designer considers long-term wearing comfort, and the gaming headset adopts a unique double-layer elastic headband design, and its adjustment range is suitable for different head shapes. In addition, its material has been compression tested and can maintain elasticity even after prolonged use, which reduces the feeling of oppression<br \/>LIGHTWEIGHT &#038; COMFORTABLE, DURABLE EXPERIENCE &#8211; Earmuffs use memory foam technology and skin-friendly leather texture materials. Headphones with microphone are not only lightweight at only 280g, but also have good breathability. The enlarged earmuffs completely cover the ears to effectively block external noise. The superior fit of the earmuffs can keep the ears dry, no frequent adjustments, can easily enjoy the fun of the game<br \/>Hi-Fi Sound Experience: Gaming headset uses high-resolution audio technology and is equipped with a 50mm Hi-Fi audio driver unit. It has a frequency response range of 20Hz to 20kHz, which perfectly covers the hearing range of the human ear. Whether it&#8217;s an intense FPS shooting game or a tactical game that requires teamwork, feel the ubiquitous combat sound effects in your ears, as if you were in the game world<br \/>Clear Calls, Perfect Collaboration: Helmet with microphone is equipped with high-sensitivity noise cancellation which can effectively filter out ambient noise and ensure your voice is transmitted clearly. Whether it is strategic communication during team battles or help calls in single-player games, the microphone can capture it perfectly, players can communicate tactics with their teammates more fluently to ensure timeliness and accuracy of information transmission<br \/>Perfect Compatibility, Multi-Platform Experience This wired headset uses a 3.5mm audio jack (USB only controls the light) and is compatible with multiple platforms such as PS4\/PS5, PC, Xbox One and Nintendo Switch. Wired headsets support plug-and-play, making players more efficient when switching platforms. The gamer headset can provide excellent and consistent sound quality performance to ensure that players always enjoy the best gaming experience<\/p>\n\n","protected":false},"excerpt":{"rendered":"<p> From the brand Tatybo Marca Profesional De Fabricaci\u00f3n De Cascos Gaming Tatybo Transmite el concepto<\/p>","protected":false},"featured_media":30363,"comment_status":"open","ping_status":"closed","template":"","meta":[],"product_brand":[],"product_cat":[61],"product_tag":[7505,1880,298,617,1881,1875,1883,1758,711,1884,248,956,1878,1876,8822,885,869,1038,7202,1879,1882,750,1877],"class_list":{"0":"post-30362","1":"product","2":"type-product","3":"status-publish","4":"has-post-thumbnail","6":"product_cat-games-entertainment","7":"product_tag-adaptable","8":"product_tag-console-games","9":"product_tag-dual","10":"product_tag-gaming","11":"product_tag-gaming-accessories","12":"product_tag-gaming-consoles","13":"product_tag-gaming-controllers","14":"product_tag-headband","15":"product_tag-headset","16":"product_tag-home-gaming-system","17":"product_tag-light","18":"product_tag-lightweight","19":"product_tag-nintendo-console","20":"product_tag-playstation-console","21":"product_tag-ps4ps5pcswitch","22":"product_tag-rgb","23":"product_tag-sound","24":"product_tag-stereo","25":"product_tag-tatybo","26":"product_tag-video-games","27":"product_tag-vr-headset","28":"product_tag-wired","29":"product_tag-xbox-console","31":"first","32":"instock","33":"sale","34":"shipping-taxable","35":"product-type-external"},"_links":{"self":[{"href":"https:\/\/comprasyconsejos.store\/en\/wp-json\/wp\/v2\/product\/30362","targetHints":{"allow":["GET"]}}],"collection":[{"href":"https:\/\/comprasyconsejos.store\/en\/wp-json\/wp\/v2\/product"}],"about":[{"href":"https:\/\/comprasyconsejos.store\/en\/wp-json\/wp\/v2\/types\/product"}],"replies":[{"embeddable":true,"href":"https:\/\/comprasyconsejos.store\/en\/wp-json\/wp\/v2\/comments?post=30362"}],"version-history":[{"count":0,"href":"https:\/\/comprasyconsejos.store\/en\/wp-json\/wp\/v2\/product\/30362\/revisions"}],"wp:featuredmedia":[{"embeddable":true,"href":"https:\/\/comprasyconsejos.store\/en\/wp-json\/wp\/v2\/media\/30363"}],"wp:attachment":[{"href":"https:\/\/comprasyconsejos.store\/en\/wp-json\/wp\/v2\/media?parent=30362"}],"wp:term":[{"taxonomy":"product_brand","embeddable":true,"href":"https:\/\/comprasyconsejos.store\/en\/wp-json\/wp\/v2\/product_brand?post=30362"},{"taxonomy":"product_cat","embeddable":true,"href":"https:\/\/comprasyconsejos.store\/en\/wp-json\/wp\/v2\/product_cat?post=30362"},{"taxonomy":"product_tag","embeddable":true,"href":"https:\/\/comprasyconsejos.store\/en\/wp-json\/wp\/v2\/product_tag?post=30362"}],"curies":[{"name":"wp","href":"https:\/\/api.w.org\/{rel}","templated":true}]}}