{"id":30376,"date":"2026-02-22T08:43:55","date_gmt":"2026-02-22T08:43:55","guid":{"rendered":"https:\/\/comprasyconsejos.store\/product\/toshiba-canvio-gaming-2tb-2-5-usb-3-2-gen-1-hdtx220ek3aa-transfer-5000mbit-s-black\/"},"modified":"2026-02-22T08:43:59","modified_gmt":"2026-02-22T08:43:59","slug":"toshiba-canvio-gaming-2tb-2-5-usb-3-2-gen-1-hdtx220ek3aa-transfer-5000mbit-s-black","status":"publish","type":"product","link":"https:\/\/comprasyconsejos.store\/en\/product\/toshiba-canvio-gaming-2tb-2-5-usb-3-2-gen-1-hdtx220ek3aa-transfer-5000mbit-s-black\/","title":{"rendered":"Toshiba Canvio Gaming 2TB 2.5? USB 3.2 Gen 1 HDTX220EK3AA Transfer 5000Mbit\/s Black"},"content":{"rendered":"<p>Price: <span style=\"color:#b12704\">\u20ac102.99<\/span><br \/><i><small>(as of Feb 22, 2026 08:43:55 UTC &#8211; <span class=\"wp_automatic_amazon_disclaimer\" title=\"Product prices and availability are accurate as of the date\/time indicated and are subject to change. Any price and availability information displayed on [relevant Amazon Site(s), as applicable] at the time of purchase will apply to the purchase of this product.\">Details<\/span>)<\/small><\/i><\/p>\n<p><a href=\"https:\/\/amazon.es\/dp\/B0F1NK8B51?tag=man008-21\"><img decoding=\"async\" src=\"https:\/\/valvepress.s3.amazonaws.com\/imgs\/buy_now.png\"><\/a><br \/>\n<\/p>\n<p>                                             From the manufacturer   <\/p>\n<p>                                                  <img decoding=\"async\" alt=\"aplus content image\" src=\"https:\/\/images-na.ssl-images-amazon.com\/images\/G\/01\/x-locale\/common\/grey-pixel.gif\" class=\"a-lazy-loaded\" data-src=\"https:\/\/m.media-amazon.com\/images\/S\/aplus-media-library-service-media\/baffd367-cbc4-40da-a286-36d4b46322cc.__CR0,0,970,300_PT0_SX970_V1___.jpg\"><img decoding=\"async\" alt=\"aplus content image\" src=\"https:\/\/m.media-amazon.com\/images\/S\/aplus-media-library-service-media\/baffd367-cbc4-40da-a286-36d4b46322cc.__CR0,0,970,300_PT0_SX970_V1___.jpg\">  <\/p>\n<p>                                                      <img decoding=\"async\" alt=\"aplus content image\" src=\"https:\/\/images-na.ssl-images-amazon.com\/images\/G\/01\/x-locale\/common\/grey-pixel.gif\" class=\"a-spacing-mini a-lazy-loaded\" data-src=\"https:\/\/m.media-amazon.com\/images\/S\/aplus-media-library-service-media\/01d045a8-db1a-4535-9f34-a1cf698341a8.__CR500,0,4000,4000_PT0_SX300_V1___.jpg\"><img decoding=\"async\" alt=\"aplus content image\" src=\"https:\/\/m.media-amazon.com\/images\/S\/aplus-media-library-service-media\/01d045a8-db1a-4535-9f34-a1cf698341a8.__CR500,0,4000,4000_PT0_SX300_V1___.jpg\">  <\/p>\n<h3 class=\"a-spacing-mini\"> Toshiba Canvio Gaming Disco duro externo port\u00e1til <\/h3>\n<p class=\"a-spacing-base\"> Prep\u00e1rate para la pr\u00f3xima ca\u00edda de juegos con el disco duro Canvio Gaming que hace que ampliar tu biblioteca de juegos sea m\u00e1s f\u00e1cil que nunca. Este disco duro port\u00e1til est\u00e1 dise\u00f1ado para respaldar su experiencia de juego \u00f3ptima al liberar espacio en su consola para que pueda ampliar su biblioteca de juegos junto con sus habilidades. Con hasta 4 TB de espacio de almacenamiento adicional, puedes jugar donde sea que te lleve tu juego. <\/p>\n<p>                                           M\u00e1s juegos. M\u00e1s victorias.                                     <\/p>\n<p class=\"a-spacing-base\"> M\u00e1s tiempo de juego significa m\u00e1s victorias. Con el disco duro port\u00e1til de Canvio Gaming, no tienes que preocuparte por borrar juegos para dejar espacio para el nuevo lanzamiento m\u00e1s popular. El dise\u00f1o delgado y ligero le permite acomodar hasta 100 juegos* en un estuche f\u00e1cil de transportar. <\/p>\n<p class=\"a-spacing-base\"> Con una capacidad de almacenamiento de hasta 4 TB para sus datos, su biblioteca de juegos todav\u00eda tiene espacio para crecer. *Tama\u00f1o medio del juego: 36GB <\/p>\n<p>                                                         Contenido del paquete:                                        Toshiba Canvio Gaming disco duro port\u00e1til       Cable USB 3.2 Gen 1 (tipo A a Micro-B)       Manual del usuario (preinstalado en el disco duro)       <\/p>\n<p class=\"apm-text-center\">\n                                                      <img decoding=\"async\" alt=\"aplus content image\" src=\"https:\/\/images-na.ssl-images-amazon.com\/images\/G\/01\/x-locale\/common\/grey-pixel.gif\" class=\"a-lazy-loaded\" data-src=\"https:\/\/m.media-amazon.com\/images\/S\/aplus-media-library-service-media\/4990c3b6-8198-4440-aa4d-476fcc691df3.__CR0,0,220,220_PT0_SX220_V1___.jpg\"><img decoding=\"async\" alt=\"aplus content image\" src=\"https:\/\/m.media-amazon.com\/images\/S\/aplus-media-library-service-media\/4990c3b6-8198-4440-aa4d-476fcc691df3.__CR0,0,220,220_PT0_SX220_V1___.jpg\">  <\/p>\n<p>                                                    Juega m\u00e1s. Preocuparse menos.                                     <\/p>\n<p class=\"a-size-small\"> Pasa m\u00e1s tiempo conquistando niveles y menos tiempo gateando para dejar espacio para los juegos nuevos m\u00e1s populares. El modelo de 4 TB puede acomodar hasta 100 t\u00edtulos*, por lo que no tiene que decidir: ampl\u00ede su biblioteca de juegos. *Tama\u00f1o medio del juego: 36GB <\/p>\n<p class=\"apm-text-center\">\n                                                      <img decoding=\"async\" alt=\"aplus content image\" src=\"https:\/\/images-na.ssl-images-amazon.com\/images\/G\/01\/x-locale\/common\/grey-pixel.gif\" class=\"a-lazy-loaded\" data-src=\"https:\/\/m.media-amazon.com\/images\/S\/aplus-media-library-service-media\/ec975d2e-d1f4-4b08-ae22-55c07005f03a.__CR0,0,220,220_PT0_SX220_V1___.jpg\"><img decoding=\"async\" alt=\"aplus content image\" src=\"https:\/\/m.media-amazon.com\/images\/S\/aplus-media-library-service-media\/ec975d2e-d1f4-4b08-ae22-55c07005f03a.__CR0,0,220,220_PT0_SX220_V1___.jpg\">  <\/p>\n<p>                                                    El juego contin\u00faa                                     <\/p>\n<p class=\"a-size-small\"> Bajo el cap\u00f3, este disco duro port\u00e1til est\u00e1 dise\u00f1ado espec\u00edficamente para satisfacer sus necesidades de juego. Canvio Gaming tiene un modo \u00absiempre encendido\u00bb adaptado al firmware, listo para responder a su pr\u00f3ximo juego para que pueda pasar m\u00e1s tiempo ganando. <\/p>\n<p class=\"apm-text-center\">\n                                                      <img decoding=\"async\" alt=\"aplus content image\" src=\"https:\/\/images-na.ssl-images-amazon.com\/images\/G\/01\/x-locale\/common\/grey-pixel.gif\" class=\"a-lazy-loaded\" data-src=\"https:\/\/m.media-amazon.com\/images\/S\/aplus-media-library-service-media\/9b6ab771-31ba-4411-81d8-186a907690dc.__CR0,0,220,220_PT0_SX220_V1___.jpg\"><img decoding=\"async\" alt=\"aplus content image\" src=\"https:\/\/m.media-amazon.com\/images\/S\/aplus-media-library-service-media\/9b6ab771-31ba-4411-81d8-186a907690dc.__CR0,0,220,220_PT0_SX220_V1___.jpg\">  <\/p>\n<p>                                                    Dise\u00f1ado para jugadores                                     <\/p>\n<p class=\"a-size-small\"> Transfiere tu puntuaci\u00f3n a la pr\u00f3xima generaci\u00f3n de juegos. Canvio Gaming te permite jugar tus juegos favoritos en las \u00faltimas consolas compatibles para que puedas continuar donde lo dejaste. <\/p>\n<p class=\"apm-text-center\">\n                                                      <img decoding=\"async\" alt=\"Configuraci\u00f3n de computadora o dispositivo con iluminaci\u00f3n azul en un entorno oscuro con un objeto rectangular visible.\" src=\"https:\/\/images-na.ssl-images-amazon.com\/images\/G\/01\/x-locale\/common\/grey-pixel.gif\" class=\"a-lazy-loaded\" data-src=\"https:\/\/m.media-amazon.com\/images\/S\/aplus-media-library-service-media\/c7d7c5f3-0651-4338-93e1-95886d9e6db0.__CR0,0,220,220_PT0_SX220_V1___.jpg\"><img decoding=\"async\" alt=\"Configuraci\u00f3n de computadora o dispositivo con iluminaci\u00f3n azul en un entorno oscuro con un objeto rectangular visible.\" src=\"https:\/\/m.media-amazon.com\/images\/S\/aplus-media-library-service-media\/c7d7c5f3-0651-4338-93e1-95886d9e6db0.__CR0,0,220,220_PT0_SX220_V1___.jpg\">  <\/p>\n<p>                                                    Guardar con estilo                                     <\/p>\n<p class=\"a-size-small\"> El elegante acabado met\u00e1lico gris oscuro complementa con estilo su Xbox, PlayStation y otras consolas de juegos compatibles, lo que le permite jugar con estilo. <\/p>\n<p>                         Add To Basket  <\/p>\n<p>                         Add To Basket  <\/p>\n<p>                         Add To Basket  <\/p>\n<p>                         Add To Basket  <\/p>\n<p>                             Customer Reviews  <\/p>\n<p>                    4.6 out of 5 stars  16,935  <\/p>\n<p>                    4.6 out of 5 stars  16,935  <\/p>\n<p>                    4.6 out of 5 stars  16,935  <\/p>\n<p>                    4.6 out of 5 stars  16,935  <\/p>\n<p>                             Price  <\/p>\n<p>                                    \u20ac83.79\u20ac83.79                  \u20ac82.99\u20ac82.99                     \u20ac84.98\u20ac84.98                  \u20ac71.99\u20ac71.99           <\/p>\n<p>                             Capacidades<br \/>\n                                4 TB | 2 TB | 1TB               4 TB | 2 TB | 1TB                  4 TB | 2 TB | 1TB               4 TB | 2 TB | 1TB           <\/p>\n<p>                             Vivienda<br \/>\n                                Elegante acabado plateado               Superficie gris oscuro delgada                  Acabado mate y brillante               Acabado mate inteligente           <\/p>\n<p>                             Color:<br \/>\n                                Plata C\u00e1lida               Gris Oscuro                  Negro               Negro           <\/p>\n<p>                             Compatible con Windows  <\/p>\n<p>                                              \u2713<\/p>\n<p>                                              \u2713<\/p>\n<p>                                              \u2713<\/p>\n<p>                                              \u2713<\/p>\n<p>                             Compatible con Mac  <\/p>\n<p>                                              \u2713<\/p>\n<p>                                              \u2713<\/p>\n<p>                                              \u2713<\/p>\n<p>                                              \u2713<\/p>\n<p>                             Compatible con tablet  <\/p>\n<p>                                              \u2713<br \/>\n                                                          no data<br \/>\n                                                                 no data<br \/>\n                                                              no data<\/p>\n<p>                             Compatible con smartphone  <\/p>\n<p>                                              \u2713<br \/>\n                                                          no data<br \/>\n                                                                 no data<br \/>\n                                                              no data<\/p>\n<p>                             Compatible con consola de juegos<br \/>\n                                  no data<\/p>\n<p>                                              \u2713<br \/>\n                                                             no data<br \/>\n                                                              no data<\/p>\n<p>                             Cable USB-A  <\/p>\n<p>                                              \u2713<\/p>\n<p>                                              \u2713<\/p>\n<p>                                              \u2713<\/p>\n<p>                                              \u2713<\/p>\n<p>                             Cable USB-C  <\/p>\n<p>                                              \u2713<br \/>\n                                                          no data<br \/>\n                                                                 no data<br \/>\n                                                              no data<\/p>\n<p> Batteries                                            \u200f                                            :                                            \u200e                                            1 AAAA batteries required.   <br \/> Is discontinued by manufacturer                                            \u200f                                            :                                            \u200e                                            No   <br \/> Language                                            \u200f                                            :                                            \u200e                                            German   <br \/> Product Dimensions                                            \u200f                                            :                                            \u200e                                            10.9 x 14.3 x 7.8 cm; 240 g   <br \/> Manufacturer                                            \u200f                                            :                                            \u200e                                            Toshiba   <br \/> ASIN                                            \u200f                                            :                                            \u200e                                            B0F1NK8B51   <br \/> Item model number                                            \u200f                                            :                                            \u200e                                            10890384   <br \/> Country of origin                                            \u200f                                            :                                            \u200e                                            Philippines   <br \/> Guaranteed software updates until                                            \u200f                                            :                                            \u200e                                            unknown   <br \/>  Customer reviews:                                                                                            4.8               4.8 out of 5 stars                                  (47)                                              var dpAcrHasRegisteredArcLinkClickAction;                    P.when(&#8216;A&#8217;, &#8216;ready&#8217;).execute(function(A) {                        if (dpAcrHasRegisteredArcLinkClickAction !== true) {                            dpAcrHasRegisteredArcLinkClickAction = true;                            A.declarative(                                &#8216;acrLink-click-metrics&#8217;, &#8216;click&#8217;,                                { \u00aballowLinkDefault\u00bb: true },                                function (event) {                                    if (window.ue) {                                        ue.count(\u00abacrLinkClickCount\u00bb, (ue.count(\u00abacrLinkClickCount\u00bb) || 0) + 1);                                    }                                }                            );                        }                    });                                             P.when(&#8216;A&#8217;, &#8216;cf&#8217;).execute(function(A) {                A.declarative(&#8216;acrStarsLink-click-metrics&#8217;, &#8216;click&#8217;, { \u00aballowLinkDefault\u00bb : true },  function(event){                    if(window.ue) {                        ue.count(\u00abacrStarsLinkWithPopoverClickCount\u00bb, (ue.count(\u00abacrStarsLinkWithPopoverClickCount\u00bb) || 0) + 1);                    }                });            });                          <\/p>\n<p>CUSTOMIZED FOR GAMING &#8211; Canvio Gaming hard drive is compatible with most PlayStation, Xbox and PC consoles, offering an optimal and accessible gaming experience for everyone, just plug and play<br \/>READY TO RESPOND &#8211; With an \u00abAlways-On\u00bb mode customized by the firmware, this portable external hard drive is ready for action as soon as you are, meaning you can spend less time waiting and more time earning<br \/>ELEVATED AND PORTABLE DESIGN: With its sleek black finish and slim and lightweight case, the Canvio gaming hard drive is ideal for gamers who want to take their collection with them anywhere without sacrificing style<br \/>SCALABLE STORAGE: Expand your game library with this external hard drive that includes capacities up to 4TB and stores up to 100 games, meaning you can download the latest releases without sacrificing your favorites<br \/>MADE FOR PLAYERS: USB 3.2 Gen 1 technology lets you connect your portable hard drive to most compatible consoles and share your library with your friends faster than ever before, without any further limits<\/p>\n\n","protected":false},"excerpt":{"rendered":"<p> From the manufacturer Toshiba Canvio Gaming Disco duro externo port\u00e1til Prep\u00e1rate para la pr\u00f3xima ca\u00edda<\/p>","protected":false},"featured_media":30377,"comment_status":"open","ping_status":"closed","template":"","meta":[],"product_brand":[],"product_cat":[76],"product_tag":[1515,909,1516,8826,307,8824,1519,1517,617,855,1514,1513,1522,8825,1518,1520,1521,2163,336,133],"class_list":{"0":"post-30376","1":"product","2":"type-product","3":"status-publish","4":"has-post-thumbnail","6":"product_cat-hdd-drive","7":"product_tag-1tb-hard-drive","8":"product_tag-2tb","9":"product_tag-2tb-hdd","10":"product_tag-5000mbits","11":"product_tag-black","12":"product_tag-canvio","13":"product_tag-desktop-hdd","14":"product_tag-external-hard-drive","15":"product_tag-gaming","16":"product_tag-gen","17":"product_tag-hard-drive","18":"product_tag-hdd","19":"product_tag-hdd-price","20":"product_tag-hdtx220ek3aa","21":"product_tag-internal-hard-drive","22":"product_tag-laptop-hdd","23":"product_tag-storage-hard-drive","24":"product_tag-toshiba","25":"product_tag-transfer","26":"product_tag-usb","28":"first","29":"instock","30":"shipping-taxable","31":"product-type-external"},"_links":{"self":[{"href":"https:\/\/comprasyconsejos.store\/en\/wp-json\/wp\/v2\/product\/30376","targetHints":{"allow":["GET"]}}],"collection":[{"href":"https:\/\/comprasyconsejos.store\/en\/wp-json\/wp\/v2\/product"}],"about":[{"href":"https:\/\/comprasyconsejos.store\/en\/wp-json\/wp\/v2\/types\/product"}],"replies":[{"embeddable":true,"href":"https:\/\/comprasyconsejos.store\/en\/wp-json\/wp\/v2\/comments?post=30376"}],"version-history":[{"count":0,"href":"https:\/\/comprasyconsejos.store\/en\/wp-json\/wp\/v2\/product\/30376\/revisions"}],"wp:featuredmedia":[{"embeddable":true,"href":"https:\/\/comprasyconsejos.store\/en\/wp-json\/wp\/v2\/media\/30377"}],"wp:attachment":[{"href":"https:\/\/comprasyconsejos.store\/en\/wp-json\/wp\/v2\/media?parent=30376"}],"wp:term":[{"taxonomy":"product_brand","embeddable":true,"href":"https:\/\/comprasyconsejos.store\/en\/wp-json\/wp\/v2\/product_brand?post=30376"},{"taxonomy":"product_cat","embeddable":true,"href":"https:\/\/comprasyconsejos.store\/en\/wp-json\/wp\/v2\/product_cat?post=30376"},{"taxonomy":"product_tag","embeddable":true,"href":"https:\/\/comprasyconsejos.store\/en\/wp-json\/wp\/v2\/product_tag?post=30376"}],"curies":[{"name":"wp","href":"https:\/\/api.w.org\/{rel}","templated":true}]}}