{"id":30393,"date":"2026-02-22T08:55:59","date_gmt":"2026-02-22T08:55:59","guid":{"rendered":"https:\/\/comprasyconsejos.store\/product\/epyc-neon-ups-for-pc-and-modem-power-650-va-360-w-home-uninterruptible-power-system-line-interactive-technology-avr-2-schuko-outputs-ups-600-va\/"},"modified":"2026-02-22T08:56:07","modified_gmt":"2026-02-22T08:56:07","slug":"epyc-neon-ups-for-pc-and-modem-power-650-va-360-w-home-uninterruptible-power-system-line-interactive-technology-avr-2-schuko-outputs-ups-600-va","status":"publish","type":"product","link":"https:\/\/comprasyconsejos.store\/en\/product\/epyc-neon-ups-for-pc-and-modem-power-650-va-360-w-home-uninterruptible-power-system-line-interactive-technology-avr-2-schuko-outputs-ups-600-va\/","title":{"rendered":"EPYC Neon &#8211; UPS for PC and Modem, Power 650 VA\/360 W, Home Uninterruptible Power System, Line Interactive Technology, AVR, 2 Schuko Outputs, UPS 600 VA"},"content":{"rendered":"<p>Price: <span style=\"color:#b12704\">\u20ac75.00<\/span><br \/><i><small>(as of Feb 22, 2026 08:56:00 UTC &#8211; <span class=\"wp_automatic_amazon_disclaimer\" title=\"Product prices and availability are accurate as of the date\/time indicated and are subject to change. Any price and availability information displayed on [relevant Amazon Site(s), as applicable] at the time of purchase will apply to the purchase of this product.\">Details<\/span>)<\/small><\/i><\/p>\n<p><a href=\"https:\/\/amazon.es\/dp\/B07N2NMJ9X?tag=man008-21\"><img decoding=\"async\" src=\"https:\/\/valvepress.s3.amazonaws.com\/imgs\/buy_now.png\"><\/a><br \/>\n<\/p>\n<p>                                             Product Description   <\/p>\n<p>                                                         <img decoding=\"async\" alt=\"un logo para una marca de epifan\u00eda\" src=\"https:\/\/images-na.ssl-images-amazon.com\/images\/G\/01\/x-locale\/common\/grey-pixel.gif\" class=\"a-lazy-loaded\" data-src=\"https:\/\/m.media-amazon.com\/images\/S\/aplus-media-library-service-media\/23762a19-8d0c-4d00-9d2a-3f365b80421a.__CR0,0,600,180_PT0_SX600_V1___.jpg\"><img decoding=\"async\" alt=\"un logo para una marca de epifan\u00eda\" src=\"https:\/\/m.media-amazon.com\/images\/S\/aplus-media-library-service-media\/23762a19-8d0c-4d00-9d2a-3f365b80421a.__CR0,0,600,180_PT0_SX600_V1___.jpg\">      <\/p>\n<p>                                                  <img decoding=\"async\" alt=\"en un centro de entretenimiento de madera oscura que muestra a un ciclista de monta\u00f1a. Consola de juegos y altavoces visibles. Dispositivo en forma de torre rojo y negro en el estante a la derecha.\" src=\"https:\/\/images-na.ssl-images-amazon.com\/images\/G\/01\/x-locale\/common\/grey-pixel.gif\" class=\"a-lazy-loaded\" data-src=\"https:\/\/m.media-amazon.com\/images\/S\/aplus-media-library-service-media\/41433d27-6bfd-4295-9f21-5ab3969f071e.__CR0,0,970,300_PT0_SX970_V1___.jpg\"><img decoding=\"async\" alt=\"en un centro de entretenimiento de madera oscura que muestra a un ciclista de monta\u00f1a. Consola de juegos y altavoces visibles. Dispositivo en forma de torre rojo y negro en el estante a la derecha.\" src=\"https:\/\/m.media-amazon.com\/images\/S\/aplus-media-library-service-media\/41433d27-6bfd-4295-9f21-5ab3969f071e.__CR0,0,970,300_PT0_SX970_V1___.jpg\">  <\/p>\n<p>                                                  <img decoding=\"async\" alt=\"un primer plano de una CPU de ne\u00f3n negro y rojo.\" src=\"https:\/\/images-na.ssl-images-amazon.com\/images\/G\/01\/x-locale\/common\/grey-pixel.gif\" class=\"a-lazy-loaded\" data-src=\"https:\/\/m.media-amazon.com\/images\/S\/aplus-media-library-service-media\/f625c959-919d-46da-9a07-1d2271598d68.__CR0,0,600,600_PT0_SX300_V1___.jpg\"><img decoding=\"async\" alt=\"un primer plano de una CPU de ne\u00f3n negro y rojo.\" src=\"https:\/\/m.media-amazon.com\/images\/S\/aplus-media-library-service-media\/f625c959-919d-46da-9a07-1d2271598d68.__CR0,0,600,600_PT0_SX300_V1___.jpg\">  <\/p>\n<h3 class=\"a-spacing-mini\"> Epyc NEON <\/h3>\n<p> NEON es el SAI Line Interactive peque\u00f1o y f\u00e1cil de usar, que se adapta perfectamente a cualquier perif\u00e9rico que necesite proteger, desde su PC hasta su m\u00f3dem\/enrutador, tanto en casa como en la oficina. <\/p>\n<p> Disponible en tres tama\u00f1os de potencia diferentes, hasta 1000VA, NEON es capaz de satisfacer las necesidades de cada usuario, garantizando siempre el tiempo necesario para terminar una sesi\u00f3n de juego, completar un trabajo en el ordenador o apagar tus dispositivos correctamente y con total seguridad. <\/p>\n<p>                                                  <img decoding=\"async\" alt=\"Dispositivo de alimentaci\u00f3n ininterrumpida (UPS) negro con dos tomas de corriente. Cuatro iconos indican una potencia de 360 W, compatibilidad con enchufes de CA y conexiones Ethernet y USB. La etiqueta roja muestra \u00ab\" src=\"https:\/\/images-na.ssl-images-amazon.com\/images\/G\/01\/x-locale\/common\/grey-pixel.gif\" class=\"a-lazy-loaded\" data-src=\"https:\/\/m.media-amazon.com\/images\/S\/aplus-media-library-service-media\/c8424806-79af-48a4-b87c-dec727010ec4.__CR0,0,1940,600_PT0_SX970_V1___.jpg\"><img decoding=\"async\" alt=\"Dispositivo de alimentaci\u00f3n ininterrumpida (UPS) negro con dos tomas de corriente. Cuatro iconos indican una potencia de 360 W, compatibilidad con enchufes de CA y conexiones Ethernet y USB. La etiqueta roja muestra \u00ab\" src=\"https:\/\/m.media-amazon.com\/images\/S\/aplus-media-library-service-media\/c8424806-79af-48a4-b87c-dec727010ec4.__CR0,0,1940,600_PT0_SX970_V1___.jpg\">  <\/p>\n<p>                                                                             <img decoding=\"async\" alt=\"Espacio de trabajo de escritorio con monitor de ordenador que muestra gr\u00e1ficos, teclado, rat\u00f3n y un dispositivo negro compacto con detalles en rojo, probablemente un sistema de respaldo de energ\u00eda.\" src=\"https:\/\/images-na.ssl-images-amazon.com\/images\/G\/01\/x-locale\/common\/grey-pixel.gif\" class=\"a-spacing-base a-lazy-loaded\" data-src=\"https:\/\/m.media-amazon.com\/images\/S\/aplus-media-library-service-media\/6b232a6f-6e66-4661-a825-05afd932eea0.__CR0,0,2000,1237_PT0_SX970_V1___.jpg\"><img decoding=\"async\" alt=\"Espacio de trabajo de escritorio con monitor de ordenador que muestra gr\u00e1ficos, teclado, rat\u00f3n y un dispositivo negro compacto con detalles en rojo, probablemente un sistema de respaldo de energ\u00eda.\" src=\"https:\/\/m.media-amazon.com\/images\/S\/aplus-media-library-service-media\/6b232a6f-6e66-4661-a825-05afd932eea0.__CR0,0,2000,1237_PT0_SX970_V1___.jpg\">                                                                     <\/p>\n<p class=\"a-spacing-base\"> Tecnolog\u00eda AVR <\/p>\n<p class=\"a-spacing-base\"> El Regulador Autom\u00e1tico de Voltaje (AVR) estabiliza constantemente la tensi\u00f3n de salida, de forma totalmente automatizada, protegiendo el funcionamiento del SAI en caso de sobrecargas y sobrecargas. Esta tecnolog\u00eda proporciona una mayor protecci\u00f3n a los perif\u00e9ricos conectados y le permite preservar el uso de las bater\u00edas internas, lo que aumenta la vida \u00fatil del UPS. <\/p>\n<p class=\"a-spacing-base\"> Software de supervisi\u00f3n <\/p>\n<p class=\"a-spacing-base\"> A trav\u00e9s de una interfaz simple e intuitiva, puede monitorear el estado del sistema de alimentaci\u00f3n ininterrumpida y configurar las opciones de apagado autom\u00e1tico seg\u00fan sus preferencias. En caso de necesidad, el SAI podr\u00e1 apagar autom\u00e1ticamente tu PC, incluso cuando no est\u00e9s en tu escritorio. El software de gesti\u00f3n se incluye con la compra y es compatible con los sistemas operativos Windows, Mac y Linux. <\/p>\n<p class=\"a-spacing-base\"> Protecci\u00f3n de m\u00f3dem\/router y l\u00ednea telef\u00f3nica <\/p>\n<p class=\"a-spacing-base\"> A trav\u00e9s del puerto dual RJ11-RJ45 puede filtrar su l\u00ednea telef\u00f3nica, obteniendo una se\u00f1al m\u00e1s n\u00edtida y limpia de las perturbaciones comunes de la red. <\/p>\n<p class=\"a-spacing-base\"> Funci\u00f3n Cold Start <\/p>\n<p class=\"a-spacing-base\"> En caso de ausencia de red prolongada, todav\u00eda es posible iniciar el grupo de continuidad directamente desde la bater\u00eda, alimentando los perif\u00e9ricos conectados durante unos minutos. De esta manera, siempre tendr\u00e1 la oportunidad de acceder a sus dispositivos para hacer frente a cualquier emergencia. <\/p>\n<p class=\"a-spacing-base\"> Interruptor autom\u00e1tico de entrada <\/p>\n<p class=\"a-spacing-base\"> El interruptor autom\u00e1tico proporciona una protecci\u00f3n adicional a los dispositivos conectados, interviniendo en caso de sobrecargas o cortocircuitos. Esta tecnolog\u00eda solo est\u00e1 disponible en la versi\u00f3n UPS de 1000VA. <\/p>\n<p>                                                                             <img decoding=\"async\" alt=\"Instrucciones para usar un dispositivo electr\u00f3nico negro y rojo. Tres paneles muestran la conexi\u00f3n, la compatibilidad del dispositivo y el funcionamiento t\u00e1ctil. El texto en espa\u00f1ol proporciona detalles de uso.\" src=\"https:\/\/images-na.ssl-images-amazon.com\/images\/G\/01\/x-locale\/common\/grey-pixel.gif\" class=\"a-spacing-base a-lazy-loaded\" data-src=\"https:\/\/m.media-amazon.com\/images\/S\/aplus-media-library-service-media\/e4744f4f-9f6e-446d-9349-b37d09292c6d.__CR0,0,1940,1200_PT0_SX970_V1___.jpg\"><img decoding=\"async\" alt=\"Instrucciones para usar un dispositivo electr\u00f3nico negro y rojo. Tres paneles muestran la conexi\u00f3n, la compatibilidad del dispositivo y el funcionamiento t\u00e1ctil. El texto en espa\u00f1ol proporciona detalles de uso.\" src=\"https:\/\/m.media-amazon.com\/images\/S\/aplus-media-library-service-media\/e4744f4f-9f6e-446d-9349-b37d09292c6d.__CR0,0,1940,1200_PT0_SX970_V1___.jpg\">                                         <\/p>\n<h3 class=\"a-spacing-mini\"> PREGUNTAS FRECUENTES (FAQ) <\/h3>\n<p class=\"a-spacing-base\"> \u2022 \u00bfHasta cu\u00e1ntos dispositivos se pueden conectar a la UPS? <\/p>\n<p class=\"a-spacing-base\"> La carga m\u00e1xima aplicable var\u00eda en funci\u00f3n del tama\u00f1o de potencia del SAI. La suma de los valores de absorci\u00f3n, expresados en vatios, de cada uno de los dispositivos conectados no deber\u00e1 superar el valor m\u00e1ximo permitido por el UPS. Sin embargo, para un funcionamiento \u00f3ptimo, es aconsejable aplicar una carga que no exceda el 80% de la carga m\u00e1xima soportada por el sistema de alimentaci\u00f3n ininterrumpida. <\/p>\n<p class=\"a-spacing-base\"> \u2022 \u00bfEs posible conectar fuentes de alimentaci\u00f3n con PFC activo al SAI? <\/p>\n<p class=\"a-spacing-base\"> Para admitir ordenadores equipados con fuentes de alimentaci\u00f3n APFC, como ordenadores Mac o consolas de nueva generaci\u00f3n (PS5, PS4, Xbox Series X), es necesario un SAI de onda sinusoidal pura, como nuestro modelo Epyc NYTRO. Como alternativa, Epyc ha realizado los UPS de la serie ION, que, aunque no generan una onda sinusoidal pura, son perfectamente compatibles gracias a la tecnolog\u00eda de modulaci\u00f3n digital Pulse Width Modulation (PWM). No se recomienda el uso de otros modelos de la gama Epyc (series NEON, TETRYS y QUANTUM). <\/p>\n<p class=\"a-spacing-base\"> \u2022 \u00bfQu\u00e9 forma de onda proporciona el grupo de continuidad Ne\u00f3n? <\/p>\n<p class=\"a-spacing-base\"> Los modelos de la serie UPS Neon producen una forma de onda sinusoidal simulada (no onda sinusoidal pura). <\/p>\n<p class=\"a-spacing-base\"> \u2022 \u00bfSe pueden sustituir las bater\u00edas del grupo de continuidad? <\/p>\n<p class=\"a-spacing-base\"> Las bater\u00edas solo pueden ser reemplazadas por personal experimentado, tomando todas las precauciones necesarias. La sustituci\u00f3n debe realizarse con bater\u00edas del mismo tipo y en la misma cantidad que el equipo original. <\/p>\n<p class=\"a-spacing-base\"> \u2022 \u00bfSe puede desactivar la se\u00f1al ac\u00fastica del SAI? <\/p>\n<p class=\"a-spacing-base\"> La se\u00f1al ac\u00fastica que emite el sistema de alimentaci\u00f3n ininterrumpida cuando se enciende desde la bater\u00eda se puede desactivar a trav\u00e9s del software de monitoreo. Alternativamente, puede intervenir directamente desde el UPS presionando el bot\u00f3n de encendido dos veces r\u00e1pidamente (se escuchar\u00e1 un \u00abpitido\u00bb para confirmar que el comando se ha realizado correctamente). Para volver a activar la se\u00f1al ac\u00fastica bastar\u00e1 con seguir el mismo procedimiento. <\/p>\n<p>                         Add To Basket  <\/p>\n<p>                         Add To Basket  <\/p>\n<p>                         Add To Basket  <\/p>\n<p>                         Add To Basket  <\/p>\n<p>                         Add To Basket  <\/p>\n<p>                             Customer Reviews  <\/p>\n<p>                    4.2 out of 5 stars  986  <\/p>\n<p>                    4.2 out of 5 stars  986  <\/p>\n<p>                    4.2 out of 5 stars  986  <\/p>\n<p>                    4.3 out of 5 stars  329  <\/p>\n<p>                    4.4 out of 5 stars  1,111  <\/p>\n<p>                             Price  <\/p>\n<p>                                    \u20ac75.00\u20ac75.00                  \u20ac85.00\u20ac85.00                  \u20ac109.00\u20ac109.00                  \u20ac95.00\u20ac95.00                  \u20ac95.00\u20ac95.00           <\/p>\n<p>                             Potencia<br \/>\n                                650 VA \/ 360 Watt               850 VA \/ 480 Watt               1000 VA \/ 600 Watt                850 VA \/ 480 Watt               800 VA \/ 480 Watt           <\/p>\n<p>                             Salidas<br \/>\n                                2x Schuko               2x Schuko               3x Schuko               3x Schuko               3x Schuko           <\/p>\n<p>                             Estabilizador de tensi\u00f3n AVR<br \/>\n                                S\u00ec               S\u00ec               S\u00ec               S\u00ec               No           <\/p>\n<p>                             Forma de onda<br \/>\n                                Onda sinusoidal simulada               Onda sinusoidal simulada               Onda sinusoidal simulada               Onda sinusoidal simulada               Onda sinusoidal simulada           <\/p>\n<p>                             Compatibilidad PFC activo<br \/>\n                                No               No               No               No               S\u00ec           <\/p>\n<p>                             Software de monitorizaci\u00f3n<br \/>\n                                S\u00ec               S\u00ec               S\u00ec               S\u00ec               S\u00ec           <\/p>\n<p>                             Filtro m\u00f3dem\/l\u00ednea telef\u00f3nica<br \/>\n                                S\u00ec               S\u00ec               S\u00ec               No               S\u00ec           <\/p>\n<p>                             Pantalla LCD<br \/>\n                                No               No               No               No               No           <\/p>\n<p>                             Dimensiones<br \/>\n                                84 x 159 x 252 mm               84 x 159 x 252 mm               100 x 189 x 325 mm               92 x 159 x 240 mm               90 x 190 x 235 mm           <\/p>\n<p>                             Peso<br \/>\n                                3.8 Kg               4.2 Kg               6.9 Kg               4.5 Kg               3.5 Kg           <\/p>\n<p> Batteries                                            \u200f                                            :                                            \u200e                                            1 12V batteries required. (included)   <br \/> Is discontinued by manufacturer                                            \u200f                                            :                                            \u200e                                            No   <br \/> Product Dimensions                                            \u200f                                            :                                            \u200e                                            25.2 x 8.4 x 15.9 cm; 3.8 kg   <br \/> Manufacturer                                            \u200f                                            :                                            \u200e                                            EPYC   <br \/> ASIN                                            \u200f                                            :                                            \u200e                                            B07N2NMJ9X   <br \/> Item model number                                            \u200f                                            :                                            \u200e                                            NEON   <br \/> Guaranteed software updates until                                            \u200f                                            :                                            \u200e                                            unknown   <br \/>  Customer reviews:                                                                                            4.2               4.2 out of 5 stars                                  (986)                                              var dpAcrHasRegisteredArcLinkClickAction;                    P.when(&#8216;A&#8217;, &#8216;ready&#8217;).execute(function(A) {                        if (dpAcrHasRegisteredArcLinkClickAction !== true) {                            dpAcrHasRegisteredArcLinkClickAction = true;                            A.declarative(                                &#8216;acrLink-click-metrics&#8217;, &#8216;click&#8217;,                                { \u00aballowLinkDefault\u00bb: true },                                function (event) {                                    if (window.ue) {                                        ue.count(\u00abacrLinkClickCount\u00bb, (ue.count(\u00abacrLinkClickCount\u00bb) || 0) + 1);                                    }                                }                            );                        }                    });                                             P.when(&#8216;A&#8217;, &#8216;cf&#8217;).execute(function(A) {                A.declarative(&#8216;acrStarsLink-click-metrics&#8217;, &#8216;click&#8217;, { \u00aballowLinkDefault\u00bb : true },  function(event){                    if(window.ue) {                        ue.count(\u00abacrStarsLinkWithPopoverClickCount\u00bb, (ue.count(\u00abacrStarsLinkWithPopoverClickCount\u00bb) || 0) + 1);                    }                });            });                          <\/p>\n<p>READY TO USE \u25ba NEON is the home UPS that adapts to the needs of each user: quiet and very easy to install, the UPS is available in three power sizes, up to 1000VA<br \/>SECURITY GUARANTEED \u25ba Feel free to use your electronic devices such as PC, TV, modem or router: in case of power failure or overload, the UPS intervenes automatically, while safely powering your peripherals<br \/>INTERNAL VOLTAGE STABILIZER \u25ba NEON is a Line Interactive UPS that, thanks to AVR technology, constantly stabilizes the output voltage, protecting appliances sensitive to network fluctuations and limiting the risks of overload, short circuit or overheating<br \/>MONITORING SOFTWARE \u25ba The uninterruptible power supply system is equipped with completely free dedicated software, compatible with all major operating systems, which allows you to monitor the main functional parameters and configure automatic shutdown options<br \/>MODEM, ROUTER AND PHONE PROTECTION \u25ba Thanks to the RJ11\/RJ45 dual port, the UPS allows you to filter your telephone line\/modem, clearing the signal from common network disturbances<br \/>PLUGS and OUTPUTS \u25ba The UPS is equipped with Schuko outlets compatible also with Italian plug (2 sockets in the 650VA and 850VA versions, and 3 sockets in the 1000VA version) and integrated power cable with Schuko plug<\/p>\n\n","protected":false},"excerpt":{"rendered":"<p> Product Description Epyc NEON NEON es el SAI Line Interactive peque\u00f1o y f\u00e1cil de usar,<\/p>","protected":false},"featured_media":30394,"comment_status":"open","ping_status":"closed","template":"","meta":[],"product_brand":[],"product_cat":[79],"product_tag":[1488,1490,1495,3783,1499,1500,4650,1494,626,6170,1136,2877,1492,6381,446,1498,143,1485,824,4656,1578,385,4655,3339,8828],"class_list":{"0":"post-30393","1":"product","2":"type-product","3":"status-publish","4":"has-post-thumbnail","6":"product_cat-pc-power-supply-unit","7":"product_tag-650w-psu","8":"product_tag-750w-psu","9":"product_tag-80-plus-gold-psu","10":"product_tag-avr","11":"product_tag-best-psu","12":"product_tag-computer-power-unit","13":"product_tag-epyc","14":"product_tag-gaming-power-supply","15":"product_tag-home","16":"product_tag-interactive","17":"product_tag-line","18":"product_tag-modem","19":"product_tag-modular-psu","20":"product_tag-neon","21":"product_tag-outputs","22":"product_tag-pc-power-supply-price","23":"product_tag-power","24":"product_tag-power-supply","25":"product_tag-psu","26":"product_tag-schuko","27":"product_tag-system","28":"product_tag-technology","29":"product_tag-uninterruptible","30":"product_tag-ups","31":"product_tag-va360","33":"first","34":"instock","35":"shipping-taxable","36":"product-type-external"},"_links":{"self":[{"href":"https:\/\/comprasyconsejos.store\/en\/wp-json\/wp\/v2\/product\/30393","targetHints":{"allow":["GET"]}}],"collection":[{"href":"https:\/\/comprasyconsejos.store\/en\/wp-json\/wp\/v2\/product"}],"about":[{"href":"https:\/\/comprasyconsejos.store\/en\/wp-json\/wp\/v2\/types\/product"}],"replies":[{"embeddable":true,"href":"https:\/\/comprasyconsejos.store\/en\/wp-json\/wp\/v2\/comments?post=30393"}],"version-history":[{"count":0,"href":"https:\/\/comprasyconsejos.store\/en\/wp-json\/wp\/v2\/product\/30393\/revisions"}],"wp:featuredmedia":[{"embeddable":true,"href":"https:\/\/comprasyconsejos.store\/en\/wp-json\/wp\/v2\/media\/30394"}],"wp:attachment":[{"href":"https:\/\/comprasyconsejos.store\/en\/wp-json\/wp\/v2\/media?parent=30393"}],"wp:term":[{"taxonomy":"product_brand","embeddable":true,"href":"https:\/\/comprasyconsejos.store\/en\/wp-json\/wp\/v2\/product_brand?post=30393"},{"taxonomy":"product_cat","embeddable":true,"href":"https:\/\/comprasyconsejos.store\/en\/wp-json\/wp\/v2\/product_cat?post=30393"},{"taxonomy":"product_tag","embeddable":true,"href":"https:\/\/comprasyconsejos.store\/en\/wp-json\/wp\/v2\/product_tag?post=30393"}],"curies":[{"name":"wp","href":"https:\/\/api.w.org\/{rel}","templated":true}]}}