{"id":30464,"date":"2026-02-22T09:20:22","date_gmt":"2026-02-22T09:20:22","guid":{"rendered":"https:\/\/comprasyconsejos.store\/product\/mele-overclock4c-n100up-to-3-4ghz-mini-pc-with-windows-11-pro-alder-lake-12e-gen-32gb-ram-512gb-storage-mini-desktop-computer-triple-display-usb-c-multifunction\/"},"modified":"2026-02-22T09:20:25","modified_gmt":"2026-02-22T09:20:25","slug":"mele-overclock4c-n100up-to-3-4ghz-mini-pc-with-windows-11-pro-alder-lake-12e-gen-32gb-ram-512gb-storage-mini-desktop-computer-triple-display-usb-c-multifunction","status":"publish","type":"product","link":"https:\/\/comprasyconsejos.store\/en\/product\/mele-overclock4c-n100up-to-3-4ghz-mini-pc-with-windows-11-pro-alder-lake-12e-gen-32gb-ram-512gb-storage-mini-desktop-computer-triple-display-usb-c-multifunction\/","title":{"rendered":"MeLE Overclock4C N100(up to 3.4GHz) Mini PC with Windows 11 Pro Alder-Lake 12e Gen 32GB RAM, 512GB Storage, Mini Desktop Computer, Triple Display, USB-C Multifunction"},"content":{"rendered":"<p>Price: <span style=\"color:#b12704\">\u20ac549.99<\/span><br \/><i><small>(as of Feb 22, 2026 09:20:22 UTC &#8211; <span class=\"wp_automatic_amazon_disclaimer\" title=\"Product prices and availability are accurate as of the date\/time indicated and are subject to change. Any price and availability information displayed on [relevant Amazon Site(s), as applicable] at the time of purchase will apply to the purchase of this product.\">Details<\/span>)<\/small><\/i><\/p>\n<p><a href=\"https:\/\/amazon.es\/dp\/B0F1JLDBPP?tag=man008-21\"><img decoding=\"async\" src=\"https:\/\/valvepress.s3.amazonaws.com\/imgs\/buy_now.png\"><\/a><br \/>\n<\/p>\n<p>                                             Product Description   <\/p>\n<p>The video showcases the product in use.The video guides you through product setup.The video compares multiple products.The video shows the product being unpacked. hero-video Merchant video<\/p>\n<h3 class=\"a-size-extra-large a-spacing-base a-text-center\">  MeLE Overclock 4C N100 32GB 512GB(256GB eMMC+256GB SSD) <\/h3>\n<p>                                                        Procesador                                    12\u00aa Generaci\u00f3n Alder-Lake N100 (4 n\u00facleos 4 hilos, hasta 3.4GHz, 6MB de cach\u00e9)                                        Memoria                                    RAM de canal \u00fanico de 32GB DDR4 3200 MHz                                        Almacenamiento                                    eMMC 5.1 incorporado de 256GB (velocidad te\u00f3rica de datos 400MB\/s) + SSD M.2 NVMe PCIE 3.0*4 de 256GB (velocidad te\u00f3rica de datos 3940MB\/s)                                        Expansi\u00f3n de almacenamiento                                    1 * ranura SSD M.2 (PCIE 3.0 * 4, compatible con SSD Nvme y Sata de hasta 4TB), 1 * ranura Micro SD (hasta 2TB)                                        Conexi\u00f3n Inal\u00e1mbrica                                    Wi-Fi 5 802.11ac (compatible con MU-MIMO, 2.4Ghz, 5Ghz), Bluetooth 5.1                                                         Conexi\u00f3n a Internet por cable                                    Interfaz RJ45 Gigabit * 1&#8243;                                        Puertos USB                                    USB-C de funci\u00f3n completa * 1, USB2.0 * 1, USB3.0 Gen2 * 2, USB-C 3.2 Gen2 * 1                                        Salida de video                                    USB-C (Tipo C) de funci\u00f3n completa * 1, HDMI 2.0 * 2                                        Funci\u00f3n BIOS                                    Arranque PXE\/iPXE, Wake On LAN, Encendido autom\u00e1tico, Wake On Line, etc.                                        Sistemas operativos                                     Soporte para Linux, Ubuntu, Win 11 Home, Win 11 Pro, Win 10 Home, Win 10 Pro, etc.                     <\/p>\n<p>                                                                                                                                                                                                                      Procesador de 12\u00aa Generaci\u00f3n Alder Lake N100                                             Hasta un 25% de mayor rendimiento que el procesador N5105    <\/p>\n<p class=\"aplus-p2\"> Experimenta un rendimiento potente con el mini PC, que presume del \u00faltimo procesador de 12\u00aa Generaci\u00f3n Alder Lake-N100. Su tecnolog\u00eda de litograf\u00eda de 10nm y gr\u00e1ficos UHD ofrecen una visualizaci\u00f3n n\u00edtida. Con un TDP de hasta 15W y una velocidad de turbo de hasta 3.4GHz, este dispositivo eficiente en energ\u00eda es perfecto para un uso ligero de oficina y dom\u00e9stico diario. <\/p>\n<p>                                            <img decoding=\"async\" alt=\"n100\" src=\"https:\/\/m.media-amazon.com\/images\/S\/aplus-media-library-service-media\/995ae46d-f15c-4831-bc6a-aa8a1bb99037.__CR0,0,800,600_PT0_SX800_V1___.jpg\">                                                               Memoria RAM DDR4 de un solo canal de 32GB                                             Alto rendimiento 32GB DDR4 (SO-DIMM)    <\/p>\n<p class=\"aplus-p2\"> La memoria original y de alta calidad ofrece un rendimiento estable. DDR4 funciona 2 veces m\u00e1s r\u00e1pido que DDR3, lo que la hace ideal para aplicaciones que requieren mucha memoria y cargas de trabajo exigentes. <\/p>\n<p>                                            <img decoding=\"async\" alt=\"32gb\" src=\"https:\/\/m.media-amazon.com\/images\/S\/aplus-media-library-service-media\/b7fbe0ba-e53c-4439-a760-0527f3a817f2.__CR0,0,800,600_PT0_SX800_V1___.jpg\">                                                               Soluci\u00f3n de Almacenamiento eMMC                                             Eficiente y confiable con un bajo consumo de energ\u00eda    <\/p>\n<p class=\"aplus-p2\"> experimente un rendimiento superior con nuestro eMMC Premium que tiene un menor consumo de energ\u00eda y una tolerancia a temperaturas m\u00e1s alta. Disfrute de transferencias de datos de alta velocidad y multitarea perfecta sin comprometer la durabilidad y confiabilidad. <\/p>\n<p>                                            <img decoding=\"async\" alt=\"emmc 5.1\" src=\"https:\/\/m.media-amazon.com\/images\/S\/aplus-media-library-service-media\/1a921f35-9be5-4593-bc9b-340c4aba0a4c.__CR0,0,800,600_PT0_SX800_V1___.jpg\">                                                               Almacenamiento Expansible                                             Opci\u00f3n de expansi\u00f3n para usuarios con gran necesidad de almacenamiento    <\/p>\n<p class=\"aplus-p2\"> Disfruta de un gran almacenamiento con una capacidad confiable de 512GB (256GB eMMC + 256GB SSD). Ampl\u00eda a\u00fan m\u00e1s tus opciones de almacenamiento con una ranura integrada para tarjetas Micro SD (hasta 2TB) y una ranura SSD M.2 2280 PCIe3.0 x4 (hasta 4TB). Capaz de soportar tanto SSD Nvme como SATA M.2, es perfecto para usuarios con gran necesidad de almacenamiento y usuarios de doble sistema operativo. <\/p>\n<p>                                            <img decoding=\"async\" alt=\"ssd\" src=\"https:\/\/m.media-amazon.com\/images\/S\/aplus-media-library-service-media\/2caf6a48-ffd9-40dc-a3f3-0f4e891777fb.__CR0,0,800,600_PT0_SX800_V1___.jpg\">                                                               Simplifica tu experiencia digital                                             Windows 11 Pro con soporte multi-OS preinstalado    <\/p>\n<p class=\"aplus-p2\"> Preinstalado con un sistema Windows 11 Pro genuino con licencia y compatible con varios sistemas operativos como Windows 10\/11 Home, Windows 10 Pro, Linux, Ubuntu y Debian. Perfecto para usuarios de IoT y entusiastas de la tecnolog\u00eda, incluso permite la personalizaci\u00f3n con la opci\u00f3n de un segundo sistema operativo <\/p>\n<p>                                            <img decoding=\"async\" alt=\"windows11\" src=\"https:\/\/m.media-amazon.com\/images\/S\/aplus-media-library-service-media\/d6842c6f-8c6f-4b32-b351-ec0f24b93446.__CR0,0,1200,900_PT0_SX800_V1___.jpg\">                                    <\/p>\n<p>                                                                                  <img decoding=\"async\" alt=\"bios\" src=\"https:\/\/m.media-amazon.com\/images\/S\/aplus-media-library-service-media\/6c55879d-f385-4b36-a870-2ad780f4bb11.__CR0,0,1464,600_PT0_SX1464_V1___.jpg\">       <\/p>\n<p>                                                                                  <img decoding=\"async\" alt=\"size\" src=\"https:\/\/m.media-amazon.com\/images\/S\/aplus-media-library-service-media\/0e094a24-3b9f-4196-96f9-95d95c12bd00.__CR0,0,1464,600_PT0_SX1464_V1___.jpg\">       <\/p>\n<p>                                                                                  <img decoding=\"async\" alt=\"design\" src=\"https:\/\/m.media-amazon.com\/images\/S\/aplus-media-library-service-media\/bdaff0fd-1960-4aaa-a4a8-c070712edb61.__CR0,0,1464,600_PT0_SX1464_V1___.jpg\">       <\/p>\n<p>                                                                                  <img decoding=\"async\" alt=\"vesa\" src=\"https:\/\/m.media-amazon.com\/images\/S\/aplus-media-library-service-media\/93a740ee-7add-45f4-a768-4f489d113590.__CR0,0,1464,600_PT0_SX1464_V1___.jpg\">       <\/p>\n<p>                                                                                  <img decoding=\"async\" alt=\"low power\" src=\"https:\/\/m.media-amazon.com\/images\/S\/aplus-media-library-service-media\/271fcb62-9910-44b5-9982-84c1f07dbe36.__CR0,0,1464,600_PT0_SX1464_V1___.jpg\">       <\/p>\n<p>                                                                                  <img decoding=\"async\" alt=\"ports\" src=\"https:\/\/m.media-amazon.com\/images\/S\/aplus-media-library-service-media\/84b35e3c-18e6-45ea-aa8e-73decdea0788.__CR0,0,1464,600_PT0_SX1464_V1___.jpg\">       <\/p>\n<p>                                                                                  <img decoding=\"async\" alt=\"light work\" src=\"https:\/\/m.media-amazon.com\/images\/S\/aplus-media-library-service-media\/17053e31-1d04-4b99-8c57-ed885216f20c.__CR0,0,1464,600_PT0_SX1464_V1___.jpg\">       <\/p>\n<p>                                                                                  <img decoding=\"async\" alt=\"outdoor\" src=\"https:\/\/m.media-amazon.com\/images\/S\/aplus-media-library-service-media\/6eea63ab-f3c1-478f-965d-7c20ab4c1a42.__CR0,0,1464,600_PT0_SX1464_V1___.jpg\">       <\/p>\n<p>                                                                                  <img decoding=\"async\" alt=\"gs\" src=\"https:\/\/m.media-amazon.com\/images\/S\/aplus-media-library-service-media\/ebbcc56d-9720-4d6b-9501-c23ac45240f4.__CR0,0,1464,600_PT0_SX1464_V1___.jpg\">       <\/p>\n<p>                        Overclock 4C   <\/p>\n<h3 class=\"a-text-center aplus-h3 a-text-bold\"> Overclock 4C <\/h3>\n<h3 class=\"a-text-center aplus-p3\"> Alder Lake N100 <\/h3>\n<h3 class=\"a-text-center aplus-p2\"> Procesador <\/h3>\n<h3 class=\"a-text-center aplus-p3\"> Alder Lake N100 <\/h3>\n<h3 class=\"a-text-center aplus-p3\"> 15W <\/h3>\n<h3 class=\"a-text-center aplus-p2\"> TDP <\/h3>\n<h3 class=\"a-text-center aplus-p3\"> 8W <\/h3>\n<h3 class=\"a-text-center aplus-p3\"> 3.4GHz <\/h3>\n<h3 class=\"a-text-center aplus-p2\"> Frecuencia de r\u00e1faga <\/h3>\n<h3 class=\"a-text-center aplus-p3\"> 3.4GHz <\/h3>\n<h3 class=\"a-text-center aplus-p3\"> 256GB eMMC+256GB SSD <\/h3>\n<h3 class=\"a-text-center aplus-p2\"> Almacenamiento <\/h3>\n<h3 class=\"a-text-center aplus-p3\"> 256GB eMMC+256GB SSD <\/h3>\n<h3 class=\"a-text-center aplus-p3\"> DDR4 (SO-DIMM) <\/h3>\n<h3 class=\"a-text-center aplus-p2\"> Tipo de memoria <\/h3>\n<h3 class=\"a-text-center aplus-p3\"> LPDDR4x <\/h3>\n<h3 class=\"a-text-center aplus-p3\"> Wi-Fi 5 <\/h3>\n<h3 class=\"a-text-center aplus-p2\"> Wi-Fi <\/h3>\n<h3 class=\"a-text-center aplus-p3\"> Wi-Fi 5 <\/h3>\n<h3 class=\"a-text-center aplus-p2\"> Ventilador <\/h3>\n<h3 class=\"a-text-center aplus-p3\"> Alder Lake N100 <\/h3>\n<h3 class=\"a-text-center aplus-p2\"> Procesador <\/h3>\n<h3 class=\"a-text-center aplus-p3\"> Alder Lake N5105 <\/h3>\n<h3 class=\"a-text-center aplus-p3\"> 15W <\/h3>\n<h3 class=\"a-text-center aplus-p2\"> TDP <\/h3>\n<h3 class=\"a-text-center aplus-p3\"> 10W <\/h3>\n<h3 class=\"a-text-center aplus-p3\"> 3.4GHz <\/h3>\n<h3 class=\"a-text-center aplus-p2\"> Frecuencia de r\u00e1faga <\/h3>\n<h3 class=\"a-text-center aplus-p3\"> 2.9GHz <\/h3>\n<h3 class=\"a-text-center aplus-p3\"> 256GB eMMC+256GB SSD <\/h3>\n<h3 class=\"a-text-center aplus-p2\"> Almacenamiento <\/h3>\n<h3 class=\"a-text-center aplus-p3\"> 256GB eMMC+256GB SSD <\/h3>\n<h3 class=\"a-text-center aplus-p3\"> DDR4 (SO-DIMM) <\/h3>\n<h3 class=\"a-text-center aplus-p2\"> Tipo de memoria <\/h3>\n<h3 class=\"a-text-center aplus-p3\"> LPDDR4x <\/h3>\n<h3 class=\"a-text-center aplus-p3\"> Wi-Fi 5 <\/h3>\n<h3 class=\"a-text-center aplus-p2\"> Wi-Fi <\/h3>\n<h3 class=\"a-text-center aplus-p3\"> Wi-Fi 5 <\/h3>\n<h3 class=\"a-text-center aplus-p2\"> Ventilador <\/h3>\n<p>                                                                                                                       Quieter 4C                                        <img decoding=\"async\" alt=\"4c\" src=\"https:\/\/m.media-amazon.com\/images\/S\/aplus-media-library-service-media\/1cd9e468-508d-49d2-b964-aff24cee8d09.__CR0,0,488,700_PT0_SX488_V1___.jpg\">    <\/p>\n<p>                                                       Quieter 3C                                        <img decoding=\"async\" alt=\"3c\" src=\"https:\/\/m.media-amazon.com\/images\/S\/aplus-media-library-service-media\/03f500f1-6111-4dcb-a8d4-23c0d71d1dd4.__CR0,0,488,700_PT0_SX488_V1___.jpg\">    <\/p>\n<h3>\n<p class=\"aplus-question aplus-p1\"> \u00bfPuedo actualizar m\u00e1s RAM en el Overclock4C? <\/p>\n<\/h3>\n<p class=\"aplus-answer aplus-p2\"> Es f\u00e1cilmente actualizable para un mejor rendimiento: ampl\u00ede su RAM desde los 16GB DDR4 predeterminados hasta potentes 32GB a trav\u00e9s del slot de RAM y mejore el almacenamiento al cambiar el SSD existente por uno m\u00e1s grande, \u00a1hasta 2TB! <\/p>\n<h3>\n<p class=\"aplus-question aplus-p1\"> \u00bfNecesito reinstalar Windows 11 si actualizo a un SSD de 1TB o m\u00e1s? <\/p>\n<\/h3>\n<p class=\"aplus-answer aplus-p2\"> Disfrute de la comodidad de Windows 11 Pro preinstalado en el amplio eMMC, pero cambie f\u00e1cilmente a un arranque m\u00e1s r\u00e1pido en el SSD reinstalando el sistema operativo. <\/p>\n<h3>\n<p class=\"aplus-question aplus-p1\"> \u00bfCu\u00e1l es la diferencia entre los dos puertos USB-C? <\/p>\n<\/h3>\n<p class=\"aplus-answer aplus-p2\"> \u00bfFuncionan de la misma manera?\u00bb,\u00bbEl puerto marcado como DP admite USB-C completo con PD3.0, pantalla de video y transferencia de datos, mientras que el puerto cerca del Ethernet solo ofrece DC-IN con PD3.0. <\/p>\n<h3>\n<p class=\"aplus-question aplus-p1\"> \u00bfEl mini PC admite arranque dual? \u00bfAdmite arranque desde una memoria USB? \u00bfPuedo navegar por la BIOS con el mouse? <\/p>\n<\/h3>\n<p class=\"aplus-answer aplus-p2\"> Admite arranque USB para una configuraci\u00f3n y acceso sin esfuerzo. Sin embargo, es posible que no admita la navegaci\u00f3n en la BIOS a trav\u00e9s del mouse, pero tenga la seguridad de que puede navegar f\u00e1cilmente con las teclas de flecha y Enter. <\/p>\n<h3>\n<p class=\"aplus-question aplus-p1\"> \u00bfLos puertos USB son 3.0 o 3.2? <\/p>\n<\/h3>\n<p class=\"aplus-answer aplus-p2\"> 2 puertos USB 3.2 Gen 2 a 10Gbps, 1 puerto USB 2.0 a 480Mbps y 1 puerto USB-C a 10Gbps. <\/p>\n<p> Package Dimensions                                            \u200f                                            :                                            \u200e                                            21.29 x 12.19 x 6.78 cm; 662.24 g   <br \/> Manufacturer                                            \u200f                                            :                                            \u200e                                            MeLE Technologies (Shenzhen) Co., Ltd.   <br \/> ASIN                                            \u200f                                            :                                            \u200e                                            B0F1JLDBPP   <br \/> Item model number                                            \u200f                                            :                                            \u200e                                            Overclock 4C-N100-32GB-512GB   <br \/> Country of origin                                            \u200f                                            :                                            \u200e                                            China   <br \/> Guaranteed software updates until                                            \u200f                                            :                                            \u200e                                            unknown   <\/p>\n<p>Latest Alder-Lake N100 Processor, High Performance- This micro PC is equipped with a high-performance N100 processor with 10nm manufacturing technology, turbo speed up to 3.4GHz, providing 33% superior performance compared to the N5105. The 4-core, 4-threaded microPC performs efficiently while reducing CPU power consumption, offering greater capabilities for multitasking and office work. It is pre-installed with Windows 11 Pro and also supports Linux, Ubuntu, as needed.<br \/>Enhanced Performance and Storage &#8211; This micro PC features 32GB DDR4 high-speed RAM (up to 3200MHz) and reliable storage capacity of 512GB, with support for NVMe M.2 2280 SSD up to 4TB and M.2 2280 SATA SSD up to 2TB. Note: The existing SSD must be removed to install a new SSD.<br \/>Multifunction USB-C with PD 3.0 and 4K HDMI Video Output &#8211; The 4K HDMI mini PC supports triple display, with an innovative feature in the USB Type-C port that supports 4K video display, data transfer and power input. Thanks to PD 3.0 technology, the mini PC can be powered by different power sources (12V-20V, 36W+). Enjoy the convenience of using your portable desktop PC anywhere, anytime.<br \/>Rich interfaces, fast speed &#8211; The MeLE Overclock 4C offers a PCIE3.04 for the M.2 interface, with a maximum speed of up to 3940MB\/s. Any 4 times more than other Mini PCs. At the same time, this compact PC offers rich interfaces, including USB2.01, USB3.0 Gen2 2, USB-C 3.2 Gen21, Micro-SD USB2.01 slot, HDMI 2.02 and 1* RJ45 Gigabit Ethernet port.<br \/>Smart Features and BIOS Unlocked &#8211; This portable industrial PC features a Kensington security lock slot for commercial applications, supports Wake on LAN\/PXE \/ Auto Power On\/RTC Alarm Clock, the unlocked BIOS allows you to adjust the machine more accurately, ideal for digital signage, billboards and industrial IoT applications.<\/p>\n\n","protected":false},"excerpt":{"rendered":"<p> Product Description The video showcases the product in use.The video guides you through product setup.The<\/p>","protected":false},"featured_media":30465,"comment_status":"open","ping_status":"closed","template":"","meta":[],"product_brand":[],"product_cat":[89],"product_tag":[6420,1152,902,536,8845,777,776,785,778,782,784,539,787,561,783,855,2412,215,2189,8844,780,8843,163,587,779,514,781,904,188,537],"class_list":{"0":"post-30464","1":"product","2":"type-product","3":"status-publish","4":"has-post-thumbnail","6":"product_cat-all-in-one-pcs","7":"product_tag-12e","8":"product_tag-3-4ghz","9":"product_tag-32gb","10":"product_tag-512gb","11":"product_tag-alderlake","12":"product_tag-all-in-one-desktop","13":"product_tag-all-in-one-pc","14":"product_tag-all-in-one-pc-price","15":"product_tag-apple-imac","16":"product_tag-best-all-in-one-computer","17":"product_tag-compact-pc","18":"product_tag-computer","19":"product_tag-desktop","20":"product_tag-display","21":"product_tag-gaming-all-in-one-pc","22":"product_tag-gen","23":"product_tag-mele","24":"product_tag-mini","25":"product_tag-multifunction","26":"product_tag-n100up","27":"product_tag-office-all-in-one-pc","28":"product_tag-overclock4c","29":"product_tag-pro","30":"product_tag-ram","31":"product_tag-slim-all-in-one-pc","32":"product_tag-storage","33":"product_tag-touchscreen-all-in-one-pc","34":"product_tag-triple","35":"product_tag-usbc","36":"product_tag-windows","38":"first","39":"instock","40":"shipping-taxable","41":"product-type-external"},"_links":{"self":[{"href":"https:\/\/comprasyconsejos.store\/en\/wp-json\/wp\/v2\/product\/30464","targetHints":{"allow":["GET"]}}],"collection":[{"href":"https:\/\/comprasyconsejos.store\/en\/wp-json\/wp\/v2\/product"}],"about":[{"href":"https:\/\/comprasyconsejos.store\/en\/wp-json\/wp\/v2\/types\/product"}],"replies":[{"embeddable":true,"href":"https:\/\/comprasyconsejos.store\/en\/wp-json\/wp\/v2\/comments?post=30464"}],"version-history":[{"count":0,"href":"https:\/\/comprasyconsejos.store\/en\/wp-json\/wp\/v2\/product\/30464\/revisions"}],"wp:featuredmedia":[{"embeddable":true,"href":"https:\/\/comprasyconsejos.store\/en\/wp-json\/wp\/v2\/media\/30465"}],"wp:attachment":[{"href":"https:\/\/comprasyconsejos.store\/en\/wp-json\/wp\/v2\/media?parent=30464"}],"wp:term":[{"taxonomy":"product_brand","embeddable":true,"href":"https:\/\/comprasyconsejos.store\/en\/wp-json\/wp\/v2\/product_brand?post=30464"},{"taxonomy":"product_cat","embeddable":true,"href":"https:\/\/comprasyconsejos.store\/en\/wp-json\/wp\/v2\/product_cat?post=30464"},{"taxonomy":"product_tag","embeddable":true,"href":"https:\/\/comprasyconsejos.store\/en\/wp-json\/wp\/v2\/product_tag?post=30464"}],"curies":[{"name":"wp","href":"https:\/\/api.w.org\/{rel}","templated":true}]}}