{"id":30492,"date":"2026-02-22T09:28:26","date_gmt":"2026-02-22T09:28:26","guid":{"rendered":"https:\/\/comprasyconsejos.store\/product\/2026-latest-tablet-10-inch-android-15gemini-ai16gb-ram-64gb-rom-1tb-tf-gms-widevine-l15g-wi-fi6-bt5-2-slim-and-light-facial-unlock-wireless-screen-mirroring\/"},"modified":"2026-02-22T09:28:36","modified_gmt":"2026-02-22T09:28:36","slug":"2026-latest-tablet-10-inch-android-15gemini-ai16gb-ram-64gb-rom-1tb-tf-gms-widevine-l15g-wi-fi6-bt5-2-slim-and-light-facial-unlock-wireless-screen-mirroring","status":"publish","type":"product","link":"https:\/\/comprasyconsejos.store\/en\/product\/2026-latest-tablet-10-inch-android-15gemini-ai16gb-ram-64gb-rom-1tb-tf-gms-widevine-l15g-wi-fi6-bt5-2-slim-and-light-facial-unlock-wireless-screen-mirroring\/","title":{"rendered":"2026 Latest Tablet 10 Inch Android 15,Gemini Ai,16GB RAM + 64GB ROM + 1TB TF, GMS, Widevine L1,5G Wi-Fi6, BT5.2, Slim and Light, Facial Unlock, Wireless Screen Mirroring"},"content":{"rendered":"<p>Price: <span style=\"color:#b12704\">\u20ac79.99<\/span><br \/><i><small>(as of Feb 22, 2026 09:28:26 UTC &#8211; <span class=\"wp_automatic_amazon_disclaimer\" title=\"Product prices and availability are accurate as of the date\/time indicated and are subject to change. Any price and availability information displayed on [relevant Amazon Site(s), as applicable] at the time of purchase will apply to the purchase of this product.\">Details<\/span>)<\/small><\/i><\/p>\n<p><a href=\"https:\/\/amazon.es\/dp\/B0G2M35PMK?tag=man008-21\"><img decoding=\"async\" src=\"https:\/\/valvepress.s3.amazonaws.com\/imgs\/buy_now.png\"><\/a><br \/>\n<\/p>\n<p>                                             From the brand   <\/p>\n<p>                                              <img decoding=\"async\" alt=\"El texto dice: \u00abReBotai\u00bb. La pantalla de la tableta o dispositivo m\u00f3vil muestra la interfaz de color p\u00farpura sobre un fondo oscuro.\" src=\"https:\/\/images-na.ssl-images-amazon.com\/images\/G\/01\/x-locale\/common\/grey-pixel.gif\" class=\"a-lazy-loaded\" data-src=\"https:\/\/m.media-amazon.com\/images\/S\/aplus-media-library-service-media\/1a56d66b-b009-40bf-9361-9b45c5e5b3de.__CR0,0,1464,625_PT0_SX1464_V1___.jpg\"><img decoding=\"async\" alt=\"El texto dice: \u00abReBotai\u00bb. La pantalla de la tableta o dispositivo m\u00f3vil muestra la interfaz de color p\u00farpura sobre un fondo oscuro.\" src=\"https:\/\/m.media-amazon.com\/images\/S\/aplus-media-library-service-media\/1a56d66b-b009-40bf-9361-9b45c5e5b3de.__CR0,0,1464,625_PT0_SX1464_V1___.jpg\">  <\/p>\n<p>                                              <img decoding=\"async\" alt=\"El texto dice \u00abRebotAI\u00bb seguido de un texto en espa\u00f1ol que describe los detalles de la empresa, incluida la experiencia, los fundamentos y el enfoque en el cliente. Dise\u00f1o informativo con bordes morados.\" src=\"https:\/\/images-na.ssl-images-amazon.com\/images\/G\/01\/x-locale\/common\/grey-pixel.gif\" class=\"a-lazy-loaded\" data-src=\"https:\/\/m.media-amazon.com\/images\/S\/aplus-media-library-service-media\/de795db2-313f-43c5-9c64-46eb6d09ee97.__CR0,0,362,453_PT0_SX362_V1___.jpg\"><img decoding=\"async\" alt=\"El texto dice \u00abRebotAI\u00bb seguido de un texto en espa\u00f1ol que describe los detalles de la empresa, incluida la experiencia, los fundamentos y el enfoque en el cliente. Dise\u00f1o informativo con bordes morados.\" src=\"https:\/\/m.media-amazon.com\/images\/S\/aplus-media-library-service-media\/de795db2-313f-43c5-9c64-46eb6d09ee97.__CR0,0,362,453_PT0_SX362_V1___.jpg\">  <\/p>\n<p>                                              <img decoding=\"async\" alt=\"El texto dice \u00abTrabajar al aire libre\u00bb. Dos im\u00e1genes que muestran a una persona usando una tableta o un dispositivo m\u00f3vil mientras est\u00e1 sentada en un escritorio en una oficina.\" src=\"https:\/\/images-na.ssl-images-amazon.com\/images\/G\/01\/x-locale\/common\/grey-pixel.gif\" class=\"a-lazy-loaded\" data-src=\"https:\/\/m.media-amazon.com\/images\/S\/aplus-media-library-service-media\/e2e704b0-0554-4e52-858e-0d4fa99dac85.__CR0,0,362,453_PT0_SX362_V1___.jpg\"><img decoding=\"async\" alt=\"El texto dice \u00abTrabajar al aire libre\u00bb. Dos im\u00e1genes que muestran a una persona usando una tableta o un dispositivo m\u00f3vil mientras est\u00e1 sentada en un escritorio en una oficina.\" src=\"https:\/\/m.media-amazon.com\/images\/S\/aplus-media-library-service-media\/e2e704b0-0554-4e52-858e-0d4fa99dac85.__CR0,0,362,453_PT0_SX362_V1___.jpg\">  <\/p>\n<p>                                              <img decoding=\"async\" alt=\"aplus content image\" src=\"https:\/\/images-na.ssl-images-amazon.com\/images\/G\/01\/x-locale\/common\/grey-pixel.gif\" class=\"a-lazy-loaded\" data-src=\"https:\/\/m.media-amazon.com\/images\/S\/aplus-media-library-service-media\/51f2bc82-2d0d-4810-8a91-277f4e81a10f.__CR0,0,362,453_PT0_SX362_V1___.jpg\"><img decoding=\"async\" alt=\"aplus content image\" src=\"https:\/\/m.media-amazon.com\/images\/S\/aplus-media-library-service-media\/51f2bc82-2d0d-4810-8a91-277f4e81a10f.__CR0,0,362,453_PT0_SX362_V1___.jpg\">  <\/p>\n<p>                                              <img decoding=\"async\" alt=\"El texto dice \u00abCompa\u00f1ero de estudio\u00bb. Muestra el dispositivo que se est\u00e1 utilizando en un entorno educativo con una funda protectora.\" src=\"https:\/\/images-na.ssl-images-amazon.com\/images\/G\/01\/x-locale\/common\/grey-pixel.gif\" class=\"a-lazy-loaded\" data-src=\"https:\/\/m.media-amazon.com\/images\/S\/aplus-media-library-service-media\/3a405ef7-b99c-4265-adda-4f0a2b2bf2b8.__CR0,0,362,453_PT0_SX362_V1___.jpg\"><img decoding=\"async\" alt=\"El texto dice \u00abCompa\u00f1ero de estudio\u00bb. Muestra el dispositivo que se est\u00e1 utilizando en un entorno educativo con una funda protectora.\" src=\"https:\/\/m.media-amazon.com\/images\/S\/aplus-media-library-service-media\/3a405ef7-b99c-4265-adda-4f0a2b2bf2b8.__CR0,0,362,453_PT0_SX362_V1___.jpg\">  <\/p>\n<p>                                              <img decoding=\"async\" alt=\"El texto dice \u00abLectura de libros digitales\u00bb. Muestra una tableta que muestra un documento de texto o un libro electr\u00f3nico en tres \u00e1ngulos de visi\u00f3n diferentes sobre un fondo blanco.\" src=\"https:\/\/images-na.ssl-images-amazon.com\/images\/G\/01\/x-locale\/common\/grey-pixel.gif\" class=\"a-lazy-loaded\" data-src=\"https:\/\/m.media-amazon.com\/images\/S\/aplus-media-library-service-media\/0540e94a-c497-4213-a859-ebe64d27125e.__CR0,0,362,453_PT0_SX362_V1___.jpg\"><img decoding=\"async\" alt=\"El texto dice \u00abLectura de libros digitales\u00bb. Muestra una tableta que muestra un documento de texto o un libro electr\u00f3nico en tres \u00e1ngulos de visi\u00f3n diferentes sobre un fondo blanco.\" src=\"https:\/\/m.media-amazon.com\/images\/S\/aplus-media-library-service-media\/0540e94a-c497-4213-a859-ebe64d27125e.__CR0,0,362,453_PT0_SX362_V1___.jpg\">  <\/p>\n<p>                                              <img decoding=\"async\" alt=\"El texto dice \u00abGarant\u00eda de dos a\u00f1os\u00bb. Documento informativo de garant\u00eda en espa\u00f1ol con los datos de contacto y el emblema dorado del sello de garant\u00eda.\" src=\"https:\/\/images-na.ssl-images-amazon.com\/images\/G\/01\/x-locale\/common\/grey-pixel.gif\" class=\"a-lazy-loaded\" data-src=\"https:\/\/m.media-amazon.com\/images\/S\/aplus-media-library-service-media\/00442947-1550-45cb-b3d1-5261678a9e86.__CR0,0,362,453_PT0_SX362_V1___.jpg\"><img decoding=\"async\" alt=\"El texto dice \u00abGarant\u00eda de dos a\u00f1os\u00bb. Documento informativo de garant\u00eda en espa\u00f1ol con los datos de contacto y el emblema dorado del sello de garant\u00eda.\" src=\"https:\/\/m.media-amazon.com\/images\/S\/aplus-media-library-service-media\/00442947-1550-45cb-b3d1-5261678a9e86.__CR0,0,362,453_PT0_SX362_V1___.jpg\">  <\/p>\n<p> Package Dimensions                                            \u200f                                            :                                            \u200e                                            27.5 x 24 x 3 cm; 450 g   <br \/> Manufacturer                                            \u200f                                            :                                            \u200e                                            RebotAi   <br \/> ASIN                                            \u200f                                            :                                            \u200e                                            B0G2M35PMK   <br \/> Item model number                                            \u200f                                            :                                            \u200e                                            D101   <br \/> Country of origin                                            \u200f                                            :                                            \u200e                                            China   <br \/> Guaranteed software updates until                                            \u200f                                            :                                            \u200e                                            unknown   <br \/>  Customer reviews:                                                                                            3.8               3.8 out of 5 stars                                  (70)                                              var dpAcrHasRegisteredArcLinkClickAction;                    P.when(&#8216;A&#8217;, &#8216;ready&#8217;).execute(function(A) {                        if (dpAcrHasRegisteredArcLinkClickAction !== true) {                            dpAcrHasRegisteredArcLinkClickAction = true;                            A.declarative(                                &#8216;acrLink-click-metrics&#8217;, &#8216;click&#8217;,                                { \u00aballowLinkDefault\u00bb: true },                                function (event) {                                    if (window.ue) {                                        ue.count(\u00abacrLinkClickCount\u00bb, (ue.count(\u00abacrLinkClickCount\u00bb) || 0) + 1);                                    }                                }                            );                        }                    });                                             P.when(&#8216;A&#8217;, &#8216;cf&#8217;).execute(function(A) {                A.declarative(&#8216;acrStarsLink-click-metrics&#8217;, &#8216;click&#8217;, { \u00aballowLinkDefault\u00bb : true },  function(event){                    if(window.ue) {                        ue.count(\u00abacrStarsLinkWithPopoverClickCount\u00bb, (ue.count(\u00abacrStarsLinkWithPopoverClickCount\u00bb) || 0) + 1);                    }                });            });                          <\/p>\n<p>The EU battery regulation clearly stipulates battery optimisation. In the optimized battery mode, the maximum charging capacity is only 80%. To charge the tablet to 100%, follow these steps to disable the optimized battery mode: System \u2013 About Tablet \u2013 Optimize Battery \u2013 Disable.<br \/>[AI smart] RebotAi Android 15 tablet features Gemini AI 2.0, which converts voice memos into formatted reports or enhances low-light photos in seconds. Experience the perfect fusion of cutting-edge technology and intuitive handling thanks to AI-based motion optimization, energy-efficient design, and efficient heat dissipation. Uses a high-performance A333 CPU (up to 1.8GHz), delivering up to 60% more performance than its predecessor<br \/>[16GB RAM + 64GB ROM + 1TB TF]10 inch tablet features 30GB RAM (4GB RAM + 12GB RAM) +128GB ROM. Supports expansion with microSD card up to 1TB (sold separately). Delivers excellent multitasking performance. You can easily download any app you need, such as YouTube, Netflix, Disney+, Amazon Prime Video, and Hulu. Ideal for various occasions, such as daily life, work, study and travel<br \/>[GMS Certification &#038; Face Recognition] This Android tablet is licensed with Google&#8217;s official GMS certification, which ensures stable use of various Google services and allows free download of a wide range of third-party applications. Plus, facial recognition unlocks the system for fast, secure access. \u203bOnly deactivation of facial recognition is supported.<br \/>[10 Inch Screen &#038;Widevine L1] RebotAi tablet features a high 1280\u00d7800 resolution screen, has a wide viewing angle and 400 nits of brightness, enjoy realistic Full HD image quality and clearer image details. Touch operation is smooth and comfortable thanks to the TDDI IPS display. Its excellent responsiveness allows for effortless handling. This 10-inch tablet is perfect for watching videos, playing games or enjoying with your kids, family or friends.<br \/>[Split Screen &#038; Multiple Security Certifications]D101 Android 15 tablet has multiple international safety certifications, such as CE, RoHS, FCC. Its multi-window function allows you to view multiple applications simultaneously for efficient working.It also supports split screen and floating windows, ensuring you don&#8217;t miss important notifications while studying, reading or working.<br \/>[Wi-Fi 6\u00d7Bluetooth 5.2\u00d7Wireless Projection] 10 inch tablet features Wi-Fi 6 and a built-in dual-band chip, allowing simultaneous connection to both 5G and 2.4G Wi-Fi bands. You can also wirelessly project content onto a TV or monitor. This Android 15 tablet features a large 5000mAh battery and intelligent power management, which ensures a comfortable online experience. The RebotAi tablet is the ideal choice for your travels and adventures.<br \/>[EASY TO CARRY ANYTIME ANYWHERE] This 10 inch Android tablet weighs only 400g and has a thickness of only 8mm, with a lightweight and slim design. Its unibody design with matte finish is fingerprint resistant, combining aesthetics and practicality. Durable and compact, easily fits in a handbag, ideal for work, travel, business trips, and home or professional environments.<br \/>[Exceptional Customer Service] RebotAi offers a 2-year warranty and 24\/7 customer service for a worry-free shopping experience. Your Android 15 tablet includes a 2-year warranty and prompt customer service: we guarantee you a reply within 24 hours. Whether it&#8217;s a technical issue or any other issue, we will be happy to help.<\/p>\n\n","protected":false},"excerpt":{"rendered":"<p> From the brand Package Dimensions \u200f : \u200e 27.5 x 24 x 3 cm; 450<\/p>","protected":false},"featured_media":30493,"comment_status":"open","ping_status":"closed","template":"","meta":[],"product_brand":[],"product_cat":[93],"product_tag":[651,8852,602,568,8853,391,646,648,1780,650,6868,655,5619,584,8854,1773,248,8855,587,913,647,842,288,157,652,653,649,654,1061,916,5308,226],"class_list":{"0":"post-30492","1":"product","2":"type-product","3":"status-publish","4":"has-post-thumbnail","6":"product_cat-android-tablets","7":"product_tag-10-inch-tablet","8":"product_tag-15gemini","9":"product_tag-1tb","10":"product_tag-64gb","11":"product_tag-ai16gb","12":"product_tag-android","13":"product_tag-android-tablet","14":"product_tag-best-android-tablet","15":"product_tag-bt5-2","16":"product_tag-budget-android-tablet","17":"product_tag-facial","18":"product_tag-gaming-tablet","19":"product_tag-gms","20":"product_tag-inch","21":"product_tag-l15g","22":"product_tag-latest","23":"product_tag-light","24":"product_tag-mirroring","25":"product_tag-ram","26":"product_tag-rom","27":"product_tag-samsung-android-tablet","28":"product_tag-screen","29":"product_tag-slim","30":"product_tag-tablet","31":"product_tag-tablet-for-kids","32":"product_tag-tablet-for-study","33":"product_tag-tablet-with-sim","34":"product_tag-tablet-with-stylus","35":"product_tag-unlock","36":"product_tag-widevine","37":"product_tag-wifi6","38":"product_tag-wireless","40":"first","41":"instock","42":"shipping-taxable","43":"product-type-external"},"_links":{"self":[{"href":"https:\/\/comprasyconsejos.store\/en\/wp-json\/wp\/v2\/product\/30492","targetHints":{"allow":["GET"]}}],"collection":[{"href":"https:\/\/comprasyconsejos.store\/en\/wp-json\/wp\/v2\/product"}],"about":[{"href":"https:\/\/comprasyconsejos.store\/en\/wp-json\/wp\/v2\/types\/product"}],"replies":[{"embeddable":true,"href":"https:\/\/comprasyconsejos.store\/en\/wp-json\/wp\/v2\/comments?post=30492"}],"version-history":[{"count":0,"href":"https:\/\/comprasyconsejos.store\/en\/wp-json\/wp\/v2\/product\/30492\/revisions"}],"wp:featuredmedia":[{"embeddable":true,"href":"https:\/\/comprasyconsejos.store\/en\/wp-json\/wp\/v2\/media\/30493"}],"wp:attachment":[{"href":"https:\/\/comprasyconsejos.store\/en\/wp-json\/wp\/v2\/media?parent=30492"}],"wp:term":[{"taxonomy":"product_brand","embeddable":true,"href":"https:\/\/comprasyconsejos.store\/en\/wp-json\/wp\/v2\/product_brand?post=30492"},{"taxonomy":"product_cat","embeddable":true,"href":"https:\/\/comprasyconsejos.store\/en\/wp-json\/wp\/v2\/product_cat?post=30492"},{"taxonomy":"product_tag","embeddable":true,"href":"https:\/\/comprasyconsejos.store\/en\/wp-json\/wp\/v2\/product_tag?post=30492"}],"curies":[{"name":"wp","href":"https:\/\/api.w.org\/{rel}","templated":true}]}}