{"id":30558,"date":"2026-02-22T10:04:28","date_gmt":"2026-02-22T10:04:28","guid":{"rendered":"https:\/\/comprasyconsejos.store\/product\/tt19lcd-drone-with-4k-camera-mini-drone-with-2-8-inch-lcd-screen-brushless-motor-270-obstacle-avoidance-optical-flow-positioning-fpv-drone-for-adults-beginners\/"},"modified":"2026-02-22T10:04:32","modified_gmt":"2026-02-22T10:04:32","slug":"tt19lcd-drone-with-4k-camera-mini-drone-with-2-8-inch-lcd-screen-brushless-motor-270-obstacle-avoidance-optical-flow-positioning-fpv-drone-for-adults-beginners","status":"publish","type":"product","link":"https:\/\/comprasyconsejos.store\/en\/product\/tt19lcd-drone-with-4k-camera-mini-drone-with-2-8-inch-lcd-screen-brushless-motor-270-obstacle-avoidance-optical-flow-positioning-fpv-drone-for-adults-beginners\/","title":{"rendered":"TT19LCD Drone with 4K Camera, Mini Drone with 2.8 Inch LCD Screen, Brushless Motor, 270\u00b0 Obstacle Avoidance, Optical Flow Positioning, FPV Drone for Adults Beginners"},"content":{"rendered":"<p>Price: <span style=\"color:#b12704\"><del>\u20ac109.99<\/del> - \u20ac79.97<\/span><br \/><i><small>(as of Feb 22, 2026 10:04:28 UTC &#8211; <span class=\"wp_automatic_amazon_disclaimer\" title=\"Product prices and availability are accurate as of the date\/time indicated and are subject to change. Any price and availability information displayed on [relevant Amazon Site(s), as applicable] at the time of purchase will apply to the purchase of this product.\">Details<\/span>)<\/small><\/i><\/p>\n<p><a href=\"https:\/\/amazon.es\/dp\/B0F87VW8MD?tag=man008-21\"><img decoding=\"async\" src=\"https:\/\/valvepress.s3.amazonaws.com\/imgs\/buy_now.png\"><\/a><br \/>\n<\/p>\n<p>                                             From the brand   <\/p>\n<p>                                              <img decoding=\"async\" alt=\"drone\" src=\"https:\/\/images-na.ssl-images-amazon.com\/images\/G\/01\/x-locale\/common\/grey-pixel.gif\" class=\"a-lazy-loaded\" data-src=\"https:\/\/m.media-amazon.com\/images\/S\/aplus-media-library-service-media\/9cdd3b27-c2a8-407a-bda3-c0025c004eed.__CR0,0,1464,625_PT0_SX1464_V1___.png\"><img decoding=\"async\" alt=\"drone\" src=\"https:\/\/m.media-amazon.com\/images\/S\/aplus-media-library-service-media\/9cdd3b27-c2a8-407a-bda3-c0025c004eed.__CR0,0,1464,625_PT0_SX1464_V1___.png\">  <\/p>\n<p>                                              <img decoding=\"async\" alt=\"Representantes del servicio de atenci\u00f3n al cliente que usan auriculares en el entorno de la oficina, con el correo electr\u00f3nico de contacto que se muestra a continuaci\u00f3n\" src=\"https:\/\/images-na.ssl-images-amazon.com\/images\/G\/01\/x-locale\/common\/grey-pixel.gif\" class=\"a-lazy-loaded\" data-src=\"https:\/\/m.media-amazon.com\/images\/S\/aplus-media-library-service-media\/cab1148e-d354-4b9c-9100-b19a936634b7.__CR0,0,362,453_PT0_SX362_V1___.jpg\"><img decoding=\"async\" alt=\"Representantes del servicio de atenci\u00f3n al cliente que usan auriculares en el entorno de la oficina, con el correo electr\u00f3nico de contacto que se muestra a continuaci\u00f3n\" src=\"https:\/\/m.media-amazon.com\/images\/S\/aplus-media-library-service-media\/cab1148e-d354-4b9c-9100-b19a936634b7.__CR0,0,362,453_PT0_SX362_V1___.jpg\">  <\/p>\n<p>                                              <img decoding=\"async\" alt=\"Un dron cuadric\u00f3ptero negro con los brazos cruzados en vuelo sobre un tel\u00f3n de fondo de vigas de madera. El dron cuenta con una c\u00e1mara en la parte inferior\" src=\"https:\/\/images-na.ssl-images-amazon.com\/images\/G\/01\/x-locale\/common\/grey-pixel.gif\" class=\"a-lazy-loaded\" data-src=\"https:\/\/m.media-amazon.com\/images\/S\/aplus-media-library-service-media\/4ce50080-b131-4317-990f-b3b1d0788799.__CR0,0,362,453_PT0_SX362_V1___.jpg\"><img decoding=\"async\" alt=\"Un dron cuadric\u00f3ptero negro con los brazos cruzados en vuelo sobre un tel\u00f3n de fondo de vigas de madera. El dron cuenta con una c\u00e1mara en la parte inferior\" src=\"https:\/\/m.media-amazon.com\/images\/S\/aplus-media-library-service-media\/4ce50080-b131-4317-990f-b3b1d0788799.__CR0,0,362,453_PT0_SX362_V1___.jpg\">  <\/p>\n<p>                                              <img decoding=\"async\" alt=\"con capacidad de GPS se muestra en vuelo sobre un fondo oscuro, con detalles en rojo y plateado\" src=\"https:\/\/images-na.ssl-images-amazon.com\/images\/G\/01\/x-locale\/common\/grey-pixel.gif\" class=\"a-lazy-loaded\" data-src=\"https:\/\/m.media-amazon.com\/images\/S\/aplus-media-library-service-media\/b10e482a-bd9e-4d38-8f30-9fd567688783.__CR0,0,362,453_PT0_SX362_V1___.jpg\"><img decoding=\"async\" alt=\"con capacidad de GPS se muestra en vuelo sobre un fondo oscuro, con detalles en rojo y plateado\" src=\"https:\/\/m.media-amazon.com\/images\/S\/aplus-media-library-service-media\/b10e482a-bd9e-4d38-8f30-9fd567688783.__CR0,0,362,453_PT0_SX362_V1___.jpg\">  <\/p>\n<p>                                              <img decoding=\"async\" alt=\"en vuelo contra un borroso fondo urbano. Texto \u00abMotor\" src=\"https:\/\/images-na.ssl-images-amazon.com\/images\/G\/01\/x-locale\/common\/grey-pixel.gif\" class=\"a-lazy-loaded\" data-src=\"https:\/\/m.media-amazon.com\/images\/S\/aplus-media-library-service-media\/16095810-5b43-4282-9e7b-dd6dd096745e.__CR0,0,362,453_PT0_SX362_V1___.jpg\"><img decoding=\"async\" alt=\"en vuelo contra un borroso fondo urbano. Texto \u00abMotor\" src=\"https:\/\/m.media-amazon.com\/images\/S\/aplus-media-library-service-media\/16095810-5b43-4282-9e7b-dd6dd096745e.__CR0,0,362,453_PT0_SX362_V1___.jpg\">  <\/p>\n<p>                                              <img decoding=\"async\" alt=\"en vuelo con controlador de tel\u00e9fono inteligente que muestra una transmisi\u00f3n de video en vivo. El controlador muestra una interfaz similar a la de un juego con las manos\" src=\"https:\/\/images-na.ssl-images-amazon.com\/images\/G\/01\/x-locale\/common\/grey-pixel.gif\" class=\"a-lazy-loaded\" data-src=\"https:\/\/m.media-amazon.com\/images\/S\/aplus-media-library-service-media\/8f4a38a4-1eaa-4c05-816d-c60b26681f98.__CR0,0,362,453_PT0_SX362_V1___.jpg\"><img decoding=\"async\" alt=\"en vuelo con controlador de tel\u00e9fono inteligente que muestra una transmisi\u00f3n de video en vivo. El controlador muestra una interfaz similar a la de un juego con las manos\" src=\"https:\/\/m.media-amazon.com\/images\/S\/aplus-media-library-service-media\/8f4a38a4-1eaa-4c05-816d-c60b26681f98.__CR0,0,362,453_PT0_SX362_V1___.jpg\">  <\/p>\n<p> Batteries                                            \u200f                                            :                                            \u200e                                            1 Lithium Polymer batteries required. (included)   <br \/> Product Dimensions                                            \u200f                                            :                                            \u200e                                            22 x 16 x 7 cm; 490 g   <br \/> Date First Available                                            \u200f                                            :                                            \u200e                                            13 May 2025   <br \/> Manufacturer                                            \u200f                                            :                                            \u200e                                            TTROARDS   <br \/> ASIN                                            \u200f                                            :                                            \u200e                                            B0F87VW8MD   <br \/> Country of origin                                            \u200f                                            :                                            \u200e                                            China   <br \/>       Best Sellers Rank:  31,507 in Toys &#038; Games (See Top 100 in Toys &#038; Games)    143 in Remote &#038; App-Controlled Drones      <br \/>  Customer reviews:                                                                                            4.0               4.0 out of 5 stars                                  (269)                                              var dpAcrHasRegisteredArcLinkClickAction;                    P.when(&#8216;A&#8217;, &#8216;ready&#8217;).execute(function(A) {                        if (dpAcrHasRegisteredArcLinkClickAction !== true) {                            dpAcrHasRegisteredArcLinkClickAction = true;                            A.declarative(                                &#8216;acrLink-click-metrics&#8217;, &#8216;click&#8217;,                                { \u00aballowLinkDefault\u00bb: true },                                function (event) {                                    if (window.ue) {                                        ue.count(\u00abacrLinkClickCount\u00bb, (ue.count(\u00abacrLinkClickCount\u00bb) || 0) + 1);                                    }                                }                            );                        }                    });                                             P.when(&#8216;A&#8217;, &#8216;cf&#8217;).execute(function(A) {                A.declarative(&#8216;acrStarsLink-click-metrics&#8217;, &#8216;click&#8217;, { \u00aballowLinkDefault\u00bb : true },  function(event){                    if(window.ue) {                        ue.count(\u00abacrStarsLinkWithPopoverClickCount\u00bb, (ue.count(\u00abacrStarsLinkWithPopoverClickCount\u00bb) || 0) + 1);                    }                });            });                          <\/p>\n<p>\u30104K Camera + 90\u00b0 Electric Adjustment\u3011This drone with 4k camera and a 90\u00b0 motorized adjustment function, which effortlessly captures panoramic views and complex details. Optical flow camera located at bottom allows precise and stable flight. Whether indoors or outdoors, effectively resist signal interference and airflow disturbances, and effortlessly capture unique images in different environments.<br \/>\u30102.8 Inch Screen\u3011The mini drone features a 2.8 inch HD screen that delivers crystal clear and smooth real-time video transmission. You can watch the recordings at any time without using a mobile phone. Thanks to support SD cards up to 32GB, the large storage space allows for longer recordings. Whether at family celebrations or on outdoor adventures, the drone always offers high-quality images.<br \/>\u3010270\u00b0 Obstacle Avoidance\u3011Equipped with a sensor system, the drone can immediately dodge obstacles along its flight path, which greatly improves flight safety. Whether flying through wooded areas or taking aerial photographs in complex environments, this function effectively minimizes the risk of damage to the drone. It provides increased safety during operation and is therefore particularly suitable for demanding outdoor sockets.<br \/>\u3010Brushless Motor\u3011The mini drone camera features powerful brushless motors that offer stable operation, low noise and robust performance to effortlessly cope with different weather conditions. Thanks to its longer service life, it reduces long-term maintenance costs. With three speed modes, it adapts to different flight scenarios, so that you can fully concentrate on the excitement of flying and aerial photography.<br \/>\u3010Beginner Friendly\u3011The RC drone supports one-touch takeoff\/landing, 360\u00b0 rotation, flight trajectory and other functions, providing effortless control and unlimited fun. Get stable flight and aerial shots without complex adjustments. With a simple setup, you can take professional aerial shots. No prior flight knowledge is required, beginners can quickly master it.<br \/>\u3010Customer Care Team\u3011TTROARDS has a dedicated customer support team. If you have any problems with device start-up, configuration of functions or maintenance, please feel free to contact us at any time. We will respond immediately and deal with each request thoroughly to ensure your experience is protected.<\/p>\n\n","protected":false},"excerpt":{"rendered":"<p> From the brand Batteries \u200f : \u200e 1 Lithium Polymer batteries required. (included) Product Dimensions<\/p>","protected":false},"featured_media":30559,"comment_status":"open","ping_status":"closed","template":"","meta":[],"product_brand":[],"product_cat":[98],"product_tag":[935,8722,2845,1917,3041,681,2854,2852,2855,2853,2842,2844,2848,2846,2850,2838,2849,4398,2839,3065,2840,2843,584,1186,215,2851,1613,4878,891,8481,2841,2847,842,8867],"class_list":{"0":"post-30558","1":"product","2":"type-product","3":"status-publish","4":"has-post-thumbnail","6":"product_cat-drones","7":"product_tag-adults","8":"product_tag-avoidance","9":"product_tag-beginner-drone","10":"product_tag-beginners","11":"product_tag-brushless","12":"product_tag-camera","13":"product_tag-dji-drone","14":"product_tag-dji-mavic","15":"product_tag-dji-mini-2","16":"product_tag-drone","17":"product_tag-drone-accessories","18":"product_tag-drone-battery","19":"product_tag-drone-gimbal","20":"product_tag-drone-propellers","21":"product_tag-drone-spare-parts","22":"product_tag-drone-with-camera","23":"product_tag-drones-under-200","24":"product_tag-flow","25":"product_tag-foldable-drone","26":"product_tag-fpv","27":"product_tag-fpv-drone","28":"product_tag-hd-drone","29":"product_tag-inch","30":"product_tag-lcd","31":"product_tag-mini","32":"product_tag-mini-drone","33":"product_tag-motor","34":"product_tag-obstacle","35":"product_tag-optical","36":"product_tag-positioning","37":"product_tag-quadcopter","38":"product_tag-remote-control-drone","39":"product_tag-screen","40":"product_tag-tt19lcd","42":"first","43":"instock","44":"sale","45":"shipping-taxable","46":"product-type-external"},"_links":{"self":[{"href":"https:\/\/comprasyconsejos.store\/en\/wp-json\/wp\/v2\/product\/30558","targetHints":{"allow":["GET"]}}],"collection":[{"href":"https:\/\/comprasyconsejos.store\/en\/wp-json\/wp\/v2\/product"}],"about":[{"href":"https:\/\/comprasyconsejos.store\/en\/wp-json\/wp\/v2\/types\/product"}],"replies":[{"embeddable":true,"href":"https:\/\/comprasyconsejos.store\/en\/wp-json\/wp\/v2\/comments?post=30558"}],"version-history":[{"count":0,"href":"https:\/\/comprasyconsejos.store\/en\/wp-json\/wp\/v2\/product\/30558\/revisions"}],"wp:featuredmedia":[{"embeddable":true,"href":"https:\/\/comprasyconsejos.store\/en\/wp-json\/wp\/v2\/media\/30559"}],"wp:attachment":[{"href":"https:\/\/comprasyconsejos.store\/en\/wp-json\/wp\/v2\/media?parent=30558"}],"wp:term":[{"taxonomy":"product_brand","embeddable":true,"href":"https:\/\/comprasyconsejos.store\/en\/wp-json\/wp\/v2\/product_brand?post=30558"},{"taxonomy":"product_cat","embeddable":true,"href":"https:\/\/comprasyconsejos.store\/en\/wp-json\/wp\/v2\/product_cat?post=30558"},{"taxonomy":"product_tag","embeddable":true,"href":"https:\/\/comprasyconsejos.store\/en\/wp-json\/wp\/v2\/product_tag?post=30558"}],"curies":[{"name":"wp","href":"https:\/\/api.w.org\/{rel}","templated":true}]}}