{"id":30564,"date":"2026-02-22T10:05:24","date_gmt":"2026-02-22T10:05:24","guid":{"rendered":"https:\/\/comprasyconsejos.store\/product\/moswag-external-cd-dvd-drive-usb-3-0-and-usb-c-cd-dvd-writer-rw-optical-drive-dvd-portable-slim-dvd-rom-rewriter-writer-duplicator-for-desktop-windows-11-10-pc-macbook-pro-pc-linux\/"},"modified":"2026-02-22T10:05:27","modified_gmt":"2026-02-22T10:05:27","slug":"moswag-external-cd-dvd-drive-usb-3-0-and-usb-c-cd-dvd-writer-rw-optical-drive-dvd-portable-slim-dvd-rom-rewriter-writer-duplicator-for-desktop-windows-11-10-pc-macbook-pro-pc-linux","status":"publish","type":"product","link":"https:\/\/comprasyconsejos.store\/en\/product\/moswag-external-cd-dvd-drive-usb-3-0-and-usb-c-cd-dvd-writer-rw-optical-drive-dvd-portable-slim-dvd-rom-rewriter-writer-duplicator-for-desktop-windows-11-10-pc-macbook-pro-pc-linux\/","title":{"rendered":"MOSWAG External CD DVD Drive, USB 3.0 and USB C CD\/DVD Writer +\/-RW Optical Drive, DVD Portable Slim DVD ROM Rewriter Writer Duplicator for Desktop, Windows 11\/10 PC MacBook Pro PC Linux"},"content":{"rendered":"<p>Price: <span style=\"color:#b12704\"><del>\u20ac25.99<\/del> - \u20ac16.99<\/span><br \/><i><small>(as of Feb 22, 2026 10:05:24 UTC &#8211; <span class=\"wp_automatic_amazon_disclaimer\" title=\"Product prices and availability are accurate as of the date\/time indicated and are subject to change. Any price and availability information displayed on [relevant Amazon Site(s), as applicable] at the time of purchase will apply to the purchase of this product.\">Details<\/span>)<\/small><\/i><\/p>\n<p><a href=\"https:\/\/amazon.es\/dp\/B0FHWGJ3QJ?tag=man008-21\"><img decoding=\"async\" src=\"https:\/\/valvepress.s3.amazonaws.com\/imgs\/buy_now.png\"><\/a><br \/>\n<\/p>\n<p>                                             Product Description   <\/p>\n<p>                                                                                                       <img decoding=\"async\" alt=\"El texto dice \u00ab\u00a1Funciones externas!\u00bb y \u00abUnidad de CD\/DVD\u00bb. Configuraci\u00f3n de la computadora que muestra un dispositivo de disco externo con teclado y otros perif\u00e9ricos.\" src=\"https:\/\/images-na.ssl-images-amazon.com\/images\/G\/01\/x-locale\/common\/grey-pixel.gif\" class=\"a-lazy-loaded\" data-src=\"https:\/\/m.media-amazon.com\/images\/S\/aplus-media-library-service-media\/f75e2fb5-0745-4d9d-990d-d8aacfc54399.__CR0,0,2440,1000_PT0_SX1464_V1___.jpg\"><img decoding=\"async\" alt=\"El texto dice \u00ab\u00a1Funciones externas!\u00bb y \u00abUnidad de CD\/DVD\u00bb. Configuraci\u00f3n de la computadora que muestra un dispositivo de disco externo con teclado y otros perif\u00e9ricos.\" src=\"https:\/\/m.media-amazon.com\/images\/S\/aplus-media-library-service-media\/f75e2fb5-0745-4d9d-990d-d8aacfc54399.__CR0,0,2440,1000_PT0_SX1464_V1___.jpg\">                                               <\/p>\n<p>                                                                                                       <img decoding=\"async\" alt=\"aplus content image\" src=\"https:\/\/images-na.ssl-images-amazon.com\/images\/G\/01\/x-locale\/common\/grey-pixel.gif\" class=\"a-lazy-loaded\" data-src=\"https:\/\/m.media-amazon.com\/images\/S\/aplus-media-library-service-media\/c7417275-836f-4047-9a77-85b2649b78a2.__CR0,0,2440,1000_PT0_SX1464_V1___.jpg\"><img decoding=\"async\" alt=\"aplus content image\" src=\"https:\/\/m.media-amazon.com\/images\/S\/aplus-media-library-service-media\/c7417275-836f-4047-9a77-85b2649b78a2.__CR0,0,2440,1000_PT0_SX1464_V1___.jpg\">                                               <\/p>\n<p>                                                                                                       <img decoding=\"async\" alt=\"aplus content image\" src=\"https:\/\/images-na.ssl-images-amazon.com\/images\/G\/01\/x-locale\/common\/grey-pixel.gif\" class=\"a-lazy-loaded\" data-src=\"https:\/\/m.media-amazon.com\/images\/S\/aplus-media-library-service-media\/6181bca6-5012-4d67-9f79-3d754e099620.__CR0,0,2440,1000_PT0_SX1464_V1___.jpg\"><img decoding=\"async\" alt=\"aplus content image\" src=\"https:\/\/m.media-amazon.com\/images\/S\/aplus-media-library-service-media\/6181bca6-5012-4d67-9f79-3d754e099620.__CR0,0,2440,1000_PT0_SX1464_V1___.jpg\">                                               <\/p>\n<p>                                                                                                       <img decoding=\"async\" alt=\"aplus content image\" src=\"https:\/\/images-na.ssl-images-amazon.com\/images\/G\/01\/x-locale\/common\/grey-pixel.gif\" class=\"a-lazy-loaded\" data-src=\"https:\/\/m.media-amazon.com\/images\/S\/aplus-media-library-service-media\/13f154ac-a080-432f-aa19-aa8a39f11ba7.__CR0,0,2440,1000_PT0_SX1464_V1___.jpg\"><img decoding=\"async\" alt=\"aplus content image\" src=\"https:\/\/m.media-amazon.com\/images\/S\/aplus-media-library-service-media\/13f154ac-a080-432f-aa19-aa8a39f11ba7.__CR0,0,2440,1000_PT0_SX1464_V1___.jpg\">                                               <\/p>\n<p>                                                                                                       <img decoding=\"async\" alt=\"aplus content image\" src=\"https:\/\/images-na.ssl-images-amazon.com\/images\/G\/01\/x-locale\/common\/grey-pixel.gif\" class=\"a-lazy-loaded\" data-src=\"https:\/\/m.media-amazon.com\/images\/S\/aplus-media-library-service-media\/e8aba69e-636c-42eb-9d03-1f88e6b2d7a9.__CR0,0,2440,1000_PT0_SX1464_V1___.jpg\"><img decoding=\"async\" alt=\"aplus content image\" src=\"https:\/\/m.media-amazon.com\/images\/S\/aplus-media-library-service-media\/e8aba69e-636c-42eb-9d03-1f88e6b2d7a9.__CR0,0,2440,1000_PT0_SX1464_V1___.jpg\">                                               <\/p>\n<p>                                                                                                       <img decoding=\"async\" alt=\"El texto dice \u00abEntorno operativo silencioso\u00bb y \u00abSoporte ininterrumpido\u00bb. Se muestran varios iconos de soporte, incluidos los s\u00edmbolos del tel\u00e9fono, el correo electr\u00f3nico y el chat en una combinaci\u00f3n de colores azules.\" src=\"https:\/\/images-na.ssl-images-amazon.com\/images\/G\/01\/x-locale\/common\/grey-pixel.gif\" class=\"a-lazy-loaded\" data-src=\"https:\/\/m.media-amazon.com\/images\/S\/aplus-media-library-service-media\/684f4563-9069-4f43-b3b8-6685d562e06c.__CR0,0,2440,1000_PT0_SX1464_V1___.jpg\"><img decoding=\"async\" alt=\"El texto dice \u00abEntorno operativo silencioso\u00bb y \u00abSoporte ininterrumpido\u00bb. Se muestran varios iconos de soporte, incluidos los s\u00edmbolos del tel\u00e9fono, el correo electr\u00f3nico y el chat en una combinaci\u00f3n de colores azules.\" src=\"https:\/\/m.media-amazon.com\/images\/S\/aplus-media-library-service-media\/684f4563-9069-4f43-b3b8-6685d562e06c.__CR0,0,2440,1000_PT0_SX1464_V1___.jpg\">                                               <\/p>\n<p> Product Dimensions                                            \u200f                                            :                                            \u200e                                            2.75 x 14 x 0.4 cm; 20 g   <br \/> Manufacturer                                            \u200f                                            :                                            \u200e                                            MOSWAG   <br \/> ASIN                                            \u200f                                            :                                            \u200e                                            B0FHWGJ3QJ   <br \/> Item model number                                            \u200f                                            :                                            \u200e                                            DVD-Drive   <br \/> Country of origin                                            \u200f                                            :                                            \u200e                                            China   <br \/> Guaranteed software updates until                                            \u200f                                            :                                            \u200e                                            unknown   <br \/>  Customer reviews:                                                                                            4.3               4.3 out of 5 stars                                  (32)                                              var dpAcrHasRegisteredArcLinkClickAction;                    P.when(&#8216;A&#8217;, &#8216;ready&#8217;).execute(function(A) {                        if (dpAcrHasRegisteredArcLinkClickAction !== true) {                            dpAcrHasRegisteredArcLinkClickAction = true;                            A.declarative(                                &#8216;acrLink-click-metrics&#8217;, &#8216;click&#8217;,                                { \u00aballowLinkDefault\u00bb: true },                                function (event) {                                    if (window.ue) {                                        ue.count(\u00abacrLinkClickCount\u00bb, (ue.count(\u00abacrLinkClickCount\u00bb) || 0) + 1);                                    }                                }                            );                        }                    });                                             P.when(&#8216;A&#8217;, &#8216;cf&#8217;).execute(function(A) {                A.declarative(&#8216;acrStarsLink-click-metrics&#8217;, &#8216;click&#8217;, { \u00aballowLinkDefault\u00bb : true },  function(event){                    if(window.ue) {                        ue.count(\u00abacrStarsLinkWithPopoverClickCount\u00bb, (ue.count(\u00abacrStarsLinkWithPopoverClickCount\u00bb) || 0) + 1);                    }                });            });                          <\/p>\n<p>\u3010Best External CD \/ DVD Drive for Mac Laptop\u3011Most of the latest laptops and desktops are not equipped with an internal CD \/ DVD drive. This MOSWAG USB 3.0 external CD\/DVD drive is a perfect solution for most computers to read and write CDs and DVDs. No power is needed, just plug the data cable into the USB-A or USB-C port of your computer and insert your CDs or DVDs, it will install the driver and it will be recognized automatically.<br \/>\u30105Gbps Data Transfer\u3011MOSWAG supports a data transfer rate of up to 5Gbps (about 10 times that of USB 2.0). Efficient and stable for transferring files, playing videos or installing software. It is also backward compatible with USB 2.0\/1.0, meeting the connection needs of different devices.<br \/>\u3010Write Speed &#038; Read Speed\u3011Our MOSWAG CD drive adopts advanced recording technology, which supports up to 8x DVD-R write speed and 24x CD write speed, with equally excellent reading performance. It can quickly complete access to disc data, playback music\/video, software installation and file recording. Combined with powerful anti-interference design, it works stably and quietly, avoiding situations such as delay, noise, or disc jamming.<br \/>\u3010Plug &#038; Play\u3011With MOSWAG external drive, no external driver or power is needed, just insert the driver into the USB port of the device (it is recommended that desktops connect to the back port of the motherboard for stability), and the CD\/DVD discs can be recognized automatically, making reading, writing and booting easier. The operation is simple and convenient, suitable for various types of computing devices without built-in optical drives.<br \/>\u3010Easy to Carry &#038; Premium Design\u3011The external DVD drive adopts a slim and lightweight fashion design, the shell features brushed or non-slip textures and a built-in cable storage slot for easy carrying and minimal cable loss. The bottom non-slip rubber improves stability, making it easy to carry at home, for work or travel, meeting the needs of using CDs anytime and anywhere.<br \/>\u3010Wide Compatibility\u3011The USB DVD drive perfectly compatible with Windows (98\/SE\/ME\/2003\/XP\/Vista\/7\/8\/10\/11), Linux, and all versions of Mac OS (8.6 to 10.14), compatible with various devices such as laptops, desktops, MacBook, iMac, etc., supporting multiple disc formats such as CD-ROM, CD-R\/RW, DVD-. ROM, DVD \u00b1 R\/RW, DVD\u00b1RDL (Does not support Blu ray, 4K disks, Chromebooks, TVs, mobile phones, tablets)<\/p>\n\n","protected":false},"excerpt":{"rendered":"<p> Product Description Product Dimensions \u200f : \u200e 2.75 x 14 x 0.4 cm; 20 g<\/p>","protected":false},"featured_media":30565,"comment_status":"open","ping_status":"closed","template":"","meta":[],"product_brand":[],"product_cat":[70],"product_tag":[2109,2123,787,2117,795,8869,2121,2119,2111,1476,2105,2101,2113,2138,160,8868,891,290,2107,163,2225,913,288,133,2115,2103,537,2130],"class_list":{"0":"post-30564","1":"product","2":"type-product","3":"status-publish","4":"has-post-thumbnail","6":"product_cat-disc-drives","7":"product_tag-blu-ray-drive","8":"product_tag-cddvd","9":"product_tag-desktop","10":"product_tag-disc-drive-for-laptop","11":"product_tag-drive","12":"product_tag-duplicator","13":"product_tag-dvd","14":"product_tag-dvd-drive-price","15":"product_tag-dvd-writer","16":"product_tag-external","17":"product_tag-external-cd-drive","18":"product_tag-external-dvd-drive","19":"product_tag-external-optical-drive","20":"product_tag-linux","21":"product_tag-macbook","22":"product_tag-moswag","23":"product_tag-optical","24":"product_tag-portable","25":"product_tag-portable-disc-drive","26":"product_tag-pro","27":"product_tag-rewriter","28":"product_tag-rom","29":"product_tag-slim","30":"product_tag-usb","31":"product_tag-usb-cd-writer","32":"product_tag-usb-dvd-drive","33":"product_tag-windows","34":"product_tag-writer","36":"first","37":"instock","38":"sale","39":"shipping-taxable","40":"product-type-external"},"_links":{"self":[{"href":"https:\/\/comprasyconsejos.store\/en\/wp-json\/wp\/v2\/product\/30564","targetHints":{"allow":["GET"]}}],"collection":[{"href":"https:\/\/comprasyconsejos.store\/en\/wp-json\/wp\/v2\/product"}],"about":[{"href":"https:\/\/comprasyconsejos.store\/en\/wp-json\/wp\/v2\/types\/product"}],"replies":[{"embeddable":true,"href":"https:\/\/comprasyconsejos.store\/en\/wp-json\/wp\/v2\/comments?post=30564"}],"version-history":[{"count":0,"href":"https:\/\/comprasyconsejos.store\/en\/wp-json\/wp\/v2\/product\/30564\/revisions"}],"wp:featuredmedia":[{"embeddable":true,"href":"https:\/\/comprasyconsejos.store\/en\/wp-json\/wp\/v2\/media\/30565"}],"wp:attachment":[{"href":"https:\/\/comprasyconsejos.store\/en\/wp-json\/wp\/v2\/media?parent=30564"}],"wp:term":[{"taxonomy":"product_brand","embeddable":true,"href":"https:\/\/comprasyconsejos.store\/en\/wp-json\/wp\/v2\/product_brand?post=30564"},{"taxonomy":"product_cat","embeddable":true,"href":"https:\/\/comprasyconsejos.store\/en\/wp-json\/wp\/v2\/product_cat?post=30564"},{"taxonomy":"product_tag","embeddable":true,"href":"https:\/\/comprasyconsejos.store\/en\/wp-json\/wp\/v2\/product_tag?post=30564"}],"curies":[{"name":"wp","href":"https:\/\/api.w.org\/{rel}","templated":true}]}}