{"id":30578,"date":"2026-02-22T10:09:31","date_gmt":"2026-02-22T10:09:31","guid":{"rendered":"https:\/\/comprasyconsejos.store\/product\/cacao-venezuela-delta-pasta-de-cacao-pura-ceremonial-250g-chocolate-negro-100-puro-sin-azucar-para-fundir-y-reposteria-masa-de-cacao-sin-gluten-antioxidante-vegano\/"},"modified":"2026-02-22T10:13:22","modified_gmt":"2026-02-22T10:13:22","slug":"cacao-venezuela-delta-pasta-de-cacao-pura-ceremonial-250g-chocolate-negro-100-puro-sin-azucar-para-fundir-y-reposteria-masa-de-cacao-sin-gluten-antioxidante-vegano","status":"publish","type":"product","link":"https:\/\/comprasyconsejos.store\/en\/product\/cacao-venezuela-delta-pasta-de-cacao-pura-ceremonial-250g-chocolate-negro-100-puro-sin-azucar-para-fundir-y-reposteria-masa-de-cacao-sin-gluten-antioxidante-vegano\/","title":{"rendered":"Cacao Venezuela Delta Pasta De Cacao Pura Ceremonial 250g &#8211; Chocolate Negro 100% Puro sin Az\u00facar para Fundir y Reposteria &#8211; Masa De Cacao Sin Gluten, Antioxidante, Vegano"},"content":{"rendered":"<p>&#8211; Cacao ceremonial puro: Descubra el sabor aut\u00e9ntico y puro del cacao ceremonial, cuidadosamente seleccionado para preservar su calidad premium. Este cacao es vegano, sin GMO y sin gluten, ideal para ceremonias o rituales.<br \/>\n&#8211; Chocolate negro 100% puro: Nuestro chocolate en pasta es vegano, sin gluten y sin az\u00facar. Rico en flavonoides, es ideal para quienes buscan un chocolate puro sin comprometer el sabor y la calidad.<br \/>\n&#8211; IDEAL PARA comer directamente, elaborar tabletas de chocolate 100%, chocolate a la taza, tartas, helados, cremas de chocolate, cervezas, topping en helados, yogures, bebidas, cereales, mueslis y granolas. Tambi\u00e9n para la elaboraci\u00f3n de batidos proteicos, postres fitness, salsas de autor, en masas para tartas, bizcochos y galletas.<br \/>\n&#8211; MUY RECOMENDADA para aquellos chocolateros que quieran partir de la pasta de cacao en la elaboraci\u00f3n de chocolates de alta gama que requieren or\u00edgenes varietales especiales y de gran calidad arom\u00e1tica. Nuestras pastas de cacao puro 100% est\u00e1n libres de gluten, no contiene az\u00facar a\u00f1adido y son 100% veganas<br \/>\n&#8211; INGREDIENTES: Pasta de cacao 100% en trocitos. Se obtiene por la desintegraci\u00f3n mec\u00e1nica de granos de cacao, sin extraerle sus componentes ni a\u00f1adirle ning\u00fan tipo de elemento.<\/p>","protected":false},"excerpt":{"rendered":"<p>&#8211; Cacao ceremonial puro: Descubra el sabor aut\u00e9ntico y puro del cacao ceremonial, cuidadosamente seleccionado para preservar su calidad premium.<\/p>","protected":false},"featured_media":30602,"comment_status":"open","ping_status":"closed","template":"","meta":[],"product_brand":[],"product_cat":[101],"product_tag":[],"class_list":{"0":"post-30578","1":"product","2":"type-product","3":"status-publish","4":"has-post-thumbnail","6":"product_cat-accessories","8":"first","9":"instock","10":"sale","11":"shipping-taxable","12":"product-type-external"},"_links":{"self":[{"href":"https:\/\/comprasyconsejos.store\/en\/wp-json\/wp\/v2\/product\/30578","targetHints":{"allow":["GET"]}}],"collection":[{"href":"https:\/\/comprasyconsejos.store\/en\/wp-json\/wp\/v2\/product"}],"about":[{"href":"https:\/\/comprasyconsejos.store\/en\/wp-json\/wp\/v2\/types\/product"}],"replies":[{"embeddable":true,"href":"https:\/\/comprasyconsejos.store\/en\/wp-json\/wp\/v2\/comments?post=30578"}],"version-history":[{"count":0,"href":"https:\/\/comprasyconsejos.store\/en\/wp-json\/wp\/v2\/product\/30578\/revisions"}],"wp:featuredmedia":[{"embeddable":true,"href":"https:\/\/comprasyconsejos.store\/en\/wp-json\/wp\/v2\/media\/30602"}],"wp:attachment":[{"href":"https:\/\/comprasyconsejos.store\/en\/wp-json\/wp\/v2\/media?parent=30578"}],"wp:term":[{"taxonomy":"product_brand","embeddable":true,"href":"https:\/\/comprasyconsejos.store\/en\/wp-json\/wp\/v2\/product_brand?post=30578"},{"taxonomy":"product_cat","embeddable":true,"href":"https:\/\/comprasyconsejos.store\/en\/wp-json\/wp\/v2\/product_cat?post=30578"},{"taxonomy":"product_tag","embeddable":true,"href":"https:\/\/comprasyconsejos.store\/en\/wp-json\/wp\/v2\/product_tag?post=30578"}],"curies":[{"name":"wp","href":"https:\/\/api.w.org\/{rel}","templated":true}]}}