{"id":30590,"date":"2026-02-22T10:10:42","date_gmt":"2026-02-22T10:10:42","guid":{"rendered":"https:\/\/comprasyconsejos.store\/product\/displayport-cable-60hzdisplayport-cable-displayport-cable-for-pc-4k-2khigh-speed-refresh-rate-gaming-monitor-cable-5-9ft-for-graphics-card\/"},"modified":"2026-02-22T10:10:53","modified_gmt":"2026-02-22T10:10:53","slug":"displayport-cable-60hzdisplayport-cable-displayport-cable-for-pc-4k-2khigh-speed-refresh-rate-gaming-monitor-cable-5-9ft-for-graphics-card","status":"publish","type":"product","link":"https:\/\/comprasyconsejos.store\/en\/product\/displayport-cable-60hzdisplayport-cable-displayport-cable-for-pc-4k-2khigh-speed-refresh-rate-gaming-monitor-cable-5-9ft-for-graphics-card\/","title":{"rendered":"Displayport Cable 60Hz,DisplayPort Cable | Displayport Cable for PC 4K 2K,High Speed Refresh Rate Gaming Monitor Cable 5.9ft for Graphics Card"},"content":{"rendered":"<p>Price: <span style=\"color:#b12704\">\u20ac3.99<\/span><br \/><i><small>(as of Feb 22, 2026 10:10:42 UTC &#8211; <span class=\"wp_automatic_amazon_disclaimer\" title=\"Product prices and availability are accurate as of the date\/time indicated and are subject to change. Any price and availability information displayed on [relevant Amazon Site(s), as applicable] at the time of purchase will apply to the purchase of this product.\">Details<\/span>)<\/small><\/i><\/p>\n<p><a href=\"https:\/\/amazon.es\/dp\/B0DPBFCNKM?tag=man008-21\"><img decoding=\"async\" src=\"https:\/\/valvepress.s3.amazonaws.com\/imgs\/buy_now.png\"><\/a><br \/>\n<\/p>\n<p>                                             Product Description   <\/p>\n<h3 class=\"a-spacing-mini\"> Cable Displayport 60Hz,Cable DisplayPort <\/h3>\n<p>                                          <img decoding=\"async\" alt=\"Cable Displayport 60Hz,Cable DisplayPort\" src=\"https:\/\/images-na.ssl-images-amazon.com\/images\/G\/01\/x-locale\/common\/grey-pixel.gif\" class=\"a-spacing-base a-lazy-loaded\" data-src=\"https:\/\/m.media-amazon.com\/images\/S\/aplus-media\/sc\/1415fc07-d889-4404-969a-430d1dd30ae3.__CR0,0,970,600_PT0_SX970_V1___.jpg\"><img decoding=\"async\" alt=\"Cable Displayport 60Hz,Cable DisplayPort\" src=\"https:\/\/m.media-amazon.com\/images\/S\/aplus-media\/sc\/1415fc07-d889-4404-969a-430d1dd30ae3.__CR0,0,970,600_PT0_SX970_V1___.jpg\">                                                                    <\/p>\n<p> Experimente una visualizaci\u00f3n y juegos claros con nuestro cable DisplayPort de alta frecuencia de actualizaci\u00f3n. Muestre perfectamente la calidad de im\u00e1genes en movimiento y mejore los detalles en juegos en computadoras port\u00e1tiles y de escritorio. El triple blindaje garantiza que no haya interferencias y ya no es f\u00e1cil de romper. <\/p>\n<p> Nombre del producto: cable displayport 4k <\/p>\n<p> Interfaz: niquelado <\/p>\n<p> N\u00facleo del alambre: cobre esta\u00f1ado <\/p>\n<p> DE: 6,0 <\/p>\n<p> Blindaje: trenzado m\u00e1s l\u00e1mina de aluminio. <\/p>\n<p> Peso neto: 0,10 KG <\/p>\n<p> Longitud del cable: 1,8 metros\/5,9 pies <\/p>\n<p> lista: <\/p>\n<p> Cable Displayport 4k * 1 pieza <\/p>\n<p> Package Dimensions                                            \u200f                                            :                                            \u200e                                            22 x 18 x 2 cm; 167.83 g   <br \/> Date First Available                                            \u200f                                            :                                            \u200e                                            29 Nov. 2024   <br \/> Manufacturer                                            \u200f                                            :                                            \u200e                                            Walopola   <br \/> ASIN                                            \u200f                                            :                                            \u200e                                            B0DPBFCNKM   <br \/> Item model number                                            \u200f                                            :                                            \u200e                                            SQD6GBM1BSNXA48ZICU   <br \/> Country of origin                                            \u200f                                            :                                            \u200e                                            China   <br \/>       Best Sellers Rank:  996 in DisplayPort Cables       <\/p>\n<p>Great images: Revolutionize your display settings with our 4k DisplayPort cable. Support high resolution and refresh rate to get good pictures. Enjoy excellent image quality and perfectly visualized moving images with smooth motion sequences<br \/>Enhance gaming details: Enhance your gaming experience with our Displayport 4k cable. Enhance game details, optimize darker visuals, and maximize graphics and monitor performance for in-game clarity.<br \/>MAXIMUM SIGNAL RELIABILITY Flexible cable with metal connectors ensures that even bent wires will not affect normal transmission, providing good and stable signal transfer.<br \/>Wide Uses Connects and plays with laptops, desktops, HDTVs, monitors and gaming graphics cards, alleviating any hassle with compatibility issues.<br \/>&#038; Flexible &#8211; Our displayport 4k cable ensures enhanced stability in data transmission by adopting multi-shielding design and soft, sturdy materials. Say goodbye to frequent cable changes<\/p>\n\n","protected":false},"excerpt":{"rendered":"<p> Product Description Cable Displayport 60Hz,Cable DisplayPort Experimente una visualizaci\u00f3n y juegos claros con nuestro cable<\/p>","protected":false},"featured_media":30591,"comment_status":"open","ping_status":"closed","template":"","meta":[],"product_brand":[],"product_cat":[69],"product_tag":[8875,8876,8874,182,1420,2047,1099,2044,617,644,2052,2037,844,2054,2046,2049,1794,1793,198,2050,2042,2040],"class_list":{"0":"post-30590","1":"product","2":"type-product","3":"status-publish","4":"has-post-thumbnail","6":"product_cat-cables-adapters","7":"product_tag-2khigh","8":"product_tag-5-9ft","9":"product_tag-60hzdisplayport","10":"product_tag-cable","11":"product_tag-card","12":"product_tag-charging-cable","13":"product_tag-displayport","14":"product_tag-displayport-cable","15":"product_tag-gaming","16":"product_tag-graphics","17":"product_tag-hdmi-adapter","18":"product_tag-hdmi-cable","19":"product_tag-monitor","20":"product_tag-multiport-adapter","21":"product_tag-network-cable","22":"product_tag-power-cable","23":"product_tag-rate","24":"product_tag-refresh","25":"product_tag-speed","26":"product_tag-usb-adapter","27":"product_tag-usb-c-cable","28":"product_tag-usb-cable","30":"first","31":"instock","32":"shipping-taxable","33":"product-type-external"},"_links":{"self":[{"href":"https:\/\/comprasyconsejos.store\/en\/wp-json\/wp\/v2\/product\/30590","targetHints":{"allow":["GET"]}}],"collection":[{"href":"https:\/\/comprasyconsejos.store\/en\/wp-json\/wp\/v2\/product"}],"about":[{"href":"https:\/\/comprasyconsejos.store\/en\/wp-json\/wp\/v2\/types\/product"}],"replies":[{"embeddable":true,"href":"https:\/\/comprasyconsejos.store\/en\/wp-json\/wp\/v2\/comments?post=30590"}],"version-history":[{"count":0,"href":"https:\/\/comprasyconsejos.store\/en\/wp-json\/wp\/v2\/product\/30590\/revisions"}],"wp:featuredmedia":[{"embeddable":true,"href":"https:\/\/comprasyconsejos.store\/en\/wp-json\/wp\/v2\/media\/30591"}],"wp:attachment":[{"href":"https:\/\/comprasyconsejos.store\/en\/wp-json\/wp\/v2\/media?parent=30590"}],"wp:term":[{"taxonomy":"product_brand","embeddable":true,"href":"https:\/\/comprasyconsejos.store\/en\/wp-json\/wp\/v2\/product_brand?post=30590"},{"taxonomy":"product_cat","embeddable":true,"href":"https:\/\/comprasyconsejos.store\/en\/wp-json\/wp\/v2\/product_cat?post=30590"},{"taxonomy":"product_tag","embeddable":true,"href":"https:\/\/comprasyconsejos.store\/en\/wp-json\/wp\/v2\/product_tag?post=30590"}],"curies":[{"name":"wp","href":"https:\/\/api.w.org\/{rel}","templated":true}]}}