{"id":30607,"date":"2026-02-22T10:14:39","date_gmt":"2026-02-22T10:14:39","guid":{"rendered":"https:\/\/comprasyconsejos.store\/product\/mars-gaming-mf-3a-kit-3x-fdb-ultra-quiet-120mm-fans-argb-rainbow-lighting-360o-frameless-3in1-ventilators-with-full-argb-compatibility-double-argb-male-female-connector-black\/"},"modified":"2026-02-22T10:14:46","modified_gmt":"2026-02-22T10:14:46","slug":"mars-gaming-mf-3a-kit-3x-fdb-ultra-quiet-120mm-fans-argb-rainbow-lighting-360o-frameless-3in1-ventilators-with-full-argb-compatibility-double-argb-male-female-connector-black","status":"publish","type":"product","link":"https:\/\/comprasyconsejos.store\/en\/product\/mars-gaming-mf-3a-kit-3x-fdb-ultra-quiet-120mm-fans-argb-rainbow-lighting-360o-frameless-3in1-ventilators-with-full-argb-compatibility-double-argb-male-female-connector-black\/","title":{"rendered":"Mars Gaming MF-3A, Kit 3x FDB Ultra-Quiet 120mm Fans, ARGB Rainbow Lighting 360\u00ba Frameless, 3in1 Ventilators with Full ARGB Compatibility, Double ARGB Male + Female Connector, Black"},"content":{"rendered":"<p>Price: <span style=\"color:#b12704\"><del>\u20ac14.90<\/del> - \u20ac12.31<\/span><br \/><i><small>(as of Feb 22, 2026 10:14:39 UTC &#8211; <span class=\"wp_automatic_amazon_disclaimer\" title=\"Product prices and availability are accurate as of the date\/time indicated and are subject to change. Any price and availability information displayed on [relevant Amazon Site(s), as applicable] at the time of purchase will apply to the purchase of this product.\">Details<\/span>)<\/small><\/i><\/p>\n<p><a href=\"https:\/\/amazon.es\/dp\/B0D5HKRZ1K?tag=man008-21\"><img decoding=\"async\" src=\"https:\/\/valvepress.s3.amazonaws.com\/imgs\/buy_now.png\"><\/a><br \/>\n<\/p>\n<p>                                             From the manufacturer   <\/p>\n<p>                                                                             <img decoding=\"async\" alt=\"ventilador pc 80mm  ventilador pc 120mm ventilador 120mm pc ventilador ordenador ventilador 140mm\" src=\"https:\/\/images-na.ssl-images-amazon.com\/images\/G\/01\/x-locale\/common\/grey-pixel.gif\" class=\"a-spacing-base a-lazy-loaded\" data-src=\"https:\/\/m.media-amazon.com\/images\/S\/aplus-media-library-service-media\/4a0d8db2-7991-40fa-ae04-fadee3dd9abc.__CR0,0,1940,1200_PT0_SX970_V1___.jpg\"><img decoding=\"async\" alt=\"ventilador pc 80mm  ventilador pc 120mm ventilador 120mm pc ventilador ordenador ventilador 140mm\" src=\"https:\/\/m.media-amazon.com\/images\/S\/aplus-media-library-service-media\/4a0d8db2-7991-40fa-ae04-fadee3dd9abc.__CR0,0,1940,1200_PT0_SX970_V1___.jpg\">                                                                    <\/p>\n<p>                                                                             <img decoding=\"async\" alt=\"ventilador pc 80mm  ventilador pc 120mm ventilador 120mm pc ventilador ordenador ventilador 140mm\" src=\"https:\/\/images-na.ssl-images-amazon.com\/images\/G\/01\/x-locale\/common\/grey-pixel.gif\" class=\"a-spacing-base a-lazy-loaded\" data-src=\"https:\/\/m.media-amazon.com\/images\/S\/aplus-media-library-service-media\/68878af0-2e0b-45ff-b732-c0b685f3ab38.__CR0,10,4881,3019_PT0_SX970_V1___.jpg\"><img decoding=\"async\" alt=\"ventilador pc 80mm  ventilador pc 120mm ventilador 120mm pc ventilador ordenador ventilador 140mm\" src=\"https:\/\/m.media-amazon.com\/images\/S\/aplus-media-library-service-media\/68878af0-2e0b-45ff-b732-c0b685f3ab38.__CR0,10,4881,3019_PT0_SX970_V1___.jpg\">                                                                    <\/p>\n<p class=\"apm-text-center\">\n                                                      <img decoding=\"async\" alt=\"altavoz potente port\u00e1til accesorios gaming pc mini altavoz colunas altavoces usb para de som coluna\" src=\"https:\/\/images-na.ssl-images-amazon.com\/images\/G\/01\/x-locale\/common\/grey-pixel.gif\" class=\"a-lazy-loaded\" data-src=\"https:\/\/m.media-amazon.com\/images\/S\/aplus-media-library-service-media\/12620916-58b0-48c2-8855-b0fd1925dd70.__CR0,0,2000,2000_PT0_SX220_V1___.jpg\"><img decoding=\"async\" alt=\"altavoz potente port\u00e1til accesorios gaming pc mini altavoz colunas altavoces usb para de som coluna\" src=\"https:\/\/m.media-amazon.com\/images\/S\/aplus-media-library-service-media\/12620916-58b0-48c2-8855-b0fd1925dd70.__CR0,0,2000,2000_PT0_SX220_V1___.jpg\">  <\/p>\n<p>                                                    POTENTE ILUMINACI\u00d3N 360\u00ba SIN MARCOSISTEMA DE SONIDO 2.1                                        <\/p>\n<p class=\"a-size-small\"> \u00a1Transforma tu PC en un espect\u00e1culo de luz con los ventiladores ARGB MF-3A! <\/p>\n<p class=\"a-size-small\"> Con un innovador dise\u00f1o sin marco externo, reforzados \u00fanicamente en las esquinas estos ventiladores de 120mm ofrecen una iluminaci\u00f3n completa y envolvente en 360 grados. <\/p>\n<p class=\"a-size-small\"> Este dise\u00f1o no solo realza la est\u00e9tica de tu PC, sino que tambi\u00e9n optimiza el flujo de aire, asegurando un rendimiento de refrigeraci\u00f3n superior. <\/p>\n<p class=\"apm-text-center\">\n                                                      <img decoding=\"async\" alt=\"ventilador pc 80mm  ventilador pc 120mm ventilador 120mm pc ventilador ordenador ventilador 140mm\" src=\"https:\/\/images-na.ssl-images-amazon.com\/images\/G\/01\/x-locale\/common\/grey-pixel.gif\" class=\"a-lazy-loaded\" data-src=\"https:\/\/m.media-amazon.com\/images\/S\/aplus-media-library-service-media\/edf33473-5178-4c68-93d3-2cffc97e6128.__CR0,0,2000,2000_PT0_SX220_V1___.jpg\"><img decoding=\"async\" alt=\"ventilador pc 80mm  ventilador pc 120mm ventilador 120mm pc ventilador ordenador ventilador 140mm\" src=\"https:\/\/m.media-amazon.com\/images\/S\/aplus-media-library-service-media\/edf33473-5178-4c68-93d3-2cffc97e6128.__CR0,0,2000,2000_PT0_SX220_V1___.jpg\">  <\/p>\n<p>                                                    ILUMINACI\u00d3N ARGB RAINBOW                                     <\/p>\n<p class=\"a-size-small\"> Este kit de 3 ventiladores de 120mm cuenta con un sistema de iluminaci\u00f3n ARGB Rainbow que llenar\u00e1 tu setup de colores vibrantes y en constante cambio. <\/p>\n<p class=\"a-size-small\"> Cada rinc\u00f3n de tu PC estar\u00e1 iluminado, creando un ambiente \u00fanico. Disfruta de una iluminaci\u00f3n ARGB Rainbow autom\u00e1tica o con\u00e9ctala a una placa base o controladora ARGB para una iluminaci\u00f3n completamente personalizada. <\/p>\n<p class=\"a-size-small\"> \u00a1Haz que tu PC destaque como nunca! <\/p>\n<p class=\"apm-text-center\">\n                                                      <img decoding=\"async\" alt=\"ventilador pc 80mm  ventilador pc 120mm ventilador 120mm pc ventilador ordenador ventilador 140mm\" src=\"https:\/\/images-na.ssl-images-amazon.com\/images\/G\/01\/x-locale\/common\/grey-pixel.gif\" class=\"a-lazy-loaded\" data-src=\"https:\/\/m.media-amazon.com\/images\/S\/aplus-media-library-service-media\/4a35d661-52bf-4191-a406-d01ad87115e6.__CR0,0,2000,2000_PT0_SX220_V1___.jpg\"><img decoding=\"async\" alt=\"ventilador pc 80mm  ventilador pc 120mm ventilador 120mm pc ventilador ordenador ventilador 140mm\" src=\"https:\/\/m.media-amazon.com\/images\/S\/aplus-media-library-service-media\/4a35d661-52bf-4191-a406-d01ad87115e6.__CR0,0,2000,2000_PT0_SX220_V1___.jpg\">  <\/p>\n<p>                                                    COMPATIBILIDAD TOTAL ARGB                                     <\/p>\n<p class=\"a-size-small\"> Con conector 3pin 5V ARGB, los ventiladores 120mm del kit MF-3\u00aa son compatibles con Asus Aura Sync, Mystic Light Sync, RGB Fusion y controladoras ARGB, facilitando la integraci\u00f3n con cualquier sistema de iluminaci\u00f3n ARGB. <\/p>\n<p class=\"a-size-small\"> Sincroniza los efectos de luz con los componentes de tu PC y crea una experiencia de iluminaci\u00f3n personalizada que refleje tu estilo \u00fanico. <\/p>\n<p class=\"apm-text-center\">\n                                                      <img decoding=\"async\" alt=\"ventilador pc 80mm  ventilador pc 120mm ventilador 120mm pc ventilador ordenador ventilador 140mm\" src=\"https:\/\/images-na.ssl-images-amazon.com\/images\/G\/01\/x-locale\/common\/grey-pixel.gif\" class=\"a-lazy-loaded\" data-src=\"https:\/\/m.media-amazon.com\/images\/S\/aplus-media-library-service-media\/6d831503-6da5-470e-a91e-6240da5cbd3f.__CR0,0,2000,2000_PT0_SX220_V1___.jpg\"><img decoding=\"async\" alt=\"ventilador pc 80mm  ventilador pc 120mm ventilador 120mm pc ventilador ordenador ventilador 140mm\" src=\"https:\/\/m.media-amazon.com\/images\/S\/aplus-media-library-service-media\/6d831503-6da5-470e-a91e-6240da5cbd3f.__CR0,0,2000,2000_PT0_SX220_V1___.jpg\">  <\/p>\n<p>                                                    TECNOLOG\u00cdA FDB. FUNCIONAMIENTO ULTRASILENCIOSO                                        <\/p>\n<p class=\"a-size-small\"> Disfruta de un rendimiento ultrasilencioso con la tecnolog\u00eda de rodamientos Fluid Dynamic Bearing (FDB) y los pads antivibraci\u00f3n de los ventiladores MF-3A, dise\u00f1ados para ofrecer la m\u00e1xima eficiencia con el m\u00ednimo ruido. <\/p>\n<p class=\"a-size-small\"> La suavidad y fiabilidad de los rodamientos FDB garantizan una vida \u00fatil prolongada para tus ventiladores, brind\u00e1ndote tranquilidad y durabilidad. <\/p>\n<p>                                                  <img decoding=\"async\" alt=\"ventilador pc 80mm  ventilador pc 120mm ventilador 120mm pc ventilador ordenador ventilador 140mm\" src=\"https:\/\/images-na.ssl-images-amazon.com\/images\/G\/01\/x-locale\/common\/grey-pixel.gif\" class=\"a-lazy-loaded\" data-src=\"https:\/\/m.media-amazon.com\/images\/S\/aplus-media-library-service-media\/9f1edb56-cf51-4a37-bb57-b3c37b469e56.__CR0,0,1940,600_PT0_SX970_V1___.png\"><img decoding=\"async\" alt=\"ventilador pc 80mm  ventilador pc 120mm ventilador 120mm pc ventilador ordenador ventilador 140mm\" src=\"https:\/\/m.media-amazon.com\/images\/S\/aplus-media-library-service-media\/9f1edb56-cf51-4a37-bb57-b3c37b469e56.__CR0,0,1940,600_PT0_SX970_V1___.png\">  <\/p>\n<p> Product Dimensions                                            \u200f                                            :                                            \u200e                                            12 x 12 x 2.5 cm; 100 g   <br \/> Manufacturer                                            \u200f                                            :                                            \u200e                                            Mars Gaming   <br \/> ASIN                                            \u200f                                            :                                            \u200e                                            B0D5HKRZ1K   <br \/> Item model number                                            \u200f                                            :                                            \u200e                                            MF3A   <br \/> Country of origin                                            \u200f                                            :                                            \u200e                                            Spain   <br \/> Guaranteed software updates until                                            \u200f                                            :                                            \u200e                                            unknown   <br \/>  Customer reviews:                                                                                            4.3               4.3 out of 5 stars                                  (53)                                              var dpAcrHasRegisteredArcLinkClickAction;                    P.when(&#8216;A&#8217;, &#8216;ready&#8217;).execute(function(A) {                        if (dpAcrHasRegisteredArcLinkClickAction !== true) {                            dpAcrHasRegisteredArcLinkClickAction = true;                            A.declarative(                                &#8216;acrLink-click-metrics&#8217;, &#8216;click&#8217;,                                { \u00aballowLinkDefault\u00bb: true },                                function (event) {                                    if (window.ue) {                                        ue.count(\u00abacrLinkClickCount\u00bb, (ue.count(\u00abacrLinkClickCount\u00bb) || 0) + 1);                                    }                                }                            );                        }                    });                                             P.when(&#8216;A&#8217;, &#8216;cf&#8217;).execute(function(A) {                A.declarative(&#8216;acrStarsLink-click-metrics&#8217;, &#8216;click&#8217;, { \u00aballowLinkDefault\u00bb : true },  function(event){                    if(window.ue) {                        ue.count(\u00abacrStarsLinkWithPopoverClickCount\u00bb, (ue.count(\u00abacrStarsLinkWithPopoverClickCount\u00bb) || 0) + 1);                    }                });            });                          <\/p>\n<p>360\u00ba UNFRAMED LIGHTING: ARGB MF-3A fans feature an innovative external frameless design, only reinforced in the corners, offering full and immersive 360\u00b0 illumination, enhancing the aesthetics of your PC and optimizing airflow<br \/>RAINBOW ARGB LIGHTING: The MF-3A 120mm 3-fan kit features an ARGB Rainbow lighting system with vibrant, ever-changing colors; Enjoy automatic ARGB Rainbow lighting or connect it to a motherboard or ARGB controller to customize it<br \/>FULL ARGB COMPATIBILITY: With 3pin 5V ARGB connector, the MF-3A computer fans are compatible with Asus Aura Sync, Mystic Light Sync, RGB Fusion and ARGB controllers, making it easy to integrate with any ARGB lighting system<br \/>ULTRASILENT FDB TECHNOLOGY: Enjoy ultra-quiet performance with Fluid Dynamic Bearing (FDB) technology and anti-vibration pads of MF-3A PC fans, designed to deliver maximum efficiency with minimal noise, ensuring a long service life<br \/>QUICK AND SIMPLE CONNECTION: Simplify the connection process and enjoy a quick setup thanks to the dual ARGB connector (male + female) of FDB MF-3A fans, making cable management easier and keeping your setup clean and organized<\/p>\n\n","protected":false},"excerpt":{"rendered":"<p> From the manufacturer POTENTE ILUMINACI\u00d3N 360\u00ba SIN MARCOSISTEMA DE SONIDO 2.1 \u00a1Transforma tu PC en<\/p>","protected":false},"featured_media":30608,"comment_status":"open","ping_status":"closed","template":"","meta":[],"product_brand":[],"product_cat":[65],"product_tag":[1381,2003,2005,8878,237,1568,2013,307,1998,2458,2015,314,2009,3984,1378,5043,2212,2269,560,617,2011,1539,316,2211,5574,8877,2000,2007,1076,2001,7714,8879],"class_list":{"0":"post-30607","1":"product","2":"type-product","3":"status-publish","4":"has-post-thumbnail","6":"product_cat-case-fan","7":"product_tag-120mm","8":"product_tag-120mm-case-fan","9":"product_tag-140mm-case-fan","10":"product_tag-360o","11":"product_tag-3in1","12":"product_tag-argb","13":"product_tag-best-case-fan","14":"product_tag-black","15":"product_tag-case-fan","16":"product_tag-compatibility","17":"product_tag-computer-cooling-fan","18":"product_tag-connector","19":"product_tag-cooling-fan-for-pc","20":"product_tag-double","21":"product_tag-fans","22":"product_tag-fdb","23":"product_tag-female","24":"product_tag-frameless","25":"product_tag-full","26":"product_tag-gaming","27":"product_tag-high-airflow-case-fan","28":"product_tag-kit","29":"product_tag-lighting","30":"product_tag-male","31":"product_tag-mars","32":"product_tag-mf3a","33":"product_tag-pc-case-fan","34":"product_tag-quiet-case-fan","35":"product_tag-rainbow","36":"product_tag-rgb-case-fan","37":"product_tag-ultraquiet","38":"product_tag-ventilators","40":"first","41":"instock","42":"sale","43":"shipping-taxable","44":"product-type-external"},"_links":{"self":[{"href":"https:\/\/comprasyconsejos.store\/en\/wp-json\/wp\/v2\/product\/30607","targetHints":{"allow":["GET"]}}],"collection":[{"href":"https:\/\/comprasyconsejos.store\/en\/wp-json\/wp\/v2\/product"}],"about":[{"href":"https:\/\/comprasyconsejos.store\/en\/wp-json\/wp\/v2\/types\/product"}],"replies":[{"embeddable":true,"href":"https:\/\/comprasyconsejos.store\/en\/wp-json\/wp\/v2\/comments?post=30607"}],"version-history":[{"count":0,"href":"https:\/\/comprasyconsejos.store\/en\/wp-json\/wp\/v2\/product\/30607\/revisions"}],"wp:featuredmedia":[{"embeddable":true,"href":"https:\/\/comprasyconsejos.store\/en\/wp-json\/wp\/v2\/media\/30608"}],"wp:attachment":[{"href":"https:\/\/comprasyconsejos.store\/en\/wp-json\/wp\/v2\/media?parent=30607"}],"wp:term":[{"taxonomy":"product_brand","embeddable":true,"href":"https:\/\/comprasyconsejos.store\/en\/wp-json\/wp\/v2\/product_brand?post=30607"},{"taxonomy":"product_cat","embeddable":true,"href":"https:\/\/comprasyconsejos.store\/en\/wp-json\/wp\/v2\/product_cat?post=30607"},{"taxonomy":"product_tag","embeddable":true,"href":"https:\/\/comprasyconsejos.store\/en\/wp-json\/wp\/v2\/product_tag?post=30607"}],"curies":[{"name":"wp","href":"https:\/\/api.w.org\/{rel}","templated":true}]}}