{"id":30627,"date":"2026-02-22T10:17:58","date_gmt":"2026-02-22T10:17:58","guid":{"rendered":"https:\/\/comprasyconsejos.store\/product\/czur-lens-1200-pro-portable-document-scanner-with-multilingual-ocr-mobile-scanner-capture-size-a4-60ppm-12mp-usb-2-0-document-camera-for-remote-learning-black\/"},"modified":"2026-02-22T10:18:03","modified_gmt":"2026-02-22T10:18:03","slug":"czur-lens-1200-pro-portable-document-scanner-with-multilingual-ocr-mobile-scanner-capture-size-a4-60ppm-12mp-usb-2-0-document-camera-for-remote-learning-black","status":"publish","type":"product","link":"https:\/\/comprasyconsejos.store\/en\/product\/czur-lens-1200-pro-portable-document-scanner-with-multilingual-ocr-mobile-scanner-capture-size-a4-60ppm-12mp-usb-2-0-document-camera-for-remote-learning-black\/","title":{"rendered":"CZUR Lens 1200 Pro Portable Document Scanner with Multilingual OCR Mobile Scanner Capture Size A4, 60ppm, 12MP USB 2.0 Document Camera for Remote Learning, Black"},"content":{"rendered":"<p>Price: <span style=\"color:#b12704\">\u20ac119.00<\/span><br \/><i><small>(as of Feb 22, 2026 10:17:58 UTC &#8211; <span class=\"wp_automatic_amazon_disclaimer\" title=\"Product prices and availability are accurate as of the date\/time indicated and are subject to change. Any price and availability information displayed on [relevant Amazon Site(s), as applicable] at the time of purchase will apply to the purchase of this product.\">Details<\/span>)<\/small><\/i><\/p>\n<p><a href=\"https:\/\/amazon.es\/dp\/B09ZNS9MGB?tag=man008-21\"><img decoding=\"async\" src=\"https:\/\/valvepress.s3.amazonaws.com\/imgs\/buy_now.png\"><\/a><br \/>\n<\/p>\n<p>                                             From the brand   <\/p>\n<p>                                              <img decoding=\"async\" alt=\"\" src=\"https:\/\/images-na.ssl-images-amazon.com\/images\/G\/01\/x-locale\/common\/grey-pixel.gif\" class=\"a-lazy-loaded\" data-src=\"https:\/\/m.media-amazon.com\/images\/S\/aplus-media-library-service-media\/633679f1-523d-4588-a133-791d0461e5ed.__CR0,0,1464,625_PT0_SX1464_V1___.jpg\"><img decoding=\"async\" alt=\"\" src=\"https:\/\/m.media-amazon.com\/images\/S\/aplus-media-library-service-media\/633679f1-523d-4588-a133-791d0461e5ed.__CR0,0,1464,625_PT0_SX1464_V1___.jpg\">  <\/p>\n<h3> Sobre CZUR <\/h3>\n<p> CZUR es una empresa de tecnolog\u00eda joven que combina la tecnolog\u00eda con el calor humano para una mejor experiencia de oficina. <\/p>\n<h3> Esc\u00e1neres de libros profesionales  <\/h3>\n<p class=\"apm-brand-story-stores-link\">\n<h3> Esc\u00e1ner de libros para oficina y hogar <\/h3>\n<p class=\"apm-brand-story-stores-link\">\n<h3> Actualizar esc\u00e1ner de documentos <\/h3>\n<p class=\"apm-brand-story-stores-link\">\n<h3> Esc\u00e1ner de documentos para principiantes <\/h3>\n<p class=\"apm-brand-story-stores-link\">\n<p>                                              <img decoding=\"async\" alt=\"\" src=\"https:\/\/images-na.ssl-images-amazon.com\/images\/G\/01\/x-locale\/common\/grey-pixel.gif\" class=\"a-lazy-loaded\" data-src=\"https:\/\/m.media-amazon.com\/images\/S\/aplus-media-library-service-media\/0cc44b41-3580-4bea-a69d-05bb35484e2a.__CR0,0,724,906_PT0_SX362_V1___.jpg\"><img decoding=\"async\" alt=\"\" src=\"https:\/\/m.media-amazon.com\/images\/S\/aplus-media-library-service-media\/0cc44b41-3580-4bea-a69d-05bb35484e2a.__CR0,0,724,906_PT0_SX362_V1___.jpg\">  <\/p>\n<p>                                              <img decoding=\"async\" alt=\"Czur\" src=\"https:\/\/images-na.ssl-images-amazon.com\/images\/G\/01\/x-locale\/common\/grey-pixel.gif\" class=\"a-lazy-loaded\" data-src=\"https:\/\/m.media-amazon.com\/images\/S\/aplus-media-library-service-media\/bc1892c1-bcf9-43f1-80e8-3c0e9b85c7e1.__CR0,0,724,906_PT0_SX362_V1___.jpg\"><img decoding=\"async\" alt=\"Czur\" src=\"https:\/\/m.media-amazon.com\/images\/S\/aplus-media-library-service-media\/bc1892c1-bcf9-43f1-80e8-3c0e9b85c7e1.__CR0,0,724,906_PT0_SX362_V1___.jpg\">  <\/p>\n<p>                                              <img decoding=\"async\" alt=\"el dise\u00f1o ganador del premio - dise\u00f1o ganador del premio - dise\u00f1o ganador del premio - dise\u00f1o ganador del premio - dise\u00f1o ganador del premio - dise\u00f1o ganador del premio\" src=\"https:\/\/images-na.ssl-images-amazon.com\/images\/G\/01\/x-locale\/common\/grey-pixel.gif\" class=\"a-lazy-loaded\" data-src=\"https:\/\/m.media-amazon.com\/images\/S\/aplus-media-library-service-media\/cf1fe146-7c85-4a8a-80d8-1f2b39d894f5.__CR0,0,724,906_PT0_SX362_V1___.jpg\"><img decoding=\"async\" alt=\"el dise\u00f1o ganador del premio - dise\u00f1o ganador del premio - dise\u00f1o ganador del premio - dise\u00f1o ganador del premio - dise\u00f1o ganador del premio - dise\u00f1o ganador del premio\" src=\"https:\/\/m.media-amazon.com\/images\/S\/aplus-media-library-service-media\/cf1fe146-7c85-4a8a-80d8-1f2b39d894f5.__CR0,0,724,906_PT0_SX362_V1___.jpg\">  <\/p>\n<p> Product Dimensions                                            \u200f                                            :                                            \u200e                                            10.49 x 7.85 x 35.26 cm; 420 g   <br \/> Manufacturer                                            \u200f                                            :                                            \u200e                                            CZUR   <br \/> ASIN                                            \u200f                                            :                                            \u200e                                            B09ZNS9MGB   <br \/> Item model number                                            \u200f                                            :                                            \u200e                                            1200   <br \/> Country\/Region of Origin                                            \u200f                                            :                                            \u200e                                            China   <br \/> Guaranteed software updates until                                            \u200f                                            :                                            \u200e                                            unknown   <br \/>  Customer reviews:                                                                                            4.3               4.3 out of 5 stars                                  (610)                                              var dpAcrHasRegisteredArcLinkClickAction;                    P.when(&#8216;A&#8217;, &#8216;ready&#8217;).execute(function(A) {                        if (dpAcrHasRegisteredArcLinkClickAction !== true) {                            dpAcrHasRegisteredArcLinkClickAction = true;                            A.declarative(                                &#8216;acrLink-click-metrics&#8217;, &#8216;click&#8217;,                                { \u00aballowLinkDefault\u00bb: true },                                function (event) {                                    if (window.ue) {                                        ue.count(\u00abacrLinkClickCount\u00bb, (ue.count(\u00abacrLinkClickCount\u00bb) || 0) + 1);                                    }                                }                            );                        }                    });                                             P.when(&#8216;A&#8217;, &#8216;cf&#8217;).execute(function(A) {                A.declarative(&#8216;acrStarsLink-click-metrics&#8217;, &#8216;click&#8217;, { \u00aballowLinkDefault\u00bb : true },  function(event){                    if(window.ue) {                        ue.count(\u00abacrStarsLinkWithPopoverClickCount\u00bb, (ue.count(\u00abacrStarsLinkWithPopoverClickCount\u00bb) || 0) + 1);                    }                });            });                          <\/p>\n<p>Portable Scanner: The CZUR Lens Pro portable document scanner folds up to 90\u00b0, shortens its length by 35 cm and weighs about 0.4 kg, making it easy to carry<br \/>Easy to use: The CZUR Lens Pro scanner only requires a USB-C cable to connect to a computer for use, allowing you to transfer power and data simultaneously<br \/>Document Camera: The Lens 1200 Pro scanner has 12MP HD resolution to capture A4 text in great detail and 330 DPI for greater scanning accuracy<br \/>OCR Recognition: The CZUR handheld scanner is equipped with OCR recognition for over 180 languages. Multiple objects can be scanned simultaneously and exported to independent files<br \/>System Compatibility: The Lens 1200 Pro dual-sided scanner supports XP\/Win7\/Win8\/Win10, 32 or 64-bit and MacOS 10.13 or later<\/p>\n\n","protected":false},"excerpt":{"rendered":"<p> From the brand Sobre CZUR CZUR es una empresa de tecnolog\u00eda joven que combina la<\/p>","protected":false},"featured_media":30628,"comment_status":"open","ping_status":"closed","template":"","meta":[],"product_brand":[],"product_cat":[60],"product_tag":[679,8882,1990,307,681,4794,4793,1996,1982,1989,1983,1986,8883,2160,1275,8881,6803,1987,1984,290,1985,163,2515,840,1991,1359,133,1988],"class_list":{"0":"post-30627","1":"product","2":"type-product","3":"status-publish","4":"has-post-thumbnail","6":"product_cat-scanners","7":"product_tag-12mp","8":"product_tag-60ppm","9":"product_tag-best-scanner","10":"product_tag-black","11":"product_tag-camera","12":"product_tag-capture","13":"product_tag-czur","14":"product_tag-document","15":"product_tag-document-scanner","16":"product_tag-fast-document-scanner","17":"product_tag-flatbed-scanner","18":"product_tag-high-resolution-scanner","19":"product_tag-learning","20":"product_tag-lens","21":"product_tag-mobile","22":"product_tag-multilingual","23":"product_tag-ocr","24":"product_tag-office-scanner","25":"product_tag-photo-scanner","26":"product_tag-portable","27":"product_tag-portable-scanner","28":"product_tag-pro","29":"product_tag-remote","30":"product_tag-scanner","31":"product_tag-scanner-price","32":"product_tag-size","33":"product_tag-usb","34":"product_tag-usb-scanner","36":"first","37":"instock","38":"shipping-taxable","39":"product-type-external"},"_links":{"self":[{"href":"https:\/\/comprasyconsejos.store\/en\/wp-json\/wp\/v2\/product\/30627","targetHints":{"allow":["GET"]}}],"collection":[{"href":"https:\/\/comprasyconsejos.store\/en\/wp-json\/wp\/v2\/product"}],"about":[{"href":"https:\/\/comprasyconsejos.store\/en\/wp-json\/wp\/v2\/types\/product"}],"replies":[{"embeddable":true,"href":"https:\/\/comprasyconsejos.store\/en\/wp-json\/wp\/v2\/comments?post=30627"}],"version-history":[{"count":0,"href":"https:\/\/comprasyconsejos.store\/en\/wp-json\/wp\/v2\/product\/30627\/revisions"}],"wp:featuredmedia":[{"embeddable":true,"href":"https:\/\/comprasyconsejos.store\/en\/wp-json\/wp\/v2\/media\/30628"}],"wp:attachment":[{"href":"https:\/\/comprasyconsejos.store\/en\/wp-json\/wp\/v2\/media?parent=30627"}],"wp:term":[{"taxonomy":"product_brand","embeddable":true,"href":"https:\/\/comprasyconsejos.store\/en\/wp-json\/wp\/v2\/product_brand?post=30627"},{"taxonomy":"product_cat","embeddable":true,"href":"https:\/\/comprasyconsejos.store\/en\/wp-json\/wp\/v2\/product_cat?post=30627"},{"taxonomy":"product_tag","embeddable":true,"href":"https:\/\/comprasyconsejos.store\/en\/wp-json\/wp\/v2\/product_tag?post=30627"}],"curies":[{"name":"wp","href":"https:\/\/api.w.org\/{rel}","templated":true}]}}