{"id":30637,"date":"2026-02-22T10:19:33","date_gmt":"2026-02-22T10:19:33","guid":{"rendered":"https:\/\/comprasyconsejos.store\/product\/hp-laserjet-mfp-m234sdn-6gx00f-multifunction-laser-printer-print-scan-copy-fast-ethernet-usb-2-0-smart-app-control-panel-with-led-buttons-white-and-grey\/"},"modified":"2026-02-22T10:19:46","modified_gmt":"2026-02-22T10:19:46","slug":"hp-laserjet-mfp-m234sdn-6gx00f-multifunction-laser-printer-print-scan-copy-fast-ethernet-usb-2-0-smart-app-control-panel-with-led-buttons-white-and-grey","status":"publish","type":"product","link":"https:\/\/comprasyconsejos.store\/en\/product\/hp-laserjet-mfp-m234sdn-6gx00f-multifunction-laser-printer-print-scan-copy-fast-ethernet-usb-2-0-smart-app-control-panel-with-led-buttons-white-and-grey\/","title":{"rendered":"HP LaserJet MFP M234sdn 6GX00F, Multifunction Laser Printer, Print, Scan, Copy, Fast Ethernet, USB 2.0, Smart App, Control Panel with LED Buttons, White and Grey"},"content":{"rendered":"<p>Price: <span style=\"color:#b12704\"><del>\u20ac163.00<\/del> - \u20ac153.67<\/span><br \/><i><small>(as of Feb 22, 2026 10:19:33 UTC &#8211; <span class=\"wp_automatic_amazon_disclaimer\" title=\"Product prices and availability are accurate as of the date\/time indicated and are subject to change. Any price and availability information displayed on [relevant Amazon Site(s), as applicable] at the time of purchase will apply to the purchase of this product.\">Details<\/span>)<\/small><\/i><\/p>\n<p><a href=\"https:\/\/amazon.es\/dp\/B08XNKJN6G?tag=man008-21\"><img decoding=\"async\" src=\"https:\/\/valvepress.s3.amazonaws.com\/imgs\/buy_now.png\"><\/a><br \/>\n<\/p>\n<p>                                             From the brand   <\/p>\n<p>                                              <img decoding=\"async\" alt=\"aplus content image\" src=\"https:\/\/images-na.ssl-images-amazon.com\/images\/G\/01\/x-locale\/common\/grey-pixel.gif\" class=\"a-lazy-loaded\" data-src=\"https:\/\/m.media-amazon.com\/images\/S\/aplus-media-library-service-media\/d89cc07b-056c-4d33-8132-7746c19daeac.__CR0,0,1464,625_PT0_SX1464_V1___.jpg\"><img decoding=\"async\" alt=\"aplus content image\" src=\"https:\/\/m.media-amazon.com\/images\/S\/aplus-media-library-service-media\/d89cc07b-056c-4d33-8132-7746c19daeac.__CR0,0,1464,625_PT0_SX1464_V1___.jpg\">  <\/p>\n<p>                                              <img decoding=\"async\" alt=\"aplus content image\" src=\"https:\/\/images-na.ssl-images-amazon.com\/images\/G\/01\/x-locale\/common\/grey-pixel.gif\" class=\"a-lazy-loaded\" data-src=\"https:\/\/m.media-amazon.com\/images\/S\/aplus-media-library-service-media\/2af03ca8-f335-412e-8397-106062ba1f80.__CR0,23,463,579_PT0_SX362_V1___.png\"><img decoding=\"async\" alt=\"aplus content image\" src=\"https:\/\/m.media-amazon.com\/images\/S\/aplus-media-library-service-media\/2af03ca8-f335-412e-8397-106062ba1f80.__CR0,23,463,579_PT0_SX362_V1___.png\">  <\/p>\n<h3> T\u00f3ner original HP <\/h3>\n<p class=\"apm-brand-story-stores-link\">\n<p>                                              <img decoding=\"async\" alt=\"aplus content image\" src=\"https:\/\/images-na.ssl-images-amazon.com\/images\/G\/01\/x-locale\/common\/grey-pixel.gif\" class=\"a-lazy-loaded\" data-src=\"https:\/\/m.media-amazon.com\/images\/S\/aplus-media-library-service-media\/46eb1b73-0480-431f-ae78-9de658509b2e.__CR0,23,463,579_PT0_SX362_V1___.png\"><img decoding=\"async\" alt=\"aplus content image\" src=\"https:\/\/m.media-amazon.com\/images\/S\/aplus-media-library-service-media\/46eb1b73-0480-431f-ae78-9de658509b2e.__CR0,23,463,579_PT0_SX362_V1___.png\">  <\/p>\n<h3> Papel HP <\/h3>\n<p class=\"apm-brand-story-stores-link\">\n<p>                                              <img decoding=\"async\" alt=\"El texto dice \u00abRispettiamo l&amp;#39;ambiente\u00bb con el logotipo de HP. Diagrama t\u00e9cnico que muestra varios s\u00edmbolos de certificaci\u00f3n ambiental e indicadores de medici\u00f3n con formas triangulares y circulares.\" src=\"https:\/\/images-na.ssl-images-amazon.com\/images\/G\/01\/x-locale\/common\/grey-pixel.gif\" class=\"a-lazy-loaded\" data-src=\"https:\/\/m.media-amazon.com\/images\/S\/aplus-media-library-service-media\/ea75b165-b72a-4133-8ba5-97d65ffe62f5.__CR0,23,463,579_PT0_SX362_V1___.png\"><img decoding=\"async\" alt=\"El texto dice \u00abRispettiamo l&amp;#39;ambiente\u00bb con el logotipo de HP. Diagrama t\u00e9cnico que muestra varios s\u00edmbolos de certificaci\u00f3n ambiental e indicadores de medici\u00f3n con formas triangulares y circulares.\" src=\"https:\/\/m.media-amazon.com\/images\/S\/aplus-media-library-service-media\/ea75b165-b72a-4133-8ba5-97d65ffe62f5.__CR0,23,463,579_PT0_SX362_V1___.png\">  <\/p>\n<p> Product Dimensions                                            \u200f                                            :                                            \u200e                                            30.8 x 41.8 x 29.44 cm; 9.5 kg   <br \/> Manufacturer                                            \u200f                                            :                                            \u200e                                            hp   <br \/> ASIN                                            \u200f                                            :                                            \u200e                                            B08XNKJN6G   <br \/> Item model number                                            \u200f                                            :                                            \u200e                                            6GX00F   <br \/>  Customer reviews:                                                                                            4.1               4.1 out of 5 stars                                  (13)                                              var dpAcrHasRegisteredArcLinkClickAction;                    P.when(&#8216;A&#8217;, &#8216;ready&#8217;).execute(function(A) {                        if (dpAcrHasRegisteredArcLinkClickAction !== true) {                            dpAcrHasRegisteredArcLinkClickAction = true;                            A.declarative(                                &#8216;acrLink-click-metrics&#8217;, &#8216;click&#8217;,                                { \u00aballowLinkDefault\u00bb: true },                                function (event) {                                    if (window.ue) {                                        ue.count(\u00abacrLinkClickCount\u00bb, (ue.count(\u00abacrLinkClickCount\u00bb) || 0) + 1);                                    }                                }                            );                        }                    });                                             P.when(&#8216;A&#8217;, &#8216;cf&#8217;).execute(function(A) {                A.declarative(&#8216;acrStarsLink-click-metrics&#8217;, &#8216;click&#8217;, { \u00aballowLinkDefault\u00bb : true },  function(event){                    if(window.ue) {                        ue.count(\u00abacrStarsLinkWithPopoverClickCount\u00bb, (ue.count(\u00abacrStarsLinkWithPopoverClickCount\u00bb) || 0) + 1);                    }                });            });                          <\/p>\n<p>Automatically double-sided prints, scans and photocopies professional documents in the office with up to 29 ppm in black<br \/>The printer features an input tray with a capacity of up to 150 sheets, an output tray with a capacity of up to 100 sheets, and a 40-sheet AAD<br \/>Connectivity: Fast Ethernet, USB 2.0 high-speed printing port, 1 rear USB host, HP Smart App, HP ePrint App, Apple AirPrint and Mopria<br \/>With the HP Smart app, you can print, scan, copy and share your documents with consistent results at all times comfortably from your mobile phone<br \/>This printer is compatible with Original HP 135A Black W1350A and HP 135X Black High Capacity W1350X Toner Cartridges<br \/>Printer with dynamic security enabled. Dynamically safe equipped printers are designed to work only with cartridges with new or reused HP chips or electronic circuits. Printers use dynamic security measures to block cartridges that have non-HP or modified chips or electronic circuits<\/p>\n\n","protected":false},"excerpt":{"rendered":"<p> From the brand T\u00f3ner original HP Papel HP Product Dimensions \u200f : \u200e 30.8 x<\/p>","protected":false},"featured_media":30638,"comment_status":"open","ping_status":"closed","template":"","meta":[],"product_brand":[],"product_cat":[58],"product_tag":[8885,2224,1973,1967,1975,771,1968,1124,3476,1972,2303,137,1971,204,1978,1964,1974,4916,428,8884,5863,2189,1970,1033,1958,1962,3475,1593,133,205,1969],"class_list":{"0":"post-30637","1":"product","2":"type-product","3":"status-publish","4":"has-post-thumbnail","6":"product_cat-laser-printers","7":"product_tag-6gx00f","8":"product_tag-app","9":"product_tag-best-laser-printer","10":"product_tag-black-and-white-laser-printer","11":"product_tag-business-laser-printer","12":"product_tag-buttons","13":"product_tag-color-laser-printer","14":"product_tag-control","15":"product_tag-copy","16":"product_tag-duplex-laser-printer","17":"product_tag-ethernet","18":"product_tag-fast","19":"product_tag-fast-laser-printer","20":"product_tag-grey","21":"product_tag-laser","22":"product_tag-laser-printer","23":"product_tag-laser-printer-price","24":"product_tag-laserjet","25":"product_tag-led","26":"product_tag-m234sdn","27":"product_tag-mfp","28":"product_tag-multifunction","29":"product_tag-office-laser-printer","30":"product_tag-panel","31":"product_tag-print","32":"product_tag-printer","33":"product_tag-scan","34":"product_tag-smart","35":"product_tag-usb","36":"product_tag-white","37":"product_tag-wireless-laser-printer","39":"first","40":"instock","41":"sale","42":"shipping-taxable","43":"product-type-external"},"_links":{"self":[{"href":"https:\/\/comprasyconsejos.store\/en\/wp-json\/wp\/v2\/product\/30637","targetHints":{"allow":["GET"]}}],"collection":[{"href":"https:\/\/comprasyconsejos.store\/en\/wp-json\/wp\/v2\/product"}],"about":[{"href":"https:\/\/comprasyconsejos.store\/en\/wp-json\/wp\/v2\/types\/product"}],"replies":[{"embeddable":true,"href":"https:\/\/comprasyconsejos.store\/en\/wp-json\/wp\/v2\/comments?post=30637"}],"version-history":[{"count":0,"href":"https:\/\/comprasyconsejos.store\/en\/wp-json\/wp\/v2\/product\/30637\/revisions"}],"wp:featuredmedia":[{"embeddable":true,"href":"https:\/\/comprasyconsejos.store\/en\/wp-json\/wp\/v2\/media\/30638"}],"wp:attachment":[{"href":"https:\/\/comprasyconsejos.store\/en\/wp-json\/wp\/v2\/media?parent=30637"}],"wp:term":[{"taxonomy":"product_brand","embeddable":true,"href":"https:\/\/comprasyconsejos.store\/en\/wp-json\/wp\/v2\/product_brand?post=30637"},{"taxonomy":"product_cat","embeddable":true,"href":"https:\/\/comprasyconsejos.store\/en\/wp-json\/wp\/v2\/product_cat?post=30637"},{"taxonomy":"product_tag","embeddable":true,"href":"https:\/\/comprasyconsejos.store\/en\/wp-json\/wp\/v2\/product_tag?post=30637"}],"curies":[{"name":"wp","href":"https:\/\/api.w.org\/{rel}","templated":true}]}}