{"id":30671,"date":"2026-02-22T10:24:32","date_gmt":"2026-02-22T10:24:32","guid":{"rendered":"https:\/\/comprasyconsejos.store\/product\/z-edge-gaming-monitor-27-inch-240hz-computer-screen-2k-qhd-ips-monitor-1ms-2560x1440-led-400cd-m%c2%b2-hdr10-freesync-displayport240hz-hdmi144hz-vesa-compatible\/"},"modified":"2026-02-22T10:24:37","modified_gmt":"2026-02-22T10:24:37","slug":"z-edge-gaming-monitor-27-inch-240hz-computer-screen-2k-qhd-ips-monitor-1ms-2560x1440-led-400cd-m%c2%b2-hdr10-freesync-displayport240hz-hdmi144hz-vesa-compatible","status":"publish","type":"product","link":"https:\/\/comprasyconsejos.store\/en\/product\/z-edge-gaming-monitor-27-inch-240hz-computer-screen-2k-qhd-ips-monitor-1ms-2560x1440-led-400cd-m%c2%b2-hdr10-freesync-displayport240hz-hdmi144hz-vesa-compatible\/","title":{"rendered":"Z-Edge Gaming Monitor 27 Inch 240HZ, Computer Screen 2K QHD IPS Monitor 1ms 2560&#215;1440 LED, 400cd\/m\u00b2, HDR10, FreeSync, DisplayPort(240Hz), HDMI(144Hz), VESA Compatible"},"content":{"rendered":"<p>Price: <span style=\"color:#b12704\">\u20ac199.99<\/span><br \/><i><small>(as of Feb 22, 2026 10:24:32 UTC &#8211; <span class=\"wp_automatic_amazon_disclaimer\" title=\"Product prices and availability are accurate as of the date\/time indicated and are subject to change. Any price and availability information displayed on [relevant Amazon Site(s), as applicable] at the time of purchase will apply to the purchase of this product.\">Details<\/span>)<\/small><\/i><\/p>\n<p><a href=\"https:\/\/amazon.es\/dp\/B0DSPW29SZ?tag=man008-21\"><img decoding=\"async\" src=\"https:\/\/valvepress.s3.amazonaws.com\/imgs\/buy_now.png\"><\/a><br \/>\n<\/p>\n<p>                                             Product Description   <\/p>\n<p>                                                                                                       <img decoding=\"async\" alt=\"IPS de 27 pulgadas con frecuencia de actualizaci\u00f3n de 240 Hz, tiempo de respuesta de 1 ms, resoluci\u00f3n QHD, FreeSync, brillo de 400 cd\/m\u00b2 y compatibilidad con monturas VESA. Presenta una imagen de juego con\" src=\"https:\/\/images-na.ssl-images-amazon.com\/images\/G\/01\/x-locale\/common\/grey-pixel.gif\" class=\"a-lazy-loaded\" data-src=\"https:\/\/m.media-amazon.com\/images\/S\/aplus-media-library-service-media\/1f2bc8f1-d207-4b4c-b00c-b8af137ca079.__CR0,0,1464,600_PT0_SX1464_V1___.jpg\"><img decoding=\"async\" alt=\"IPS de 27 pulgadas con frecuencia de actualizaci\u00f3n de 240 Hz, tiempo de respuesta de 1 ms, resoluci\u00f3n QHD, FreeSync, brillo de 400 cd\/m\u00b2 y compatibilidad con monturas VESA. Presenta una imagen de juego con\" src=\"https:\/\/m.media-amazon.com\/images\/S\/aplus-media-library-service-media\/1f2bc8f1-d207-4b4c-b00c-b8af137ca079.__CR0,0,1464,600_PT0_SX1464_V1___.jpg\">                                               <\/p>\n<p>                                                                                                                <img decoding=\"async\" alt=\"Auto deportivo naranja en movimiento en una pista, con rayas ligeras que enfatizan la velocidad. La imagen est\u00e1 dividida en diagonal y muestra las etiquetas de \u00ab240 Hz\u00bb y \u00ab100 Hz\u00bb, lo que sugiere\" src=\"https:\/\/m.media-amazon.com\/images\/S\/aplus-media-library-service-media\/9566add0-27da-44e3-a330-9413b44ff40a.__CR0,0,1464,600_PT0_SX1464_V1___.jpg\">                                                                                                                        <\/p>\n<p class=\"description aplus-p1\"> 240 Hz puede ofrecer im\u00e1genes din\u00e1micas m\u00e1s fluidas, lo que resulta ideal para juegos y v\u00eddeo <\/p>\n<p>                                                      <img decoding=\"async\" alt=\"UG27QS\" src=\"https:\/\/m.media-amazon.com\/images\/S\/aplus-media-library-service-media\/b3273376-58aa-43a0-9287-74c3d05fde98.__CR0,0,1464,600_PT0_SX1464_V1___.jpg\">                                                                                                                        <\/p>\n<p class=\"description aplus-p1\"> El tiempo de respuesta de 1 ms garantiza que sus acciones se reflejen al instante en la pantalla <\/p>\n<p>                                                      <img decoding=\"async\" alt=\"Monitor de computadora que muestra una escena espacial con un astronauta. El lado izquierdo etiquetado como \u00abFreeSync ON\u00bb muestra una imagen clara. La opci\u00f3n \u00abFreeSync OFF\u00bb del lado derecho\" src=\"https:\/\/m.media-amazon.com\/images\/S\/aplus-media-library-service-media\/38cba4d8-870c-426f-914b-643f3945dec4.__CR0,0,1464,600_PT0_SX1464_V1___.jpg\">                                                                                                                        <\/p>\n<p class=\"description aplus-p1\"> Elimina el efecto de pantalla rasgada y el efecto judder para disfrutar de una experiencia de juego <\/p>\n<p>                            1 240 Hz refresh rate <\/p>\n<p>                            2 1 ms de repuesta <\/p>\n<p>                            3 FreeSync <\/p>\n<p>                                                                                                       <img decoding=\"async\" alt=\"que muestra colores vibrantes con tecnolog\u00eda de panel IPS. Las caracter\u00edsticas incluyen una gama de colores del 120%, un brillo de 400 cd\/m\u00b2, una relaci\u00f3n de contraste de 1000:1, 16,7 millones\" src=\"https:\/\/images-na.ssl-images-amazon.com\/images\/G\/01\/x-locale\/common\/grey-pixel.gif\" class=\"a-lazy-loaded\" data-src=\"https:\/\/m.media-amazon.com\/images\/S\/aplus-media-library-service-media\/c236fade-cde7-48f9-a625-762c990ba57e.__CR0,0,1464,600_PT0_SX1464_V1___.jpg\"><img decoding=\"async\" alt=\"que muestra colores vibrantes con tecnolog\u00eda de panel IPS. Las caracter\u00edsticas incluyen una gama de colores del 120%, un brillo de 400 cd\/m\u00b2, una relaci\u00f3n de contraste de 1000:1, 16,7 millones\" src=\"https:\/\/m.media-amazon.com\/images\/S\/aplus-media-library-service-media\/c236fade-cde7-48f9-a625-762c990ba57e.__CR0,0,1464,600_PT0_SX1464_V1___.jpg\">                                               <\/p>\n<p>                                                                                                       <img decoding=\"async\" alt=\"UG27QS\" src=\"https:\/\/images-na.ssl-images-amazon.com\/images\/G\/01\/x-locale\/common\/grey-pixel.gif\" class=\"a-lazy-loaded\" data-src=\"https:\/\/m.media-amazon.com\/images\/S\/aplus-media-library-service-media\/4a7a9e58-7737-4458-8b3a-a87023b15f12.__CR0,0,1464,600_PT0_SX1464_V1___.jpg\"><img decoding=\"async\" alt=\"UG27QS\" src=\"https:\/\/m.media-amazon.com\/images\/S\/aplus-media-library-service-media\/4a7a9e58-7737-4458-8b3a-a87023b15f12.__CR0,0,1464,600_PT0_SX1464_V1___.jpg\">                                               <\/p>\n<p>                                                                                                       <img decoding=\"async\" alt=\"Monitor de computadora que muestra una colorida escena espacial con superposici\u00f3n de texto con resoluci\u00f3n QHD de 2560 x 1440. El monitor se muestra flotando sobre la superficie de la Tierra con un fondo de galaxia estrellada.\" src=\"https:\/\/images-na.ssl-images-amazon.com\/images\/G\/01\/x-locale\/common\/grey-pixel.gif\" class=\"a-lazy-loaded\" data-src=\"https:\/\/m.media-amazon.com\/images\/S\/aplus-media-library-service-media\/6388a0a9-56af-48f0-af77-d31372537e39.__CR0,0,1464,600_PT0_SX1464_V1___.jpg\"><img decoding=\"async\" alt=\"Monitor de computadora que muestra una colorida escena espacial con superposici\u00f3n de texto con resoluci\u00f3n QHD de 2560 x 1440. El monitor se muestra flotando sobre la superficie de la Tierra con un fondo de galaxia estrellada.\" src=\"https:\/\/m.media-amazon.com\/images\/S\/aplus-media-library-service-media\/6388a0a9-56af-48f0-af77-d31372537e39.__CR0,0,1464,600_PT0_SX1464_V1___.jpg\">                                               <\/p>\n<p>                                                                                                       <img decoding=\"async\" alt=\"Monitor de computadora con varios puertos resaltados, incluidos DC, HDMI y USB. La vista posterior muestra la compatibilidad con el soporte VESA y el accesorio de soporte incluido\" src=\"https:\/\/images-na.ssl-images-amazon.com\/images\/G\/01\/x-locale\/common\/grey-pixel.gif\" class=\"a-lazy-loaded\" data-src=\"https:\/\/m.media-amazon.com\/images\/S\/aplus-media-library-service-media\/3f03ceb6-90f8-408f-b257-38a08e976b42.__CR0,0,1464,600_PT0_SX1464_V1___.jpg\"><img decoding=\"async\" alt=\"Monitor de computadora con varios puertos resaltados, incluidos DC, HDMI y USB. La vista posterior muestra la compatibilidad con el soporte VESA y el accesorio de soporte incluido\" src=\"https:\/\/m.media-amazon.com\/images\/S\/aplus-media-library-service-media\/3f03ceb6-90f8-408f-b257-38a08e976b42.__CR0,0,1464,600_PT0_SX1464_V1___.jpg\">                                                 Potentes conexiones                                                                           <\/p>\n<p class=\"aplus-p2 aplus-module-2-description\"> Dispone de un total de 4 interfaces HDMI y DisplayPort multifunci\u00f3n, lo que le permite alternar a la perfecci\u00f3n entre trabajo y entretenimiento, logrando m\u00faltiples usos en una sola pantalla. <\/p>\n<p> Product Dimensions                                            \u200f                                            :                                            \u200e                                            13 x 68 x 43 cm; 6.4 kg   <br \/> Manufacturer                                            \u200f                                            :                                            \u200e                                            Z-Edge   <br \/> ASIN                                            \u200f                                            :                                            \u200e                                            B0DSPW29SZ   <br \/> Item model number                                            \u200f                                            :                                            \u200e                                            UG27QS   <br \/> Country\/Region of Origin                                            \u200f                                            :                                            \u200e                                            China   <br \/> Guaranteed software updates until                                            \u200f                                            :                                            \u200e                                            unknown   <br \/>  Customer reviews:                                                                                            4.4               4.4 out of 5 stars                                  (753)                                              var dpAcrHasRegisteredArcLinkClickAction;                    P.when(&#8216;A&#8217;, &#8216;ready&#8217;).execute(function(A) {                        if (dpAcrHasRegisteredArcLinkClickAction !== true) {                            dpAcrHasRegisteredArcLinkClickAction = true;                            A.declarative(                                &#8216;acrLink-click-metrics&#8217;, &#8216;click&#8217;,                                { \u00aballowLinkDefault\u00bb: true },                                function (event) {                                    if (window.ue) {                                        ue.count(\u00abacrLinkClickCount\u00bb, (ue.count(\u00abacrLinkClickCount\u00bb) || 0) + 1);                                    }                                }                            );                        }                    });                                             P.when(&#8216;A&#8217;, &#8216;cf&#8217;).execute(function(A) {                A.declarative(&#8216;acrStarsLink-click-metrics&#8217;, &#8216;click&#8217;, { \u00aballowLinkDefault\u00bb : true },  function(event){                    if(window.ue) {                        ue.count(\u00abacrStarsLinkWithPopoverClickCount\u00bb, (ue.count(\u00abacrStarsLinkWithPopoverClickCount\u00bb) || 0) + 1);                    }                });            });                          <\/p>\n<p>\u3010A New Revolution in Gaming\u3011Z-Edge gaming display with 240Hz refresh rate and 1ms response time revolutionizes your gaming experience, ensuring silky-smooth images and no motion blur. Supports FreeSyn for tear-free sync, ideal for high-speed FPS,racing and AAA gaming.<br \/>\u301027&#8243; Fast IPS Panel for Exceptional Clarity and Speed\u3011: This pc display delivers fast pixel transitions without sacrificing color accuracy for crisp, vibrant images from any angle. A fast 1ms response time makes it the perfect display for competitive gaming. The perfect combination of speed and clarity makes it a great assistant for gaming, streaming and creative work.<br \/>\u30102K QHD Resolution &#038; HDR10 Display Delivers Amazing Pictures\u3011With a resolution of 2560 x 1440, it ensures crisp details. With 120%sRGB coverage, it offers realistic colors for photo editing, video production and graphic design. HDR10 certification improves contrast and depth, creating a more immersive experience for gaming and cinematic content.<br \/>\u3010Versatile Connectivity\u3011Dual HDMI (MAX 144HZ) and DisplayPort (240HZ) ports unleash the full potential of high-end gaming PCs, PS5 and gaming laptops.<br \/>\u3010Ultra-thin Bezel Design\u3011Make the monitor virtually bezel-free, providing a wider field of view and better center of view feel. Combined with other monitors, you can set up multiple monitors with virtually no bezels. It is also compatible with the VESA standard (100x100mm) for wall mounting.<\/p>\n\n","protected":false},"excerpt":{"rendered":"<p> Product Description 240 Hz puede ofrecer im\u00e1genes din\u00e1micas m\u00e1s fluidas, lo que resulta ideal para<\/p>","protected":false},"featured_media":30672,"comment_status":"open","ping_status":"closed","template":"","meta":[],"product_brand":[],"product_cat":[55],"product_tag":[1934,1918,1936,1298,1935,2265,1939,2467,1802,1940,201,539,1784,8888,1922,617,1933,8889,1925,584,703,1937,428,844,1243,1938,842,2342,8662],"class_list":{"0":"post-30671","1":"product","2":"type-product","3":"status-publish","4":"has-post-thumbnail","6":"product_cat-gaming-monitors","7":"product_tag-144hz-gaming-monitor","8":"product_tag-1ms","9":"product_tag-1ms-gaming-monitor","10":"product_tag-240hz","11":"product_tag-240hz-gaming-monitor","12":"product_tag-2560x1440","13":"product_tag-27-inch-gaming-monitor","14":"product_tag-400cdm2","15":"product_tag-4k-gaming-monitor","16":"product_tag-best-gaming-monitor","17":"product_tag-compatible","18":"product_tag-computer","19":"product_tag-curved-gaming-monitor","20":"product_tag-displayport240hz","21":"product_tag-freesync","22":"product_tag-gaming","23":"product_tag-gaming-monitor","24":"product_tag-hdmi144hz","25":"product_tag-hdr10","26":"product_tag-inch","27":"product_tag-ips","28":"product_tag-ips-gaming-monitor","29":"product_tag-led","30":"product_tag-monitor","31":"product_tag-qhd","32":"product_tag-rgb-gaming-monitor","33":"product_tag-screen","34":"product_tag-vesa","35":"product_tag-zedge","37":"first","38":"instock","39":"shipping-taxable","40":"product-type-external"},"_links":{"self":[{"href":"https:\/\/comprasyconsejos.store\/en\/wp-json\/wp\/v2\/product\/30671","targetHints":{"allow":["GET"]}}],"collection":[{"href":"https:\/\/comprasyconsejos.store\/en\/wp-json\/wp\/v2\/product"}],"about":[{"href":"https:\/\/comprasyconsejos.store\/en\/wp-json\/wp\/v2\/types\/product"}],"replies":[{"embeddable":true,"href":"https:\/\/comprasyconsejos.store\/en\/wp-json\/wp\/v2\/comments?post=30671"}],"version-history":[{"count":0,"href":"https:\/\/comprasyconsejos.store\/en\/wp-json\/wp\/v2\/product\/30671\/revisions"}],"wp:featuredmedia":[{"embeddable":true,"href":"https:\/\/comprasyconsejos.store\/en\/wp-json\/wp\/v2\/media\/30672"}],"wp:attachment":[{"href":"https:\/\/comprasyconsejos.store\/en\/wp-json\/wp\/v2\/media?parent=30671"}],"wp:term":[{"taxonomy":"product_brand","embeddable":true,"href":"https:\/\/comprasyconsejos.store\/en\/wp-json\/wp\/v2\/product_brand?post=30671"},{"taxonomy":"product_cat","embeddable":true,"href":"https:\/\/comprasyconsejos.store\/en\/wp-json\/wp\/v2\/product_cat?post=30671"},{"taxonomy":"product_tag","embeddable":true,"href":"https:\/\/comprasyconsejos.store\/en\/wp-json\/wp\/v2\/product_tag?post=30671"}],"curies":[{"name":"wp","href":"https:\/\/api.w.org\/{rel}","templated":true}]}}