{"id":30679,"date":"2026-02-22T10:26:54","date_gmt":"2026-02-22T10:26:54","guid":{"rendered":"https:\/\/comprasyconsejos.store\/product\/msi-mag-275cqrf-qd-e2-curved-gaming-monitor-wqhd-27-inches-1500r-2560-x-1440-rapid-va-panel-180-hz-0-5ms-gtg-min-adaptive-sync-dp-1-4a-hdmi-2-0b-cec\/"},"modified":"2026-02-22T10:27:02","modified_gmt":"2026-02-22T10:27:02","slug":"msi-mag-275cqrf-qd-e2-curved-gaming-monitor-wqhd-27-inches-1500r-2560-x-1440-rapid-va-panel-180-hz-0-5ms-gtg-min-adaptive-sync-dp-1-4a-hdmi-2-0b-cec","status":"publish","type":"product","link":"https:\/\/comprasyconsejos.store\/en\/product\/msi-mag-275cqrf-qd-e2-curved-gaming-monitor-wqhd-27-inches-1500r-2560-x-1440-rapid-va-panel-180-hz-0-5ms-gtg-min-adaptive-sync-dp-1-4a-hdmi-2-0b-cec\/","title":{"rendered":"MSI MAG 275CQRF QD E2 Curved Gaming Monitor WQHD 27 Inches, 1500R, 2560 x 1440 Rapid VA Panel, 180 Hz \/ 0.5ms (GtG, Min.), Adaptive Sync, DP 1.4a, HDMI 2.0b CEC"},"content":{"rendered":"<p>Price: <span style=\"color:#b12704\"><del>\u20ac399.00<\/del> - \u20ac259.00<\/span><br \/><i><small>(as of Feb 22, 2026 10:26:54 UTC &#8211; <span class=\"wp_automatic_amazon_disclaimer\" title=\"Product prices and availability are accurate as of the date\/time indicated and are subject to change. Any price and availability information displayed on [relevant Amazon Site(s), as applicable] at the time of purchase will apply to the purchase of this product.\">Details<\/span>)<\/small><\/i><\/p>\n<p><a href=\"https:\/\/amazon.es\/dp\/B0DL2WVVFV?tag=man008-21\"><img decoding=\"async\" src=\"https:\/\/valvepress.s3.amazonaws.com\/imgs\/buy_now.png\"><\/a><br \/>\n<\/p>\n<p>                                             From the manufacturer   <\/p>\n<p>                                                  <img decoding=\"async\" alt=\"Unite as One\" src=\"https:\/\/images-na.ssl-images-amazon.com\/images\/G\/01\/x-locale\/common\/grey-pixel.gif\" class=\"a-lazy-loaded\" data-src=\"https:\/\/m.media-amazon.com\/images\/S\/aplus-media\/vc\/01d87278-9cba-4f95-b673-923ce5c86215.__CR0,0,1940,600_PT0_SX970_V1___.jpg\"><img decoding=\"async\" alt=\"Unite as One\" src=\"https:\/\/m.media-amazon.com\/images\/S\/aplus-media\/vc\/01d87278-9cba-4f95-b673-923ce5c86215.__CR0,0,1940,600_PT0_SX970_V1___.jpg\">  <\/p>\n<p>                                                      <img decoding=\"async\" alt=\"MAG 275CQRF QD E2\" src=\"https:\/\/images-na.ssl-images-amazon.com\/images\/G\/01\/x-locale\/common\/grey-pixel.gif\" class=\"a-spacing-mini a-lazy-loaded\" data-src=\"https:\/\/m.media-amazon.com\/images\/S\/aplus-media\/vc\/8667da67-d33f-47c3-875c-c5cbebcfa38f.__CR0,0,600,800_PT0_SX300_V1___.jpg\"><img decoding=\"async\" alt=\"MAG 275CQRF QD E2\" src=\"https:\/\/m.media-amazon.com\/images\/S\/aplus-media\/vc\/8667da67-d33f-47c3-875c-c5cbebcfa38f.__CR0,0,600,800_PT0_SX300_V1___.jpg\">  <\/p>\n<p>                                                              <img decoding=\"async\" alt=\"MSI: For Gamers &amp;amp; Creators\" src=\"https:\/\/images-na.ssl-images-amazon.com\/images\/G\/01\/x-locale\/common\/grey-pixel.gif\" class=\"a-spacing-mini a-lazy-loaded\" data-src=\"https:\/\/m.media-amazon.com\/images\/S\/aplus-media\/vc\/114fa35d-9063-4a70-a19b-1a84ab6eba49.__CR0,0,350,175_PT0_SX350_V1___.png\"><img decoding=\"async\" alt=\"MSI: For Gamers &amp;amp; Creators\" src=\"https:\/\/m.media-amazon.com\/images\/S\/aplus-media\/vc\/114fa35d-9063-4a70-a19b-1a84ab6eba49.__CR0,0,350,175_PT0_SX350_V1___.png\">                                          MSI: For Gamers &amp; Creators                                 <\/p>\n<p class=\"a-spacing-small a-size-small a-color-secondary\"> MSI es una de las marcas m\u00e1s reconocidas en el mundo del juego y los deportes electr\u00f3nicos. Hemos invertido innumerables horas y recursos para asistir a las mayores ligas de eSport y equipos de nivel 1. Al trabajar con los mejores, MSI puede combinar sus conocimientos de competici\u00f3n de juegos con sus aspiraciones para crear nuevos productos que puedan llevar el rendimiento a niveles nunca antes alcanzados. <\/p>\n<h3 class=\"a-spacing-mini\"> MAG 275CQRF QD E2 <\/h3>\n<p>                                          Unite as One                                     <\/p>\n<p class=\"a-spacing-base\"> Con una inmersiva losa curvada Rapid VA (1500R) de 32&#8243; WQHD (2560&#215;1440) con una frecuencia de actualizaci\u00f3n de 180 Hz y un tiempo de respuesta GTG de 0,5 ms, la pantalla para juegos curvada MAG 275CQRF QD E2 ofrece una ventaja competitiva para la mayor\u00eda de los oponentes.  El MAG 275CQRF QD E2 est\u00e1 equipado con la tecnolog\u00eda Adaptive Sync que sincroniza las frecuencias de actualizaci\u00f3n de la pantalla y la tarjeta gr\u00e1fica para un juego ultra fluido, as\u00ed como un soporte ajustable en inclinaci\u00f3n. <\/p>\n<p>                                                          Losa Rapid VA 27&#8243; WQHD (2560 x 1440)       Frecuencia de actualizaci\u00f3n de 180 Hz, tiempo de respuesta GtG de 0,5 ms       1.07 mil millones de colores (8 bits + FRC) con una gama excepcional (DCI-P3 97%)       Tecnolog\u00eda Less Blue Light y antiparpadeo       Soporte ajustable duro de 3 ejes (inclinaci\u00f3n, giro, altura       AI Vision y HDMI CEC Profile Sync       Curvatura inmersiva 1500R       Puertos de visualizaci\u00f3n HDMI 2.0b (WQHD a 144 Hz) y DP 1.4a      <\/p>\n<p class=\"apm-text-center\">\n                                                      <img decoding=\"async\" alt=\"Curvatura inmersiva 1500R\" src=\"https:\/\/images-na.ssl-images-amazon.com\/images\/G\/01\/x-locale\/common\/grey-pixel.gif\" class=\"a-lazy-loaded\" data-src=\"https:\/\/m.media-amazon.com\/images\/S\/aplus-media\/vc\/b4abc07c-85e6-46e8-828a-ecb84615424b.__CR0,0,2000,2000_PT0_SX220_V1___.jpg\"><img decoding=\"async\" alt=\"Curvatura inmersiva 1500R\" src=\"https:\/\/m.media-amazon.com\/images\/S\/aplus-media\/vc\/b4abc07c-85e6-46e8-828a-ecb84615424b.__CR0,0,2000,2000_PT0_SX220_V1___.jpg\">  <\/p>\n<p>                                                    Curvatura inmersiva 1500R                                     <\/p>\n<p class=\"a-size-small\"> Dise\u00f1ado para juegos inmersivos y competitivos, la pantalla cuenta con una curvatura de 1500R (radio de 1500 mm) para una experiencia de 27 pulgadas WQHD (2560 x 1440) m\u00e1s envolvente a una distancia de visualizaci\u00f3n est\u00e1ndar. <\/p>\n<p class=\"apm-text-center\">\n                                                      <img decoding=\"async\" alt=\"Frecuencia de actualizaci\u00f3n de 180 Hz, tiempo de respuesta 0,5 ms GtG\" src=\"https:\/\/images-na.ssl-images-amazon.com\/images\/G\/01\/x-locale\/common\/grey-pixel.gif\" class=\"a-lazy-loaded\" data-src=\"https:\/\/m.media-amazon.com\/images\/S\/aplus-media\/vc\/688ca605-e8b1-4bdd-80b7-0ec0b986c6e0.__CR0,0,2000,2000_PT0_SX220_V1___.jpg\"><img decoding=\"async\" alt=\"Frecuencia de actualizaci\u00f3n de 180 Hz, tiempo de respuesta 0,5 ms GtG\" src=\"https:\/\/m.media-amazon.com\/images\/S\/aplus-media\/vc\/688ca605-e8b1-4bdd-80b7-0ec0b986c6e0.__CR0,0,2000,2000_PT0_SX220_V1___.jpg\">  <\/p>\n<p>                                                    Frecuencia de actualizaci\u00f3n de 180 Hz, tiempo de respuesta 0,5 ms GtG                                     <\/p>\n<p class=\"a-size-small\"> Disfrute de un movimiento y un seguimiento m\u00e1s fluidos con una frecuencia de actualizaci\u00f3n de 180 Hz y libere todo el potencial de su tarjeta gr\u00e1fica. El tiempo de respuesta de 0,5 ms (Gris-a&#8211;Gris) reduce dr\u00e1sticamente el desenfoque en la pantalla y es esencial para los juegos que tienen lugar a un ritmo r\u00e1pido. <\/p>\n<p class=\"apm-text-center\">\n                                                      <img decoding=\"async\" alt=\"Less Blue Light\" src=\"https:\/\/images-na.ssl-images-amazon.com\/images\/G\/01\/x-locale\/common\/grey-pixel.gif\" class=\"a-lazy-loaded\" data-src=\"https:\/\/m.media-amazon.com\/images\/S\/aplus-media\/vc\/d2f4766c-e944-4469-a380-04d5d774111d.__CR0,0,2000,2000_PT0_SX220_V1___.jpg\"><img decoding=\"async\" alt=\"Less Blue Light\" src=\"https:\/\/m.media-amazon.com\/images\/S\/aplus-media\/vc\/d2f4766c-e944-4469-a380-04d5d774111d.__CR0,0,2000,2000_PT0_SX220_V1___.jpg\">  <\/p>\n<p>                                                    Less Blue Light                                     <\/p>\n<p class=\"a-size-small\"> Las pantallas MSI est\u00e1n optimizadas con la tecnolog\u00eda Less Blue Light* (reducci\u00f3n de la luz azul) para ofrecer una experiencia visual superior. *Certificado T\u00dcV Rheinland Low Blue Light (Soluci\u00f3n de software) n\u00ba 50639971, 25\/07\/2024 <\/p>\n<p class=\"apm-text-center\">\n                                                      <img decoding=\"async\" alt=\"HDR Ready\" src=\"https:\/\/images-na.ssl-images-amazon.com\/images\/G\/01\/x-locale\/common\/grey-pixel.gif\" class=\"a-lazy-loaded\" data-src=\"https:\/\/m.media-amazon.com\/images\/S\/aplus-media\/vc\/159f7937-e573-41a2-9183-d93b56556db9.__CR0,0,2000,2000_PT0_SX220_V1___.jpg\"><img decoding=\"async\" alt=\"HDR Ready\" src=\"https:\/\/m.media-amazon.com\/images\/S\/aplus-media\/vc\/159f7937-e573-41a2-9183-d93b56556db9.__CR0,0,2000,2000_PT0_SX220_V1___.jpg\">  <\/p>\n<p>                                                    HDR Ready                                     <\/p>\n<p class=\"a-size-small\"> Las pantallas HDR Ready producen detalles superiores en \u00e1reas m\u00e1s oscuras gracias al contraste din\u00e1mico realista que imita el funcionamiento del ojo humano en el mundo real.  Colores de la pantalla: 1.07 billones (8 bits + FRC) sRGB \/ DCP-P3*: 150% \/ 97% Relaci\u00f3n de contraste: 5000:1 Relaci\u00f3n de contraste din\u00e1mico: 100.000.000:1*sRGB y DCI-P3 seg\u00fan la norma CIE1976 <\/p>\n<p class=\"apm-text-center\">\n                                                      <img decoding=\"async\" alt=\"Anti-parpadeo\" src=\"https:\/\/images-na.ssl-images-amazon.com\/images\/G\/01\/x-locale\/common\/grey-pixel.gif\" class=\"a-lazy-loaded\" data-src=\"https:\/\/m.media-amazon.com\/images\/S\/aplus-media\/vc\/b238d349-9068-44f5-a927-5e74bdca80ad.__CR0,0,2000,2000_PT0_SX220_V1___.jpg\"><img decoding=\"async\" alt=\"Anti-parpadeo\" src=\"https:\/\/m.media-amazon.com\/images\/S\/aplus-media\/vc\/b238d349-9068-44f5-a927-5e74bdca80ad.__CR0,0,2000,2000_PT0_SX220_V1___.jpg\">  <\/p>\n<p>                                                    Anti-parpadeo                                     <\/p>\n<p class=\"a-size-small\"> La tecnolog\u00eda antiparpadeo* ofrece una experiencia visual superior al reducir la cantidad de parpadeos, a diferencia de los monitores gen\u00e9ricos que suelen mostrar una tasa de parpadeo de aproximadamente 200 veces* por segundo. * Certificado T\u00dcV Rheinland Flicker Free n\u00b0Q 50639971, 25\/07\/2024 **Aunque imperceptible a simple vista, este fen\u00f3meno puede provocar cierta fatiga con el tiempo. <\/p>\n<p class=\"apm-text-center\">\n                                                      <img decoding=\"async\" alt=\"AI Vision y HDMI CEC Profile Sync\" src=\"https:\/\/images-na.ssl-images-amazon.com\/images\/G\/01\/x-locale\/common\/grey-pixel.gif\" class=\"a-lazy-loaded\" data-src=\"https:\/\/m.media-amazon.com\/images\/S\/aplus-media\/vc\/5c138cda-0761-41cb-ab1c-da6db83b8ae3.__CR0,0,2000,2000_PT0_SX220_V1___.jpg\"><img decoding=\"async\" alt=\"AI Vision y HDMI CEC Profile Sync\" src=\"https:\/\/m.media-amazon.com\/images\/S\/aplus-media\/vc\/5c138cda-0761-41cb-ab1c-da6db83b8ae3.__CR0,0,2000,2000_PT0_SX220_V1___.jpg\">  <\/p>\n<p>                                                    AI Vision y HDMI CEC Profile Sync                                     <\/p>\n<p class=\"a-size-small\"> MSI AI Vision mejora los detalles en zonas oscuras y optimiza el color y el brillo. La funci\u00f3n HDMI CEC Profile Sync admite m\u00faltiples dispositivos y puede detectar autom\u00e1ticamente la configuraci\u00f3n de cada uno. <\/p>\n<p class=\"apm-text-center\">\n                                                      <img decoding=\"async\" alt=\"Caracter\u00edsticas pr\u00e1cticas\" src=\"https:\/\/images-na.ssl-images-amazon.com\/images\/G\/01\/x-locale\/common\/grey-pixel.gif\" class=\"a-lazy-loaded\" data-src=\"https:\/\/m.media-amazon.com\/images\/S\/aplus-media\/vc\/9057c23c-c092-42bd-bf0d-004484b989d9.__CR0,0,2000,2000_PT0_SX220_V1___.jpg\"><img decoding=\"async\" alt=\"Caracter\u00edsticas pr\u00e1cticas\" src=\"https:\/\/m.media-amazon.com\/images\/S\/aplus-media\/vc\/9057c23c-c092-42bd-bf0d-004484b989d9.__CR0,0,2000,2000_PT0_SX220_V1___.jpg\">  <\/p>\n<p>                                                    Caracter\u00edsticas pr\u00e1cticas                                     <\/p>\n<p class=\"a-size-small\"> La SpectrumBar de MSI se puede activar para producir iluminaci\u00f3n ambiental Glow Sync, o puede sincronizarse con otros dispositivos compatibles con Mystic Light.  La pantalla est\u00e1 equipada con un soporte ajustable de 3 ejes:  Giratorio: -20\u00b0\\~20\u00b0 Inclinaci\u00f3n: -5\u00b0\\~20\u00b0 Altura: 0 ~ 110 mm  <\/p>\n<p class=\"apm-text-center\">\n                                                      <img decoding=\"async\" alt=\"Conectividad\" src=\"https:\/\/images-na.ssl-images-amazon.com\/images\/G\/01\/x-locale\/common\/grey-pixel.gif\" class=\"a-lazy-loaded\" data-src=\"https:\/\/m.media-amazon.com\/images\/S\/aplus-media\/vc\/c92a7a6a-a017-491f-ac18-32e469c43aae.__CR0,0,2000,2000_PT0_SX220_V1___.jpg\"><img decoding=\"async\" alt=\"Conectividad\" src=\"https:\/\/m.media-amazon.com\/images\/S\/aplus-media\/vc\/c92a7a6a-a017-491f-ac18-32e469c43aae.__CR0,0,2000,2000_PT0_SX220_V1___.jpg\">  <\/p>\n<p>                                                    Conectividad                                     <\/p>\n<p class=\"a-size-small\"> Las opciones de conexi\u00f3n para PC, consola y port\u00e1til incluyen:  DisplayPort 1.4a: 2560 x 1440 (180 Hz m\u00e1x.) 2 x HDMI 2.0b (soporta 2560 x 1440 a 144 Hz, como se especifica en HDMI 2.0b) USB 2.0 Type-C (DP alt. ): 2560 x 1440 (180 Hz m\u00e1x.) con PD 15W  <\/p>\n<p> Product Dimensions                                            \u200f                                            :                                            \u200e                                            23.67 x 61.15 x 42.87 cm; 5.7 kg   <br \/> Manufacturer                                            \u200f                                            :                                            \u200e                                            MSI   <br \/> ASIN                                            \u200f                                            :                                            \u200e                                            B0DL2WVVFV   <br \/> Item model number                                            \u200f                                            :                                            \u200e                                            9S6-3CD04H-027   <br \/> Country of origin                                            \u200f                                            :                                            \u200e                                            Spain   <br \/> Guaranteed software updates until                                            \u200f                                            :                                            \u200e                                            unknown   <br \/>  Customer reviews:                                                                                            4.0               4.0 out of 5 stars                                  (14)                                              var dpAcrHasRegisteredArcLinkClickAction;                    P.when(&#8216;A&#8217;, &#8216;ready&#8217;).execute(function(A) {                        if (dpAcrHasRegisteredArcLinkClickAction !== true) {                            dpAcrHasRegisteredArcLinkClickAction = true;                            A.declarative(                                &#8216;acrLink-click-metrics&#8217;, &#8216;click&#8217;,                                { \u00aballowLinkDefault\u00bb: true },                                function (event) {                                    if (window.ue) {                                        ue.count(\u00abacrLinkClickCount\u00bb, (ue.count(\u00abacrLinkClickCount\u00bb) || 0) + 1);                                    }                                }                            );                        }                    });                                             P.when(&#8216;A&#8217;, &#8216;cf&#8217;).execute(function(A) {                A.declarative(&#8216;acrStarsLink-click-metrics&#8217;, &#8216;click&#8217;, { \u00aballowLinkDefault\u00bb : true },  function(event){                    if(window.ue) {                        ue.count(\u00abacrStarsLinkWithPopoverClickCount\u00bb, (ue.count(\u00abacrStarsLinkWithPopoverClickCount\u00bb) || 0) + 1);                    }                });            });                          <\/p>\n<p>Immersive, frameless gaming: MSI curved monitors deliver a more immersive gaming experience with a 1500R curvature (1500mm radius) and a \u00abframeless\u00bb design, which reduces bezel lines between displays<br \/>27&#8243; WQHD, 180Hz RAPID BOOST: a 2560 x 1440 Rapid VA panel (16:9 aspect ratio) with a high 180Hz (Adaptive Sync) refresh rate for smooth tracking of targets and movements; an ultra-low response time of 0.5ms<br \/>Wide Color Gamut &#8211; MAG 275CQRF QD E2 supports up to 1.07 billion colors at 150% sRGB to deliver more immersive images and detail; Features less blue light and employs anti-flicker technology to reduce eye strain<br \/>Dynamic Contrast &#038; AI VISION &#8211; Rapid VA panel comes with excellent native 1:5000 contrast, and supports dynamic contrast (1:100M); MSI AI Vision enriches details in dark areas and optimizes brightness and colors<br \/>HDMI CEC connectivity &#8211; Console and laptop interface options include DisplayPort 1.4a ports (WQHD \/ 180Hz max) and HDMI 2.0b CEC (WQHD\/144Hz max. ); the rear of the monitor incorporates a navigator with 5-way joystick<\/p>\n\n","protected":false},"excerpt":{"rendered":"<p> From the manufacturer MSI: For Gamers &amp; Creators MSI es una de las marcas m\u00e1s<\/p>","protected":false},"featured_media":30680,"comment_status":"open","ping_status":"closed","template":"","meta":[],"product_brand":[],"product_cat":[54],"product_tag":[2336,1436,1791,2337,7018,8890,247,1789,3525,754,1787,1788,1792,1784,1786,1783,1790,617,6067,544,1611,429,3937,844,1262,1033,878,200,1785,2099],"class_list":{"0":"post-30679","1":"product","2":"type-product","3":"status-publish","4":"has-post-thumbnail","6":"product_cat-curved-monitors","7":"product_tag-0-5ms","8":"product_tag-1-4a","9":"product_tag-144hz-curved-monitor","10":"product_tag-1500r","11":"product_tag-2-0b","12":"product_tag-275cqrf","13":"product_tag-adaptive","14":"product_tag-best-curved-monitor","15":"product_tag-cec","16":"product_tag-curved","17":"product_tag-curved-27-inch-monitor","18":"product_tag-curved-32-inch-monitor","19":"product_tag-curved-computer-monitor","20":"product_tag-curved-gaming-monitor","21":"product_tag-curved-led-monitor","22":"product_tag-curved-monitor","23":"product_tag-curved-monitor-price","24":"product_tag-gaming","25":"product_tag-gtg","26":"product_tag-hdmi","27":"product_tag-inches","28":"product_tag-mag","29":"product_tag-min","30":"product_tag-monitor","31":"product_tag-msi","32":"product_tag-panel","33":"product_tag-rapid","34":"product_tag-sync","35":"product_tag-ultrawide-curved-monitor","36":"product_tag-wqhd","38":"first","39":"instock","40":"sale","41":"shipping-taxable","42":"product-type-external"},"_links":{"self":[{"href":"https:\/\/comprasyconsejos.store\/en\/wp-json\/wp\/v2\/product\/30679","targetHints":{"allow":["GET"]}}],"collection":[{"href":"https:\/\/comprasyconsejos.store\/en\/wp-json\/wp\/v2\/product"}],"about":[{"href":"https:\/\/comprasyconsejos.store\/en\/wp-json\/wp\/v2\/types\/product"}],"replies":[{"embeddable":true,"href":"https:\/\/comprasyconsejos.store\/en\/wp-json\/wp\/v2\/comments?post=30679"}],"version-history":[{"count":0,"href":"https:\/\/comprasyconsejos.store\/en\/wp-json\/wp\/v2\/product\/30679\/revisions"}],"wp:featuredmedia":[{"embeddable":true,"href":"https:\/\/comprasyconsejos.store\/en\/wp-json\/wp\/v2\/media\/30680"}],"wp:attachment":[{"href":"https:\/\/comprasyconsejos.store\/en\/wp-json\/wp\/v2\/media?parent=30679"}],"wp:term":[{"taxonomy":"product_brand","embeddable":true,"href":"https:\/\/comprasyconsejos.store\/en\/wp-json\/wp\/v2\/product_brand?post=30679"},{"taxonomy":"product_cat","embeddable":true,"href":"https:\/\/comprasyconsejos.store\/en\/wp-json\/wp\/v2\/product_cat?post=30679"},{"taxonomy":"product_tag","embeddable":true,"href":"https:\/\/comprasyconsejos.store\/en\/wp-json\/wp\/v2\/product_tag?post=30679"}],"curies":[{"name":"wp","href":"https:\/\/api.w.org\/{rel}","templated":true}]}}