{"id":30720,"date":"2026-02-22T11:07:42","date_gmt":"2026-02-22T11:07:42","guid":{"rendered":"https:\/\/comprasyconsejos.store\/product\/ulefone-mobile-phone-android-14-note-20-pro-6-75-hd-large-screen-8gb-ram128gb-rom-50mp8mp2mp-dual-sim-free-smartphone-6000mah-battery-fingerprintface-unlock-white\/"},"modified":"2026-02-22T11:07:46","modified_gmt":"2026-02-22T11:07:46","slug":"ulefone-mobile-phone-android-14-note-20-pro-6-75-hd-large-screen-8gb-ram128gb-rom-50mp8mp2mp-dual-sim-free-smartphone-6000mah-battery-fingerprintface-unlock-white","status":"publish","type":"product","link":"https:\/\/comprasyconsejos.store\/en\/product\/ulefone-mobile-phone-android-14-note-20-pro-6-75-hd-large-screen-8gb-ram128gb-rom-50mp8mp2mp-dual-sim-free-smartphone-6000mah-battery-fingerprintface-unlock-white\/","title":{"rendered":"Ulefone Mobile Phone Android 14 Note 20 Pro, 6.75\u00bb HD+ Large Screen, 8GB RAM+128GB ROM, 50MP+8MP+2MP, Dual SIM Free Smartphone, 6000mAh Battery, Fingerprint+Face Unlock, White"},"content":{"rendered":"<p>Price: <span style=\"color:#b12704\">\u20ac119.99<\/span><br \/><i><small>(as of Feb 22, 2026 11:07:42 UTC &#8211; <span class=\"wp_automatic_amazon_disclaimer\" title=\"Product prices and availability are accurate as of the date\/time indicated and are subject to change. Any price and availability information displayed on [relevant Amazon Site(s), as applicable] at the time of purchase will apply to the purchase of this product.\">Details<\/span>)<\/small><\/i><\/p>\n<p><a href=\"https:\/\/amazon.es\/dp\/B0DNDTMWJY?tag=man008-21\"><img decoding=\"async\" src=\"https:\/\/valvepress.s3.amazonaws.com\/imgs\/buy_now.png\"><\/a><br \/>\n<\/p>\n<p>                                             From the brand   <\/p>\n<p>                                              <img decoding=\"async\" alt=\"Tel\u00e9fono inteligente Ulefone\" src=\"https:\/\/images-na.ssl-images-amazon.com\/images\/G\/01\/x-locale\/common\/grey-pixel.gif\" class=\"a-lazy-loaded\" data-src=\"https:\/\/m.media-amazon.com\/images\/S\/aplus-media-library-service-media\/e3f78bdc-8dbb-4128-a674-7b65d9589b58.__CR0,0,1464,625_PT0_SX1464_V1___.jpg\"><img decoding=\"async\" alt=\"Tel\u00e9fono inteligente Ulefone\" src=\"https:\/\/m.media-amazon.com\/images\/S\/aplus-media-library-service-media\/e3f78bdc-8dbb-4128-a674-7b65d9589b58.__CR0,0,1464,625_PT0_SX1464_V1___.jpg\">  <\/p>\n<p>                                              <img decoding=\"async\" alt=\"\" src=\"https:\/\/images-na.ssl-images-amazon.com\/images\/G\/01\/x-locale\/common\/grey-pixel.gif\" class=\"a-lazy-loaded\" data-src=\"https:\/\/m.media-amazon.com\/images\/S\/aplus-media-library-service-media\/6e34cbfe-3255-40ad-b850-fcf3d2650712.__CR0,15,495,228_PT0_SX315_V1___.jpg\"><img decoding=\"async\" alt=\"\" src=\"https:\/\/m.media-amazon.com\/images\/S\/aplus-media-library-service-media\/6e34cbfe-3255-40ad-b850-fcf3d2650712.__CR0,15,495,228_PT0_SX315_V1___.jpg\">  <\/p>\n<p> Ulefone Mobile es uno de los mayores fabricantes mundiales de dispositivos m\u00f3viles y accesorios de alta calidad. Hay miles de felices propietarios de tel\u00e9fonos inteligentes Ulefone en todo el mundo y el n\u00famero sigue creciendo cada d\u00eda. \u00a1\u00danete a nuestra comunidad y convi\u00e9rtete en un afortunado propietario de un tel\u00e9fono inteligente Ulefone! <\/p>\n<h3> Ulefone smartphone&amp;tablet <\/h3>\n<p> Batteries                                            \u200f                                            :                                            \u200e                                            1 Lithium Polymer batteries required. (included)   <br \/> Product Dimensions                                            \u200f                                            :                                            \u200e                                            7.74 x 0.91 x 16.78 cm; 217 g   <br \/> Manufacturer                                            \u200f                                            :                                            \u200e                                            Ulefone   <br \/> ASIN                                            \u200f                                            :                                            \u200e                                            B0DNDTMWJY   <br \/> Item model number                                            \u200f                                            :                                            \u200e                                            NOTE 20 PRO   <br \/> Guaranteed software updates until                                            \u200f                                            :                                            \u200e                                            unknown   <br \/>  Customer reviews:                                                                                            4.4               4.4 out of 5 stars                                  (45)                                              var dpAcrHasRegisteredArcLinkClickAction;                    P.when(&#8216;A&#8217;, &#8216;ready&#8217;).execute(function(A) {                        if (dpAcrHasRegisteredArcLinkClickAction !== true) {                            dpAcrHasRegisteredArcLinkClickAction = true;                            A.declarative(                                &#8216;acrLink-click-metrics&#8217;, &#8216;click&#8217;,                                { \u00aballowLinkDefault\u00bb: true },                                function (event) {                                    if (window.ue) {                                        ue.count(\u00abacrLinkClickCount\u00bb, (ue.count(\u00abacrLinkClickCount\u00bb) || 0) + 1);                                    }                                }                            );                        }                    });                                             P.when(&#8216;A&#8217;, &#8216;cf&#8217;).execute(function(A) {                A.declarative(&#8216;acrStarsLink-click-metrics&#8217;, &#8216;click&#8217;, { \u00aballowLinkDefault\u00bb : true },  function(event){                    if(window.ue) {                        ue.count(\u00abacrStarsLinkWithPopoverClickCount\u00bb, (ue.count(\u00abacrStarsLinkWithPopoverClickCount\u00bb) || 0) + 1);                    }                });            });                          <\/p>\n<p>\u3010Slim Design, Touch Perfection\u3011Rounded corners and a flat frame design create a pleasant touch feeling and charming view. With an ultra-slim profile of just 9.1mm, the Note 20 Pro offers a comfortable, fingerprint-free grip. Every interaction is a safe and comfortable experience. (Satin Black, Ribbons White)<br \/>\u30106.75&#8243; HD+ Large Screen, Widevine L1 Certified to Access HD Videos on Netflix, Disney+\u3011With a generous 6.75 inch screen and HD+ resolution, the display offers a clear and vivid visual experience, taking you into a spectacular cinematic world. (90% screen-to-body ratio, 90Hz refresh rate, 20:9 aspect ratio)<br \/>\u301050MP Main Camera, Every Shot is a Work of Art\u3011ISOCELL JN1 sensor with 50MP high resolution delivers sharp and detailed photos, allowing large prints or cuts without significant loss of quality. Capture stunning selfies and make HD video calls with the 8MP front camera.<br \/>\u3010Up to 8GB RAM, Up to 128GB \/ 256GB ROM, Expansion to 1TB\u30114GB physical RAM, with additional 4GB virtual RAM for smooth multitasking. Internal storage offers options from 128GB to 256GB, with the ability to expand up to 1TB to handle large files and multiple applications effortlessly.<br \/>\u30106000mAh Mega Battery, Beats Longer Trips\u3011Immerse yourself in an uninterrupted world of streaming or gaming with a large capacity of 6000mAh. No more constant recharging, just continuous enjoyment. 18W fast charging, every charge supports your active lifestyle. (550h standby, 33h talk, 40h video)<\/p>\n\n","protected":false},"excerpt":{"rendered":"<p> From the brand Ulefone Mobile es uno de los mayores fabricantes mundiales de dispositivos m\u00f3viles<\/p>","protected":false},"featured_media":30721,"comment_status":"open","ping_status":"closed","template":"","meta":[],"product_brand":[],"product_cat":[100],"product_tag":[8903,1890,660,622,391,1891,292,1896,1893,298,8904,2537,1892,1041,1889,1275,1888,253,230,163,2424,913,842,2827,1897,1894,1895,1588,8902,1061,205],"class_list":{"0":"post-30720","1":"product","2":"type-product","3":"status-publish","4":"has-post-thumbnail","6":"product_cat-smartphones","7":"product_tag-50mp8mp2mp","8":"product_tag-5g-smartphones","9":"product_tag-6000mah","10":"product_tag-8gb","11":"product_tag-android","12":"product_tag-android-phones","13":"product_tag-battery","14":"product_tag-best-smartphones","15":"product_tag-budget-smartphones","16":"product_tag-dual","17":"product_tag-fingerprintface","18":"product_tag-free","19":"product_tag-iphone-smartphones","20":"product_tag-large","21":"product_tag-latest-smartphones","22":"product_tag-mobile","23":"product_tag-mobile-phones","24":"product_tag-note","25":"product_tag-phone","26":"product_tag-pro","27":"product_tag-ram128gb","28":"product_tag-rom","29":"product_tag-screen","30":"product_tag-sim","31":"product_tag-smartphone","32":"product_tag-smartphone-deals","33":"product_tag-smartphone-price","34":"product_tag-smartphones","35":"product_tag-ulefone","36":"product_tag-unlock","37":"product_tag-white","39":"first","40":"instock","41":"shipping-taxable","42":"product-type-external"},"_links":{"self":[{"href":"https:\/\/comprasyconsejos.store\/en\/wp-json\/wp\/v2\/product\/30720","targetHints":{"allow":["GET"]}}],"collection":[{"href":"https:\/\/comprasyconsejos.store\/en\/wp-json\/wp\/v2\/product"}],"about":[{"href":"https:\/\/comprasyconsejos.store\/en\/wp-json\/wp\/v2\/types\/product"}],"replies":[{"embeddable":true,"href":"https:\/\/comprasyconsejos.store\/en\/wp-json\/wp\/v2\/comments?post=30720"}],"version-history":[{"count":0,"href":"https:\/\/comprasyconsejos.store\/en\/wp-json\/wp\/v2\/product\/30720\/revisions"}],"wp:featuredmedia":[{"embeddable":true,"href":"https:\/\/comprasyconsejos.store\/en\/wp-json\/wp\/v2\/media\/30721"}],"wp:attachment":[{"href":"https:\/\/comprasyconsejos.store\/en\/wp-json\/wp\/v2\/media?parent=30720"}],"wp:term":[{"taxonomy":"product_brand","embeddable":true,"href":"https:\/\/comprasyconsejos.store\/en\/wp-json\/wp\/v2\/product_brand?post=30720"},{"taxonomy":"product_cat","embeddable":true,"href":"https:\/\/comprasyconsejos.store\/en\/wp-json\/wp\/v2\/product_cat?post=30720"},{"taxonomy":"product_tag","embeddable":true,"href":"https:\/\/comprasyconsejos.store\/en\/wp-json\/wp\/v2\/product_tag?post=30720"}],"curies":[{"name":"wp","href":"https:\/\/api.w.org\/{rel}","templated":true}]}}