{"id":30727,"date":"2026-02-22T11:15:34","date_gmt":"2026-02-22T11:15:34","guid":{"rendered":"https:\/\/comprasyconsejos.store\/product\/suhsai-1tb-external-hard-drive-data-backup-hdd-2-5-memory-expansion-portable-usb-3-0-hard-drive-compatible-with-mac-desktop-pc-ps4-ps5-silver\/"},"modified":"2026-02-22T11:15:41","modified_gmt":"2026-02-22T11:15:41","slug":"suhsai-1tb-external-hard-drive-data-backup-hdd-2-5-memory-expansion-portable-usb-3-0-hard-drive-compatible-with-mac-desktop-pc-ps4-ps5-silver","status":"publish","type":"product","link":"https:\/\/comprasyconsejos.store\/en\/product\/suhsai-1tb-external-hard-drive-data-backup-hdd-2-5-memory-expansion-portable-usb-3-0-hard-drive-compatible-with-mac-desktop-pc-ps4-ps5-silver\/","title":{"rendered":"SUHSAI 1TB External Hard Drive Data Backup HDD &#8211; 2.5&#8243; Memory Expansion Portable USB 3.0 Hard Drive Compatible with Mac, Desktop, PC, PS4, PS5 (Silver)"},"content":{"rendered":"<p>Price: <span style=\"color:#b12704\">\u20ac47.99<\/span><br \/><i><small>(as of Feb 22, 2026 11:15:34 UTC &#8211; <span class=\"wp_automatic_amazon_disclaimer\" title=\"Product prices and availability are accurate as of the date\/time indicated and are subject to change. Any price and availability information displayed on [relevant Amazon Site(s), as applicable] at the time of purchase will apply to the purchase of this product.\">Details<\/span>)<\/small><\/i><\/p>\n<p><a href=\"https:\/\/amazon.es\/dp\/B0CK5KTPGF?tag=man008-21\"><img decoding=\"async\" src=\"https:\/\/valvepress.s3.amazonaws.com\/imgs\/buy_now.png\"><\/a><br \/>\n<\/p>\n<p>                                             From the brand   <\/p>\n<p>                                              <img decoding=\"async\" alt=\"Discos duros externos port\u00e1tiles en colores azul, gris, rosa y negro. El texto indica que son ultrarr\u00e1pidos y elegantes. Los dispositivos tienen una forma rectangular delgada con superficies texturizadas\" src=\"https:\/\/images-na.ssl-images-amazon.com\/images\/G\/01\/x-locale\/common\/grey-pixel.gif\" class=\"a-lazy-loaded\" data-src=\"https:\/\/m.media-amazon.com\/images\/S\/aplus-media-library-service-media\/0bde5e14-1f63-4e78-a8d4-aa58e8cf7fd0.__CR0,0,1464,625_PT0_SX1464_V1___.jpg\"><img decoding=\"async\" alt=\"Discos duros externos port\u00e1tiles en colores azul, gris, rosa y negro. El texto indica que son ultrarr\u00e1pidos y elegantes. Los dispositivos tienen una forma rectangular delgada con superficies texturizadas\" src=\"https:\/\/m.media-amazon.com\/images\/S\/aplus-media-library-service-media\/0bde5e14-1f63-4e78-a8d4-aa58e8cf7fd0.__CR0,0,1464,625_PT0_SX1464_V1___.jpg\">  <\/p>\n<p>                                              <img decoding=\"async\" alt=\"\" src=\"https:\/\/images-na.ssl-images-amazon.com\/images\/G\/01\/x-locale\/common\/grey-pixel.gif\" class=\"a-lazy-loaded\" data-src=\"https:\/\/m.media-amazon.com\/images\/S\/aplus-media-library-service-media\/274c5763-c4dd-4a4b-b737-f4ad6d6fddd2.__CR0,0,315,145_PT0_SX315_V1___.jpg\"><img decoding=\"async\" alt=\"\" src=\"https:\/\/m.media-amazon.com\/images\/S\/aplus-media-library-service-media\/274c5763-c4dd-4a4b-b737-f4ad6d6fddd2.__CR0,0,315,145_PT0_SX315_V1___.jpg\">  <\/p>\n<p> Suhsai produce discos duros peque\u00f1os, adaptables y utilizables en todas partes, centr\u00e1ndose en la creaci\u00f3n de productos de alta calidad. Su excelente apariencia de alto valor, su dise\u00f1o cautivador y sus incre\u00edbles cualidades le atraer\u00e1n. Somos la mejor opci\u00f3n para usted y sus necesidades. <\/p>\n<p>                                              <img decoding=\"async\" alt=\"Dispositivo electr\u00f3nico rectangular delgado con texto &amp;#39;DISE\u00d1O COMPACTO CAPACIDAD INTELIGENTE&amp;#39;. Los iconos que aparecen a continuaci\u00f3n sugieren funciones como la capacidad y la carga. Fondo amarillo con detalles blancos.\" src=\"https:\/\/images-na.ssl-images-amazon.com\/images\/G\/01\/x-locale\/common\/grey-pixel.gif\" class=\"a-lazy-loaded\" data-src=\"https:\/\/m.media-amazon.com\/images\/S\/aplus-media-library-service-media\/23c9de0e-ebaf-4910-95d8-75ce6167225b.__CR0,5,362,453_PT0_SX362_V1___.jpg\"><img decoding=\"async\" alt=\"Dispositivo electr\u00f3nico rectangular delgado con texto &amp;#39;DISE\u00d1O COMPACTO CAPACIDAD INTELIGENTE&amp;#39;. Los iconos que aparecen a continuaci\u00f3n sugieren funciones como la capacidad y la carga. Fondo amarillo con detalles blancos.\" src=\"https:\/\/m.media-amazon.com\/images\/S\/aplus-media-library-service-media\/23c9de0e-ebaf-4910-95d8-75ce6167225b.__CR0,5,362,453_PT0_SX362_V1___.jpg\">  <\/p>\n<p>                                              <img decoding=\"async\" alt=\"Disco duro externo azul con el texto \u00abConectar y usar\u00bb. Las instrucciones mencionan la facilidad de configuraci\u00f3n mediante USB 3.0 para realizar copias de seguridad y\" src=\"https:\/\/images-na.ssl-images-amazon.com\/images\/G\/01\/x-locale\/common\/grey-pixel.gif\" class=\"a-lazy-loaded\" data-src=\"https:\/\/m.media-amazon.com\/images\/S\/aplus-media-library-service-media\/bab689f3-c482-465d-9ca5-6834388e588c.__CR0,5,362,453_PT0_SX362_V1___.jpg\"><img decoding=\"async\" alt=\"Disco duro externo azul con el texto \u00abConectar y usar\u00bb. Las instrucciones mencionan la facilidad de configuraci\u00f3n mediante USB 3.0 para realizar copias de seguridad y\" src=\"https:\/\/m.media-amazon.com\/images\/S\/aplus-media-library-service-media\/bab689f3-c482-465d-9ca5-6834388e588c.__CR0,5,362,453_PT0_SX362_V1___.jpg\">  <\/p>\n<p>                                              <img decoding=\"async\" alt=\"Infograf\u00eda que muestra las opciones de capacidad de almacenamiento que van desde 100 GB hasta 1 TB, mostradas en iconos circulares con colores azules y amarillos alternos\" src=\"https:\/\/images-na.ssl-images-amazon.com\/images\/G\/01\/x-locale\/common\/grey-pixel.gif\" class=\"a-lazy-loaded\" data-src=\"https:\/\/m.media-amazon.com\/images\/S\/aplus-media-library-service-media\/1ef73fb4-3d6c-4d9f-81d8-1d067bbd9519.__CR0,5,362,453_PT0_SX362_V1___.jpg\"><img decoding=\"async\" alt=\"Infograf\u00eda que muestra las opciones de capacidad de almacenamiento que van desde 100 GB hasta 1 TB, mostradas en iconos circulares con colores azules y amarillos alternos\" src=\"https:\/\/m.media-amazon.com\/images\/S\/aplus-media-library-service-media\/1ef73fb4-3d6c-4d9f-81d8-1d067bbd9519.__CR0,5,362,453_PT0_SX362_V1___.jpg\">  <\/p>\n<p>                                              <img decoding=\"async\" alt=\"Infograf\u00eda que muestra cuatro iconos conectados con texto en espa\u00f1ol que describen las caracter\u00edsticas: &amp;#39;Condujo&amp;#39;, &amp;#39;Universal&amp;#39;, &amp;#39;Almacenamiento&amp;#39; y &amp;#39;Velocidad&amp;#39; con una combinaci\u00f3n de colores azul y blanco\" src=\"https:\/\/images-na.ssl-images-amazon.com\/images\/G\/01\/x-locale\/common\/grey-pixel.gif\" class=\"a-lazy-loaded\" data-src=\"https:\/\/m.media-amazon.com\/images\/S\/aplus-media-library-service-media\/0812b342-6a76-46e4-a263-3d8c2a7f2f41.__CR0,5,362,453_PT0_SX362_V1___.jpg\"><img decoding=\"async\" alt=\"Infograf\u00eda que muestra cuatro iconos conectados con texto en espa\u00f1ol que describen las caracter\u00edsticas: &amp;#39;Condujo&amp;#39;, &amp;#39;Universal&amp;#39;, &amp;#39;Almacenamiento&amp;#39; y &amp;#39;Velocidad&amp;#39; con una combinaci\u00f3n de colores azul y blanco\" src=\"https:\/\/m.media-amazon.com\/images\/S\/aplus-media-library-service-media\/0812b342-6a76-46e4-a263-3d8c2a7f2f41.__CR0,5,362,453_PT0_SX362_V1___.jpg\">  <\/p>\n<p>                                              <img decoding=\"async\" alt=\"conectado a un port\u00e1til con interfaz USB 3.0 con capacidad de velocidad de transferencia de 5 GBPS, que se muestra sobre fondo amarillo y blanco\" src=\"https:\/\/images-na.ssl-images-amazon.com\/images\/G\/01\/x-locale\/common\/grey-pixel.gif\" class=\"a-lazy-loaded\" data-src=\"https:\/\/m.media-amazon.com\/images\/S\/aplus-media-library-service-media\/a48dba2c-0fc2-4e41-aedd-96a77efbd9a1.__CR0,4,362,453_PT0_SX362_V1___.jpg\"><img decoding=\"async\" alt=\"conectado a un port\u00e1til con interfaz USB 3.0 con capacidad de velocidad de transferencia de 5 GBPS, que se muestra sobre fondo amarillo y blanco\" src=\"https:\/\/m.media-amazon.com\/images\/S\/aplus-media-library-service-media\/a48dba2c-0fc2-4e41-aedd-96a77efbd9a1.__CR0,4,362,453_PT0_SX362_V1___.jpg\">  <\/p>\n<p>                                              <img decoding=\"async\" alt=\" memoria externa 1 tb memoria disco externo disco externo disco duro externo 1tb \" src=\"https:\/\/images-na.ssl-images-amazon.com\/images\/G\/01\/x-locale\/common\/grey-pixel.gif\" class=\"a-lazy-loaded\" data-src=\"https:\/\/m.media-amazon.com\/images\/S\/aplus-media-library-service-media\/d2303779-3182-48f8-85e4-1c3966ed38bd.__CR0,23,463,579_PT0_SX362_V1___.jpg\"><img decoding=\"async\" alt=\" memoria externa 1 tb memoria disco externo disco externo disco duro externo 1tb \" src=\"https:\/\/m.media-amazon.com\/images\/S\/aplus-media-library-service-media\/d2303779-3182-48f8-85e4-1c3966ed38bd.__CR0,23,463,579_PT0_SX362_V1___.jpg\">  <\/p>\n<p> Product Dimensions                                            \u200f                                            :                                            \u200e                                            6.35 x 6.35 x 1.6 cm; 320 g   <br \/> Manufacturer                                            \u200f                                            :                                            \u200e                                            SUHSAI   <br \/> ASIN                                            \u200f                                            :                                            \u200e                                            B0CK5KTPGF   <br \/> Item model number                                            \u200f                                            :                                            \u200e                                            dc438e07-ed96-4dd1-8a65-8a088324e9ef   <br \/> Country of origin                                            \u200f                                            :                                            \u200e                                            Thailand   <br \/> Guaranteed software updates until                                            \u200f                                            :                                            \u200e                                            unknown   <br \/>  Customer reviews:                                                                                            4.1               4.1 out of 5 stars                                  (34)                                              var dpAcrHasRegisteredArcLinkClickAction;                    P.when(&#8216;A&#8217;, &#8216;ready&#8217;).execute(function(A) {                        if (dpAcrHasRegisteredArcLinkClickAction !== true) {                            dpAcrHasRegisteredArcLinkClickAction = true;                            A.declarative(                                &#8216;acrLink-click-metrics&#8217;, &#8216;click&#8217;,                                { \u00aballowLinkDefault\u00bb: true },                                function (event) {                                    if (window.ue) {                                        ue.count(\u00abacrLinkClickCount\u00bb, (ue.count(\u00abacrLinkClickCount\u00bb) || 0) + 1);                                    }                                }                            );                        }                    });                                             P.when(&#8216;A&#8217;, &#8216;cf&#8217;).execute(function(A) {                A.declarative(&#8216;acrStarsLink-click-metrics&#8217;, &#8216;click&#8217;, { \u00aballowLinkDefault\u00bb : true },  function(event){                    if(window.ue) {                        ue.count(\u00abacrStarsLinkWithPopoverClickCount\u00bb, (ue.count(\u00abacrStarsLinkWithPopoverClickCount\u00bb) || 0) + 1);                    }                });            });                          <\/p>\n<p>External Data Storage: Our external hard drive allows you to store and back up large amounts of data immediately while improving your PC performance. A ps5 external hard drive is a secure method for storing data and multimedia. With our USB hard drive, you can back up your data and other important files seamlessly and recover them with a simple click from your desktop or laptop.<br \/>Plug and Play: No need to install any software, just drag and drop files from external hard drives to your computer. This ps5 hard drive is ready to use right out of the box. To get excellent ps4 storage, connect a hard drive to your mac, laptop, ps5, ps4 or desktop computer.<br \/>HIGH SPEED DATA TRANSFER &#8211; USB 3.0 storage version offers read and write speeds up to 5Gbps. Improve the performance of PCs, laptops, PS 4 and Mac by transferring data at incredible speeds. The 2.5&#8243; external hard drive is small and lightweight, making it easy to use whenever you need to access data or other things.<br \/>Compatibility: Our hard drive storage expansion is compatible with Windows, Mac, Linux and Android, and is compatible with computers, desktops, laptops, PS4, PS3 and Smart TVs. Choose a PS4 with a storage capacity of 320GB or more. You can add more storage to your PC or game console with our USB drive or external hard drive<br \/>100% SATISFACTION GUARANTEE: At Suhsai, we offer a one-year warranty on all our products. We are always here to help you and fix any issues. Package includes: 1 x hard drive, 1 x user manual, 1 x USB 3.0 cable.<\/p>\n\n","protected":false},"excerpt":{"rendered":"<p> From the brand Suhsai produce discos duros peque\u00f1os, adaptables y utilizables en todas partes, centr\u00e1ndose<\/p>","protected":false},"featured_media":30728,"comment_status":"open","ping_status":"closed","template":"","meta":[],"product_brand":[],"product_cat":[76],"product_tag":[602,1515,1516,2286,201,199,787,1519,795,1126,1476,1517,794,1514,1513,1522,1518,1520,774,511,290,1525,2469,366,1521,8905,133],"class_list":{"0":"post-30727","1":"product","2":"type-product","3":"status-publish","4":"has-post-thumbnail","6":"product_cat-hdd-drive","7":"product_tag-1tb","8":"product_tag-1tb-hard-drive","9":"product_tag-2tb-hdd","10":"product_tag-backup","11":"product_tag-compatible","12":"product_tag-data","13":"product_tag-desktop","14":"product_tag-desktop-hdd","15":"product_tag-drive","16":"product_tag-expansion","17":"product_tag-external","18":"product_tag-external-hard-drive","19":"product_tag-hard","20":"product_tag-hard-drive","21":"product_tag-hdd","22":"product_tag-hdd-price","23":"product_tag-internal-hard-drive","24":"product_tag-laptop-hdd","25":"product_tag-mac","26":"product_tag-memory","27":"product_tag-portable","28":"product_tag-ps4","29":"product_tag-ps5","30":"product_tag-silver","31":"product_tag-storage-hard-drive","32":"product_tag-suhsai","33":"product_tag-usb","35":"first","36":"instock","37":"shipping-taxable","38":"product-type-external"},"_links":{"self":[{"href":"https:\/\/comprasyconsejos.store\/en\/wp-json\/wp\/v2\/product\/30727","targetHints":{"allow":["GET"]}}],"collection":[{"href":"https:\/\/comprasyconsejos.store\/en\/wp-json\/wp\/v2\/product"}],"about":[{"href":"https:\/\/comprasyconsejos.store\/en\/wp-json\/wp\/v2\/types\/product"}],"replies":[{"embeddable":true,"href":"https:\/\/comprasyconsejos.store\/en\/wp-json\/wp\/v2\/comments?post=30727"}],"version-history":[{"count":0,"href":"https:\/\/comprasyconsejos.store\/en\/wp-json\/wp\/v2\/product\/30727\/revisions"}],"wp:featuredmedia":[{"embeddable":true,"href":"https:\/\/comprasyconsejos.store\/en\/wp-json\/wp\/v2\/media\/30728"}],"wp:attachment":[{"href":"https:\/\/comprasyconsejos.store\/en\/wp-json\/wp\/v2\/media?parent=30727"}],"wp:term":[{"taxonomy":"product_brand","embeddable":true,"href":"https:\/\/comprasyconsejos.store\/en\/wp-json\/wp\/v2\/product_brand?post=30727"},{"taxonomy":"product_cat","embeddable":true,"href":"https:\/\/comprasyconsejos.store\/en\/wp-json\/wp\/v2\/product_cat?post=30727"},{"taxonomy":"product_tag","embeddable":true,"href":"https:\/\/comprasyconsejos.store\/en\/wp-json\/wp\/v2\/product_tag?post=30727"}],"curies":[{"name":"wp","href":"https:\/\/api.w.org\/{rel}","templated":true}]}}