{"id":30736,"date":"2026-02-22T11:20:56","date_gmt":"2026-02-22T11:20:56","guid":{"rendered":"https:\/\/comprasyconsejos.store\/product\/sabrent-tool-free-m-2-nvme-ssd-to-pcie-x16-adapter-with-aluminum-heatsink-pcie-adapter-for-gen5-pcie-5-0-ssd-previous-generation-compatible-ec-tfpe\/"},"modified":"2026-02-22T11:20:58","modified_gmt":"2026-02-22T11:20:58","slug":"sabrent-tool-free-m-2-nvme-ssd-to-pcie-x16-adapter-with-aluminum-heatsink-pcie-adapter-for-gen5-pcie-5-0-ssd-previous-generation-compatible-ec-tfpe","status":"publish","type":"product","link":"https:\/\/comprasyconsejos.store\/en\/product\/sabrent-tool-free-m-2-nvme-ssd-to-pcie-x16-adapter-with-aluminum-heatsink-pcie-adapter-for-gen5-pcie-5-0-ssd-previous-generation-compatible-ec-tfpe\/","title":{"rendered":"SABRENT Tool-Free M.2 NVMe SSD to PCIe x16 Adapter with Aluminum Heatsink | PCIe Adapter for Gen5 PCIe 5.0 SSD, Previous Generation Compatible [EC-TFPE]"},"content":{"rendered":"<p>Price: <span style=\"color:#b12704\"><del>\u20ac22.99<\/del> - \u20ac19.54<\/span><br \/><i><small>(as of Feb 22, 2026 11:20:56 UTC &#8211; <span class=\"wp_automatic_amazon_disclaimer\" title=\"Product prices and availability are accurate as of the date\/time indicated and are subject to change. Any price and availability information displayed on [relevant Amazon Site(s), as applicable] at the time of purchase will apply to the purchase of this product.\">Details<\/span>)<\/small><\/i><\/p>\n<p><a href=\"https:\/\/amazon.es\/dp\/B0CQZ6SYD1?tag=man008-21\"><img decoding=\"async\" src=\"https:\/\/valvepress.s3.amazonaws.com\/imgs\/buy_now.png\"><\/a><br \/>\n<\/p>\n<p>                                             Product Description   <\/p>\n<p>                                                                                                                <img decoding=\"async\" alt=\"de\" src=\"https:\/\/m.media-amazon.com\/images\/S\/aplus-media-library-service-media\/c730cb6c-acf1-471b-9784-b44061a8469a.__CR0,0,1464,600_PT0_SX1464_V1___.jpg\">                                                                                           SSD M.2 NVMe a PCIe x16                                       <\/p>\n<p class=\"description aplus-p1\"> Disfrute de r\u00e1pidas velocidades de transferencia de hasta 16 GB\/s  a trav\u00e9s de carriles x4 PCIe 5.0 <\/p>\n<p>                                                      <img decoding=\"async\" alt=\"de\" src=\"https:\/\/m.media-amazon.com\/images\/S\/aplus-media-library-service-media\/8b5b28d3-bb48-40d4-b981-7259974f5e78.__CR0,0,1464,600_PT0_SX1464_V1___.jpg\">                                                                                           M\u00e1ximo rendimiento                                       <\/p>\n<p class=\"description aplus-p1\"> Dise\u00f1adas para obtener el m\u00e1ximo rendimiento de las SSD M.2 NVMe <\/p>\n<p>                                                      <img decoding=\"async\" alt=\"de\" src=\"https:\/\/m.media-amazon.com\/images\/S\/aplus-media-library-service-media\/c38604e4-d459-44bc-b506-0418f3d3d47b.__CR0,0,1464,600_PT0_SX1464_V1___.jpg\">                                                                                           Estabilidad                                       <\/p>\n<p class=\"description aplus-p1\"> Dise\u00f1ado para una interfaz f\u00edsica PCIe x16 para la m\u00e1xima estabilidad <\/p>\n<p>                            1 SSD M.2 NVMe a PCIe x16 <\/p>\n<p>                            2 M\u00e1ximo rendimiento <\/p>\n<p>                            3 Estabilidad <\/p>\n<p>                                                                <img decoding=\"async\" alt=\"\" src=\"https:\/\/images-na.ssl-images-amazon.com\/images\/G\/01\/x-locale\/common\/grey-pixel.gif\" class=\"a-lazy-loaded\" data-src=\"https:\/\/m.media-amazon.com\/images\/S\/aplus-media-library-service-media\/ee385fe8-2c10-43d6-b7b4-83e18cbde8b7.__CR0,0,1464,600_PT0_SX1464_V1___.jpg\"><img decoding=\"async\" alt=\"\" src=\"https:\/\/m.media-amazon.com\/images\/S\/aplus-media-library-service-media\/ee385fe8-2c10-43d6-b7b4-83e18cbde8b7.__CR0,0,1464,600_PT0_SX1464_V1___.jpg\">        <\/p>\n<p>                                                                                                       <img decoding=\"async\" alt=\"de\" src=\"https:\/\/images-na.ssl-images-amazon.com\/images\/G\/01\/x-locale\/common\/grey-pixel.gif\" class=\"a-lazy-loaded\" data-src=\"https:\/\/m.media-amazon.com\/images\/S\/aplus-media-library-service-media\/db4f78b8-ea7b-4c38-b54c-e0d4be580fe0.__CR0,0,1464,600_PT0_SX1464_V1___.jpg\"><img decoding=\"async\" alt=\"de\" src=\"https:\/\/m.media-amazon.com\/images\/S\/aplus-media-library-service-media\/db4f78b8-ea7b-4c38-b54c-e0d4be580fe0.__CR0,0,1464,600_PT0_SX1464_V1___.jpg\">                                               <\/p>\n<p>The video showcases the product in use.The video guides you through product setup.The video compares multiple products.The video shows the product being unpacked.<\/p>\n<p class=\"description\"> La Tarjeta Add-In Sabrent M.2 NVMe SSD a PCIe x16 Sin Herramientas (AIC) con Disipador de Calor de Aluminio (EC-TFPE) es una actualizaci\u00f3n a nuestra extremadamente popular Tarjeta NVMe M.2 SSD a PCIe (EC-PCIE). El EC-TFPE est\u00e1 dise\u00f1ada para manejar los SSD m\u00e1s recientes a velocidades Gen5 y puede mantenerlos funcionando frescos \u2013 y silenciosos \u2013 con su disipador de calor de aluminio integrado y almohadilla t\u00e9rmica. La tarjeta es sin herramientas con un conector f\u00edsico x16 para estabilidad f\u00edsica, pero puede ajustarse a algunos slots PCIe x4\/x8. La tarjeta se conecta el\u00e9ctricamente a x4 PCIe para un rendimiento m\u00e1ximo del SSD y funcionar\u00e1 en slots de generaciones anteriores de PCIe a sus velocidades respectivas, as\u00ed como en slots de futuras generaciones de PCIe a velocidades de hasta 5.0. <\/p>\n<p class=\"description\"> El dise\u00f1o sin herramientas permite una instalaci\u00f3n f\u00e1cil del SSD en la tarjeta add-in. Nunca ha sido tan f\u00e1cil a\u00f1adir r\u00e1pidamente m\u00e1s almacenamiento r\u00e1pido a tu sistema sin preocuparte por tornillos adicionales, ruidos extra o pasos adicionales. La tarjeta es compatible con SSDs NVMe de clave M y tambi\u00e9n con SSDs m\u00e1s antiguos de clave B+M PCIe (AHCI\/NVMe) en los factores de forma M.2 2230 \/ 2242 \/ 2260 \/ 2280 para m\u00e1xima flexibilidad. Esto facilita la adici\u00f3n de otro SSD a tu sistema, ya sea nuevo o viejo. Se recomienda el soporte completo de NVMe, que requiere compatibilidad con la placa base y un sistema operativo m\u00e1s reciente. Se soportan versiones compatibles de Windows, macOS y Linux, y puedes gestionar f\u00e1cilmente tus unidades con el software apropiado. <\/p>\n<p> Product Dimensions                                            \u200f                                            :                                            \u200e                                            10.92 x 4.32 x 1.7 cm; 87.88 g   <br \/> Manufacturer                                            \u200f                                            :                                            \u200e                                            SABRENT   <br \/> ASIN                                            \u200f                                            :                                            \u200e                                            B0CQZ6SYD1   <br \/> Item model number                                            \u200f                                            :                                            \u200e                                            EC-TFPE   <br \/> Country\/Region of Origin                                            \u200f                                            :                                            \u200e                                            China   <br \/> Guaranteed software updates until                                            \u200f                                            :                                            \u200e                                            unknown   <br \/>  Customer reviews:                                                                                            4.6               4.6 out of 5 stars                                  (496)                                              var dpAcrHasRegisteredArcLinkClickAction;                    P.when(&#8216;A&#8217;, &#8216;ready&#8217;).execute(function(A) {                        if (dpAcrHasRegisteredArcLinkClickAction !== true) {                            dpAcrHasRegisteredArcLinkClickAction = true;                            A.declarative(                                &#8216;acrLink-click-metrics&#8217;, &#8216;click&#8217;,                                { \u00aballowLinkDefault\u00bb: true },                                function (event) {                                    if (window.ue) {                                        ue.count(\u00abacrLinkClickCount\u00bb, (ue.count(\u00abacrLinkClickCount\u00bb) || 0) + 1);                                    }                                }                            );                        }                    });                                             P.when(&#8216;A&#8217;, &#8216;cf&#8217;).execute(function(A) {                A.declarative(&#8216;acrStarsLink-click-metrics&#8217;, &#8216;click&#8217;, { \u00aballowLinkDefault\u00bb : true },  function(event){                    if(window.ue) {                        ue.count(\u00abacrStarsLinkWithPopoverClickCount\u00bb, (ue.count(\u00abacrStarsLinkWithPopoverClickCount\u00bb) || 0) + 1);                    }                });            });                          <\/p>\n<p>Additional NVMe: Our NVMe M.2 SSD to PCIe (EC-PCIE) pcie m.2 card just got better. The New EC-TFPE Card works similarly but is capable of handling the latest Gen5 SSDs. This PCIe nvme adapter is designed to be easy to use, but also to keep your SSDs running cool and quiet.<br \/>Maximum Performance: This PCIe NVMe card connects up to x4 PCIe 5.0 for transfer speeds up to 16GBps (bi-directional) but is backward compatible with previous PCIe link speeds. It is designed with an x16 connector for maximum physical stability but can fit into some PCIe x4\/x8 slots. Add and go!<br \/>M.2 For You: This NVMe m2 to PCIe card is designed for any generation M.2 key NVMe SSDs, at their respective speeds. This includes units in the M.2 form factors 2230 \/ 2242 \/ 2260 \/ 2280. Also compatible with older B+M key PCIe SSD (AHCI\/NVMe). Simply install your unit and enjoy.<br \/>Cool and quiet: The complementary NVMe card includes built-in aluminum heatsink and thermal padding to ensure your new SSD stays cool. No slowdowns. No active cooling is needed, so forget about the extra noise when using even the fastest SSDs with the m.2 PCI Express card.<br \/>It&#8217;s SABRENT: This PCIe m2 ssd card will work with older systems, but please make sure the host system is NVMe compatible first. This PCIe ssd card will work in any PCIe slot at its rated speed, up to a maximum of 5.0. Visit the Sabrent website to register your product for technical support.<\/p>\n\n","protected":false},"excerpt":{"rendered":"<p> Product Description SSD M.2 NVMe a PCIe x16 Disfrute de r\u00e1pidas velocidades de transferencia de<\/p>","protected":false},"featured_media":30737,"comment_status":"open","ping_status":"closed","template":"","meta":[],"product_brand":[],"product_cat":[81],"product_tag":[1455,1457,144,435,1468,201,8907,1461,3377,1628,1301,1119,1459,822,1452,624,1465,8906,4692,1463,513,1466,4399,4664],"class_list":{"0":"post-30736","1":"product","2":"type-product","3":"status-publish","4":"has-post-thumbnail","6":"product_cat-ssd-drive","7":"product_tag-1tb-ssd","8":"product_tag-512gb-ssd","9":"product_tag-adapter","10":"product_tag-aluminum","11":"product_tag-best-ssd","12":"product_tag-compatible","13":"product_tag-ectfpe","14":"product_tag-gaming-ssd","15":"product_tag-gen5","16":"product_tag-generation","17":"product_tag-heatsink","18":"product_tag-m-2","19":"product_tag-m-2-ssd","20":"product_tag-nvme","21":"product_tag-nvme-ssd","22":"product_tag-pcie","23":"product_tag-portable-ssd","24":"product_tag-previous","25":"product_tag-sabrent","26":"product_tag-sata-ssd","27":"product_tag-ssd","28":"product_tag-ssd-price","29":"product_tag-toolfree","30":"product_tag-x16","32":"first","33":"instock","34":"sale","35":"shipping-taxable","36":"product-type-external"},"_links":{"self":[{"href":"https:\/\/comprasyconsejos.store\/en\/wp-json\/wp\/v2\/product\/30736","targetHints":{"allow":["GET"]}}],"collection":[{"href":"https:\/\/comprasyconsejos.store\/en\/wp-json\/wp\/v2\/product"}],"about":[{"href":"https:\/\/comprasyconsejos.store\/en\/wp-json\/wp\/v2\/types\/product"}],"replies":[{"embeddable":true,"href":"https:\/\/comprasyconsejos.store\/en\/wp-json\/wp\/v2\/comments?post=30736"}],"version-history":[{"count":0,"href":"https:\/\/comprasyconsejos.store\/en\/wp-json\/wp\/v2\/product\/30736\/revisions"}],"wp:featuredmedia":[{"embeddable":true,"href":"https:\/\/comprasyconsejos.store\/en\/wp-json\/wp\/v2\/media\/30737"}],"wp:attachment":[{"href":"https:\/\/comprasyconsejos.store\/en\/wp-json\/wp\/v2\/media?parent=30736"}],"wp:term":[{"taxonomy":"product_brand","embeddable":true,"href":"https:\/\/comprasyconsejos.store\/en\/wp-json\/wp\/v2\/product_brand?post=30736"},{"taxonomy":"product_cat","embeddable":true,"href":"https:\/\/comprasyconsejos.store\/en\/wp-json\/wp\/v2\/product_cat?post=30736"},{"taxonomy":"product_tag","embeddable":true,"href":"https:\/\/comprasyconsejos.store\/en\/wp-json\/wp\/v2\/product_tag?post=30736"}],"curies":[{"name":"wp","href":"https:\/\/api.w.org\/{rel}","templated":true}]}}