{"id":30756,"date":"2026-02-22T11:40:25","date_gmt":"2026-02-22T11:40:25","guid":{"rendered":"https:\/\/comprasyconsejos.store\/product\/asus-dual-nvidia-geforce-rtx-3050-v2-oc-edition-gaming-graphics-card-pcie-4-0-8gb-gddr6-hdmi-2-1-displayport-1-4a-dvi-d-2-slot-design-axial-tech-0db-technology\/"},"modified":"2026-02-22T11:40:29","modified_gmt":"2026-02-22T11:40:29","slug":"asus-dual-nvidia-geforce-rtx-3050-v2-oc-edition-gaming-graphics-card-pcie-4-0-8gb-gddr6-hdmi-2-1-displayport-1-4a-dvi-d-2-slot-design-axial-tech-0db-technology","status":"publish","type":"product","link":"https:\/\/comprasyconsejos.store\/en\/product\/asus-dual-nvidia-geforce-rtx-3050-v2-oc-edition-gaming-graphics-card-pcie-4-0-8gb-gddr6-hdmi-2-1-displayport-1-4a-dvi-d-2-slot-design-axial-tech-0db-technology\/","title":{"rendered":"ASUS Dual NVIDIA GeForce RTX 3050 V2 OC Edition Gaming Graphics Card (PCIe 4.0, 8GB GDDR6, HDMI 2.1, DisplayPort 1.4a, DVI-D, 2-Slot Design, Axial-Tech, 0dB Technology)"},"content":{"rendered":"<p>Price: <span style=\"color:#b12704\">\u20ac257.90<\/span><br \/><i><small>(as of Feb 22, 2026 11:40:25 UTC &#8211; <span class=\"wp_automatic_amazon_disclaimer\" title=\"Product prices and availability are accurate as of the date\/time indicated and are subject to change. Any price and availability information displayed on [relevant Amazon Site(s), as applicable] at the time of purchase will apply to the purchase of this product.\">Details<\/span>)<\/small><\/i><\/p>\n<p><a href=\"https:\/\/amazon.es\/dp\/B0BY6XKC5K?tag=man008-21\"><img decoding=\"async\" src=\"https:\/\/valvepress.s3.amazonaws.com\/imgs\/buy_now.png\"><\/a><br \/>\n<\/p>\n<p>                                             From the manufacturer   <\/p>\n<p>                                                      <img decoding=\"async\" alt=\" \" src=\"https:\/\/images-na.ssl-images-amazon.com\/images\/G\/01\/x-locale\/common\/grey-pixel.gif\" class=\"a-spacing-mini a-lazy-loaded\" data-src=\"https:\/\/m.media-amazon.com\/images\/S\/aplus-media-library-service-media\/12b894f2-fbda-450d-b13c-b1f63a54f8fd.__CR0,0,300,400_PT0_SX300_V1___.png\"><img decoding=\"async\" alt=\" \" src=\"https:\/\/m.media-amazon.com\/images\/S\/aplus-media-library-service-media\/12b894f2-fbda-450d-b13c-b1f63a54f8fd.__CR0,0,300,400_PT0_SX300_V1___.png\">  <\/p>\n<p>                                                              <img decoding=\"async\" alt=\" \" src=\"https:\/\/images-na.ssl-images-amazon.com\/images\/G\/01\/x-locale\/common\/grey-pixel.gif\" class=\"a-spacing-mini a-lazy-loaded\" data-src=\"https:\/\/m.media-amazon.com\/images\/S\/aplus-media-library-service-media\/b97c4ce1-f350-4308-8991-21724d7df19a.__CR0,0,350,175_PT0_SX350_V1___.jpg\"><img decoding=\"async\" alt=\" \" src=\"https:\/\/m.media-amazon.com\/images\/S\/aplus-media-library-service-media\/b97c4ce1-f350-4308-8991-21724d7df19a.__CR0,0,350,175_PT0_SX350_V1___.jpg\">                                                                 <\/p>\n<p class=\"a-spacing-small a-size-small a-color-secondary\"> ASUS es una empresa multinacional establecida en Taiw\u00e1n desde 1989 que dise\u00f1a y fabrica hardware de inform\u00e1tica y electr\u00f3nica de consumo. Dedicada a crear soluciones que proporcionan una vida m\u00e1s inteligente. En ASUS somos unos verdaderos apasionados de la innovaci\u00f3n tecnol\u00f3gica. So\u00f1amos con crear una vida digital sencilla y completa para todos, por eso siempre andamos en busca de nuevas ideas que nos permitan ofrecer las experiencias m\u00e1s incre\u00edbles. <\/p>\n<h3 class=\"a-spacing-mini\"> ASUS Dual GeForce RTX 3050 V2 OC Edition 8GB GDDR6 <\/h3>\n<p class=\"a-spacing-base\"> Tarjeta gr\u00e1fica ASUS Dual GeForce RTX 3050 V2 OC Edition (PCIe 4.0, 8 GB GDDR6, HDMI 2.1, DisplayPort 1.4a) <\/p>\n<p>                                                          Multiprocesadores NVIDIA Ampere Streaming: El nuevo Ampere SM multiplica por 2 el rendimiento FP32 y mejora la eficiencia energ\u00e9tica       N\u00facleos RT de 2\u00aa generaci\u00f3n: Experimenta un rendimiento 2 veces superior al de los n\u00facleos RT de 1\u00aa generaci\u00f3n, adem\u00e1s de RT y sombreado simult\u00e1neos.       N\u00facleos Tensoriales de 3\u00aa Generaci\u00f3n: Consigue hasta 2 veces m\u00e1s rendimiento con sparsity estructural y algoritmos avanzados de IA como DLSS.       El dise\u00f1o del ventilador Axial-tech presenta un n\u00facleo m\u00e1s peque\u00f1o que facilita unas aspas m\u00e1s largas y un anillo de protecci\u00f3n que aumenta la presi\u00f3n del aire hacia abajo       Un dise\u00f1o de 2 ranuras maximiza la compatibilidad y la eficacia de la refrigeraci\u00f3n para un rendimiento superior en chasis peque\u00f1os       La tecnolog\u00eda 0dB te permite disfrutar de juegos ligeros en relativo silencio       GPU Tweak III proporciona ajustes intuitivos de rendimiento, controles t\u00e9rmicos y monitorizaci\u00f3n del sistema      <\/p>\n<p class=\"apm-text-center\">\n                                                      <img decoding=\"async\" alt=\" \" src=\"https:\/\/images-na.ssl-images-amazon.com\/images\/G\/01\/x-locale\/common\/grey-pixel.gif\" class=\"a-spacing-mini a-lazy-loaded\" data-src=\"https:\/\/m.media-amazon.com\/images\/S\/aplus-media-library-service-media\/424990f6-a61c-4562-88e1-17b484c35eca.__CR0,0,300,300_PT0_SX300_V1___.png\"><img decoding=\"async\" alt=\" \" src=\"https:\/\/m.media-amazon.com\/images\/S\/aplus-media-library-service-media\/424990f6-a61c-4562-88e1-17b484c35eca.__CR0,0,300,300_PT0_SX300_V1___.png\">  <\/p>\n<p>                                                    Dise\u00f1o de ventilador Axial-tech                                       <\/p>\n<p> Los dos ventiladores Axial-tech de eficacia probada incorporan un n\u00facleo m\u00e1s peque\u00f1o que facilita unas aspas m\u00e1s largas y un anillo de protecci\u00f3n para aumentar la presi\u00f3n del aire hacia abajo. Para eliminar ruidos innecesarios, un modo de parada detiene todos los ventiladores cuando la temperatura de la GPU cae por debajo de 50 grados y el consumo de energ\u00eda es bajo. <\/p>\n<p class=\"apm-text-center\">\n                                                      <img decoding=\"async\" alt=\" \" src=\"https:\/\/images-na.ssl-images-amazon.com\/images\/G\/01\/x-locale\/common\/grey-pixel.gif\" class=\"a-spacing-mini a-lazy-loaded\" data-src=\"https:\/\/m.media-amazon.com\/images\/S\/aplus-media-library-service-media\/d469279c-5fb2-4d84-a53e-427b3fdb1d4b.__CR0,0,300,300_PT0_SX300_V1___.png\"><img decoding=\"async\" alt=\" \" src=\"https:\/\/m.media-amazon.com\/images\/S\/aplus-media-library-service-media\/d469279c-5fb2-4d84-a53e-427b3fdb1d4b.__CR0,0,300,300_PT0_SX300_V1___.png\">  <\/p>\n<p>                                                    Dise\u00f1o de 2 ranuras                                       <\/p>\n<p> Una cubierta, un disipador y una disposici\u00f3n de los caloductos cuidadosamente dise\u00f1ada permiten que los dos ventiladores Axial-tech aprovechen la ventilaci\u00f3n del panel lateral del chasis y proporcionen un rendimiento t\u00e9rmico que contradice el tama\u00f1o de la tarjeta. <\/p>\n<p class=\"apm-text-center\">\n                                                      <img decoding=\"async\" alt=\" \" src=\"https:\/\/images-na.ssl-images-amazon.com\/images\/G\/01\/x-locale\/common\/grey-pixel.gif\" class=\"a-spacing-mini a-lazy-loaded\" data-src=\"https:\/\/m.media-amazon.com\/images\/S\/aplus-media-library-service-media\/7c9c9423-da0a-407f-ab52-22912d4d4e2c.__CR0,0,300,300_PT0_SX300_V1___.png\"><img decoding=\"async\" alt=\" \" src=\"https:\/\/m.media-amazon.com\/images\/S\/aplus-media-library-service-media\/7c9c9423-da0a-407f-ab52-22912d4d4e2c.__CR0,0,300,300_PT0_SX300_V1___.png\">  <\/p>\n<p>                                                    Tecnolog\u00eda Auto-Extreme                                       <\/p>\n<p> La tecnolog\u00eda Auto-Extreme es un proceso de fabricaci\u00f3n automatizado que permite que todas las soldaduras se realicen en una sola pasada. Esto reduce la tensi\u00f3n t\u00e9rmica sobre los componentes y evita el uso de productos qu\u00edmicos de limpieza agresivos, lo que se traduce en un menor impacto medioambiental, un menor consumo de energ\u00eda de fabricaci\u00f3n y un producto m\u00e1s fiable en general. <\/p>\n<p class=\"apm-text-center\">\n                                                      <img decoding=\"async\" alt=\" \" src=\"https:\/\/images-na.ssl-images-amazon.com\/images\/G\/01\/x-locale\/common\/grey-pixel.gif\" class=\"a-spacing-mini a-lazy-loaded\" data-src=\"https:\/\/m.media-amazon.com\/images\/S\/aplus-media-library-service-media\/2dbf8cd0-f578-45b9-96f9-23a9cdd00400.__CR0,0,300,300_PT0_SX300_V1___.png\"><img decoding=\"async\" alt=\" \" src=\"https:\/\/m.media-amazon.com\/images\/S\/aplus-media-library-service-media\/2dbf8cd0-f578-45b9-96f9-23a9cdd00400.__CR0,0,300,300_PT0_SX300_V1___.png\">  <\/p>\n<p>                                                    Placa trasera protectora                                       <\/p>\n<p> La placa de circuito impreso est\u00e1 reforzada por una placa posterior de aluminio que a\u00f1ade rigidez estructural, ayudando a evitar que se doble y a proteger los componentes y las v\u00edas de trazado de posibles da\u00f1os. <\/p>\n<p class=\"apm-text-center\">\n                                                      <img decoding=\"async\" alt=\" \" src=\"https:\/\/images-na.ssl-images-amazon.com\/images\/G\/01\/x-locale\/common\/grey-pixel.gif\" class=\"a-spacing-mini a-lazy-loaded\" data-src=\"https:\/\/m.media-amazon.com\/images\/S\/aplus-media-library-service-media\/f0114ad7-ab95-4987-9d4d-c9ce1a73b70e.__CR0,0,300,300_PT0_SX300_V1___.png\"><img decoding=\"async\" alt=\" \" src=\"https:\/\/m.media-amazon.com\/images\/S\/aplus-media-library-service-media\/f0114ad7-ab95-4987-9d4d-c9ce1a73b70e.__CR0,0,300,300_PT0_SX300_V1___.png\">  <\/p>\n<p>                                                    Soporte de acero inoxidable                                       <\/p>\n<p> El soporte de montaje de la Dual se ha reforzado con acero inoxidable 304, m\u00e1s duro y resistente a la corrosi\u00f3n. <\/p>\n<p class=\"apm-text-center\">\n                                                      <img decoding=\"async\" alt=\" \" src=\"https:\/\/images-na.ssl-images-amazon.com\/images\/G\/01\/x-locale\/common\/grey-pixel.gif\" class=\"a-spacing-mini a-lazy-loaded\" data-src=\"https:\/\/m.media-amazon.com\/images\/S\/aplus-media-library-service-media\/1b711c47-80a5-4d03-b6da-e679e8b78a34.__CR0,0,300,300_PT0_SX300_V1___.png\"><img decoding=\"async\" alt=\" \" src=\"https:\/\/m.media-amazon.com\/images\/S\/aplus-media-library-service-media\/1b711c47-80a5-4d03-b6da-e679e8b78a34.__CR0,0,300,300_PT0_SX300_V1___.png\">  <\/p>\n<p>                                                    Iluminaci\u00f3n sutil                                       <\/p>\n<p> La cubierta presenta una sutil tira iluminada que crea un elegante acento para tu build. <\/p>\n<p class=\"apm-text-center\">\n                                                      <img decoding=\"async\" alt=\" \" src=\"https:\/\/images-na.ssl-images-amazon.com\/images\/G\/01\/x-locale\/common\/grey-pixel.gif\" class=\"a-spacing-mini a-lazy-loaded\" data-src=\"https:\/\/m.media-amazon.com\/images\/S\/aplus-media-library-service-media\/48ae8216-0885-4574-9d14-60785e5aaf3b.__CR0,0,300,300_PT0_SX300_V1___.png\"><img decoding=\"async\" alt=\" \" src=\"https:\/\/m.media-amazon.com\/images\/S\/aplus-media-library-service-media\/48ae8216-0885-4574-9d14-60785e5aaf3b.__CR0,0,300,300_PT0_SX300_V1___.png\">  <\/p>\n<p>                                                    GEFORCE RTX SERIE 30                                       <\/p>\n<p> Las GPU GeForce RTX Serie 30 proporcionan el m\u00e1ximo rendimiento para jugadores y creadores. Est\u00e1n equipadas con Ampere (la arquitectura RTX de 2\u00aa generaci\u00f3n de NVIDIA), nuevos n\u00facleos RT, n\u00facleos tensoriales y multiprocesadores de streaming para conseguir los gr\u00e1ficos de trazado de rayos m\u00e1s realistas y las funciones de IA m\u00e1s avanzadas. <\/p>\n<p class=\"apm-text-center\">\n                                                      <img decoding=\"async\" alt=\" \" src=\"https:\/\/images-na.ssl-images-amazon.com\/images\/G\/01\/x-locale\/common\/grey-pixel.gif\" class=\"a-spacing-mini a-lazy-loaded\" data-src=\"https:\/\/m.media-amazon.com\/images\/S\/aplus-media-library-service-media\/970a8049-84d6-4c5f-808c-98a796b159d0.__CR0,0,300,300_PT0_SX300_V1___.png\"><img decoding=\"async\" alt=\" \" src=\"https:\/\/m.media-amazon.com\/images\/S\/aplus-media-library-service-media\/970a8049-84d6-4c5f-808c-98a796b159d0.__CR0,0,300,300_PT0_SX300_V1___.png\">  <\/p>\n<p>                                                    RTX. IT&#8217;S ON.                                       <\/p>\n<p> NVIDIA RTX es la plataforma m\u00e1s avanzada para tecnolog\u00edas de trazado de rayos e IA que est\u00e1n revolucionando nuestra forma de jugar y crear. M\u00e1s de 150 juegos y aplicaciones utilizan RTX para proporcionar gr\u00e1ficos realistas con un rendimiento incre\u00edblemente r\u00e1pido o nuevas funciones de IA de vanguardia como NVIDIA DLSS y NVIDIA Broadcast. <\/p>\n<p class=\"apm-text-center\">\n                                                      <img decoding=\"async\" alt=\" \" src=\"https:\/\/images-na.ssl-images-amazon.com\/images\/G\/01\/x-locale\/common\/grey-pixel.gif\" class=\"a-spacing-mini a-lazy-loaded\" data-src=\"https:\/\/m.media-amazon.com\/images\/S\/aplus-media-library-service-media\/27b31c4d-32a4-43b3-930d-1e2f1056f055.__CR0,0,300,300_PT0_SX300_V1___.png\"><img decoding=\"async\" alt=\" \" src=\"https:\/\/m.media-amazon.com\/images\/S\/aplus-media-library-service-media\/27b31c4d-32a4-43b3-930d-1e2f1056f055.__CR0,0,300,300_PT0_SX300_V1___.png\">  <\/p>\n<p>                                                    CONSIGUE UN RENDIMIENTO M\u00c1S R\u00c1PIDO CON NVIDIA DLSS                                       <\/p>\n<p> Consigue un aumento del rendimiento con NVIDIA DLSS (Deep Learning Super Sampling). Los n\u00facleos tensoriales especializados en IA de las GPU GeForce RTX aumentan la velocidad de tus juegos con una calidad de imagen sin concesiones. Esto te permite aumentar los ajustes y la resoluci\u00f3n para disfrutar de una experiencia visual a\u00fan mejor. <\/p>\n<p>                                              <img decoding=\"async\" alt=\"\" src=\"https:\/\/m.media-amazon.com\/images\/S\/aplus-media-library-service-media\/94fe8536-3474-4b8c-8fe0-ba04ab0d7fe2.__CR0,0,150,300_PT0_SX150_V1___.png\" width=\"148.0px\"> <\/p>\n<p>                                              ASUS Phoenix GeForce GTX 1650 EVO OC Edition 4GB GDDR6 <\/p>\n<p>                         Add To Basket  <\/p>\n<p>                         Add To Basket  <\/p>\n<p>                         Add To Basket  <\/p>\n<p>                             Customer Reviews  <\/p>\n<p>                    4.3 out of 5 stars  47  <\/p>\n<p>                    4.6 out of 5 stars  436  <\/p>\n<p>                    4.6 out of 5 stars  436  <\/p>\n<p>                    4.6 out of 5 stars  691  <\/p>\n<p>                \u2014         <\/p>\n<p>                             Price  <\/p>\n<p>                                            \u2014 no data<br \/>\n                                                       \u20ac257.90\u20ac257.90                  \u20ac257.90\u20ac257.90                  \u20ac489.00\u20ac489.00<br \/>\n                                            \u2014 no data<\/p>\n<p>                             Engine Clock (OC)<br \/>\n                                1807 MHz (Boost Clock)               1852 MHz (Boost Clock)               1807 MHz (Boost Clock)               1852 MHz (Boost Clock)                  1635 MHz (Boost Clock)        <\/p>\n<p>                             Engine Clock (Default)<br \/>\n                                1777 MHz (Boost Clock)               1822 MHz (Boost Clock)               1777 MHz (Boost Clock)               1822 MHz (Boost Clock)                  1605 MHz (Boost Clock)        <\/p>\n<p>                             Fan Technology<br \/>\n                                Axial-tech Fans Dual Ball Fan Bearings               Axial-tech Fans               Axial-tech Fans, Dual Ball Fan Bearings               Axial-tech Fans                  Dual ball fan bearings        <\/p>\n<p>                             Thermal Technology<br \/>\n                                2-slot Design               2-slot Design               2-slot Design               2-slot Design                    no data<\/p>\n<p>                             Interface<br \/>\n                                Yes x 1 (Native DVI-D) Yes x 1 (Native HDMI 2.1) Yes x 1 (Native DisplayPort 1.4a) HDCP Support Yes (2.3)               Yes x 1 (Native HDMI 2.1) Yes x 3 (Native DisplayPort 1.4a) HDCP Support Yes (2.3)               Yes x 1 (Native DVI-D) Yes x 1 (Native HDMI 2.1) Yes x 1 (Native DisplayPort 1.4a) HDCP Support Yes (2.3)               Yes x 1 (Native HDMI 2.1) Yes x 3 (Native DisplayPort 1.4a) HDCP Support Yes (2.3)                  DVI-D HDMI 2.0b DisplayPort 1.4a HDCP        <\/p>\n<p>                             Dimension<br \/>\n                                178 x 128 x 40 mm               200 x 123 x 38 mm               178 x 128 x 40 mm               200 x 123 x 38 mm                  197 x 121 x 39 mm        <\/p>\n<p> Batteries                                            \u200f                                            :                                            \u200e                                            1 AA batteries required.   <br \/> Language                                            \u200f                                            :                                            \u200e                                            Italian   <br \/> Product Dimensions                                            \u200f                                            :                                            \u200e                                            12.3 x 3.8 x 0.25 cm; 680 g   <br \/> Manufacturer                                            \u200f                                            :                                            \u200e                                            ASUS   <br \/> ASIN                                            \u200f                                            :                                            \u200e                                            B0BY6XKC5K   <br \/> Item model number                                            \u200f                                            :                                            \u200e                                            90YV0GH6-M0NA00   <br \/> Guaranteed software updates until                                            \u200f                                            :                                            \u200e                                            unknown   <br \/>  Customer reviews:                                                                                            4.6               4.6 out of 5 stars                                  (436)                                              var dpAcrHasRegisteredArcLinkClickAction;                    P.when(&#8216;A&#8217;, &#8216;ready&#8217;).execute(function(A) {                        if (dpAcrHasRegisteredArcLinkClickAction !== true) {                            dpAcrHasRegisteredArcLinkClickAction = true;                            A.declarative(                                &#8216;acrLink-click-metrics&#8217;, &#8216;click&#8217;,                                { \u00aballowLinkDefault\u00bb: true },                                function (event) {                                    if (window.ue) {                                        ue.count(\u00abacrLinkClickCount\u00bb, (ue.count(\u00abacrLinkClickCount\u00bb) || 0) + 1);                                    }                                }                            );                        }                    });                                             P.when(&#8216;A&#8217;, &#8216;cf&#8217;).execute(function(A) {                A.declarative(&#8216;acrStarsLink-click-metrics&#8217;, &#8216;click&#8217;, { \u00aballowLinkDefault\u00bb : true },  function(event){                    if(window.ue) {                        ue.count(\u00abacrStarsLinkWithPopoverClickCount\u00bb, (ue.count(\u00abacrStarsLinkWithPopoverClickCount\u00bb) || 0) + 1);                    }                });            });                          <\/p>\n<p>NVIDIA Ampere Streaming Multiprocessors: The new Ampere SM multiplies FP32 capacity by 2 and improves energy efficiency.<br \/>2nd Generation RT Cores: Multiplies the processing capacity of first-generation RT cores by 2, while providing simultaneous RT and shading to deliver a new level of ray tracing performance<br \/>3rd Gen Tensor Cores &#8211; Get up to twice the performance with structural Sparsity and advanced AI algorithms like DLSS; these cores provide a massive boost in gaming performance and AI features<br \/>OC Edition: Accelerator Clock 1852 MHz<br \/>The Axial-tech fan design features a smaller hub that facilitates longer blades and a thinner barrier ring that provides better airflow through the cooling matrix.<\/p>\n\n","protected":false},"excerpt":{"rendered":"<p> From the manufacturer ASUS es una empresa multinacional establecida en Taiw\u00e1n desde 1989 que dise\u00f1a<\/p>","protected":false},"featured_media":30757,"comment_status":"open","ping_status":"closed","template":"","meta":[],"product_brand":[],"product_cat":[75],"product_tag":[1439,1436,1437,622,1432,1427,850,1438,1433,1420,939,1099,298,5106,964,617,1428,1435,620,599,644,1425,544,821,1426,624,621,1429,1430,1431,385],"class_list":{"0":"post-30756","1":"product","2":"type-product","3":"status-publish","4":"has-post-thumbnail","6":"product_cat-graphics-cards","7":"product_tag-0db","8":"product_tag-1-4a","9":"product_tag-2slot","10":"product_tag-8gb","11":"product_tag-8gb-graphics-card","12":"product_tag-amd-radeon-gpu","13":"product_tag-asus","14":"product_tag-axialtech","15":"product_tag-best-gpu","16":"product_tag-card","17":"product_tag-design","18":"product_tag-displayport","19":"product_tag-dual","20":"product_tag-dvid","21":"product_tag-edition","22":"product_tag-gaming","23":"product_tag-gaming-graphics-card","24":"product_tag-gddr6","25":"product_tag-geforce","26":"product_tag-gpu","27":"product_tag-graphics","28":"product_tag-graphics-card","29":"product_tag-hdmi","30":"product_tag-nvidia","31":"product_tag-nvidia-rtx-graphics-card","32":"product_tag-pcie","33":"product_tag-rtx","34":"product_tag-rtx-4060","35":"product_tag-rtx-4070","36":"product_tag-rtx-4080","37":"product_tag-technology","39":"first","40":"instock","41":"shipping-taxable","42":"product-type-external"},"_links":{"self":[{"href":"https:\/\/comprasyconsejos.store\/en\/wp-json\/wp\/v2\/product\/30756","targetHints":{"allow":["GET"]}}],"collection":[{"href":"https:\/\/comprasyconsejos.store\/en\/wp-json\/wp\/v2\/product"}],"about":[{"href":"https:\/\/comprasyconsejos.store\/en\/wp-json\/wp\/v2\/types\/product"}],"replies":[{"embeddable":true,"href":"https:\/\/comprasyconsejos.store\/en\/wp-json\/wp\/v2\/comments?post=30756"}],"version-history":[{"count":0,"href":"https:\/\/comprasyconsejos.store\/en\/wp-json\/wp\/v2\/product\/30756\/revisions"}],"wp:featuredmedia":[{"embeddable":true,"href":"https:\/\/comprasyconsejos.store\/en\/wp-json\/wp\/v2\/media\/30757"}],"wp:attachment":[{"href":"https:\/\/comprasyconsejos.store\/en\/wp-json\/wp\/v2\/media?parent=30756"}],"wp:term":[{"taxonomy":"product_brand","embeddable":true,"href":"https:\/\/comprasyconsejos.store\/en\/wp-json\/wp\/v2\/product_brand?post=30756"},{"taxonomy":"product_cat","embeddable":true,"href":"https:\/\/comprasyconsejos.store\/en\/wp-json\/wp\/v2\/product_cat?post=30756"},{"taxonomy":"product_tag","embeddable":true,"href":"https:\/\/comprasyconsejos.store\/en\/wp-json\/wp\/v2\/product_tag?post=30756"}],"curies":[{"name":"wp","href":"https:\/\/api.w.org\/{rel}","templated":true}]}}