{"id":30788,"date":"2026-02-22T12:10:04","date_gmt":"2026-02-22T12:10:04","guid":{"rendered":"https:\/\/comprasyconsejos.store\/product\/portable-60-mechanical-gaming-keyboard-60-wired-gamer-keyboard-with-blue-switches-customization-led-backlit-61-keys-ultra-compact-mini-office-keyboard-for-pc-mac-xbox-easy-to-carry-on-travel\/"},"modified":"2026-02-22T12:10:08","modified_gmt":"2026-02-22T12:10:08","slug":"portable-60-mechanical-gaming-keyboard-60-wired-gamer-keyboard-with-blue-switches-customization-led-backlit-61-keys-ultra-compact-mini-office-keyboard-for-pc-mac-xbox-easy-to-carry-on-travel","status":"publish","type":"product","link":"https:\/\/comprasyconsejos.store\/en\/product\/portable-60-mechanical-gaming-keyboard-60-wired-gamer-keyboard-with-blue-switches-customization-led-backlit-61-keys-ultra-compact-mini-office-keyboard-for-pc-mac-xbox-easy-to-carry-on-travel\/","title":{"rendered":"Portable 60% Mechanical Gaming Keyboard, 60% Wired Gamer Keyboard with Blue Switches, Customization LED Backlit, 61 Keys, Ultra Compact Mini Office Keyboard for PC\/Mac\/Xbox, Easy to Carry on Travel"},"content":{"rendered":"<p>Price: <span style=\"color:#b12704\">\u20ac39.80<\/span><br \/><i><small>(as of Feb 22, 2026 12:10:04 UTC &#8211; <span class=\"wp_automatic_amazon_disclaimer\" title=\"Product prices and availability are accurate as of the date\/time indicated and are subject to change. Any price and availability information displayed on [relevant Amazon Site(s), as applicable] at the time of purchase will apply to the purchase of this product.\">Details<\/span>)<\/small><\/i><\/p>\n<p><a href=\"https:\/\/amazon.es\/dp\/B09P4Q7K9X?tag=man008-21\"><img decoding=\"async\" src=\"https:\/\/valvepress.s3.amazonaws.com\/imgs\/buy_now.png\"><\/a><br \/>\n<\/p>\n<p>                                             Product Description   <\/p>\n<p>                                                                             <img decoding=\"async\" alt=\"El texto dice \u00abCLAVIER M\u00c9CANIQUE AZERTY\u00bb. Vistas m\u00faltiples de un teclado mec\u00e1nico con teclas retroiluminadas RGB que muestran diferentes patrones de iluminaci\u00f3n y efectos sobre fondos oscuros.\" src=\"https:\/\/images-na.ssl-images-amazon.com\/images\/G\/01\/x-locale\/common\/grey-pixel.gif\" class=\"a-spacing-base a-lazy-loaded\" data-src=\"https:\/\/m.media-amazon.com\/images\/S\/aplus-media-library-service-media\/97ea8805-7a18-4dd9-a17f-9553242967cc.__CR0,0,970,600_PT0_SX970_V1___.jpg\"><img decoding=\"async\" alt=\"El texto dice \u00abCLAVIER M\u00c9CANIQUE AZERTY\u00bb. Vistas m\u00faltiples de un teclado mec\u00e1nico con teclas retroiluminadas RGB que muestran diferentes patrones de iluminaci\u00f3n y efectos sobre fondos oscuros.\" src=\"https:\/\/m.media-amazon.com\/images\/S\/aplus-media-library-service-media\/97ea8805-7a18-4dd9-a17f-9553242967cc.__CR0,0,970,600_PT0_SX970_V1___.jpg\">                                         <\/p>\n<h3 class=\"a-spacing-mini\"> Clavier de jeu m\u00e9canique CACKBIRD, format 60 %, votre meilleur alli\u00e9 \u00e0 la maison comme en d\u00e9placement. <\/h3>\n<p class=\"a-spacing-base\"> Design compact au format 60 %, id\u00e9al pour votre ordinateur portable. <\/p>\n<p class=\"a-spacing-base\"> Si vous voyagez ou travaillez souvent loin de chez vous, notre clavier portable est fait pour vous. Il se glisse facilement dans un sac \u00e0 dos et vous accompagne partout. <\/p>\n<p class=\"a-spacing-base\"> Dimensions du clavier : 29 x 10 x 3,3 cm (11,4 x 3,93 x 1,3 pouces). [Touches non interchangeables \u00e0 chaud] <\/p>\n<p class=\"a-spacing-base\"> Inversion des touches directionnelles pour une utilisation plus efficace. <\/p>\n<p class=\"a-spacing-base\"> Appuyez sur la touche FN et la barre d&#8217;espace pour inverser les touches \u00ab \/ \u00bb, \u00ab ALT \u00bb, \u00ab Ctrl \u00bb et \u00ab APP \u00bb en touches directionnelles. Appuyez de nouveau pour r\u00e9tablir la fonction initiale. Fini l&#8217;utilisation fastidieuse de la touche FN \u00e0 chaque fois que vous utilisez les fl\u00e8ches directionnelles ! <\/p>\n<p class=\"a-spacing-base\"> Anti-ghosting complet, installation facile. <\/p>\n<p class=\"a-spacing-base\"> Toutes les touches fonctionnent simultan\u00e9ment, vous permettant ainsi de profiter pleinement de vos jeux sans erreurs de programmation. Notre clavier m\u00e9canique est plug and play, tr\u00e8s simple d&#8217;utilisation et ne n\u00e9cessite aucun pilote. <\/p>\n<p class=\"a-spacing-base\"> Exp\u00e9rience de frappe confortable <\/p>\n<p class=\"a-spacing-base\"> Le clavier est dot\u00e9 de pieds pliables sous l&#8217;appareil, vous permettant d&#8217;ajuster l&#8217;angle de frappe pour un confort optimal. De plus, les pieds en caoutchouc antid\u00e9rapants assurent une stabilit\u00e9 parfaite pendant la frappe et les jeux. <\/p>\n<p class=\"a-spacing-base\"> Touches en ABS durable et r\u00e9sistantes \u00e0 la d\u00e9coloration <\/p>\n<p class=\"a-spacing-base\"> Les touches du clavier CACKBIRD sont fabriqu\u00e9es avec pr\u00e9cision pour une transmission uniforme de la lumi\u00e8re et une excellente lisibilit\u00e9 des couleurs et des lettres dans l&#8217;obscurit\u00e9. <\/p>\n<p class=\"a-spacing-base\"> Les lettres sur les touches sont r\u00e9sistantes aux rayures, \u00e0 la d\u00e9coloration et au flou. Vous n&#8217;aurez plus \u00e0 craindre que les lettres et les symboles s&#8217;effacent. <\/p>\n<p class=\"a-spacing-base\"> R\u00e9tro\u00e9clairage LED arc-en-ciel pour accompagner vos nuits <\/p>\n<p class=\"a-spacing-base\"> Choisissez parmi 18 effets lumineux diff\u00e9rents, 5 niveaux de vitesse de respiration et de luminosit\u00e9 (la lumi\u00e8re peut \u00e9galement \u00eatre \u00e9teinte), pour une exp\u00e9rience de jeu enrichie et une ambiance apaisante. <\/p>\n<p>                                                                             <img decoding=\"async\" alt=\"El texto dice \u00ab18 r\u00e9tro\u00e9clairages LED arc-en-ciel\u00bb. El teclado para videojuegos con retroiluminaci\u00f3n LED en forma de arco\u00edris se muestra en varios modos con diferentes patrones de color y efectos de iluminaci\u00f3n.\" src=\"https:\/\/images-na.ssl-images-amazon.com\/images\/G\/01\/x-locale\/common\/grey-pixel.gif\" class=\"a-spacing-base a-lazy-loaded\" data-src=\"https:\/\/m.media-amazon.com\/images\/S\/aplus-media-library-service-media\/21f69331-21f6-4519-ad34-e2950a6d349d.__CR0,0,970,600_PT0_SX970_V1___.jpg\"><img decoding=\"async\" alt=\"El texto dice \u00ab18 r\u00e9tro\u00e9clairages LED arc-en-ciel\u00bb. El teclado para videojuegos con retroiluminaci\u00f3n LED en forma de arco\u00edris se muestra en varios modos con diferentes patrones de color y efectos de iluminaci\u00f3n.\" src=\"https:\/\/m.media-amazon.com\/images\/S\/aplus-media-library-service-media\/21f69331-21f6-4519-ad34-e2950a6d349d.__CR0,0,970,600_PT0_SX970_V1___.jpg\">                                                                    <\/p>\n<p>                                                      <img decoding=\"async\" alt=\"El texto dice \u00ab1x Clavier m\u00e9canique CACKBIRD\u00bb, \u00ab1x Notice d&amp;#39;utilisation\u00bb, \u00ab1x Extracteur de touches\u00bb, \u00ab1x C\u00e2ble USB-C\u00bb. Teclado mec\u00e1nico RGB con teclas retroiluminadas en forma de arco\u00edris y los accesorios incluidos que se enumeran a continuaci\u00f3n.\" src=\"https:\/\/images-na.ssl-images-amazon.com\/images\/G\/01\/x-locale\/common\/grey-pixel.gif\" class=\"a-spacing-mini a-lazy-loaded\" data-src=\"https:\/\/m.media-amazon.com\/images\/S\/aplus-media-library-service-media\/6d4c9f42-b3e7-45c5-819a-77963512730c.__CR0,0,300,400_PT0_SX300_V1___.jpg\"><img decoding=\"async\" alt=\"El texto dice \u00ab1x Clavier m\u00e9canique CACKBIRD\u00bb, \u00ab1x Notice d&amp;#39;utilisation\u00bb, \u00ab1x Extracteur de touches\u00bb, \u00ab1x C\u00e2ble USB-C\u00bb. Teclado mec\u00e1nico RGB con teclas retroiluminadas en forma de arco\u00edris y los accesorios incluidos que se enumeran a continuaci\u00f3n.\" src=\"https:\/\/m.media-amazon.com\/images\/S\/aplus-media-library-service-media\/6d4c9f42-b3e7-45c5-819a-77963512730c.__CR0,0,300,400_PT0_SX300_V1___.jpg\">  <\/p>\n<p>                                                              <img decoding=\"async\" alt=\"aplus content image\" src=\"https:\/\/images-na.ssl-images-amazon.com\/images\/G\/01\/x-locale\/common\/grey-pixel.gif\" class=\"a-spacing-mini a-lazy-loaded\" data-src=\"https:\/\/m.media-amazon.com\/images\/S\/aplus-media-library-service-media\/f83d2e90-4aa9-42f2-b140-f2ee9741d0a8.__CR0,0,350,175_PT0_SX350_V1___.png\"><img decoding=\"async\" alt=\"aplus content image\" src=\"https:\/\/m.media-amazon.com\/images\/S\/aplus-media-library-service-media\/f83d2e90-4aa9-42f2-b140-f2ee9741d0a8.__CR0,0,350,175_PT0_SX350_V1___.png\">                                                                 <\/p>\n<p class=\"a-spacing-small a-size-small a-color-secondary\"> Durabilit\u00e9 : 800 millions de frappes <\/p>\n<p class=\"a-spacing-small a-size-small a-color-secondary\"> Nombre de touches : 61 <\/p>\n<p class=\"a-spacing-small a-size-small a-color-secondary\"> Interface : USB Type-C <\/p>\n<p class=\"a-spacing-small a-size-small a-color-secondary\"> Anti-ghosting : Oui <\/p>\n<p class=\"a-spacing-small a-size-small a-color-secondary\"> Dimensions : 29 x 10 x 3,3 cm <\/p>\n<p class=\"a-spacing-small a-size-small a-color-secondary\"> Poids : 515 g <\/p>\n<h3 class=\"a-spacing-mini\"> Tapez \u00e0 tout-va sur le clavier de jeu m\u00e9canique portable CACKBIRD ! <\/h3>\n<p class=\"a-spacing-base\"> Votre niveau de jeu d\u00e9pend de vos outils : nous avons la solution pour une r\u00e9activit\u00e9 optimale qui vous manquait ! Vivez une exp\u00e9rience de jeu unique. <\/p>\n<p>                                                          M\u00e9canique : 61 touches, puce de jeu int\u00e9gr\u00e9e, technologie de commutateurs m\u00e9caniques avanc\u00e9e pour une sensation de frappe plus agr\u00e9able.       Compatibilit\u00e9 : Compatible avec les ordinateurs dot\u00e9s d&#8217;un port USB-C, tels que Windows 2000\/XP\/Vista\/7\/8\/10.       \u00c9clairage : 18 modes d&#8217;\u00e9clairage LED par touche pour r\u00e9pondre aux besoins des joueurs, avec diff\u00e9rents effets lumineux selon le type de jeu.       Commutateurs bleus : Les commutateurs bleus r\u00e9duisent l&#8217;usure des ressorts et sont r\u00e9sistants \u00e0 l&#8217;eau et \u00e0 la poussi\u00e8re.      <\/p>\n<p class=\"apm-text-center\">\n                                                      <img decoding=\"async\" alt=\"aplus content image\" src=\"https:\/\/images-na.ssl-images-amazon.com\/images\/G\/01\/x-locale\/common\/grey-pixel.gif\" class=\"a-spacing-mini a-lazy-loaded\" data-src=\"https:\/\/m.media-amazon.com\/images\/S\/aplus-media-library-service-media\/83b5a9f7-2e42-4376-aca8-537e330f038e.__CR0,0,300,300_PT0_SX300_V1___.jpg\"><img decoding=\"async\" alt=\"aplus content image\" src=\"https:\/\/m.media-amazon.com\/images\/S\/aplus-media-library-service-media\/83b5a9f7-2e42-4376-aca8-537e330f038e.__CR0,0,300,300_PT0_SX300_V1___.jpg\">  <\/p>\n<p>                                                    Clavier \u00e0 touches bleues                                       <\/p>\n<p> Le clavier gaming CACKBIRD est \u00e9quip\u00e9 de touches m\u00e9caniques bleues offrant un retour tactile franc et une r\u00e9troaction sonore distincte, pour une grande pr\u00e9cision lors de chaque frappe. Id\u00e9al pour les joueurs, les employ\u00e9s de bureau, les r\u00e9dacteurs, les programmeurs et les monteurs. <\/p>\n<p> Haute qualit\u00e9 de fabrication. Nous mettons en \u0153uvre un contr\u00f4le rigoureux tout au long du processus de production et de conception, afin de proposer \u00e0 nos clients un clavier fiable et performant. (Vos retours sont importants pour nous. Pour toute question, veuillez utiliser le syst\u00e8me de messagerie d&#8217;Amazon.) <\/p>\n<p class=\"apm-text-center\">\n                                                      <img decoding=\"async\" alt=\"aplus content image\" src=\"https:\/\/images-na.ssl-images-amazon.com\/images\/G\/01\/x-locale\/common\/grey-pixel.gif\" class=\"a-spacing-mini a-lazy-loaded\" data-src=\"https:\/\/m.media-amazon.com\/images\/S\/aplus-media-library-service-media\/b3b2cc65-4de7-4d72-a0cc-53e7cc038815.__CR0,0,300,300_PT0_SX300_V1___.jpg\"><img decoding=\"async\" alt=\"aplus content image\" src=\"https:\/\/m.media-amazon.com\/images\/S\/aplus-media-library-service-media\/b3b2cc65-4de7-4d72-a0cc-53e7cc038815.__CR0,0,300,300_PT0_SX300_V1___.jpg\">  <\/p>\n<p>                                                    C\u00e2ble USB-C d\u00e9tachable de 1,5 m                                       <\/p>\n<p> Un long c\u00e2ble USB-C d\u00e9tachable est situ\u00e9 sur le c\u00f4t\u00e9 droit du clavier pour faciliter l&#8217;installation et le rangement. Ce clavier 60 % est id\u00e9al pour les joueurs de FPS qui privil\u00e9gient la vitesse et une connexion s\u00e9curis\u00e9e. <\/p>\n<p class=\"apm-text-center\">\n                                                      <img decoding=\"async\" alt=\"aplus content image\" src=\"https:\/\/images-na.ssl-images-amazon.com\/images\/G\/01\/x-locale\/common\/grey-pixel.gif\" class=\"a-spacing-mini a-lazy-loaded\" data-src=\"https:\/\/m.media-amazon.com\/images\/S\/aplus-media-library-service-media\/278d8490-751e-4693-ad62-1e5aef61a221.__CR0,0,300,300_PT0_SX300_V1___.jpg\"><img decoding=\"async\" alt=\"aplus content image\" src=\"https:\/\/m.media-amazon.com\/images\/S\/aplus-media-library-service-media\/278d8490-751e-4693-ad62-1e5aef61a221.__CR0,0,300,300_PT0_SX300_V1___.jpg\">  <\/p>\n<p>                                                    Conception ergonomique des touches en escalier : aucun risque de fatigue des poignets et des mains                                       <\/p>\n<p> Ce clavier, dot\u00e9 de touches ergonomiques en escalier et d&#8217;un support pliable, assure un angle optimal pour vos mains et vos poignets, offrant un confort maximal et une position naturelle. <\/p>\n<p> La disposition \u00e0 60 % vous permet d&#8217;acc\u00e9der rapidement \u00e0 toutes les touches sans bouger le poignet, r\u00e9duisant ainsi la fatigue des mains, des poignets, des bras et des \u00e9paules. <\/p>\n<p> Remarque : lors de l&#8217;utilisation des supports pliables, assurez-vous que les supports gauche et droit sont ouverts\/repli\u00e9s simultan\u00e9ment, sinon le clavier risque d&#8217;\u00eatre instable. <\/p>\n<p>                                                                             <img decoding=\"async\" alt=\"El texto dice \u00abJuegos\u00bb. Colecci\u00f3n de fotograf\u00edas de teclados RGB para videojuegos que muestran un teclado mec\u00e1nico delgado con retroiluminaci\u00f3n LED colorida desde varios \u00e1ngulos sobre fondos oscuros.\" src=\"https:\/\/images-na.ssl-images-amazon.com\/images\/G\/01\/x-locale\/common\/grey-pixel.gif\" class=\"a-spacing-base a-lazy-loaded\" data-src=\"https:\/\/m.media-amazon.com\/images\/S\/aplus-media-library-service-media\/90821ad9-dfe1-4cfd-b63f-780ba49e80e7.__CR0,0,970,600_PT0_SX970_V1___.jpg\"><img decoding=\"async\" alt=\"El texto dice \u00abJuegos\u00bb. Colecci\u00f3n de fotograf\u00edas de teclados RGB para videojuegos que muestran un teclado mec\u00e1nico delgado con retroiluminaci\u00f3n LED colorida desde varios \u00e1ngulos sobre fondos oscuros.\" src=\"https:\/\/m.media-amazon.com\/images\/S\/aplus-media-library-service-media\/90821ad9-dfe1-4cfd-b63f-780ba49e80e7.__CR0,0,970,600_PT0_SX970_V1___.jpg\">                                                                    <\/p>\n<p> Product Dimensions                                            \u200f                                            :                                            \u200e                                            30.99 x 13.79 x 3.99 cm; 490 g   <br \/> Manufacturer                                            \u200f                                            :                                            \u200e                                            CACKBIRD   <br \/> ASIN                                            \u200f                                            :                                            \u200e                                            B09P4Q7K9X   <br \/> Guaranteed software updates until                                            \u200f                                            :                                            \u200e                                            unknown   <br \/>  Customer reviews:                                                                                            4.4               4.4 out of 5 stars                                  (1,701)                                              var dpAcrHasRegisteredArcLinkClickAction;                    P.when(&#8216;A&#8217;, &#8216;ready&#8217;).execute(function(A) {                        if (dpAcrHasRegisteredArcLinkClickAction !== true) {                            dpAcrHasRegisteredArcLinkClickAction = true;                            A.declarative(                                &#8216;acrLink-click-metrics&#8217;, &#8216;click&#8217;,                                { \u00aballowLinkDefault\u00bb: true },                                function (event) {                                    if (window.ue) {                                        ue.count(\u00abacrLinkClickCount\u00bb, (ue.count(\u00abacrLinkClickCount\u00bb) || 0) + 1);                                    }                                }                            );                        }                    });                                             P.when(&#8216;A&#8217;, &#8216;cf&#8217;).execute(function(A) {                A.declarative(&#8216;acrStarsLink-click-metrics&#8217;, &#8216;click&#8217;, { \u00aballowLinkDefault\u00bb : true },  function(event){                    if(window.ue) {                        ue.count(\u00abacrStarsLinkWithPopoverClickCount\u00bb, (ue.count(\u00abacrStarsLinkWithPopoverClickCount\u00bb) || 0) + 1);                    }                });            });                          <\/p>\n<p>60% KEYBOARD &#8211; 61 KEY COMPACT DESIGN &#8211; Ultra compact design with 61 keys free up your desktop, leaving more room for mouse movements. Especially there is a detachable Type-C long cable on the right side of the keyboard, ensuring safe carrying in your travel bag. For FPS players who focus on speed and secure connection, this 60% keyboard is suitable for choosing.<br \/>MECHANICAL KEYBOARD &#8211; Sensitive Blue Switches &#8211; CACKBIRD gaming keyboard features blue mechanical keys that give a satisfying \u00abclick\u00bb sound and tactile resistance with every keystroke, so you can rest assured with every move you make. This keyboard is more comfortable to type, as it features a deeper key travel, higher feedback, and more space between the keys. Ideal for gamers, office workers, writers, programmers and editors. (\ud83d\udc99 Includes a keycap puller for cleaning or other needs)<br \/>\ud83c\udf1f\u3010Rainbow LED Backlight Accompany Your Night\u301118 rainbow LED backlight effects, 5 levels of brightness and speeds, 1 customization mode. Change the lighting mode for every mood and environment, making your gaming experience unique. In addition, this gaming keyboard features double-injected ABS designed keycaps that bring crystal clear uniform backlighting to greatly improve your typing accuracy at night.<br \/>ERGONOMIC DESIGN &#038; ANTI-GHOSTING FULL KEYS &#8211; All keys can work simultaneously, so you can fully enjoy your game without program errors. Our keyboard with the scientific design of ladder keys and stable folding brackets offer maximum comfort, keeping your hand in the most natural state to minimize hand fatigue after prolonged use and help you minimize typography types.<br \/>\ud83c\udf1f\u3010Strong Compatibility\u3011Plug and play, no drivers or software required. Works perfectly for Windows 10\/8\/7\/XP, Mac OS, Windows VISTA. Every CACKBIRD product will enjoy 30 days money back and a worry-free 18-month warranty, we strive to offer the best customer service [ \ud83d\udc99 Please note that the current price is limited to the first 1,000 customers. We hope you will join us.]<\/p>\n\n","protected":false},"excerpt":{"rendered":"<p> Product Description Clavier de jeu m\u00e9canique CACKBIRD, format 60 %, votre meilleur alli\u00e9 \u00e0 la<\/p>","protected":false},"featured_media":30789,"comment_status":"open","ping_status":"closed","template":"","meta":[],"product_brand":[],"product_cat":[49],"product_tag":[830,746,367,743,8925,1004,747,8542,1142,615,617,740,518,1007,428,1227,739,215,585,744,8924,290,742,745,875,240,222,750,741],"class_list":{"0":"post-30788","1":"product","2":"type-product","3":"status-publish","4":"has-post-thumbnail","6":"product_cat-keyboards","7":"product_tag-backlit","8":"product_tag-backlit-keyboard","9":"product_tag-blue","10":"product_tag-bluetooth-keyboard","11":"product_tag-carry","12":"product_tag-compact","13":"product_tag-compact-keyboard","14":"product_tag-customization","15":"product_tag-easy","16":"product_tag-gamer","17":"product_tag-gaming","18":"product_tag-gaming-keyboard","19":"product_tag-keyboard","20":"product_tag-keys","21":"product_tag-led","22":"product_tag-mechanical","23":"product_tag-mechanical-keyboard","24":"product_tag-mini","25":"product_tag-office","26":"product_tag-office-keyboard","27":"product_tag-pcmacxbox","28":"product_tag-portable","29":"product_tag-rgb-keyboard","30":"product_tag-silent-keyboard","31":"product_tag-switches","32":"product_tag-travel","33":"product_tag-ultra","34":"product_tag-wired","35":"product_tag-wireless-keyboard","37":"first","38":"instock","39":"shipping-taxable","40":"product-type-external"},"_links":{"self":[{"href":"https:\/\/comprasyconsejos.store\/en\/wp-json\/wp\/v2\/product\/30788","targetHints":{"allow":["GET"]}}],"collection":[{"href":"https:\/\/comprasyconsejos.store\/en\/wp-json\/wp\/v2\/product"}],"about":[{"href":"https:\/\/comprasyconsejos.store\/en\/wp-json\/wp\/v2\/types\/product"}],"replies":[{"embeddable":true,"href":"https:\/\/comprasyconsejos.store\/en\/wp-json\/wp\/v2\/comments?post=30788"}],"version-history":[{"count":0,"href":"https:\/\/comprasyconsejos.store\/en\/wp-json\/wp\/v2\/product\/30788\/revisions"}],"wp:featuredmedia":[{"embeddable":true,"href":"https:\/\/comprasyconsejos.store\/en\/wp-json\/wp\/v2\/media\/30789"}],"wp:attachment":[{"href":"https:\/\/comprasyconsejos.store\/en\/wp-json\/wp\/v2\/media?parent=30788"}],"wp:term":[{"taxonomy":"product_brand","embeddable":true,"href":"https:\/\/comprasyconsejos.store\/en\/wp-json\/wp\/v2\/product_brand?post=30788"},{"taxonomy":"product_cat","embeddable":true,"href":"https:\/\/comprasyconsejos.store\/en\/wp-json\/wp\/v2\/product_cat?post=30788"},{"taxonomy":"product_tag","embeddable":true,"href":"https:\/\/comprasyconsejos.store\/en\/wp-json\/wp\/v2\/product_tag?post=30788"}],"curies":[{"name":"wp","href":"https:\/\/api.w.org\/{rel}","templated":true}]}}