{"id":30811,"date":"2026-02-22T12:28:53","date_gmt":"2026-02-22T12:28:53","guid":{"rendered":"https:\/\/comprasyconsejos.store\/product\/stgsivir-gaming-pc-gaming-desktop-geforce-rtx-2060-super-8gb-gddr6core-i7-8th-up-to-4-1ghz32gb-ddr41tb-ssdwifi6bt5-0rgb-fans-x3windows-11-pro\/"},"modified":"2026-02-22T12:28:56","modified_gmt":"2026-02-22T12:28:56","slug":"stgsivir-gaming-pc-gaming-desktop-geforce-rtx-2060-super-8gb-gddr6core-i7-8th-up-to-4-1ghz32gb-ddr41tb-ssdwifi6bt5-0rgb-fans-x3windows-11-pro","status":"publish","type":"product","link":"https:\/\/comprasyconsejos.store\/en\/product\/stgsivir-gaming-pc-gaming-desktop-geforce-rtx-2060-super-8gb-gddr6core-i7-8th-up-to-4-1ghz32gb-ddr41tb-ssdwifi6bt5-0rgb-fans-x3windows-11-pro\/","title":{"rendered":"STGsivir Gaming PC, Gaming Desktop, GeForce RTX 2060 Super 8GB GDDR6,Core i7 8th up to 4.1GHz,32GB DDR4,1TB SSD,WIFI6,BT5.0,RGB Fans x3,Windows 11 Pro"},"content":{"rendered":"<p>Price: <span style=\"color:#b12704\">\u20ac779.99<\/span><br \/><i><small>(as of Feb 22, 2026 12:28:53 UTC &#8211; <span class=\"wp_automatic_amazon_disclaimer\" title=\"Product prices and availability are accurate as of the date\/time indicated and are subject to change. Any price and availability information displayed on [relevant Amazon Site(s), as applicable] at the time of purchase will apply to the purchase of this product.\">Details<\/span>)<\/small><\/i><\/p>\n<p><a href=\"https:\/\/amazon.es\/dp\/B0DJZMNNBR?tag=man008-21\"><img decoding=\"async\" src=\"https:\/\/valvepress.s3.amazonaws.com\/imgs\/buy_now.png\"><\/a><br \/>\n<\/p>\n<p>                                             From the brand   <\/p>\n<p>                                              <img decoding=\"async\" alt=\"El texto dice \u00abstGSvir\u00bb. Banner de marketing con globos de colores e \u00edconos de carritos de compras sobre un fondo degradado de color amarillo anaranjado con s\u00edmbolos de compatibilidad con dispositivos.\" src=\"https:\/\/images-na.ssl-images-amazon.com\/images\/G\/01\/x-locale\/common\/grey-pixel.gif\" class=\"a-lazy-loaded\" data-src=\"https:\/\/m.media-amazon.com\/images\/S\/aplus-media-library-service-media\/938dad8d-1586-46df-9945-11c5fc3985f7.__CR0,0,1464,625_PT0_SX1464_V1___.jpg\"><img decoding=\"async\" alt=\"El texto dice \u00abstGSvir\u00bb. Banner de marketing con globos de colores e \u00edconos de carritos de compras sobre un fondo degradado de color amarillo anaranjado con s\u00edmbolos de compatibilidad con dispositivos.\" src=\"https:\/\/m.media-amazon.com\/images\/S\/aplus-media-library-service-media\/938dad8d-1586-46df-9945-11c5fc3985f7.__CR0,0,1464,625_PT0_SX1464_V1___.jpg\">  <\/p>\n<h3> Promoci\u00f3n de Vuelta al Cole <\/h3>\n<h3> Promoci\u00f3n de Vuelta al Cole <\/h3>\n<h3> Promoci\u00f3n de Vuelta al Cole <\/h3>\n<p>                                              <img decoding=\"async\" alt=\"aplus content image\" src=\"https:\/\/images-na.ssl-images-amazon.com\/images\/G\/01\/x-locale\/common\/grey-pixel.gif\" class=\"a-lazy-loaded\" data-src=\"https:\/\/m.media-amazon.com\/images\/S\/aplus-media-library-service-media\/0bac8345-c8fc-4594-828c-a890bdfe2783.__CR0,0,362,453_PT0_SX362_V1___.png\"><img decoding=\"async\" alt=\"aplus content image\" src=\"https:\/\/m.media-amazon.com\/images\/S\/aplus-media-library-service-media\/0bac8345-c8fc-4594-828c-a890bdfe2783.__CR0,0,362,453_PT0_SX362_V1___.png\">  <\/p>\n<p>                                              <img decoding=\"async\" alt=\"aplus content image\" src=\"https:\/\/images-na.ssl-images-amazon.com\/images\/G\/01\/x-locale\/common\/grey-pixel.gif\" class=\"a-lazy-loaded\" data-src=\"https:\/\/m.media-amazon.com\/images\/S\/aplus-media-library-service-media\/c6a95a4c-efba-46b1-8b73-cc02cd48e35c.__CR0,0,362,453_PT0_SX362_V1___.png\"><img decoding=\"async\" alt=\"aplus content image\" src=\"https:\/\/m.media-amazon.com\/images\/S\/aplus-media-library-service-media\/c6a95a4c-efba-46b1-8b73-cc02cd48e35c.__CR0,0,362,453_PT0_SX362_V1___.png\">  <\/p>\n<p>                                                         \u00bfQu\u00e9 debo hacer si recibo esta m\u00e1quina y la encuentro defectuosa?                                       <\/p>\n<p> Si tienes alguna cuesti\u00f3n o dificultad, puedes comunicarte con nuestro equipo sin demora para hallar una soluci\u00f3n. <\/p>\n<p>                                                         \u00bfQu\u00e9 debo hacer si mi m\u00e1quina no funciona despu\u00e9s de usarla?                                       <\/p>\n<p> No se preocupe. Ofrecemos asistencia para la resoluci\u00f3n de problemas de por vida. Utilice la informaci\u00f3n de la m\u00e1quina para obtener ayuda y le responderemos en 24 horas con servicios profesionales. <\/p>\n<p>                                                         \u00bfC\u00f3mo puedo ponerme en contacto con ustedes?                                       <\/p>\n<p> Existen diferentes formas de comunicarse con nosotros, como en l\u00ednea, l\u00ednea directa o correo electr\u00f3nico, para resolver. <\/p>\n<p> Product Dimensions                                            \u200f                                            :                                            \u200e                                            44.7 x 36.6 x 20 cm; 10.95 kg   <br \/> Manufacturer                                            \u200f                                            :                                            \u200e                                            STGSivir   <br \/> ASIN                                            \u200f                                            :                                            \u200e                                            B0DJZMNNBR   <br \/> Item model number                                            \u200f                                            :                                            \u200e                                            ABR1924   <br \/> Country of origin                                            \u200f                                            :                                            \u200e                                            China   <br \/> Guaranteed software updates until                                            \u200f                                            :                                            \u200e                                            unknown   <br \/>  Customer reviews:                                                                                            4.0               4.0 out of 5 stars                                  (59)                                              var dpAcrHasRegisteredArcLinkClickAction;                    P.when(&#8216;A&#8217;, &#8216;ready&#8217;).execute(function(A) {                        if (dpAcrHasRegisteredArcLinkClickAction !== true) {                            dpAcrHasRegisteredArcLinkClickAction = true;                            A.declarative(                                &#8216;acrLink-click-metrics&#8217;, &#8216;click&#8217;,                                { \u00aballowLinkDefault\u00bb: true },                                function (event) {                                    if (window.ue) {                                        ue.count(\u00abacrLinkClickCount\u00bb, (ue.count(\u00abacrLinkClickCount\u00bb) || 0) + 1);                                    }                                }                            );                        }                    });                                             P.when(&#8216;A&#8217;, &#8216;cf&#8217;).execute(function(A) {                A.declarative(&#8216;acrStarsLink-click-metrics&#8217;, &#8216;click&#8217;, { \u00aballowLinkDefault\u00bb : true },  function(event){                    if(window.ue) {                        ue.count(\u00abacrStarsLinkWithPopoverClickCount\u00bb, (ue.count(\u00abacrStarsLinkWithPopoverClickCount\u00bb) || 0) + 1);                    }                });            });                          <\/p>\n<p>STGsivir High performance gaming pc with 2.2GHz Core i7-8750H processor and GeForce RTX 2060 Super 8GB GDDR6 graphics card for an immersive gaming experience: ideal for a variety of tasks such as gaming, studio, business, photo and video editing, streaming, day trading, cryptocurrency trading, etc.<br \/>Excellent gamer pc with ample storage and memory, 32GB DDR4 RAM and a 1TB SSD ensure fast charging and smooth multitasking: capable of running a wide range of popular PC games, such as Fortnite, Call of Duty Warzone, Escape from Tarkov, etc.<br \/>Gaming PC with fast connectivity: WiFi 6 and BT 5.0 for seamless online gaming and file sharing.<br \/>Gaming PC with a sleek design: Three RGB fans add a touch of style to your gaming setup while keeping the system cool.<br \/>Gaming Desktop Operating System: Genuine Windows 11 Pro 64-bit Support Multi-Language 1 year free warranty on parts and labor, with free lifetime technical support.<\/p>\n\n","protected":false},"excerpt":{"rendered":"<p> From the brand Promoci\u00f3n de Vuelta al Cole Promoci\u00f3n de Vuelta al Cole Promoci\u00f3n de<\/p>","protected":false},"featured_media":30812,"comment_status":"open","ping_status":"closed","template":"","meta":[],"product_brand":[],"product_cat":[90],"product_tag":[8931,622,1616,613,611,8932,787,1378,617,607,604,609,606,612,8930,620,608,605,163,610,621,8933,3418,256,8934],"class_list":{"0":"post-30811","1":"product","2":"type-product","3":"status-publish","4":"has-post-thumbnail","6":"product_cat-gaming-pcs","7":"product_tag-4-1ghz32gb","8":"product_tag-8gb","9":"product_tag-8th","10":"product_tag-best-gaming-pc","11":"product_tag-custom-gaming-pc","12":"product_tag-ddr41tb","13":"product_tag-desktop","14":"product_tag-fans","15":"product_tag-gaming","16":"product_tag-gaming-desktop","17":"product_tag-gaming-pc","18":"product_tag-gaming-pc-16gb-ram","19":"product_tag-gaming-pc-rtx","20":"product_tag-gaming-pc-ssd","21":"product_tag-gddr6core","22":"product_tag-geforce","23":"product_tag-high-end-gaming-pc","24":"product_tag-prebuilt-gaming-pc","25":"product_tag-pro","26":"product_tag-rgb-gaming-pc","27":"product_tag-rtx","28":"product_tag-ssdwifi6bt5-0rgb","29":"product_tag-stgsivir","30":"product_tag-super","31":"product_tag-x3windows","33":"first","34":"instock","35":"shipping-taxable","36":"product-type-external"},"_links":{"self":[{"href":"https:\/\/comprasyconsejos.store\/en\/wp-json\/wp\/v2\/product\/30811","targetHints":{"allow":["GET"]}}],"collection":[{"href":"https:\/\/comprasyconsejos.store\/en\/wp-json\/wp\/v2\/product"}],"about":[{"href":"https:\/\/comprasyconsejos.store\/en\/wp-json\/wp\/v2\/types\/product"}],"replies":[{"embeddable":true,"href":"https:\/\/comprasyconsejos.store\/en\/wp-json\/wp\/v2\/comments?post=30811"}],"version-history":[{"count":0,"href":"https:\/\/comprasyconsejos.store\/en\/wp-json\/wp\/v2\/product\/30811\/revisions"}],"wp:featuredmedia":[{"embeddable":true,"href":"https:\/\/comprasyconsejos.store\/en\/wp-json\/wp\/v2\/media\/30812"}],"wp:attachment":[{"href":"https:\/\/comprasyconsejos.store\/en\/wp-json\/wp\/v2\/media?parent=30811"}],"wp:term":[{"taxonomy":"product_brand","embeddable":true,"href":"https:\/\/comprasyconsejos.store\/en\/wp-json\/wp\/v2\/product_brand?post=30811"},{"taxonomy":"product_cat","embeddable":true,"href":"https:\/\/comprasyconsejos.store\/en\/wp-json\/wp\/v2\/product_cat?post=30811"},{"taxonomy":"product_tag","embeddable":true,"href":"https:\/\/comprasyconsejos.store\/en\/wp-json\/wp\/v2\/product_tag?post=30811"}],"curies":[{"name":"wp","href":"https:\/\/api.w.org\/{rel}","templated":true}]}}