{"id":30816,"date":"2026-02-22T12:33:55","date_gmt":"2026-02-22T12:33:55","guid":{"rendered":"https:\/\/comprasyconsejos.store\/product\/android-16-tablet-with-keyboard-and-pencil-tablet-12-inches-120-hz-2-5-k-fhd-48gb-ram256gb-rom-2tb-tf-t7280-octa-core-10000mah-widevine-l1-tablet-with-sim-4g-lte-5g-wifi-16mp8mp\/"},"modified":"2026-02-22T12:34:04","modified_gmt":"2026-02-22T12:34:04","slug":"android-16-tablet-with-keyboard-and-pencil-tablet-12-inches-120-hz-2-5-k-fhd-48gb-ram256gb-rom-2tb-tf-t7280-octa-core-10000mah-widevine-l1-tablet-with-sim-4g-lte-5g-wifi-16mp8mp","status":"publish","type":"product","link":"https:\/\/comprasyconsejos.store\/en\/product\/android-16-tablet-with-keyboard-and-pencil-tablet-12-inches-120-hz-2-5-k-fhd-48gb-ram256gb-rom-2tb-tf-t7280-octa-core-10000mah-widevine-l1-tablet-with-sim-4g-lte-5g-wifi-16mp8mp\/","title":{"rendered":"Android 16 Tablet with Keyboard and Pencil, Tablet 12 Inches, 120 Hz, 2.5 K, FHD, 48GB RAM+256GB ROM (2TB TF), T7280 Octa-Core, 10000mAh, Widevine L1, Tablet with SIM 4G LTE\/ 5G WiFi, 16MP+8MP"},"content":{"rendered":"<p>Price: <span style=\"color:#b12704\">\u20ac399.99<\/span><br \/><i><small>(as of Feb 22, 2026 12:33:55 UTC &#8211; <span class=\"wp_automatic_amazon_disclaimer\" title=\"Product prices and availability are accurate as of the date\/time indicated and are subject to change. Any price and availability information displayed on [relevant Amazon Site(s), as applicable] at the time of purchase will apply to the purchase of this product.\">Details<\/span>)<\/small><\/i><\/p>\n<p><a href=\"https:\/\/amazon.es\/dp\/B0FVLKM1JL?tag=man008-21\"><img decoding=\"async\" src=\"https:\/\/valvepress.s3.amazonaws.com\/imgs\/buy_now.png\"><\/a><br \/>\n<\/p>\n<p>                                             Product Description   <\/p>\n<p>                                                                     BESTTAB Tablet 12 Pulgadas 2.5K FHD+Tablet con Tarjeta SIM, 48GB RAM+256GB ROM                                            <img decoding=\"async\" alt=\"aplus content image\" src=\"https:\/\/images-na.ssl-images-amazon.com\/images\/G\/01\/x-locale\/common\/grey-pixel.gif\" class=\"a-lazy-loaded\" data-src=\"https:\/\/m.media-amazon.com\/images\/S\/aplus-media-library-service-media\/46e71eb9-c54b-4725-8e47-fe4a0086e734.__CR0,0,1464,600_PT0_SX1464_V1___.jpg\"><img decoding=\"async\" alt=\"aplus content image\" src=\"https:\/\/m.media-amazon.com\/images\/S\/aplus-media-library-service-media\/46e71eb9-c54b-4725-8e47-fe4a0086e734.__CR0,0,1464,600_PT0_SX1464_V1___.jpg\">                                               <\/p>\n<p>                                                                                                               Tablet Android 16 con Gemini AI 3.0: Tu Asistente Inteligente Integrado<br \/>\n                                                                                  <img decoding=\"async\" alt=\"El texto dice \u00abAndroid 16 M\u00e1s Reciente\u00bb. La interfaz de la aplicaci\u00f3n m\u00f3vil muestra el logotipo de Android 16 con iconos azules y opciones de men\u00fa en espa\u00f1ol.\" src=\"https:\/\/m.media-amazon.com\/images\/S\/aplus-media-library-service-media\/cd27a397-c69f-4eba-bef4-82fc8476a482.__CR0,0,1464,600_PT0_SX1464_V1___.jpg\">       <\/p>\n<p>                                                                                  <img decoding=\"async\" alt=\"El texto dice \u00abImagen 7\u00bb y \u00abSistema Android 16\u00bb. M\u00e1s Inteligente, Fluido y Seguro. Serie de iconos y elementos de interfaz que muestran las funciones del sistema Android y los ajustes de seguridad.\" src=\"https:\/\/m.media-amazon.com\/images\/S\/aplus-media-library-service-media\/42fd4b42-54bc-43e1-b8a9-c0cd03412c52.__CR0,0,1464,600_PT0_SX1464_V1___.jpg\">       <\/p>\n<p>                                                                                  <img decoding=\"async\" alt=\"aplus content image\" src=\"https:\/\/m.media-amazon.com\/images\/S\/aplus-media-library-service-media\/641ae986-d64c-4873-a716-7ef8a2fa63a4.__CR0,0,1464,600_PT0_SX1464_V1___.jpg\">       <\/p>\n<p>                                                                                                                <img decoding=\"async\" alt=\"aplus content image\" src=\"https:\/\/m.media-amazon.com\/images\/S\/aplus-media-library-service-media\/3a77648a-203a-4a68-b600-71163f739a77.__CR0,0,1464,600_PT0_SX1464_V1___.jpg\">                                                    <img decoding=\"async\" alt=\"aplus content image\" src=\"https:\/\/m.media-amazon.com\/images\/S\/aplus-media-library-service-media\/1b29eb8e-b8cc-4192-aa53-3f7b4352350b.__CR0,0,1464,600_PT0_SX1464_V1___.jpg\">                                                    <img decoding=\"async\" alt=\"El texto dice \u00abGran Capacidad de Bater\u00eda y Duraci\u00f3n Ultra Larga\u00bb, \u00ab10000 mAh\u00bb. Cartel t\u00e9cnico del producto que muestra la capacidad de la bater\u00eda y las especificaciones de carga con USB-C y varios indicadores de tiempo de carga.\" src=\"https:\/\/m.media-amazon.com\/images\/S\/aplus-media-library-service-media\/94e6f466-fa64-47a3-914d-181f2a23cd81.__CR0,0,1464,600_PT0_SX1464_V1___.jpg\"><br \/>\n                            1 Tablet 48GB+256GB <\/p>\n<p>                            2 Unisoc T7280 <\/p>\n<p>                            3 10000mAh <\/p>\n<p>                                                                                                             Tablet con Tarjeta SIM &amp; OTG<br \/>\n                                                                                  <img decoding=\"async\" alt=\"aplus content image\" src=\"https:\/\/m.media-amazon.com\/images\/S\/aplus-media-library-service-media\/2835deff-797e-454c-a46c-140933b0bc90.__CR0,0,1464,600_PT0_SX1464_V1___.jpg\">       <\/p>\n<p>                                                                                  <img decoding=\"async\" alt=\"aplus content image\" src=\"https:\/\/m.media-amazon.com\/images\/S\/aplus-media-library-service-media\/f55cc66f-158a-4ca9-aa06-18dde4863504.__CR0,0,1464,600_PT0_SX1464_V1___.jpg\">       <\/p>\n<p class=\"aplus-description aplus-container-3 aplus-p1\"> Independencia total: 4G LTE para estar siempre conectado y OTG para cargar tus otros dispositivos. Tu centro de productividad y entretenimiento sin ataduras. <\/p>\n<p>                                                                                                                <img decoding=\"async\" alt=\"El texto dice \u00abPantalla M\u00e1x de 12.2 Pulgadas\u00bb, \u00ab12 Hz\u00bb, \u00ab90%\u00bb. Imagen con tem\u00e1tica de videojuegos con una nave espacial o un veh\u00edculo en una escena de acci\u00f3n din\u00e1mica con especificaciones t\u00e9cnicas.\" src=\"https:\/\/m.media-amazon.com\/images\/S\/aplus-media-library-service-media\/f301c4f2-4e3b-412c-95fd-45827b54c1c1.__CR0,0,1464,600_PT0_SX1464_V1___.jpg\">                                                      <img decoding=\"async\" alt=\"El texto dice \u00abPantalla Adaptivesync 90 Hz\u00bb. La interfaz de pantalla muestra los logotipos de los servicios de streaming, como Netflix, YouTube, Hulu, HBO max y Prime Video con escenas de la naturaleza.\" src=\"https:\/\/m.media-amazon.com\/images\/S\/aplus-media-library-service-media\/fbbe7b77-0914-44e8-a2b7-daa3a49560b8.__CR0,0,1464,600_PT0_SX1464_V1___.jpg\">                                                    <img decoding=\"async\" alt=\"Serie de im\u00e1genes conectadas que muestran aplicaciones tecnol\u00f3gicas: dispositivos m\u00f3viles, navegaci\u00f3n GPS y visualizaci\u00f3n de IA con un dise\u00f1o azul brillante.\" src=\"https:\/\/m.media-amazon.com\/images\/S\/aplus-media-library-service-media\/5accc696-d3f6-4300-a663-4e06bd99cbaa.__CR0,0,1464,600_PT0_SX1464_V1___.jpg\"><br \/>\n                            1 Tablet 12 Pulgadas <\/p>\n<p>                            2 Widevine L1 &amp; 2.5K FHD <\/p>\n<p>                            3 Tableta Multifuncional <\/p>\n<p>                                                                                                                 Una Tableta Para Todas las Situaciones: \u00a1hogar, oficina y tiempo libre!<br \/>\n                                                                                  <img decoding=\"async\" alt=\"El texto dice \u00abC\u00e1mara trasera 16 MP ilumina tu belleza\u00bb, \u00ab16 MP\u00bb, \u00ab8 MP\u00bb. La interfaz de la c\u00e1mara del smartphone muestra funciones de fotograf\u00eda de paisajes y m\u00faltiples opciones de lentes.\" src=\"https:\/\/m.media-amazon.com\/images\/S\/aplus-media-library-service-media\/2dc74c64-879c-4eb8-86a5-b8a9f6fe0d27.__CR0,0,1464,600_PT0_SX1464_V1___.jpg\">       <\/p>\n<p>                                                                                  <img decoding=\"async\" alt=\"El texto dice \u00abGoogle Smart AI Lens, El Lente como Enciclopedia\u00bb. Serie de dise\u00f1os de interfaz circular que muestran la funcionalidad de las lentes de inteligencia artificial con marcos e \u00edconos de escaneo.\" src=\"https:\/\/m.media-amazon.com\/images\/S\/aplus-media-library-service-media\/bfe9df7d-8dcd-4cad-aa5e-212b89336ad3.__CR0,0,1464,600_PT0_SX1464_V1___.jpg\">       <\/p>\n<p>                                                                                  <img decoding=\"async\" alt=\"Serie de im\u00e1genes que muestran a personas revisando documentos juntas en una mesa de madera, que parecen estar en un entorno informal de oficina o hogar.\" src=\"https:\/\/m.media-amazon.com\/images\/S\/aplus-media-library-service-media\/bca615a9-79bf-47ef-aada-dfba9e9bc8b7.__CR0,0,1464,600_PT0_SX1464_V1___.jpg\">       <\/p>\n<p>                                                                                  <img decoding=\"async\" alt=\"aplus content image\" src=\"https:\/\/m.media-amazon.com\/images\/S\/aplus-media-library-service-media\/ad62826a-79ed-4850-8289-17a062f9e96e.__CR0,0,1464,600_PT0_SX1464_V1___.jpg\">       <\/p>\n<p>                                                                     Compras sin Preocupaciones: \u00a1la opci\u00f3n ideal para regalos a familiares y amigos!                                            <img decoding=\"async\" alt=\"El texto dice: \u00abPuedes Obtener Todo en la Caja\u00bb. Muestra de productos con ordenadores port\u00e1tiles, accesorios de carga y perif\u00e9ricos con elementos resaltados en azul sobre un fondo oscuro.\" src=\"https:\/\/images-na.ssl-images-amazon.com\/images\/G\/01\/x-locale\/common\/grey-pixel.gif\" class=\"a-lazy-loaded\" data-src=\"https:\/\/m.media-amazon.com\/images\/S\/aplus-media-library-service-media\/c7294967-4648-415e-a6f7-13017e9b01e2.__CR0,0,1464,600_PT0_SX1464_V1___.jpg\"><img decoding=\"async\" alt=\"El texto dice: \u00abPuedes Obtener Todo en la Caja\u00bb. Muestra de productos con ordenadores port\u00e1tiles, accesorios de carga y perif\u00e9ricos con elementos resaltados en azul sobre un fondo oscuro.\" src=\"https:\/\/m.media-amazon.com\/images\/S\/aplus-media-library-service-media\/c7294967-4648-415e-a6f7-13017e9b01e2.__CR0,0,1464,600_PT0_SX1464_V1___.jpg\">                                               <\/p>\n<p> Batteries                                            \u200f                                            :                                            \u200e                                            1 9V batteries required. (included)   <br \/> Product Dimensions                                            \u200f                                            :                                            \u200e                                            25.73 x 16.88 x 0.83 cm; 486 g   <br \/> Manufacturer                                            \u200f                                            :                                            \u200e                                            BESTTAB   <br \/> ASIN                                            \u200f                                            :                                            \u200e                                            B0FVLKM1JL   <br \/> Item model number                                            \u200f                                            :                                            \u200e                                            BESTTAB   <br \/> Country of origin                                            \u200f                                            :                                            \u200e                                            Hong Kong   <br \/> Guaranteed software updates until                                            \u200f                                            :                                            \u200e                                            unknown   <br \/>  Customer reviews:                                                                                            5.0               5.0 out of 5 stars                                  (6)                                              var dpAcrHasRegisteredArcLinkClickAction;                    P.when(&#8216;A&#8217;, &#8216;ready&#8217;).execute(function(A) {                        if (dpAcrHasRegisteredArcLinkClickAction !== true) {                            dpAcrHasRegisteredArcLinkClickAction = true;                            A.declarative(                                &#8216;acrLink-click-metrics&#8217;, &#8216;click&#8217;,                                { \u00aballowLinkDefault\u00bb: true },                                function (event) {                                    if (window.ue) {                                        ue.count(\u00abacrLinkClickCount\u00bb, (ue.count(\u00abacrLinkClickCount\u00bb) || 0) + 1);                                    }                                }                            );                        }                    });                                             P.when(&#8216;A&#8217;, &#8216;cf&#8217;).execute(function(A) {                A.declarative(&#8216;acrStarsLink-click-metrics&#8217;, &#8216;click&#8217;, { \u00aballowLinkDefault\u00bb : true },  function(event){                    if(window.ue) {                        ue.count(\u00abacrStarsLinkWithPopoverClickCount\u00bb, (ue.count(\u00abacrStarsLinkWithPopoverClickCount\u00bb) || 0) + 1);                    }                });            });                          <\/p>\n<p>\u3010Android 16 Tablet &#038; Gemini AI: Smart Efficiency for Your Daily Life\u3011 This BESTTAB T60 is one of the first devices with the new Android 16 tablet system and offers deep integration of Gemini AI. Take advantage of innovative features like AI-powered long text summary, Magic Compose, for seamlessly worded emails or automated notes during your meetings. The system learns your usage patterns to optimize battery life over long hours, tablet with keyboard and mouse whether in the telecommuting or study. Enjoy intuitive operation that makes your everyday smarter and more productive.<br \/>\u301048GB RAM+256GB ROM+T7280 Chip\u3011T7280 octa-core processor turns this tablet into a powerful tool. Whether gaming or using Excel at home, 48GB of RAM ensures uninterrupted performance. As a gaming tablet, apps load instantly, while 256GB of storage provides space for 4K movies. On this 12-inch tablet, the system stays stable even with multiple tabs open. This Android 16 tablet includes 16MP rear camera for video calls and 8MP for scanning. CE\/ROHS\/FCC certified, meets the highest standards for communication and demanding applications: the ideal choice for work and leisure.<br \/>\u30104G LTE &#038; 10000mAh Battery\u3011Equipped with SIM tablet slot keeps you always connected on the go. Whether you&#8217;re cruising through nature or answering messages in the park, this SIM card tablet gives you complete independence from public hotspots. The huge 10000mAh battery ensures that you don&#8217;t run out of charge even on the longest working days. Its functionality as a tablet device with SIM card also allows crystal clear phone calls and a stable connection to mobile data, wherever you are. With OTG reverse charging, the T60 doubles as a portable power bank and saves your phone or headphones when you&#8217;re out and about.<br \/>\u301012.2-inch 2.5K Screen: Your Mobile Home Theater\u3011 This 12-inch tablet sets new standards with a resolution 2.5K (1600*2400) and a smooth refresh rate of 90Hz. With Widevine L1, enjoy content on platforms like Netflix, Disney+ or Prime Video in crystal clear HD quality to the fullest. The display also features low blue light emission certification, which cares for your eyes on long nights of streaming or intensive gaming sessions. As a powerful gaming tablet, it delivers vivid colors and fluid animations, whether you&#8217;re immersing yourself in virtual worlds or browsing your photo gallery.<br \/>\u30102-in-1 Tablet with Keyboard: Flexible Laptop Replacement\u3011 With the BESTTAB T60, you get a complete tablet with keyboard pack and stylus. The included 10.1-inch keyboard, mouse and precise pen transform your device into a mobile tablet PC in an instant. GREAT FOR STUDENTS IN THE CLASSROOM OR TRAIN TRAVEL PROFESSIONALS &#8211; Write college papers, edit spreadsheets, or create digital sketches right on screen. This tablet with keyboard and pen features 256GB ROM (expandable), with enough space for all your projects and documents, no need to carry a heavy laptop.<br \/>\u30104 Year Warranty &#038; Gift Set\u3011 Looking for the perfect gift? The BESTTAB T60 comes as a complete set including protective case, tempered glass, stylus and charger: just unpack and start using instantly. HIGHLIGHTS OUR FIRST CLASS SERVICE &#8211; You get 4 years warranty (2 basic years + 2 years extended upon activation). A 24-hour customer service within the EU is always at your disposal. This tablet with stylus is not only a technical benchmark, but thanks to its extensive accessory and long-term coverage, it is also a particularly sustainable investment.<\/p>\n\n","protected":false},"excerpt":{"rendered":"<p> Product Description BESTTAB Tablet 12 Pulgadas 2.5K FHD+Tablet con Tarjeta SIM, 48GB RAM+256GB ROM Tablet<\/p>","protected":false},"featured_media":30817,"comment_status":"open","ping_status":"closed","template":"","meta":[],"product_brand":[],"product_cat":[95],"product_tag":[291,5824,631,909,5681,391,632,639,1611,518,1043,629,659,1178,637,1105,913,2827,8935,157,636,635,916,543,628,634,633,630],"class_list":{"0":"post-30816","1":"product","2":"type-product","3":"status-publish","4":"has-post-thumbnail","6":"product_cat-windows-tablets","7":"product_tag-10000mah","8":"product_tag-16mp8mp","9":"product_tag-2-in-1-tablet","10":"product_tag-2tb","11":"product_tag-48gb","12":"product_tag-android","13":"product_tag-business-tablet-windows","14":"product_tag-fhd","15":"product_tag-inches","16":"product_tag-keyboard","17":"product_tag-lte","18":"product_tag-microsoft-surface-tablet","19":"product_tag-octacore","20":"product_tag-pencil","21":"product_tag-portable-windows-tablet","22":"product_tag-ram256gb","23":"product_tag-rom","24":"product_tag-sim","25":"product_tag-t7280","26":"product_tag-tablet","27":"product_tag-tablet-laptop-combo","28":"product_tag-touchscreen-windows-tablet","29":"product_tag-widevine","30":"product_tag-wifi","31":"product_tag-windows-tablet","32":"product_tag-windows-tablet-for-work","33":"product_tag-windows-tablet-price","34":"product_tag-windows-tablet-with-keyboard","36":"first","37":"instock","38":"shipping-taxable","39":"product-type-external"},"_links":{"self":[{"href":"https:\/\/comprasyconsejos.store\/en\/wp-json\/wp\/v2\/product\/30816","targetHints":{"allow":["GET"]}}],"collection":[{"href":"https:\/\/comprasyconsejos.store\/en\/wp-json\/wp\/v2\/product"}],"about":[{"href":"https:\/\/comprasyconsejos.store\/en\/wp-json\/wp\/v2\/types\/product"}],"replies":[{"embeddable":true,"href":"https:\/\/comprasyconsejos.store\/en\/wp-json\/wp\/v2\/comments?post=30816"}],"version-history":[{"count":0,"href":"https:\/\/comprasyconsejos.store\/en\/wp-json\/wp\/v2\/product\/30816\/revisions"}],"wp:featuredmedia":[{"embeddable":true,"href":"https:\/\/comprasyconsejos.store\/en\/wp-json\/wp\/v2\/media\/30817"}],"wp:attachment":[{"href":"https:\/\/comprasyconsejos.store\/en\/wp-json\/wp\/v2\/media?parent=30816"}],"wp:term":[{"taxonomy":"product_brand","embeddable":true,"href":"https:\/\/comprasyconsejos.store\/en\/wp-json\/wp\/v2\/product_brand?post=30816"},{"taxonomy":"product_cat","embeddable":true,"href":"https:\/\/comprasyconsejos.store\/en\/wp-json\/wp\/v2\/product_cat?post=30816"},{"taxonomy":"product_tag","embeddable":true,"href":"https:\/\/comprasyconsejos.store\/en\/wp-json\/wp\/v2\/product_tag?post=30816"}],"curies":[{"name":"wp","href":"https:\/\/api.w.org\/{rel}","templated":true}]}}