{"id":30826,"date":"2026-02-22T12:38:33","date_gmt":"2026-02-22T12:38:33","guid":{"rendered":"https:\/\/comprasyconsejos.store\/product\/android-15-tablet-128gb-rom2tb-tf-30-ram-10-inch-touch-tablet-with-keyboard-and-mouse-1280-x-800-ips-hd-widevine-l1-gemini-ai-2-4g-5g-wifi-octa-core-58mp-bt-5-0-8000mah-metallic-blue\/"},"modified":"2026-02-22T12:38:41","modified_gmt":"2026-02-22T12:38:41","slug":"android-15-tablet-128gb-rom2tb-tf-30-ram-10-inch-touch-tablet-with-keyboard-and-mouse-1280-x-800-ips-hd-widevine-l1-gemini-ai-2-4g-5g-wifi-octa-core-58mp-bt-5-0-8000mah-metallic-blue","status":"publish","type":"product","link":"https:\/\/comprasyconsejos.store\/en\/product\/android-15-tablet-128gb-rom2tb-tf-30-ram-10-inch-touch-tablet-with-keyboard-and-mouse-1280-x-800-ips-hd-widevine-l1-gemini-ai-2-4g-5g-wifi-octa-core-58mp-bt-5-0-8000mah-metallic-blue\/","title":{"rendered":"Android 15 Tablet, 128GB ROM+2TB TF, 30 RAM, 10 Inch Touch Tablet with Keyboard and Mouse, 1280 x 800 IPS HD, Widevine L1, Gemini AI, 2.4G\/5G WiFi, Octa-Core, 5+8MP, BT 5.0, 8000mAh, Metallic, Blue"},"content":{"rendered":"<p>Price: <span style=\"color:#b12704\">\u20ac109.99<\/span><br \/><i><small>(as of Feb 22, 2026 12:38:33 UTC &#8211; <span class=\"wp_automatic_amazon_disclaimer\" title=\"Product prices and availability are accurate as of the date\/time indicated and are subject to change. Any price and availability information displayed on [relevant Amazon Site(s), as applicable] at the time of purchase will apply to the purchase of this product.\">Details<\/span>)<\/small><\/i><\/p>\n<p><a href=\"https:\/\/amazon.es\/dp\/B0FXY2QSFS?tag=man008-21\"><img decoding=\"async\" src=\"https:\/\/valvepress.s3.amazonaws.com\/imgs\/buy_now.png\"><\/a><br \/>\n<\/p>\n<p>                                             From the brand   <\/p>\n<p>                                              <img decoding=\"async\" alt=\"\" src=\"https:\/\/images-na.ssl-images-amazon.com\/images\/G\/01\/x-locale\/common\/grey-pixel.gif\" class=\"a-lazy-loaded\" data-src=\"https:\/\/m.media-amazon.com\/images\/S\/aplus-media-library-service-media\/19383838-1631-467c-a854-6abad96805c4.__CR0,0,1464,625_PT0_SX1464_V1___.jpg\"><img decoding=\"async\" alt=\"\" src=\"https:\/\/m.media-amazon.com\/images\/S\/aplus-media-library-service-media\/19383838-1631-467c-a854-6abad96805c4.__CR0,0,1464,625_PT0_SX1464_V1___.jpg\">  <\/p>\n<p> Las \u00faltimas tabletas Android de 2025 le traer\u00e1n una nueva experiencia de actualizaci\u00f3n. <\/p>\n<p>                                              <img decoding=\"async\" alt=\"\" src=\"https:\/\/images-na.ssl-images-amazon.com\/images\/G\/01\/x-locale\/common\/grey-pixel.gif\" class=\"a-lazy-loaded\" data-src=\"https:\/\/m.media-amazon.com\/images\/S\/aplus-media-library-service-media\/a9ea2b93-ece0-4805-8280-d81f6a714112.__CR0,0,362,453_PT0_SX362_V1___.jpg\"><img decoding=\"async\" alt=\"\" src=\"https:\/\/m.media-amazon.com\/images\/S\/aplus-media-library-service-media\/a9ea2b93-ece0-4805-8280-d81f6a714112.__CR0,0,362,453_PT0_SX362_V1___.jpg\">  <\/p>\n<p> \u00a1Ventas mundiales, tenemos todo lo que quieres! <\/p>\n<p> \u00a1Promoci\u00f3n festiva, no te la pierdas! <\/p>\n<p>                                              <img decoding=\"async\" alt=\"\" src=\"https:\/\/images-na.ssl-images-amazon.com\/images\/G\/01\/x-locale\/common\/grey-pixel.gif\" class=\"a-lazy-loaded\" data-src=\"https:\/\/m.media-amazon.com\/images\/S\/aplus-media-library-service-media\/940ee4c0-96c0-4568-8ff8-e77f7187157a.__CR0,0,362,453_PT0_SX362_V1___.jpg\"><img decoding=\"async\" alt=\"\" src=\"https:\/\/m.media-amazon.com\/images\/S\/aplus-media-library-service-media\/940ee4c0-96c0-4568-8ff8-e77f7187157a.__CR0,0,362,453_PT0_SX362_V1___.jpg\">  <\/p>\n<h3> Tablet Android: Seguridad <\/h3>\n<p> Seguridad para estar tranquilo <\/p>\n<p> Productos cualificados que reducir\u00e1n sus molestias y le ganar\u00e1n tiempo!!! <\/p>\n<h3> 2026 Tablet Android 15-M\u00e9tal <\/h3>\n<p class=\"apm-brand-story-stores-link\">\n<h3> 2026 Tablet Android 15-Colores <\/h3>\n<p class=\"apm-brand-story-stores-link\">\n<h3> 2026 Tablet con EVA Anti-Case <\/h3>\n<p class=\"apm-brand-story-stores-link\">\n<h3> 2026 Tablet Android -Colores <\/h3>\n<p class=\"apm-brand-story-stores-link\">\n<h3> 2026 Tablet Android -Colores <\/h3>\n<p class=\"apm-brand-story-stores-link\">\n<h3> 2026 Tablet Android -Divertido <\/h3>\n<p class=\"apm-brand-story-stores-link\">\n<p>                                              <img decoding=\"async\" alt=\"\" src=\"https:\/\/images-na.ssl-images-amazon.com\/images\/G\/01\/x-locale\/common\/grey-pixel.gif\" class=\"a-lazy-loaded\" data-src=\"https:\/\/m.media-amazon.com\/images\/S\/aplus-media-library-service-media\/fcdcd0e5-0018-434b-96ef-c873414a3b9d.__CR0,0,362,453_PT0_SX362_V1___.jpg\"><img decoding=\"async\" alt=\"\" src=\"https:\/\/m.media-amazon.com\/images\/S\/aplus-media-library-service-media\/fcdcd0e5-0018-434b-96ef-c873414a3b9d.__CR0,0,362,453_PT0_SX362_V1___.jpg\">  <\/p>\n<h3> 30GB RAM + 128GB ROM (TF 2TB) <\/h3>\n<p> Memoria masiva, adi\u00f3s Katun! <\/p>\n<p> Fluido y natural, \u00a1almacena momentos maravillosos! <\/p>\n<p>                                              <img decoding=\"async\" alt=\"\" src=\"https:\/\/images-na.ssl-images-amazon.com\/images\/G\/01\/x-locale\/common\/grey-pixel.gif\" class=\"a-lazy-loaded\" data-src=\"https:\/\/m.media-amazon.com\/images\/S\/aplus-media-library-service-media\/fedb8911-c37f-424d-a294-1d3a521b616a.__CR0,0,362,453_PT0_SX362_V1___.jpg\"><img decoding=\"async\" alt=\"\" src=\"https:\/\/m.media-amazon.com\/images\/S\/aplus-media-library-service-media\/fedb8911-c37f-424d-a294-1d3a521b616a.__CR0,0,362,453_PT0_SX362_V1___.jpg\">  <\/p>\n<h3> Aplicaciones Certificadas GMS <\/h3>\n<p> Aplicaci\u00f3n certificada GMS para ayudar a los ni\u00f1os a crecer; \u00a1Ayuda a las personas mayores a aprender! <\/p>\n<p>                                              <img decoding=\"async\" alt=\"\" src=\"https:\/\/images-na.ssl-images-amazon.com\/images\/G\/01\/x-locale\/common\/grey-pixel.gif\" class=\"a-lazy-loaded\" data-src=\"https:\/\/m.media-amazon.com\/images\/S\/aplus-media-library-service-media\/a904fe2b-3537-4da3-93c5-01ca60d8bc13.__CR0,0,362,453_PT0_SX362_V1___.jpg\"><img decoding=\"async\" alt=\"\" src=\"https:\/\/m.media-amazon.com\/images\/S\/aplus-media-library-service-media\/a904fe2b-3537-4da3-93c5-01ca60d8bc13.__CR0,0,362,453_PT0_SX362_V1___.jpg\">  <\/p>\n<h3> Tablet T\u00e1ctil con 5MP+8MP <\/h3>\n<p> Pantalla t\u00e1ctil, flexible y r\u00e1pida, interactiva, familia y animales de compa\u00f1\u00eda interact\u00faan felices <\/p>\n<p>                                              <img decoding=\"async\" alt=\"\" src=\"https:\/\/images-na.ssl-images-amazon.com\/images\/G\/01\/x-locale\/common\/grey-pixel.gif\" class=\"a-lazy-loaded\" data-src=\"https:\/\/m.media-amazon.com\/images\/S\/aplus-media-library-service-media\/cff74366-95f6-4d30-8f73-4d178364f4bb.__CR0,0,362,453_PT0_SX362_V1___.jpg\"><img decoding=\"async\" alt=\"\" src=\"https:\/\/m.media-amazon.com\/images\/S\/aplus-media-library-service-media\/cff74366-95f6-4d30-8f73-4d178364f4bb.__CR0,0,362,453_PT0_SX362_V1___.jpg\">  <\/p>\n<h3> Tablet 10  Pulgadas <\/h3>\n<p> Tama\u00f1o de pantalla y pesos apropiados, ni da\u00f1ar el mu\u00f1eco, pero pr\u00e1ctico para aplicaciones de manipulaci\u00f3n de los dedos! <\/p>\n<p>                                              <img decoding=\"async\" alt=\"\" src=\"https:\/\/images-na.ssl-images-amazon.com\/images\/G\/01\/x-locale\/common\/grey-pixel.gif\" class=\"a-lazy-loaded\" data-src=\"https:\/\/m.media-amazon.com\/images\/S\/aplus-media-library-service-media\/7280f112-75ba-4ff8-8e0c-a09ea20da587.__CR0,0,362,453_PT0_SX362_V1___.jpg\"><img decoding=\"async\" alt=\"\" src=\"https:\/\/m.media-amazon.com\/images\/S\/aplus-media-library-service-media\/7280f112-75ba-4ff8-8e0c-a09ea20da587.__CR0,0,362,453_PT0_SX362_V1___.jpg\">  <\/p>\n<h3> Control Parental <\/h3>\n<p> Esto ayuda a los tutores a cuidar de la seguridad y la salud en l\u00ednea de sus tutores (menores, ancianos, etc.) <\/p>\n<p>                                              <img decoding=\"async\" alt=\"\" src=\"https:\/\/images-na.ssl-images-amazon.com\/images\/G\/01\/x-locale\/common\/grey-pixel.gif\" class=\"a-lazy-loaded\" data-src=\"https:\/\/m.media-amazon.com\/images\/S\/aplus-media-library-service-media\/20b4c269-0209-4683-b3f2-5966b9a06a10.__CR0,0,362,453_PT0_SX362_V1___.jpg\"><img decoding=\"async\" alt=\"\" src=\"https:\/\/m.media-amazon.com\/images\/S\/aplus-media-library-service-media\/20b4c269-0209-4683-b3f2-5966b9a06a10.__CR0,0,362,453_PT0_SX362_V1___.jpg\">  <\/p>\n<h3> Modo de Protecci\u00f3n Ocular HD <\/h3>\n<p> El modo Eye Guard reduce los da\u00f1os oculares sin comprometer el efecto visual y es adecuado para todas las edades! <\/p>\n<p>                                              <img decoding=\"async\" alt=\"\" src=\"https:\/\/images-na.ssl-images-amazon.com\/images\/G\/01\/x-locale\/common\/grey-pixel.gif\" class=\"a-lazy-loaded\" data-src=\"https:\/\/m.media-amazon.com\/images\/S\/aplus-media-library-service-media\/449882c8-cd9c-4464-8d8b-43f17cad9f68.__CR0,0,362,453_PT0_SX362_V1___.jpg\"><img decoding=\"async\" alt=\"\" src=\"https:\/\/m.media-amazon.com\/images\/S\/aplus-media-library-service-media\/449882c8-cd9c-4464-8d8b-43f17cad9f68.__CR0,0,362,453_PT0_SX362_V1___.jpg\">  <\/p>\n<h3> Tablet con Gemini AI <\/h3>\n<p> La inteligencia artificial avanzada para hacer su trabajo m\u00e1s productivo y trabajar en casa tambi\u00e9n!!! <\/p>\n<p>                                              <img decoding=\"async\" alt=\"\" src=\"https:\/\/images-na.ssl-images-amazon.com\/images\/G\/01\/x-locale\/common\/grey-pixel.gif\" class=\"a-lazy-loaded\" data-src=\"https:\/\/m.media-amazon.com\/images\/S\/aplus-media-library-service-media\/77a8e948-9ec4-4eaf-8bb8-114fce61ff48.__CR0,0,362,453_PT0_SX362_V1___.jpg\"><img decoding=\"async\" alt=\"\" src=\"https:\/\/m.media-amazon.com\/images\/S\/aplus-media-library-service-media\/77a8e948-9ec4-4eaf-8bb8-114fce61ff48.__CR0,0,362,453_PT0_SX362_V1___.jpg\">  <\/p>\n<h3> Ultra Larga Resistencia <\/h3>\n<p> Super larga resistencia, aprender a crecer contigo!! <\/p>\n<p> En el exterior tambi\u00e9n, tranquilizar &#8211; usted con la tableta! <\/p>\n<p>                                              <img decoding=\"async\" alt=\"\" src=\"https:\/\/images-na.ssl-images-amazon.com\/images\/G\/01\/x-locale\/common\/grey-pixel.gif\" class=\"a-lazy-loaded\" data-src=\"https:\/\/m.media-amazon.com\/images\/S\/aplus-media-library-service-media\/8aaac03e-87c0-46d3-b017-70915f6b8a22.__CR0,0,362,453_PT0_SX362_V1___.jpg\"><img decoding=\"async\" alt=\"\" src=\"https:\/\/m.media-amazon.com\/images\/S\/aplus-media-library-service-media\/8aaac03e-87c0-46d3-b017-70915f6b8a22.__CR0,0,362,453_PT0_SX362_V1___.jpg\">  <\/p>\n<h3> Pixels HD con Widevine L1 <\/h3>\n<p> Disfruta de una fiesta visual para documentar una vida clara!!! <\/p>\n<p> \u00a1No pierdas tus propios momentos de luz, momentos de felicidad! <\/p>\n<p>                                              <img decoding=\"async\" alt=\"\" src=\"https:\/\/images-na.ssl-images-amazon.com\/images\/G\/01\/x-locale\/common\/grey-pixel.gif\" class=\"a-lazy-loaded\" data-src=\"https:\/\/m.media-amazon.com\/images\/S\/aplus-media-library-service-media\/6a01c86c-b816-432a-92e1-26c1615b375d.__CR0,0,362,453_PT0_SX362_V1___.jpg\"><img decoding=\"async\" alt=\"\" src=\"https:\/\/m.media-amazon.com\/images\/S\/aplus-media-library-service-media\/6a01c86c-b816-432a-92e1-26c1615b375d.__CR0,0,362,453_PT0_SX362_V1___.jpg\">  <\/p>\n<h3> Tablet con WiFi 6\/5G\/2.4G <\/h3>\n<p> Conexi\u00f3n de red estable, videotel\u00e9fono fluido y activo; Incluso a miles de kil\u00f3metros, como estar alrededor <\/p>\n<p>                                              <img decoding=\"async\" alt=\"\" src=\"https:\/\/images-na.ssl-images-amazon.com\/images\/G\/01\/x-locale\/common\/grey-pixel.gif\" class=\"a-lazy-loaded\" data-src=\"https:\/\/m.media-amazon.com\/images\/S\/aplus-media-library-service-media\/811524ed-0ac7-4f84-900e-e14eda7a4339.__CR0,0,362,453_PT0_SX362_V1___.jpg\"><img decoding=\"async\" alt=\"\" src=\"https:\/\/m.media-amazon.com\/images\/S\/aplus-media-library-service-media\/811524ed-0ac7-4f84-900e-e14eda7a4339.__CR0,0,362,453_PT0_SX362_V1___.jpg\">  <\/p>\n<h3> La Bonne Garde <\/h3>\n<p> \u00a1Protege la buena vida! <\/p>\n<p> Una responsabilidad que nos hace responsables!!! <\/p>\n<p> Batteries                                            \u200f                                            :                                            \u200e                                            1 12V batteries required. (included)   <br \/> Package Dimensions                                            \u200f                                            :                                            \u200e                                            25 x 15 x 1 cm; 500 g   <br \/> Manufacturer                                            \u200f                                            :                                            \u200e                                            UJJ   <br \/> ASIN                                            \u200f                                            :                                            \u200e                                            B0FXY2QSFS   <br \/> Item model number                                            \u200f                                            :                                            \u200e                                            UJJ   <br \/> Country of origin                                            \u200f                                            :                                            \u200e                                            China   <br \/> Guaranteed software updates until                                            \u200f                                            :                                            \u200e                                            unknown   <br \/>  Customer reviews:                                                                                            4.3               4.3 out of 5 stars                                  (51)                                              var dpAcrHasRegisteredArcLinkClickAction;                    P.when(&#8216;A&#8217;, &#8216;ready&#8217;).execute(function(A) {                        if (dpAcrHasRegisteredArcLinkClickAction !== true) {                            dpAcrHasRegisteredArcLinkClickAction = true;                            A.declarative(                                &#8216;acrLink-click-metrics&#8217;, &#8216;click&#8217;,                                { \u00aballowLinkDefault\u00bb: true },                                function (event) {                                    if (window.ue) {                                        ue.count(\u00abacrLinkClickCount\u00bb, (ue.count(\u00abacrLinkClickCount\u00bb) || 0) + 1);                                    }                                }                            );                        }                    });                                             P.when(&#8216;A&#8217;, &#8216;cf&#8217;).execute(function(A) {                A.declarative(&#8216;acrStarsLink-click-metrics&#8217;, &#8216;click&#8217;, { \u00aballowLinkDefault\u00bb : true },  function(event){                    if(window.ue) {                        ue.count(\u00abacrStarsLinkWithPopoverClickCount\u00bb, (ue.count(\u00abacrStarsLinkWithPopoverClickCount\u00bb) || 0) + 1);                    }                });            });                          <\/p>\n<p>\u3010Android 15 + Gemini AI + Octa-core Processor\u3011Tablet runs on Android 15 and features a powerful T310 octa-core processor with a maximum operating frequency of 2.0GHz, which offers a smarter and faster experience as well as enhanced privacy controls. In combination with Gemini AI, it offers intelligent services including real-time conversation, instant translation, graphics creation and image recognition. Whether developing office applications or audio\/video entertainment applications, AI-enhanced computing power speeds up all operations.<br \/>\u301030GB RAM + 128GB ROM\/2TB TF\u3011 Android 15 tablet built-in an SD card slot. Features 30GB RAM (8GB physical memory + 22GB expandable memory) + 128GB storage, expandable up to 2TB, providing ample space to edit and store work and study files, allowing for quick and lag-free multitasking. Equipped with 8000mAh high-density battery and Android 15 energy-saving optimization technology, it offers a long battery life, perfect for mobile use.<br \/>\u3010Dual Band Wi-Fi 2.4\/5G + Bluetooth 5.0 + Widevine L1\u3011 Tablet 10 inch features a resolution of 1280\u00d7800 and supports dual-band 2.4G\/5G Wi-Fi, which improves transmission capabilities for more stable network speeds. In addition, it is GMS and Widevine L1 certified, supports cross-platform HD resolution, and delivers smoother video streaming for an ideal viewing experience. Bluetooth 5.0 enables stable pairing with peripherals such as keyboards and headphones.<br \/>\u30105+8MP Camera + Face Recognition\u3011Touch tablet features an 8MP rear camera and a 5MP front camera, which meet daily needs for photography, video calling, wireless screen mirroring and scanning. Face unlock offers increased security, allowing instant device access for smooth operation of this Android 15 tablet. Built-in Type-C charging port and 3.5mm headphone jack enhance comfort, making it perfect for watching HD videos at night without disturbing others, or enjoying the classic wired experience.<br \/>\u3010Dual Speakers + GPS\u3011Tablet supports A-GPS\/GPS\/BeiDou positioning technologies for accurate location tracking. This Android 15 tablet also features two high-quality speakers that deliver clear, pure audio for an exceptional audiovisual experience. The 10.1-inch display incorporates an eye care mode that filters blue light and adjusts color temperature, reducing eye fatigue during prolonged use. This feature is especially beneficial for users who spend a lot of time looking at electronic screens.<br \/>\u3010Wide Range of Applications + Parental Control\u30112 IN 1 tablet equipped with keyboard comes with numerous pre-installed apps, such as iWAWA, YouTube, TikTok and many more, which offer a wealth of interactive content. It supports parental control functions, allowing you to set usage time limits, content filters, and app permissions, creating a safe and healthy digital environment for children. In addition, it comes with a matching protective case and a clear screen protector, which provides full protection for the tablet.<\/p>\n\n","protected":false},"excerpt":{"rendered":"<p> From the brand Las \u00faltimas tabletas Android de 2025 le traer\u00e1n una nueva experiencia de<\/p>","protected":false},"featured_media":30827,"comment_status":"open","ping_status":"closed","template":"","meta":[],"product_brand":[],"product_cat":[93],"product_tag":[651,700,2870,8936,694,391,646,648,367,650,655,912,584,703,518,8937,767,659,587,2425,647,157,652,653,649,654,515,916,543],"class_list":{"0":"post-30826","1":"product","2":"type-product","3":"status-publish","4":"has-post-thumbnail","6":"product_cat-android-tablets","7":"product_tag-10-inch-tablet","8":"product_tag-128gb","9":"product_tag-2-4g5g","10":"product_tag-58mp","11":"product_tag-8000mah","12":"product_tag-android","13":"product_tag-android-tablet","14":"product_tag-best-android-tablet","15":"product_tag-blue","16":"product_tag-budget-android-tablet","17":"product_tag-gaming-tablet","18":"product_tag-gemini","19":"product_tag-inch","20":"product_tag-ips","21":"product_tag-keyboard","22":"product_tag-metallic","23":"product_tag-mouse","24":"product_tag-octacore","25":"product_tag-ram","26":"product_tag-rom2tb","27":"product_tag-samsung-android-tablet","28":"product_tag-tablet","29":"product_tag-tablet-for-kids","30":"product_tag-tablet-for-study","31":"product_tag-tablet-with-sim","32":"product_tag-tablet-with-stylus","33":"product_tag-touch","34":"product_tag-widevine","35":"product_tag-wifi","37":"first","38":"instock","39":"shipping-taxable","40":"product-type-external"},"_links":{"self":[{"href":"https:\/\/comprasyconsejos.store\/en\/wp-json\/wp\/v2\/product\/30826","targetHints":{"allow":["GET"]}}],"collection":[{"href":"https:\/\/comprasyconsejos.store\/en\/wp-json\/wp\/v2\/product"}],"about":[{"href":"https:\/\/comprasyconsejos.store\/en\/wp-json\/wp\/v2\/types\/product"}],"replies":[{"embeddable":true,"href":"https:\/\/comprasyconsejos.store\/en\/wp-json\/wp\/v2\/comments?post=30826"}],"version-history":[{"count":0,"href":"https:\/\/comprasyconsejos.store\/en\/wp-json\/wp\/v2\/product\/30826\/revisions"}],"wp:featuredmedia":[{"embeddable":true,"href":"https:\/\/comprasyconsejos.store\/en\/wp-json\/wp\/v2\/media\/30827"}],"wp:attachment":[{"href":"https:\/\/comprasyconsejos.store\/en\/wp-json\/wp\/v2\/media?parent=30826"}],"wp:term":[{"taxonomy":"product_brand","embeddable":true,"href":"https:\/\/comprasyconsejos.store\/en\/wp-json\/wp\/v2\/product_brand?post=30826"},{"taxonomy":"product_cat","embeddable":true,"href":"https:\/\/comprasyconsejos.store\/en\/wp-json\/wp\/v2\/product_cat?post=30826"},{"taxonomy":"product_tag","embeddable":true,"href":"https:\/\/comprasyconsejos.store\/en\/wp-json\/wp\/v2\/product_tag?post=30826"}],"curies":[{"name":"wp","href":"https:\/\/api.w.org\/{rel}","templated":true}]}}