{"id":30858,"date":"2026-02-22T13:07:58","date_gmt":"2026-02-22T13:07:58","guid":{"rendered":"https:\/\/comprasyconsejos.store\/product\/dell-15-laptop-dc15250-15-6-fhd-120hz-intel-core-i7-1355u-intel-uhd-graphics-16gb-ram-512gb-ssd-hd-webcam-windows-11-home-spanish-qwerty-keyboard-black\/"},"modified":"2026-02-22T13:08:14","modified_gmt":"2026-02-22T13:08:14","slug":"dell-15-laptop-dc15250-15-6-fhd-120hz-intel-core-i7-1355u-intel-uhd-graphics-16gb-ram-512gb-ssd-hd-webcam-windows-11-home-spanish-qwerty-keyboard-black","status":"publish","type":"product","link":"https:\/\/comprasyconsejos.store\/en\/product\/dell-15-laptop-dc15250-15-6-fhd-120hz-intel-core-i7-1355u-intel-uhd-graphics-16gb-ram-512gb-ssd-hd-webcam-windows-11-home-spanish-qwerty-keyboard-black\/","title":{"rendered":"Dell 15 Laptop DC15250-15.6&#8243; FHD 120Hz, Intel Core i7-1355U, Intel UHD Graphics, 16GB RAM, 512GB SSD, HD Webcam, Windows 11 Home, Spanish QWERTY Keyboard, Black"},"content":{"rendered":"<p>Price: <span style=\"color:#b12704\">\u20ac679.00<\/span><br \/><i><small>(as of Feb 22, 2026 13:07:58 UTC &#8211; <span class=\"wp_automatic_amazon_disclaimer\" title=\"Product prices and availability are accurate as of the date\/time indicated and are subject to change. Any price and availability information displayed on [relevant Amazon Site(s), as applicable] at the time of purchase will apply to the purchase of this product.\">Details<\/span>)<\/small><\/i><\/p>\n<p><a href=\"https:\/\/amazon.es\/dp\/B0FBDWJNJR?tag=man008-21\"><img decoding=\"async\" src=\"https:\/\/valvepress.s3.amazonaws.com\/imgs\/buy_now.png\"><\/a><br \/>\n<\/p>\n<p>                                             From the brand   <\/p>\n<p>                                              <img decoding=\"async\" alt=\"\" src=\"https:\/\/images-na.ssl-images-amazon.com\/images\/G\/01\/x-locale\/common\/grey-pixel.gif\" class=\"a-lazy-loaded\" data-src=\"https:\/\/m.media-amazon.com\/images\/S\/aplus-media-library-service-media\/7e08296d-2e1c-4b8d-a68e-f79dbbd6afae.__CR0,0,1464,625_PT0_SX1464_V1___.jpg\"><img decoding=\"async\" alt=\"\" src=\"https:\/\/m.media-amazon.com\/images\/S\/aplus-media-library-service-media\/7e08296d-2e1c-4b8d-a68e-f79dbbd6afae.__CR0,0,1464,625_PT0_SX1464_V1___.jpg\">  <\/p>\n<h3> Accesorios para PC <\/h3>\n<p> Complete su configuraci\u00f3n con monitores, teclados, ratones y otros accesorios. <\/p>\n<h3> Complete su configuraci\u00f3n <\/h3>\n<p class=\"apm-brand-story-stores-link\">\n<h3> Complete su configuraci\u00f3n <\/h3>\n<p class=\"apm-brand-story-stores-link\">\n<h3> Complete su configuraci\u00f3n <\/h3>\n<p class=\"apm-brand-story-stores-link\">\n<p>                                              <img decoding=\"async\" alt=\"Varias vistas de alguien trabajando en una configuraci\u00f3n de escritorio con un port\u00e1til y un monitor, que muestran diferentes \u00e1ngulos de la disposici\u00f3n del espacio de trabajo.\" src=\"https:\/\/images-na.ssl-images-amazon.com\/images\/G\/01\/x-locale\/common\/grey-pixel.gif\" class=\"a-lazy-loaded\" data-src=\"https:\/\/m.media-amazon.com\/images\/S\/aplus-media-library-service-media\/f5b94167-4394-4b19-b14a-381a9677239d.__CR3,0,400,500_PT0_SX362_V1___.jpg\"><img decoding=\"async\" alt=\"Varias vistas de alguien trabajando en una configuraci\u00f3n de escritorio con un port\u00e1til y un monitor, que muestran diferentes \u00e1ngulos de la disposici\u00f3n del espacio de trabajo.\" src=\"https:\/\/m.media-amazon.com\/images\/S\/aplus-media-library-service-media\/f5b94167-4394-4b19-b14a-381a9677239d.__CR3,0,400,500_PT0_SX362_V1___.jpg\">  <\/p>\n<h3> Complete su configuraci\u00f3n <\/h3>\n<p class=\"apm-brand-story-stores-link\">\n<p> Package Dimensions                                            \u200f                                            :                                            \u200e                                            45.4 x 35.4 x 6.9 cm; 1.62 kg   <br \/> Manufacturer                                            \u200f                                            :                                            \u200e                                            Dell   <br \/> ASIN                                            \u200f                                            :                                            \u200e                                            B0FBDWJNJR   <br \/> Item model number                                            \u200f                                            :                                            \u200e                                            DDC15250-7636BLK-PES   <br \/> Country of origin                                            \u200f                                            :                                            \u200e                                            China   <br \/> Guaranteed software updates until                                            \u200f                                            :                                            \u200e                                            unknown   <br \/>  Customer reviews:                                                                                            4.4               4.4 out of 5 stars                                  (130)                                              var dpAcrHasRegisteredArcLinkClickAction;                    P.when(&#8216;A&#8217;, &#8216;ready&#8217;).execute(function(A) {                        if (dpAcrHasRegisteredArcLinkClickAction !== true) {                            dpAcrHasRegisteredArcLinkClickAction = true;                            A.declarative(                                &#8216;acrLink-click-metrics&#8217;, &#8216;click&#8217;,                                { \u00aballowLinkDefault\u00bb: true },                                function (event) {                                    if (window.ue) {                                        ue.count(\u00abacrLinkClickCount\u00bb, (ue.count(\u00abacrLinkClickCount\u00bb) || 0) + 1);                                    }                                }                            );                        }                    });                                             P.when(&#8216;A&#8217;, &#8216;cf&#8217;).execute(function(A) {                A.declarative(&#8216;acrStarsLink-click-metrics&#8217;, &#8216;click&#8217;, { \u00aballowLinkDefault\u00bb : true },  function(event){                    if(window.ue) {                        ue.count(\u00abacrStarsLinkWithPopoverClickCount\u00bb, (ue.count(\u00abacrStarsLinkWithPopoverClickCount\u00bb) || 0) + 1);                    }                });            });                          <\/p>\n<p>120HZ FLUID DISPLAY AND MAXIMUM VISUAL COMFORT: 15.6&#8243; FHD (1920 x 1080) display with 120Hz refresh rate for smooth, sharp images. Anti-glare technology and Dell ComfortView to care for your eyesight.<br \/>RELIABLE PERFORMANCE FOR DAILY &#8211; 13 Gen Intel Core i7-1355U processor with 10 cores for agile navigation, efficient multitasking, and fast boot up of your applications.<br \/>16GB DDR4 RAM FOR FLUID PERFORMANCE: Run multiple tasks without slowing down thanks to 16GB of DDR4 RAM, perfect for studying, working, browsing or video calling in complete comfort.<br \/>FAST AND QUIET 512GB SSD STORAGE: Enjoy lightning-fast boot-up and instant file upload with the 512GB PCIe SSD. Save all your documents, photos and apps with complete confidence.<br \/>FULL CONNECTIVITY AND QUALITY VIDEO: HDMI, USB-C, SD card reader, Wi-Fi 6, HD webcam with physical shutter and dual microphones for clear and secure video calls.<br \/>A RESPONSIBLE AND WELL PROTECTED LAPTOP: Made with recycled plastics (30% palm rest, 50% bottom shell), 100% eco-friendly packaging.<\/p>\n\n","protected":false},"excerpt":{"rendered":"<p> From the brand Accesorios para PC Complete su configuraci\u00f3n con monitores, teclados, ratones y otros<\/p>","protected":false},"featured_media":30859,"comment_status":"open","ping_status":"closed","template":"","meta":[],"product_brand":[],"product_cat":[84],"product_tag":[1634,509,536,496,498,497,307,698,8943,809,639,644,626,3561,562,518,159,502,503,504,499,500,501,505,858,587,5273,513,684,545,537],"class_list":{"0":"post-30858","1":"product","2":"type-product","3":"status-publish","4":"has-post-thumbnail","6":"product_cat-apple-macbook","7":"product_tag-120hz","8":"product_tag-16gb","9":"product_tag-512gb","10":"product_tag-apple-macbook","11":"product_tag-apple-macbook-air","12":"product_tag-apple-macbook-pro","13":"product_tag-black","14":"product_tag-core","15":"product_tag-dc1525015-6","16":"product_tag-dell","17":"product_tag-fhd","18":"product_tag-graphics","19":"product_tag-home","20":"product_tag-i71355u","21":"product_tag-intel","22":"product_tag-keyboard","23":"product_tag-laptop","24":"product_tag-macbook-13-inch","25":"product_tag-macbook-15-inch","26":"product_tag-macbook-16-inch","27":"product_tag-macbook-m1","28":"product_tag-macbook-m2","29":"product_tag-macbook-m3","30":"product_tag-macbook-price","31":"product_tag-qwerty","32":"product_tag-ram","33":"product_tag-spanish","34":"product_tag-ssd","35":"product_tag-uhd","36":"product_tag-webcam","37":"product_tag-windows","39":"first","40":"instock","41":"shipping-taxable","42":"product-type-external"},"_links":{"self":[{"href":"https:\/\/comprasyconsejos.store\/en\/wp-json\/wp\/v2\/product\/30858","targetHints":{"allow":["GET"]}}],"collection":[{"href":"https:\/\/comprasyconsejos.store\/en\/wp-json\/wp\/v2\/product"}],"about":[{"href":"https:\/\/comprasyconsejos.store\/en\/wp-json\/wp\/v2\/types\/product"}],"replies":[{"embeddable":true,"href":"https:\/\/comprasyconsejos.store\/en\/wp-json\/wp\/v2\/comments?post=30858"}],"version-history":[{"count":0,"href":"https:\/\/comprasyconsejos.store\/en\/wp-json\/wp\/v2\/product\/30858\/revisions"}],"wp:featuredmedia":[{"embeddable":true,"href":"https:\/\/comprasyconsejos.store\/en\/wp-json\/wp\/v2\/media\/30859"}],"wp:attachment":[{"href":"https:\/\/comprasyconsejos.store\/en\/wp-json\/wp\/v2\/media?parent=30858"}],"wp:term":[{"taxonomy":"product_brand","embeddable":true,"href":"https:\/\/comprasyconsejos.store\/en\/wp-json\/wp\/v2\/product_brand?post=30858"},{"taxonomy":"product_cat","embeddable":true,"href":"https:\/\/comprasyconsejos.store\/en\/wp-json\/wp\/v2\/product_cat?post=30858"},{"taxonomy":"product_tag","embeddable":true,"href":"https:\/\/comprasyconsejos.store\/en\/wp-json\/wp\/v2\/product_tag?post=30858"}],"curies":[{"name":"wp","href":"https:\/\/api.w.org\/{rel}","templated":true}]}}