{"id":30878,"date":"2026-02-22T13:30:44","date_gmt":"2026-02-22T13:30:44","guid":{"rendered":"https:\/\/comprasyconsejos.store\/product\/potensic-atom-2-fly-more-combo-with-rc-ptd-1-drone-with-camera-for-adults-4k-video-8k-photo\/"},"modified":"2026-02-22T13:30:52","modified_gmt":"2026-02-22T13:30:52","slug":"potensic-atom-2-fly-more-combo-with-rc-ptd-1-drone-with-camera-for-adults-4k-video-8k-photo","status":"publish","type":"product","link":"https:\/\/comprasyconsejos.store\/en\/product\/potensic-atom-2-fly-more-combo-with-rc-ptd-1-drone-with-camera-for-adults-4k-video-8k-photo\/","title":{"rendered":"Potensic Atom 2 Fly More Combo with RC PTD 1, Drone with Camera for Adults, 4K Video\/8K Photo,"},"content":{"rendered":"<p>Price: <span style=\"color:#b12704\">\u20ac519.99<\/span><br \/><i><small>(as of Feb 22, 2026 13:30:44 UTC &#8211; <span class=\"wp_automatic_amazon_disclaimer\" title=\"Product prices and availability are accurate as of the date\/time indicated and are subject to change. Any price and availability information displayed on [relevant Amazon Site(s), as applicable] at the time of purchase will apply to the purchase of this product.\">Details<\/span>)<\/small><\/i><\/p>\n<p><a href=\"https:\/\/amazon.es\/dp\/B0DKHCZHCY?tag=man008-21\"><img decoding=\"async\" src=\"https:\/\/valvepress.s3.amazonaws.com\/imgs\/buy_now.png\"><\/a><br \/>\n<\/p>\n<p>                                             Product Description   <\/p>\n<p>The video showcases the product in use.The video guides you through product setup.The video compares multiple products.The video shows the product being unpacked. Potensic ATOM 2 Merchant video<\/p>\n<p>                                                                                                       <img decoding=\"async\" alt=\"aplus content image\" src=\"https:\/\/images-na.ssl-images-amazon.com\/images\/G\/01\/x-locale\/common\/grey-pixel.gif\" class=\"a-lazy-loaded\" data-src=\"https:\/\/m.media-amazon.com\/images\/S\/aplus-media-library-service-media\/68d31105-e3bc-432c-90e9-a3d7d1cb6147.__CR0,0,1464,600_PT0_SX1464_V1___.jpg\"><img decoding=\"async\" alt=\"aplus content image\" src=\"https:\/\/m.media-amazon.com\/images\/S\/aplus-media-library-service-media\/68d31105-e3bc-432c-90e9-a3d7d1cb6147.__CR0,0,1464,600_PT0_SX1464_V1___.jpg\">                                               <\/p>\n<p>                                                                                                                  <img decoding=\"async\" alt=\"Interfaz oscura que muestra las opciones para compartir en redes sociales con miniaturas de c\u00e1mara y fotos sobre fondo azul\" src=\"https:\/\/m.media-amazon.com\/images\/S\/aplus-media-library-service-media\/cd51762e-d23d-4c7a-b060-250de9568069.__CR0,0,1464,600_PT0_SX1464_V1___.jpg\">                                                    <img decoding=\"async\" alt=\"Interfaz de pantalla digital que muestra las opciones de fotograf\u00eda de paisajes monta\u00f1osos con vistas panor\u00e1micas de picos nevados y paisajes alpinos\" src=\"https:\/\/m.media-amazon.com\/images\/S\/aplus-media-library-service-media\/4240f0d6-0fd0-4016-ad03-9de7eebc9126.__CR0,0,1464,600_PT0_SX1464_V1___.jpg\">                                                    <img decoding=\"async\" alt=\"Interfaz de c\u00e1mara para tel\u00e9fonos inteligentes que muestra los modos de fotograf\u00eda de paisajes, con paisajes de monta\u00f1a y un men\u00fa de configuraci\u00f3n de la c\u00e1mara en espa\u00f1ol.\" src=\"https:\/\/m.media-amazon.com\/images\/S\/aplus-media-library-service-media\/67419da1-3a70-4238-b5af-c3e3d83f035d.__CR0,0,1464,600_PT0_SX1464_V1___.jpg\">                                                    <img decoding=\"async\" alt=\"Anuncio de c\u00e1mara digital o fotograf\u00eda que muestra im\u00e1genes reflejadas en lagos de monta\u00f1a, con texto que indica la capacidad digital de zoom 4x\" src=\"https:\/\/m.media-amazon.com\/images\/S\/aplus-media-library-service-media\/97cdebca-e782-4394-8cb8-1b86b024f479.__CR0,0,1464,600_PT0_SX1464_V1___.jpg\"><br \/>\n                            1 Grabaci\u00f3n en vertical <\/p>\n<p>                            2 Panorama <\/p>\n<p>                            3 M\u00faltiples Modos <\/p>\n<p>                            4 4xZoom Digital <\/p>\n<p>                                                                                                                  <img decoding=\"async\" alt=\"Interfaz digital que muestra texto en forma de \u00abIA\u00bb con elementos azules brillantes junto a un paisaje urbano nocturno con rascacielos iluminados reflejados\" src=\"https:\/\/m.media-amazon.com\/images\/S\/aplus-media-library-service-media\/fb48f0f4-fc58-4dad-9559-1421fa515d54.__CR0,0,1464,600_PT0_SX1464_V1___.jpg\">                                                    <img decoding=\"async\" alt=\"Imagen dividida que muestra texto en forma de \u00abIA\u00bb con efecto de brillo azul y una captura de pantalla de un juego de visualizaci\u00f3n en primera persona que muestra un paisaje monta\u00f1oso con un r\u00edo\" src=\"https:\/\/m.media-amazon.com\/images\/S\/aplus-media-library-service-media\/e8bccbab-5a7c-4627-adb9-0294fe99e3be.__CR0,0,1464,600_PT0_SX1464_V1___.jpg\">                                                    <img decoding=\"async\" alt=\"Comparaci\u00f3n de dos im\u00e1genes que muestran la mejora de fotograf\u00edas con IA. La imagen de la izquierda muestra a una persona con una chaqueta verde en la monta\u00f1a, la derecha muestra una claridad y un color mejorados.\" src=\"https:\/\/m.media-amazon.com\/images\/S\/aplus-media-library-service-media\/5a17686b-1b52-453a-b6bc-4565b684efde.__CR0,0,1464,600_PT0_SX1464_V1___.jpg\">                                                    <img decoding=\"async\" alt=\"aplus content image\" src=\"https:\/\/m.media-amazon.com\/images\/S\/aplus-media-library-service-media\/04f71bbe-e8bc-49c8-8694-5a827b889f63.__CR0,0,1464,600_PT0_SX1464_V1___.jpg\"><br \/>\n                            1 Grabaci\u00f3n Nocturna con Al <\/p>\n<p>                            2 Spotlight con AI <\/p>\n<p>                            3 Seguimiento con Al <\/p>\n<p>                            4 RC con pantalla de 5.5&#8243; <\/p>\n<p>                                                                                                       <img decoding=\"async\" alt=\"aplus content image\" src=\"https:\/\/images-na.ssl-images-amazon.com\/images\/G\/01\/x-locale\/common\/grey-pixel.gif\" class=\"a-lazy-loaded\" data-src=\"https:\/\/m.media-amazon.com\/images\/S\/aplus-media-library-service-media\/930e04d5-6324-453a-aa3e-845cf14efe3b.__CR0,0,1464,600_PT0_SX1464_V1___.jpg\"><img decoding=\"async\" alt=\"aplus content image\" src=\"https:\/\/m.media-amazon.com\/images\/S\/aplus-media-library-service-media\/930e04d5-6324-453a-aa3e-845cf14efe3b.__CR0,0,1464,600_PT0_SX1464_V1___.jpg\">                                               <\/p>\n<p>                                                                                                                  <img decoding=\"async\" alt=\"aplus content image\" src=\"https:\/\/m.media-amazon.com\/images\/S\/aplus-media-library-service-media\/35335f2d-357b-4797-90c8-80fc8bb0bcab.__CR0,0,1464,600_PT0_SX1464_V1___.jpg\">                                                    <img decoding=\"async\" alt=\"Smartphone que muestra una interfaz de aplicaci\u00f3n de cuidados forenses con un dron flotando cerca, sobre un fondo oscuro con detalles en azul\" src=\"https:\/\/m.media-amazon.com\/images\/S\/aplus-media-library-service-media\/f02f3bef-3b7b-4dff-be80-4a6b86d415fe.__CR0,0,1464,600_PT0_SX1464_V1___.jpg\">                                                    <img decoding=\"async\" alt=\"ATOM2\" src=\"https:\/\/m.media-amazon.com\/images\/S\/aplus-media-library-service-media\/cc7dadf9-7f1e-4528-aa34-4985eed12cd8.__CR0,0,1464,600_PT0_SX1464_V1___.jpg\">                                                    <img decoding=\"async\" alt=\"Interfaz de mapa a\u00e9reo que muestra una l\u00ednea de ruta punteada entre ubicaciones con una superposici\u00f3n de texto etiquetada como \u00abFlabilidad Redefinida\" src=\"https:\/\/m.media-amazon.com\/images\/S\/aplus-media-library-service-media\/9b500c92-9195-450a-8bc9-472896dc393b.__CR0,0,1464,600_PT0_SX1464_V1___.jpg\"><br \/>\n                            1 RC de larga duraci\u00f3n <\/p>\n<p>                            2 Potensic Care <\/p>\n<p>                            3 Nueva App: Potensic Eve <\/p>\n<p>                            4 Retorno Autom\u00e1tico <\/p>\n<p>                                                                                                                                                           Modos de Video M\u00e1s Interesantes                                                                                                          Seguimiento Visual con AI    <\/p>\n<p>The video showcases the product in use.The video guides you through product setup.The video compares multiple products.The video shows the product being unpacked. Seguimiento Visual con AI Merchant video<\/p>\n<p>                                                                                                Dolly Zoom    <\/p>\n<p>The video showcases the product in use.The video guides you through product setup.The video compares multiple products.The video shows the product being unpacked. Potensic Dolly Zoom Merchant video<\/p>\n<p>                                                                                                Vuelo Circular    <\/p>\n<p>The video showcases the product in use.The video guides you through product setup.The video compares multiple products.The video shows the product being unpacked. Potensic AI Vuelo Circular Merchant video<\/p>\n<p>                                                                                                Crucero a Velocidad Constante    <\/p>\n<p>The video showcases the product in use.The video guides you through product setup.The video compares multiple products.The video shows the product being unpacked. Crucero a Velocidad Constante Merchant video<\/p>\n<p>                                                                                                Slow Motion    <\/p>\n<p>The video showcases the product in use.The video guides you through product setup.The video compares multiple products.The video shows the product being unpacked. Potensic Slow Motion Merchant video<\/p>\n<p> Batteries                                            \u200f                                            :                                            \u200e                                            3 Lithium Polymer batteries required. (included)   <br \/> Product Dimensions                                            \u200f                                            :                                            \u200e                                            26.5 x 17.2 x 17.6 cm; 249 g   <br \/> Date First Available                                            \u200f                                            :                                            \u200e                                            26 Sept. 2025   <br \/> Manufacturer                                            \u200f                                            :                                            \u200e                                            Potensic   <br \/> ASIN                                            \u200f                                            :                                            \u200e                                            B0FSDQ49RM   <br \/> Manufacturer reference                                            \u200f                                            :                                            \u200e                                            6978392910570   <br \/> Country of origin                                            \u200f                                            :                                            \u200e                                            China   <br \/>       Best Sellers Rank:  3,957 in Toys &#038; Games (See Top 100 in Toys &#038; Games)    26 in Remote &#038; App-Controlled Drones      <br \/>  Customer reviews:                                                                                            4.6               4.6 out of 5 stars                                  (1,247)                                              var dpAcrHasRegisteredArcLinkClickAction;                    P.when(&#8216;A&#8217;, &#8216;ready&#8217;).execute(function(A) {                        if (dpAcrHasRegisteredArcLinkClickAction !== true) {                            dpAcrHasRegisteredArcLinkClickAction = true;                            A.declarative(                                &#8216;acrLink-click-metrics&#8217;, &#8216;click&#8217;,                                { \u00aballowLinkDefault\u00bb: true },                                function (event) {                                    if (window.ue) {                                        ue.count(\u00abacrLinkClickCount\u00bb, (ue.count(\u00abacrLinkClickCount\u00bb) || 0) + 1);                                    }                                }                            );                        }                    });                                             P.when(&#8216;A&#8217;, &#8216;cf&#8217;).execute(function(A) {                A.declarative(&#8216;acrStarsLink-click-metrics&#8217;, &#8216;click&#8217;, { \u00aballowLinkDefault\u00bb : true },  function(event){                    if(window.ue) {                        ue.count(\u00abacrStarsLinkWithPopoverClickCount\u00bb, (ue.count(\u00abacrStarsLinkWithPopoverClickCount\u00bb) || 0) + 1);                    }                });            });                          <\/p>\n<p>The 5.5 inch FHD touch screen built into the RC PTD 1 offers a brightness of 1920\u00d71080 resolution. Enjoy control and total awareness &#8211; just turn on PTD 1 and take off. (Note: The RC PTD 1 only supports ATOM 2.)<br \/>The camera is equipped with a 1\/2&#8243; Sony CMOS sensor, captures photos of the camera and records stable videos with a 3-axis gimbal. F1.8 aperture and 4-in-1 pixels improve low-light performance, detail and color.<br \/>It is also suitable for any occasion. The ATOM 2 features PixSync 4.0 technology for stable control and 1080p\/30fps live video up to 10km. The PTD 1 controller offers up to 100% autonomy and supports fast charging of the battery (100% of the original product), reducing waiting times to a minimum.<br \/>The ATOM 2 Fly More Combo includes a charging hub that allows you to charge three batteries simultaneously in 1.3 hours. The kit offers ample time for exploration.<br \/>The ATOM 2 features premium object and image locking technology. Frame your target to access tracking modes: Spotlight, Follow, and Parallel. Plus, it makes it easy to capture crisp, clear videos during the night.<br \/>The ATOM 2 includes various photo modes such as 2.7K vertical capture, 4x digital zoom and panorama, along with new video modes: Zoom Dolly, Slow Motion and QuickShots to create cinematic videos.<br \/>The ATOM 2 offers accurate GNSS positioning, customizable start point, Cruise Control, Automatic Take-off and Landing, and Intelligent Return to Home (RTH), providing a smooth and enjoyable flight experience.<br \/>The compact and lightweight design of the ATOM 2 means that it is not necessary to test for flying in most countries and regions. However, strictly check and follow the latest local laws and regulations before the flight. Its newly improved shoulder bag ensures easy access and carrying. Always ready to capture exciting moments anytime, anywhere.<br \/>The new app is available in our new app, Potensic Eve. You can fly without worry. In-app chat service offers immediate support and hassle-free assistance at any time.<\/p>\n\n","protected":false},"excerpt":{"rendered":"<p> Product Description The video showcases the product in use.The video guides you through product setup.The<\/p>","protected":false},"featured_media":30879,"comment_status":"open","ping_status":"closed","template":"","meta":[],"product_brand":[],"product_cat":[98],"product_tag":[935,5132,2845,681,1003,2854,2852,2855,2853,2842,2844,2848,2846,2850,2838,2849,3824,2839,2840,2843,2851,2194,5131,8948,2841,2847,8949],"class_list":{"0":"post-30878","1":"product","2":"type-product","3":"status-publish","4":"has-post-thumbnail","6":"product_cat-drones","7":"product_tag-adults","8":"product_tag-atom","9":"product_tag-beginner-drone","10":"product_tag-camera","11":"product_tag-combo","12":"product_tag-dji-drone","13":"product_tag-dji-mavic","14":"product_tag-dji-mini-2","15":"product_tag-drone","16":"product_tag-drone-accessories","17":"product_tag-drone-battery","18":"product_tag-drone-gimbal","19":"product_tag-drone-propellers","20":"product_tag-drone-spare-parts","21":"product_tag-drone-with-camera","22":"product_tag-drones-under-200","23":"product_tag-fly","24":"product_tag-foldable-drone","25":"product_tag-fpv-drone","26":"product_tag-hd-drone","27":"product_tag-mini-drone","28":"product_tag-photo","29":"product_tag-potensic","30":"product_tag-ptd","31":"product_tag-quadcopter","32":"product_tag-remote-control-drone","33":"product_tag-video8k","35":"first","36":"instock","37":"shipping-taxable","38":"product-type-external"},"_links":{"self":[{"href":"https:\/\/comprasyconsejos.store\/en\/wp-json\/wp\/v2\/product\/30878","targetHints":{"allow":["GET"]}}],"collection":[{"href":"https:\/\/comprasyconsejos.store\/en\/wp-json\/wp\/v2\/product"}],"about":[{"href":"https:\/\/comprasyconsejos.store\/en\/wp-json\/wp\/v2\/types\/product"}],"replies":[{"embeddable":true,"href":"https:\/\/comprasyconsejos.store\/en\/wp-json\/wp\/v2\/comments?post=30878"}],"version-history":[{"count":0,"href":"https:\/\/comprasyconsejos.store\/en\/wp-json\/wp\/v2\/product\/30878\/revisions"}],"wp:featuredmedia":[{"embeddable":true,"href":"https:\/\/comprasyconsejos.store\/en\/wp-json\/wp\/v2\/media\/30879"}],"wp:attachment":[{"href":"https:\/\/comprasyconsejos.store\/en\/wp-json\/wp\/v2\/media?parent=30878"}],"wp:term":[{"taxonomy":"product_brand","embeddable":true,"href":"https:\/\/comprasyconsejos.store\/en\/wp-json\/wp\/v2\/product_brand?post=30878"},{"taxonomy":"product_cat","embeddable":true,"href":"https:\/\/comprasyconsejos.store\/en\/wp-json\/wp\/v2\/product_cat?post=30878"},{"taxonomy":"product_tag","embeddable":true,"href":"https:\/\/comprasyconsejos.store\/en\/wp-json\/wp\/v2\/product_tag?post=30878"}],"curies":[{"name":"wp","href":"https:\/\/api.w.org\/{rel}","templated":true}]}}