{"id":30918,"date":"2026-02-22T13:57:59","date_gmt":"2026-02-22T13:57:59","guid":{"rendered":"https:\/\/comprasyconsejos.store\/product\/asiahorse-nyota-ventilador-de-caja-de-140-mm-con-refrigeracion-eficiente-iluminacion-de-ventilador-argb-personalizable-control-de-velocidad-de-800-1800-rpm-y-funcionamiento-silencioso-de-menos-de\/"},"modified":"2026-02-22T13:58:03","modified_gmt":"2026-02-22T13:58:03","slug":"asiahorse-nyota-ventilador-de-caja-de-140-mm-con-refrigeracion-eficiente-iluminacion-de-ventilador-argb-personalizable-control-de-velocidad-de-800-1800-rpm-y-funcionamiento-silencioso-de-menos-de","status":"publish","type":"product","link":"https:\/\/comprasyconsejos.store\/en\/product\/asiahorse-nyota-ventilador-de-caja-de-140-mm-con-refrigeracion-eficiente-iluminacion-de-ventilador-argb-personalizable-control-de-velocidad-de-800-1800-rpm-y-funcionamiento-silencioso-de-menos-de\/","title":{"rendered":"AsiaHorse Nyota &#8211; Ventilador de caja de 140 mm con refrigeraci\u00f3n eficiente, iluminaci\u00f3n de ventilador ARGB personalizable, control de velocidad de 800-1800 RPM y funcionamiento silencioso de menos de"},"content":{"rendered":"<p>Price: <span style=\"color:#b12704\">\u20ac14.99<\/span><br \/><i><small>(as of Feb 22, 2026 13:57:59 UTC &#8211; <span class=\"wp_automatic_amazon_disclaimer\" title=\"Product prices and availability are accurate as of the date\/time indicated and are subject to change. Any price and availability information displayed on [relevant Amazon Site(s), as applicable] at the time of purchase will apply to the purchase of this product.\">Details<\/span>)<\/small><\/i><\/p>\n<p><a href=\"https:\/\/amazon.es\/dp\/B0DP2JVNCP?tag=man008-21\"><img decoding=\"async\" src=\"https:\/\/valvepress.s3.amazonaws.com\/imgs\/buy_now.png\"><\/a><br \/>\n<br \/>\n    <span><br \/>Caracter\u00edsticas de nuestros ventiladores ARGB: refrigeraci\u00f3n de alta eficiencia con hasta 89.77 CFM (140 mm) y 61.5 CFM (120 mm), ajustable 800 &#8211; 2000 RPM (PWM) para temperaturas \u00f3ptimas. Funcionamiento silencioso por debajo de 29 dBA a trav\u00e9s de rodamientos hidr\u00e1ulicos de alta precisi\u00f3n, cuchillas optimizadas. Iluminaci\u00f3n ARGB con cuentas OSKAR patentadas, personalizables a trav\u00e9s de software para sincronizar. Dise\u00f1o \u00fanico que sigue la proporci\u00f3n \u00e1urea tanto para refrigeraci\u00f3n como para est\u00e9tica. Tama\u00f1os vers\u00e1tiles de 120 mm y 140 mm. F\u00e1cil control con conectores PWM y ARGB, construcci\u00f3n premium con materiales de calidad, almohadillas de silicona y tiras de luz patentadas. <\/span><br \/> Package Dimensions                                            \u200f                                            :                                            \u200e                                            17.6 x 14.81 x 3.3 cm; 249 g   <br \/> Date First Available                                            \u200f                                            :                                            \u200e                                            16 Feb. 2025   <br \/> Manufacturer                                            \u200f                                            :                                            \u200e                                            AsiaHorse   <br \/> ASIN                                            \u200f                                            :                                            \u200e                                            B0DP2JVNCP   <br \/> Item model number                                            \u200f                                            :                                            \u200e                                            Nyota   <br \/>  Customer reviews:                                                                                            4.5               4.5 out of 5 stars                                  (50)                                              var dpAcrHasRegisteredArcLinkClickAction;                    P.when(&#8216;A&#8217;, &#8216;ready&#8217;).execute(function(A) {                        if (dpAcrHasRegisteredArcLinkClickAction !== true) {                            dpAcrHasRegisteredArcLinkClickAction = true;                            A.declarative(                                &#8216;acrLink-click-metrics&#8217;, &#8216;click&#8217;,                                { \u00aballowLinkDefault\u00bb: true },                                function (event) {                                    if (window.ue) {                                        ue.count(\u00abacrLinkClickCount\u00bb, (ue.count(\u00abacrLinkClickCount\u00bb) || 0) + 1);                                    }                                }                            );                        }                    });                                             P.when(&#8216;A&#8217;, &#8216;cf&#8217;).execute(function(A) {                A.declarative(&#8216;acrStarsLink-click-metrics&#8217;, &#8216;click&#8217;, { \u00aballowLinkDefault\u00bb : true },  function(event){                    if(window.ue) {                        ue.count(\u00abacrStarsLinkWithPopoverClickCount\u00bb, (ue.count(\u00abacrStarsLinkWithPopoverClickCount\u00bb) || 0) + 1);                    }                });            });                          <\/p>\n<p>**Potencia de refrigeraci\u00f3n eficiente**: nuestros ventiladores de carcasa ARGB ofrecen un rendimiento de refrigeraci\u00f3n excepcional, asegurando que tu sistema se mantenga fresco y estable. Con un alto flujo de aire de hasta 89.77 CFM para el modelo de 140 mm y 61.5 CFM para el modelo de 120 mm; y una velocidad ajustable de 800-2000 RPM (PWM), estos ventiladores expulsan r\u00e1pidamente el aire caliente, manteniendo tu PC a temperaturas \u00f3ptimas. Ya sea que est\u00e9s jugando o ejecutando aplicaciones intensivas, nuestros ventiladores proporcionan la potencia de refrigeraci\u00f3n que necesitas para mantener el m\u00e1ximo rendimiento.<br \/>**Funcionamiento silencioso**: experimenta el poder del silencio con nuestros fans. Equipados con rodamientos hidr\u00e1ulicos de alta precisi\u00f3n, estos ventiladores funcionan a un nivel de ruido inferior a 29 dBA. El dise\u00f1o optimizado de la hoja y la ingenier\u00eda de precisi\u00f3n reducen la resistencia al aire y la fricci\u00f3n, asegurando un ambiente silencioso. Perfecto para aquellos que valoran una experiencia inform\u00e1tica tranquila, nuestros ventiladores ofrecen un alto rendimiento sin ruido.<br \/>**Efectos de iluminaci\u00f3n ARGB**: transforma tu PC en una obra maestra visual con nuestra iluminaci\u00f3n ARGB. Con cuentas de luz OSKAR patentadas, que proporcionan colores m\u00e1s ricos y efectos de iluminaci\u00f3n m\u00e1s suaves. Elige entre una variedad de colores y efectos para que coincida con la est\u00e9tica de tu configuraci\u00f3n. La iluminaci\u00f3n RGB es personalizable por software de placa base, lo que te permite sincronizar la iluminaci\u00f3n con tus otros componentes. Ya sea que est\u00e9s construyendo un equipo de juegos o una estaci\u00f3n de trabajo de alto rendimiento, nuestros ventiladores a\u00f1aden un toque de elegancia y estilo.<br \/>**Est\u00e9tica de dise\u00f1o \u00fanico**: nuestros ventiladores no solo son funcionales; son una obra maestra del dise\u00f1o. La apariencia de los abanicos es \u00fanica y ha sido cuidadosamente elaborada durante un largo per\u00edodo. Las l\u00edneas de luz y las l\u00edneas de la hoja est\u00e1n meticulosamente dise\u00f1adas, adhiri\u00e9ndose a la proporci\u00f3n \u00e1urea para la perfecci\u00f3n est\u00e9tica. Este dise\u00f1o no solo mejora la eficiencia de refrigeraci\u00f3n, sino que tambi\u00e9n aumenta significativamente el atractivo visual de tu carcasa de PC.<br \/>**Opciones de tama\u00f1o vers\u00e1tiles**: entendemos que las diferentes construcciones requieren diferentes soluciones. Es por eso que ofrecemos tama\u00f1os de 120 mm y 140 mm para adaptarse a una amplia gama de fundas. Ya sea que est\u00e9s trabajando con una configuraci\u00f3n compacta o una torre m\u00e1s grande, nuestros ventiladores est\u00e1n dise\u00f1ados para proporcionar una refrigeraci\u00f3n \u00f3ptima y encajar perfectamente en tu construcci\u00f3n. Elige el tama\u00f1o que mejor se adapte a tus necesidades y mejora el rendimiento y la est\u00e9tica de tu PC.<br \/>**F\u00e1cil control y calidad de construcci\u00f3n premium**: toma el control total de tu refrigeraci\u00f3n e iluminaci\u00f3n con nuestros conectores PWM y ARGB. Ajusta la velocidad del ventilador y los efectos de iluminaci\u00f3n para adaptarse a tus necesidades, ya sea que est\u00e9s buscando la m\u00e1xima refrigeraci\u00f3n o un brillo sutil. Nuestros ventiladores est\u00e1n fabricados con materiales y construcci\u00f3n de alta calidad, con almohadillas de silicona para un ajuste seguro y tiras de luz patentadas para un aspecto \u00fanico.<br \/>Tama\u00f1o: 140 x 140 x 25 mm; estos ventiladores no solo son funcionales, sino que tambi\u00e9n est\u00e1n dise\u00f1ados para durar, lo que los convierte en una opci\u00f3n fiable para tu PC. Estas caracter\u00edsticas hacen que nuestros ventiladores de carcasa ARGB sean imprescindibles para cualquier persona que busque mejorar el rendimiento y la est\u00e9tica de su PC. Actualiza tu configuraci\u00f3n hoy y experimenta la diferencia.<\/p>\n\n","protected":false},"excerpt":{"rendered":"<p> Caracter\u00edsticas de nuestros ventiladores ARGB: refrigeraci\u00f3n de alta eficiencia con hasta 89.77 CFM (140 mm)<\/p>","protected":false},"featured_media":30919,"comment_status":"open","ping_status":"closed","template":"","meta":[],"product_brand":[],"product_cat":[65],"product_tag":[2003,2005,1568,3303,2013,4205,1998,2015,3994,1124,2009,7259,4626,2011,7315,5119,8958,2000,8959,2007,5790,2001,2474,4207,4659,4204],"class_list":{"0":"post-30918","1":"product","2":"type-product","3":"status-publish","4":"has-post-thumbnail","6":"product_cat-case-fan","7":"product_tag-120mm-case-fan","8":"product_tag-140mm-case-fan","9":"product_tag-argb","10":"product_tag-asiahorse","11":"product_tag-best-case-fan","12":"product_tag-caja","13":"product_tag-case-fan","14":"product_tag-computer-cooling-fan","15":"product_tag-con","16":"product_tag-control","17":"product_tag-cooling-fan-for-pc","18":"product_tag-eficiente","19":"product_tag-funcionamiento","20":"product_tag-high-airflow-case-fan","21":"product_tag-iluminacion","22":"product_tag-menos","23":"product_tag-nyota","24":"product_tag-pc-case-fan","25":"product_tag-personalizable","26":"product_tag-quiet-case-fan","27":"product_tag-refrigeracion","28":"product_tag-rgb-case-fan","29":"product_tag-rpm","30":"product_tag-silencioso","31":"product_tag-velocidad","32":"product_tag-ventilador","34":"first","35":"instock","36":"shipping-taxable","37":"product-type-external"},"_links":{"self":[{"href":"https:\/\/comprasyconsejos.store\/en\/wp-json\/wp\/v2\/product\/30918","targetHints":{"allow":["GET"]}}],"collection":[{"href":"https:\/\/comprasyconsejos.store\/en\/wp-json\/wp\/v2\/product"}],"about":[{"href":"https:\/\/comprasyconsejos.store\/en\/wp-json\/wp\/v2\/types\/product"}],"replies":[{"embeddable":true,"href":"https:\/\/comprasyconsejos.store\/en\/wp-json\/wp\/v2\/comments?post=30918"}],"version-history":[{"count":0,"href":"https:\/\/comprasyconsejos.store\/en\/wp-json\/wp\/v2\/product\/30918\/revisions"}],"wp:featuredmedia":[{"embeddable":true,"href":"https:\/\/comprasyconsejos.store\/en\/wp-json\/wp\/v2\/media\/30919"}],"wp:attachment":[{"href":"https:\/\/comprasyconsejos.store\/en\/wp-json\/wp\/v2\/media?parent=30918"}],"wp:term":[{"taxonomy":"product_brand","embeddable":true,"href":"https:\/\/comprasyconsejos.store\/en\/wp-json\/wp\/v2\/product_brand?post=30918"},{"taxonomy":"product_cat","embeddable":true,"href":"https:\/\/comprasyconsejos.store\/en\/wp-json\/wp\/v2\/product_cat?post=30918"},{"taxonomy":"product_tag","embeddable":true,"href":"https:\/\/comprasyconsejos.store\/en\/wp-json\/wp\/v2\/product_tag?post=30918"}],"curies":[{"name":"wp","href":"https:\/\/api.w.org\/{rel}","templated":true}]}}