{"id":30925,"date":"2026-02-22T14:04:24","date_gmt":"2026-02-22T14:04:24","guid":{"rendered":"https:\/\/comprasyconsejos.store\/product\/support-retention-kit-for-cpu-heatsinks-compatible-with-nzxt-kraken-elite-240-rgb\/"},"modified":"2026-02-22T14:04:32","modified_gmt":"2026-02-22T14:04:32","slug":"support-retention-kit-for-cpu-heatsinks-compatible-with-nzxt-kraken-elite-240-rgb","status":"publish","type":"product","link":"https:\/\/comprasyconsejos.store\/en\/product\/support-retention-kit-for-cpu-heatsinks-compatible-with-nzxt-kraken-elite-240-rgb\/","title":{"rendered":"Support Retention Kit for CPU Heatsinks Compatible with NZXT Kraken Elite 240 RGB"},"content":{"rendered":"<p>Price: <span style=\"color:#b12704\">\u20ac12.49<\/span><br \/><i><small>(as of Feb 22, 2026 14:04:24 UTC &#8211; <span class=\"wp_automatic_amazon_disclaimer\" title=\"Product prices and availability are accurate as of the date\/time indicated and are subject to change. Any price and availability information displayed on [relevant Amazon Site(s), as applicable] at the time of purchase will apply to the purchase of this product.\">Details<\/span>)<\/small><\/i><\/p>\n<p><a href=\"https:\/\/amazon.es\/dp\/B0FVBBCZJY?tag=man008-21\"><img decoding=\"async\" src=\"https:\/\/valvepress.s3.amazonaws.com\/imgs\/buy_now.png\"><\/a><br \/>\n<\/p>\n<p>                                             Product Description   <\/p>\n<p>                                                  <img decoding=\"async\" alt=\"Esfera de vidrio transparente en una playa de arena con estrellas de mar. Refleja el cielo azul y las nubes. Estrella de mar grande al lado de la esfera, la m\u00e1s peque\u00f1a visible a trav\u00e9s del cristal. Nombre de la marca \u00abVISOL\u00bb en texto azul.\" src=\"https:\/\/images-na.ssl-images-amazon.com\/images\/G\/01\/x-locale\/common\/grey-pixel.gif\" class=\"a-lazy-loaded\" data-src=\"https:\/\/m.media-amazon.com\/images\/S\/aplus-media-library-service-media\/739f95d5-97a2-4891-b24a-23f5d80eccdb.__CR0,0,1940,600_PT0_SX970_V1___.jpg\"><img decoding=\"async\" alt=\"Esfera de vidrio transparente en una playa de arena con estrellas de mar. Refleja el cielo azul y las nubes. Estrella de mar grande al lado de la esfera, la m\u00e1s peque\u00f1a visible a trav\u00e9s del cristal. Nombre de la marca \u00abVISOL\u00bb en texto azul.\" src=\"https:\/\/m.media-amazon.com\/images\/S\/aplus-media-library-service-media\/739f95d5-97a2-4891-b24a-23f5d80eccdb.__CR0,0,1940,600_PT0_SX970_V1___.jpg\">  <\/p>\n<p>                                                          <img decoding=\"async\" alt=\"B0FVBBCZJY\" src=\"https:\/\/images-na.ssl-images-amazon.com\/images\/G\/01\/x-locale\/common\/grey-pixel.gif\" class=\"a-spacing-mini a-lazy-loaded\" data-src=\"https:\/\/m.media-amazon.com\/images\/S\/aplus-media-library-service-media\/4c56dfbb-3ea2-4cf0-bec3-9a139e050ea0.__CR0,0,1600,1600_PT0_SX300_V1___.jpg\"><img decoding=\"async\" alt=\"B0FVBBCZJY\" src=\"https:\/\/m.media-amazon.com\/images\/S\/aplus-media-library-service-media\/4c56dfbb-3ea2-4cf0-bec3-9a139e050ea0.__CR0,0,1600,1600_PT0_SX300_V1___.jpg\">  <\/p>\n<p>                                                                                                                                                              Package                                     <\/p>\n<p class=\"a-spacing-base\"> 1x Kit de montaje <\/p>\n<p> Package Dimensions                                            \u200f                                            :                                            \u200e                                            8 x 7 x 1.8 cm; 60 g   <br \/> Manufacturer                                            \u200f                                            :                                            \u200e                                            VGOL   <br \/> ASIN                                            \u200f                                            :                                            \u200e                                            B0FVBBCZJY   <br \/> Manufacturer reference                                            \u200f                                            :                                            \u200e                                            523-EG   <br \/> Country\/Region of Origin                                            \u200f                                            :                                            \u200e                                            China   <br \/> Guaranteed software updates until                                            \u200f                                            :                                            \u200e                                            unknown   <br \/>  Customer reviews:                                                                                            1.0               1.0 out of 5 stars                                  (1)                                              var dpAcrHasRegisteredArcLinkClickAction;                    P.when(&#8216;A&#8217;, &#8216;ready&#8217;).execute(function(A) {                        if (dpAcrHasRegisteredArcLinkClickAction !== true) {                            dpAcrHasRegisteredArcLinkClickAction = true;                            A.declarative(                                &#8216;acrLink-click-metrics&#8217;, &#8216;click&#8217;,                                { \u00aballowLinkDefault\u00bb: true },                                function (event) {                                    if (window.ue) {                                        ue.count(\u00abacrLinkClickCount\u00bb, (ue.count(\u00abacrLinkClickCount\u00bb) || 0) + 1);                                    }                                }                            );                        }                    });                                             P.when(&#8216;A&#8217;, &#8216;cf&#8217;).execute(function(A) {                A.declarative(&#8216;acrStarsLink-click-metrics&#8217;, &#8216;click&#8217;, { \u00aballowLinkDefault\u00bb : true },  function(event){                    if(window.ue) {                        ue.count(\u00abacrStarsLinkWithPopoverClickCount\u00bb, (ue.count(\u00abacrStarsLinkWithPopoverClickCount\u00bb) || 0) + 1);                    }                });            });                          <\/p>\n<p>This kit is compatible with NZXT KRAKEN Elite 240 RGB (RL-KR24E-B2, RL-KR24E-W2), 280 RGB (RL-KR28E-B2, RL-KR28E-W2) and 360 RGB (RL-KR36E-B2, RL-KR36E-W2).<br \/>Made entirely of metal, it is durable, pressure resistant and resists deformation.<br \/>Efficiently secures and firmly locks the CPU cooler, ensuring a perfect fit.<br \/>Easy Installation : A complete set of mounting hardware is provided, which requires no additional tools, allowing for quick replacement of the original mounting bracket.<br \/>Effectively improves the stability of the cooler, which ensures efficient CPU cooling and long-term operation.<\/p>\n\n","protected":false},"excerpt":{"rendered":"<p> Product Description Package 1x Kit de montaje Package Dimensions \u200f : \u200e 8 x 7<\/p>","protected":false},"featured_media":30926,"comment_status":"open","ping_status":"closed","template":"","meta":[],"product_brand":[],"product_cat":[66],"product_tag":[2008,2010,201,598,2002,2014,1997,2016,1377,3301,2006,1539,8961,5427,1999,2012,8960,885,2004,1098],"class_list":{"0":"post-30925","1":"product","2":"type-product","3":"status-publish","4":"has-post-thumbnail","6":"product_cat-cpu-fan","7":"product_tag-amd-cpu-cooler","8":"product_tag-best-cpu-fan","9":"product_tag-compatible","10":"product_tag-cpu","11":"product_tag-cpu-air-cooler","12":"product_tag-cpu-cooling-fan","13":"product_tag-cpu-fan","14":"product_tag-cpu-fan-price","15":"product_tag-elite","16":"product_tag-heatsinks","17":"product_tag-intel-cpu-fan","18":"product_tag-kit","19":"product_tag-kraken","20":"product_tag-nzxt","21":"product_tag-processor-fan","22":"product_tag-quiet-cpu-cooler","23":"product_tag-retention","24":"product_tag-rgb","25":"product_tag-rgb-cpu-cooler","26":"product_tag-support","28":"first","29":"instock","30":"shipping-taxable","31":"product-type-external"},"_links":{"self":[{"href":"https:\/\/comprasyconsejos.store\/en\/wp-json\/wp\/v2\/product\/30925","targetHints":{"allow":["GET"]}}],"collection":[{"href":"https:\/\/comprasyconsejos.store\/en\/wp-json\/wp\/v2\/product"}],"about":[{"href":"https:\/\/comprasyconsejos.store\/en\/wp-json\/wp\/v2\/types\/product"}],"replies":[{"embeddable":true,"href":"https:\/\/comprasyconsejos.store\/en\/wp-json\/wp\/v2\/comments?post=30925"}],"version-history":[{"count":0,"href":"https:\/\/comprasyconsejos.store\/en\/wp-json\/wp\/v2\/product\/30925\/revisions"}],"wp:featuredmedia":[{"embeddable":true,"href":"https:\/\/comprasyconsejos.store\/en\/wp-json\/wp\/v2\/media\/30926"}],"wp:attachment":[{"href":"https:\/\/comprasyconsejos.store\/en\/wp-json\/wp\/v2\/media?parent=30925"}],"wp:term":[{"taxonomy":"product_brand","embeddable":true,"href":"https:\/\/comprasyconsejos.store\/en\/wp-json\/wp\/v2\/product_brand?post=30925"},{"taxonomy":"product_cat","embeddable":true,"href":"https:\/\/comprasyconsejos.store\/en\/wp-json\/wp\/v2\/product_cat?post=30925"},{"taxonomy":"product_tag","embeddable":true,"href":"https:\/\/comprasyconsejos.store\/en\/wp-json\/wp\/v2\/product_tag?post=30925"}],"curies":[{"name":"wp","href":"https:\/\/api.w.org\/{rel}","templated":true}]}}