{"id":30934,"date":"2026-02-22T14:05:26","date_gmt":"2026-02-22T14:05:26","guid":{"rendered":"https:\/\/comprasyconsejos.store\/product\/negative-and-slide-scanner-mobile-film-scanner-converts-35mm-film-to-digital-photo-with-smartphone-support-editing-and-exchange\/"},"modified":"2026-02-22T14:05:33","modified_gmt":"2026-02-22T14:05:33","slug":"negative-and-slide-scanner-mobile-film-scanner-converts-35mm-film-to-digital-photo-with-smartphone-support-editing-and-exchange","status":"publish","type":"product","link":"https:\/\/comprasyconsejos.store\/en\/product\/negative-and-slide-scanner-mobile-film-scanner-converts-35mm-film-to-digital-photo-with-smartphone-support-editing-and-exchange\/","title":{"rendered":"Negative and Slide Scanner, Mobile Film Scanner Converts 35mm Film to Digital Photo with Smartphone, Support Editing and Exchange"},"content":{"rendered":"<p>Price: <span style=\"color:#b12704\">\u20ac14.99<\/span><br \/><i><small>(as of Feb 22, 2026 14:05:26 UTC &#8211; <span class=\"wp_automatic_amazon_disclaimer\" title=\"Product prices and availability are accurate as of the date\/time indicated and are subject to change. Any price and availability information displayed on [relevant Amazon Site(s), as applicable] at the time of purchase will apply to the purchase of this product.\">Details<\/span>)<\/small><\/i><\/p>\n<p><a href=\"https:\/\/amazon.es\/dp\/B0B76Z145X?tag=man008-21\"><img decoding=\"async\" src=\"https:\/\/valvepress.s3.amazonaws.com\/imgs\/buy_now.png\"><\/a><br \/>\n<\/p>\n<p>                                             From the brand   <\/p>\n<p>                                              <img decoding=\"async\" alt=\"\" src=\"https:\/\/images-na.ssl-images-amazon.com\/images\/G\/01\/x-locale\/common\/grey-pixel.gif\" class=\"a-lazy-loaded\" data-src=\"https:\/\/m.media-amazon.com\/images\/S\/aplus-media-library-service-media\/a58850ca-4e4a-47fe-aa9b-c41247d91ec3.__CR0,0,1464,625_PT0_SX1464_V1___.jpg\"><img decoding=\"async\" alt=\"\" src=\"https:\/\/m.media-amazon.com\/images\/S\/aplus-media-library-service-media\/a58850ca-4e4a-47fe-aa9b-c41247d91ec3.__CR0,0,1464,625_PT0_SX1464_V1___.jpg\">  <\/p>\n<p> DGODRT se ha ganado la confianza de los clientes ofreciendo productos de alta calidad a competitivos. <\/p>\n<p>                                              <img decoding=\"async\" alt=\"\" src=\"https:\/\/images-na.ssl-images-amazon.com\/images\/G\/01\/x-locale\/common\/grey-pixel.gif\" class=\"a-lazy-loaded\" data-src=\"https:\/\/m.media-amazon.com\/images\/S\/aplus-media-library-service-media\/631ccd37-f9b1-42e7-9415-eb8651c37371.__CR104,0,391,180_PT0_SX315_V1___.jpg\"><img decoding=\"async\" alt=\"\" src=\"https:\/\/m.media-amazon.com\/images\/S\/aplus-media-library-service-media\/631ccd37-f9b1-42e7-9415-eb8651c37371.__CR104,0,391,180_PT0_SX315_V1___.jpg\">  <\/p>\n<p> Proyecte o digitalice viejas diapositivas\/v\u00eddeos con nuestros productos. Cuando compre nuestros esc\u00e1neres de negativos, encontrar\u00e1 un c\u00f3digo OR en el embalaje. Escanee el c\u00f3digo OR para descargar la aplicaci\u00f3n de escaneado de negativos. <\/p>\n<h3> Slide Viewer <\/h3>\n<p> Product Dimensions                                            \u200f                                            :                                            \u200e                                            15.2 x 10.5 x 3.7 cm; 240 g   <br \/> Manufacturer                                            \u200f                                            :                                            \u200e                                            DGODRT   <br \/> ASIN                                            \u200f                                            :                                            \u200e                                            B0B76Z145X   <br \/> Item model number                                            \u200f                                            :                                            \u200e                                            FS325   <br \/> Country\/Region of Origin                                            \u200f                                            :                                            \u200e                                            China   <br \/> Guaranteed software updates until                                            \u200f                                            :                                            \u200e                                            unknown   <br \/>  Customer reviews:                                                                                            3.4               3.4 out of 5 stars                                  (191)                                              var dpAcrHasRegisteredArcLinkClickAction;                    P.when(&#8216;A&#8217;, &#8216;ready&#8217;).execute(function(A) {                        if (dpAcrHasRegisteredArcLinkClickAction !== true) {                            dpAcrHasRegisteredArcLinkClickAction = true;                            A.declarative(                                &#8216;acrLink-click-metrics&#8217;, &#8216;click&#8217;,                                { \u00aballowLinkDefault\u00bb: true },                                function (event) {                                    if (window.ue) {                                        ue.count(\u00abacrLinkClickCount\u00bb, (ue.count(\u00abacrLinkClickCount\u00bb) || 0) + 1);                                    }                                }                            );                        }                    });                                             P.when(&#8216;A&#8217;, &#8216;cf&#8217;).execute(function(A) {                A.declarative(&#8216;acrStarsLink-click-metrics&#8217;, &#8216;click&#8217;, { \u00aballowLinkDefault\u00bb : true },  function(event){                    if(window.ue) {                        ue.count(\u00abacrStarsLinkWithPopoverClickCount\u00bb, (ue.count(\u00abacrStarsLinkWithPopoverClickCount\u00bb) || 0) + 1);                    }                });            });                          <\/p>\n<p>Relive Old Memories &#8211; This Movie Scanner allows you to easily convert old slides and movies to JPG and store them with just one phone. No need to use a computer or other expensive scanners.<br \/>Various types of films: The Slide &#038; Film Scanner supports 35mm color and black and white negatives and 35mm slides. Built-in LED backlight can provide lighting to make the film and slide clearer and brighter.<br \/>Scan &#038; Edit App &#8211; Scan the QR code on the box or download the Film-scanner app from Apple Store or Google Play Store. You can use it to edit your movie, such as cropping, rotating, adjusting color and contrast, and you can share it on social media.<br \/>Easy to Operate &#8211; Insert 2 AA batteries (not included), insert the slide or film, turn on the LED backlight and place your smartphone lens over the hole and then click to capture. The quality of the photo depends on the resolution of your phone&#8217;s camera.<br \/>Foldable Design &#8211; The Mobile Film Scanner is foldable and can be folded into a small box without taking up much space. Good for traveling and also a good choice for gifts.<\/p>\n\n","protected":false},"excerpt":{"rendered":"<p> From the brand DGODRT se ha ganado la confianza de los clientes ofreciendo productos de<\/p>","protected":false},"featured_media":30935,"comment_status":"open","ping_status":"closed","template":"","meta":[],"product_brand":[],"product_cat":[60],"product_tag":[5511,1990,4448,1865,1982,7465,3947,1989,2804,1983,1986,1275,6458,1987,2194,1984,1985,840,1991,4447,1897,1098,1988],"class_list":{"0":"post-30934","1":"product","2":"type-product","3":"status-publish","4":"has-post-thumbnail","6":"product_cat-scanners","7":"product_tag-35mm","8":"product_tag-best-scanner","9":"product_tag-converts","10":"product_tag-digital","11":"product_tag-document-scanner","12":"product_tag-editing","13":"product_tag-exchange","14":"product_tag-fast-document-scanner","15":"product_tag-film","16":"product_tag-flatbed-scanner","17":"product_tag-high-resolution-scanner","18":"product_tag-mobile","19":"product_tag-negative","20":"product_tag-office-scanner","21":"product_tag-photo","22":"product_tag-photo-scanner","23":"product_tag-portable-scanner","24":"product_tag-scanner","25":"product_tag-scanner-price","26":"product_tag-slide","27":"product_tag-smartphone","28":"product_tag-support","29":"product_tag-usb-scanner","31":"first","32":"instock","33":"shipping-taxable","34":"product-type-external"},"_links":{"self":[{"href":"https:\/\/comprasyconsejos.store\/en\/wp-json\/wp\/v2\/product\/30934","targetHints":{"allow":["GET"]}}],"collection":[{"href":"https:\/\/comprasyconsejos.store\/en\/wp-json\/wp\/v2\/product"}],"about":[{"href":"https:\/\/comprasyconsejos.store\/en\/wp-json\/wp\/v2\/types\/product"}],"replies":[{"embeddable":true,"href":"https:\/\/comprasyconsejos.store\/en\/wp-json\/wp\/v2\/comments?post=30934"}],"version-history":[{"count":0,"href":"https:\/\/comprasyconsejos.store\/en\/wp-json\/wp\/v2\/product\/30934\/revisions"}],"wp:featuredmedia":[{"embeddable":true,"href":"https:\/\/comprasyconsejos.store\/en\/wp-json\/wp\/v2\/media\/30935"}],"wp:attachment":[{"href":"https:\/\/comprasyconsejos.store\/en\/wp-json\/wp\/v2\/media?parent=30934"}],"wp:term":[{"taxonomy":"product_brand","embeddable":true,"href":"https:\/\/comprasyconsejos.store\/en\/wp-json\/wp\/v2\/product_brand?post=30934"},{"taxonomy":"product_cat","embeddable":true,"href":"https:\/\/comprasyconsejos.store\/en\/wp-json\/wp\/v2\/product_cat?post=30934"},{"taxonomy":"product_tag","embeddable":true,"href":"https:\/\/comprasyconsejos.store\/en\/wp-json\/wp\/v2\/product_tag?post=30934"}],"curies":[{"name":"wp","href":"https:\/\/api.w.org\/{rel}","templated":true}]}}