{"id":30950,"date":"2026-02-22T14:19:20","date_gmt":"2026-02-22T14:19:20","guid":{"rendered":"https:\/\/comprasyconsejos.store\/product\/canon-pixma-mg2555s-3in1-inkjet-printer-0727c026-a4-colore-black\/"},"modified":"2026-02-22T14:19:21","modified_gmt":"2026-02-22T14:19:21","slug":"canon-pixma-mg2555s-3in1-inkjet-printer-0727c026-a4-colore-black","status":"publish","type":"product","link":"https:\/\/comprasyconsejos.store\/en\/product\/canon-pixma-mg2555s-3in1-inkjet-printer-0727c026-a4-colore-black\/","title":{"rendered":"Canon PIXMA MG2555S 3IN1 Inkjet Printer 0727C026 A4\/Colore, Black"},"content":{"rendered":"<p>Price: <span style=\"color:#b12704\">\u20ac74.60<\/span><br \/><i><small>(as of Feb 22, 2026 14:19:20 UTC &#8211; <span class=\"wp_automatic_amazon_disclaimer\" title=\"Product prices and availability are accurate as of the date\/time indicated and are subject to change. Any price and availability information displayed on [relevant Amazon Site(s), as applicable] at the time of purchase will apply to the purchase of this product.\">Details<\/span>)<\/small><\/i><\/p>\n<p><a href=\"https:\/\/amazon.es\/dp\/B01ICH52H8?tag=man008-21\"><img decoding=\"async\" src=\"https:\/\/valvepress.s3.amazonaws.com\/imgs\/buy_now.png\"><\/a><br \/>\n<\/p>\n<p>                                             From the manufacturer   <\/p>\n<p>                                                  <img decoding=\"async\" alt=\"Canon\" src=\"https:\/\/images-na.ssl-images-amazon.com\/images\/G\/01\/x-locale\/common\/grey-pixel.gif\" class=\"a-lazy-loaded\" data-src=\"https:\/\/m.media-amazon.com\/images\/S\/aplus-media\/sota\/f58b2af1-661b-4869-94c4-5e8eb92cdf1d.__CR0,221,1301,402_PT0_SX970_V1___.jpg\"><img decoding=\"async\" alt=\"Canon\" src=\"https:\/\/m.media-amazon.com\/images\/S\/aplus-media\/sota\/f58b2af1-661b-4869-94c4-5e8eb92cdf1d.__CR0,221,1301,402_PT0_SX970_V1___.jpg\">  <\/p>\n<p>                                                  <img decoding=\"async\" alt=\"Canon\" src=\"https:\/\/images-na.ssl-images-amazon.com\/images\/G\/01\/x-locale\/common\/grey-pixel.gif\" class=\"a-lazy-loaded\" data-src=\"https:\/\/m.media-amazon.com\/images\/S\/aplus-media\/sota\/bb7487c7-8242-4923-addd-a07e833ccc44.__CR8,0,556,556_PT0_SX300_V1___.jpg\"><img decoding=\"async\" alt=\"Canon\" src=\"https:\/\/m.media-amazon.com\/images\/S\/aplus-media\/sota\/bb7487c7-8242-4923-addd-a07e833ccc44.__CR8,0,556,556_PT0_SX300_V1___.jpg\">  <\/p>\n<h3 class=\"a-spacing-mini\"> Canon PIXMA MG2555S 3IN1 Impresora de Chorro de Tinta <\/h3>\n<p> La gama de impresoras de oficina dom\u00e9sticas compactas hace que las fotos cobren vida, ofreciendo documentos profesionales con velocidad y fiabilidad. <\/p>\n<p> Imprime fotograf\u00edas y documentos en casa con una r\u00e1pida impresora, esc\u00e1ner y copiadora Todo en uno. <\/p>\n<p> Contenido del embalaje: <\/p>\n<\/p>\n<p>Manuales y otros documentosCable de alimentaci\u00f3nCartuchos FINEEquipo Todo en Uno \u2013 PIXMA MG2550S     <\/p>\n<p>                                                  <img decoding=\"async\" alt=\"Canon\" src=\"https:\/\/images-na.ssl-images-amazon.com\/images\/G\/01\/x-locale\/common\/grey-pixel.gif\" class=\"a-lazy-loaded\" data-src=\"https:\/\/m.media-amazon.com\/images\/S\/aplus-media\/sota\/dcadb7d5-6920-43c2-83b8-35fa6552f26a.__CR0,186,1376,426_PT0_SX970_V1___.jpg\"><img decoding=\"async\" alt=\"Canon\" src=\"https:\/\/m.media-amazon.com\/images\/S\/aplus-media\/sota\/dcadb7d5-6920-43c2-83b8-35fa6552f26a.__CR0,186,1376,426_PT0_SX970_V1___.jpg\">  <\/p>\n<p> Is discontinued by manufacturer                                            \u200f                                            :                                            \u200e                                            No   <br \/> Product Dimensions                                            \u200f                                            :                                            \u200e                                            5.71 x 12.05 x 16.77 cm; 3.5 kg   <br \/> Manufacturer                                            \u200f                                            :                                            \u200e                                            Canon   <br \/> ASIN                                            \u200f                                            :                                            \u200e                                            B01ICH52H8   <br \/> Item model number                                            \u200f                                            :                                            \u200e                                            Canon   <br \/> Guaranteed software updates until                                            \u200f                                            :                                            \u200e                                            unknown   <br \/>  Customer reviews:                                                                                            4.0               4.0 out of 5 stars                                  (3,083)                                              var dpAcrHasRegisteredArcLinkClickAction;                    P.when(&#8216;A&#8217;, &#8216;ready&#8217;).execute(function(A) {                        if (dpAcrHasRegisteredArcLinkClickAction !== true) {                            dpAcrHasRegisteredArcLinkClickAction = true;                            A.declarative(                                &#8216;acrLink-click-metrics&#8217;, &#8216;click&#8217;,                                { \u00aballowLinkDefault\u00bb: true },                                function (event) {                                    if (window.ue) {                                        ue.count(\u00abacrLinkClickCount\u00bb, (ue.count(\u00abacrLinkClickCount\u00bb) || 0) + 1);                                    }                                }                            );                        }                    });                                             P.when(&#8216;A&#8217;, &#8216;cf&#8217;).execute(function(A) {                A.declarative(&#8216;acrStarsLink-click-metrics&#8217;, &#8216;click&#8217;, { \u00aballowLinkDefault\u00bb : true },  function(event){                    if(window.ue) {                        ue.count(\u00abacrStarsLinkWithPopoverClickCount\u00bb, (ue.count(\u00abacrStarsLinkWithPopoverClickCount\u00bb) || 0) + 1);                    }                });            });                          <\/p>\n<p>Media Type: Envelopes, Plain Paper, Photo Paper, Photo Paper, Glossy<br \/>PC Connection &#8211; USB 2.0<br \/>Printing Technology: Inkjet (Color)<\/p>\n\n","protected":false},"excerpt":{"rendered":"<p> From the manufacturer Canon PIXMA MG2555S 3IN1 Impresora de Chorro de Tinta La gama de<\/p>","protected":false},"featured_media":30951,"comment_status":"open","ping_status":"closed","template":"","meta":[],"product_brand":[],"product_cat":[57],"product_tag":[8967,237,8968,2140,307,2184,2134,2126,2129,1953,1961,2145,2142,8966,2143,2132,2185,1962,2136],"class_list":{"0":"post-30950","1":"product","2":"type-product","3":"status-publish","4":"has-post-thumbnail","6":"product_cat-inkjet-printers","7":"product_tag-0727c026","8":"product_tag-3in1","9":"product_tag-a4colore","10":"product_tag-best-inkjet-printer","11":"product_tag-black","12":"product_tag-canon","13":"product_tag-cheap-inkjet-printer","14":"product_tag-color-inkjet-printer","15":"product_tag-home-inkjet-printer","16":"product_tag-ink-tank-printer","17":"product_tag-inkjet","18":"product_tag-inkjet-printer","19":"product_tag-inkjet-printer-price","20":"product_tag-mg2555s","21":"product_tag-office-inkjet-printer","22":"product_tag-photo-inkjet-printer","23":"product_tag-pixma","24":"product_tag-printer","25":"product_tag-wireless-inkjet-printer","27":"first","28":"instock","29":"shipping-taxable","30":"product-type-external"},"_links":{"self":[{"href":"https:\/\/comprasyconsejos.store\/en\/wp-json\/wp\/v2\/product\/30950","targetHints":{"allow":["GET"]}}],"collection":[{"href":"https:\/\/comprasyconsejos.store\/en\/wp-json\/wp\/v2\/product"}],"about":[{"href":"https:\/\/comprasyconsejos.store\/en\/wp-json\/wp\/v2\/types\/product"}],"replies":[{"embeddable":true,"href":"https:\/\/comprasyconsejos.store\/en\/wp-json\/wp\/v2\/comments?post=30950"}],"version-history":[{"count":0,"href":"https:\/\/comprasyconsejos.store\/en\/wp-json\/wp\/v2\/product\/30950\/revisions"}],"wp:featuredmedia":[{"embeddable":true,"href":"https:\/\/comprasyconsejos.store\/en\/wp-json\/wp\/v2\/media\/30951"}],"wp:attachment":[{"href":"https:\/\/comprasyconsejos.store\/en\/wp-json\/wp\/v2\/media?parent=30950"}],"wp:term":[{"taxonomy":"product_brand","embeddable":true,"href":"https:\/\/comprasyconsejos.store\/en\/wp-json\/wp\/v2\/product_brand?post=30950"},{"taxonomy":"product_cat","embeddable":true,"href":"https:\/\/comprasyconsejos.store\/en\/wp-json\/wp\/v2\/product_cat?post=30950"},{"taxonomy":"product_tag","embeddable":true,"href":"https:\/\/comprasyconsejos.store\/en\/wp-json\/wp\/v2\/product_tag?post=30950"}],"curies":[{"name":"wp","href":"https:\/\/api.w.org\/{rel}","templated":true}]}}