{"id":30965,"date":"2026-02-22T14:32:58","date_gmt":"2026-02-22T14:32:58","guid":{"rendered":"https:\/\/comprasyconsejos.store\/product\/fifine-usb-gaming-microphone-for-pc-mac-ps4-ps5-rgb-condenser-microphone-for-streaming-podcasts-with-rgb-control-mute-touch-headphone-connector-anti-pop-filter\/"},"modified":"2026-02-22T14:33:03","modified_gmt":"2026-02-22T14:33:03","slug":"fifine-usb-gaming-microphone-for-pc-mac-ps4-ps5-rgb-condenser-microphone-for-streaming-podcasts-with-rgb-control-mute-touch-headphone-connector-anti-pop-filter","status":"publish","type":"product","link":"https:\/\/comprasyconsejos.store\/en\/product\/fifine-usb-gaming-microphone-for-pc-mac-ps4-ps5-rgb-condenser-microphone-for-streaming-podcasts-with-rgb-control-mute-touch-headphone-connector-anti-pop-filter\/","title":{"rendered":"FIFINE USB Gaming Microphone for PC Mac PS4 PS5, RGB Condenser Microphone for Streaming, Podcasts, with RGB Control, Mute Touch, Headphone Connector, Anti-Pop Filter"},"content":{"rendered":"<p>Price: <span style=\"color:#b12704\">\u20ac45.60<\/span><br \/><i><small>(as of Feb 22, 2026 14:32:58 UTC &#8211; <span class=\"wp_automatic_amazon_disclaimer\" title=\"Product prices and availability are accurate as of the date\/time indicated and are subject to change. Any price and availability information displayed on [relevant Amazon Site(s), as applicable] at the time of purchase will apply to the purchase of this product.\">Details<\/span>)<\/small><\/i><\/p>\n<p><a href=\"https:\/\/amazon.es\/dp\/B0B5KWJW6T?tag=man008-21\"><img decoding=\"async\" src=\"https:\/\/valvepress.s3.amazonaws.com\/imgs\/buy_now.png\"><\/a><br \/>\n<\/p>\n<p>                                             Product Description   <\/p>\n<p>                                                                                     <img decoding=\"async\" alt=\"un gr\u00e1fico de los diferentes colores del producto\" src=\"https:\/\/m.media-amazon.com\/images\/S\/aplus-media-library-service-media\/72f8ddc7-96a9-471e-b1b5-792476c11f82.__CR0,0,1464,600_PT0_SX1464_V1___.jpg\">                                                    Control RGB para encendido\/apagado\/selecci\u00f3n                                         <\/p>\n<p class=\"aplus-p3\"> Se pueden elegir varios colores. <\/p>\n<p>                                                                                     <img decoding=\"async\" alt=\"1\" src=\"https:\/\/m.media-amazon.com\/images\/S\/aplus-media-library-service-media\/94cc76d5-d95b-4c08-8a1e-6afe38f41c24.__CR0,0,1464,600_PT0_SX1464_V1___.jpg\">                                                    Iluminaci\u00f3n RGB m\u00faltiple                                         <\/p>\n<p class=\"aplus-p3\"> Cada color realmente le da vida al micr\u00f3fono. <\/p>\n<p>                                                                <img decoding=\"async\" alt=\"\" src=\"https:\/\/images-na.ssl-images-amazon.com\/images\/G\/01\/x-locale\/common\/grey-pixel.gif\" class=\"a-lazy-loaded\" data-src=\"https:\/\/m.media-amazon.com\/images\/S\/aplus-media-library-service-media\/088045c0-1f8a-4a0b-9b3a-8d8a4e44b3b0.__CR0,0,1464,600_PT0_SX1464_V1___.jpg\"><img decoding=\"async\" alt=\"\" src=\"https:\/\/m.media-amazon.com\/images\/S\/aplus-media-library-service-media\/088045c0-1f8a-4a0b-9b3a-8d8a4e44b3b0.__CR0,0,1464,600_PT0_SX1464_V1___.jpg\">        <\/p>\n<p>                                                                                              <img decoding=\"async\" alt=\"Dispositivo cil\u00edndrico negro con cuerpo perforado, c\u00edrculo central iluminado y soporte base. Dos diagramas azules muestran patrones de cobertura direccionales y esf\u00e9ricos\" src=\"https:\/\/images-na.ssl-images-amazon.com\/images\/G\/01\/x-locale\/common\/grey-pixel.gif\" class=\"a-lazy-loaded\" data-src=\"https:\/\/m.media-amazon.com\/images\/S\/aplus-media-library-service-media\/ea3414f8-a68c-4e39-bb41-f9923394fb68.__CR0,0,650,350_PT0_SX650_V1___.jpg\"><img decoding=\"async\" alt=\"Dispositivo cil\u00edndrico negro con cuerpo perforado, c\u00edrculo central iluminado y soporte base. Dos diagramas azules muestran patrones de cobertura direccionales y esf\u00e9ricos\" src=\"https:\/\/m.media-amazon.com\/images\/S\/aplus-media-library-service-media\/ea3414f8-a68c-4e39-bb41-f9923394fb68.__CR0,0,650,350_PT0_SX650_V1___.jpg\">                                            Micr\u00f3fono cardioide de condensador                                         <\/p>\n<p class=\"aplus-p3\"> El micr\u00f3fono de condensador para juegos no enturbia el sonido, pero mejora la sensibilidad y la suavidad del sonido. La voz abierta y fluida brinda comunicaci\u00f3n frecuente y transmisi\u00f3n interactiva en vivo.El patr\u00f3n cardioide minimiza el ruido ambiental de fondo para resaltar con precisi\u00f3n de su voz. <\/p>\n<p>                                           <img decoding=\"async\" alt=\"con brazo ajustable sobre un escritorio. Dise\u00f1o cil\u00edndrico con pantalla de luces coloridas, colocado junto a una configuraci\u00f3n de teclado y computadora.\" src=\"https:\/\/images-na.ssl-images-amazon.com\/images\/G\/01\/x-locale\/common\/grey-pixel.gif\" class=\"a-lazy-loaded\" data-src=\"https:\/\/m.media-amazon.com\/images\/S\/aplus-media-library-service-media\/f25c1dd5-bef6-45e1-9138-28b7e5aa43b5.__CR0,0,650,350_PT0_SX650_V1___.jpg\"><img decoding=\"async\" alt=\"con brazo ajustable sobre un escritorio. Dise\u00f1o cil\u00edndrico con pantalla de luces coloridas, colocado junto a una configuraci\u00f3n de teclado y computadora.\" src=\"https:\/\/m.media-amazon.com\/images\/S\/aplus-media-library-service-media\/f25c1dd5-bef6-45e1-9138-28b7e5aa43b5.__CR0,0,650,350_PT0_SX650_V1___.jpg\">                                            Socio de juegos                                         <\/p>\n<p class=\"aplus-p3\"> El filtro pop de metal evita que se capturen letras racheadas como \u00abbpfs\u00bb en el aire. Las bandas de goma compactas en el soporte amortiguador mejoran la capacidad de aislamiento de vibraciones para reducir el ruido met\u00e1lico. Los accesorios duales funcionan juntos. <\/p>\n<p>                                                                                  <img decoding=\"async\" alt=\"Persona con auriculares y una sudadera rosa con capucha, que sonr\u00ede mientras usa una computadora con varios monitores en un entorno de juegos o streaming\" src=\"https:\/\/m.media-amazon.com\/images\/S\/aplus-media-library-service-media\/a97d26e2-d807-4f08-96e5-90f886e71381.__CR0,0,1464,600_PT0_SX1464_V1___.jpg\">                                                    Potencia la interacci\u00f3n con la audiencia.                                                <\/p>\n<p>                                                                                  <img decoding=\"async\" alt=\"con iluminaci\u00f3n RGB utilizado por una persona en el escritorio de un ordenador, configuraci\u00f3n de juego visible en segundo plano con pantalla iluminada.\" src=\"https:\/\/m.media-amazon.com\/images\/S\/aplus-media-library-service-media\/250ff25a-4ddc-44be-a8e7-ad4753696afb.__CR0,0,1464,600_PT0_SX1464_V1___.jpg\">                                                    Se escucha menos ruido del teclado.                                                <\/p>\n<p>                                                                                  <img decoding=\"async\" alt=\"un hombre sentado frente a un ordenador con un micr\u00f3fono sobre la mesa.\" src=\"https:\/\/m.media-amazon.com\/images\/S\/aplus-media-library-service-media\/f9cde538-dcde-472b-8b54-65cd64645696.__CR0,0,1464,600_PT0_SX1464_V1___.jpg\">                                                    Como justo al lado de tus compa\u00f1eros de equipo.                                                <\/p>\n<p>                                                                                  <img decoding=\"async\" alt=\"Configuraci\u00f3n para juegos con un micr\u00f3fono negro sobre un escritorio con detalles de iluminaci\u00f3n LED naranja y un teclado visible en el fondo.\" src=\"https:\/\/m.media-amazon.com\/images\/S\/aplus-media-library-service-media\/2e0edae0-6bbf-4224-ab3e-1479d9ed16a3.__CR0,0,1464,600_PT0_SX1464_V1___.jpg\">                                                    Agrega un elemento visual s\u00faper a tu escritorio.                                                <\/p>\n<p> Product Dimensions                                            \u200f                                            :                                            \u200e                                            22.45 x 14.3 x 11.4 cm; 740 g   <br \/> Manufacturer                                            \u200f                                            :                                            \u200e                                            FIFINE   <br \/> ASIN                                            \u200f                                            :                                            \u200e                                            B0B5KWJW6T   <br \/> Item model number                                            \u200f                                            :                                            \u200e                                            A8   <br \/> Country of origin                                            \u200f                                            :                                            \u200e                                            China   <br \/>  Customer reviews:                                                                                            4.7               4.7 out of 5 stars                                  (1,005)                                              var dpAcrHasRegisteredArcLinkClickAction;                    P.when(&#8216;A&#8217;, &#8216;ready&#8217;).execute(function(A) {                        if (dpAcrHasRegisteredArcLinkClickAction !== true) {                            dpAcrHasRegisteredArcLinkClickAction = true;                            A.declarative(                                &#8216;acrLink-click-metrics&#8217;, &#8216;click&#8217;,                                { \u00aballowLinkDefault\u00bb: true },                                function (event) {                                    if (window.ue) {                                        ue.count(\u00abacrLinkClickCount\u00bb, (ue.count(\u00abacrLinkClickCount\u00bb) || 0) + 1);                                    }                                }                            );                        }                    });                                             P.when(&#8216;A&#8217;, &#8216;cf&#8217;).execute(function(A) {                A.declarative(&#8216;acrStarsLink-click-metrics&#8217;, &#8216;click&#8217;, { \u00aballowLinkDefault\u00bb : true },  function(event){                    if(window.ue) {                        ue.count(\u00abacrStarsLinkWithPopoverClickCount\u00bb, (ue.count(\u00abacrStarsLinkWithPopoverClickCount\u00bb) || 0) + 1);                    }                });            });                          <\/p>\n<p>\u3010RGB Variable &#038; Controllable\u3011Three lighting modes display up to nine kinds of RGB light colors. RGB control button allows you to select mode or color easily to differentiate game scenes. Your image fits well with your LED player or team setup to present a pop, eye-pleasing style.<br \/>\u3010Intuitive Microphone Control\u3011 The 3.5mm headphone jack allows you to control whether the audio is too low or loud in broadcasts or YouTube videos. With real-time feedback you can use the input gain knob instead of the hotkeys and adjust the microphone volume. You can mute the microphone with a single touch to avoid sneezing in the game chat room.<br \/>\u3010Clear Sound Quality\u3011The condenser capsule provides smooth sound with better sensitivity greatly capturing the voice, even the soft sounds. The cardioid pickup pattern reduces much of the fan or computer tower ventilation. Maintains clearly improved sound quality and accurate chat with playmates on Discord and Twitch.<br \/>\u3010Noise Reduction\u3011Jump to extremes to reduce noise. Black metal external pop filter softens occlusives with B, P, T and more. This compact damper absorbs vibrations from keyboard or hand contact with the desk. Practical accessories clean up unpleasant noises from your podcasting and achieve a more energetic sound.<br \/>\u3010Easy to Use\u3011The 78 inch cable has enough length. The microphone features Plug-and-play technology for PC, MacBook, PS4 and PS5, which is easy to use at home, even if you have no technical knowledge. The base support is quite solid, so it will not tip over easily. If necessary, you can adjust the thumbscrew to get a better recording position.<\/p>\n\n","protected":false},"excerpt":{"rendered":"<p> Product Description Control RGB para encendido\/apagado\/selecci\u00f3n Se pueden elegir varios colores. Iluminaci\u00f3n RGB m\u00faltiple Cada<\/p>","protected":false},"featured_media":30966,"comment_status":"open","ping_status":"closed","template":"","meta":[],"product_brand":[],"product_cat":[55],"product_tag":[1934,1936,1935,1939,1802,7516,1940,7513,314,1124,1784,6746,862,617,1933,1277,1937,774,1071,2629,8970,1525,2469,885,1938,2243,515,133],"class_list":{"0":"post-30965","1":"product","2":"type-product","3":"status-publish","4":"has-post-thumbnail","6":"product_cat-gaming-monitors","7":"product_tag-144hz-gaming-monitor","8":"product_tag-1ms-gaming-monitor","9":"product_tag-240hz-gaming-monitor","10":"product_tag-27-inch-gaming-monitor","11":"product_tag-4k-gaming-monitor","12":"product_tag-antipop","13":"product_tag-best-gaming-monitor","14":"product_tag-condenser","15":"product_tag-connector","16":"product_tag-control","17":"product_tag-curved-gaming-monitor","18":"product_tag-fifine","19":"product_tag-filter","20":"product_tag-gaming","21":"product_tag-gaming-monitor","22":"product_tag-headphone","23":"product_tag-ips-gaming-monitor","24":"product_tag-mac","25":"product_tag-microphone","26":"product_tag-mute","27":"product_tag-podcasts","28":"product_tag-ps4","29":"product_tag-ps5","30":"product_tag-rgb","31":"product_tag-rgb-gaming-monitor","32":"product_tag-streaming","33":"product_tag-touch","34":"product_tag-usb","36":"first","37":"instock","38":"shipping-taxable","39":"product-type-external"},"_links":{"self":[{"href":"https:\/\/comprasyconsejos.store\/en\/wp-json\/wp\/v2\/product\/30965","targetHints":{"allow":["GET"]}}],"collection":[{"href":"https:\/\/comprasyconsejos.store\/en\/wp-json\/wp\/v2\/product"}],"about":[{"href":"https:\/\/comprasyconsejos.store\/en\/wp-json\/wp\/v2\/types\/product"}],"replies":[{"embeddable":true,"href":"https:\/\/comprasyconsejos.store\/en\/wp-json\/wp\/v2\/comments?post=30965"}],"version-history":[{"count":0,"href":"https:\/\/comprasyconsejos.store\/en\/wp-json\/wp\/v2\/product\/30965\/revisions"}],"wp:featuredmedia":[{"embeddable":true,"href":"https:\/\/comprasyconsejos.store\/en\/wp-json\/wp\/v2\/media\/30966"}],"wp:attachment":[{"href":"https:\/\/comprasyconsejos.store\/en\/wp-json\/wp\/v2\/media?parent=30965"}],"wp:term":[{"taxonomy":"product_brand","embeddable":true,"href":"https:\/\/comprasyconsejos.store\/en\/wp-json\/wp\/v2\/product_brand?post=30965"},{"taxonomy":"product_cat","embeddable":true,"href":"https:\/\/comprasyconsejos.store\/en\/wp-json\/wp\/v2\/product_cat?post=30965"},{"taxonomy":"product_tag","embeddable":true,"href":"https:\/\/comprasyconsejos.store\/en\/wp-json\/wp\/v2\/product_tag?post=30965"}],"curies":[{"name":"wp","href":"https:\/\/api.w.org\/{rel}","templated":true}]}}