{"id":30973,"date":"2026-02-22T14:39:09","date_gmt":"2026-02-22T14:39:09","guid":{"rendered":"https:\/\/comprasyconsejos.store\/product\/asus-rog-strix-xg32wcs-32-inch-usb-type-c-gaming-monitor-2560x1440-curved-180hz-over-144hz-1ms-gtg-fast-va-emlb-sync-freesync-tripod-stand-hdr\/"},"modified":"2026-02-22T14:39:23","modified_gmt":"2026-02-22T14:39:23","slug":"asus-rog-strix-xg32wcs-32-inch-usb-type-c-gaming-monitor-2560x1440-curved-180hz-over-144hz-1ms-gtg-fast-va-emlb-sync-freesync-tripod-stand-hdr","status":"publish","type":"product","link":"https:\/\/comprasyconsejos.store\/en\/product\/asus-rog-strix-xg32wcs-32-inch-usb-type-c-gaming-monitor-2560x1440-curved-180hz-over-144hz-1ms-gtg-fast-va-emlb-sync-freesync-tripod-stand-hdr\/","title":{"rendered":"ASUS ROG Strix XG32WCS 32-Inch USB Type-C Gaming Monitor 2560&#215;1440, Curved, 180Hz (over 144Hz), 1ms (GTG), Fast VA, EMLB Sync, FreeSync, Tripod Stand, HDR"},"content":{"rendered":"<p>Price: <span style=\"color:#b12704\"><del>\u20ac359.00<\/del> - \u20ac318.44<\/span><br \/><i><small>(as of Feb 22, 2026 14:39:09 UTC &#8211; <span class=\"wp_automatic_amazon_disclaimer\" title=\"Product prices and availability are accurate as of the date\/time indicated and are subject to change. Any price and availability information displayed on [relevant Amazon Site(s), as applicable] at the time of purchase will apply to the purchase of this product.\">Details<\/span>)<\/small><\/i><\/p>\n<p><a href=\"https:\/\/amazon.es\/dp\/B086ZSJNRD?tag=man008-21\"><img decoding=\"async\" src=\"https:\/\/valvepress.s3.amazonaws.com\/imgs\/buy_now.png\"><\/a><br \/>\n<\/p>\n<p>                                             From the manufacturer   <\/p>\n<p>                                                      <img decoding=\"async\" alt=\"aplus content image\" src=\"https:\/\/images-na.ssl-images-amazon.com\/images\/G\/01\/x-locale\/common\/grey-pixel.gif\" class=\"a-spacing-mini a-lazy-loaded\" data-src=\"https:\/\/m.media-amazon.com\/images\/S\/aplus-media-library-service-media\/a1ce224a-e625-4e86-8849-bfc0901532ed.__CR0,0,300,400_PT0_SX300_V1___.png\"><img decoding=\"async\" alt=\"aplus content image\" src=\"https:\/\/m.media-amazon.com\/images\/S\/aplus-media-library-service-media\/a1ce224a-e625-4e86-8849-bfc0901532ed.__CR0,0,300,400_PT0_SX300_V1___.png\">  <\/p>\n<p>                                                              <img decoding=\"async\" alt=\"aplus content image\" src=\"https:\/\/images-na.ssl-images-amazon.com\/images\/G\/01\/x-locale\/common\/grey-pixel.gif\" class=\"a-spacing-mini a-lazy-loaded\" data-src=\"https:\/\/m.media-amazon.com\/images\/S\/aplus-media-library-service-media\/b9d349e7-b2df-41dd-bcd8-f3d7567bcda8.__CR0,0,350,175_PT0_SX350_V1___.jpg\"><img decoding=\"async\" alt=\"aplus content image\" src=\"https:\/\/m.media-amazon.com\/images\/S\/aplus-media-library-service-media\/b9d349e7-b2df-41dd-bcd8-f3d7567bcda8.__CR0,0,350,175_PT0_SX350_V1___.jpg\">                                                                 <\/p>\n<p class=\"a-spacing-small a-size-small a-color-secondary\"> Republic of Gamers (ROG), parte de la familia ASUS, se dedica a crear hardware innovador para jugadores. ROG se compromete a ofrecer el mejor rendimiento y la mejor calidad en toda su l\u00ednea de productos. ROG es para aquellos que buscan el mejor hardware y software para juegos, ya que ofrece la mejor experiencia inform\u00e1tica para jugadores y entusiastas de todo el mundo. Todo ello con un dise\u00f1o elegante centrado en los jugadores que combina la emoci\u00f3n de los juegos con un estilo premium \u00fanico. <\/p>\n<h3 class=\"a-spacing-mini\"> ROG Strix XG32WCS <\/h3>\n<p class=\"a-spacing-base\"> ROG Strix XG32WCS &#8211; Monitor gaming USB Tipo-C de 32 pulgadas, 2560 x 1440, curvo, 180 Hz (por encima de 144 Hz), 1 ms (GTG), VA r\u00e1pido, Extreme Low Motion Blur Sync, USB Tipo-C, FreeSync, DisplayWidget Center, toma para tr\u00edpode, HDR <\/p>\n<p>                                                          Monitor curvo gaming de 32 pulgadas con resoluci\u00f3n 2560 x 1440 HDR y tasa de refresco ultrarr\u00e1pida de 180 Hz, dise\u00f1ado para jugadores profesionales y una experiencia de juego inmersiva.       La tecnolog\u00eda Fast VA de ASUS permite un tiempo de respuesta de 1 ms (GTG) para obtener im\u00e1genes n\u00edtidas en los juegos con altas velocidades de fotogramas.       Extreme Low Motion Blur Sync (ELMB SYNC) permite combinar ELMB con una tasa de refresco variable, lo que elimina el ghosting y el tearing en los juegos con altas frecuencias de fotogramas.       Gama de colores DCI-P3 al 90 % con tecnolog\u00eda avanzada de seguimiento de escala de grises de ASUS que se asegura de una gradaci\u00f3n de colores m\u00e1s suave y uniforme al proporcionar una uniformidad.       DisplayWidget Center permite ajustar f\u00e1cilmente la configuraci\u00f3n del monitor con el rat\u00f3n.       USB Tipo-C con modo DP Alt, lo que significa que puedes conectar tu dispositivo sin necesidad de cables adicionales.      <\/p>\n<p class=\"apm-text-center\">\n                                                      <img decoding=\"async\" alt=\"aplus content image\" src=\"https:\/\/images-na.ssl-images-amazon.com\/images\/G\/01\/x-locale\/common\/grey-pixel.gif\" class=\"a-spacing-mini a-lazy-loaded\" data-src=\"https:\/\/m.media-amazon.com\/images\/S\/aplus-media-library-service-media\/5d74d96c-5f85-4e04-ab5e-16860c63593c.__CR0,0,300,300_PT0_SX300_V1___.png\"><img decoding=\"async\" alt=\"aplus content image\" src=\"https:\/\/m.media-amazon.com\/images\/S\/aplus-media-library-service-media\/5d74d96c-5f85-4e04-ab5e-16860c63593c.__CR0,0,300,300_PT0_SX300_V1___.png\">  <\/p>\n<p>                                                    Brillantez visual sin comparaci\u00f3n                                       <\/p>\n<p> Sum\u00e9rgete en una precisi\u00f3n visual impresionante con el ROG Strix XG32WCMS. Su tecnolog\u00eda de dise\u00f1o curvo, junto con una resoluci\u00f3n v\u00edvida de 1440p y compatible con Display HDR400, se asegura de brindar una experiencia multimedia y de juego incre\u00edbles, dando vida a cada detalle con colores vibrantes y una claridad extraordinaria. <\/p>\n<p class=\"apm-text-center\">\n                                                      <img decoding=\"async\" alt=\"aplus content image\" src=\"https:\/\/images-na.ssl-images-amazon.com\/images\/G\/01\/x-locale\/common\/grey-pixel.gif\" class=\"a-spacing-mini a-lazy-loaded\" data-src=\"https:\/\/m.media-amazon.com\/images\/S\/aplus-media-library-service-media\/5ce69e51-2490-4824-b183-a78e3d45877f.__CR0,0,300,300_PT0_SX300_V1___.png\"><img decoding=\"async\" alt=\"aplus content image\" src=\"https:\/\/m.media-amazon.com\/images\/S\/aplus-media-library-service-media\/5ce69e51-2490-4824-b183-a78e3d45877f.__CR0,0,300,300_PT0_SX300_V1___.png\">  <\/p>\n<p>                                                    Velocidad y precisi\u00f3n perfecta                                       <\/p>\n<p> Elimina el retraso y el desenfoque de movimiento con una tasa de refresco de 180 Hz y un tiempo de respuesta ultrarr\u00e1pido de 1 ms (GTG). Esta combinaci\u00f3n se encarga de asegurarse una experiencia de juego fluida y con gran capacidad de respuesta, lo que te da ventaja en t\u00edtulos de ritmo r\u00e1pido como los shooters en primera persona, los juegos de carreras y los juegos de estrategia en tiempo real. Reacciona al instante a la acci\u00f3n en pantalla y realiza esos disparos cr\u00edticos con confianza. <\/p>\n<p class=\"apm-text-center\">\n                                                      <img decoding=\"async\" alt=\"aplus content image\" src=\"https:\/\/images-na.ssl-images-amazon.com\/images\/G\/01\/x-locale\/common\/grey-pixel.gif\" class=\"a-spacing-mini a-lazy-loaded\" data-src=\"https:\/\/m.media-amazon.com\/images\/S\/aplus-media-library-service-media\/090e0b5c-a2c2-4f2c-b686-fad49d1a7e79.__CR0,0,300,300_PT0_SX300_V1___.png\"><img decoding=\"async\" alt=\"aplus content image\" src=\"https:\/\/m.media-amazon.com\/images\/S\/aplus-media-library-service-media\/090e0b5c-a2c2-4f2c-b686-fad49d1a7e79.__CR0,0,300,300_PT0_SX300_V1___.png\">  <\/p>\n<p>                                                    Colores vivos, comprobados en f\u00e1brica                                       <\/p>\n<p> Sum\u00e9rgete en una gama m\u00e1s amplia de colores vibrantes con una gama crom\u00e1tica DCI-P3 95 % y sRGB 125 % con calidad cinematogr\u00e1fica. Cada monitor se somete a rigurosas comprobaciones en f\u00e1brica para asegurarse de la precisi\u00f3n del color y ofrecer una experiencia visual realista y envolvente. <\/p>\n<p class=\"apm-text-center\">\n                                                      <img decoding=\"async\" alt=\"aplus content image\" src=\"https:\/\/images-na.ssl-images-amazon.com\/images\/G\/01\/x-locale\/common\/grey-pixel.gif\" class=\"a-spacing-mini a-lazy-loaded\" data-src=\"https:\/\/m.media-amazon.com\/images\/S\/aplus-media-library-service-media\/d552ef2e-6f98-4f85-b356-61cff1a95e62.__CR0,0,300,300_PT0_SX300_V1___.png\"><img decoding=\"async\" alt=\"aplus content image\" src=\"https:\/\/m.media-amazon.com\/images\/S\/aplus-media-library-service-media\/d552ef2e-6f98-4f85-b356-61cff1a95e62.__CR0,0,300,300_PT0_SX300_V1___.png\">  <\/p>\n<p>                                                    Conectividad vers\u00e1til                                       <\/p>\n<p> Conecta tus dispositivos con facilidad gracias a las amplias opciones de conectividad, que incluyen un puerto USB Tipo-C* compatible con el modo DP Alt para salida de v\u00eddeo y suministro de energ\u00eda, DisplayPort 1.4 para conexiones de alta resoluci\u00f3n y alta tasa de refresco, y un puerto HDMI para conectar consolas y otros dispositivos multimedia. <\/p>\n<p> *Es necesario comprobar si el puerto USB Tipo-C de tus dispositivos es compatible con el modo DP Alt antes de utilizarlo. Visita la secci\u00f3n de preguntas frecuentes aqu\u00ed para obtener m\u00e1s informaci\u00f3n. <\/p>\n<p class=\"apm-text-center\">\n                                                      <img decoding=\"async\" alt=\"aplus content image\" src=\"https:\/\/images-na.ssl-images-amazon.com\/images\/G\/01\/x-locale\/common\/grey-pixel.gif\" class=\"a-spacing-mini a-lazy-loaded\" data-src=\"https:\/\/m.media-amazon.com\/images\/S\/aplus-media-library-service-media\/0396f49d-45e8-4bbc-80b2-4b21004c3d06.__CR0,0,300,300_PT0_SX300_V1___.png\"><img decoding=\"async\" alt=\"aplus content image\" src=\"https:\/\/m.media-amazon.com\/images\/S\/aplus-media-library-service-media\/0396f49d-45e8-4bbc-80b2-4b21004c3d06.__CR0,0,300,300_PT0_SX300_V1___.png\">  <\/p>\n<p>                                                    Ventaja impulsada por la inteligencia artificial                                       <\/p>\n<p> Con la tecnolog\u00eda GamePlus basada en inteligencia artificial, el monitor analiza la escena en pantalla en tiempo real y ajusta la cruz GamePlus para mejorar la precisi\u00f3n de punter\u00eda. Adem\u00e1s, Dynamic Shadow Boost ilumina las zonas oscuras sin sobreexponer las zonas brillantes, lo que proporciona una clara ventaja en entornos con poca luz. <\/p>\n<p class=\"apm-text-center\">\n                                                      <img decoding=\"async\" alt=\"aplus content image\" src=\"https:\/\/images-na.ssl-images-amazon.com\/images\/G\/01\/x-locale\/common\/grey-pixel.gif\" class=\"a-spacing-mini a-lazy-loaded\" data-src=\"https:\/\/m.media-amazon.com\/images\/S\/aplus-media-library-service-media\/c71cec0b-5a60-45dd-805d-6d678df554a0.__CR0,0,300,300_PT0_SX300_V1___.png\"><img decoding=\"async\" alt=\"aplus content image\" src=\"https:\/\/m.media-amazon.com\/images\/S\/aplus-media-library-service-media\/c71cec0b-5a60-45dd-805d-6d678df554a0.__CR0,0,300,300_PT0_SX300_V1___.png\">  <\/p>\n<p>                                                    Dise\u00f1o compacto, comodidad ergon\u00f3mica                                       <\/p>\n<p> Este monitor cuenta con un dise\u00f1o compacto que ahorra un valioso espacio en el escritorio. Tambi\u00e9n incluye un pr\u00e1ctico soporte para el tel\u00e9fono en el pie, lo que te permite tenerlo siempre a mano y cargarlo simult\u00e1neamente a trav\u00e9s del puerto Type-C. El pie, con dise\u00f1o ergon\u00f3mico, permite ajustar la inclinaci\u00f3n, el giro, el pivote y la altura, lo que te asegura encontrar la posici\u00f3n de visualizaci\u00f3n perfecta para disfrutar de comodidad durante todo el d\u00eda. Adem\u00e1s, la compatibilidad con VESA te permite montar el monitor en la pared para una mayor flexibilidad. <\/p>\n<p> Batteries                                            \u200f                                            :                                            \u200e                                            1 AAAA batteries required. (included)   <br \/> Language                                            \u200f                                            :                                            \u200e                                            Spanish   <br \/> Product Dimensions                                            \u200f                                            :                                            \u200e                                            70.8 x 24.6 x 57.3 cm; 9.4 kg   <br \/> Manufacturer                                            \u200f                                            :                                            \u200e                                            ASUS   <br \/> ASIN                                            \u200f                                            :                                            \u200e                                            B086ZSJNRD   <br \/> Item model number                                            \u200f                                            :                                            \u200e                                            90LM0AC0-B01970   <br \/> Guaranteed software updates until                                            \u200f                                            :                                            \u200e                                            unknown   <br \/>  Customer reviews:                                                                                            4.4               4.4 out of 5 stars                                  (90)                                              var dpAcrHasRegisteredArcLinkClickAction;                    P.when(&#8216;A&#8217;, &#8216;ready&#8217;).execute(function(A) {                        if (dpAcrHasRegisteredArcLinkClickAction !== true) {                            dpAcrHasRegisteredArcLinkClickAction = true;                            A.declarative(                                &#8216;acrLink-click-metrics&#8217;, &#8216;click&#8217;,                                { \u00aballowLinkDefault\u00bb: true },                                function (event) {                                    if (window.ue) {                                        ue.count(\u00abacrLinkClickCount\u00bb, (ue.count(\u00abacrLinkClickCount\u00bb) || 0) + 1);                                    }                                }                            );                        }                    });                                             P.when(&#8216;A&#8217;, &#8216;cf&#8217;).execute(function(A) {                A.declarative(&#8216;acrStarsLink-click-metrics&#8217;, &#8216;click&#8217;, { \u00aballowLinkDefault\u00bb : true },  function(event){                    if(window.ue) {                        ue.count(\u00abacrStarsLinkWithPopoverClickCount\u00bb, (ue.count(\u00abacrStarsLinkWithPopoverClickCount\u00bb) || 0) + 1);                    }                });            });                          <\/p>\n<p>Monitor gaming HDR curvo de 32 pulgadas y 2560 x 1440 p\u00edxeles con una tasa de refresco ultrarr\u00e1pida de 180 Hz dise\u00f1ado para jugadores profesionales y una experiencia de juego envolvente<br \/>La tecnolog\u00eda ASUS Fast VA permite un tiempo de respuesta de 1 ms (GTG) para disfrutar de im\u00e1genes de juego n\u00edtidas con altas velocidades de fotogramas<br \/>La tecnolog\u00eda ASUS Extreme Low Motion Blur Sync (ELMB SYNC) permite la sincronizaci\u00f3n ELMB junto con una tasa de refresco variable, lo que elimina el ghosting y el tearing para conseguir im\u00e1genes n\u00edtidas en los juegos con altas tasas de fotogramas<br \/>La gama de colores DCI-P3 del 90% con la tecnolog\u00eda avanzada de seguimiento de escala de grises de ASUS proporciona una gradaci\u00f3n y uniformidad del color m\u00e1s suaves<br \/>DisplayWidget Center permite ajustar f\u00e1cilmente la configuraci\u00f3n del monitor con un rat\u00f3n<\/p>\n\n","protected":false},"excerpt":{"rendered":"<p> From the manufacturer Republic of Gamers (ROG), parte de la familia ASUS, se dedica a<\/p>","protected":false},"featured_media":30974,"comment_status":"open","ping_status":"closed","template":"","meta":[],"product_brand":[],"product_cat":[54],"product_tag":[853,1791,1778,1918,2265,1924,850,1789,754,1787,1788,1792,1784,1786,1783,1790,8972,137,1922,617,6067,1813,844,1293,227,1294,200,2511,381,1785,133,8971],"class_list":{"0":"post-30973","1":"product","2":"type-product","3":"status-publish","4":"has-post-thumbnail","6":"product_cat-curved-monitors","7":"product_tag-144hz","8":"product_tag-144hz-curved-monitor","9":"product_tag-180hz","10":"product_tag-1ms","11":"product_tag-2560x1440","12":"product_tag-32inch","13":"product_tag-asus","14":"product_tag-best-curved-monitor","15":"product_tag-curved","16":"product_tag-curved-27-inch-monitor","17":"product_tag-curved-32-inch-monitor","18":"product_tag-curved-computer-monitor","19":"product_tag-curved-gaming-monitor","20":"product_tag-curved-led-monitor","21":"product_tag-curved-monitor","22":"product_tag-curved-monitor-price","23":"product_tag-emlb","24":"product_tag-fast","25":"product_tag-freesync","26":"product_tag-gaming","27":"product_tag-gtg","28":"product_tag-hdr","29":"product_tag-monitor","30":"product_tag-rog","31":"product_tag-stand","32":"product_tag-strix","33":"product_tag-sync","34":"product_tag-tripod","35":"product_tag-typec","36":"product_tag-ultrawide-curved-monitor","37":"product_tag-usb","38":"product_tag-xg32wcs","40":"first","41":"instock","42":"sale","43":"shipping-taxable","44":"product-type-external"},"_links":{"self":[{"href":"https:\/\/comprasyconsejos.store\/en\/wp-json\/wp\/v2\/product\/30973","targetHints":{"allow":["GET"]}}],"collection":[{"href":"https:\/\/comprasyconsejos.store\/en\/wp-json\/wp\/v2\/product"}],"about":[{"href":"https:\/\/comprasyconsejos.store\/en\/wp-json\/wp\/v2\/types\/product"}],"replies":[{"embeddable":true,"href":"https:\/\/comprasyconsejos.store\/en\/wp-json\/wp\/v2\/comments?post=30973"}],"version-history":[{"count":0,"href":"https:\/\/comprasyconsejos.store\/en\/wp-json\/wp\/v2\/product\/30973\/revisions"}],"wp:featuredmedia":[{"embeddable":true,"href":"https:\/\/comprasyconsejos.store\/en\/wp-json\/wp\/v2\/media\/30974"}],"wp:attachment":[{"href":"https:\/\/comprasyconsejos.store\/en\/wp-json\/wp\/v2\/media?parent=30973"}],"wp:term":[{"taxonomy":"product_brand","embeddable":true,"href":"https:\/\/comprasyconsejos.store\/en\/wp-json\/wp\/v2\/product_brand?post=30973"},{"taxonomy":"product_cat","embeddable":true,"href":"https:\/\/comprasyconsejos.store\/en\/wp-json\/wp\/v2\/product_cat?post=30973"},{"taxonomy":"product_tag","embeddable":true,"href":"https:\/\/comprasyconsejos.store\/en\/wp-json\/wp\/v2\/product_tag?post=30973"}],"curies":[{"name":"wp","href":"https:\/\/api.w.org\/{rel}","templated":true}]}}