{"id":31028,"date":"2026-02-22T15:15:50","date_gmt":"2026-02-22T15:15:50","guid":{"rendered":"https:\/\/comprasyconsejos.store\/product\/external-hard-drive-enclosure-for-2-5-inch-ssdhdd-usb3-0-5gb-interface-anti-static-portable-storage-case-black-and-silver\/"},"modified":"2026-02-22T15:15:56","modified_gmt":"2026-02-22T15:15:56","slug":"external-hard-drive-enclosure-for-2-5-inch-ssdhdd-usb3-0-5gb-interface-anti-static-portable-storage-case-black-and-silver","status":"publish","type":"product","link":"https:\/\/comprasyconsejos.store\/en\/product\/external-hard-drive-enclosure-for-2-5-inch-ssdhdd-usb3-0-5gb-interface-anti-static-portable-storage-case-black-and-silver\/","title":{"rendered":"External Hard Drive Enclosure for 2.5 Inch SSDHDD USB3.0 5GB Interface Anti-Static Portable Storage Case (Black and Silver)"},"content":{"rendered":"<p>Price: <span style=\"color:#b12704\"><del>\u20ac20.93<\/del> - \u20ac15.58<\/span><br \/><i><small>(as of Feb 22, 2026 15:15:50 UTC &#8211; <span class=\"wp_automatic_amazon_disclaimer\" title=\"Product prices and availability are accurate as of the date\/time indicated and are subject to change. Any price and availability information displayed on [relevant Amazon Site(s), as applicable] at the time of purchase will apply to the purchase of this product.\">Details<\/span>)<\/small><\/i><\/p>\n<p><a href=\"https:\/\/amazon.es\/dp\/B0F212V22M?tag=man008-21\"><img decoding=\"async\" src=\"https:\/\/valvepress.s3.amazonaws.com\/imgs\/buy_now.png\"><\/a><br \/>\n<\/p>\n<p>                                             Product Description   <\/p>\n<p>                                                                             <img decoding=\"async\" alt=\"El texto dice \u00abInterfaz USB 3.0\u00bb. Fondo oscuro de tem\u00e1tica tecnol\u00f3gica con l\u00edneas de cuadr\u00edcula de color cian brillante y elementos de interfaz que muestran la conectividad USB.\" src=\"https:\/\/images-na.ssl-images-amazon.com\/images\/G\/01\/x-locale\/common\/grey-pixel.gif\" class=\"a-spacing-base a-lazy-loaded\" data-src=\"https:\/\/m.media-amazon.com\/images\/S\/aplus-media-library-service-media\/c39b30e2-e2ff-4005-8d80-7e32c41bd909.__CR0,0,970,600_PT0_SX970_V1___.jpg\"><img decoding=\"async\" alt=\"El texto dice \u00abInterfaz USB 3.0\u00bb. Fondo oscuro de tem\u00e1tica tecnol\u00f3gica con l\u00edneas de cuadr\u00edcula de color cian brillante y elementos de interfaz que muestran la conectividad USB.\" src=\"https:\/\/m.media-amazon.com\/images\/S\/aplus-media-library-service-media\/c39b30e2-e2ff-4005-8d80-7e32c41bd909.__CR0,0,970,600_PT0_SX970_V1___.jpg\">                                                                    <\/p>\n<p>                                                                             <img decoding=\"async\" alt=\"El texto dice \u00abCARCASA DE ALUMINIO\u00bb con un diagrama t\u00e9cnico azul que muestra vistas transversales de un elegante dise\u00f1o de producto de aluminio negro.\" src=\"https:\/\/images-na.ssl-images-amazon.com\/images\/G\/01\/x-locale\/common\/grey-pixel.gif\" class=\"a-spacing-base a-lazy-loaded\" data-src=\"https:\/\/m.media-amazon.com\/images\/S\/aplus-media-library-service-media\/50b9395c-6d0a-435b-ad3e-0ace76f2ddb5.__CR0,0,970,600_PT0_SX970_V1___.jpg\"><img decoding=\"async\" alt=\"El texto dice \u00abCARCASA DE ALUMINIO\u00bb con un diagrama t\u00e9cnico azul que muestra vistas transversales de un elegante dise\u00f1o de producto de aluminio negro.\" src=\"https:\/\/m.media-amazon.com\/images\/S\/aplus-media-library-service-media\/50b9395c-6d0a-435b-ad3e-0ace76f2ddb5.__CR0,0,970,600_PT0_SX970_V1___.jpg\">                                                                    <\/p>\n<p>                                                                             <img decoding=\"async\" alt=\"Escenas modernas de espacios de trabajo de oficina con configuraciones de escritorio que muestran computadoras, dispositivos e \u00edconos azules de interfaz hologr\u00e1fica flotando en la parte superior.\" src=\"https:\/\/images-na.ssl-images-amazon.com\/images\/G\/01\/x-locale\/common\/grey-pixel.gif\" class=\"a-spacing-base a-lazy-loaded\" data-src=\"https:\/\/m.media-amazon.com\/images\/S\/aplus-media-library-service-media\/df455ef5-552c-4f39-8a3b-f20950ef477e.__CR0,0,970,600_PT0_SX970_V1___.jpg\"><img decoding=\"async\" alt=\"Escenas modernas de espacios de trabajo de oficina con configuraciones de escritorio que muestran computadoras, dispositivos e \u00edconos azules de interfaz hologr\u00e1fica flotando en la parte superior.\" src=\"https:\/\/m.media-amazon.com\/images\/S\/aplus-media-library-service-media\/df455ef5-552c-4f39-8a3b-f20950ef477e.__CR0,0,970,600_PT0_SX970_V1___.jpg\">                                                                    <\/p>\n<p> Language                                            \u200f                                            :                                            \u200e                                            German   <br \/> Package Dimensions                                            \u200f                                            :                                            \u200e                                            14 x 9 x 3 cm; 105 g   <br \/> Manufacturer                                            \u200f                                            :                                            \u200e                                            Naroote   <br \/> ASIN                                            \u200f                                            :                                            \u200e                                            B0F212V22M   <br \/> Item model number                                            \u200f                                            :                                            \u200e                                            Narootepea3qro5gw-14   <br \/> Country of origin                                            \u200f                                            :                                            \u200e                                            China   <br \/> Guaranteed software updates until                                            \u200f                                            :                                            \u200e                                            unknown   <br \/>  Customer reviews:                                                                                            2.1               2.1 out of 5 stars                                  (26)                                              var dpAcrHasRegisteredArcLinkClickAction;                    P.when(&#8216;A&#8217;, &#8216;ready&#8217;).execute(function(A) {                        if (dpAcrHasRegisteredArcLinkClickAction !== true) {                            dpAcrHasRegisteredArcLinkClickAction = true;                            A.declarative(                                &#8216;acrLink-click-metrics&#8217;, &#8216;click&#8217;,                                { \u00aballowLinkDefault\u00bb: true },                                function (event) {                                    if (window.ue) {                                        ue.count(\u00abacrLinkClickCount\u00bb, (ue.count(\u00abacrLinkClickCount\u00bb) || 0) + 1);                                    }                                }                            );                        }                    });                                             P.when(&#8216;A&#8217;, &#8216;cf&#8217;).execute(function(A) {                A.declarative(&#8216;acrStarsLink-click-metrics&#8217;, &#8216;click&#8217;, { \u00aballowLinkDefault\u00bb : true },  function(event){                    if(window.ue) {                        ue.count(\u00abacrStarsLinkWithPopoverClickCount\u00bb, (ue.count(\u00abacrStarsLinkWithPopoverClickCount\u00bb) || 0) + 1);                    }                });            });                          <\/p>\n<p>\u3010High Speed Transfer\u3011 External hard drive offers fast transfer rate up to 5Gbps. Experience fast data transfers for both SSD and HDD, improving your workflow and saving you time.<br \/>\u3010Lightweight and Portable\u3011With its compact and lightweight design, the hard drive is easy to carry and store. Suitable for professionals on the go, ensures you can access your data anytime, anywhere.<br \/>\u3010Wide Compatibility\u3011 This portable hard drive supports a variety of operating systems, including 2000 to 10 and OS X 8. 6, ensuring trouble-free use on different devices and configurations, making it versatile for all users.<br \/>\u3010Durability Design\u3011 Made from an aluminum alloy, the external SSD is built to last. Its rugged construction protects your drives against physical shock while maintaining efficient heat dissipation for optimal performance.<br \/>\u3010User-friendly settings\u3011 External hard drives are designed for troubleshooting which makes it convenient for users of all levels. Simply plug, screw and start using without complicated processes.<\/p>\n\n","protected":false},"excerpt":{"rendered":"<p> Product Description Language \u200f : \u200e German Package Dimensions \u200f : \u200e 14 x 9<\/p>","protected":false},"featured_media":31029,"comment_status":"open","ping_status":"closed","template":"","meta":[],"product_brand":[],"product_cat":[76],"product_tag":[1515,1516,8985,8986,307,994,1519,795,2374,1476,1517,794,1514,1513,1522,584,3121,1518,1520,290,366,8984,514,1521,1159],"class_list":{"0":"post-31028","1":"product","2":"type-product","3":"status-publish","4":"has-post-thumbnail","6":"product_cat-hdd-drive","7":"product_tag-1tb-hard-drive","8":"product_tag-2tb-hdd","9":"product_tag-5gb","10":"product_tag-antistatic","11":"product_tag-black","12":"product_tag-case","13":"product_tag-desktop-hdd","14":"product_tag-drive","15":"product_tag-enclosure","16":"product_tag-external","17":"product_tag-external-hard-drive","18":"product_tag-hard","19":"product_tag-hard-drive","20":"product_tag-hdd","21":"product_tag-hdd-price","22":"product_tag-inch","23":"product_tag-interface","24":"product_tag-internal-hard-drive","25":"product_tag-laptop-hdd","26":"product_tag-portable","27":"product_tag-silver","28":"product_tag-ssdhdd","29":"product_tag-storage","30":"product_tag-storage-hard-drive","31":"product_tag-usb3-0","33":"first","34":"instock","35":"sale","36":"shipping-taxable","37":"product-type-external"},"_links":{"self":[{"href":"https:\/\/comprasyconsejos.store\/en\/wp-json\/wp\/v2\/product\/31028","targetHints":{"allow":["GET"]}}],"collection":[{"href":"https:\/\/comprasyconsejos.store\/en\/wp-json\/wp\/v2\/product"}],"about":[{"href":"https:\/\/comprasyconsejos.store\/en\/wp-json\/wp\/v2\/types\/product"}],"replies":[{"embeddable":true,"href":"https:\/\/comprasyconsejos.store\/en\/wp-json\/wp\/v2\/comments?post=31028"}],"version-history":[{"count":0,"href":"https:\/\/comprasyconsejos.store\/en\/wp-json\/wp\/v2\/product\/31028\/revisions"}],"wp:featuredmedia":[{"embeddable":true,"href":"https:\/\/comprasyconsejos.store\/en\/wp-json\/wp\/v2\/media\/31029"}],"wp:attachment":[{"href":"https:\/\/comprasyconsejos.store\/en\/wp-json\/wp\/v2\/media?parent=31028"}],"wp:term":[{"taxonomy":"product_brand","embeddable":true,"href":"https:\/\/comprasyconsejos.store\/en\/wp-json\/wp\/v2\/product_brand?post=31028"},{"taxonomy":"product_cat","embeddable":true,"href":"https:\/\/comprasyconsejos.store\/en\/wp-json\/wp\/v2\/product_cat?post=31028"},{"taxonomy":"product_tag","embeddable":true,"href":"https:\/\/comprasyconsejos.store\/en\/wp-json\/wp\/v2\/product_tag?post=31028"}],"curies":[{"name":"wp","href":"https:\/\/api.w.org\/{rel}","templated":true}]}}