{"id":31066,"date":"2026-02-22T15:38:18","date_gmt":"2026-02-22T15:38:18","guid":{"rendered":"https:\/\/comprasyconsejos.store\/product\/gigabyte-geforce-rtx-5080-gaming-16g-graphics-card-16gb-gddr7-256-bit-pci-e-5-0-2730mhz-core-clock-3-x-displayport-1-x-hdmi-nvidia-dlss-4-gv-n5080gaming-16gd\/"},"modified":"2026-02-22T15:38:21","modified_gmt":"2026-02-22T15:38:21","slug":"gigabyte-geforce-rtx-5080-gaming-16g-graphics-card-16gb-gddr7-256-bit-pci-e-5-0-2730mhz-core-clock-3-x-displayport-1-x-hdmi-nvidia-dlss-4-gv-n5080gaming-16gd","status":"publish","type":"product","link":"https:\/\/comprasyconsejos.store\/en\/product\/gigabyte-geforce-rtx-5080-gaming-16g-graphics-card-16gb-gddr7-256-bit-pci-e-5-0-2730mhz-core-clock-3-x-displayport-1-x-hdmi-nvidia-dlss-4-gv-n5080gaming-16gd\/","title":{"rendered":"GIGABYTE GeForce RTX 5080 Gaming 16G Graphics Card &#8211; 16GB GDDR7, 256-bit, PCI-E 5.0, 2730MHz Core Clock, 3 x DisplayPort, 1 x HDMI, NVIDIA DLSS 4, GV-N5080GAMING-16GD"},"content":{"rendered":"<p>Price: <span style=\"color:#b12704\">\u20ac1,348.95<\/span><br \/><i><small>(as of Feb 22, 2026 15:38:19 UTC &#8211; <span class=\"wp_automatic_amazon_disclaimer\" title=\"Product prices and availability are accurate as of the date\/time indicated and are subject to change. Any price and availability information displayed on [relevant Amazon Site(s), as applicable] at the time of purchase will apply to the purchase of this product.\">Details<\/span>)<\/small><\/i><\/p>\n<p><a href=\"https:\/\/amazon.es\/dp\/B0FD3XZ8P1?tag=man008-21\"><img decoding=\"async\" src=\"https:\/\/valvepress.s3.amazonaws.com\/imgs\/buy_now.png\"><\/a><br \/>\n<\/p>\n<p>                                             From the manufacturer   <\/p>\n<p>                                                  <img decoding=\"async\" alt=\"Image\" src=\"https:\/\/images-na.ssl-images-amazon.com\/images\/G\/01\/x-locale\/common\/grey-pixel.gif\" class=\"a-lazy-loaded\" data-src=\"https:\/\/m.media-amazon.com\/images\/S\/aplus-media-library-service-media\/165695e1-197d-47b2-8b2d-472e3e83d16e.__CR2,0,1196,370_PT0_SX970_V1___.jpeg\"><img decoding=\"async\" alt=\"Image\" src=\"https:\/\/m.media-amazon.com\/images\/S\/aplus-media-library-service-media\/165695e1-197d-47b2-8b2d-472e3e83d16e.__CR2,0,1196,370_PT0_SX970_V1___.jpeg\">  <\/p>\n<p>                                                  <img decoding=\"async\" alt=\"aplus content image\" src=\"https:\/\/images-na.ssl-images-amazon.com\/images\/G\/01\/x-locale\/common\/grey-pixel.gif\" class=\"a-lazy-loaded\" data-src=\"https:\/\/m.media-amazon.com\/images\/S\/aplus-media-library-service-media\/90661b9a-6fdf-4119-bf21-770b5d504614.__CR0,0,1200,1200_PT0_SX300_V1___.png\"><img decoding=\"async\" alt=\"aplus content image\" src=\"https:\/\/m.media-amazon.com\/images\/S\/aplus-media-library-service-media\/90661b9a-6fdf-4119-bf21-770b5d504614.__CR0,0,1200,1200_PT0_SX300_V1___.png\">  <\/p>\n<h3 class=\"a-spacing-mini\"> GeForce RTX 5080 GAMING 16G <\/h3>\n<p> La GIGABYTE GeForce RTX 5080 GAMING 16G cuenta con memoria GDDR7 avanzada y tecnolog\u00eda DLSS 4 para visuales m\u00e1s n\u00edtidos y un juego m\u00e1s suave. Con trazado de rayos, enfriamiento WINDFORCE, iluminaci\u00f3n RGB Halo y una placa trasera de metal, garantiza un rendimiento y durabilidad \u00f3ptimos para tareas exigentes. <\/p>\n<p class=\"apm-text-center\">\n                                                      <img decoding=\"async\" alt=\"GeForce RTX 50 Series\" src=\"https:\/\/images-na.ssl-images-amazon.com\/images\/G\/01\/x-locale\/common\/grey-pixel.gif\" class=\"a-spacing-mini a-lazy-loaded\" data-src=\"https:\/\/m.media-amazon.com\/images\/S\/aplus-media-library-service-media\/5945443d-fc4a-47b6-bdb3-238c2c2f2c6e.__CR0,0,1200,1200_PT0_SX300_V1___.jpeg\"><img decoding=\"async\" alt=\"GeForce RTX 50 Series\" src=\"https:\/\/m.media-amazon.com\/images\/S\/aplus-media-library-service-media\/5945443d-fc4a-47b6-bdb3-238c2c2f2c6e.__CR0,0,1200,1200_PT0_SX300_V1___.jpeg\">  <\/p>\n<p>                                                    GeForce RTX 50 Series                                       <\/p>\n<p> La serie NVIDIA GeForce RTX 50 revoluciona el juego y la creaci\u00f3n con la arquitectura Blackwell. Con n\u00facleos Tensor de quinta generaci\u00f3n para FP4 y DLSS 4, n\u00facleos de trazado de rayos de cuarta generaci\u00f3n para Mega Geometry, y multiprocesadores de streaming optimizados, ofrece un rendimiento de IA sin precedentes, trazado de rayos realista y eficiencia. Perfecto para juegos inmersivos y flujos de trabajo creativos avanzados. <\/p>\n<p class=\"apm-text-center\">\n                                                      <img decoding=\"async\" alt=\"Sistema de refrigeraci\u00f3n WINDFORCE\" src=\"https:\/\/images-na.ssl-images-amazon.com\/images\/G\/01\/x-locale\/common\/grey-pixel.gif\" class=\"a-spacing-mini a-lazy-loaded\" data-src=\"https:\/\/m.media-amazon.com\/images\/S\/aplus-media-library-service-media\/cb1adcf3-f261-492d-9e67-d43d3107c18e.__CR0,0,1200,1200_PT0_SX300_V1___.jpeg\"><img decoding=\"async\" alt=\"Sistema de refrigeraci\u00f3n WINDFORCE\" src=\"https:\/\/m.media-amazon.com\/images\/S\/aplus-media-library-service-media\/cb1adcf3-f261-492d-9e67-d43d3107c18e.__CR0,0,1200,1200_PT0_SX300_V1___.jpeg\">  <\/p>\n<p>                                                    Sistema de refrigeraci\u00f3n WINDFORCE                                       <\/p>\n<p> Con el exclusivo dise\u00f1o de aspas del ventilador Hawk, giro alterno y ventiladores activos 3D, el sistema de refrigeraci\u00f3n WINDFORCE maximiza la presi\u00f3n del aire y el volumen de flujo de aire para un rendimiento de refrigeraci\u00f3n superior. Este sistema avanzado garantiza estabilidad \u00f3ptima y mantiene niveles de ruido bajos, ofreciendo una experiencia de juego silenciosa y fluida incluso durante sesiones intensas. <\/p>\n<p class=\"apm-text-center\">\n                                                      <img decoding=\"async\" alt=\"Disipador de Calor Premium\" src=\"https:\/\/images-na.ssl-images-amazon.com\/images\/G\/01\/x-locale\/common\/grey-pixel.gif\" class=\"a-spacing-mini a-lazy-loaded\" data-src=\"https:\/\/m.media-amazon.com\/images\/S\/aplus-media-library-service-media\/11f384b6-0d60-4f6d-bb1b-9a9e01a109fd.__CR0,0,1200,1200_PT0_SX300_V1___.jpeg\"><img decoding=\"async\" alt=\"Disipador de Calor Premium\" src=\"https:\/\/m.media-amazon.com\/images\/S\/aplus-media-library-service-media\/11f384b6-0d60-4f6d-bb1b-9a9e01a109fd.__CR0,0,1200,1200_PT0_SX300_V1___.jpeg\">  <\/p>\n<p>                                                    Disipador de Calor Premium                                       <\/p>\n<p> La gran c\u00e1mara de vapor contacta directamente con la GPU, emparejada con tubos de calor de cobre compuestos, minimizando la p\u00e9rdida de conducci\u00f3n y mejorando la eficiencia t\u00e9rmica bajo altas demandas de potencia. Combinado con el dise\u00f1o de enfriamiento de pantalla, que permite el paso del aire, asegura una disipaci\u00f3n de calor superior y maximiza el rendimiento de transferencia de calor para una estabilidad \u00f3ptima. <\/p>\n<p class=\"apm-text-center\">\n                                                      <img decoding=\"async\" alt=\"Dise\u00f1o Personalizado\" src=\"https:\/\/images-na.ssl-images-amazon.com\/images\/G\/01\/x-locale\/common\/grey-pixel.gif\" class=\"a-spacing-mini a-lazy-loaded\" data-src=\"https:\/\/m.media-amazon.com\/images\/S\/aplus-media-library-service-media\/f45df244-83e1-4311-b5a6-4e2702314be6.__CR0,0,1200,1200_PT0_SX300_V1___.jpeg\"><img decoding=\"async\" alt=\"Dise\u00f1o Personalizado\" src=\"https:\/\/m.media-amazon.com\/images\/S\/aplus-media-library-service-media\/f45df244-83e1-4311-b5a6-4e2702314be6.__CR0,0,1200,1200_PT0_SX300_V1___.jpeg\">  <\/p>\n<p>                                                    Dise\u00f1o Personalizado                                       <\/p>\n<p> RGB Halo ofrece una variedad de efectos de iluminaci\u00f3n, lo que te permite personalizar la ic\u00f3nica iluminaci\u00f3n de tres anillos para un disfrute visual excepcional. El innovador dise\u00f1o de placa deslizante asegura un acceso sin esfuerzo para la personalizaci\u00f3n del estilo, permitiendo a los usuarios personalizar la construcci\u00f3n con facilidad. Combina est\u00e9tica con funcionalidad para una experiencia de juego que realmente se destaca. <\/p>\n<p class=\"apm-text-center\">\n                                                      <img decoding=\"async\" alt=\"Placa Trasera de Metal Protectora\" src=\"https:\/\/images-na.ssl-images-amazon.com\/images\/G\/01\/x-locale\/common\/grey-pixel.gif\" class=\"a-spacing-mini a-lazy-loaded\" data-src=\"https:\/\/m.media-amazon.com\/images\/S\/aplus-media-library-service-media\/88c880ca-a226-4b8f-96ec-c4a7ff90849d.__CR0,0,1200,1200_PT0_SX300_V1___.jpeg\"><img decoding=\"async\" alt=\"Placa Trasera de Metal Protectora\" src=\"https:\/\/m.media-amazon.com\/images\/S\/aplus-media-library-service-media\/88c880ca-a226-4b8f-96ec-c4a7ff90849d.__CR0,0,1200,1200_PT0_SX300_V1___.jpeg\">  <\/p>\n<p>                                                    Placa Trasera de Metal Protectora                                       <\/p>\n<p> La placa trasera de metal protectora con un borde doblado mejora la integridad estructural de la tarjeta gr\u00e1fica, evitando la flexi\u00f3n y el da\u00f1o del PCB. Su dise\u00f1o elegante no solo proporciona durabilidad, sino que tambi\u00e9n mejora la disipaci\u00f3n del calor, asegurando un rendimiento y una fiabilidad duraderos para tus actividades de juego y creativas. <\/p>\n<p class=\"apm-text-center\">\n                                                      <img decoding=\"async\" alt=\"Soporte VGA Vers\u00e1til\" src=\"https:\/\/images-na.ssl-images-amazon.com\/images\/G\/01\/x-locale\/common\/grey-pixel.gif\" class=\"a-spacing-mini a-lazy-loaded\" data-src=\"https:\/\/m.media-amazon.com\/images\/S\/aplus-media-library-service-media\/672797be-41ee-4bc9-b03a-e0f81e0cbb7e.__CR0,0,1200,1200_PT0_SX300_V1___.jpeg\"><img decoding=\"async\" alt=\"Soporte VGA Vers\u00e1til\" src=\"https:\/\/m.media-amazon.com\/images\/S\/aplus-media-library-service-media\/672797be-41ee-4bc9-b03a-e0f81e0cbb7e.__CR0,0,1200,1200_PT0_SX300_V1___.jpeg\">  <\/p>\n<p>                                                    Soporte VGA Vers\u00e1til                                       <\/p>\n<p> El soporte VGA vers\u00e1til ofrece estabilidad y soporte adicional para tu tarjeta gr\u00e1fica, evitando que se hunda con el tiempo. Dise\u00f1ado para una f\u00e1cil instalaci\u00f3n, mantiene la tarjeta en su lugar de manera segura, asegurando una alineaci\u00f3n y rendimiento \u00f3ptimos mientras mantiene la est\u00e9tica de tu construcci\u00f3n con un dise\u00f1o elegante y funcional. <\/p>\n<p class=\"apm-text-center\">\n                                                      <img decoding=\"async\" alt=\"NVIDIA DLSS 4\" src=\"https:\/\/images-na.ssl-images-amazon.com\/images\/G\/01\/x-locale\/common\/grey-pixel.gif\" class=\"a-spacing-mini a-lazy-loaded\" data-src=\"https:\/\/m.media-amazon.com\/images\/S\/aplus-media-library-service-media\/3ee4656b-72f7-44fa-95b8-cdfdc733b6b8.__CR0,0,1200,1200_PT0_SX300_V1___.jpeg\"><img decoding=\"async\" alt=\"NVIDIA DLSS 4\" src=\"https:\/\/m.media-amazon.com\/images\/S\/aplus-media-library-service-media\/3ee4656b-72f7-44fa-95b8-cdfdc733b6b8.__CR0,0,1200,1200_PT0_SX300_V1___.jpeg\">  <\/p>\n<p>                                                    NVIDIA DLSS 4                                       <\/p>\n<p> El \u00faltimo avance, DLSS 4, trae nueva Generaci\u00f3n de M\u00faltiples Frames y mejora en la Reconstrucci\u00f3n de Rayos y Super Resoluci\u00f3n, impulsado por las GPU GeForce RTX de la serie 50 y los N\u00facleos Tensor de quinta generaci\u00f3n. DLSS en GeForce RTX es la mejor manera de jugar, respaldado por un superordenador de IA de NVIDIA en la nube que mejora constantemente las capacidades de juego de tu PC. <\/p>\n<p class=\"apm-text-center\">\n                                                      <img decoding=\"async\" alt=\"NVIDIA Ray Tracing\" src=\"https:\/\/images-na.ssl-images-amazon.com\/images\/G\/01\/x-locale\/common\/grey-pixel.gif\" class=\"a-spacing-mini a-lazy-loaded\" data-src=\"https:\/\/m.media-amazon.com\/images\/S\/aplus-media-library-service-media\/f29c4220-415a-406d-a229-51d6e356129b.__CR0,0,1200,1200_PT0_SX300_V1___.jpeg\"><img decoding=\"async\" alt=\"NVIDIA Ray Tracing\" src=\"https:\/\/m.media-amazon.com\/images\/S\/aplus-media-library-service-media\/f29c4220-415a-406d-a229-51d6e356129b.__CR0,0,1200,1200_PT0_SX300_V1___.jpeg\">  <\/p>\n<p>                                                    NVIDIA Ray Tracing                                       <\/p>\n<p> La arquitectura NVIDIA Blackwell desbloquea el realismo revolucionario del trazado de rayos completo. Experimenta visuales de calidad cinematogr\u00e1fica a una velocidad sin precedentes impulsadas por la GeForce RTX 50 Series con n\u00facleos RT de cuarta generaci\u00f3n y tecnolog\u00edas de renderizado neuronal innovadoras aceleradas con n\u00facleos Tensor de quinta generaci\u00f3n. <\/p>\n<p class=\"apm-text-center\">\n                                                      <img decoding=\"async\" alt=\"NVIDIA Reflex 2\" src=\"https:\/\/images-na.ssl-images-amazon.com\/images\/G\/01\/x-locale\/common\/grey-pixel.gif\" class=\"a-spacing-mini a-lazy-loaded\" data-src=\"https:\/\/m.media-amazon.com\/images\/S\/aplus-media-library-service-media\/03d0021a-b2c3-4c3f-9ab7-30174bbee68f.__CR0,0,1200,1200_PT0_SX300_V1___.jpeg\"><img decoding=\"async\" alt=\"NVIDIA Reflex 2\" src=\"https:\/\/m.media-amazon.com\/images\/S\/aplus-media-library-service-media\/03d0021a-b2c3-4c3f-9ab7-30174bbee68f.__CR0,0,1200,1200_PT0_SX300_V1___.jpeg\">  <\/p>\n<p>                                                    NVIDIA Reflex 2                                       <\/p>\n<p> Las tecnolog\u00edas Reflex optimizan el pipeline gr\u00e1fico para una m\u00e1xima capacidad de respuesta, proporcionando una adquisici\u00f3n de objetivos m\u00e1s r\u00e1pida, tiempos de reacci\u00f3n m\u00e1s r\u00e1pidos y una precisi\u00f3n de punter\u00eda mejorada en juegos competitivos. Reflex 2 introduce Frame Warp, que reduce a\u00fan m\u00e1s la latencia en funci\u00f3n de la \u00faltima entrada de mouse del juego. <\/p>\n<p> Package Dimensions                                            \u200f                                            :                                            \u200e                                            44 x 27 x 10 cm; 1.83 kg   <br \/> Manufacturer                                            \u200f                                            :                                            \u200e                                            Gigabyte   <br \/> ASIN                                            \u200f                                            :                                            \u200e                                            B0FD3XZ8P1   <br \/> Item model number                                            \u200f                                            :                                            \u200e                                            GV-N5080GAMING-16GD   <br \/> Guaranteed software updates until                                            \u200f                                            :                                            \u200e                                            unknown   <br \/>  Customer reviews:                                                                                            3.5               3.5 out of 5 stars                                  (3)                                              var dpAcrHasRegisteredArcLinkClickAction;                    P.when(&#8216;A&#8217;, &#8216;ready&#8217;).execute(function(A) {                        if (dpAcrHasRegisteredArcLinkClickAction !== true) {                            dpAcrHasRegisteredArcLinkClickAction = true;                            A.declarative(                                &#8216;acrLink-click-metrics&#8217;, &#8216;click&#8217;,                                { \u00aballowLinkDefault\u00bb: true },                                function (event) {                                    if (window.ue) {                                        ue.count(\u00abacrLinkClickCount\u00bb, (ue.count(\u00abacrLinkClickCount\u00bb) || 0) + 1);                                    }                                }                            );                        }                    });                                             P.when(&#8216;A&#8217;, &#8216;cf&#8217;).execute(function(A) {                A.declarative(&#8216;acrStarsLink-click-metrics&#8217;, &#8216;click&#8217;, { \u00aballowLinkDefault\u00bb : true },  function(event){                    if(window.ue) {                        ue.count(\u00abacrStarsLinkWithPopoverClickCount\u00bb, (ue.count(\u00abacrStarsLinkWithPopoverClickCount\u00bb) || 0) + 1);                    }                });            });                          <\/p>\n<p>Powered by NVIDIA Blackwell architecture and DLSS 4<br \/>Powered by GeForce RTX 5080<br \/>Integrated with 16GB GDDR7 256-bit memory interface<br \/>WINDFORCE Cooling System<br \/>RGB Halo<br \/>Dual BIOS (Performance \/ Silent)<br \/>Reinforced structure and versatile VGA support<br \/>4 year warranty (online registration required)<\/p>\n\n","protected":false},"excerpt":{"rendered":"<p> From the manufacturer GeForce RTX 5080 GAMING 16G La GIGABYTE GeForce RTX 5080 GAMING 16G<\/p>","protected":false},"featured_media":31067,"comment_status":"open","ping_status":"closed","template":"","meta":[],"product_brand":[],"product_cat":[75],"product_tag":[1285,509,3199,8993,1432,1427,1433,1420,4095,698,1099,2799,617,1428,2985,620,1581,599,644,1425,8994,544,821,1426,624,621,1429,1430,1431],"class_list":{"0":"post-31066","1":"product","2":"type-product","3":"status-publish","4":"has-post-thumbnail","6":"product_cat-graphics-cards","7":"product_tag-16g","8":"product_tag-16gb","9":"product_tag-256bit","10":"product_tag-2730mhz","11":"product_tag-8gb-graphics-card","12":"product_tag-amd-radeon-gpu","13":"product_tag-best-gpu","14":"product_tag-card","15":"product_tag-clock","16":"product_tag-core","17":"product_tag-displayport","18":"product_tag-dlss","19":"product_tag-gaming","20":"product_tag-gaming-graphics-card","21":"product_tag-gddr7","22":"product_tag-geforce","23":"product_tag-gigabyte","24":"product_tag-gpu","25":"product_tag-graphics","26":"product_tag-graphics-card","27":"product_tag-gvn5080gaming16gd","28":"product_tag-hdmi","29":"product_tag-nvidia","30":"product_tag-nvidia-rtx-graphics-card","31":"product_tag-pcie","32":"product_tag-rtx","33":"product_tag-rtx-4060","34":"product_tag-rtx-4070","35":"product_tag-rtx-4080","37":"first","38":"instock","39":"shipping-taxable","40":"product-type-external"},"_links":{"self":[{"href":"https:\/\/comprasyconsejos.store\/en\/wp-json\/wp\/v2\/product\/31066","targetHints":{"allow":["GET"]}}],"collection":[{"href":"https:\/\/comprasyconsejos.store\/en\/wp-json\/wp\/v2\/product"}],"about":[{"href":"https:\/\/comprasyconsejos.store\/en\/wp-json\/wp\/v2\/types\/product"}],"replies":[{"embeddable":true,"href":"https:\/\/comprasyconsejos.store\/en\/wp-json\/wp\/v2\/comments?post=31066"}],"version-history":[{"count":0,"href":"https:\/\/comprasyconsejos.store\/en\/wp-json\/wp\/v2\/product\/31066\/revisions"}],"wp:featuredmedia":[{"embeddable":true,"href":"https:\/\/comprasyconsejos.store\/en\/wp-json\/wp\/v2\/media\/31067"}],"wp:attachment":[{"href":"https:\/\/comprasyconsejos.store\/en\/wp-json\/wp\/v2\/media?parent=31066"}],"wp:term":[{"taxonomy":"product_brand","embeddable":true,"href":"https:\/\/comprasyconsejos.store\/en\/wp-json\/wp\/v2\/product_brand?post=31066"},{"taxonomy":"product_cat","embeddable":true,"href":"https:\/\/comprasyconsejos.store\/en\/wp-json\/wp\/v2\/product_cat?post=31066"},{"taxonomy":"product_tag","embeddable":true,"href":"https:\/\/comprasyconsejos.store\/en\/wp-json\/wp\/v2\/product_tag?post=31066"}],"curies":[{"name":"wp","href":"https:\/\/api.w.org\/{rel}","templated":true}]}}