{"id":31081,"date":"2026-02-22T15:42:51","date_gmt":"2026-02-22T15:42:51","guid":{"rendered":"https:\/\/comprasyconsejos.store\/product\/yeyian-pc-chassis-gamer-edge-mid-tower-case-compatible-with-atx-m-atx-itx-tempered-glass-panel-4-fans-included-rgb-3-front-and-1-back-usb-type-c-black\/"},"modified":"2026-02-22T15:42:54","modified_gmt":"2026-02-22T15:42:54","slug":"yeyian-pc-chassis-gamer-edge-mid-tower-case-compatible-with-atx-m-atx-itx-tempered-glass-panel-4-fans-included-rgb-3-front-and-1-back-usb-type-c-black","status":"publish","type":"product","link":"https:\/\/comprasyconsejos.store\/en\/product\/yeyian-pc-chassis-gamer-edge-mid-tower-case-compatible-with-atx-m-atx-itx-tempered-glass-panel-4-fans-included-rgb-3-front-and-1-back-usb-type-c-black\/","title":{"rendered":"YEYIAN PC Chassis Gamer Edge Mid-Tower Case, Compatible with ATX\/M-ATX\/ITX, Tempered Glass Panel, 4 Fans Included RGB (3 Front and 1 Back), USB Type C, Black"},"content":{"rendered":"<p>Price: <span style=\"color:#b12704\">\u20ac49.99<\/span><br \/><i><small>(as of Feb 22, 2026 15:42:51 UTC &#8211; <span class=\"wp_automatic_amazon_disclaimer\" title=\"Product prices and availability are accurate as of the date\/time indicated and are subject to change. Any price and availability information displayed on [relevant Amazon Site(s), as applicable] at the time of purchase will apply to the purchase of this product.\">Details<\/span>)<\/small><\/i><\/p>\n<p><a href=\"https:\/\/amazon.es\/dp\/B0FNVP9Z7M?tag=man008-21\"><img decoding=\"async\" src=\"https:\/\/valvepress.s3.amazonaws.com\/imgs\/buy_now.png\"><\/a><br \/>\n<\/p>\n<p>                                             Product Description   <\/p>\n<p>                                                                                                                <img decoding=\"async\" alt=\"aplus content image\" src=\"https:\/\/m.media-amazon.com\/images\/S\/aplus-media-library-service-media\/568ecc9b-ad3d-4109-837f-742dadf8086b.__CR0,0,1464,600_PT0_SX1464_V1___.jpg\">                                                    <img decoding=\"async\" alt=\"aplus content image\" src=\"https:\/\/m.media-amazon.com\/images\/S\/aplus-media-library-service-media\/b83c411c-9270-476d-9e4b-6797cd4044e1.__CR0,0,1464,600_PT0_SX1464_V1___.jpg\">                                                    <img decoding=\"async\" alt=\"aplus content image\" src=\"https:\/\/m.media-amazon.com\/images\/S\/aplus-media-library-service-media\/3ca067dd-bc11-4b7f-913f-bbc4d0c2de6a.__CR0,0,1464,600_PT0_SX1464_V1___.jpg\"><br \/>\n                            1 CHASIS EDGE <\/p>\n<p>                            2 ESPECIFICACIONES <\/p>\n<p>                            3 GALERIA <\/p>\n<p>                                                                                                       <img decoding=\"async\" alt=\"aplus content image\" src=\"https:\/\/images-na.ssl-images-amazon.com\/images\/G\/01\/x-locale\/common\/grey-pixel.gif\" class=\"a-lazy-loaded\" data-src=\"https:\/\/m.media-amazon.com\/images\/S\/aplus-media-library-service-media\/d486a16d-88f7-4ad0-a8a4-b373cba6227d.__CR0,0,1464,600_PT0_SX1464_V1___.jpg\"><img decoding=\"async\" alt=\"aplus content image\" src=\"https:\/\/m.media-amazon.com\/images\/S\/aplus-media-library-service-media\/d486a16d-88f7-4ad0-a8a4-b373cba6227d.__CR0,0,1464,600_PT0_SX1464_V1___.jpg\">                                                 COMPATIBILIDAD                                             PARA TODO TIPO DE USUARIOS                                        <\/p>\n<p class=\"aplus-p2 aplus-module-2-description\"> Montaje compatible con placas ATX, M-ATX e ITX, y GPUs de hasta 320\u202fmm. Bah\u00edas tool-less, espacio para almacenamiento y canaletas para manejo de cables. Monta y mejora sin complicaciones. Ideal para gamers, streamers y editores <\/p>\n<p>                                                                                                       <img decoding=\"async\" alt=\"aplus content image\" src=\"https:\/\/images-na.ssl-images-amazon.com\/images\/G\/01\/x-locale\/common\/grey-pixel.gif\" class=\"a-lazy-loaded\" data-src=\"https:\/\/m.media-amazon.com\/images\/S\/aplus-media-library-service-media\/927a11b8-a2bf-4453-aff8-a07c301f25c7.__CR0,0,1464,600_PT0_SX1464_V1___.jpg\"><img decoding=\"async\" alt=\"aplus content image\" src=\"https:\/\/m.media-amazon.com\/images\/S\/aplus-media-library-service-media\/927a11b8-a2bf-4453-aff8-a07c301f25c7.__CR0,0,1464,600_PT0_SX1464_V1___.jpg\">                                                 REFRIGERACION                                             ENFRIAMIENTO LIQUIDO                                        <\/p>\n<p class=\"aplus-p2 aplus-module-2-description\"> Compatible con refrigeraci\u00f3n l\u00edquida AIO: admite radiadores de hasta 240\u202fmm en la parte superior. Comb\u00ednalo con hasta 8 ventiladores y control PWM integrado para un flujo de aire profesional en cualquier entorno. Incluye 4 ventiladores preinstalados, 3 frontal y uno trasero <\/p>\n<p>                                                                                                       <img decoding=\"async\" alt=\"aplus content image\" src=\"https:\/\/images-na.ssl-images-amazon.com\/images\/G\/01\/x-locale\/common\/grey-pixel.gif\" class=\"a-lazy-loaded\" data-src=\"https:\/\/m.media-amazon.com\/images\/S\/aplus-media-library-service-media\/80806b1d-9b96-49be-8dc6-94db4401c363.__CR0,0,1464,600_PT0_SX1464_V1___.jpg\"><img decoding=\"async\" alt=\"aplus content image\" src=\"https:\/\/m.media-amazon.com\/images\/S\/aplus-media-library-service-media\/80806b1d-9b96-49be-8dc6-94db4401c363.__CR0,0,1464,600_PT0_SX1464_V1___.jpg\">                                                 FLUJO DE AIRE                                             SESIONES PROLONGADAS DE JUEGO                                        <\/p>\n<p class=\"aplus-p2 aplus-module-2-description\"> El frontal en forma de slash mesh no es solo un detalle visual: est\u00e1 dise\u00f1ado para maximizar la entrada de aire desde el primer uso. Con tres ventiladores ARGB en la parte frontal y uno trasero preinstalado, obtienes una ventilaci\u00f3n eficiente directamente de f\u00e1brica <\/p>\n<p>                                                                                                       <img decoding=\"async\" alt=\"aplus content image\" src=\"https:\/\/images-na.ssl-images-amazon.com\/images\/G\/01\/x-locale\/common\/grey-pixel.gif\" class=\"a-lazy-loaded\" data-src=\"https:\/\/m.media-amazon.com\/images\/S\/aplus-media-library-service-media\/cf8a9951-7861-4a41-b707-01f9758cce81.__CR0,0,1464,600_PT0_SX1464_V1___.jpg\"><img decoding=\"async\" alt=\"aplus content image\" src=\"https:\/\/m.media-amazon.com\/images\/S\/aplus-media-library-service-media\/cf8a9951-7861-4a41-b707-01f9758cce81.__CR0,0,1464,600_PT0_SX1464_V1___.jpg\">                                                 ESTRUCTURA ROBUSTA                                             DISE\u00d1ADO PARA DURAR                                        <\/p>\n<p class=\"aplus-p2 aplus-module-2-description\"> El chasis de acero reforzado proporciona una base s\u00f3lida y confiable. Su dise\u00f1o est\u00e1 pensado para durar a\u00f1os, permitiendo upgrades sin comprometer estabilidad o espacio. Es una caja hecha para crecer contigo. <\/p>\n<h3 class=\"a-size-extra-large a-spacing-base a-text-center\"> ESPECIFICACIONES COMPLETAS <\/h3>\n<p>                                                        Factor de Forma                                    Media Torre                                        Placas Compatibles                                    ATX | Micro-ATX | ITX                                        Tarjetas Gr\u00e1ficas                                    Hasta 320 mm                                        Ventiladores                                    Espacio hasta 8 ventiladores (4 ventiladores ARGB instalados)                                        Ventiladores Frontales                                    3 ventiladores ARGB instalados                                        Ventiladores Traseros                                    1 ventilador ARB instalado                                        L\u00edquida Superior                                    240mm (No incluye)                                        Bot\u00f3n de encendido                                    1                                                         Switch LED                                    Bot\u00f3n de reset                                        USB Tipo A | C | Audio                                    1x USB 3.0, 1x USB 2.0 | 1x USB 3.0 | Audio HD                                        Dimensiones                                    396 x 200 x 456 mm                                        Material Panel | Chasis                                    Cristal Templado | Acero Reforzado                                        Disipador                                    Hasta 155 mm                                        Bah\u00edas                                    2x 2.5&#8243; | 1x 3.5&#8243; | 1x 2.5&#8243;\/3.5&#8243; Combo                                        Ranuras de Expansi\u00f3n                                    7                                        Fuente de Alimentaci\u00f3n                                    ATX 2.0 | ATX 3.0                     <\/p>\n<h3 class=\"a-text-center aplus-h1 a-text-bold\"> Yeyian Gaming PC Cases <\/h3>\n<p>                         Add To Basket  <\/p>\n<p>                         Add To Basket  <\/p>\n<p>                         Add To Basket  <\/p>\n<p>                         Add To Basket  <\/p>\n<p>                         Add To Basket  <\/p>\n<p>                         Add To Basket  <\/p>\n<p>                         Add To Basket  <\/p>\n<p>                                     Customer Reviews  <\/p>\n<p>                    2.0 out of 5 stars  1  <\/p>\n<p>                    5.0 out of 5 stars  2  <\/p>\n<p>                    4.6 out of 5 stars  133  <\/p>\n<p>                    3.3 out of 5 stars  4  <\/p>\n<p>                    5.0 out of 5 stars  2  <\/p>\n<p>                    4.9 out of 5 stars  9  <\/p>\n<p>                    4.1 out of 5 stars  6  <\/p>\n<p>                                     Price  <\/p>\n<p>                                                        \u20ac59.99\u20ac59.99     <\/p>\n<p>                                                        \u20ac63.99\u20ac63.99     <\/p>\n<p>                                                        \u20ac44.99\u20ac44.99     <\/p>\n<p>                                                        \u20ac59.00\u20ac59.00     <\/p>\n<p>                                                        \u20ac74.99\u20ac74.99     <\/p>\n<p>                                                        \u20ac69.99\u20ac69.99     <\/p>\n<p>                                                        \u20ac69.99\u20ac69.99     <\/p>\n<p>                                     Factor de Forma  <\/p>\n<p>                                                Mid-Tower    <\/p>\n<p>                                                Mid-Tower    <\/p>\n<p>                                                Mid-Tower    <\/p>\n<p>                                                Full-Tower    <\/p>\n<p>                                                Mid-Tower    <\/p>\n<p>                                                Mid-Tower    <\/p>\n<p>                                                Mid-Tower    <\/p>\n<p>                                     Placas  <\/p>\n<p>                                                ATX, Micro ATX, Mini ITX    <\/p>\n<p>                                                ATX, Micro ATX, Mini ITX    <\/p>\n<p>                                                ATX, Micro ATX, Mini ITX    <\/p>\n<p>                                                ATX ext, Micro ATX, Mini ITX    <\/p>\n<p>                                                ATX, Micro ATX, Mini ITX    <\/p>\n<p>                                                ATX, Micro ATX, Mini ITX    <\/p>\n<p>                                                ATX, Micro ATX, Mini ITX    <\/p>\n<p>                                     GPU  <\/p>\n<p>                                                320 mm    <\/p>\n<p>                                                320  mm    <\/p>\n<p>                                                355 mm    <\/p>\n<p>                                                420 mm    <\/p>\n<p>                                                360 mm    <\/p>\n<p>                                                400 mm    <\/p>\n<p>                                                400 mm    <\/p>\n<p>                                     Disipador  <\/p>\n<p>                                                155 mm    <\/p>\n<p>                                                165 mm    <\/p>\n<p>                                                168 mm    <\/p>\n<p>                                                180 mm    <\/p>\n<p>                                                168 mm    <\/p>\n<p>                                                170 mm    <\/p>\n<p>                                                170 mm    <\/p>\n<p>                                     Chasis  <\/p>\n<p>                                                0,5 mm    <\/p>\n<p>                                                0,5 mm    <\/p>\n<p>                                                0,5 mm    <\/p>\n<p>                                                1,0 mm    <\/p>\n<p>                                                0,8  mm    <\/p>\n<p>                                                0,6 mm    <\/p>\n<p>                                                0,6 mm    <\/p>\n<p> Product Dimensions                                            \u200f                                            :                                            \u200e                                            39.2 x 20 x 45.6 cm; 6 kg   <br \/> Manufacturer                                            \u200f                                            :                                            \u200e                                            Yeyian   <br \/> ASIN                                            \u200f                                            :                                            \u200e                                            B0FNVP9Z7M   <br \/> Item model number                                            \u200f                                            :                                            \u200e                                            YCM-APEDG-G1   <br \/> Country\/Region of Origin                                            \u200f                                            :                                            \u200e                                            China   <br \/> Guaranteed software updates until                                            \u200f                                            :                                            \u200e                                            unknown   <br \/>  Customer reviews:                                                                                            4.6               4.6 out of 5 stars                                  (5)                                              var dpAcrHasRegisteredArcLinkClickAction;                    P.when(&#8216;A&#8217;, &#8216;ready&#8217;).execute(function(A) {                        if (dpAcrHasRegisteredArcLinkClickAction !== true) {                            dpAcrHasRegisteredArcLinkClickAction = true;                            A.declarative(                                &#8216;acrLink-click-metrics&#8217;, &#8216;click&#8217;,                                { \u00aballowLinkDefault\u00bb: true },                                function (event) {                                    if (window.ue) {                                        ue.count(\u00abacrLinkClickCount\u00bb, (ue.count(\u00abacrLinkClickCount\u00bb) || 0) + 1);                                    }                                }                            );                        }                    });                                             P.when(&#8216;A&#8217;, &#8216;cf&#8217;).execute(function(A) {                A.declarative(&#8216;acrStarsLink-click-metrics&#8217;, &#8216;click&#8217;, { \u00aballowLinkDefault\u00bb : true },  function(event){                    if(window.ue) {                        ue.count(\u00abacrStarsLinkWithPopoverClickCount\u00bb, (ue.count(\u00abacrStarsLinkWithPopoverClickCount\u00bb) || 0) + 1);                    }                });            });                          <\/p>\n<p>TOTAL COMPATIBILITY: Designed for any configuration, the Edge enclosure supports ATX, Micro-ATX, and ITX motherboards, graphics cards up to 320mm and CPU heatsinks up to 155mm. Half tower form factor offers a perfect balance between size and build space for seamless cable management<br \/>\ufe0f EXCEPTIONAL RGB COOLING &#8211; Arrives equipped with 4 120mm ARGB PWM fans (3 front, 1 rear) for optimal airflow and spectacular lighting effects. It is compatible with liquid cooling radiators up to 240mm on top and has room for a total of 8 fans for extreme configurations<br \/>ULTRA-POWERFUL FRONT PANEL: Stay connected with a front panel that includes a high-speed USB 3.2 Type-C port, plus USB 3.0, USB 2.0, and HD audio. Organize your system with bays for 2 x 2.5&#8243; SSD, 1 for 3.5&#8243; HDDs, and 1 x 2.5&#8243;\/3.5&#8243; combo drive<br \/>SMART CONSTRUCTION: Installation is a breeze thanks to the built-in PWM ARGB fan hub that simplifies wiring and lighting control. The 0.5 mm SPCC laminated steel chassis structure ensures high durability and secure mounting of all components<br \/>FUTURE READY: Designed with the latest technology in mind, it is fully compatible with ATX 3.0 power supplies, and features 7 expansion bays for maximum flexibility in customizing and upgrading your equipment<\/p>\n\n","protected":false},"excerpt":{"rendered":"<p> Product Description 1 CHASIS EDGE 2 ESPECIFICACIONES 3 GALERIA COMPATIBILIDAD PARA TODO TIPO DE USUARIOS<\/p>","protected":false},"featured_media":31082,"comment_status":"open","ping_status":"closed","template":"","meta":[],"product_brand":[],"product_cat":[74],"product_tag":[1370,1364,8996,1371,307,994,3958,201,1367,5247,1378,1911,615,1363,1677,415,1365,1375,1369,1033,1362,885,1366,1676,1368,168,133,8995],"class_list":{"0":"post-31081","1":"product","2":"type-product","3":"status-publish","4":"has-post-thumbnail","6":"product_cat-cases","7":"product_tag-airflow-pc-case","8":"product_tag-atx-case","9":"product_tag-atxmatxitx","10":"product_tag-best-pc-case","11":"product_tag-black","12":"product_tag-case","13":"product_tag-chassis","14":"product_tag-compatible","15":"product_tag-computer-cabinet","16":"product_tag-edge","17":"product_tag-fans","18":"product_tag-front","19":"product_tag-gamer","20":"product_tag-gaming-pc-case","21":"product_tag-glass","22":"product_tag-included","23":"product_tag-mid-tower-case","24":"product_tag-midtower","25":"product_tag-mini-itx-case","26":"product_tag-panel","27":"product_tag-pc-case","28":"product_tag-rgb","29":"product_tag-rgb-pc-case","30":"product_tag-tempered","31":"product_tag-tempered-glass-case","32":"product_tag-type","33":"product_tag-usb","34":"product_tag-yeyian","36":"first","37":"instock","38":"shipping-taxable","39":"product-type-external"},"_links":{"self":[{"href":"https:\/\/comprasyconsejos.store\/en\/wp-json\/wp\/v2\/product\/31081","targetHints":{"allow":["GET"]}}],"collection":[{"href":"https:\/\/comprasyconsejos.store\/en\/wp-json\/wp\/v2\/product"}],"about":[{"href":"https:\/\/comprasyconsejos.store\/en\/wp-json\/wp\/v2\/types\/product"}],"replies":[{"embeddable":true,"href":"https:\/\/comprasyconsejos.store\/en\/wp-json\/wp\/v2\/comments?post=31081"}],"version-history":[{"count":0,"href":"https:\/\/comprasyconsejos.store\/en\/wp-json\/wp\/v2\/product\/31081\/revisions"}],"wp:featuredmedia":[{"embeddable":true,"href":"https:\/\/comprasyconsejos.store\/en\/wp-json\/wp\/v2\/media\/31082"}],"wp:attachment":[{"href":"https:\/\/comprasyconsejos.store\/en\/wp-json\/wp\/v2\/media?parent=31081"}],"wp:term":[{"taxonomy":"product_brand","embeddable":true,"href":"https:\/\/comprasyconsejos.store\/en\/wp-json\/wp\/v2\/product_brand?post=31081"},{"taxonomy":"product_cat","embeddable":true,"href":"https:\/\/comprasyconsejos.store\/en\/wp-json\/wp\/v2\/product_cat?post=31081"},{"taxonomy":"product_tag","embeddable":true,"href":"https:\/\/comprasyconsejos.store\/en\/wp-json\/wp\/v2\/product_tag?post=31081"}],"curies":[{"name":"wp","href":"https:\/\/api.w.org\/{rel}","templated":true}]}}