{"id":31113,"date":"2026-02-22T16:01:25","date_gmt":"2026-02-22T16:01:25","guid":{"rendered":"https:\/\/comprasyconsejos.store\/product\/hama-wired-pc-mouse-3-button-mouse-for-pc-laptop-suitable-for-right-and-left-handed-1000-dpi-operating-systems-windows-11-10-8-7-vista-xp-mac-os-10-10-or-above-white\/"},"modified":"2026-02-22T16:01:26","modified_gmt":"2026-02-22T16:01:26","slug":"hama-wired-pc-mouse-3-button-mouse-for-pc-laptop-suitable-for-right-and-left-handed-1000-dpi-operating-systems-windows-11-10-8-7-vista-xp-mac-os-10-10-or-above-white","status":"publish","type":"product","link":"https:\/\/comprasyconsejos.store\/en\/product\/hama-wired-pc-mouse-3-button-mouse-for-pc-laptop-suitable-for-right-and-left-handed-1000-dpi-operating-systems-windows-11-10-8-7-vista-xp-mac-os-10-10-or-above-white\/","title":{"rendered":"Hama | Wired PC Mouse (3 Button Mouse for PC, Laptop, Suitable for Right and Left Handed, 1000 DPI, Operating Systems: Windows 11\/10\/8\/7\/Vista\/XP, Mac OS 10.10 or above) White"},"content":{"rendered":"<p>Price: <span style=\"color:#b12704\">\u20ac5.99<\/span><br \/><i><small>(as of Feb 22, 2026 16:01:25 UTC &#8211; <span class=\"wp_automatic_amazon_disclaimer\" title=\"Product prices and availability are accurate as of the date\/time indicated and are subject to change. Any price and availability information displayed on [relevant Amazon Site(s), as applicable] at the time of purchase will apply to the purchase of this product.\">Details<\/span>)<\/small><\/i><\/p>\n<p><a href=\"https:\/\/amazon.es\/dp\/B078T62G9K?tag=man008-21\"><img decoding=\"async\" src=\"https:\/\/valvepress.s3.amazonaws.com\/imgs\/buy_now.png\"><\/a><br \/>\n<\/p>\n<p>                                             From the brand   <\/p>\n<p>                                              <img decoding=\"async\" alt=\"El texto dice \u00abhama\u00bb. Serie de im\u00e1genes sobre el estilo de vida de los productos que muestran a personas sentadas en escritorios o estaciones de trabajo sobre un fondo verde menta.\" src=\"https:\/\/images-na.ssl-images-amazon.com\/images\/G\/01\/x-locale\/common\/grey-pixel.gif\" class=\"a-lazy-loaded\" data-src=\"https:\/\/m.media-amazon.com\/images\/S\/aplus-media-library-service-media\/b96126c8-89b9-4ca0-8a2f-066ebcd83dba.__CR0,0,1464,625_PT0_SX1464_V1___.jpg\"><img decoding=\"async\" alt=\"El texto dice \u00abhama\u00bb. Serie de im\u00e1genes sobre el estilo de vida de los productos que muestran a personas sentadas en escritorios o estaciones de trabajo sobre un fondo verde menta.\" src=\"https:\/\/m.media-amazon.com\/images\/S\/aplus-media-library-service-media\/b96126c8-89b9-4ca0-8a2f-066ebcd83dba.__CR0,0,1464,625_PT0_SX1464_V1___.jpg\">  <\/p>\n<p>                                              <img decoding=\"async\" alt=\"El texto dice \u00abTecnolog\u00eda para todos\u00bb y \u00abEn tierra encontrar\u00e1s tecnolog\u00eda que realmente te facilita la vida\u00bb. Para cada momento y cada necesidad\u00bb. Ilustraciones con l\u00edneas azules de auriculares, mando a distancia, smartphone, reloj inteligente y enchufe.\" src=\"https:\/\/images-na.ssl-images-amazon.com\/images\/G\/01\/x-locale\/common\/grey-pixel.gif\" class=\"a-lazy-loaded\" data-src=\"https:\/\/m.media-amazon.com\/images\/S\/aplus-media-library-service-media\/8116eb72-05ca-4f2d-bc50-7aea57e2bfa5.__CR0,0,362,453_PT0_SX362_V1___.jpg\"><img decoding=\"async\" alt=\"El texto dice \u00abTecnolog\u00eda para todos\u00bb y \u00abEn tierra encontrar\u00e1s tecnolog\u00eda que realmente te facilita la vida\u00bb. Para cada momento y cada necesidad\u00bb. Ilustraciones con l\u00edneas azules de auriculares, mando a distancia, smartphone, reloj inteligente y enchufe.\" src=\"https:\/\/m.media-amazon.com\/images\/S\/aplus-media-library-service-media\/8116eb72-05ca-4f2d-bc50-7aea57e2bfa5.__CR0,0,362,453_PT0_SX362_V1___.jpg\">  <\/p>\n<h3> Visita la tienda Hama <\/h3>\n<p>                                              <img decoding=\"async\" alt=\"El texto dice \u00abA tu lado desde hace m\u00e1s de 100 a\u00f1os\u00bb. En Europa y en todo el mundo. &amp;#39; Fondo azul con ilustraciones lineales sencillas de un apret\u00f3n de manos y un globo terr\u00e1queo.\" src=\"https:\/\/images-na.ssl-images-amazon.com\/images\/G\/01\/x-locale\/common\/grey-pixel.gif\" class=\"a-lazy-loaded\" data-src=\"https:\/\/m.media-amazon.com\/images\/S\/aplus-media-library-service-media\/f5ce2797-ab8f-4229-b080-91314aac7004.__CR0,0,362,453_PT0_SX362_V1___.jpg\"><img decoding=\"async\" alt=\"El texto dice \u00abA tu lado desde hace m\u00e1s de 100 a\u00f1os\u00bb. En Europa y en todo el mundo. &amp;#39; Fondo azul con ilustraciones lineales sencillas de un apret\u00f3n de manos y un globo terr\u00e1queo.\" src=\"https:\/\/m.media-amazon.com\/images\/S\/aplus-media-library-service-media\/f5ce2797-ab8f-4229-b080-91314aac7004.__CR0,0,362,453_PT0_SX362_V1___.jpg\">  <\/p>\n<p>                                              <img decoding=\"async\" alt=\"El texto dice: \u00abCalidad y experiencia desde Alemania. Nuestros productos destacan por sus altos est\u00e1ndares de calidad, dise\u00f1os atractivos y funciones innovadoras. &amp;#39; Fondo rosa con ilustraciones de l\u00edneas decorativas.\" src=\"https:\/\/images-na.ssl-images-amazon.com\/images\/G\/01\/x-locale\/common\/grey-pixel.gif\" class=\"a-lazy-loaded\" data-src=\"https:\/\/m.media-amazon.com\/images\/S\/aplus-media-library-service-media\/531554e0-1261-473b-9463-35388a1034da.__CR0,0,362,453_PT0_SX362_V1___.jpg\"><img decoding=\"async\" alt=\"El texto dice: \u00abCalidad y experiencia desde Alemania. Nuestros productos destacan por sus altos est\u00e1ndares de calidad, dise\u00f1os atractivos y funciones innovadoras. &amp;#39; Fondo rosa con ilustraciones de l\u00edneas decorativas.\" src=\"https:\/\/m.media-amazon.com\/images\/S\/aplus-media-library-service-media\/531554e0-1261-473b-9463-35388a1034da.__CR0,0,362,453_PT0_SX362_V1___.jpg\">  <\/p>\n<p>                                              <img decoding=\"async\" alt=\"El texto dice \u00abDesarrollo sostenible\u00bb y \u00abProductos y embalaje\u00bb. Varios paneles muestran a personas vestidas de manera informal sobre fondos luminosos que debaten sobre el desarrollo sostenible y el embalaje.\" src=\"https:\/\/images-na.ssl-images-amazon.com\/images\/G\/01\/x-locale\/common\/grey-pixel.gif\" class=\"a-lazy-loaded\" data-src=\"https:\/\/m.media-amazon.com\/images\/S\/aplus-media-library-service-media\/67ebe868-c2df-495e-a92b-fe4ea01caf2a.__CR0,0,362,453_PT0_SX362_V1___.jpg\"><img decoding=\"async\" alt=\"El texto dice \u00abDesarrollo sostenible\u00bb y \u00abProductos y embalaje\u00bb. Varios paneles muestran a personas vestidas de manera informal sobre fondos luminosos que debaten sobre el desarrollo sostenible y el embalaje.\" src=\"https:\/\/m.media-amazon.com\/images\/S\/aplus-media-library-service-media\/67ebe868-c2df-495e-a92b-fe4ea01caf2a.__CR0,0,362,453_PT0_SX362_V1___.jpg\">  <\/p>\n<p> Is discontinued by manufacturer                                            \u200f                                            :                                            \u200e                                            No   <br \/> Product Dimensions                                            \u200f                                            :                                            \u200e                                            11.4 x 3.7 x 6.4 cm; 86.22 g   <br \/> Manufacturer                                            \u200f                                            :                                            \u200e                                            Hama   <br \/> ASIN                                            \u200f                                            :                                            \u200e                                            B078T62G9K   <br \/> Item model number                                            \u200f                                            :                                            \u200e                                            00182603   <br \/> Country of origin                                            \u200f                                            :                                            \u200e                                            China   <br \/> Guaranteed software updates until                                            \u200f                                            :                                            \u200e                                            unknown   <br \/>  Customer reviews:                                                                                            4.4               4.4 out of 5 stars                                  (621)                                              var dpAcrHasRegisteredArcLinkClickAction;                    P.when(&#8216;A&#8217;, &#8216;ready&#8217;).execute(function(A) {                        if (dpAcrHasRegisteredArcLinkClickAction !== true) {                            dpAcrHasRegisteredArcLinkClickAction = true;                            A.declarative(                                &#8216;acrLink-click-metrics&#8217;, &#8216;click&#8217;,                                { \u00aballowLinkDefault\u00bb: true },                                function (event) {                                    if (window.ue) {                                        ue.count(\u00abacrLinkClickCount\u00bb, (ue.count(\u00abacrLinkClickCount\u00bb) || 0) + 1);                                    }                                }                            );                        }                    });                                             P.when(&#8216;A&#8217;, &#8216;cf&#8217;).execute(function(A) {                A.declarative(&#8216;acrStarsLink-click-metrics&#8217;, &#8216;click&#8217;, { \u00aballowLinkDefault\u00bb : true },  function(event){                    if(window.ue) {                        ue.count(\u00abacrStarsLinkWithPopoverClickCount\u00bb, (ue.count(\u00abacrStarsLinkWithPopoverClickCount\u00bb) || 0) + 1);                    }                });            });                          <\/p>\n<p>Simple control: the mouse has 2 classic buttons and a scroll wheel with button function, which ensures comfortable and easy navigation<br \/>QUICK SETUP &#8211; Since no software required, the mouse can be plugged in and used right away, whether in the office or in the home office<br \/>GREAT FOR WORK &#8211; The optical mouse has 1000 dpi, making it perfect for text and spreadsheet editing or internet search<br \/>The PC mouse for everyone: the exactly symmetrical design is suitable for right and left-handed users<br \/>Box contents: 1 x \u00abMC-200\u00bb mouse, 1 x user manual.<\/p>\n\n","protected":false},"excerpt":{"rendered":"<p> From the brand Visita la tienda Hama Is discontinued by manufacturer \u200f : \u200e No<\/p>","protected":false},"featured_media":31114,"comment_status":"open","ping_status":"closed","template":"","meta":[],"product_brand":[],"product_cat":[50],"product_tag":[9006,765,759,1089,756,775,761,758,9005,7415,159,7414,774,767,4444,763,760,764,2786,5639,762,205,537,750,757],"class_list":{"0":"post-31113","1":"product","2":"type-product","3":"status-publish","4":"has-post-thumbnail","6":"product_cat-mouse","7":"product_tag-111087vistaxp","8":"product_tag-best-gaming-mouse","9":"product_tag-bluetooth-mouse","10":"product_tag-button","11":"product_tag-computer-mouse","12":"product_tag-dpi","13":"product_tag-ergonomic-mouse","14":"product_tag-gaming-mouse","15":"product_tag-hama","16":"product_tag-handed","17":"product_tag-laptop","18":"product_tag-left","19":"product_tag-mac","20":"product_tag-mouse","21":"product_tag-operating","22":"product_tag-rechargeable-mouse","23":"product_tag-rgb-mouse","24":"product_tag-silent-mouse","25":"product_tag-suitable","26":"product_tag-systems","27":"product_tag-usb-mouse","28":"product_tag-white","29":"product_tag-windows","30":"product_tag-wired","31":"product_tag-wireless-mouse","33":"first","34":"instock","35":"shipping-taxable","36":"product-type-external"},"_links":{"self":[{"href":"https:\/\/comprasyconsejos.store\/en\/wp-json\/wp\/v2\/product\/31113","targetHints":{"allow":["GET"]}}],"collection":[{"href":"https:\/\/comprasyconsejos.store\/en\/wp-json\/wp\/v2\/product"}],"about":[{"href":"https:\/\/comprasyconsejos.store\/en\/wp-json\/wp\/v2\/types\/product"}],"replies":[{"embeddable":true,"href":"https:\/\/comprasyconsejos.store\/en\/wp-json\/wp\/v2\/comments?post=31113"}],"version-history":[{"count":0,"href":"https:\/\/comprasyconsejos.store\/en\/wp-json\/wp\/v2\/product\/31113\/revisions"}],"wp:featuredmedia":[{"embeddable":true,"href":"https:\/\/comprasyconsejos.store\/en\/wp-json\/wp\/v2\/media\/31114"}],"wp:attachment":[{"href":"https:\/\/comprasyconsejos.store\/en\/wp-json\/wp\/v2\/media?parent=31113"}],"wp:term":[{"taxonomy":"product_brand","embeddable":true,"href":"https:\/\/comprasyconsejos.store\/en\/wp-json\/wp\/v2\/product_brand?post=31113"},{"taxonomy":"product_cat","embeddable":true,"href":"https:\/\/comprasyconsejos.store\/en\/wp-json\/wp\/v2\/product_cat?post=31113"},{"taxonomy":"product_tag","embeddable":true,"href":"https:\/\/comprasyconsejos.store\/en\/wp-json\/wp\/v2\/product_tag?post=31113"}],"curies":[{"name":"wp","href":"https:\/\/api.w.org\/{rel}","templated":true}]}}