{"id":31128,"date":"2026-02-22T16:35:38","date_gmt":"2026-02-22T16:35:38","guid":{"rendered":"https:\/\/comprasyconsejos.store\/product\/nitropc-gaming-pc-boost-gold-amd-ryzen-7-7800x3d-8-16-5-6ghz-rtx-5070-ti-16gb-ram-32gb-rgb-m-2-windows-11-pro-wifi-desktop-computer-pc-gamer\/"},"modified":"2026-02-22T16:35:41","modified_gmt":"2026-02-22T16:35:41","slug":"nitropc-gaming-pc-boost-gold-amd-ryzen-7-7800x3d-8-16-5-6ghz-rtx-5070-ti-16gb-ram-32gb-rgb-m-2-windows-11-pro-wifi-desktop-computer-pc-gamer","status":"publish","type":"product","link":"https:\/\/comprasyconsejos.store\/en\/product\/nitropc-gaming-pc-boost-gold-amd-ryzen-7-7800x3d-8-16-5-6ghz-rtx-5070-ti-16gb-ram-32gb-rgb-m-2-windows-11-pro-wifi-desktop-computer-pc-gamer\/","title":{"rendered":"NitroPC &#8211; Gaming PC Boost Gold (AMD Ryzen 7 7800X3D 8\/16 5.6GHz, RTX 5070 Ti 16GB, RAM 32GB RGB, M.2, Windows 11 Pro, WiFi) Desktop Computer, PC Gamer"},"content":{"rendered":"<p>Price: <span style=\"color:#b12704\">\u20ac3,049.00<\/span><br \/><i><small>(as of Feb 22, 2026 16:35:38 UTC &#8211; <span class=\"wp_automatic_amazon_disclaimer\" title=\"Product prices and availability are accurate as of the date\/time indicated and are subject to change. Any price and availability information displayed on [relevant Amazon Site(s), as applicable] at the time of purchase will apply to the purchase of this product.\">Details<\/span>)<\/small><\/i><\/p>\n<p><a href=\"https:\/\/amazon.es\/dp\/B0DLWSF72X?tag=man008-21\"><img decoding=\"async\" src=\"https:\/\/valvepress.s3.amazonaws.com\/imgs\/buy_now.png\"><\/a><br \/>\n<\/p>\n<p>                                             Product Description   <\/p>\n<p>                                                                                                       <img decoding=\"async\" alt=\"Carcasa compacta para ordenador con panel lateral transparente, que muestra los componentes internos y la iluminaci\u00f3n LED azul\" src=\"https:\/\/images-na.ssl-images-amazon.com\/images\/G\/01\/x-locale\/common\/grey-pixel.gif\" class=\"a-lazy-loaded\" data-src=\"https:\/\/m.media-amazon.com\/images\/S\/aplus-media-library-service-media\/5ab65ab6-9b48-4cb5-858d-bb3e863999b9.__CR0,0,3843,1575_PT0_SX1464_V1___.png\"><img decoding=\"async\" alt=\"Carcasa compacta para ordenador con panel lateral transparente, que muestra los componentes internos y la iluminaci\u00f3n LED azul\" src=\"https:\/\/m.media-amazon.com\/images\/S\/aplus-media-library-service-media\/5ab65ab6-9b48-4cb5-858d-bb3e863999b9.__CR0,0,3843,1575_PT0_SX1464_V1___.png\">                                               <\/p>\n<p>                                                                                                                    <img decoding=\"async\" alt=\"Configuraci\u00f3n para juegos con iluminaci\u00f3n LED azul que muestra una pantalla de monitor y una superposici\u00f3n de texto con la etiqueta \u00abSerie Extremo - Plug &amp;amp; Play\u00bb\" src=\"https:\/\/m.media-amazon.com\/images\/S\/aplus-media-library-service-media\/ed4ad8ca-2f66-4147-887a-414c2cbd754a.__CR0,0,1464,600_PT0_SX1464_V1___.jpg\">                                                    <img decoding=\"async\" alt=\"una imagen de un ordenador con una superposici\u00f3n de texto que dice:\" src=\"https:\/\/m.media-amazon.com\/images\/S\/aplus-media-library-service-media\/cdc24637-c78f-44c5-a2a5-c03c77c5cd9c.__CR0,0,1464,600_PT0_SX1464_V1___.jpg\">                                                    <img decoding=\"async\" alt=\"El texto dice \u00abProcesador\u00bb. Diagrama t\u00e9cnico que muestra las especificaciones de los procesadores de los ordenadores con los logotipos AMD Ryzen e Intel Core y los detalles del producto.\" src=\"https:\/\/m.media-amazon.com\/images\/S\/aplus-media-library-service-media\/dd13e16a-e31e-42b1-aafa-34e315a5eca0.__CR0,0,1830,750_PT0_SX1464_V1___.png\">                                                    <img decoding=\"async\" alt=\"El texto dice \u00abTarjeta gr\u00e1fica\u00bb seguido de varias especificaciones del producto, como \u00abRTX 2080\u00bb, \u00abRTX 3090\u00bb y \u00abRTX 5070 SUPER\u00bb. Diagrama t\u00e9cnico que muestra formas geom\u00e9tricas blancas sobre fondo oscuro.\" src=\"https:\/\/m.media-amazon.com\/images\/S\/aplus-media-library-service-media\/8fb12b38-1305-4ad7-99c9-b358976aaa2e.__CR0,0,1830,750_PT0_SX1464_V1___.png\">                                                    <img decoding=\"async\" alt=\"boost rendimiento\" src=\"https:\/\/m.media-amazon.com\/images\/S\/aplus-media-library-service-media\/92272f66-2b7c-47e9-ba6c-b8befd52ef0c.__CR0,0,3843,1575_PT0_SX1464_V1___.png\"><br \/>\n                            1 Plug &amp; Play <\/p>\n<p>                            2 Mejora tu experiencia <\/p>\n<p>                            3 Procesador <\/p>\n<p>                            4 Gr\u00e1fica <\/p>\n<p>                            5 Rendimientos <\/p>\n<p>The video showcases the product in use.The video guides you through product setup.The video compares multiple products.The video shows the product being unpacked. PC Gaming Boost Merchant video<\/p>\n<h3 class=\"a-text-center aplus-h1 a-text-bold\"> Descubre la serie Boost <\/h3>\n<p>                         Add To Basket  <\/p>\n<p>                         Add To Basket  <\/p>\n<p>                         Add To Basket  <\/p>\n<p>                         Add To Basket  <\/p>\n<p>                                     Customer Reviews  <\/p>\n<p>                    5.0 out of 5 stars  2  <\/p>\n<p>                    5.0 out of 5 stars  2  <\/p>\n<p>                    5.0 out of 5 stars  2  <\/p>\n<p>                    5.0 out of 5 stars  2  <\/p>\n<p>                                     Price  <\/p>\n<p>                                                        \u20ac2,659.00\u20ac2,659.00     <\/p>\n<p>                                                        \u20ac2,999.99\u20ac2,999.99     <\/p>\n<p>                                                        \u20ac3,049.00\u20ac3,049.00     <\/p>\n<p>                                                        \u20ac3,899.00\u20ac3,899.00     <\/p>\n<p>                                     Procesador  <\/p>\n<p>                                                AMD Ryzen 7 7700X    <\/p>\n<p>                                                Intel Core i7-14700K\/KF    <\/p>\n<p>                                                AMD Ryzen 7 7800X3D    <\/p>\n<p>                                                Intel Core i9-14900K\/KF    <\/p>\n<p>                                     Tarjeta gr\u00e1fica  <\/p>\n<p>                                                RTX 5060 Ti 16GB GDDR7    <\/p>\n<p>                                                RTX 5070 12GB GDDR7    <\/p>\n<p>                                                Nvidia GeForce RTX 5070 Ti    <\/p>\n<p>                                                Nvidia GeForce  RTX 5080    <\/p>\n<p>                                     Memoria RAM  <\/p>\n<p>                                                32GB 6000MHz DDR5 RGB    <\/p>\n<p>                                                32GB 6000MHz DDR5 RGB    <\/p>\n<p>                                                32GB 6000MHz DDR5 RGB    <\/p>\n<p>                                                32GB 6000MHz DDR5 RGB    <\/p>\n<p>                                     Almacenamiento  <\/p>\n<p>                                                M.2 2TB 7200Mbps    <\/p>\n<p>                                                M.2 2TB 7200Mbps    <\/p>\n<p>                                                M.2 2TB 7200Mbps    <\/p>\n<p>                                                M.2 2TB 7200Mbps    <\/p>\n<p>                                     Sistema operativo  <\/p>\n<p>                                                Windows 11    <\/p>\n<p>                                                Windows 11    <\/p>\n<p>                                                Windows 11    <\/p>\n<p>                                                Windows 11    <\/p>\n<p>                                                                <img decoding=\"async\" alt=\"pc ordenador de sobremesa gaming gamer pc completo barato ofertas ps5 trendingpc nitropc\" src=\"https:\/\/images-na.ssl-images-amazon.com\/images\/G\/01\/x-locale\/common\/grey-pixel.gif\" class=\"a-lazy-loaded\" data-src=\"https:\/\/m.media-amazon.com\/images\/S\/aplus-media-library-service-media\/94b44b05-4c94-4f30-8ffb-a721d5e1a7be.__CR0,0,800,600_PT0_SX800_V1___.jpg\"><img decoding=\"async\" alt=\"pc ordenador de sobremesa gaming gamer pc completo barato ofertas ps5 trendingpc nitropc\" src=\"https:\/\/m.media-amazon.com\/images\/S\/aplus-media-library-service-media\/94b44b05-4c94-4f30-8ffb-a721d5e1a7be.__CR0,0,800,600_PT0_SX800_V1___.jpg\">                                                                          <\/p>\n<h3 class=\"aplus-h1 aplus-module-1-heading a-text-bold\"> Descubre nuestros PC Gamer <\/h3>\n<p class=\"aplus-p2 aplus-module-1-description\"> En Nitropc puedes comprar ordenadores de gran potencia y rendimiento para que saques el m\u00e1ximo partido a tus juegos. Tanto si buscas un PC gaming completo como si buscas complementar tu set up actual, en nuestra tienda vas a encontrar una gran variedad de equipos inform\u00e1ticos y accesorios. <\/p>\n<p class=\"aplus-p2 aplus-module-1-description\"> Tan s\u00f3lo tendr\u00e1s que elegir el ordenador o accesorios gaming que mejor se adapte a tus necesidades y podr\u00e1s disfrutar de tu PC sobremesa gaming ideal muy pronto. <\/p>\n<p> Package Dimensions                                            \u200f                                            :                                            \u200e                                            69.4 x 69.3 x 46 cm; 29 kg   <br \/> Manufacturer                                            \u200f                                            :                                            \u200e                                            Nitropc   <br \/> ASIN                                            \u200f                                            :                                            \u200e                                            B0DLWSF72X   <br \/> Item model number                                            \u200f                                            :                                            \u200e                                            AMZ-BO-GO   <br \/> Country of origin                                            \u200f                                            :                                            \u200e                                            Spain   <br \/> Guaranteed software updates until                                            \u200f                                            :                                            \u200e                                            unknown   <br \/>  Customer reviews:                                                                                            5.0               5.0 out of 5 stars                                  (2)                                              var dpAcrHasRegisteredArcLinkClickAction;                    P.when(&#8216;A&#8217;, &#8216;ready&#8217;).execute(function(A) {                        if (dpAcrHasRegisteredArcLinkClickAction !== true) {                            dpAcrHasRegisteredArcLinkClickAction = true;                            A.declarative(                                &#8216;acrLink-click-metrics&#8217;, &#8216;click&#8217;,                                { \u00aballowLinkDefault\u00bb: true },                                function (event) {                                    if (window.ue) {                                        ue.count(\u00abacrLinkClickCount\u00bb, (ue.count(\u00abacrLinkClickCount\u00bb) || 0) + 1);                                    }                                }                            );                        }                    });                                             P.when(&#8216;A&#8217;, &#8216;cf&#8217;).execute(function(A) {                A.declarative(&#8216;acrStarsLink-click-metrics&#8217;, &#8216;click&#8217;, { \u00aballowLinkDefault\u00bb : true },  function(event){                    if(window.ue) {                        ue.count(\u00abacrStarsLinkWithPopoverClickCount\u00bb, (ue.count(\u00abacrStarsLinkWithPopoverClickCount\u00bb) || 0) + 1);                    }                });            });                          <\/p>\n<p>CPU: AMD Ryzen 7 7800X3D (8 cores, up to 5.00GHz) | Motherboard: B650 chip | RGB liquid cooling (360mm radiator)<br \/>Graphics: NVIDIA GeForce RTX 5070 Ti 16GB<br \/>RAM: 32GB (16GB\u00d72) 6000MHz DDR5 RGB | STORAGE: M.2 2TB (+7000Mb\/s) NVMe<br \/>SYSTEM: Windows 11 PRO enabled | 100% tested | 3 year free premium warranty<br \/>Includes power cable and WiFi 6 antennas<br \/>Celebrate Christmas with Nitropc! Take advantage of our exclusive Christmas pack, available for a limited time only. Get two triple AAA games to choose from and a complete gaming set with NK100 keyboard, NM1 wireless mouse and XXL NMP1 mat, valued at more than \u20ac200. Choose from the best titles of the moment: Elden Ring, Cyberpunk 2077, Forza Horizon 5, TEKKEN 8, Silent Hill 2 and many more! Once you make your purchase, we will contact you to choose your favorite games.<\/p>\n\n","protected":false},"excerpt":{"rendered":"<p> Product Description 1 Plug &amp; Play 2 Mejora tu experiencia 3 Procesador 4 Gr\u00e1fica 5<\/p>","protected":false},"featured_media":31129,"comment_status":"open","ping_status":"closed","template":"","meta":[],"product_brand":[],"product_cat":[90],"product_tag":[509,902,4328,3552,530,613,1727,539,611,787,615,617,607,604,609,606,612,401,608,1119,7851,605,163,587,885,610,621,531,543,537],"class_list":{"0":"post-31128","1":"product","2":"type-product","3":"status-publish","4":"has-post-thumbnail","6":"product_cat-gaming-pcs","7":"product_tag-16gb","8":"product_tag-32gb","9":"product_tag-5-6ghz","10":"product_tag-7800x3d","11":"product_tag-amd","12":"product_tag-best-gaming-pc","13":"product_tag-boost","14":"product_tag-computer","15":"product_tag-custom-gaming-pc","16":"product_tag-desktop","17":"product_tag-gamer","18":"product_tag-gaming","19":"product_tag-gaming-desktop","20":"product_tag-gaming-pc","21":"product_tag-gaming-pc-16gb-ram","22":"product_tag-gaming-pc-rtx","23":"product_tag-gaming-pc-ssd","24":"product_tag-gold","25":"product_tag-high-end-gaming-pc","26":"product_tag-m-2","27":"product_tag-nitropc","28":"product_tag-prebuilt-gaming-pc","29":"product_tag-pro","30":"product_tag-ram","31":"product_tag-rgb","32":"product_tag-rgb-gaming-pc","33":"product_tag-rtx","34":"product_tag-ryzen","35":"product_tag-wifi","36":"product_tag-windows","38":"first","39":"instock","40":"shipping-taxable","41":"product-type-external"},"_links":{"self":[{"href":"https:\/\/comprasyconsejos.store\/en\/wp-json\/wp\/v2\/product\/31128","targetHints":{"allow":["GET"]}}],"collection":[{"href":"https:\/\/comprasyconsejos.store\/en\/wp-json\/wp\/v2\/product"}],"about":[{"href":"https:\/\/comprasyconsejos.store\/en\/wp-json\/wp\/v2\/types\/product"}],"replies":[{"embeddable":true,"href":"https:\/\/comprasyconsejos.store\/en\/wp-json\/wp\/v2\/comments?post=31128"}],"version-history":[{"count":0,"href":"https:\/\/comprasyconsejos.store\/en\/wp-json\/wp\/v2\/product\/31128\/revisions"}],"wp:featuredmedia":[{"embeddable":true,"href":"https:\/\/comprasyconsejos.store\/en\/wp-json\/wp\/v2\/media\/31129"}],"wp:attachment":[{"href":"https:\/\/comprasyconsejos.store\/en\/wp-json\/wp\/v2\/media?parent=31128"}],"wp:term":[{"taxonomy":"product_brand","embeddable":true,"href":"https:\/\/comprasyconsejos.store\/en\/wp-json\/wp\/v2\/product_brand?post=31128"},{"taxonomy":"product_cat","embeddable":true,"href":"https:\/\/comprasyconsejos.store\/en\/wp-json\/wp\/v2\/product_cat?post=31128"},{"taxonomy":"product_tag","embeddable":true,"href":"https:\/\/comprasyconsejos.store\/en\/wp-json\/wp\/v2\/product_tag?post=31128"}],"curies":[{"name":"wp","href":"https:\/\/api.w.org\/{rel}","templated":true}]}}